{"id":46352,"date":"2026-03-10T13:00:51","date_gmt":"2026-03-10T12:00:51","guid":{"rendered":"https:\/\/www.gamegenic.com\/gg_staging_march\/?post_type=product&#038;p=46352"},"modified":"2026-04-27T16:32:18","modified_gmt":"2026-04-27T14:32:18","slug":"star-wars-unlimited-lof-casual-album-18-pocket","status":"publish","type":"product","link":"https:\/\/www.gamegenic.com\/es\/producto\/star-wars-unlimited-lof-casual-album-18-pocket\/","title":{"rendered":"<span class=\"swu_headline\"><i>STAR WARS<\/i>\u2122: UNLIMITED<\/span><br>CASUAL ALBUM<br> <span class=\"swu_headline swu_subline\">18-POCKET<\/span>"},"content":{"rendered":"<p><div class=\"fusion-fullwidth fullwidth-box fusion-builder-row-1 fusion-flex-container nonhundred-percent-fullwidth non-hundred-percent-height-scrolling\" style=\"--awb-border-radius-top-left:0px;--awb-border-radius-top-right:0px;--awb-border-radius-bottom-right:0px;--awb-border-radius-bottom-left:0px;--awb-flex-wrap:wrap;\" ><div class=\"fusion-builder-row fusion-row fusion-flex-align-items-flex-start fusion-flex-content-wrap\" style=\"max-width:1248px;margin-left: calc(-4% \/ 2 );margin-right: calc(-4% \/ 2 );\"><div class=\"fusion-layout-column fusion_builder_column fusion-builder-column-0 fusion_builder_column_1_1 1_1 fusion-flex-column\" style=\"--awb-bg-size:cover;--awb-width-large:100%;--awb-margin-top-large:0px;--awb-spacing-right-large:1.92%;--awb-margin-bottom-large:0px;--awb-spacing-left-large:1.92%;--awb-width-medium:100%;--awb-spacing-right-medium:1.92%;--awb-spacing-left-medium:1.92%;--awb-width-small:100%;--awb-spacing-right-small:1.92%;--awb-spacing-left-small:1.92%;\"><div class=\"fusion-column-wrapper fusion-flex-justify-content-flex-start fusion-content-layout-column\"><\/div><\/div><\/div><\/div><div class=\"fusion-fullwidth fullwidth-box fusion-builder-row-2 nonhundred-percent-fullwidth non-hundred-percent-height-scrolling gg-summary gg-position\" style=\"--awb-border-radius-top-left:0px;--awb-border-radius-top-right:0px;--awb-border-radius-bottom-right:0px;--awb-border-radius-bottom-left:0px;--awb-flex-wrap:wrap;\" id=\"gg-anker\" ><div class=\"fusion-builder-row fusion-row\"><div class=\"fusion-layout-column fusion_builder_column fusion-builder-column-1 fusion_builder_column_1_2 1_2 fusion-one-half fusion-column-first gg-features\" style=\"--awb-bg-size:cover;width:50%;width:calc(50% - ( ( 60px ) * 0.5 ) );margin-right: 60px;\"><div class=\"fusion-column-wrapper fusion-column-has-shadow fusion-flex-column-wrapper-legacy\"><div class=\"fusion-text fusion-text-1\"><h2>CARACTER\u00cdSTICAS<\/h2>\n<ul>\n<li>Incluye <strong>20<\/strong> p\u00e1ginas de carga lateral para guardar un total de <strong>360<\/strong> cartas en fundas*<\/li>\n<li>Tapas impresas con ilustraciones incre\u00edbles de gran calidad<\/li>\n<li>Banda el\u00e1stica ancha con costuras reforzadas<\/li>\n<li>18 bolsillos de <strong>carga lateral<\/strong> por p\u00e1gina para que las cartas no se salgan<\/li>\n<li>Adecuado para cartas de tama\u00f1o est\u00e1ndar y japon\u00e9s<\/li>\n<li>Optimizado para cartas con doble funda*<\/li>\n<li>Sin \u00e1cidos, sin PVC<\/li>\n<\/ul>\n<\/div><div class=\"fusion-text fusion-text-2 gg-notice\"><p>* Optimizado para las fundas de Gamegenic. Si se usan fundas de otra marca, la capacidad o compatibilidad podr\u00edan variar<\/p>\n<\/div>\n<div class=\"fusion-sep-clear\"><\/div><div class=\"fusion-separator fusion-full-width-sep\" style=\"margin-left: auto;margin-right: auto;width:100%;\"><div class=\"fusion-separator-border sep-single sep-solid\" style=\"--awb-height:20px;--awb-amount:20px;--awb-sep-color:#ffffff;border-color:##DCDCDC;border-top-width:1px;\"><\/div><\/div><div class=\"fusion-sep-clear\"><\/div>\n<div class=\"fusion-clearfix\"><\/div><\/div><\/div><div class=\"fusion-layout-column fusion_builder_column fusion-builder-column-2 fusion_builder_column_1_2 1_2 fusion-one-half fusion-column-last\" style=\"--awb-bg-size:cover;width:50%;width:calc(50% - ( ( 60px ) * 0.5 ) );\"><div class=\"fusion-column-wrapper fusion-column-has-shadow fusion-flex-column-wrapper-legacy\">\n<h2>ESPECIFICACIONES<\/h2>\n<div class=\"table-2\">\n<table style=\"width: 98.5516%;\">\n<tbody>\n<tr style=\"height: 48px;\">\n<td style=\"height: 48px;\" align=\"left\">Tama\u00f1o de los productos<\/td>\n<td style=\"height: 48px;\" align=\"left\">245 x 25 x 305 mm<\/td>\n<\/tr>\n<tr>\n<td>Material<\/td>\n<td>Polipropileno<\/td>\n<\/tr>\n<tr style=\"height: 24px;\">\n<td style=\"height: 24px;\" align=\"left\">Tipo de embalaje<\/td>\n<td style=\"height: 24px;\" align=\"left\">Cardboard box<\/td>\n<\/tr>\n<\/tbody>\n<\/table>\n<\/div>\n<h2 style=\"margin-top:60px\">MSRP<i data-tooltip=\"No se pueden realizar compras a trav\u00e9s de este sitio web. Todos los precios indicados son el precio de venta al p\u00fablico recomendado por el fabricante en euros (con IVA) o en d\u00f3lares (sin IVA). Los posibles gastos de env\u00edo no est\u00e1n incluidos. Los precios indicados no son vinculantes y pueden tratarse como una recomendaci\u00f3n.\" class=\"fas fa-info-circle gg-tooltip\">\uf05a<\/i><\/h2>\n<form action=\"\" method=\"post\" id=\"alg_currency_selector\"><select name=\"alg_currency\" id=\"alg_currency_select\" class=\"alg_currency_select\" onchange=\"this.form.submit()\"><option id=\"alg_currency_USD\" value=\"USD\" >USD<\/option><option id=\"alg_currency_EUR\" value=\"EUR\"  selected='selected'>EUR<\/option><option id=\"alg_currency_CAD\" value=\"CAD\" >U.S.-USD<\/option><\/select><noscript><input type=\"submit\" value=\"Refresh\"><\/noscript><\/form>\n<span class=\"woocommerce-Price-amount amount\"><bdi><span class=\"woocommerce-Price-currencySymbol\">EUR<\/span>&nbsp;25,99<\/bdi><\/span>\n\n<div class=\"fusion-alignleft\"><a class=\"fusion-button button-flat fusion-button-default-size button-default fusion-button-default button-1 fusion-button-default-span fusion-button-default-type shopfinder-button\" target=\"_blank\" rel=\"noopener noreferrer\" href=\"https:\/\/www.gamegenic.com\/es\/buscador-de-tiendas\/\"><i class=\"fa-globe-americas fas awb-button__icon awb-button__icon--default button-icon-left\" aria-hidden=\"true\"><\/i><span class=\"fusion-button-text awb-button__text awb-button__text--default\">D\u00f3nde comprarlos<\/span><\/a><\/div>\n<div class=\"fusion-clearfix\"><\/div><\/div><\/div><\/div><\/div><\/p>\n","protected":false},"excerpt":{"rendered":"<p><strong>Tu experiencia de juego sigue creciendo con estos productos nuevos.<\/strong><br \/>\nEl \u00e1lbum oficial para <em>Star Wars<\/em><span style=\"font-size: 10pt;\">\u2122<\/span>: Unlimited Casual 18-Pocket Album es una gran forma de coleccionar y organizar tus valiosas cartas de <em>Star Wars<\/em><span style=\"font-size: 10pt;\">\u2122<\/span>: Unlimited. Este \u00e1lbum tiene unas tapas coloridas impresas con ilustraciones incre\u00edbles del juego de gran calidad. Tiene capacidad para hasta 20 p\u00e1ginas de 18 bolsillos de carga lateral, de manera que la capacidad total del \u00e1lbum es de 360 cartas con doble funda. Las p\u00e1ginas blancas y la banda el\u00e1stica completan su elegante aspecto. Gracias a esta banda, que es muy ancha y tiene costuras reforzadas, el \u00e1lbum queda completamente cerrado, de manera que las cartas se mantienen a salvo. Disponible en 2 dise\u00f1os coloridos.<\/p>\n","protected":false},"featured_media":39499,"template":"","meta":[],"product_brand":[],"product_cat":[490,489,1352,527,817],"product_tag":[],"class_list":{"0":"post-46352","1":"product","2":"type-product","3":"status-publish","4":"has-post-thumbnail","6":"product_cat-album-casual","7":"product_cat-carpetas-y-albumes","8":"product_cat-legends-of-the-force-es","9":"product_cat-licencias","10":"product_cat-starwarsunlimited-es","12":"first","13":"instock","14":"shipping-taxable","15":"purchasable","16":"product-type-variable","17":"has-default-attributes","18":"wvs-archive-product-wrapper"},"yoast_head":"<!-- This site is optimized with the Yoast SEO plugin v27.3 - https:\/\/yoast.com\/product\/yoast-seo-wordpress\/ -->\n<title>STAR WARS\u2122: UNLIMITEDCASUAL ALBUM 18-POCKET - GAMEGENIC - Ingenious Supplies<\/title>\n<meta name=\"description\" content=\"El \u00e1lbum oficial para Star Wars\u2122: Unlimited Casual 18-Pocket Album es una gran forma de coleccionar y organizar tus valiosas cartas de Star Wars\u2122: Unlimited. Este \u00e1lbum tiene unas tapas coloridas impresas con ilustraciones incre\u00edbles del juego de gran calidad. Tiene capacidad para hasta 20 p\u00e1ginas de 18 bolsillos de carga lateral, de manera que la capacidad total del \u00e1lbum es de 360 cartas con doble funda. Las p\u00e1ginas blancas y la banda el\u00e1stica completan su elegante aspecto. Gracias a esta banda, que es muy ancha y tiene costuras reforzadas, el \u00e1lbum queda completamente cerrado, de manera que las cartas se mantienen a salvo. Disponible en 2 dise\u00f1os coloridos.\" \/>\n<meta name=\"robots\" content=\"index, follow, max-snippet:-1, max-image-preview:large, max-video-preview:-1\" \/>\n<link rel=\"canonical\" href=\"https:\/\/www.gamegenic.com\/es\/producto\/star-wars-unlimited-lof-casual-album-18-pocket\/\" \/>\n<meta property=\"og:locale\" content=\"es_ES\" \/>\n<meta property=\"og:type\" content=\"article\" \/>\n<meta property=\"og:title\" content=\"Star Wars\u2122: Unlimited - CASUAL ALBUM\" \/>\n<meta property=\"og:description\" content=\"El \u00e1lbum oficial para Star Wars\u2122: Unlimited Casual 18-Pocket Album es una gran forma de coleccionar y organizar tus valiosas cartas de Star Wars\u2122: Unlimited. Este \u00e1lbum tiene unas tapas coloridas impresas con ilustraciones incre\u00edbles del juego de gran calidad. Tiene capacidad para hasta 20 p\u00e1ginas de 18 bolsillos de carga lateral, de manera que la capacidad total del \u00e1lbum es de 360 cartas con doble funda. Las p\u00e1ginas blancas y la banda el\u00e1stica completan su elegante aspecto. Gracias a esta banda, que es muy ancha y tiene costuras reforzadas, el \u00e1lbum queda completamente cerrado, de manera que las cartas se mantienen a salvo. Disponible en 2 dise\u00f1os coloridos.\" \/>\n<meta property=\"og:url\" content=\"https:\/\/www.gamegenic.com\/es\/producto\/star-wars-unlimited-lof-casual-album-18-pocket\/\" \/>\n<meta property=\"og:site_name\" content=\"GAMEGENIC - Ingenious Supplies\" \/>\n<meta property=\"article:publisher\" content=\"https:\/\/www.facebook.com\/GamegenicSupplies\/\" \/>\n<meta property=\"article:modified_time\" content=\"2026-04-27T14:32:18+00:00\" \/>\n<meta property=\"og:image\" content=\"https:\/\/www.gamegenic.com\/wp-content\/uploads\/2025\/07\/GG_SWH_Casual-18-Pocket_Qui-Gon_Jinn_Darth_Maul-Titelseite-0000_H9hpzKPmi.jpg\" \/>\n\t<meta property=\"og:image:width\" content=\"1200\" \/>\n\t<meta property=\"og:image:height\" content=\"1200\" \/>\n\t<meta property=\"og:image:type\" content=\"image\/jpeg\" \/>\n<meta name=\"twitter:card\" content=\"summary_large_image\" \/>\n<meta name=\"twitter:title\" content=\"Star Wars\u2122: Unlimited - CASUAL ALBUM\" \/>\n<meta name=\"twitter:description\" content=\"El \u00e1lbum oficial para Star Wars\u2122: Unlimited Casual 18-Pocket Album es una gran forma de coleccionar y organizar tus valiosas cartas de Star Wars\u2122: Unlimited. Este \u00e1lbum tiene unas tapas coloridas impresas con ilustraciones incre\u00edbles del juego de gran calidad. Tiene capacidad para hasta 20 p\u00e1ginas de 18 bolsillos de carga lateral, de manera que la capacidad total del \u00e1lbum es de 360 cartas con doble funda. Las p\u00e1ginas blancas y la banda el\u00e1stica completan su elegante aspecto. Gracias a esta banda, que es muy ancha y tiene costuras reforzadas, el \u00e1lbum queda completamente cerrado, de manera que las cartas se mantienen a salvo. Disponible en 2 dise\u00f1os coloridos.\" \/>\n<meta name=\"twitter:site\" content=\"@Gamegenic_\" \/>\n<meta name=\"twitter:label1\" content=\"Tiempo de lectura\" \/>\n\t<meta name=\"twitter:data1\" content=\"1 minuto\" \/>\n<script type=\"application\/ld+json\" class=\"yoast-schema-graph\">{\"@context\":\"https:\\\/\\\/schema.org\",\"@graph\":[{\"@type\":\"WebPage\",\"@id\":\"https:\\\/\\\/www.gamegenic.com\\\/es\\\/producto\\\/star-wars-unlimited-lof-casual-album-18-pocket\\\/\",\"url\":\"https:\\\/\\\/www.gamegenic.com\\\/es\\\/producto\\\/star-wars-unlimited-lof-casual-album-18-pocket\\\/\",\"name\":\"STAR WARS\u2122: UNLIMITED CASUAL ALBUM 18-POCKET - GAMEGENIC - Ingenious Supplies\",\"isPartOf\":{\"@id\":\"https:\\\/\\\/www.gamegenic.com\\\/es\\\/#website\"},\"primaryImageOfPage\":{\"@id\":\"https:\\\/\\\/www.gamegenic.com\\\/es\\\/producto\\\/star-wars-unlimited-lof-casual-album-18-pocket\\\/#primaryimage\"},\"image\":{\"@id\":\"https:\\\/\\\/www.gamegenic.com\\\/es\\\/producto\\\/star-wars-unlimited-lof-casual-album-18-pocket\\\/#primaryimage\"},\"thumbnailUrl\":\"https:\\\/\\\/www.gamegenic.com\\\/wp-content\\\/uploads\\\/2025\\\/07\\\/GG_SWH_Casual-18-Pocket_Qui-Gon_Jinn_Darth_Maul-Titelseite-0000_H9hpzKPmi.jpg\",\"datePublished\":\"2026-03-10T12:00:51+00:00\",\"dateModified\":\"2026-04-27T14:32:18+00:00\",\"description\":\"El \u00e1lbum oficial para Star Wars\u2122: Unlimited Casual 18-Pocket Album es una gran forma de coleccionar y organizar tus valiosas cartas de Star Wars\u2122: Unlimited. Este \u00e1lbum tiene unas tapas coloridas impresas con ilustraciones incre\u00edbles del juego de gran calidad. Tiene capacidad para hasta 20 p\u00e1ginas de 18 bolsillos de carga lateral, de manera que la capacidad total del \u00e1lbum es de 360 cartas con doble funda. Las p\u00e1ginas blancas y la banda el\u00e1stica completan su elegante aspecto. Gracias a esta banda, que es muy ancha y tiene costuras reforzadas, el \u00e1lbum queda completamente cerrado, de manera que las cartas se mantienen a salvo. Disponible en 2 dise\u00f1os coloridos.\",\"breadcrumb\":{\"@id\":\"https:\\\/\\\/www.gamegenic.com\\\/es\\\/producto\\\/star-wars-unlimited-lof-casual-album-18-pocket\\\/#breadcrumb\"},\"inLanguage\":\"es\",\"potentialAction\":[{\"@type\":\"ReadAction\",\"target\":[\"https:\\\/\\\/www.gamegenic.com\\\/es\\\/producto\\\/star-wars-unlimited-lof-casual-album-18-pocket\\\/\"]}]},{\"@type\":\"ImageObject\",\"inLanguage\":\"es\",\"@id\":\"https:\\\/\\\/www.gamegenic.com\\\/es\\\/producto\\\/star-wars-unlimited-lof-casual-album-18-pocket\\\/#primaryimage\",\"url\":\"https:\\\/\\\/www.gamegenic.com\\\/wp-content\\\/uploads\\\/2025\\\/07\\\/GG_SWH_Casual-18-Pocket_Qui-Gon_Jinn_Darth_Maul-Titelseite-0000_H9hpzKPmi.jpg\",\"contentUrl\":\"https:\\\/\\\/www.gamegenic.com\\\/wp-content\\\/uploads\\\/2025\\\/07\\\/GG_SWH_Casual-18-Pocket_Qui-Gon_Jinn_Darth_Maul-Titelseite-0000_H9hpzKPmi.jpg\",\"width\":1200,\"height\":1200,\"caption\":\"CASUAL ALBUM 18-POCKET - QUI-GON JINN \\\/ DDARTH MAUL\"},{\"@type\":\"BreadcrumbList\",\"@id\":\"https:\\\/\\\/www.gamegenic.com\\\/es\\\/producto\\\/star-wars-unlimited-lof-casual-album-18-pocket\\\/#breadcrumb\",\"itemListElement\":[{\"@type\":\"ListItem\",\"position\":1,\"name\":\"Home\",\"item\":\"https:\\\/\\\/www.gamegenic.com\\\/es\\\/\"},{\"@type\":\"ListItem\",\"position\":2,\"name\":\"Tienda\",\"item\":\"https:\\\/\\\/www.gamegenic.com\\\/tienda\\\/\"},{\"@type\":\"ListItem\",\"position\":3,\"name\":\"STAR WARS\u2122: UNLIMITEDCASUAL ALBUM 18-POCKET\"}]},{\"@type\":\"WebSite\",\"@id\":\"https:\\\/\\\/www.gamegenic.com\\\/es\\\/#website\",\"url\":\"https:\\\/\\\/www.gamegenic.com\\\/es\\\/\",\"name\":\"GAMEGENIC - Ingenious Supplies\",\"description\":\"\",\"publisher\":{\"@id\":\"https:\\\/\\\/www.gamegenic.com\\\/es\\\/#organization\"},\"potentialAction\":[{\"@type\":\"SearchAction\",\"target\":{\"@type\":\"EntryPoint\",\"urlTemplate\":\"https:\\\/\\\/www.gamegenic.com\\\/es\\\/?s={search_term_string}\"},\"query-input\":{\"@type\":\"PropertyValueSpecification\",\"valueRequired\":true,\"valueName\":\"search_term_string\"}}],\"inLanguage\":\"es\"},{\"@type\":\"Organization\",\"@id\":\"https:\\\/\\\/www.gamegenic.com\\\/es\\\/#organization\",\"name\":\"Gamegenic GmbH\",\"url\":\"https:\\\/\\\/www.gamegenic.com\\\/es\\\/\",\"logo\":{\"@type\":\"ImageObject\",\"inLanguage\":\"es\",\"@id\":\"https:\\\/\\\/www.gamegenic.com\\\/es\\\/#\\\/schema\\\/logo\\\/image\\\/\",\"url\":\"https:\\\/\\\/www.gamegenic.com\\\/wp-content\\\/uploads\\\/Gamegenic-Logo-FINAL.jpg\",\"contentUrl\":\"https:\\\/\\\/www.gamegenic.com\\\/wp-content\\\/uploads\\\/Gamegenic-Logo-FINAL.jpg\",\"width\":3507,\"height\":2480,\"caption\":\"Gamegenic GmbH\"},\"image\":{\"@id\":\"https:\\\/\\\/www.gamegenic.com\\\/es\\\/#\\\/schema\\\/logo\\\/image\\\/\"},\"sameAs\":[\"https:\\\/\\\/www.facebook.com\\\/GamegenicSupplies\\\/\",\"https:\\\/\\\/x.com\\\/Gamegenic_\",\"https:\\\/\\\/www.instagram.com\\\/gamegenicsupplies\\\/\",\"https:\\\/\\\/www.youtube.com\\\/channel\\\/UCgmMXQPjjWW-Zy9ceMH6oGw\"]}]}<\/script>\n<!-- \/ Yoast SEO plugin. -->","yoast_head_json":{"title":"STAR WARS\u2122: UNLIMITEDCASUAL ALBUM 18-POCKET - GAMEGENIC - Ingenious Supplies","description":"El \u00e1lbum oficial para Star Wars\u2122: Unlimited Casual 18-Pocket Album es una gran forma de coleccionar y organizar tus valiosas cartas de Star Wars\u2122: Unlimited. Este \u00e1lbum tiene unas tapas coloridas impresas con ilustraciones incre\u00edbles del juego de gran calidad. Tiene capacidad para hasta 20 p\u00e1ginas de 18 bolsillos de carga lateral, de manera que la capacidad total del \u00e1lbum es de 360 cartas con doble funda. Las p\u00e1ginas blancas y la banda el\u00e1stica completan su elegante aspecto. Gracias a esta banda, que es muy ancha y tiene costuras reforzadas, el \u00e1lbum queda completamente cerrado, de manera que las cartas se mantienen a salvo. Disponible en 2 dise\u00f1os coloridos.","robots":{"index":"index","follow":"follow","max-snippet":"max-snippet:-1","max-image-preview":"max-image-preview:large","max-video-preview":"max-video-preview:-1"},"canonical":"https:\/\/www.gamegenic.com\/es\/producto\/star-wars-unlimited-lof-casual-album-18-pocket\/","og_locale":"es_ES","og_type":"article","og_title":"Star Wars\u2122: Unlimited - CASUAL ALBUM","og_description":"El \u00e1lbum oficial para Star Wars\u2122: Unlimited Casual 18-Pocket Album es una gran forma de coleccionar y organizar tus valiosas cartas de Star Wars\u2122: Unlimited. Este \u00e1lbum tiene unas tapas coloridas impresas con ilustraciones incre\u00edbles del juego de gran calidad. Tiene capacidad para hasta 20 p\u00e1ginas de 18 bolsillos de carga lateral, de manera que la capacidad total del \u00e1lbum es de 360 cartas con doble funda. Las p\u00e1ginas blancas y la banda el\u00e1stica completan su elegante aspecto. Gracias a esta banda, que es muy ancha y tiene costuras reforzadas, el \u00e1lbum queda completamente cerrado, de manera que las cartas se mantienen a salvo. Disponible en 2 dise\u00f1os coloridos.","og_url":"https:\/\/www.gamegenic.com\/es\/producto\/star-wars-unlimited-lof-casual-album-18-pocket\/","og_site_name":"GAMEGENIC - Ingenious Supplies","article_publisher":"https:\/\/www.facebook.com\/GamegenicSupplies\/","article_modified_time":"2026-04-27T14:32:18+00:00","og_image":[{"width":1200,"height":1200,"url":"https:\/\/www.gamegenic.com\/wp-content\/uploads\/2025\/07\/GG_SWH_Casual-18-Pocket_Qui-Gon_Jinn_Darth_Maul-Titelseite-0000_H9hpzKPmi.jpg","type":"image\/jpeg"}],"twitter_card":"summary_large_image","twitter_title":"Star Wars\u2122: Unlimited - CASUAL ALBUM","twitter_description":"El \u00e1lbum oficial para Star Wars\u2122: Unlimited Casual 18-Pocket Album es una gran forma de coleccionar y organizar tus valiosas cartas de Star Wars\u2122: Unlimited. Este \u00e1lbum tiene unas tapas coloridas impresas con ilustraciones incre\u00edbles del juego de gran calidad. Tiene capacidad para hasta 20 p\u00e1ginas de 18 bolsillos de carga lateral, de manera que la capacidad total del \u00e1lbum es de 360 cartas con doble funda. Las p\u00e1ginas blancas y la banda el\u00e1stica completan su elegante aspecto. Gracias a esta banda, que es muy ancha y tiene costuras reforzadas, el \u00e1lbum queda completamente cerrado, de manera que las cartas se mantienen a salvo. Disponible en 2 dise\u00f1os coloridos.","twitter_site":"@Gamegenic_","twitter_misc":{"Tiempo de lectura":"1 minuto"},"schema":{"@context":"https:\/\/schema.org","@graph":[{"@type":"WebPage","@id":"https:\/\/www.gamegenic.com\/es\/producto\/star-wars-unlimited-lof-casual-album-18-pocket\/","url":"https:\/\/www.gamegenic.com\/es\/producto\/star-wars-unlimited-lof-casual-album-18-pocket\/","name":"STAR WARS\u2122: UNLIMITED CASUAL ALBUM 18-POCKET - GAMEGENIC - Ingenious Supplies","isPartOf":{"@id":"https:\/\/www.gamegenic.com\/es\/#website"},"primaryImageOfPage":{"@id":"https:\/\/www.gamegenic.com\/es\/producto\/star-wars-unlimited-lof-casual-album-18-pocket\/#primaryimage"},"image":{"@id":"https:\/\/www.gamegenic.com\/es\/producto\/star-wars-unlimited-lof-casual-album-18-pocket\/#primaryimage"},"thumbnailUrl":"https:\/\/www.gamegenic.com\/wp-content\/uploads\/2025\/07\/GG_SWH_Casual-18-Pocket_Qui-Gon_Jinn_Darth_Maul-Titelseite-0000_H9hpzKPmi.jpg","datePublished":"2026-03-10T12:00:51+00:00","dateModified":"2026-04-27T14:32:18+00:00","description":"El \u00e1lbum oficial para Star Wars\u2122: Unlimited Casual 18-Pocket Album es una gran forma de coleccionar y organizar tus valiosas cartas de Star Wars\u2122: Unlimited. Este \u00e1lbum tiene unas tapas coloridas impresas con ilustraciones incre\u00edbles del juego de gran calidad. Tiene capacidad para hasta 20 p\u00e1ginas de 18 bolsillos de carga lateral, de manera que la capacidad total del \u00e1lbum es de 360 cartas con doble funda. Las p\u00e1ginas blancas y la banda el\u00e1stica completan su elegante aspecto. Gracias a esta banda, que es muy ancha y tiene costuras reforzadas, el \u00e1lbum queda completamente cerrado, de manera que las cartas se mantienen a salvo. Disponible en 2 dise\u00f1os coloridos.","breadcrumb":{"@id":"https:\/\/www.gamegenic.com\/es\/producto\/star-wars-unlimited-lof-casual-album-18-pocket\/#breadcrumb"},"inLanguage":"es","potentialAction":[{"@type":"ReadAction","target":["https:\/\/www.gamegenic.com\/es\/producto\/star-wars-unlimited-lof-casual-album-18-pocket\/"]}]},{"@type":"ImageObject","inLanguage":"es","@id":"https:\/\/www.gamegenic.com\/es\/producto\/star-wars-unlimited-lof-casual-album-18-pocket\/#primaryimage","url":"https:\/\/www.gamegenic.com\/wp-content\/uploads\/2025\/07\/GG_SWH_Casual-18-Pocket_Qui-Gon_Jinn_Darth_Maul-Titelseite-0000_H9hpzKPmi.jpg","contentUrl":"https:\/\/www.gamegenic.com\/wp-content\/uploads\/2025\/07\/GG_SWH_Casual-18-Pocket_Qui-Gon_Jinn_Darth_Maul-Titelseite-0000_H9hpzKPmi.jpg","width":1200,"height":1200,"caption":"CASUAL ALBUM 18-POCKET - QUI-GON JINN \/ DDARTH MAUL"},{"@type":"BreadcrumbList","@id":"https:\/\/www.gamegenic.com\/es\/producto\/star-wars-unlimited-lof-casual-album-18-pocket\/#breadcrumb","itemListElement":[{"@type":"ListItem","position":1,"name":"Home","item":"https:\/\/www.gamegenic.com\/es\/"},{"@type":"ListItem","position":2,"name":"Tienda","item":"https:\/\/www.gamegenic.com\/tienda\/"},{"@type":"ListItem","position":3,"name":"STAR WARS\u2122: UNLIMITEDCASUAL ALBUM 18-POCKET"}]},{"@type":"WebSite","@id":"https:\/\/www.gamegenic.com\/es\/#website","url":"https:\/\/www.gamegenic.com\/es\/","name":"GAMEGENIC - Ingenious Supplies","description":"","publisher":{"@id":"https:\/\/www.gamegenic.com\/es\/#organization"},"potentialAction":[{"@type":"SearchAction","target":{"@type":"EntryPoint","urlTemplate":"https:\/\/www.gamegenic.com\/es\/?s={search_term_string}"},"query-input":{"@type":"PropertyValueSpecification","valueRequired":true,"valueName":"search_term_string"}}],"inLanguage":"es"},{"@type":"Organization","@id":"https:\/\/www.gamegenic.com\/es\/#organization","name":"Gamegenic GmbH","url":"https:\/\/www.gamegenic.com\/es\/","logo":{"@type":"ImageObject","inLanguage":"es","@id":"https:\/\/www.gamegenic.com\/es\/#\/schema\/logo\/image\/","url":"https:\/\/www.gamegenic.com\/wp-content\/uploads\/Gamegenic-Logo-FINAL.jpg","contentUrl":"https:\/\/www.gamegenic.com\/wp-content\/uploads\/Gamegenic-Logo-FINAL.jpg","width":3507,"height":2480,"caption":"Gamegenic GmbH"},"image":{"@id":"https:\/\/www.gamegenic.com\/es\/#\/schema\/logo\/image\/"},"sameAs":["https:\/\/www.facebook.com\/GamegenicSupplies\/","https:\/\/x.com\/Gamegenic_","https:\/\/www.instagram.com\/gamegenicsupplies\/","https:\/\/www.youtube.com\/channel\/UCgmMXQPjjWW-Zy9ceMH6oGw"]}]}},"_links":{"self":[{"href":"https:\/\/www.gamegenic.com\/es\/wp-json\/wp\/v2\/product\/46352","targetHints":{"allow":["GET"]}}],"collection":[{"href":"https:\/\/www.gamegenic.com\/es\/wp-json\/wp\/v2\/product"}],"about":[{"href":"https:\/\/www.gamegenic.com\/es\/wp-json\/wp\/v2\/types\/product"}],"wp:featuredmedia":[{"embeddable":true,"href":"https:\/\/www.gamegenic.com\/es\/wp-json\/wp\/v2\/media\/39499"}],"wp:attachment":[{"href":"https:\/\/www.gamegenic.com\/es\/wp-json\/wp\/v2\/media?parent=46352"}],"wp:term":[{"taxonomy":"product_brand","embeddable":true,"href":"https:\/\/www.gamegenic.com\/es\/wp-json\/wp\/v2\/product_brand?post=46352"},{"taxonomy":"product_cat","embeddable":true,"href":"https:\/\/www.gamegenic.com\/es\/wp-json\/wp\/v2\/product_cat?post=46352"},{"taxonomy":"product_tag","embeddable":true,"href":"https:\/\/www.gamegenic.com\/es\/wp-json\/wp\/v2\/product_tag?post=46352"}],"curies":[{"name":"wp","href":"https:\/\/api.w.org\/{rel}","templated":true}]}}