{"id":42386,"date":"2025-10-17T13:58:13","date_gmt":"2025-10-17T11:58:14","guid":{"rendered":"https:\/\/www.gamegenic.com\/?post_type=product&#038;p=42386"},"modified":"2025-10-20T17:20:39","modified_gmt":"2025-10-20T15:20:39","slug":"hellfire-club-premium-dice-tower","status":"publish","type":"product","link":"https:\/\/www.gamegenic.com\/es\/producto\/hellfire-club-premium-dice-tower\/","title":{"rendered":"<span class=\"swu_headline\">HELLFIRE CLUB<\/span><br>PREMIUM DICE TOWER"},"content":{"rendered":"<p><div class=\"fusion-fullwidth fullwidth-box fusion-builder-row-1 fusion-flex-container nonhundred-percent-fullwidth non-hundred-percent-height-scrolling\" style=\"--awb-border-radius-top-left:0px;--awb-border-radius-top-right:0px;--awb-border-radius-bottom-right:0px;--awb-border-radius-bottom-left:0px;--awb-flex-wrap:wrap;\" ><div class=\"fusion-builder-row fusion-row fusion-flex-align-items-flex-start fusion-flex-content-wrap\" style=\"max-width:1248px;margin-left: calc(-4% \/ 2 );margin-right: calc(-4% \/ 2 );\"><div class=\"fusion-layout-column fusion_builder_column fusion-builder-column-0 fusion_builder_column_1_1 1_1 fusion-flex-column\" style=\"--awb-bg-size:cover;--awb-width-large:100%;--awb-margin-top-large:0px;--awb-spacing-right-large:1.92%;--awb-margin-bottom-large:0px;--awb-spacing-left-large:1.92%;--awb-width-medium:100%;--awb-spacing-right-medium:1.92%;--awb-spacing-left-medium:1.92%;--awb-width-small:100%;--awb-spacing-right-small:1.92%;--awb-spacing-left-small:1.92%;\"><div class=\"fusion-column-wrapper fusion-flex-justify-content-flex-start fusion-content-layout-column\"><\/div><\/div><\/div><\/div><div class=\"fusion-fullwidth fullwidth-box fusion-builder-row-2 nonhundred-percent-fullwidth non-hundred-percent-height-scrolling gg-summary gg-position\" style=\"--awb-border-radius-top-left:0px;--awb-border-radius-top-right:0px;--awb-border-radius-bottom-right:0px;--awb-border-radius-bottom-left:0px;--awb-flex-wrap:wrap;\" id=\"gg-anker\" ><div class=\"fusion-builder-row fusion-row\"><div class=\"fusion-layout-column fusion_builder_column fusion-builder-column-1 fusion_builder_column_1_2 1_2 fusion-one-half fusion-column-first gg-features\" style=\"--awb-bg-size:cover;width:50%;width:calc(50% - ( ( 60px ) * 0.5 ) );margin-right: 60px;\"><div class=\"fusion-column-wrapper fusion-column-has-shadow fusion-flex-column-wrapper-legacy\"><div class=\"fusion-text fusion-text-1\"><h2>CARACTER\u00cdSTICAS<\/h2>\n<ul>\n<li><strong>\u00danica<\/strong>: dise\u00f1o compacto del emblem\u00e1tico <strong>club del Fuego Infernal<\/strong><\/li>\n<li><strong>2 en 1<\/strong>: torre para dados de gran calidad y caja de almacenamiento<\/li>\n<li>Imanes potentes: compatible con la pantalla HELLFIRE CLUB Master Screen<\/li>\n<li>Perfecta para dados m\u00e1s grandes (hasta 25 mm), como el dado met\u00e1lico D20 HELLFIRE CLUB Premium Metal<\/li>\n<li>Cabe en la mayor\u00eda de cajas para mazos del mercado<\/li>\n<li>La solapa de cierre extra\u00edble impide que los dados se caigan<\/li>\n<li>Perfecto para cualquier tipo de juego de rol, de mesa o de tablero<\/li>\n<li>Superficie exterior de Leatherette y forro interior de fibra<\/li>\n<\/ul>\n<\/div><div class=\"fusion-clearfix\"><\/div><\/div><\/div><div class=\"fusion-layout-column fusion_builder_column fusion-builder-column-2 fusion_builder_column_1_2 1_2 fusion-one-half fusion-column-last\" style=\"--awb-bg-size:cover;width:50%;width:calc(50% - ( ( 60px ) * 0.5 ) );\"><div class=\"fusion-column-wrapper fusion-column-has-shadow fusion-flex-column-wrapper-legacy\">\n<h2>ESPECIFICACIONES<\/h2>\n<div class=\"table-2\">\n<table style=\"width: 98.6682%;\">\n<tbody>\n<tr style=\"height: 48px;\">\n<td style=\"height: 48px; width: 46.1338%; vertical-align: top;\" align=\"left\">Tama\u00f1o de los productos<\/td>\n<td style=\"height: 48px; width: 53.258%;\" align=\"left\">68 x 92 x 65 mm<\/td>\n<\/tr>\n<tr>\n<td style=\"vertical-align: top; width: 46.1338%;\" align=\"left\">Material<\/td>\n<td style=\"vertical-align: top; width: 53.258%;\" align=\"left\">Superficie de cuero sint\u00e9tico + forro interior de tela<\/td>\n<\/tr>\n<tr style=\"height: 24px;\">\n<td style=\"height: 24px; vertical-align: top; width: 46.1338%;\" align=\"left\">Tipo de embalaje<\/td>\n<td style=\"height: 24px; width: 53.258%;\" align=\"left\">Caja de cart\u00f3n<\/td>\n<\/tr>\n<\/tbody>\n<\/table>\n<\/div>\n<h2 style=\"margin-top:60px\">MSRP<i data-tooltip=\"No se pueden realizar compras a trav\u00e9s de este sitio web. Todos los precios indicados son el precio de venta al p\u00fablico recomendado por el fabricante en euros (con IVA) o en d\u00f3lares (sin IVA). Los posibles gastos de env\u00edo no est\u00e1n incluidos. Los precios indicados no son vinculantes y pueden tratarse como una recomendaci\u00f3n.\" class=\"fas fa-info-circle gg-tooltip\">\uf05a<\/i><\/h2>\n<form action=\"\" method=\"post\" id=\"alg_currency_selector\"><select name=\"alg_currency\" id=\"alg_currency_select\" class=\"alg_currency_select\" onchange=\"this.form.submit()\"><option id=\"alg_currency_USD\" value=\"USD\" >USD<\/option><option id=\"alg_currency_EUR\" value=\"EUR\"  selected='selected'>EUR<\/option><option id=\"alg_currency_CAD\" value=\"CAD\" >U.S.-USD<\/option><\/select><noscript><input type=\"submit\" value=\"Refresh\"><\/noscript><\/form>\n<span class=\"woocommerce-Price-amount amount\"><bdi><span class=\"woocommerce-Price-currencySymbol\">EUR<\/span>&nbsp;24,99<\/bdi><\/span>\n\n<div class=\"fusion-alignleft\"><a class=\"fusion-button button-flat fusion-button-default-size button-default fusion-button-default button-1 fusion-button-default-span fusion-button-default-type shopfinder-button\" target=\"_blank\" rel=\"noopener noreferrer\" href=\"https:\/\/www.gamegenic.com\/es\/buscador-de-tiendas\/\"><i class=\"fa-globe-americas fas awb-button__icon awb-button__icon--default button-icon-left\" aria-hidden=\"true\"><\/i><span class=\"fusion-button-text awb-button__text awb-button__text--default\">D\u00f3nde comprarlos<\/span><\/a><\/div>\n<div class=\"fusion-clearfix\"><\/div><\/div><\/div><\/div><\/div><\/p>\n","protected":false},"excerpt":{"rendered":"<p><strong>La torre para dados de gran calidad oficial Hellfire Club Dice Tower es un accesorio imprescindible para cualquier fan de la serie Stranger Things\u2122.<\/strong><br \/>\nEst\u00e1 hecha con materiales de gran calidad e impresa por todos los lados con dise\u00f1os emblem\u00e1ticos del club del Fuego Infernal que la convertir\u00e1n en el centro de atenci\u00f3n de cada noche de juego. Gracias a su reducido tama\u00f1o, se trasporta con facilidad. Adem\u00e1s, esta torre para dados es perfecta para una gran variedad de juegos de rol, de mesa o juegos de cartas coleccionables y LCGs que se jueguen con dados. La torre para dados Hellfire Club Dice Tower es compatible con los modelos Cards\u2019 Lair PRO 1000+, Cards\u2018 Lair 400+, Games\u2018 Lair 600+, Cards\u2018 Rail 500+, la l\u00ednea completa XL y muchos m\u00e1s.<\/p>\n","protected":false},"featured_media":42391,"template":"","meta":[],"product_brand":[],"product_cat":[517,1173,527,523],"product_tag":[],"class_list":{"0":"post-42386","1":"product","2":"type-product","3":"status-publish","4":"has-post-thumbnail","6":"product_cat-accesorios","7":"product_cat-hellfire-club","8":"product_cat-licencias","9":"product_cat-torre-para-dados","11":"first","12":"instock","13":"shipping-taxable","14":"purchasable","15":"product-type-variable","16":"has-default-attributes","17":"wvs-archive-product-wrapper"},"yoast_head":"<!-- This site is optimized with the Yoast SEO plugin v27.3 - https:\/\/yoast.com\/product\/yoast-seo-wordpress\/ -->\n<title>HELLFIRE CLUBPREMIUM DICE TOWER - GAMEGENIC - Ingenious Supplies<\/title>\n<meta name=\"description\" content=\"La torre para dados de gran calidad oficial Hellfire Club Dice Tower es un accesorio imprescindible para cualquier fan de la serie Stranger Things\u2122. Est\u00e1 hecha con materiales de gran calidad e impresa por todos los lados con dise\u00f1os emblem\u00e1ticos del club del Fuego Infernal que la convertir\u00e1n en el centro de atenci\u00f3n de cada noche de juego. Gracias a su reducido tama\u00f1o, se trasporta con facilidad. Adem\u00e1s, esta torre para dados es perfecta para una gran variedad de juegos de rol, de mesa o juegos de cartas coleccionables y LCGs que se jueguen con dados. La torre para dados Hellfire Club Dice Tower es compatible con los modelos Cards\u2019 Lair PRO 1000+, Cards\u2018 Lair 400+, Games\u2018 Lair 600+, Cards\u2018 Rail 500+, la l\u00ednea completa XL y muchos m\u00e1s.\" \/>\n<meta name=\"robots\" content=\"index, follow, max-snippet:-1, max-image-preview:large, max-video-preview:-1\" \/>\n<link rel=\"canonical\" href=\"https:\/\/www.gamegenic.com\/es\/producto\/hellfire-club-premium-dice-tower\/\" \/>\n<meta property=\"og:locale\" content=\"es_ES\" \/>\n<meta property=\"og:type\" content=\"article\" \/>\n<meta property=\"og:title\" content=\"HELLFIRE CLUB - PREMIUM DICE TOWER\" \/>\n<meta property=\"og:description\" content=\"La torre para dados de gran calidad oficial Hellfire Club Dice Tower es un accesorio imprescindible para cualquier fan de la serie Stranger Things\u2122. Est\u00e1 hecha con materiales de gran calidad e impresa por todos los lados con dise\u00f1os emblem\u00e1ticos del club del Fuego Infernal que la convertir\u00e1n en el centro de atenci\u00f3n de cada noche de juego. Gracias a su reducido tama\u00f1o, se trasporta con facilidad. Adem\u00e1s, esta torre para dados es perfecta para una gran variedad de juegos de rol, de mesa o juegos de cartas coleccionables y LCGs que se jueguen con dados. La torre para dados Hellfire Club Dice Tower es compatible con los modelos Cards\u2019 Lair PRO 1000+, Cards\u2018 Lair 400+, Games\u2018 Lair 600+, Cards\u2018 Rail 500+, la l\u00ednea completa XL y muchos m\u00e1s.\" \/>\n<meta property=\"og:url\" content=\"https:\/\/www.gamegenic.com\/es\/producto\/hellfire-club-premium-dice-tower\/\" \/>\n<meta property=\"og:site_name\" content=\"GAMEGENIC - Ingenious Supplies\" \/>\n<meta property=\"article:publisher\" content=\"https:\/\/www.facebook.com\/GamegenicSupplies\/\" \/>\n<meta property=\"article:modified_time\" content=\"2025-10-20T15:20:39+00:00\" \/>\n<meta property=\"og:image\" content=\"https:\/\/www.gamegenic.com\/wp-content\/uploads\/2025\/10\/GG_ST_HFC_PremiumDiceTower_0006_aMGmblEjp.jpg\" \/>\n\t<meta property=\"og:image:width\" content=\"1200\" \/>\n\t<meta property=\"og:image:height\" content=\"1200\" \/>\n\t<meta property=\"og:image:type\" content=\"image\/jpeg\" \/>\n<meta name=\"twitter:card\" content=\"summary_large_image\" \/>\n<meta name=\"twitter:title\" content=\"HELLFIRE CLUB - PREMIUM DICE TOWER\" \/>\n<meta name=\"twitter:description\" content=\"La torre para dados de gran calidad oficial Hellfire Club Dice Tower es un accesorio imprescindible para cualquier fan de la serie Stranger Things\u2122. Est\u00e1 hecha con materiales de gran calidad e impresa por todos los lados con dise\u00f1os emblem\u00e1ticos del club del Fuego Infernal que la convertir\u00e1n en el centro de atenci\u00f3n de cada noche de juego. Gracias a su reducido tama\u00f1o, se trasporta con facilidad. Adem\u00e1s, esta torre para dados es perfecta para una gran variedad de juegos de rol, de mesa o juegos de cartas coleccionables y LCGs que se jueguen con dados. La torre para dados Hellfire Club Dice Tower es compatible con los modelos Cards\u2019 Lair PRO 1000+, Cards\u2018 Lair 400+, Games\u2018 Lair 600+, Cards\u2018 Rail 500+, la l\u00ednea completa XL y muchos m\u00e1s.\" \/>\n<meta name=\"twitter:site\" content=\"@Gamegenic_\" \/>\n<meta name=\"twitter:label1\" content=\"Tiempo de lectura\" \/>\n\t<meta name=\"twitter:data1\" content=\"1 minuto\" \/>\n<script type=\"application\/ld+json\" class=\"yoast-schema-graph\">{\"@context\":\"https:\\\/\\\/schema.org\",\"@graph\":[{\"@type\":\"WebPage\",\"@id\":\"https:\\\/\\\/www.gamegenic.com\\\/es\\\/producto\\\/hellfire-club-premium-dice-tower\\\/\",\"url\":\"https:\\\/\\\/www.gamegenic.com\\\/es\\\/producto\\\/hellfire-club-premium-dice-tower\\\/\",\"name\":\"HELLFIRE CLUB PREMIUM DICE TOWER - GAMEGENIC - Ingenious Supplies\",\"isPartOf\":{\"@id\":\"https:\\\/\\\/www.gamegenic.com\\\/es\\\/#website\"},\"primaryImageOfPage\":{\"@id\":\"https:\\\/\\\/www.gamegenic.com\\\/es\\\/producto\\\/hellfire-club-premium-dice-tower\\\/#primaryimage\"},\"image\":{\"@id\":\"https:\\\/\\\/www.gamegenic.com\\\/es\\\/producto\\\/hellfire-club-premium-dice-tower\\\/#primaryimage\"},\"thumbnailUrl\":\"https:\\\/\\\/www.gamegenic.com\\\/wp-content\\\/uploads\\\/2025\\\/10\\\/GG_ST_HFC_PremiumDiceTower_0006_aMGmblEjp.jpg\",\"datePublished\":\"2025-10-17T11:58:14+00:00\",\"dateModified\":\"2025-10-20T15:20:39+00:00\",\"description\":\"La torre para dados de gran calidad oficial Hellfire Club Dice Tower es un accesorio imprescindible para cualquier fan de la serie Stranger Things\u2122. Est\u00e1 hecha con materiales de gran calidad e impresa por todos los lados con dise\u00f1os emblem\u00e1ticos del club del Fuego Infernal que la convertir\u00e1n en el centro de atenci\u00f3n de cada noche de juego. Gracias a su reducido tama\u00f1o, se trasporta con facilidad. Adem\u00e1s, esta torre para dados es perfecta para una gran variedad de juegos de rol, de mesa o juegos de cartas coleccionables y LCGs que se jueguen con dados. La torre para dados Hellfire Club Dice Tower es compatible con los modelos Cards\u2019 Lair PRO 1000+, Cards\u2018 Lair 400+, Games\u2018 Lair 600+, Cards\u2018 Rail 500+, la l\u00ednea completa XL y muchos m\u00e1s.\",\"breadcrumb\":{\"@id\":\"https:\\\/\\\/www.gamegenic.com\\\/es\\\/producto\\\/hellfire-club-premium-dice-tower\\\/#breadcrumb\"},\"inLanguage\":\"es\",\"potentialAction\":[{\"@type\":\"ReadAction\",\"target\":[\"https:\\\/\\\/www.gamegenic.com\\\/es\\\/producto\\\/hellfire-club-premium-dice-tower\\\/\"]}]},{\"@type\":\"ImageObject\",\"inLanguage\":\"es\",\"@id\":\"https:\\\/\\\/www.gamegenic.com\\\/es\\\/producto\\\/hellfire-club-premium-dice-tower\\\/#primaryimage\",\"url\":\"https:\\\/\\\/www.gamegenic.com\\\/wp-content\\\/uploads\\\/2025\\\/10\\\/GG_ST_HFC_PremiumDiceTower_0006_aMGmblEjp.jpg\",\"contentUrl\":\"https:\\\/\\\/www.gamegenic.com\\\/wp-content\\\/uploads\\\/2025\\\/10\\\/GG_ST_HFC_PremiumDiceTower_0006_aMGmblEjp.jpg\",\"width\":1200,\"height\":1200,\"caption\":\"Stranger Things - Hellfire Club - Dice Tower\"},{\"@type\":\"BreadcrumbList\",\"@id\":\"https:\\\/\\\/www.gamegenic.com\\\/es\\\/producto\\\/hellfire-club-premium-dice-tower\\\/#breadcrumb\",\"itemListElement\":[{\"@type\":\"ListItem\",\"position\":1,\"name\":\"Home\",\"item\":\"https:\\\/\\\/www.gamegenic.com\\\/es\\\/\"},{\"@type\":\"ListItem\",\"position\":2,\"name\":\"Tienda\",\"item\":\"https:\\\/\\\/www.gamegenic.com\\\/tienda\\\/\"},{\"@type\":\"ListItem\",\"position\":3,\"name\":\"HELLFIRE CLUBPREMIUM DICE TOWER\"}]},{\"@type\":\"WebSite\",\"@id\":\"https:\\\/\\\/www.gamegenic.com\\\/es\\\/#website\",\"url\":\"https:\\\/\\\/www.gamegenic.com\\\/es\\\/\",\"name\":\"GAMEGENIC - Ingenious Supplies\",\"description\":\"\",\"publisher\":{\"@id\":\"https:\\\/\\\/www.gamegenic.com\\\/es\\\/#organization\"},\"potentialAction\":[{\"@type\":\"SearchAction\",\"target\":{\"@type\":\"EntryPoint\",\"urlTemplate\":\"https:\\\/\\\/www.gamegenic.com\\\/es\\\/?s={search_term_string}\"},\"query-input\":{\"@type\":\"PropertyValueSpecification\",\"valueRequired\":true,\"valueName\":\"search_term_string\"}}],\"inLanguage\":\"es\"},{\"@type\":\"Organization\",\"@id\":\"https:\\\/\\\/www.gamegenic.com\\\/es\\\/#organization\",\"name\":\"Gamegenic GmbH\",\"url\":\"https:\\\/\\\/www.gamegenic.com\\\/es\\\/\",\"logo\":{\"@type\":\"ImageObject\",\"inLanguage\":\"es\",\"@id\":\"https:\\\/\\\/www.gamegenic.com\\\/es\\\/#\\\/schema\\\/logo\\\/image\\\/\",\"url\":\"https:\\\/\\\/www.gamegenic.com\\\/wp-content\\\/uploads\\\/Gamegenic-Logo-FINAL.jpg\",\"contentUrl\":\"https:\\\/\\\/www.gamegenic.com\\\/wp-content\\\/uploads\\\/Gamegenic-Logo-FINAL.jpg\",\"width\":3507,\"height\":2480,\"caption\":\"Gamegenic GmbH\"},\"image\":{\"@id\":\"https:\\\/\\\/www.gamegenic.com\\\/es\\\/#\\\/schema\\\/logo\\\/image\\\/\"},\"sameAs\":[\"https:\\\/\\\/www.facebook.com\\\/GamegenicSupplies\\\/\",\"https:\\\/\\\/x.com\\\/Gamegenic_\",\"https:\\\/\\\/www.instagram.com\\\/gamegenicsupplies\\\/\",\"https:\\\/\\\/www.youtube.com\\\/channel\\\/UCgmMXQPjjWW-Zy9ceMH6oGw\"]}]}<\/script>\n<!-- \/ Yoast SEO plugin. -->","yoast_head_json":{"title":"HELLFIRE CLUBPREMIUM DICE TOWER - GAMEGENIC - Ingenious Supplies","description":"La torre para dados de gran calidad oficial Hellfire Club Dice Tower es un accesorio imprescindible para cualquier fan de la serie Stranger Things\u2122. Est\u00e1 hecha con materiales de gran calidad e impresa por todos los lados con dise\u00f1os emblem\u00e1ticos del club del Fuego Infernal que la convertir\u00e1n en el centro de atenci\u00f3n de cada noche de juego. Gracias a su reducido tama\u00f1o, se trasporta con facilidad. Adem\u00e1s, esta torre para dados es perfecta para una gran variedad de juegos de rol, de mesa o juegos de cartas coleccionables y LCGs que se jueguen con dados. La torre para dados Hellfire Club Dice Tower es compatible con los modelos Cards\u2019 Lair PRO 1000+, Cards\u2018 Lair 400+, Games\u2018 Lair 600+, Cards\u2018 Rail 500+, la l\u00ednea completa XL y muchos m\u00e1s.","robots":{"index":"index","follow":"follow","max-snippet":"max-snippet:-1","max-image-preview":"max-image-preview:large","max-video-preview":"max-video-preview:-1"},"canonical":"https:\/\/www.gamegenic.com\/es\/producto\/hellfire-club-premium-dice-tower\/","og_locale":"es_ES","og_type":"article","og_title":"HELLFIRE CLUB - PREMIUM DICE TOWER","og_description":"La torre para dados de gran calidad oficial Hellfire Club Dice Tower es un accesorio imprescindible para cualquier fan de la serie Stranger Things\u2122. Est\u00e1 hecha con materiales de gran calidad e impresa por todos los lados con dise\u00f1os emblem\u00e1ticos del club del Fuego Infernal que la convertir\u00e1n en el centro de atenci\u00f3n de cada noche de juego. Gracias a su reducido tama\u00f1o, se trasporta con facilidad. Adem\u00e1s, esta torre para dados es perfecta para una gran variedad de juegos de rol, de mesa o juegos de cartas coleccionables y LCGs que se jueguen con dados. La torre para dados Hellfire Club Dice Tower es compatible con los modelos Cards\u2019 Lair PRO 1000+, Cards\u2018 Lair 400+, Games\u2018 Lair 600+, Cards\u2018 Rail 500+, la l\u00ednea completa XL y muchos m\u00e1s.","og_url":"https:\/\/www.gamegenic.com\/es\/producto\/hellfire-club-premium-dice-tower\/","og_site_name":"GAMEGENIC - Ingenious Supplies","article_publisher":"https:\/\/www.facebook.com\/GamegenicSupplies\/","article_modified_time":"2025-10-20T15:20:39+00:00","og_image":[{"width":1200,"height":1200,"url":"https:\/\/www.gamegenic.com\/wp-content\/uploads\/2025\/10\/GG_ST_HFC_PremiumDiceTower_0006_aMGmblEjp.jpg","type":"image\/jpeg"}],"twitter_card":"summary_large_image","twitter_title":"HELLFIRE CLUB - PREMIUM DICE TOWER","twitter_description":"La torre para dados de gran calidad oficial Hellfire Club Dice Tower es un accesorio imprescindible para cualquier fan de la serie Stranger Things\u2122. Est\u00e1 hecha con materiales de gran calidad e impresa por todos los lados con dise\u00f1os emblem\u00e1ticos del club del Fuego Infernal que la convertir\u00e1n en el centro de atenci\u00f3n de cada noche de juego. Gracias a su reducido tama\u00f1o, se trasporta con facilidad. Adem\u00e1s, esta torre para dados es perfecta para una gran variedad de juegos de rol, de mesa o juegos de cartas coleccionables y LCGs que se jueguen con dados. La torre para dados Hellfire Club Dice Tower es compatible con los modelos Cards\u2019 Lair PRO 1000+, Cards\u2018 Lair 400+, Games\u2018 Lair 600+, Cards\u2018 Rail 500+, la l\u00ednea completa XL y muchos m\u00e1s.","twitter_site":"@Gamegenic_","twitter_misc":{"Tiempo de lectura":"1 minuto"},"schema":{"@context":"https:\/\/schema.org","@graph":[{"@type":"WebPage","@id":"https:\/\/www.gamegenic.com\/es\/producto\/hellfire-club-premium-dice-tower\/","url":"https:\/\/www.gamegenic.com\/es\/producto\/hellfire-club-premium-dice-tower\/","name":"HELLFIRE CLUB PREMIUM DICE TOWER - GAMEGENIC - Ingenious Supplies","isPartOf":{"@id":"https:\/\/www.gamegenic.com\/es\/#website"},"primaryImageOfPage":{"@id":"https:\/\/www.gamegenic.com\/es\/producto\/hellfire-club-premium-dice-tower\/#primaryimage"},"image":{"@id":"https:\/\/www.gamegenic.com\/es\/producto\/hellfire-club-premium-dice-tower\/#primaryimage"},"thumbnailUrl":"https:\/\/www.gamegenic.com\/wp-content\/uploads\/2025\/10\/GG_ST_HFC_PremiumDiceTower_0006_aMGmblEjp.jpg","datePublished":"2025-10-17T11:58:14+00:00","dateModified":"2025-10-20T15:20:39+00:00","description":"La torre para dados de gran calidad oficial Hellfire Club Dice Tower es un accesorio imprescindible para cualquier fan de la serie Stranger Things\u2122. Est\u00e1 hecha con materiales de gran calidad e impresa por todos los lados con dise\u00f1os emblem\u00e1ticos del club del Fuego Infernal que la convertir\u00e1n en el centro de atenci\u00f3n de cada noche de juego. Gracias a su reducido tama\u00f1o, se trasporta con facilidad. Adem\u00e1s, esta torre para dados es perfecta para una gran variedad de juegos de rol, de mesa o juegos de cartas coleccionables y LCGs que se jueguen con dados. La torre para dados Hellfire Club Dice Tower es compatible con los modelos Cards\u2019 Lair PRO 1000+, Cards\u2018 Lair 400+, Games\u2018 Lair 600+, Cards\u2018 Rail 500+, la l\u00ednea completa XL y muchos m\u00e1s.","breadcrumb":{"@id":"https:\/\/www.gamegenic.com\/es\/producto\/hellfire-club-premium-dice-tower\/#breadcrumb"},"inLanguage":"es","potentialAction":[{"@type":"ReadAction","target":["https:\/\/www.gamegenic.com\/es\/producto\/hellfire-club-premium-dice-tower\/"]}]},{"@type":"ImageObject","inLanguage":"es","@id":"https:\/\/www.gamegenic.com\/es\/producto\/hellfire-club-premium-dice-tower\/#primaryimage","url":"https:\/\/www.gamegenic.com\/wp-content\/uploads\/2025\/10\/GG_ST_HFC_PremiumDiceTower_0006_aMGmblEjp.jpg","contentUrl":"https:\/\/www.gamegenic.com\/wp-content\/uploads\/2025\/10\/GG_ST_HFC_PremiumDiceTower_0006_aMGmblEjp.jpg","width":1200,"height":1200,"caption":"Stranger Things - Hellfire Club - Dice Tower"},{"@type":"BreadcrumbList","@id":"https:\/\/www.gamegenic.com\/es\/producto\/hellfire-club-premium-dice-tower\/#breadcrumb","itemListElement":[{"@type":"ListItem","position":1,"name":"Home","item":"https:\/\/www.gamegenic.com\/es\/"},{"@type":"ListItem","position":2,"name":"Tienda","item":"https:\/\/www.gamegenic.com\/tienda\/"},{"@type":"ListItem","position":3,"name":"HELLFIRE CLUBPREMIUM DICE TOWER"}]},{"@type":"WebSite","@id":"https:\/\/www.gamegenic.com\/es\/#website","url":"https:\/\/www.gamegenic.com\/es\/","name":"GAMEGENIC - Ingenious Supplies","description":"","publisher":{"@id":"https:\/\/www.gamegenic.com\/es\/#organization"},"potentialAction":[{"@type":"SearchAction","target":{"@type":"EntryPoint","urlTemplate":"https:\/\/www.gamegenic.com\/es\/?s={search_term_string}"},"query-input":{"@type":"PropertyValueSpecification","valueRequired":true,"valueName":"search_term_string"}}],"inLanguage":"es"},{"@type":"Organization","@id":"https:\/\/www.gamegenic.com\/es\/#organization","name":"Gamegenic GmbH","url":"https:\/\/www.gamegenic.com\/es\/","logo":{"@type":"ImageObject","inLanguage":"es","@id":"https:\/\/www.gamegenic.com\/es\/#\/schema\/logo\/image\/","url":"https:\/\/www.gamegenic.com\/wp-content\/uploads\/Gamegenic-Logo-FINAL.jpg","contentUrl":"https:\/\/www.gamegenic.com\/wp-content\/uploads\/Gamegenic-Logo-FINAL.jpg","width":3507,"height":2480,"caption":"Gamegenic GmbH"},"image":{"@id":"https:\/\/www.gamegenic.com\/es\/#\/schema\/logo\/image\/"},"sameAs":["https:\/\/www.facebook.com\/GamegenicSupplies\/","https:\/\/x.com\/Gamegenic_","https:\/\/www.instagram.com\/gamegenicsupplies\/","https:\/\/www.youtube.com\/channel\/UCgmMXQPjjWW-Zy9ceMH6oGw"]}]}},"_links":{"self":[{"href":"https:\/\/www.gamegenic.com\/es\/wp-json\/wp\/v2\/product\/42386","targetHints":{"allow":["GET"]}}],"collection":[{"href":"https:\/\/www.gamegenic.com\/es\/wp-json\/wp\/v2\/product"}],"about":[{"href":"https:\/\/www.gamegenic.com\/es\/wp-json\/wp\/v2\/types\/product"}],"wp:featuredmedia":[{"embeddable":true,"href":"https:\/\/www.gamegenic.com\/es\/wp-json\/wp\/v2\/media\/42391"}],"wp:attachment":[{"href":"https:\/\/www.gamegenic.com\/es\/wp-json\/wp\/v2\/media?parent=42386"}],"wp:term":[{"taxonomy":"product_brand","embeddable":true,"href":"https:\/\/www.gamegenic.com\/es\/wp-json\/wp\/v2\/product_brand?post=42386"},{"taxonomy":"product_cat","embeddable":true,"href":"https:\/\/www.gamegenic.com\/es\/wp-json\/wp\/v2\/product_cat?post=42386"},{"taxonomy":"product_tag","embeddable":true,"href":"https:\/\/www.gamegenic.com\/es\/wp-json\/wp\/v2\/product_tag?post=42386"}],"curies":[{"name":"wp","href":"https:\/\/api.w.org\/{rel}","templated":true}]}}