{"id":41679,"date":"2025-09-09T15:35:02","date_gmt":"2025-09-09T13:35:02","guid":{"rendered":"https:\/\/www.gamegenic.com\/?post_type=product&#038;p=41679"},"modified":"2026-01-15T14:33:48","modified_gmt":"2026-01-15T13:33:48","slug":"magic-the-gathering-ecl-premium-art-sleeves","status":"publish","type":"product","link":"https:\/\/www.gamegenic.com\/es\/producto\/magic-the-gathering-ecl-premium-art-sleeves\/","title":{"rendered":"<span class=\"mtg_headline\">Magic: The Gathering<\/span><br>PREMIUM ART SLEEVES"},"content":{"rendered":"<p><div class=\"fusion-fullwidth fullwidth-box fusion-builder-row-1 fusion-flex-container nonhundred-percent-fullwidth non-hundred-percent-height-scrolling\" style=\"--awb-border-radius-top-left:0px;--awb-border-radius-top-right:0px;--awb-border-radius-bottom-right:0px;--awb-border-radius-bottom-left:0px;--awb-flex-wrap:wrap;\" ><div class=\"fusion-builder-row fusion-row fusion-flex-align-items-flex-start fusion-flex-content-wrap\" style=\"max-width:1248px;margin-left: calc(-4% \/ 2 );margin-right: calc(-4% \/ 2 );\"><div class=\"fusion-layout-column fusion_builder_column fusion-builder-column-0 fusion_builder_column_1_1 1_1 fusion-flex-column\" style=\"--awb-bg-size:cover;--awb-width-large:100%;--awb-margin-top-large:0px;--awb-spacing-right-large:1.92%;--awb-margin-bottom-large:0px;--awb-spacing-left-large:1.92%;--awb-width-medium:100%;--awb-spacing-right-medium:1.92%;--awb-spacing-left-medium:1.92%;--awb-width-small:100%;--awb-spacing-right-small:1.92%;--awb-spacing-left-small:1.92%;\"><div class=\"fusion-column-wrapper fusion-flex-justify-content-flex-start fusion-content-layout-column\"><\/div><\/div><\/div><\/div><div class=\"fusion-fullwidth fullwidth-box fusion-builder-row-2 nonhundred-percent-fullwidth non-hundred-percent-height-scrolling gg-summary gg-position\" style=\"--awb-border-radius-top-left:0px;--awb-border-radius-top-right:0px;--awb-border-radius-bottom-right:0px;--awb-border-radius-bottom-left:0px;--awb-flex-wrap:wrap;\" id=\"gg-anker\" ><div class=\"fusion-builder-row fusion-row\"><div class=\"fusion-layout-column fusion_builder_column fusion-builder-column-1 fusion_builder_column_1_2 1_2 fusion-one-half fusion-column-first gg-features\" style=\"--awb-bg-size:cover;width:50%;width:calc(50% - ( ( 60px ) * 0.5 ) );margin-right: 60px;\"><div class=\"fusion-column-wrapper fusion-column-has-shadow fusion-flex-column-wrapper-legacy\"><div class=\"fusion-text fusion-text-1\"><h2>CARACTER\u00cdSTICAS<\/h2>\n<ul>\n<li>Ilustraciones del juego con licencia oficial de Magic: The Gathering<\/li>\n<li><strong>105<\/strong> fundas por paquete<\/li>\n<li>Fundas ilustradas con textura:<br \/>\ngran sensaci\u00f3n al barajar<\/li>\n<li>Sin \u00e1cidos, sin PVC<\/li>\n<\/ul>\n<\/div><div class=\"fusion-clearfix\"><\/div><\/div><\/div><div class=\"fusion-layout-column fusion_builder_column fusion-builder-column-2 fusion_builder_column_1_2 1_2 fusion-one-half fusion-column-last\" style=\"--awb-bg-size:cover;width:50%;width:calc(50% - ( ( 60px ) * 0.5 ) );\"><div class=\"fusion-column-wrapper fusion-column-has-shadow fusion-flex-column-wrapper-legacy\">\n<h2>ESPECIFICACIONES<\/h2>\n<div class=\"table-2\">\n<table style=\"width: 100%;\">\n<tbody>\n<tr style=\"height: 48px;\">\n<td style=\"height: 48px;\" align=\"left\">Tama\u00f1o de la funda<\/td>\n<td style=\"height: 48px;\" align=\"left\">66 x 92 mm<\/td>\n<\/tr>\n<tr>\n<td style=\"vertical-align: top;\" align=\"left\">Material<\/td>\n<td style=\"vertical-align: top;\" align=\"left\">Polipropileno<\/td>\n<\/tr>\n<tr style=\"height: 24px;\">\n<td style=\"height: 24px; vertical-align: top;\" align=\"left\">Tipo de embalaje<\/td>\n<td style=\"height: 24px;\" align=\"left\">Caja de cart\u00f3n<\/td>\n<\/tr>\n<\/tbody>\n<\/table>\n<\/div>\n<h2 style=\"margin-top:60px\">MSRP<i data-tooltip=\"No se pueden realizar compras a trav\u00e9s de este sitio web. Todos los precios indicados son el precio de venta al p\u00fablico recomendado por el fabricante en euros (con IVA) o en d\u00f3lares (sin IVA). Los posibles gastos de env\u00edo no est\u00e1n incluidos. Los precios indicados no son vinculantes y pueden tratarse como una recomendaci\u00f3n.\" class=\"fas fa-info-circle gg-tooltip\">\uf05a<\/i><\/h2>\n<form action=\"\" method=\"post\" id=\"alg_currency_selector\"><select name=\"alg_currency\" id=\"alg_currency_select\" class=\"alg_currency_select\" onchange=\"this.form.submit()\"><option id=\"alg_currency_USD\" value=\"USD\" >USD<\/option><option id=\"alg_currency_EUR\" value=\"EUR\"  selected='selected'>EUR<\/option><option id=\"alg_currency_CAD\" value=\"CAD\" >U.S.-USD<\/option><\/select><noscript><input type=\"submit\" value=\"Refresh\"><\/noscript><\/form>\n<span class=\"woocommerce-Price-amount amount\"><bdi><span class=\"woocommerce-Price-currencySymbol\">EUR<\/span>&nbsp;14,99<\/bdi><\/span>\n\n<div class=\"fusion-alignleft\"><a class=\"fusion-button button-flat fusion-button-default-size button-default fusion-button-default button-1 fusion-button-default-span fusion-button-default-type shopfinder-button\" target=\"_blank\" rel=\"noopener noreferrer\" href=\"https:\/\/www.gamegenic.com\/es\/buscador-de-tiendas\/\"><i class=\"fa-globe-americas fas awb-button__icon awb-button__icon--default button-icon-left\" aria-hidden=\"true\"><\/i><span class=\"fusion-button-text awb-button__text awb-button__text--default\">D\u00f3nde comprarlos<\/span><\/a><\/div>\n<div class=\"fusion-clearfix\"><\/div><\/div><\/div><\/div><\/div><\/p>\n","protected":false},"excerpt":{"rendered":"<p><strong>Mejora tu juego y protege tus cartas con estilo.<\/strong><br \/>\nEstas fundas ilustradas Art Sleeves impresas a todo color, de gran calidad y con acabado texturizado, son imprescindibles para todos los fans del juego. La textura mate del reverso y la transparencia del anverso brindan una sensaci\u00f3n t\u00e1ctil excepcional y una experiencia al barajar incre\u00edblemente suave. Cada paquete incluye 105 fundas y viene en un embalaje ilustrado totalmente libre de pl\u00e1sticos con un gancho retr\u00e1ctil.<\/p>\n","protected":false},"featured_media":43609,"template":"","meta":[],"product_brand":[],"product_cat":[509,527,1277,1171],"product_tag":[],"class_list":{"0":"post-41679","1":"product","2":"type-product","3":"status-publish","4":"has-post-thumbnail","6":"product_cat-fundas","7":"product_cat-licencias","8":"product_cat-lorwyn-eclipsed","9":"product_cat-magic-the-gathering-es","11":"first","12":"instock","13":"shipping-taxable","14":"purchasable","15":"product-type-variable","16":"has-default-attributes","17":"wvs-archive-product-wrapper"},"yoast_head":"<!-- This site is optimized with the Yoast SEO plugin v27.3 - https:\/\/yoast.com\/product\/yoast-seo-wordpress\/ -->\n<title>Magic: The GatheringPREMIUM ART SLEEVES - GAMEGENIC - Ingenious Supplies<\/title>\n<meta name=\"description\" content=\"Mejora tu juego y protege tus cartas con estilo. Estas fundas ilustradas Art Sleeves impresas a todo color, de gran calidad y con acabado texturizado, son imprescindibles para todos los fans del juego. La textura mate del reverso y la transparencia del anverso brindan una sensaci\u00f3n t\u00e1ctil excepcional y una experiencia al barajar incre\u00edblemente suave. Cada paquete incluye 105 fundas y viene en un embalaje ilustrado totalmente libre de pl\u00e1sticos con un gancho retr\u00e1ctil.\" \/>\n<meta name=\"robots\" content=\"index, follow, max-snippet:-1, max-image-preview:large, max-video-preview:-1\" \/>\n<link rel=\"canonical\" href=\"https:\/\/www.gamegenic.com\/es\/producto\/magic-the-gathering-ecl-premium-art-sleeves\/\" \/>\n<meta property=\"og:locale\" content=\"es_ES\" \/>\n<meta property=\"og:type\" content=\"article\" \/>\n<meta property=\"og:title\" content=\"Magic: The Gathering - PREMIUM ART SLEEVES\" \/>\n<meta property=\"og:description\" content=\"Mejora tu juego y protege tus cartas con estilo. Estas fundas ilustradas Art Sleeves impresas a todo color, de gran calidad y con acabado texturizado, son imprescindibles para todos los fans del juego. La textura mate del reverso y la transparencia del anverso brindan una sensaci\u00f3n t\u00e1ctil excepcional y una experiencia al barajar incre\u00edblemente suave. Cada paquete incluye 105 fundas y viene en un embalaje ilustrado totalmente libre de pl\u00e1sticos con un gancho retr\u00e1ctil.\" \/>\n<meta property=\"og:url\" content=\"https:\/\/www.gamegenic.com\/es\/producto\/magic-the-gathering-ecl-premium-art-sleeves\/\" \/>\n<meta property=\"og:site_name\" content=\"GAMEGENIC - Ingenious Supplies\" \/>\n<meta property=\"article:publisher\" content=\"https:\/\/www.facebook.com\/GamegenicSupplies\/\" \/>\n<meta property=\"article:modified_time\" content=\"2026-01-15T13:33:48+00:00\" \/>\n<meta property=\"og:image\" content=\"https:\/\/www.gamegenic.com\/wp-content\/uploads\/2026\/01\/GG-MTG-Lorwyn-Eclipsed-Art-Sleeves-Auntie-Ool-Cursewretch-0003_Ex1l968v4.jpg\" \/>\n\t<meta property=\"og:image:width\" content=\"1200\" \/>\n\t<meta property=\"og:image:height\" content=\"1200\" \/>\n\t<meta property=\"og:image:type\" content=\"image\/jpeg\" \/>\n<meta name=\"twitter:card\" content=\"summary_large_image\" \/>\n<meta name=\"twitter:title\" content=\"Magic: The Gathering - PREMIUM ART SLEEVES\" \/>\n<meta name=\"twitter:description\" content=\"Mejora tu juego y protege tus cartas con estilo. Estas fundas ilustradas Art Sleeves impresas a todo color, de gran calidad y con acabado texturizado, son imprescindibles para todos los fans del juego. La textura mate del reverso y la transparencia del anverso brindan una sensaci\u00f3n t\u00e1ctil excepcional y una experiencia al barajar incre\u00edblemente suave. Cada paquete incluye 105 fundas y viene en un embalaje ilustrado totalmente libre de pl\u00e1sticos con un gancho retr\u00e1ctil.\" \/>\n<meta name=\"twitter:site\" content=\"@Gamegenic_\" \/>\n<meta name=\"twitter:label1\" content=\"Tiempo de lectura\" \/>\n\t<meta name=\"twitter:data1\" content=\"1 minuto\" \/>\n<script type=\"application\/ld+json\" class=\"yoast-schema-graph\">{\"@context\":\"https:\\\/\\\/schema.org\",\"@graph\":[{\"@type\":\"WebPage\",\"@id\":\"https:\\\/\\\/www.gamegenic.com\\\/es\\\/producto\\\/magic-the-gathering-ecl-premium-art-sleeves\\\/\",\"url\":\"https:\\\/\\\/www.gamegenic.com\\\/es\\\/producto\\\/magic-the-gathering-ecl-premium-art-sleeves\\\/\",\"name\":\"Magic: The Gathering PREMIUM ART SLEEVES - GAMEGENIC - Ingenious Supplies\",\"isPartOf\":{\"@id\":\"https:\\\/\\\/www.gamegenic.com\\\/es\\\/#website\"},\"primaryImageOfPage\":{\"@id\":\"https:\\\/\\\/www.gamegenic.com\\\/es\\\/producto\\\/magic-the-gathering-ecl-premium-art-sleeves\\\/#primaryimage\"},\"image\":{\"@id\":\"https:\\\/\\\/www.gamegenic.com\\\/es\\\/producto\\\/magic-the-gathering-ecl-premium-art-sleeves\\\/#primaryimage\"},\"thumbnailUrl\":\"https:\\\/\\\/www.gamegenic.com\\\/wp-content\\\/uploads\\\/2026\\\/01\\\/GG-MTG-Lorwyn-Eclipsed-Art-Sleeves-Auntie-Ool-Cursewretch-0003_Ex1l968v4.jpg\",\"datePublished\":\"2025-09-09T13:35:02+00:00\",\"dateModified\":\"2026-01-15T13:33:48+00:00\",\"description\":\"Mejora tu juego y protege tus cartas con estilo. Estas fundas ilustradas Art Sleeves impresas a todo color, de gran calidad y con acabado texturizado, son imprescindibles para todos los fans del juego. La textura mate del reverso y la transparencia del anverso brindan una sensaci\u00f3n t\u00e1ctil excepcional y una experiencia al barajar incre\u00edblemente suave. Cada paquete incluye 105 fundas y viene en un embalaje ilustrado totalmente libre de pl\u00e1sticos con un gancho retr\u00e1ctil.\",\"breadcrumb\":{\"@id\":\"https:\\\/\\\/www.gamegenic.com\\\/es\\\/producto\\\/magic-the-gathering-ecl-premium-art-sleeves\\\/#breadcrumb\"},\"inLanguage\":\"es\",\"potentialAction\":[{\"@type\":\"ReadAction\",\"target\":[\"https:\\\/\\\/www.gamegenic.com\\\/es\\\/producto\\\/magic-the-gathering-ecl-premium-art-sleeves\\\/\"]}]},{\"@type\":\"ImageObject\",\"inLanguage\":\"es\",\"@id\":\"https:\\\/\\\/www.gamegenic.com\\\/es\\\/producto\\\/magic-the-gathering-ecl-premium-art-sleeves\\\/#primaryimage\",\"url\":\"https:\\\/\\\/www.gamegenic.com\\\/wp-content\\\/uploads\\\/2026\\\/01\\\/GG-MTG-Lorwyn-Eclipsed-Art-Sleeves-Auntie-Ool-Cursewretch-0003_Ex1l968v4.jpg\",\"contentUrl\":\"https:\\\/\\\/www.gamegenic.com\\\/wp-content\\\/uploads\\\/2026\\\/01\\\/GG-MTG-Lorwyn-Eclipsed-Art-Sleeves-Auntie-Ool-Cursewretch-0003_Ex1l968v4.jpg\",\"width\":1200,\"height\":1200,\"caption\":\"Magic: The Gathering - Lorwyn Eclipsed - Premium Art Sleeves\"},{\"@type\":\"BreadcrumbList\",\"@id\":\"https:\\\/\\\/www.gamegenic.com\\\/es\\\/producto\\\/magic-the-gathering-ecl-premium-art-sleeves\\\/#breadcrumb\",\"itemListElement\":[{\"@type\":\"ListItem\",\"position\":1,\"name\":\"Home\",\"item\":\"https:\\\/\\\/www.gamegenic.com\\\/es\\\/\"},{\"@type\":\"ListItem\",\"position\":2,\"name\":\"Tienda\",\"item\":\"https:\\\/\\\/www.gamegenic.com\\\/tienda\\\/\"},{\"@type\":\"ListItem\",\"position\":3,\"name\":\"Magic: The GatheringPREMIUM ART SLEEVES\"}]},{\"@type\":\"WebSite\",\"@id\":\"https:\\\/\\\/www.gamegenic.com\\\/es\\\/#website\",\"url\":\"https:\\\/\\\/www.gamegenic.com\\\/es\\\/\",\"name\":\"GAMEGENIC - Ingenious Supplies\",\"description\":\"\",\"publisher\":{\"@id\":\"https:\\\/\\\/www.gamegenic.com\\\/es\\\/#organization\"},\"potentialAction\":[{\"@type\":\"SearchAction\",\"target\":{\"@type\":\"EntryPoint\",\"urlTemplate\":\"https:\\\/\\\/www.gamegenic.com\\\/es\\\/?s={search_term_string}\"},\"query-input\":{\"@type\":\"PropertyValueSpecification\",\"valueRequired\":true,\"valueName\":\"search_term_string\"}}],\"inLanguage\":\"es\"},{\"@type\":\"Organization\",\"@id\":\"https:\\\/\\\/www.gamegenic.com\\\/es\\\/#organization\",\"name\":\"Gamegenic GmbH\",\"url\":\"https:\\\/\\\/www.gamegenic.com\\\/es\\\/\",\"logo\":{\"@type\":\"ImageObject\",\"inLanguage\":\"es\",\"@id\":\"https:\\\/\\\/www.gamegenic.com\\\/es\\\/#\\\/schema\\\/logo\\\/image\\\/\",\"url\":\"https:\\\/\\\/www.gamegenic.com\\\/wp-content\\\/uploads\\\/Gamegenic-Logo-FINAL.jpg\",\"contentUrl\":\"https:\\\/\\\/www.gamegenic.com\\\/wp-content\\\/uploads\\\/Gamegenic-Logo-FINAL.jpg\",\"width\":3507,\"height\":2480,\"caption\":\"Gamegenic GmbH\"},\"image\":{\"@id\":\"https:\\\/\\\/www.gamegenic.com\\\/es\\\/#\\\/schema\\\/logo\\\/image\\\/\"},\"sameAs\":[\"https:\\\/\\\/www.facebook.com\\\/GamegenicSupplies\\\/\",\"https:\\\/\\\/x.com\\\/Gamegenic_\",\"https:\\\/\\\/www.instagram.com\\\/gamegenicsupplies\\\/\",\"https:\\\/\\\/www.youtube.com\\\/channel\\\/UCgmMXQPjjWW-Zy9ceMH6oGw\"]}]}<\/script>\n<!-- \/ Yoast SEO plugin. -->","yoast_head_json":{"title":"Magic: The GatheringPREMIUM ART SLEEVES - GAMEGENIC - Ingenious Supplies","description":"Mejora tu juego y protege tus cartas con estilo. Estas fundas ilustradas Art Sleeves impresas a todo color, de gran calidad y con acabado texturizado, son imprescindibles para todos los fans del juego. La textura mate del reverso y la transparencia del anverso brindan una sensaci\u00f3n t\u00e1ctil excepcional y una experiencia al barajar incre\u00edblemente suave. Cada paquete incluye 105 fundas y viene en un embalaje ilustrado totalmente libre de pl\u00e1sticos con un gancho retr\u00e1ctil.","robots":{"index":"index","follow":"follow","max-snippet":"max-snippet:-1","max-image-preview":"max-image-preview:large","max-video-preview":"max-video-preview:-1"},"canonical":"https:\/\/www.gamegenic.com\/es\/producto\/magic-the-gathering-ecl-premium-art-sleeves\/","og_locale":"es_ES","og_type":"article","og_title":"Magic: The Gathering - PREMIUM ART SLEEVES","og_description":"Mejora tu juego y protege tus cartas con estilo. Estas fundas ilustradas Art Sleeves impresas a todo color, de gran calidad y con acabado texturizado, son imprescindibles para todos los fans del juego. La textura mate del reverso y la transparencia del anverso brindan una sensaci\u00f3n t\u00e1ctil excepcional y una experiencia al barajar incre\u00edblemente suave. Cada paquete incluye 105 fundas y viene en un embalaje ilustrado totalmente libre de pl\u00e1sticos con un gancho retr\u00e1ctil.","og_url":"https:\/\/www.gamegenic.com\/es\/producto\/magic-the-gathering-ecl-premium-art-sleeves\/","og_site_name":"GAMEGENIC - Ingenious Supplies","article_publisher":"https:\/\/www.facebook.com\/GamegenicSupplies\/","article_modified_time":"2026-01-15T13:33:48+00:00","og_image":[{"width":1200,"height":1200,"url":"https:\/\/www.gamegenic.com\/wp-content\/uploads\/2026\/01\/GG-MTG-Lorwyn-Eclipsed-Art-Sleeves-Auntie-Ool-Cursewretch-0003_Ex1l968v4.jpg","type":"image\/jpeg"}],"twitter_card":"summary_large_image","twitter_title":"Magic: The Gathering - PREMIUM ART SLEEVES","twitter_description":"Mejora tu juego y protege tus cartas con estilo. Estas fundas ilustradas Art Sleeves impresas a todo color, de gran calidad y con acabado texturizado, son imprescindibles para todos los fans del juego. La textura mate del reverso y la transparencia del anverso brindan una sensaci\u00f3n t\u00e1ctil excepcional y una experiencia al barajar incre\u00edblemente suave. Cada paquete incluye 105 fundas y viene en un embalaje ilustrado totalmente libre de pl\u00e1sticos con un gancho retr\u00e1ctil.","twitter_site":"@Gamegenic_","twitter_misc":{"Tiempo de lectura":"1 minuto"},"schema":{"@context":"https:\/\/schema.org","@graph":[{"@type":"WebPage","@id":"https:\/\/www.gamegenic.com\/es\/producto\/magic-the-gathering-ecl-premium-art-sleeves\/","url":"https:\/\/www.gamegenic.com\/es\/producto\/magic-the-gathering-ecl-premium-art-sleeves\/","name":"Magic: The Gathering PREMIUM ART SLEEVES - GAMEGENIC - Ingenious Supplies","isPartOf":{"@id":"https:\/\/www.gamegenic.com\/es\/#website"},"primaryImageOfPage":{"@id":"https:\/\/www.gamegenic.com\/es\/producto\/magic-the-gathering-ecl-premium-art-sleeves\/#primaryimage"},"image":{"@id":"https:\/\/www.gamegenic.com\/es\/producto\/magic-the-gathering-ecl-premium-art-sleeves\/#primaryimage"},"thumbnailUrl":"https:\/\/www.gamegenic.com\/wp-content\/uploads\/2026\/01\/GG-MTG-Lorwyn-Eclipsed-Art-Sleeves-Auntie-Ool-Cursewretch-0003_Ex1l968v4.jpg","datePublished":"2025-09-09T13:35:02+00:00","dateModified":"2026-01-15T13:33:48+00:00","description":"Mejora tu juego y protege tus cartas con estilo. Estas fundas ilustradas Art Sleeves impresas a todo color, de gran calidad y con acabado texturizado, son imprescindibles para todos los fans del juego. La textura mate del reverso y la transparencia del anverso brindan una sensaci\u00f3n t\u00e1ctil excepcional y una experiencia al barajar incre\u00edblemente suave. Cada paquete incluye 105 fundas y viene en un embalaje ilustrado totalmente libre de pl\u00e1sticos con un gancho retr\u00e1ctil.","breadcrumb":{"@id":"https:\/\/www.gamegenic.com\/es\/producto\/magic-the-gathering-ecl-premium-art-sleeves\/#breadcrumb"},"inLanguage":"es","potentialAction":[{"@type":"ReadAction","target":["https:\/\/www.gamegenic.com\/es\/producto\/magic-the-gathering-ecl-premium-art-sleeves\/"]}]},{"@type":"ImageObject","inLanguage":"es","@id":"https:\/\/www.gamegenic.com\/es\/producto\/magic-the-gathering-ecl-premium-art-sleeves\/#primaryimage","url":"https:\/\/www.gamegenic.com\/wp-content\/uploads\/2026\/01\/GG-MTG-Lorwyn-Eclipsed-Art-Sleeves-Auntie-Ool-Cursewretch-0003_Ex1l968v4.jpg","contentUrl":"https:\/\/www.gamegenic.com\/wp-content\/uploads\/2026\/01\/GG-MTG-Lorwyn-Eclipsed-Art-Sleeves-Auntie-Ool-Cursewretch-0003_Ex1l968v4.jpg","width":1200,"height":1200,"caption":"Magic: The Gathering - Lorwyn Eclipsed - Premium Art Sleeves"},{"@type":"BreadcrumbList","@id":"https:\/\/www.gamegenic.com\/es\/producto\/magic-the-gathering-ecl-premium-art-sleeves\/#breadcrumb","itemListElement":[{"@type":"ListItem","position":1,"name":"Home","item":"https:\/\/www.gamegenic.com\/es\/"},{"@type":"ListItem","position":2,"name":"Tienda","item":"https:\/\/www.gamegenic.com\/tienda\/"},{"@type":"ListItem","position":3,"name":"Magic: The GatheringPREMIUM ART SLEEVES"}]},{"@type":"WebSite","@id":"https:\/\/www.gamegenic.com\/es\/#website","url":"https:\/\/www.gamegenic.com\/es\/","name":"GAMEGENIC - Ingenious Supplies","description":"","publisher":{"@id":"https:\/\/www.gamegenic.com\/es\/#organization"},"potentialAction":[{"@type":"SearchAction","target":{"@type":"EntryPoint","urlTemplate":"https:\/\/www.gamegenic.com\/es\/?s={search_term_string}"},"query-input":{"@type":"PropertyValueSpecification","valueRequired":true,"valueName":"search_term_string"}}],"inLanguage":"es"},{"@type":"Organization","@id":"https:\/\/www.gamegenic.com\/es\/#organization","name":"Gamegenic GmbH","url":"https:\/\/www.gamegenic.com\/es\/","logo":{"@type":"ImageObject","inLanguage":"es","@id":"https:\/\/www.gamegenic.com\/es\/#\/schema\/logo\/image\/","url":"https:\/\/www.gamegenic.com\/wp-content\/uploads\/Gamegenic-Logo-FINAL.jpg","contentUrl":"https:\/\/www.gamegenic.com\/wp-content\/uploads\/Gamegenic-Logo-FINAL.jpg","width":3507,"height":2480,"caption":"Gamegenic GmbH"},"image":{"@id":"https:\/\/www.gamegenic.com\/es\/#\/schema\/logo\/image\/"},"sameAs":["https:\/\/www.facebook.com\/GamegenicSupplies\/","https:\/\/x.com\/Gamegenic_","https:\/\/www.instagram.com\/gamegenicsupplies\/","https:\/\/www.youtube.com\/channel\/UCgmMXQPjjWW-Zy9ceMH6oGw"]}]}},"_links":{"self":[{"href":"https:\/\/www.gamegenic.com\/es\/wp-json\/wp\/v2\/product\/41679","targetHints":{"allow":["GET"]}}],"collection":[{"href":"https:\/\/www.gamegenic.com\/es\/wp-json\/wp\/v2\/product"}],"about":[{"href":"https:\/\/www.gamegenic.com\/es\/wp-json\/wp\/v2\/types\/product"}],"wp:featuredmedia":[{"embeddable":true,"href":"https:\/\/www.gamegenic.com\/es\/wp-json\/wp\/v2\/media\/43609"}],"wp:attachment":[{"href":"https:\/\/www.gamegenic.com\/es\/wp-json\/wp\/v2\/media?parent=41679"}],"wp:term":[{"taxonomy":"product_brand","embeddable":true,"href":"https:\/\/www.gamegenic.com\/es\/wp-json\/wp\/v2\/product_brand?post=41679"},{"taxonomy":"product_cat","embeddable":true,"href":"https:\/\/www.gamegenic.com\/es\/wp-json\/wp\/v2\/product_cat?post=41679"},{"taxonomy":"product_tag","embeddable":true,"href":"https:\/\/www.gamegenic.com\/es\/wp-json\/wp\/v2\/product_tag?post=41679"}],"curies":[{"name":"wp","href":"https:\/\/api.w.org\/{rel}","templated":true}]}}