{"id":39837,"date":"2025-07-07T16:34:44","date_gmt":"2025-07-07T14:34:45","guid":{"rendered":"https:\/\/www.gamegenic.com\/?post_type=product&#038;p=39837"},"modified":"2025-07-10T10:42:51","modified_gmt":"2025-07-10T08:42:51","slug":"splendor-premium-art-sleeves","status":"publish","type":"product","link":"https:\/\/www.gamegenic.com\/es\/producto\/splendor-premium-art-sleeves\/","title":{"rendered":"SPLENDOR\u2122 PREMIUM ART SLEEVES"},"content":{"rendered":"<div class=\"fusion-fullwidth fullwidth-box fusion-builder-row-1 nonhundred-percent-fullwidth non-hundred-percent-height-scrolling gg-summary gg-position\" style=\"--awb-border-radius-top-left:0px;--awb-border-radius-top-right:0px;--awb-border-radius-bottom-right:0px;--awb-border-radius-bottom-left:0px;--awb-flex-wrap:wrap;\" id=\"gg-anker\" ><div class=\"fusion-builder-row fusion-row\"><div class=\"fusion-layout-column fusion_builder_column fusion-builder-column-0 fusion_builder_column_1_2 1_2 fusion-one-half fusion-column-first gg-features\" style=\"--awb-bg-size:cover;width:50%;width:calc(50% - ( ( 60px ) * 0.5 ) );margin-right: 60px;\"><div class=\"fusion-column-wrapper fusion-column-has-shadow fusion-flex-column-wrapper-legacy\"><div class=\"fusion-text fusion-text-1\"><h2>CARACTER\u00cdSTICAS<\/h2>\n<ul>\n<li>Producto con licencia oficial para Splendor<span style=\"font-size: 10pt;\">\u2122<\/span><\/li>\n<li><strong>Paquete todo en uno:<\/strong> este paquete contiene 120 fundas para todas las cartas del juego b\u00e1sico de Splendor<span style=\"font-size: 10pt;\">\u2122<\/span> y para todas las expansiones disponibles (fundas adicionales incluidas)<\/li>\n<li><strong>Un paquete contiene:<\/strong><br \/>\n<strong>40<\/strong> fundas para cartas de Nivel 1<br \/>\n<strong>30<\/strong> fundas para cartas de Nivel 2<br \/>\n<strong>20<\/strong> fundas para cartas de Nivel 3<br \/>\n<strong>10<\/strong> fundas para cartas de Nivel 1 (expansi\u00f3n)<br \/>\n<strong>10<\/strong> fundas para cartas de Nivel 2 (expansi\u00f3n)<br \/>\n<strong>10<\/strong> fundas para cartas de Nivel 3 (expansi\u00f3n)<\/li>\n<li><strong>Mejora tu juego:<\/strong> fundas ilustradas impresas a todo color con nuevo dise\u00f1o en el reverso<\/li>\n<li><strong>Fundas ilustradas con textura:<\/strong> gran sensaci\u00f3n al barajar<\/li>\n<li><strong>Protecci\u00f3n de calidad:<\/strong> las fundas evitan que se doblen las esquinas o que las cartas se ara\u00f1en o sufran da\u00f1os al barajarlas<\/li>\n<li>Zonas de uni\u00f3n de gran resistencia muy duraderas.<\/li>\n<li>Sin \u00e1cidos, sin PVC<\/li>\n<\/ul>\n<\/div><div class=\"fusion-clearfix\"><\/div><\/div><\/div><div class=\"fusion-layout-column fusion_builder_column fusion-builder-column-1 fusion_builder_column_1_2 1_2 fusion-one-half fusion-column-last\" style=\"--awb-bg-size:cover;width:50%;width:calc(50% - ( ( 60px ) * 0.5 ) );\"><div class=\"fusion-column-wrapper fusion-column-has-shadow fusion-flex-column-wrapper-legacy\">\n<h2>ESPECIFICACIONES<\/h2>\n<div class=\"table-2\">\n<table style=\"width: 100.522%;\" width=\"100%\">\n<tbody>\n<tr>\n<td align=\"left\">Tama\u00f1o de la funda<\/td>\n<td align=\"left\">66 x 92 mm<\/td>\n<\/tr>\n<tr>\n<td style=\"vertical-align: top;\" align=\"left\">Material<\/td>\n<td align=\"left\">Polipropileno<\/td>\n<\/tr>\n<tr>\n<td>Tipo de embalaje<\/td>\n<td>Caja de cart\u00f3n<\/td>\n<\/tr>\n<\/tbody>\n<\/table>\n<\/div>\n<h2 style=\"margin-top:60px\">MSRP<i data-tooltip=\"No se pueden realizar compras a trav\u00e9s de este sitio web. Todos los precios indicados son el precio de venta al p\u00fablico recomendado por el fabricante en euros (con IVA) o en d\u00f3lares (sin IVA). Los posibles gastos de env\u00edo no est\u00e1n incluidos. Los precios indicados no son vinculantes y pueden tratarse como una recomendaci\u00f3n.\" class=\"fas fa-info-circle gg-tooltip\">\uf05a<\/i><\/h2>\n<form action=\"\" method=\"post\" id=\"alg_currency_selector\"><select name=\"alg_currency\" id=\"alg_currency_select\" class=\"alg_currency_select\" onchange=\"this.form.submit()\"><option id=\"alg_currency_USD\" value=\"USD\" >USD<\/option><option id=\"alg_currency_EUR\" value=\"EUR\"  selected='selected'>EUR<\/option><option id=\"alg_currency_CAD\" value=\"CAD\" >U.S.-USD<\/option><\/select><noscript><input type=\"submit\" value=\"Refresh\"><\/noscript><\/form>\n<span class=\"woocommerce-Price-amount amount\"><bdi><span class=\"woocommerce-Price-currencySymbol\">EUR<\/span>&nbsp;15,99<\/bdi><\/span>\n\n<\/p>\n<div class=\"fusion-alignleft\"><a class=\"fusion-button button-flat fusion-button-default-size button-default fusion-button-default button-1 fusion-button-default-span fusion-button-default-type shopfinder-button\" target=\"_blank\" rel=\"noopener noreferrer\" href=\"https:\/\/www.gamegenic.com\/es\/buscador-de-tiendas\/\"><i class=\"fa-globe-americas fas awb-button__icon awb-button__icon--default button-icon-left\" aria-hidden=\"true\"><\/i><span class=\"fusion-button-text awb-button__text awb-button__text--default\">D\u00f3nde comprarlos<\/span><\/a><\/div>\n<\/p>\n<div class=\"fusion-clearfix\"><\/div><\/div><\/div><\/div><\/div>\n","protected":false},"excerpt":{"rendered":"<p>\u00a1Mejora tu juego! Protege y dales un aire nuevo a tus cartas gracias a los dise\u00f1os de las fundas ilustradas Splendor<span style=\"font-size: 10pt;\">\u2122<\/span> Premium Art Sleeves. Estas fundas ilustradas mates oficiales de gran calidad est\u00e1n dise\u00f1adas espec\u00edficamente para el juego b\u00e1sico de Splendor<span style=\"font-size: 10pt;\">\u2122<\/span> y para todas las expansiones disponibles. Gracias al arte imaginativo del juego y a sus 6 ilustraciones espec\u00edficas, estas fundas ser\u00e1n el complemento perfecto para mejorar tu experiencia de juego. Este paquete todo en uno contiene 120 fundas, suficientes para todas las cartas de Splendor<span style=\"font-size: 10pt;\">\u2122<\/span> y para todas las expansiones disponibles (fundas adicionales incluidas). \u00a1Y eso no es todo! Las fundas Splendor Premium Art Sleeves incluyen una loseta de noble \u00fanica.<\/p>\n","protected":false},"featured_media":39798,"template":"","meta":[],"product_brand":[],"product_cat":[510,509,527,1122],"product_tag":[],"class_list":{"0":"post-39837","1":"product","2":"type-product","3":"status-publish","4":"has-post-thumbnail","6":"product_cat-art-sleeves-es","7":"product_cat-fundas","8":"product_cat-licencias","9":"product_cat-splendor-es","11":"first","12":"instock","13":"shipping-taxable","14":"purchasable","15":"product-type-variable","16":"has-default-attributes","17":"wvs-archive-product-wrapper"},"yoast_head":"<!-- This site is optimized with the Yoast SEO plugin v27.3 - https:\/\/yoast.com\/product\/yoast-seo-wordpress\/ -->\n<title>SPLENDOR\u2122 PREMIUM ART SLEEVES - GAMEGENIC - Ingenious Supplies<\/title>\n<meta name=\"description\" content=\"Fundas ilustradas oficiales de Splendor\u2122 con 6 dise\u00f1os \u00fanicos. 120 fundas mates para el juego base y expansiones \u2013 con loseta de noble exclusiva.\" \/>\n<meta name=\"robots\" content=\"index, follow, max-snippet:-1, max-image-preview:large, max-video-preview:-1\" \/>\n<link rel=\"canonical\" href=\"https:\/\/www.gamegenic.com\/es\/producto\/splendor-premium-art-sleeves\/\" \/>\n<meta property=\"og:locale\" content=\"es_ES\" \/>\n<meta property=\"og:type\" content=\"article\" \/>\n<meta property=\"og:title\" content=\"SPLENDOR\u2122 PREMIUM ART SLEEVES\" \/>\n<meta property=\"og:description\" content=\"Las Splendor\u2122 Premium Art Sleeves dan un nuevo aire a tu juego. Con 6 ilustraciones \u00fanicas y un acabado mate de alta calidad, estas fundas oficiales est\u00e1n dise\u00f1adas para el juego base de Splendor\u2122 y sus expansiones. Protege tus cartas y mejora la experiencia visual con este set todo en uno. El paquete incluye 120 fundas, suficientes para todas las cartas (incluso con fundas extra). Adem\u00e1s, contiene una loseta de noble exclusiva como detalle adicional.\" \/>\n<meta property=\"og:url\" content=\"https:\/\/www.gamegenic.com\/es\/producto\/splendor-premium-art-sleeves\/\" \/>\n<meta property=\"og:site_name\" content=\"GAMEGENIC - Ingenious Supplies\" \/>\n<meta property=\"article:publisher\" content=\"https:\/\/www.facebook.com\/GamegenicSupplies\/\" \/>\n<meta property=\"article:modified_time\" content=\"2025-07-10T08:42:51+00:00\" \/>\n<meta property=\"og:image\" content=\"https:\/\/www.gamegenic.com\/wp-content\/uploads\/2025\/07\/GG-Splendor-Art_Sleeves-Packaging_I6uD4rqwR.jpg\" \/>\n\t<meta property=\"og:image:width\" content=\"1200\" \/>\n\t<meta property=\"og:image:height\" content=\"1200\" \/>\n\t<meta property=\"og:image:type\" content=\"image\/jpeg\" \/>\n<meta name=\"twitter:card\" content=\"summary_large_image\" \/>\n<meta name=\"twitter:title\" content=\"SPLENDOR\u2122 PREMIUM ART SLEEVES\" \/>\n<meta name=\"twitter:description\" content=\"Las Splendor\u2122 Premium Art Sleeves dan un nuevo aire a tu juego. Con 6 ilustraciones \u00fanicas y un acabado mate de alta calidad, estas fundas oficiales est\u00e1n dise\u00f1adas para el juego base de Splendor\u2122 y sus expansiones. Protege tus cartas y mejora la experiencia visual con este set todo en uno. El paquete incluye 120 fundas, suficientes para todas las cartas (incluso con fundas extra). Adem\u00e1s, contiene una loseta de noble exclusiva como detalle adicional.\" \/>\n<meta name=\"twitter:site\" content=\"@Gamegenic_\" \/>\n<meta name=\"twitter:label1\" content=\"Tiempo de lectura\" \/>\n\t<meta name=\"twitter:data1\" content=\"1 minuto\" \/>\n<script type=\"application\/ld+json\" class=\"yoast-schema-graph\">{\"@context\":\"https:\\\/\\\/schema.org\",\"@graph\":[{\"@type\":\"WebPage\",\"@id\":\"https:\\\/\\\/www.gamegenic.com\\\/es\\\/producto\\\/splendor-premium-art-sleeves\\\/\",\"url\":\"https:\\\/\\\/www.gamegenic.com\\\/es\\\/producto\\\/splendor-premium-art-sleeves\\\/\",\"name\":\"SPLENDOR\u2122 PREMIUM ART SLEEVES - GAMEGENIC - Ingenious Supplies\",\"isPartOf\":{\"@id\":\"https:\\\/\\\/www.gamegenic.com\\\/es\\\/#website\"},\"primaryImageOfPage\":{\"@id\":\"https:\\\/\\\/www.gamegenic.com\\\/es\\\/producto\\\/splendor-premium-art-sleeves\\\/#primaryimage\"},\"image\":{\"@id\":\"https:\\\/\\\/www.gamegenic.com\\\/es\\\/producto\\\/splendor-premium-art-sleeves\\\/#primaryimage\"},\"thumbnailUrl\":\"https:\\\/\\\/www.gamegenic.com\\\/wp-content\\\/uploads\\\/2025\\\/07\\\/GG-Splendor-Art_Sleeves-Packaging_I6uD4rqwR.jpg\",\"datePublished\":\"2025-07-07T14:34:45+00:00\",\"dateModified\":\"2025-07-10T08:42:51+00:00\",\"description\":\"Fundas ilustradas oficiales de Splendor\u2122 con 6 dise\u00f1os \u00fanicos. 120 fundas mates para el juego base y expansiones \u2013 con loseta de noble exclusiva.\",\"breadcrumb\":{\"@id\":\"https:\\\/\\\/www.gamegenic.com\\\/es\\\/producto\\\/splendor-premium-art-sleeves\\\/#breadcrumb\"},\"inLanguage\":\"es\",\"potentialAction\":[{\"@type\":\"ReadAction\",\"target\":[\"https:\\\/\\\/www.gamegenic.com\\\/es\\\/producto\\\/splendor-premium-art-sleeves\\\/\"]}]},{\"@type\":\"ImageObject\",\"inLanguage\":\"es\",\"@id\":\"https:\\\/\\\/www.gamegenic.com\\\/es\\\/producto\\\/splendor-premium-art-sleeves\\\/#primaryimage\",\"url\":\"https:\\\/\\\/www.gamegenic.com\\\/wp-content\\\/uploads\\\/2025\\\/07\\\/GG-Splendor-Art_Sleeves-Packaging_I6uD4rqwR.jpg\",\"contentUrl\":\"https:\\\/\\\/www.gamegenic.com\\\/wp-content\\\/uploads\\\/2025\\\/07\\\/GG-Splendor-Art_Sleeves-Packaging_I6uD4rqwR.jpg\",\"width\":1200,\"height\":1200,\"caption\":\"SPLENDOR\u2122 PREMIUM ART SLEEVES\"},{\"@type\":\"BreadcrumbList\",\"@id\":\"https:\\\/\\\/www.gamegenic.com\\\/es\\\/producto\\\/splendor-premium-art-sleeves\\\/#breadcrumb\",\"itemListElement\":[{\"@type\":\"ListItem\",\"position\":1,\"name\":\"Home\",\"item\":\"https:\\\/\\\/www.gamegenic.com\\\/es\\\/\"},{\"@type\":\"ListItem\",\"position\":2,\"name\":\"Tienda\",\"item\":\"https:\\\/\\\/www.gamegenic.com\\\/tienda\\\/\"},{\"@type\":\"ListItem\",\"position\":3,\"name\":\"SPLENDOR\u2122 PREMIUM ART SLEEVES\"}]},{\"@type\":\"WebSite\",\"@id\":\"https:\\\/\\\/www.gamegenic.com\\\/es\\\/#website\",\"url\":\"https:\\\/\\\/www.gamegenic.com\\\/es\\\/\",\"name\":\"GAMEGENIC - Ingenious Supplies\",\"description\":\"\",\"publisher\":{\"@id\":\"https:\\\/\\\/www.gamegenic.com\\\/es\\\/#organization\"},\"potentialAction\":[{\"@type\":\"SearchAction\",\"target\":{\"@type\":\"EntryPoint\",\"urlTemplate\":\"https:\\\/\\\/www.gamegenic.com\\\/es\\\/?s={search_term_string}\"},\"query-input\":{\"@type\":\"PropertyValueSpecification\",\"valueRequired\":true,\"valueName\":\"search_term_string\"}}],\"inLanguage\":\"es\"},{\"@type\":\"Organization\",\"@id\":\"https:\\\/\\\/www.gamegenic.com\\\/es\\\/#organization\",\"name\":\"Gamegenic GmbH\",\"url\":\"https:\\\/\\\/www.gamegenic.com\\\/es\\\/\",\"logo\":{\"@type\":\"ImageObject\",\"inLanguage\":\"es\",\"@id\":\"https:\\\/\\\/www.gamegenic.com\\\/es\\\/#\\\/schema\\\/logo\\\/image\\\/\",\"url\":\"https:\\\/\\\/www.gamegenic.com\\\/wp-content\\\/uploads\\\/Gamegenic-Logo-FINAL.jpg\",\"contentUrl\":\"https:\\\/\\\/www.gamegenic.com\\\/wp-content\\\/uploads\\\/Gamegenic-Logo-FINAL.jpg\",\"width\":3507,\"height\":2480,\"caption\":\"Gamegenic GmbH\"},\"image\":{\"@id\":\"https:\\\/\\\/www.gamegenic.com\\\/es\\\/#\\\/schema\\\/logo\\\/image\\\/\"},\"sameAs\":[\"https:\\\/\\\/www.facebook.com\\\/GamegenicSupplies\\\/\",\"https:\\\/\\\/x.com\\\/Gamegenic_\",\"https:\\\/\\\/www.instagram.com\\\/gamegenicsupplies\\\/\",\"https:\\\/\\\/www.youtube.com\\\/channel\\\/UCgmMXQPjjWW-Zy9ceMH6oGw\"]}]}<\/script>\n<!-- \/ Yoast SEO plugin. -->","yoast_head_json":{"title":"SPLENDOR\u2122 PREMIUM ART SLEEVES - GAMEGENIC - Ingenious Supplies","description":"Fundas ilustradas oficiales de Splendor\u2122 con 6 dise\u00f1os \u00fanicos. 120 fundas mates para el juego base y expansiones \u2013 con loseta de noble exclusiva.","robots":{"index":"index","follow":"follow","max-snippet":"max-snippet:-1","max-image-preview":"max-image-preview:large","max-video-preview":"max-video-preview:-1"},"canonical":"https:\/\/www.gamegenic.com\/es\/producto\/splendor-premium-art-sleeves\/","og_locale":"es_ES","og_type":"article","og_title":"SPLENDOR\u2122 PREMIUM ART SLEEVES","og_description":"Las Splendor\u2122 Premium Art Sleeves dan un nuevo aire a tu juego. Con 6 ilustraciones \u00fanicas y un acabado mate de alta calidad, estas fundas oficiales est\u00e1n dise\u00f1adas para el juego base de Splendor\u2122 y sus expansiones. Protege tus cartas y mejora la experiencia visual con este set todo en uno. El paquete incluye 120 fundas, suficientes para todas las cartas (incluso con fundas extra). Adem\u00e1s, contiene una loseta de noble exclusiva como detalle adicional.","og_url":"https:\/\/www.gamegenic.com\/es\/producto\/splendor-premium-art-sleeves\/","og_site_name":"GAMEGENIC - Ingenious Supplies","article_publisher":"https:\/\/www.facebook.com\/GamegenicSupplies\/","article_modified_time":"2025-07-10T08:42:51+00:00","og_image":[{"width":1200,"height":1200,"url":"https:\/\/www.gamegenic.com\/wp-content\/uploads\/2025\/07\/GG-Splendor-Art_Sleeves-Packaging_I6uD4rqwR.jpg","type":"image\/jpeg"}],"twitter_card":"summary_large_image","twitter_title":"SPLENDOR\u2122 PREMIUM ART SLEEVES","twitter_description":"Las Splendor\u2122 Premium Art Sleeves dan un nuevo aire a tu juego. Con 6 ilustraciones \u00fanicas y un acabado mate de alta calidad, estas fundas oficiales est\u00e1n dise\u00f1adas para el juego base de Splendor\u2122 y sus expansiones. Protege tus cartas y mejora la experiencia visual con este set todo en uno. El paquete incluye 120 fundas, suficientes para todas las cartas (incluso con fundas extra). Adem\u00e1s, contiene una loseta de noble exclusiva como detalle adicional.","twitter_site":"@Gamegenic_","twitter_misc":{"Tiempo de lectura":"1 minuto"},"schema":{"@context":"https:\/\/schema.org","@graph":[{"@type":"WebPage","@id":"https:\/\/www.gamegenic.com\/es\/producto\/splendor-premium-art-sleeves\/","url":"https:\/\/www.gamegenic.com\/es\/producto\/splendor-premium-art-sleeves\/","name":"SPLENDOR\u2122 PREMIUM ART SLEEVES - GAMEGENIC - Ingenious Supplies","isPartOf":{"@id":"https:\/\/www.gamegenic.com\/es\/#website"},"primaryImageOfPage":{"@id":"https:\/\/www.gamegenic.com\/es\/producto\/splendor-premium-art-sleeves\/#primaryimage"},"image":{"@id":"https:\/\/www.gamegenic.com\/es\/producto\/splendor-premium-art-sleeves\/#primaryimage"},"thumbnailUrl":"https:\/\/www.gamegenic.com\/wp-content\/uploads\/2025\/07\/GG-Splendor-Art_Sleeves-Packaging_I6uD4rqwR.jpg","datePublished":"2025-07-07T14:34:45+00:00","dateModified":"2025-07-10T08:42:51+00:00","description":"Fundas ilustradas oficiales de Splendor\u2122 con 6 dise\u00f1os \u00fanicos. 120 fundas mates para el juego base y expansiones \u2013 con loseta de noble exclusiva.","breadcrumb":{"@id":"https:\/\/www.gamegenic.com\/es\/producto\/splendor-premium-art-sleeves\/#breadcrumb"},"inLanguage":"es","potentialAction":[{"@type":"ReadAction","target":["https:\/\/www.gamegenic.com\/es\/producto\/splendor-premium-art-sleeves\/"]}]},{"@type":"ImageObject","inLanguage":"es","@id":"https:\/\/www.gamegenic.com\/es\/producto\/splendor-premium-art-sleeves\/#primaryimage","url":"https:\/\/www.gamegenic.com\/wp-content\/uploads\/2025\/07\/GG-Splendor-Art_Sleeves-Packaging_I6uD4rqwR.jpg","contentUrl":"https:\/\/www.gamegenic.com\/wp-content\/uploads\/2025\/07\/GG-Splendor-Art_Sleeves-Packaging_I6uD4rqwR.jpg","width":1200,"height":1200,"caption":"SPLENDOR\u2122 PREMIUM ART SLEEVES"},{"@type":"BreadcrumbList","@id":"https:\/\/www.gamegenic.com\/es\/producto\/splendor-premium-art-sleeves\/#breadcrumb","itemListElement":[{"@type":"ListItem","position":1,"name":"Home","item":"https:\/\/www.gamegenic.com\/es\/"},{"@type":"ListItem","position":2,"name":"Tienda","item":"https:\/\/www.gamegenic.com\/tienda\/"},{"@type":"ListItem","position":3,"name":"SPLENDOR\u2122 PREMIUM ART SLEEVES"}]},{"@type":"WebSite","@id":"https:\/\/www.gamegenic.com\/es\/#website","url":"https:\/\/www.gamegenic.com\/es\/","name":"GAMEGENIC - Ingenious Supplies","description":"","publisher":{"@id":"https:\/\/www.gamegenic.com\/es\/#organization"},"potentialAction":[{"@type":"SearchAction","target":{"@type":"EntryPoint","urlTemplate":"https:\/\/www.gamegenic.com\/es\/?s={search_term_string}"},"query-input":{"@type":"PropertyValueSpecification","valueRequired":true,"valueName":"search_term_string"}}],"inLanguage":"es"},{"@type":"Organization","@id":"https:\/\/www.gamegenic.com\/es\/#organization","name":"Gamegenic GmbH","url":"https:\/\/www.gamegenic.com\/es\/","logo":{"@type":"ImageObject","inLanguage":"es","@id":"https:\/\/www.gamegenic.com\/es\/#\/schema\/logo\/image\/","url":"https:\/\/www.gamegenic.com\/wp-content\/uploads\/Gamegenic-Logo-FINAL.jpg","contentUrl":"https:\/\/www.gamegenic.com\/wp-content\/uploads\/Gamegenic-Logo-FINAL.jpg","width":3507,"height":2480,"caption":"Gamegenic GmbH"},"image":{"@id":"https:\/\/www.gamegenic.com\/es\/#\/schema\/logo\/image\/"},"sameAs":["https:\/\/www.facebook.com\/GamegenicSupplies\/","https:\/\/x.com\/Gamegenic_","https:\/\/www.instagram.com\/gamegenicsupplies\/","https:\/\/www.youtube.com\/channel\/UCgmMXQPjjWW-Zy9ceMH6oGw"]}]}},"_links":{"self":[{"href":"https:\/\/www.gamegenic.com\/es\/wp-json\/wp\/v2\/product\/39837","targetHints":{"allow":["GET"]}}],"collection":[{"href":"https:\/\/www.gamegenic.com\/es\/wp-json\/wp\/v2\/product"}],"about":[{"href":"https:\/\/www.gamegenic.com\/es\/wp-json\/wp\/v2\/types\/product"}],"wp:featuredmedia":[{"embeddable":true,"href":"https:\/\/www.gamegenic.com\/es\/wp-json\/wp\/v2\/media\/39798"}],"wp:attachment":[{"href":"https:\/\/www.gamegenic.com\/es\/wp-json\/wp\/v2\/media?parent=39837"}],"wp:term":[{"taxonomy":"product_brand","embeddable":true,"href":"https:\/\/www.gamegenic.com\/es\/wp-json\/wp\/v2\/product_brand?post=39837"},{"taxonomy":"product_cat","embeddable":true,"href":"https:\/\/www.gamegenic.com\/es\/wp-json\/wp\/v2\/product_cat?post=39837"},{"taxonomy":"product_tag","embeddable":true,"href":"https:\/\/www.gamegenic.com\/es\/wp-json\/wp\/v2\/product_tag?post=39837"}],"curies":[{"name":"wp","href":"https:\/\/api.w.org\/{rel}","templated":true}]}}