{"id":38841,"date":"2025-04-25T11:07:01","date_gmt":"2025-04-25T09:07:01","guid":{"rendered":"https:\/\/www.gamegenic.com\/?post_type=product&#038;p=38841"},"modified":"2025-07-10T12:52:29","modified_gmt":"2025-07-10T10:52:29","slug":"premium-toploading-exoshields","status":"publish","type":"product","link":"https:\/\/www.gamegenic.com\/es\/producto\/premium-toploading-exoshields\/","title":{"rendered":"PREMIUM TOPLOADING EXOSHIELDS"},"content":{"rendered":"<div class=\"fusion-fullwidth fullwidth-box fusion-builder-row-1 nonhundred-percent-fullwidth non-hundred-percent-height-scrolling gg-summary gg-position\" style=\"--awb-border-radius-top-left:0px;--awb-border-radius-top-right:0px;--awb-border-radius-bottom-right:0px;--awb-border-radius-bottom-left:0px;--awb-flex-wrap:wrap;\" id=\"gg-anker\" ><div class=\"fusion-builder-row fusion-row\"><div class=\"fusion-layout-column fusion_builder_column fusion-builder-column-0 fusion_builder_column_1_2 1_2 fusion-one-half fusion-column-first gg-features\" style=\"--awb-bg-size:cover;width:50%;width:calc(50% - ( ( 60px ) * 0.5 ) );margin-right: 60px;\"><div class=\"fusion-column-wrapper fusion-column-has-shadow fusion-flex-column-wrapper-legacy\"><div class=\"fusion-text fusion-text-1\"><h2>CARACTER\u00cdSTICAS<\/h2>\n<ul>\n<li>25 TOPLOADING Exoshields con <strong>protecci\u00f3n UV<\/strong> por paquete<\/li>\n<li>Caben cartas con un grosor de hasta <strong>35pt<\/strong><\/li>\n<li><strong>MATERIAL MUY RESISTENTE<\/strong>: protege, transporta, guarda y expone tus cartas m\u00e1s valiosas<\/li>\n<li>Perfectas para cartas coleccionables como <strong>Magic: The Gathering\u2122, Pok\u00e9mon\u2122<\/strong> y <strong>Flesh and Blood\u2122<\/strong>*<\/li>\n<li>Cada TOPLOADING Exoshield incluye una <strong>pel\u00edcula protectora despegable<\/strong><\/li>\n<li>Fabricadas con <strong>materiales muy transparentes de gran calidad<\/strong><\/li>\n<\/ul>\n<\/div><div class=\"fusion-text fusion-text-2 gg-notice\"><p>*\u2009\u201cFlesh and Blood\u2122\u201d es una marca registrada de Legend Story Studios<span style=\"font-size: 10pt;\"><sup>\u00ae<\/sup><\/span>. \u201cMagic: The\u00a0Gathering\u2122\u201d es una marca registrada de Wizards of the Coast LLC.<span style=\"font-size: 10pt;\"><sup>\u00ae<\/sup><\/span>. \u201cPok\u00e9mon\u2122\u201c es una marca registrada de Nintendo Co., Ltd. Todos los derechos reservados por los respectivos propietarios de las marcas registradas. La aseveraci\u00f3n de compatibilidad no cuestiona ning\u00fan derecho de propiedad intelectual ni representa el respaldo de nuestros productos por las empresas enumeradas.<\/p>\n<p>** Optimizado para las fundas de Gamegenic. Si se usan fundas de otra marca, la capacidad o compatibilidad podr\u00edan variar<\/p>\n<\/div>\n<div class=\"fusion-clearfix\"><\/div><\/div><\/div><div class=\"fusion-layout-column fusion_builder_column fusion-builder-column-1 fusion_builder_column_1_2 1_2 fusion-one-half fusion-column-last\" style=\"--awb-bg-size:cover;width:50%;width:calc(50% - ( ( 60px ) * 0.5 ) );\"><div class=\"fusion-column-wrapper fusion-column-has-shadow fusion-flex-column-wrapper-legacy\">\n<h2>ESPECIFICACIONES<\/h2>\n<div class=\"table-2\">\n<table style=\"width: 100%; height: 96px;\" width=\"100%\">\n<tbody>\n<tr style=\"height: 48px;\">\n<td style=\"height: 48px;\" align=\"left\">Tama\u00f1o de los productos<br \/>\n<span class=\"gg-wdh\">(ancho x alto)<\/span><\/td>\n<td style=\"height: 48px;\" align=\"left\">76 x 101 mm<\/td>\n<\/tr>\n<tr style=\"height: 24px;\">\n<td style=\"vertical-align: top; height: 24px;\" align=\"left\">Material<\/td>\n<td style=\"height: 24px;\" align=\"left\"><span class=\"ui-provider fz b c d e f g h i j k l m n o p q r s t u v w x y z ab ac ae af ag ah ai aj ak\" dir=\"ltr\">PVC<\/span><\/td>\n<\/tr>\n<tr style=\"height: 24px;\">\n<td style=\"height: 24px;\" align=\"left\">Tipo de embalaje<\/td>\n<td style=\"height: 24px;\" align=\"left\">Caja de cart\u00f3n<\/td>\n<\/tr>\n<\/tbody>\n<\/table>\n<\/div>\n<h2 style=\"margin-top:60px\">MSRP<i data-tooltip=\"No se pueden realizar compras a trav\u00e9s de este sitio web. Todos los precios indicados son el precio de venta al p\u00fablico recomendado por el fabricante en euros (con IVA) o en d\u00f3lares (sin IVA). Los posibles gastos de env\u00edo no est\u00e1n incluidos. Los precios indicados no son vinculantes y pueden tratarse como una recomendaci\u00f3n.\" class=\"fas fa-info-circle gg-tooltip\">\uf05a<\/i><\/h2>\n<form action=\"\" method=\"post\" id=\"alg_currency_selector\"><select name=\"alg_currency\" id=\"alg_currency_select\" class=\"alg_currency_select\" onchange=\"this.form.submit()\"><option id=\"alg_currency_USD\" value=\"USD\" >USD<\/option><option id=\"alg_currency_EUR\" value=\"EUR\"  selected='selected'>EUR<\/option><option id=\"alg_currency_CAD\" value=\"CAD\" >U.S.-USD<\/option><\/select><noscript><input type=\"submit\" value=\"Refresh\"><\/noscript><\/form>\n<span class=\"woocommerce-Price-amount amount\"><bdi><span class=\"woocommerce-Price-currencySymbol\">EUR<\/span>&nbsp;3,99<\/bdi><\/span>\n\n<div class=\"fusion-alignleft\"><a class=\"fusion-button button-flat fusion-button-default-size button-default fusion-button-default button-1 fusion-button-default-span fusion-button-default-type shopfinder-button\" target=\"_blank\" rel=\"noopener noreferrer\" href=\"https:\/\/www.gamegenic.com\/es\/buscador-de-tiendas\/\"><i class=\"fa-globe-americas fas awb-button__icon awb-button__icon--default button-icon-left\" aria-hidden=\"true\"><\/i><span class=\"fusion-button-text awb-button__text awb-button__text--default\">D\u00f3nde comprarlos<\/span><\/a><\/div>\n<div class=\"fusion-clearfix\"><\/div><\/div><\/div><\/div><\/div>\n","protected":false},"excerpt":{"rendered":"<p><strong data-start=\"271\" data-end=\"323\">\u00a1M\u00e1xima protecci\u00f3n para tus cartas m\u00e1s valiosas!<\/strong><br data-start=\"323\" data-end=\"326\" \/>Nuestros TOPLOADING EXOSHIELDS de Gamegenic son fundas toploading premium de alta calidad y ultra transparentes para cartas de tama\u00f1o est\u00e1ndar. El pl\u00e1stico grueso envuelve completamente la carta, la mantiene limpia y evita da\u00f1os. Los TOPLOADING EXOSHIELDS son r\u00edgidos, duraderos y cuentan con protecci\u00f3n UV, lo que los hace ideales para una gran variedad de usos. Est\u00e1n dise\u00f1ados para cartas enfundadas*, por ejemplo con fundas Prime\/Matte de Gamegenic o fundas Standard Card Game (c\u00f3digo de color: Gray). Admiten cartas de hasta 35pt de grosor y miden 7,6 x 10,1 cm. Cada paquete contiene 25 unidades. Protege tus cartas m\u00e1s valiosas en cualquier situaci\u00f3n. Env\u00edo, almacenamiento o exhibici\u00f3n: \u00a1nuestros TOPLOADING EXOSHIELDS ofrecen la m\u00e1xima protecci\u00f3n!<\/p>\n","protected":false},"featured_media":38815,"template":"","meta":[],"product_brand":[],"product_cat":[496,507,497],"product_tag":[],"class_list":{"0":"post-38841","1":"product","2":"type-product","3":"status-publish","4":"has-post-thumbnail","6":"product_cat-cajas","7":"product_cat-cajas-protectoras","8":"product_cat-linea-basica-avanzada","10":"first","11":"instock","12":"featured","13":"shipping-taxable","14":"purchasable","15":"product-type-variable","16":"has-default-attributes","17":"wvs-archive-product-wrapper"},"yoast_head":"<!-- This site is optimized with the Yoast SEO plugin v27.3 - https:\/\/yoast.com\/product\/yoast-seo-wordpress\/ -->\n<title>PREMIUM TOPLOADING EXOSHIELDS - GAMEGENIC - Ingenious Supplies<\/title>\n<meta name=\"description\" content=\"Premium Toploading Exoshields para cartas est\u00e1ndar de hasta 35pt. Con protecci\u00f3n UV, film protector y material ultra transparente de alta calidad.\" \/>\n<meta name=\"robots\" content=\"index, follow, max-snippet:-1, max-image-preview:large, max-video-preview:-1\" \/>\n<link rel=\"canonical\" href=\"https:\/\/www.gamegenic.com\/es\/producto\/premium-toploading-exoshields\/\" \/>\n<meta property=\"og:locale\" content=\"es_ES\" \/>\n<meta property=\"og:type\" content=\"article\" \/>\n<meta property=\"og:title\" content=\"Premium Toploading Exoshields\" \/>\n<meta property=\"og:description\" content=\"Protege y exhibe tus cartas m\u00e1s valiosas con fundas toploading premium. Claras, resistentes y perfectas para colecci\u00f3n, env\u00edo o almacenamiento.\" \/>\n<meta property=\"og:url\" content=\"https:\/\/www.gamegenic.com\/es\/producto\/premium-toploading-exoshields\/\" \/>\n<meta property=\"og:site_name\" content=\"GAMEGENIC - Ingenious Supplies\" \/>\n<meta property=\"article:publisher\" content=\"https:\/\/www.facebook.com\/GamegenicSupplies\/\" \/>\n<meta property=\"article:modified_time\" content=\"2025-07-10T10:52:29+00:00\" \/>\n<meta property=\"og:image\" content=\"https:\/\/www.gamegenic.com\/wp-content\/uploads\/2025\/04\/GG_Toploading_Exo-Shields-0005_LXboRGDgv.jpg\" \/>\n\t<meta property=\"og:image:width\" content=\"1200\" \/>\n\t<meta property=\"og:image:height\" content=\"1200\" \/>\n\t<meta property=\"og:image:type\" content=\"image\/jpeg\" \/>\n<meta name=\"twitter:card\" content=\"summary_large_image\" \/>\n<meta name=\"twitter:title\" content=\"Premium Toploading Exoshields\" \/>\n<meta name=\"twitter:description\" content=\"Protege y exhibe tus cartas m\u00e1s valiosas con fundas toploading premium. Claras, resistentes y perfectas para colecci\u00f3n, env\u00edo o almacenamiento.\" \/>\n<meta name=\"twitter:site\" content=\"@Gamegenic_\" \/>\n<meta name=\"twitter:label1\" content=\"Tiempo de lectura\" \/>\n\t<meta name=\"twitter:data1\" content=\"1 minuto\" \/>\n<script type=\"application\/ld+json\" class=\"yoast-schema-graph\">{\"@context\":\"https:\\\/\\\/schema.org\",\"@graph\":[{\"@type\":\"WebPage\",\"@id\":\"https:\\\/\\\/www.gamegenic.com\\\/es\\\/producto\\\/premium-toploading-exoshields\\\/\",\"url\":\"https:\\\/\\\/www.gamegenic.com\\\/es\\\/producto\\\/premium-toploading-exoshields\\\/\",\"name\":\"PREMIUM TOPLOADING EXOSHIELDS - GAMEGENIC - Ingenious Supplies\",\"isPartOf\":{\"@id\":\"https:\\\/\\\/www.gamegenic.com\\\/es\\\/#website\"},\"primaryImageOfPage\":{\"@id\":\"https:\\\/\\\/www.gamegenic.com\\\/es\\\/producto\\\/premium-toploading-exoshields\\\/#primaryimage\"},\"image\":{\"@id\":\"https:\\\/\\\/www.gamegenic.com\\\/es\\\/producto\\\/premium-toploading-exoshields\\\/#primaryimage\"},\"thumbnailUrl\":\"https:\\\/\\\/www.gamegenic.com\\\/wp-content\\\/uploads\\\/2025\\\/04\\\/GG_Toploading_Exo-Shields-0005_LXboRGDgv.jpg\",\"datePublished\":\"2025-04-25T09:07:01+00:00\",\"dateModified\":\"2025-07-10T10:52:29+00:00\",\"description\":\"Premium Toploading Exoshields para cartas est\u00e1ndar de hasta 35pt. Con protecci\u00f3n UV, film protector y material ultra transparente de alta calidad.\",\"breadcrumb\":{\"@id\":\"https:\\\/\\\/www.gamegenic.com\\\/es\\\/producto\\\/premium-toploading-exoshields\\\/#breadcrumb\"},\"inLanguage\":\"es\",\"potentialAction\":[{\"@type\":\"ReadAction\",\"target\":[\"https:\\\/\\\/www.gamegenic.com\\\/es\\\/producto\\\/premium-toploading-exoshields\\\/\"]}]},{\"@type\":\"ImageObject\",\"inLanguage\":\"es\",\"@id\":\"https:\\\/\\\/www.gamegenic.com\\\/es\\\/producto\\\/premium-toploading-exoshields\\\/#primaryimage\",\"url\":\"https:\\\/\\\/www.gamegenic.com\\\/wp-content\\\/uploads\\\/2025\\\/04\\\/GG_Toploading_Exo-Shields-0005_LXboRGDgv.jpg\",\"contentUrl\":\"https:\\\/\\\/www.gamegenic.com\\\/wp-content\\\/uploads\\\/2025\\\/04\\\/GG_Toploading_Exo-Shields-0005_LXboRGDgv.jpg\",\"width\":1200,\"height\":1200,\"caption\":\"Premium Toploading Exoshields\"},{\"@type\":\"BreadcrumbList\",\"@id\":\"https:\\\/\\\/www.gamegenic.com\\\/es\\\/producto\\\/premium-toploading-exoshields\\\/#breadcrumb\",\"itemListElement\":[{\"@type\":\"ListItem\",\"position\":1,\"name\":\"Home\",\"item\":\"https:\\\/\\\/www.gamegenic.com\\\/es\\\/\"},{\"@type\":\"ListItem\",\"position\":2,\"name\":\"Tienda\",\"item\":\"https:\\\/\\\/www.gamegenic.com\\\/tienda\\\/\"},{\"@type\":\"ListItem\",\"position\":3,\"name\":\"PREMIUM TOPLOADING EXOSHIELDS\"}]},{\"@type\":\"WebSite\",\"@id\":\"https:\\\/\\\/www.gamegenic.com\\\/es\\\/#website\",\"url\":\"https:\\\/\\\/www.gamegenic.com\\\/es\\\/\",\"name\":\"GAMEGENIC - Ingenious Supplies\",\"description\":\"\",\"publisher\":{\"@id\":\"https:\\\/\\\/www.gamegenic.com\\\/es\\\/#organization\"},\"potentialAction\":[{\"@type\":\"SearchAction\",\"target\":{\"@type\":\"EntryPoint\",\"urlTemplate\":\"https:\\\/\\\/www.gamegenic.com\\\/es\\\/?s={search_term_string}\"},\"query-input\":{\"@type\":\"PropertyValueSpecification\",\"valueRequired\":true,\"valueName\":\"search_term_string\"}}],\"inLanguage\":\"es\"},{\"@type\":\"Organization\",\"@id\":\"https:\\\/\\\/www.gamegenic.com\\\/es\\\/#organization\",\"name\":\"Gamegenic GmbH\",\"url\":\"https:\\\/\\\/www.gamegenic.com\\\/es\\\/\",\"logo\":{\"@type\":\"ImageObject\",\"inLanguage\":\"es\",\"@id\":\"https:\\\/\\\/www.gamegenic.com\\\/es\\\/#\\\/schema\\\/logo\\\/image\\\/\",\"url\":\"https:\\\/\\\/www.gamegenic.com\\\/wp-content\\\/uploads\\\/Gamegenic-Logo-FINAL.jpg\",\"contentUrl\":\"https:\\\/\\\/www.gamegenic.com\\\/wp-content\\\/uploads\\\/Gamegenic-Logo-FINAL.jpg\",\"width\":3507,\"height\":2480,\"caption\":\"Gamegenic GmbH\"},\"image\":{\"@id\":\"https:\\\/\\\/www.gamegenic.com\\\/es\\\/#\\\/schema\\\/logo\\\/image\\\/\"},\"sameAs\":[\"https:\\\/\\\/www.facebook.com\\\/GamegenicSupplies\\\/\",\"https:\\\/\\\/x.com\\\/Gamegenic_\",\"https:\\\/\\\/www.instagram.com\\\/gamegenicsupplies\\\/\",\"https:\\\/\\\/www.youtube.com\\\/channel\\\/UCgmMXQPjjWW-Zy9ceMH6oGw\"]}]}<\/script>\n<!-- \/ Yoast SEO plugin. -->","yoast_head_json":{"title":"PREMIUM TOPLOADING EXOSHIELDS - GAMEGENIC - Ingenious Supplies","description":"Premium Toploading Exoshields para cartas est\u00e1ndar de hasta 35pt. Con protecci\u00f3n UV, film protector y material ultra transparente de alta calidad.","robots":{"index":"index","follow":"follow","max-snippet":"max-snippet:-1","max-image-preview":"max-image-preview:large","max-video-preview":"max-video-preview:-1"},"canonical":"https:\/\/www.gamegenic.com\/es\/producto\/premium-toploading-exoshields\/","og_locale":"es_ES","og_type":"article","og_title":"Premium Toploading Exoshields","og_description":"Protege y exhibe tus cartas m\u00e1s valiosas con fundas toploading premium. Claras, resistentes y perfectas para colecci\u00f3n, env\u00edo o almacenamiento.","og_url":"https:\/\/www.gamegenic.com\/es\/producto\/premium-toploading-exoshields\/","og_site_name":"GAMEGENIC - Ingenious Supplies","article_publisher":"https:\/\/www.facebook.com\/GamegenicSupplies\/","article_modified_time":"2025-07-10T10:52:29+00:00","og_image":[{"width":1200,"height":1200,"url":"https:\/\/www.gamegenic.com\/wp-content\/uploads\/2025\/04\/GG_Toploading_Exo-Shields-0005_LXboRGDgv.jpg","type":"image\/jpeg"}],"twitter_card":"summary_large_image","twitter_title":"Premium Toploading Exoshields","twitter_description":"Protege y exhibe tus cartas m\u00e1s valiosas con fundas toploading premium. Claras, resistentes y perfectas para colecci\u00f3n, env\u00edo o almacenamiento.","twitter_site":"@Gamegenic_","twitter_misc":{"Tiempo de lectura":"1 minuto"},"schema":{"@context":"https:\/\/schema.org","@graph":[{"@type":"WebPage","@id":"https:\/\/www.gamegenic.com\/es\/producto\/premium-toploading-exoshields\/","url":"https:\/\/www.gamegenic.com\/es\/producto\/premium-toploading-exoshields\/","name":"PREMIUM TOPLOADING EXOSHIELDS - GAMEGENIC - Ingenious Supplies","isPartOf":{"@id":"https:\/\/www.gamegenic.com\/es\/#website"},"primaryImageOfPage":{"@id":"https:\/\/www.gamegenic.com\/es\/producto\/premium-toploading-exoshields\/#primaryimage"},"image":{"@id":"https:\/\/www.gamegenic.com\/es\/producto\/premium-toploading-exoshields\/#primaryimage"},"thumbnailUrl":"https:\/\/www.gamegenic.com\/wp-content\/uploads\/2025\/04\/GG_Toploading_Exo-Shields-0005_LXboRGDgv.jpg","datePublished":"2025-04-25T09:07:01+00:00","dateModified":"2025-07-10T10:52:29+00:00","description":"Premium Toploading Exoshields para cartas est\u00e1ndar de hasta 35pt. Con protecci\u00f3n UV, film protector y material ultra transparente de alta calidad.","breadcrumb":{"@id":"https:\/\/www.gamegenic.com\/es\/producto\/premium-toploading-exoshields\/#breadcrumb"},"inLanguage":"es","potentialAction":[{"@type":"ReadAction","target":["https:\/\/www.gamegenic.com\/es\/producto\/premium-toploading-exoshields\/"]}]},{"@type":"ImageObject","inLanguage":"es","@id":"https:\/\/www.gamegenic.com\/es\/producto\/premium-toploading-exoshields\/#primaryimage","url":"https:\/\/www.gamegenic.com\/wp-content\/uploads\/2025\/04\/GG_Toploading_Exo-Shields-0005_LXboRGDgv.jpg","contentUrl":"https:\/\/www.gamegenic.com\/wp-content\/uploads\/2025\/04\/GG_Toploading_Exo-Shields-0005_LXboRGDgv.jpg","width":1200,"height":1200,"caption":"Premium Toploading Exoshields"},{"@type":"BreadcrumbList","@id":"https:\/\/www.gamegenic.com\/es\/producto\/premium-toploading-exoshields\/#breadcrumb","itemListElement":[{"@type":"ListItem","position":1,"name":"Home","item":"https:\/\/www.gamegenic.com\/es\/"},{"@type":"ListItem","position":2,"name":"Tienda","item":"https:\/\/www.gamegenic.com\/tienda\/"},{"@type":"ListItem","position":3,"name":"PREMIUM TOPLOADING EXOSHIELDS"}]},{"@type":"WebSite","@id":"https:\/\/www.gamegenic.com\/es\/#website","url":"https:\/\/www.gamegenic.com\/es\/","name":"GAMEGENIC - Ingenious Supplies","description":"","publisher":{"@id":"https:\/\/www.gamegenic.com\/es\/#organization"},"potentialAction":[{"@type":"SearchAction","target":{"@type":"EntryPoint","urlTemplate":"https:\/\/www.gamegenic.com\/es\/?s={search_term_string}"},"query-input":{"@type":"PropertyValueSpecification","valueRequired":true,"valueName":"search_term_string"}}],"inLanguage":"es"},{"@type":"Organization","@id":"https:\/\/www.gamegenic.com\/es\/#organization","name":"Gamegenic GmbH","url":"https:\/\/www.gamegenic.com\/es\/","logo":{"@type":"ImageObject","inLanguage":"es","@id":"https:\/\/www.gamegenic.com\/es\/#\/schema\/logo\/image\/","url":"https:\/\/www.gamegenic.com\/wp-content\/uploads\/Gamegenic-Logo-FINAL.jpg","contentUrl":"https:\/\/www.gamegenic.com\/wp-content\/uploads\/Gamegenic-Logo-FINAL.jpg","width":3507,"height":2480,"caption":"Gamegenic GmbH"},"image":{"@id":"https:\/\/www.gamegenic.com\/es\/#\/schema\/logo\/image\/"},"sameAs":["https:\/\/www.facebook.com\/GamegenicSupplies\/","https:\/\/x.com\/Gamegenic_","https:\/\/www.instagram.com\/gamegenicsupplies\/","https:\/\/www.youtube.com\/channel\/UCgmMXQPjjWW-Zy9ceMH6oGw"]}]}},"_links":{"self":[{"href":"https:\/\/www.gamegenic.com\/es\/wp-json\/wp\/v2\/product\/38841","targetHints":{"allow":["GET"]}}],"collection":[{"href":"https:\/\/www.gamegenic.com\/es\/wp-json\/wp\/v2\/product"}],"about":[{"href":"https:\/\/www.gamegenic.com\/es\/wp-json\/wp\/v2\/types\/product"}],"wp:featuredmedia":[{"embeddable":true,"href":"https:\/\/www.gamegenic.com\/es\/wp-json\/wp\/v2\/media\/38815"}],"wp:attachment":[{"href":"https:\/\/www.gamegenic.com\/es\/wp-json\/wp\/v2\/media?parent=38841"}],"wp:term":[{"taxonomy":"product_brand","embeddable":true,"href":"https:\/\/www.gamegenic.com\/es\/wp-json\/wp\/v2\/product_brand?post=38841"},{"taxonomy":"product_cat","embeddable":true,"href":"https:\/\/www.gamegenic.com\/es\/wp-json\/wp\/v2\/product_cat?post=38841"},{"taxonomy":"product_tag","embeddable":true,"href":"https:\/\/www.gamegenic.com\/es\/wp-json\/wp\/v2\/product_tag?post=38841"}],"curies":[{"name":"wp","href":"https:\/\/api.w.org\/{rel}","templated":true}]}}