{"id":38110,"date":"2025-01-29T12:18:09","date_gmt":"2025-01-29T11:18:09","guid":{"rendered":"https:\/\/www.gamegenic.com\/?post_type=product&#038;p=38110"},"modified":"2026-03-10T16:54:06","modified_gmt":"2026-03-10T15:54:06","slug":"star-wars-unlimited-jtl-xtra-wide-game-mat","status":"publish","type":"product","link":"https:\/\/www.gamegenic.com\/es\/producto\/star-wars-unlimited-jtl-xtra-wide-game-mat\/","title":{"rendered":"<span class=\"swu_headline\"><i>STAR WARS<\/i>\u2122: UNLIMITED<\/span><br>XTRA-WIDE GAME MAT"},"content":{"rendered":"<p><div class=\"fusion-fullwidth fullwidth-box fusion-builder-row-1 fusion-flex-container nonhundred-percent-fullwidth non-hundred-percent-height-scrolling\" style=\"--awb-border-radius-top-left:0px;--awb-border-radius-top-right:0px;--awb-border-radius-bottom-right:0px;--awb-border-radius-bottom-left:0px;--awb-flex-wrap:wrap;\" ><div class=\"fusion-builder-row fusion-row fusion-flex-align-items-flex-start fusion-flex-content-wrap\" style=\"max-width:1248px;margin-left: calc(-4% \/ 2 );margin-right: calc(-4% \/ 2 );\"><div class=\"fusion-layout-column fusion_builder_column fusion-builder-column-0 fusion_builder_column_1_1 1_1 fusion-flex-column\" style=\"--awb-bg-size:cover;--awb-width-large:100%;--awb-margin-top-large:0px;--awb-spacing-right-large:1.92%;--awb-margin-bottom-large:0px;--awb-spacing-left-large:1.92%;--awb-width-medium:100%;--awb-spacing-right-medium:1.92%;--awb-spacing-left-medium:1.92%;--awb-width-small:100%;--awb-spacing-right-small:1.92%;--awb-spacing-left-small:1.92%;\"><div class=\"fusion-column-wrapper fusion-flex-justify-content-flex-start fusion-content-layout-column\"><\/div><\/div><\/div><\/div><div class=\"fusion-fullwidth fullwidth-box fusion-builder-row-2 nonhundred-percent-fullwidth non-hundred-percent-height-scrolling gg-summary gg-position\" style=\"--awb-border-radius-top-left:0px;--awb-border-radius-top-right:0px;--awb-border-radius-bottom-right:0px;--awb-border-radius-bottom-left:0px;--awb-flex-wrap:wrap;\" id=\"gg-anker\" ><div class=\"fusion-builder-row fusion-row\"><div class=\"fusion-layout-column fusion_builder_column fusion-builder-column-1 fusion_builder_column_1_2 1_2 fusion-one-half fusion-column-first gg-features\" style=\"--awb-bg-size:cover;width:50%;width:calc(50% - ( ( 60px ) * 0.5 ) );margin-right: 60px;\"><div class=\"fusion-column-wrapper fusion-column-has-shadow fusion-flex-column-wrapper-legacy\"><div class=\"fusion-text fusion-text-1\"><h2>CARACTER\u00cdSTICAS<\/h2>\n<ul>\n<li><strong>\u00a1NOVEDAD! XTRA-WIDE Game Mat:<\/strong><br \/>\n19 cm m\u00e1s ancho que un tapete est\u00e1ndar<\/li>\n<li>Tapete especialmente dise\u00f1ado con <strong>ESPACIOS DELIMITADOS PARA LAS CARTAS Y LA ZONA DE JUEGO<\/strong><\/li>\n<li><strong>\u00a1NOVEDAD! Costuras planas de gran calidad<\/strong> que evitan que las cartas se enganchen en los hilos<\/li>\n<li><strong>Perfecto para TODOS los fans de <em>Star\u00a0Wars<\/em><span style=\"font-size: 10pt;\">\u2122<\/span><\/strong><\/li>\n<li>Tapete acolchado suavemente con un grosor de 2 mm<\/li>\n<li>Superficie muy fina<\/li>\n<li>La manera de jugar m\u00e1s segura para tus cartas y tus accesorios<\/li>\n<li>Reverso antideslizante<\/li>\n<li>Fabricado en caucho natural<\/li>\n<\/ul>\n<\/div><div class=\"fusion-clearfix\"><\/div><\/div><\/div><div class=\"fusion-layout-column fusion_builder_column fusion-builder-column-2 fusion_builder_column_1_2 1_2 fusion-one-half fusion-column-last\" style=\"--awb-bg-size:cover;width:50%;width:calc(50% - ( ( 60px ) * 0.5 ) );\"><div class=\"fusion-column-wrapper fusion-column-has-shadow fusion-flex-column-wrapper-legacy\">\n<h2>ESPECIFICACIONES<\/h2>\n<div class=\"table-2\">\n<table style=\"width: 98.5516%;\">\n<tbody>\n<tr style=\"height: 48px;\">\n<td style=\"height: 48px;\" align=\"left\">Tama\u00f1o de los productos<\/td>\n<td style=\"height: 48px;\" align=\"left\">800 x 350 mm<\/td>\n<\/tr>\n<tr>\n<td style=\"vertical-align: top;\" align=\"left\">Material<\/td>\n<td style=\"vertical-align: top;\" align=\"left\">Caucho natural<\/td>\n<\/tr>\n<tr style=\"height: 24px;\">\n<td style=\"height: 24px;\" align=\"left\">Tipo de embalaje<\/td>\n<td style=\"height: 24px;\" align=\"left\">Caucho natural<\/td>\n<\/tr>\n<\/tbody>\n<\/table>\n<\/div>\n<h2 style=\"margin-top:60px\">MSRP<i data-tooltip=\"No se pueden realizar compras a trav\u00e9s de este sitio web. Todos los precios indicados son el precio de venta al p\u00fablico recomendado por el fabricante en euros (con IVA) o en d\u00f3lares (sin IVA). Los posibles gastos de env\u00edo no est\u00e1n incluidos. Los precios indicados no son vinculantes y pueden tratarse como una recomendaci\u00f3n.\" class=\"fas fa-info-circle gg-tooltip\">\uf05a<\/i><\/h2>\n<form action=\"\" method=\"post\" id=\"alg_currency_selector\"><select name=\"alg_currency\" id=\"alg_currency_select\" class=\"alg_currency_select\" onchange=\"this.form.submit()\"><option id=\"alg_currency_USD\" value=\"USD\" >USD<\/option><option id=\"alg_currency_EUR\" value=\"EUR\"  selected='selected'>EUR<\/option><option id=\"alg_currency_CAD\" value=\"CAD\" >U.S.-USD<\/option><\/select><noscript><input type=\"submit\" value=\"Refresh\"><\/noscript><\/form>\n<span class=\"woocommerce-Price-amount amount\"><bdi><span class=\"woocommerce-Price-currencySymbol\">EUR<\/span>&nbsp;27,99<\/bdi><\/span>\n\n<div class=\"fusion-alignleft\"><a class=\"fusion-button button-flat fusion-button-default-size button-default fusion-button-default button-1 fusion-button-default-span fusion-button-default-type shopfinder-button\" target=\"_blank\" rel=\"noopener noreferrer\" href=\"https:\/\/www.gamegenic.com\/es\/buscador-de-tiendas\/\"><i class=\"fa-globe-americas fas awb-button__icon awb-button__icon--default button-icon-left\" aria-hidden=\"true\"><\/i><span class=\"fusion-button-text awb-button__text awb-button__text--default\">D\u00f3nde comprarlos<\/span><\/a><\/div>\n<div class=\"fusion-clearfix\"><\/div><\/div><\/div><\/div><\/div><\/p>\n","protected":false},"excerpt":{"rendered":"<p><strong>Tu experiencia de juego sigue creciendo con estos productos nuevos.<\/strong><br \/>\nEste tapete de gran calidad impreso a todo color oficial de <em>Star Wars<\/em><span style=\"font-size: 10pt;\">\u2122<\/span>: Unlimited es un accesorio imprescindible para todos los fans de los juegos de mesa. Gracias a sus 19 cm adicionales, el tapete <em>Star Wars<\/em><span style=\"font-size: 10pt;\">\u2122<\/span>: Unlimited Game Mat XTRA-WIDE te permitir\u00e1 jugar c\u00f3modamente con espacio para tus cartas y los accesorios que necesites. Adem\u00e1s, Su dise\u00f1o incluye espacios delimitados para las cartas y las zonas de juego. Gracias a su acolchamiento suave y a sus terminaciones de gran calidad, podr\u00e1s jugar sin que las cartas se enganchen en las costuras. Este tapete, que est\u00e1 acolchado suavemente con un grosor de 2 mm, protege tus cartas de las superficies sucias o duras. Adem\u00e1s, tiene una superficie muy fina y un reverso antideslizante que evitar\u00e1 que se mueva en la mesa durante las partidas.<\/p>\n","protected":false},"featured_media":37174,"template":"","meta":[],"product_brand":[],"product_cat":[517,1355,527,817,526],"product_tag":[],"class_list":{"0":"post-38110","1":"product","2":"type-product","3":"status-publish","4":"has-post-thumbnail","6":"product_cat-accesorios","7":"product_cat-jump-to-lightspeed-es","8":"product_cat-licencias","9":"product_cat-starwarsunlimited-es","10":"product_cat-tapetes-y-tubos-para-tapetes","12":"first","13":"instock","14":"shipping-taxable","15":"purchasable","16":"product-type-variable","17":"has-default-attributes","18":"wvs-archive-product-wrapper"},"yoast_head":"<!-- This site is optimized with the Yoast SEO plugin v27.3 - https:\/\/yoast.com\/product\/yoast-seo-wordpress\/ -->\n<title>STAR WARS\u2122: UNLIMITEDXTRA-WIDE GAME MAT - GAMEGENIC - Ingenious Supplies<\/title>\n<meta name=\"description\" content=\"Este tapete de gran calidad impreso a todo color oficial de Star Wars\u2122: Unlimited es un accesorio imprescindible para todos los fans de los juegos de mesa. Gracias a sus 19 cm adicionales, el tapete Star Wars\u2122: Unlimited Game Mat XTRA-WIDE te permitir\u00e1 jugar c\u00f3modamente con espacio para tus cartas y los accesorios que necesites. Adem\u00e1s, Su dise\u00f1o incluye espacios delimitados para las cartas y las zonas de juego. Gracias a su acolchamiento suave y a sus terminaciones de gran calidad, podr\u00e1s jugar sin que las cartas se enganchen en las costuras. Este tapete, que est\u00e1 acolchado suavemente con un grosor de 2 mm, protege tus cartas de las superficies sucias o duras. Adem\u00e1s, tiene una superficie muy fina y un reverso antideslizante que evitar\u00e1 que se mueva en la mesa durante las partidas.\" \/>\n<meta name=\"robots\" content=\"index, follow, max-snippet:-1, max-image-preview:large, max-video-preview:-1\" \/>\n<link rel=\"canonical\" href=\"https:\/\/www.gamegenic.com\/es\/producto\/star-wars-unlimited-jtl-xtra-wide-game-mat\/\" \/>\n<meta property=\"og:locale\" content=\"es_ES\" \/>\n<meta property=\"og:type\" content=\"article\" \/>\n<meta property=\"og:title\" content=\"Star Wars\u2122: Unlimited - XTRA-WIDE GAME MAT\" \/>\n<meta property=\"og:description\" content=\"Este tapete de gran calidad impreso a todo color oficial de Star Wars\u2122: Unlimited es un accesorio imprescindible para todos los fans de los juegos de mesa. Gracias a sus 19 cm adicionales, el tapete Star Wars\u2122: Unlimited Game Mat XTRA-WIDE te permitir\u00e1 jugar c\u00f3modamente con espacio para tus cartas y los accesorios que necesites. Adem\u00e1s, Su dise\u00f1o incluye espacios delimitados para las cartas y las zonas de juego. Gracias a su acolchamiento suave y a sus terminaciones de gran calidad, podr\u00e1s jugar sin que las cartas se enganchen en las costuras. Este tapete, que est\u00e1 acolchado suavemente con un grosor de 2 mm, protege tus cartas de las superficies sucias o duras. Adem\u00e1s, tiene una superficie muy fina y un reverso antideslizante que evitar\u00e1 que se mueva en la mesa durante las partidas.\" \/>\n<meta property=\"og:url\" content=\"https:\/\/www.gamegenic.com\/es\/producto\/star-wars-unlimited-jtl-xtra-wide-game-mat\/\" \/>\n<meta property=\"og:site_name\" content=\"GAMEGENIC - Ingenious Supplies\" \/>\n<meta property=\"article:publisher\" content=\"https:\/\/www.facebook.com\/GamegenicSupplies\/\" \/>\n<meta property=\"article:modified_time\" content=\"2026-03-10T15:54:06+00:00\" \/>\n<meta property=\"og:image\" content=\"https:\/\/www.gamegenic.com\/wp-content\/uploads\/2025\/01\/GG_SWH_Playmat_XL80cm_Set-4-Millennium-Falcon-0000_peY1kVNF0.jpg\" \/>\n\t<meta property=\"og:image:width\" content=\"1200\" \/>\n\t<meta property=\"og:image:height\" content=\"1200\" \/>\n\t<meta property=\"og:image:type\" content=\"image\/jpeg\" \/>\n<meta name=\"twitter:card\" content=\"summary_large_image\" \/>\n<meta name=\"twitter:title\" content=\"Star Wars\u2122: Unlimited - XTRA-WIDE GAME MAT\" \/>\n<meta name=\"twitter:description\" content=\"Este tapete de gran calidad impreso a todo color oficial de Star Wars\u2122: Unlimited es un accesorio imprescindible para todos los fans de los juegos de mesa. Gracias a sus 19 cm adicionales, el tapete Star Wars\u2122: Unlimited Game Mat XTRA-WIDE te permitir\u00e1 jugar c\u00f3modamente con espacio para tus cartas y los accesorios que necesites. Adem\u00e1s, Su dise\u00f1o incluye espacios delimitados para las cartas y las zonas de juego. Gracias a su acolchamiento suave y a sus terminaciones de gran calidad, podr\u00e1s jugar sin que las cartas se enganchen en las costuras. Este tapete, que est\u00e1 acolchado suavemente con un grosor de 2 mm, protege tus cartas de las superficies sucias o duras. Adem\u00e1s, tiene una superficie muy fina y un reverso antideslizante que evitar\u00e1 que se mueva en la mesa durante las partidas.\" \/>\n<meta name=\"twitter:site\" content=\"@Gamegenic_\" \/>\n<meta name=\"twitter:label1\" content=\"Tiempo de lectura\" \/>\n\t<meta name=\"twitter:data1\" content=\"1 minuto\" \/>\n<script type=\"application\/ld+json\" class=\"yoast-schema-graph\">{\"@context\":\"https:\\\/\\\/schema.org\",\"@graph\":[{\"@type\":\"WebPage\",\"@id\":\"https:\\\/\\\/www.gamegenic.com\\\/es\\\/producto\\\/star-wars-unlimited-jtl-xtra-wide-game-mat\\\/\",\"url\":\"https:\\\/\\\/www.gamegenic.com\\\/es\\\/producto\\\/star-wars-unlimited-jtl-xtra-wide-game-mat\\\/\",\"name\":\"STAR WARS\u2122: UNLIMITED XTRA-WIDE GAME MAT - GAMEGENIC - Ingenious Supplies\",\"isPartOf\":{\"@id\":\"https:\\\/\\\/www.gamegenic.com\\\/es\\\/#website\"},\"primaryImageOfPage\":{\"@id\":\"https:\\\/\\\/www.gamegenic.com\\\/es\\\/producto\\\/star-wars-unlimited-jtl-xtra-wide-game-mat\\\/#primaryimage\"},\"image\":{\"@id\":\"https:\\\/\\\/www.gamegenic.com\\\/es\\\/producto\\\/star-wars-unlimited-jtl-xtra-wide-game-mat\\\/#primaryimage\"},\"thumbnailUrl\":\"https:\\\/\\\/www.gamegenic.com\\\/wp-content\\\/uploads\\\/2025\\\/01\\\/GG_SWH_Playmat_XL80cm_Set-4-Millennium-Falcon-0000_peY1kVNF0.jpg\",\"datePublished\":\"2025-01-29T11:18:09+00:00\",\"dateModified\":\"2026-03-10T15:54:06+00:00\",\"description\":\"Este tapete de gran calidad impreso a todo color oficial de Star Wars\u2122: Unlimited es un accesorio imprescindible para todos los fans de los juegos de mesa. Gracias a sus 19 cm adicionales, el tapete Star Wars\u2122: Unlimited Game Mat XTRA-WIDE te permitir\u00e1 jugar c\u00f3modamente con espacio para tus cartas y los accesorios que necesites. Adem\u00e1s, Su dise\u00f1o incluye espacios delimitados para las cartas y las zonas de juego. Gracias a su acolchamiento suave y a sus terminaciones de gran calidad, podr\u00e1s jugar sin que las cartas se enganchen en las costuras. Este tapete, que est\u00e1 acolchado suavemente con un grosor de 2 mm, protege tus cartas de las superficies sucias o duras. Adem\u00e1s, tiene una superficie muy fina y un reverso antideslizante que evitar\u00e1 que se mueva en la mesa durante las partidas.\",\"breadcrumb\":{\"@id\":\"https:\\\/\\\/www.gamegenic.com\\\/es\\\/producto\\\/star-wars-unlimited-jtl-xtra-wide-game-mat\\\/#breadcrumb\"},\"inLanguage\":\"es\",\"potentialAction\":[{\"@type\":\"ReadAction\",\"target\":[\"https:\\\/\\\/www.gamegenic.com\\\/es\\\/producto\\\/star-wars-unlimited-jtl-xtra-wide-game-mat\\\/\"]}]},{\"@type\":\"ImageObject\",\"inLanguage\":\"es\",\"@id\":\"https:\\\/\\\/www.gamegenic.com\\\/es\\\/producto\\\/star-wars-unlimited-jtl-xtra-wide-game-mat\\\/#primaryimage\",\"url\":\"https:\\\/\\\/www.gamegenic.com\\\/wp-content\\\/uploads\\\/2025\\\/01\\\/GG_SWH_Playmat_XL80cm_Set-4-Millennium-Falcon-0000_peY1kVNF0.jpg\",\"contentUrl\":\"https:\\\/\\\/www.gamegenic.com\\\/wp-content\\\/uploads\\\/2025\\\/01\\\/GG_SWH_Playmat_XL80cm_Set-4-Millennium-Falcon-0000_peY1kVNF0.jpg\",\"width\":1200,\"height\":1200,\"caption\":\"GAME MAT - XTRA-WIDE\"},{\"@type\":\"BreadcrumbList\",\"@id\":\"https:\\\/\\\/www.gamegenic.com\\\/es\\\/producto\\\/star-wars-unlimited-jtl-xtra-wide-game-mat\\\/#breadcrumb\",\"itemListElement\":[{\"@type\":\"ListItem\",\"position\":1,\"name\":\"Home\",\"item\":\"https:\\\/\\\/www.gamegenic.com\\\/es\\\/\"},{\"@type\":\"ListItem\",\"position\":2,\"name\":\"Tienda\",\"item\":\"https:\\\/\\\/www.gamegenic.com\\\/tienda\\\/\"},{\"@type\":\"ListItem\",\"position\":3,\"name\":\"STAR WARS\u2122: UNLIMITEDXTRA-WIDE GAME MAT\"}]},{\"@type\":\"WebSite\",\"@id\":\"https:\\\/\\\/www.gamegenic.com\\\/es\\\/#website\",\"url\":\"https:\\\/\\\/www.gamegenic.com\\\/es\\\/\",\"name\":\"GAMEGENIC - Ingenious Supplies\",\"description\":\"\",\"publisher\":{\"@id\":\"https:\\\/\\\/www.gamegenic.com\\\/es\\\/#organization\"},\"potentialAction\":[{\"@type\":\"SearchAction\",\"target\":{\"@type\":\"EntryPoint\",\"urlTemplate\":\"https:\\\/\\\/www.gamegenic.com\\\/es\\\/?s={search_term_string}\"},\"query-input\":{\"@type\":\"PropertyValueSpecification\",\"valueRequired\":true,\"valueName\":\"search_term_string\"}}],\"inLanguage\":\"es\"},{\"@type\":\"Organization\",\"@id\":\"https:\\\/\\\/www.gamegenic.com\\\/es\\\/#organization\",\"name\":\"Gamegenic GmbH\",\"url\":\"https:\\\/\\\/www.gamegenic.com\\\/es\\\/\",\"logo\":{\"@type\":\"ImageObject\",\"inLanguage\":\"es\",\"@id\":\"https:\\\/\\\/www.gamegenic.com\\\/es\\\/#\\\/schema\\\/logo\\\/image\\\/\",\"url\":\"https:\\\/\\\/www.gamegenic.com\\\/wp-content\\\/uploads\\\/Gamegenic-Logo-FINAL.jpg\",\"contentUrl\":\"https:\\\/\\\/www.gamegenic.com\\\/wp-content\\\/uploads\\\/Gamegenic-Logo-FINAL.jpg\",\"width\":3507,\"height\":2480,\"caption\":\"Gamegenic GmbH\"},\"image\":{\"@id\":\"https:\\\/\\\/www.gamegenic.com\\\/es\\\/#\\\/schema\\\/logo\\\/image\\\/\"},\"sameAs\":[\"https:\\\/\\\/www.facebook.com\\\/GamegenicSupplies\\\/\",\"https:\\\/\\\/x.com\\\/Gamegenic_\",\"https:\\\/\\\/www.instagram.com\\\/gamegenicsupplies\\\/\",\"https:\\\/\\\/www.youtube.com\\\/channel\\\/UCgmMXQPjjWW-Zy9ceMH6oGw\"]}]}<\/script>\n<!-- \/ Yoast SEO plugin. -->","yoast_head_json":{"title":"STAR WARS\u2122: UNLIMITEDXTRA-WIDE GAME MAT - GAMEGENIC - Ingenious Supplies","description":"Este tapete de gran calidad impreso a todo color oficial de Star Wars\u2122: Unlimited es un accesorio imprescindible para todos los fans de los juegos de mesa. Gracias a sus 19 cm adicionales, el tapete Star Wars\u2122: Unlimited Game Mat XTRA-WIDE te permitir\u00e1 jugar c\u00f3modamente con espacio para tus cartas y los accesorios que necesites. Adem\u00e1s, Su dise\u00f1o incluye espacios delimitados para las cartas y las zonas de juego. Gracias a su acolchamiento suave y a sus terminaciones de gran calidad, podr\u00e1s jugar sin que las cartas se enganchen en las costuras. Este tapete, que est\u00e1 acolchado suavemente con un grosor de 2 mm, protege tus cartas de las superficies sucias o duras. Adem\u00e1s, tiene una superficie muy fina y un reverso antideslizante que evitar\u00e1 que se mueva en la mesa durante las partidas.","robots":{"index":"index","follow":"follow","max-snippet":"max-snippet:-1","max-image-preview":"max-image-preview:large","max-video-preview":"max-video-preview:-1"},"canonical":"https:\/\/www.gamegenic.com\/es\/producto\/star-wars-unlimited-jtl-xtra-wide-game-mat\/","og_locale":"es_ES","og_type":"article","og_title":"Star Wars\u2122: Unlimited - XTRA-WIDE GAME MAT","og_description":"Este tapete de gran calidad impreso a todo color oficial de Star Wars\u2122: Unlimited es un accesorio imprescindible para todos los fans de los juegos de mesa. Gracias a sus 19 cm adicionales, el tapete Star Wars\u2122: Unlimited Game Mat XTRA-WIDE te permitir\u00e1 jugar c\u00f3modamente con espacio para tus cartas y los accesorios que necesites. Adem\u00e1s, Su dise\u00f1o incluye espacios delimitados para las cartas y las zonas de juego. Gracias a su acolchamiento suave y a sus terminaciones de gran calidad, podr\u00e1s jugar sin que las cartas se enganchen en las costuras. Este tapete, que est\u00e1 acolchado suavemente con un grosor de 2 mm, protege tus cartas de las superficies sucias o duras. Adem\u00e1s, tiene una superficie muy fina y un reverso antideslizante que evitar\u00e1 que se mueva en la mesa durante las partidas.","og_url":"https:\/\/www.gamegenic.com\/es\/producto\/star-wars-unlimited-jtl-xtra-wide-game-mat\/","og_site_name":"GAMEGENIC - Ingenious Supplies","article_publisher":"https:\/\/www.facebook.com\/GamegenicSupplies\/","article_modified_time":"2026-03-10T15:54:06+00:00","og_image":[{"width":1200,"height":1200,"url":"https:\/\/www.gamegenic.com\/wp-content\/uploads\/2025\/01\/GG_SWH_Playmat_XL80cm_Set-4-Millennium-Falcon-0000_peY1kVNF0.jpg","type":"image\/jpeg"}],"twitter_card":"summary_large_image","twitter_title":"Star Wars\u2122: Unlimited - XTRA-WIDE GAME MAT","twitter_description":"Este tapete de gran calidad impreso a todo color oficial de Star Wars\u2122: Unlimited es un accesorio imprescindible para todos los fans de los juegos de mesa. Gracias a sus 19 cm adicionales, el tapete Star Wars\u2122: Unlimited Game Mat XTRA-WIDE te permitir\u00e1 jugar c\u00f3modamente con espacio para tus cartas y los accesorios que necesites. Adem\u00e1s, Su dise\u00f1o incluye espacios delimitados para las cartas y las zonas de juego. Gracias a su acolchamiento suave y a sus terminaciones de gran calidad, podr\u00e1s jugar sin que las cartas se enganchen en las costuras. Este tapete, que est\u00e1 acolchado suavemente con un grosor de 2 mm, protege tus cartas de las superficies sucias o duras. Adem\u00e1s, tiene una superficie muy fina y un reverso antideslizante que evitar\u00e1 que se mueva en la mesa durante las partidas.","twitter_site":"@Gamegenic_","twitter_misc":{"Tiempo de lectura":"1 minuto"},"schema":{"@context":"https:\/\/schema.org","@graph":[{"@type":"WebPage","@id":"https:\/\/www.gamegenic.com\/es\/producto\/star-wars-unlimited-jtl-xtra-wide-game-mat\/","url":"https:\/\/www.gamegenic.com\/es\/producto\/star-wars-unlimited-jtl-xtra-wide-game-mat\/","name":"STAR WARS\u2122: UNLIMITED XTRA-WIDE GAME MAT - GAMEGENIC - Ingenious Supplies","isPartOf":{"@id":"https:\/\/www.gamegenic.com\/es\/#website"},"primaryImageOfPage":{"@id":"https:\/\/www.gamegenic.com\/es\/producto\/star-wars-unlimited-jtl-xtra-wide-game-mat\/#primaryimage"},"image":{"@id":"https:\/\/www.gamegenic.com\/es\/producto\/star-wars-unlimited-jtl-xtra-wide-game-mat\/#primaryimage"},"thumbnailUrl":"https:\/\/www.gamegenic.com\/wp-content\/uploads\/2025\/01\/GG_SWH_Playmat_XL80cm_Set-4-Millennium-Falcon-0000_peY1kVNF0.jpg","datePublished":"2025-01-29T11:18:09+00:00","dateModified":"2026-03-10T15:54:06+00:00","description":"Este tapete de gran calidad impreso a todo color oficial de Star Wars\u2122: Unlimited es un accesorio imprescindible para todos los fans de los juegos de mesa. Gracias a sus 19 cm adicionales, el tapete Star Wars\u2122: Unlimited Game Mat XTRA-WIDE te permitir\u00e1 jugar c\u00f3modamente con espacio para tus cartas y los accesorios que necesites. Adem\u00e1s, Su dise\u00f1o incluye espacios delimitados para las cartas y las zonas de juego. Gracias a su acolchamiento suave y a sus terminaciones de gran calidad, podr\u00e1s jugar sin que las cartas se enganchen en las costuras. Este tapete, que est\u00e1 acolchado suavemente con un grosor de 2 mm, protege tus cartas de las superficies sucias o duras. Adem\u00e1s, tiene una superficie muy fina y un reverso antideslizante que evitar\u00e1 que se mueva en la mesa durante las partidas.","breadcrumb":{"@id":"https:\/\/www.gamegenic.com\/es\/producto\/star-wars-unlimited-jtl-xtra-wide-game-mat\/#breadcrumb"},"inLanguage":"es","potentialAction":[{"@type":"ReadAction","target":["https:\/\/www.gamegenic.com\/es\/producto\/star-wars-unlimited-jtl-xtra-wide-game-mat\/"]}]},{"@type":"ImageObject","inLanguage":"es","@id":"https:\/\/www.gamegenic.com\/es\/producto\/star-wars-unlimited-jtl-xtra-wide-game-mat\/#primaryimage","url":"https:\/\/www.gamegenic.com\/wp-content\/uploads\/2025\/01\/GG_SWH_Playmat_XL80cm_Set-4-Millennium-Falcon-0000_peY1kVNF0.jpg","contentUrl":"https:\/\/www.gamegenic.com\/wp-content\/uploads\/2025\/01\/GG_SWH_Playmat_XL80cm_Set-4-Millennium-Falcon-0000_peY1kVNF0.jpg","width":1200,"height":1200,"caption":"GAME MAT - XTRA-WIDE"},{"@type":"BreadcrumbList","@id":"https:\/\/www.gamegenic.com\/es\/producto\/star-wars-unlimited-jtl-xtra-wide-game-mat\/#breadcrumb","itemListElement":[{"@type":"ListItem","position":1,"name":"Home","item":"https:\/\/www.gamegenic.com\/es\/"},{"@type":"ListItem","position":2,"name":"Tienda","item":"https:\/\/www.gamegenic.com\/tienda\/"},{"@type":"ListItem","position":3,"name":"STAR WARS\u2122: UNLIMITEDXTRA-WIDE GAME MAT"}]},{"@type":"WebSite","@id":"https:\/\/www.gamegenic.com\/es\/#website","url":"https:\/\/www.gamegenic.com\/es\/","name":"GAMEGENIC - Ingenious Supplies","description":"","publisher":{"@id":"https:\/\/www.gamegenic.com\/es\/#organization"},"potentialAction":[{"@type":"SearchAction","target":{"@type":"EntryPoint","urlTemplate":"https:\/\/www.gamegenic.com\/es\/?s={search_term_string}"},"query-input":{"@type":"PropertyValueSpecification","valueRequired":true,"valueName":"search_term_string"}}],"inLanguage":"es"},{"@type":"Organization","@id":"https:\/\/www.gamegenic.com\/es\/#organization","name":"Gamegenic GmbH","url":"https:\/\/www.gamegenic.com\/es\/","logo":{"@type":"ImageObject","inLanguage":"es","@id":"https:\/\/www.gamegenic.com\/es\/#\/schema\/logo\/image\/","url":"https:\/\/www.gamegenic.com\/wp-content\/uploads\/Gamegenic-Logo-FINAL.jpg","contentUrl":"https:\/\/www.gamegenic.com\/wp-content\/uploads\/Gamegenic-Logo-FINAL.jpg","width":3507,"height":2480,"caption":"Gamegenic GmbH"},"image":{"@id":"https:\/\/www.gamegenic.com\/es\/#\/schema\/logo\/image\/"},"sameAs":["https:\/\/www.facebook.com\/GamegenicSupplies\/","https:\/\/x.com\/Gamegenic_","https:\/\/www.instagram.com\/gamegenicsupplies\/","https:\/\/www.youtube.com\/channel\/UCgmMXQPjjWW-Zy9ceMH6oGw"]}]}},"_links":{"self":[{"href":"https:\/\/www.gamegenic.com\/es\/wp-json\/wp\/v2\/product\/38110","targetHints":{"allow":["GET"]}}],"collection":[{"href":"https:\/\/www.gamegenic.com\/es\/wp-json\/wp\/v2\/product"}],"about":[{"href":"https:\/\/www.gamegenic.com\/es\/wp-json\/wp\/v2\/types\/product"}],"wp:featuredmedia":[{"embeddable":true,"href":"https:\/\/www.gamegenic.com\/es\/wp-json\/wp\/v2\/media\/37174"}],"wp:attachment":[{"href":"https:\/\/www.gamegenic.com\/es\/wp-json\/wp\/v2\/media?parent=38110"}],"wp:term":[{"taxonomy":"product_brand","embeddable":true,"href":"https:\/\/www.gamegenic.com\/es\/wp-json\/wp\/v2\/product_brand?post=38110"},{"taxonomy":"product_cat","embeddable":true,"href":"https:\/\/www.gamegenic.com\/es\/wp-json\/wp\/v2\/product_cat?post=38110"},{"taxonomy":"product_tag","embeddable":true,"href":"https:\/\/www.gamegenic.com\/es\/wp-json\/wp\/v2\/product_tag?post=38110"}],"curies":[{"name":"wp","href":"https:\/\/api.w.org\/{rel}","templated":true}]}}