{"id":38040,"date":"2025-01-29T11:14:05","date_gmt":"2025-01-29T10:14:05","guid":{"rendered":"https:\/\/www.gamegenic.com\/?post_type=product&#038;p=38040"},"modified":"2025-07-14T11:40:15","modified_gmt":"2025-07-14T09:40:15","slug":"star-wars-unlimited-twin-suns-soft-crate","status":"publish","type":"product","link":"https:\/\/www.gamegenic.com\/es\/producto\/star-wars-unlimited-twin-suns-soft-crate\/","title":{"rendered":"<span class=\"swu_headline\"><i>STAR WARS<\/i>\u2122: UNLIMITED<\/span><br>TWIN SUNS SOFT CRATE"},"content":{"rendered":"<p><div class=\"fusion-fullwidth fullwidth-box fusion-builder-row-1 fusion-flex-container nonhundred-percent-fullwidth non-hundred-percent-height-scrolling\" style=\"--awb-border-radius-top-left:0px;--awb-border-radius-top-right:0px;--awb-border-radius-bottom-right:0px;--awb-border-radius-bottom-left:0px;--awb-flex-wrap:wrap;\" ><div class=\"fusion-builder-row fusion-row fusion-flex-align-items-flex-start fusion-flex-content-wrap\" style=\"max-width:1248px;margin-left: calc(-4% \/ 2 );margin-right: calc(-4% \/ 2 );\"><div class=\"fusion-layout-column fusion_builder_column fusion-builder-column-0 fusion_builder_column_1_1 1_1 fusion-flex-column\" style=\"--awb-bg-size:cover;--awb-width-large:100%;--awb-margin-top-large:0px;--awb-spacing-right-large:1.92%;--awb-margin-bottom-large:0px;--awb-spacing-left-large:1.92%;--awb-width-medium:100%;--awb-spacing-right-medium:1.92%;--awb-spacing-left-medium:1.92%;--awb-width-small:100%;--awb-spacing-right-small:1.92%;--awb-spacing-left-small:1.92%;\"><div class=\"fusion-column-wrapper fusion-flex-justify-content-flex-start fusion-content-layout-column\"><\/div><\/div><\/div><\/div><div class=\"fusion-fullwidth fullwidth-box fusion-builder-row-2 nonhundred-percent-fullwidth non-hundred-percent-height-scrolling gg-summary gg-position\" style=\"--awb-border-radius-top-left:0px;--awb-border-radius-top-right:0px;--awb-border-radius-bottom-right:0px;--awb-border-radius-bottom-left:0px;--awb-flex-wrap:wrap;\" id=\"gg-anker\" ><div class=\"fusion-builder-row fusion-row\"><div class=\"fusion-layout-column fusion_builder_column fusion-builder-column-1 fusion_builder_column_1_2 1_2 fusion-one-half fusion-column-first gg-features\" style=\"--awb-bg-size:cover;width:50%;width:calc(50% - ( ( 60px ) * 0.5 ) );margin-right: 60px;\"><div class=\"fusion-column-wrapper fusion-column-has-shadow fusion-flex-column-wrapper-legacy\"><div class=\"fusion-text fusion-text-1\"><h2>CARACTER\u00cdSTICAS<\/h2>\n<ul>\n<li><strong>\u00a1TU SOLUCI\u00d3N TODO EN UNO PARA EL FORMATO TWIN SUNS!<\/strong><br \/>\nDentro caben hasta <strong>100<\/strong> cartas incluso en doble funda* e incluye una <strong>caja adicional para accesorios<\/strong><\/li>\n<li><strong> \u00a1Novedad!<\/strong> 2 fundas Slide Card Case con protecci\u00f3n UV<\/li>\n<li><strong>\u00a1Novedad!<\/strong> Separador flexible Sideloading Flex Card Divider incluido<\/li>\n<li>Compartimentos separados para guardar la caja para fichas incluida y las 2 Slide Card Cases<\/li>\n<li>Carga lateral: las cartas se almacenan horizontalmente<\/li>\n<li>La caja para fichas incluida se queda abierta para que puedas acceder a ella f\u00e1cilmente durante las partidas<\/li>\n<li>Caja resistente con tapa con autocierre y tira para escribir<\/li>\n<li><strong>Tecnolog\u00eda COBRA NECK:<\/strong> la tapa se abre hasta 180\u00b0 para facilitar el acceso<\/li>\n<li>Zonas de uni\u00f3n de gran resistencia. Sin \u00e1cidos, sin PVC<\/li>\n<\/ul>\n<\/div><div class=\"fusion-clearfix\"><\/div><\/div><\/div><div class=\"fusion-layout-column fusion_builder_column fusion-builder-column-2 fusion_builder_column_1_2 1_2 fusion-one-half fusion-column-last\" style=\"--awb-bg-size:cover;width:50%;width:calc(50% - ( ( 60px ) * 0.5 ) );\"><div class=\"fusion-column-wrapper fusion-column-has-shadow fusion-flex-column-wrapper-legacy\">\n<h2>ESPECIFICACIONES<\/h2>\n<div class=\"table-2\">\n<table style=\"width: 100%;\">\n<tbody>\n<tr style=\"height: 48px;\">\n<td style=\"height: 48px;\" align=\"left\">Tama\u00f1o de los productos<br \/>\n<span class=\"gg-wdh\">(ancho x fondo x alto)<\/span><\/td>\n<td style=\"height: 48px;\" align=\"left\">88 x 125 x 78 mm<\/td>\n<\/tr>\n<tr>\n<td style=\"vertical-align: top;\" align=\"left\">Material<\/td>\n<td style=\"vertical-align: top;\" align=\"left\">Polipropileno<\/td>\n<\/tr>\n<tr style=\"height: 24px;\">\n<td style=\"height: 24px;\" align=\"left\">Tipo de embalaje<\/td>\n<td style=\"height: 24px;\" align=\"left\">Caja de cart\u00f3n<\/td>\n<\/tr>\n<\/tbody>\n<\/table>\n<\/div>\n<h2 style=\"margin-top:60px\">MSRP<i data-tooltip=\"No se pueden realizar compras a trav\u00e9s de este sitio web. Todos los precios indicados son el precio de venta al p\u00fablico recomendado por el fabricante en euros (con IVA) o en d\u00f3lares (sin IVA). Los posibles gastos de env\u00edo no est\u00e1n incluidos. Los precios indicados no son vinculantes y pueden tratarse como una recomendaci\u00f3n.\" class=\"fas fa-info-circle gg-tooltip\">\uf05a<\/i><\/h2>\n<form action=\"\" method=\"post\" id=\"alg_currency_selector\"><select name=\"alg_currency\" id=\"alg_currency_select\" class=\"alg_currency_select\" onchange=\"this.form.submit()\"><option id=\"alg_currency_USD\" value=\"USD\" >USD<\/option><option id=\"alg_currency_EUR\" value=\"EUR\"  selected='selected'>EUR<\/option><option id=\"alg_currency_CAD\" value=\"CAD\" >U.S.-USD<\/option><\/select><noscript><input type=\"submit\" value=\"Refresh\"><\/noscript><\/form>\n<span class=\"woocommerce-Price-amount amount\"><bdi><span class=\"woocommerce-Price-currencySymbol\">EUR<\/span>&nbsp;12,99<\/bdi><\/span>\n\n<div class=\"fusion-alignleft\"><a class=\"fusion-button button-flat fusion-button-default-size button-default fusion-button-default button-1 fusion-button-default-span fusion-button-default-type shopfinder-button\" target=\"_blank\" rel=\"noopener noreferrer\" href=\"https:\/\/www.gamegenic.com\/es\/buscador-de-tiendas\/\"><i class=\"fa-globe-americas fas awb-button__icon awb-button__icon--default button-icon-left\" aria-hidden=\"true\"><\/i><span class=\"fusion-button-text awb-button__text awb-button__text--default\">D\u00f3nde comprarlos<\/span><\/a><\/div>\n<div class=\"fusion-clearfix\"><\/div><\/div><\/div><\/div><\/div><\/p>\n","protected":false},"excerpt":{"rendered":"<p><strong>Tu experiencia de juego sigue creciendo con estos productos nuevos.<\/strong><br \/>\nGracias a las cajas TWIN SUNS Soft Crate para <em>Star Wars<span style=\"font-size: 10pt;\">\u2122<\/span><\/em>: Unlimited podr\u00e1s tener una soluci\u00f3n todo en uno econ\u00f3mica para el popular formato TWIN SUNS. Estas cajas para mazos de dise\u00f1o revolucionario con licencia oficial tienen unas caracter\u00edsticas incre\u00edbles. Dentro caben hasta 100 cartas incluso en doble funda que se guardan horizontalmente y adem\u00e1s, tendr\u00e1s una caja adicional para accesorios Eso no es todo: la caja TWIN SUNS Soft Crate incluye 2 fundas Slide Card Cases que son perfectas para proteger y mostrar las 2 cartas de l\u00edder cuando sea necesario. Tanto la caja para accesorios como las 2 fundas Slide Card Cases caben en compartimentos separados, de manera que el mazo siempre queda bien guardado en su lugar. Esta caja tiene 2 dise\u00f1os incre\u00edbles que la convierten en el accesorio indispensable para los fans de <em>Star Wars<span style=\"font-size: 10pt;\">\u2122<\/span><\/em>: Unlimited y para cualquier fan de la franquicia.<\/p>\n[fusion_global id=\"1372\"]\n","protected":false},"featured_media":37894,"template":"","meta":[],"product_brand":[],"product_cat":[496,500,1383,527,501,817],"product_tag":[],"class_list":{"0":"post-38040","1":"product","2":"type-product","3":"status-publish","4":"has-post-thumbnail","6":"product_cat-cajas","7":"product_cat-cajas-para-mazos-basicas","8":"product_cat-swu-core-products-es","9":"product_cat-licencias","10":"product_cat-linea-basica-casual","11":"product_cat-starwarsunlimited-es","13":"first","14":"instock","15":"shipping-taxable","16":"purchasable","17":"product-type-variable","18":"has-default-attributes","19":"wvs-archive-product-wrapper"},"yoast_head":"<!-- This site is optimized with the Yoast SEO plugin v27.3 - https:\/\/yoast.com\/product\/yoast-seo-wordpress\/ -->\n<title>STAR WARS\u2122: UNLIMITEDTWIN SUNS SOFT CRATE - GAMEGENIC - Ingenious Supplies<\/title>\n<meta name=\"description\" content=\"Gracias a las cajas TWIN SUNS Soft Crate para Star Wars\u2122: Unlimited podr\u00e1s tener una soluci\u00f3n todo en uno econ\u00f3mica para el popular formato TWIN SUNS. Estas cajas para mazos de dise\u00f1o revolucionario con licencia oficial tienen unas caracter\u00edsticas incre\u00edbles. Dentro caben hasta 100 cartas incluso en doble funda que se guardan horizontalmente y adem\u00e1s, tendr\u00e1s una caja adicional para accesorios Eso no es todo: la caja TWIN SUNS Soft Crate incluye 2 fundas Slide Card Cases que son perfectas para proteger y mostrar las 2 cartas de l\u00edder cuando sea necesario. Tanto la caja para accesorios como las 2 fundas Slide Card Cases caben en compartimentos separados, de manera que el mazo siempre queda bien guardado en su lugar.\" \/>\n<meta name=\"robots\" content=\"index, follow, max-snippet:-1, max-image-preview:large, max-video-preview:-1\" \/>\n<link rel=\"canonical\" href=\"https:\/\/www.gamegenic.com\/es\/producto\/star-wars-unlimited-twin-suns-soft-crate\/\" \/>\n<meta property=\"og:locale\" content=\"es_ES\" \/>\n<meta property=\"og:type\" content=\"article\" \/>\n<meta property=\"og:title\" content=\"TWIN SUNS SOFT CRATE\" \/>\n<meta property=\"og:description\" content=\"Gracias a las cajas TWIN SUNS Soft Crate para Star Wars\u2122: Unlimited podr\u00e1s tener una soluci\u00f3n todo en uno econ\u00f3mica para el popular formato TWIN SUNS. Estas cajas para mazos de dise\u00f1o revolucionario con licencia oficial tienen unas caracter\u00edsticas incre\u00edbles. Dentro caben hasta 100 cartas incluso en doble funda que se guardan horizontalmente y adem\u00e1s, tendr\u00e1s una caja adicional para accesorios Eso no es todo: la caja TWIN SUNS Soft Crate incluye 2 fundas Slide Card Cases que son perfectas para proteger y mostrar las 2 cartas de l\u00edder cuando sea necesario. Tanto la caja para accesorios como las 2 fundas Slide Card Cases caben en compartimentos separados, de manera que el mazo siempre queda bien guardado en su lugar.\" \/>\n<meta property=\"og:url\" content=\"https:\/\/www.gamegenic.com\/es\/producto\/star-wars-unlimited-twin-suns-soft-crate\/\" \/>\n<meta property=\"og:site_name\" content=\"GAMEGENIC - Ingenious Supplies\" \/>\n<meta property=\"article:publisher\" content=\"https:\/\/www.facebook.com\/GamegenicSupplies\/\" \/>\n<meta property=\"article:modified_time\" content=\"2025-07-14T09:40:15+00:00\" \/>\n<meta property=\"og:image\" content=\"https:\/\/www.gamegenic.com\/wp-content\/uploads\/2025\/01\/GG_SWH-TwinSuns-SoftCrate-Motiv2-0000_OwCPkGWc6.jpg\" \/>\n\t<meta property=\"og:image:width\" content=\"1200\" \/>\n\t<meta property=\"og:image:height\" content=\"1200\" \/>\n\t<meta property=\"og:image:type\" content=\"image\/jpeg\" \/>\n<meta name=\"twitter:card\" content=\"summary_large_image\" \/>\n<meta name=\"twitter:title\" content=\"TWIN SUNS SOFT CRATE\" \/>\n<meta name=\"twitter:description\" content=\"Gracias a las cajas TWIN SUNS Soft Crate para Star Wars\u2122: Unlimited podr\u00e1s tener una soluci\u00f3n todo en uno econ\u00f3mica para el popular formato TWIN SUNS. Estas cajas para mazos de dise\u00f1o revolucionario con licencia oficial tienen unas caracter\u00edsticas incre\u00edbles. Dentro caben hasta 100 cartas incluso en doble funda que se guardan horizontalmente y adem\u00e1s, tendr\u00e1s una caja adicional para accesorios Eso no es todo: la caja TWIN SUNS Soft Crate incluye 2 fundas Slide Card Cases que son perfectas para proteger y mostrar las 2 cartas de l\u00edder cuando sea necesario. Tanto la caja para accesorios como las 2 fundas Slide Card Cases caben en compartimentos separados, de manera que el mazo siempre queda bien guardado en su lugar.\" \/>\n<meta name=\"twitter:site\" content=\"@Gamegenic_\" \/>\n<meta name=\"twitter:label1\" content=\"Tiempo de lectura\" \/>\n\t<meta name=\"twitter:data1\" content=\"1 minuto\" \/>\n<script type=\"application\/ld+json\" class=\"yoast-schema-graph\">{\"@context\":\"https:\\\/\\\/schema.org\",\"@graph\":[{\"@type\":\"WebPage\",\"@id\":\"https:\\\/\\\/www.gamegenic.com\\\/es\\\/producto\\\/star-wars-unlimited-twin-suns-soft-crate\\\/\",\"url\":\"https:\\\/\\\/www.gamegenic.com\\\/es\\\/producto\\\/star-wars-unlimited-twin-suns-soft-crate\\\/\",\"name\":\"STAR WARS\u2122: UNLIMITED TWIN SUNS SOFT CRATE - GAMEGENIC - Ingenious Supplies\",\"isPartOf\":{\"@id\":\"https:\\\/\\\/www.gamegenic.com\\\/es\\\/#website\"},\"primaryImageOfPage\":{\"@id\":\"https:\\\/\\\/www.gamegenic.com\\\/es\\\/producto\\\/star-wars-unlimited-twin-suns-soft-crate\\\/#primaryimage\"},\"image\":{\"@id\":\"https:\\\/\\\/www.gamegenic.com\\\/es\\\/producto\\\/star-wars-unlimited-twin-suns-soft-crate\\\/#primaryimage\"},\"thumbnailUrl\":\"https:\\\/\\\/www.gamegenic.com\\\/wp-content\\\/uploads\\\/2025\\\/01\\\/GG_SWH-TwinSuns-SoftCrate-Motiv2-0000_OwCPkGWc6.jpg\",\"datePublished\":\"2025-01-29T10:14:05+00:00\",\"dateModified\":\"2025-07-14T09:40:15+00:00\",\"description\":\"Gracias a las cajas TWIN SUNS Soft Crate para Star Wars\u2122: Unlimited podr\u00e1s tener una soluci\u00f3n todo en uno econ\u00f3mica para el popular formato TWIN SUNS. Estas cajas para mazos de dise\u00f1o revolucionario con licencia oficial tienen unas caracter\u00edsticas incre\u00edbles. Dentro caben hasta 100 cartas incluso en doble funda que se guardan horizontalmente y adem\u00e1s, tendr\u00e1s una caja adicional para accesorios Eso no es todo: la caja TWIN SUNS Soft Crate incluye 2 fundas Slide Card Cases que son perfectas para proteger y mostrar las 2 cartas de l\u00edder cuando sea necesario. Tanto la caja para accesorios como las 2 fundas Slide Card Cases caben en compartimentos separados, de manera que el mazo siempre queda bien guardado en su lugar.\",\"breadcrumb\":{\"@id\":\"https:\\\/\\\/www.gamegenic.com\\\/es\\\/producto\\\/star-wars-unlimited-twin-suns-soft-crate\\\/#breadcrumb\"},\"inLanguage\":\"es\",\"potentialAction\":[{\"@type\":\"ReadAction\",\"target\":[\"https:\\\/\\\/www.gamegenic.com\\\/es\\\/producto\\\/star-wars-unlimited-twin-suns-soft-crate\\\/\"]}]},{\"@type\":\"ImageObject\",\"inLanguage\":\"es\",\"@id\":\"https:\\\/\\\/www.gamegenic.com\\\/es\\\/producto\\\/star-wars-unlimited-twin-suns-soft-crate\\\/#primaryimage\",\"url\":\"https:\\\/\\\/www.gamegenic.com\\\/wp-content\\\/uploads\\\/2025\\\/01\\\/GG_SWH-TwinSuns-SoftCrate-Motiv2-0000_OwCPkGWc6.jpg\",\"contentUrl\":\"https:\\\/\\\/www.gamegenic.com\\\/wp-content\\\/uploads\\\/2025\\\/01\\\/GG_SWH-TwinSuns-SoftCrate-Motiv2-0000_OwCPkGWc6.jpg\",\"width\":1200,\"height\":1200,\"caption\":\"TWIN SUNS SOFT CRATE - Card Back Blue\"},{\"@type\":\"BreadcrumbList\",\"@id\":\"https:\\\/\\\/www.gamegenic.com\\\/es\\\/producto\\\/star-wars-unlimited-twin-suns-soft-crate\\\/#breadcrumb\",\"itemListElement\":[{\"@type\":\"ListItem\",\"position\":1,\"name\":\"Home\",\"item\":\"https:\\\/\\\/www.gamegenic.com\\\/es\\\/\"},{\"@type\":\"ListItem\",\"position\":2,\"name\":\"Tienda\",\"item\":\"https:\\\/\\\/www.gamegenic.com\\\/tienda\\\/\"},{\"@type\":\"ListItem\",\"position\":3,\"name\":\"STAR WARS\u2122: UNLIMITEDTWIN SUNS SOFT CRATE\"}]},{\"@type\":\"WebSite\",\"@id\":\"https:\\\/\\\/www.gamegenic.com\\\/es\\\/#website\",\"url\":\"https:\\\/\\\/www.gamegenic.com\\\/es\\\/\",\"name\":\"GAMEGENIC - Ingenious Supplies\",\"description\":\"\",\"publisher\":{\"@id\":\"https:\\\/\\\/www.gamegenic.com\\\/es\\\/#organization\"},\"potentialAction\":[{\"@type\":\"SearchAction\",\"target\":{\"@type\":\"EntryPoint\",\"urlTemplate\":\"https:\\\/\\\/www.gamegenic.com\\\/es\\\/?s={search_term_string}\"},\"query-input\":{\"@type\":\"PropertyValueSpecification\",\"valueRequired\":true,\"valueName\":\"search_term_string\"}}],\"inLanguage\":\"es\"},{\"@type\":\"Organization\",\"@id\":\"https:\\\/\\\/www.gamegenic.com\\\/es\\\/#organization\",\"name\":\"Gamegenic GmbH\",\"url\":\"https:\\\/\\\/www.gamegenic.com\\\/es\\\/\",\"logo\":{\"@type\":\"ImageObject\",\"inLanguage\":\"es\",\"@id\":\"https:\\\/\\\/www.gamegenic.com\\\/es\\\/#\\\/schema\\\/logo\\\/image\\\/\",\"url\":\"https:\\\/\\\/www.gamegenic.com\\\/wp-content\\\/uploads\\\/Gamegenic-Logo-FINAL.jpg\",\"contentUrl\":\"https:\\\/\\\/www.gamegenic.com\\\/wp-content\\\/uploads\\\/Gamegenic-Logo-FINAL.jpg\",\"width\":3507,\"height\":2480,\"caption\":\"Gamegenic GmbH\"},\"image\":{\"@id\":\"https:\\\/\\\/www.gamegenic.com\\\/es\\\/#\\\/schema\\\/logo\\\/image\\\/\"},\"sameAs\":[\"https:\\\/\\\/www.facebook.com\\\/GamegenicSupplies\\\/\",\"https:\\\/\\\/x.com\\\/Gamegenic_\",\"https:\\\/\\\/www.instagram.com\\\/gamegenicsupplies\\\/\",\"https:\\\/\\\/www.youtube.com\\\/channel\\\/UCgmMXQPjjWW-Zy9ceMH6oGw\"]}]}<\/script>\n<!-- \/ Yoast SEO plugin. -->","yoast_head_json":{"title":"STAR WARS\u2122: UNLIMITEDTWIN SUNS SOFT CRATE - GAMEGENIC - Ingenious Supplies","description":"Gracias a las cajas TWIN SUNS Soft Crate para Star Wars\u2122: Unlimited podr\u00e1s tener una soluci\u00f3n todo en uno econ\u00f3mica para el popular formato TWIN SUNS. Estas cajas para mazos de dise\u00f1o revolucionario con licencia oficial tienen unas caracter\u00edsticas incre\u00edbles. Dentro caben hasta 100 cartas incluso en doble funda que se guardan horizontalmente y adem\u00e1s, tendr\u00e1s una caja adicional para accesorios Eso no es todo: la caja TWIN SUNS Soft Crate incluye 2 fundas Slide Card Cases que son perfectas para proteger y mostrar las 2 cartas de l\u00edder cuando sea necesario. Tanto la caja para accesorios como las 2 fundas Slide Card Cases caben en compartimentos separados, de manera que el mazo siempre queda bien guardado en su lugar.","robots":{"index":"index","follow":"follow","max-snippet":"max-snippet:-1","max-image-preview":"max-image-preview:large","max-video-preview":"max-video-preview:-1"},"canonical":"https:\/\/www.gamegenic.com\/es\/producto\/star-wars-unlimited-twin-suns-soft-crate\/","og_locale":"es_ES","og_type":"article","og_title":"TWIN SUNS SOFT CRATE","og_description":"Gracias a las cajas TWIN SUNS Soft Crate para Star Wars\u2122: Unlimited podr\u00e1s tener una soluci\u00f3n todo en uno econ\u00f3mica para el popular formato TWIN SUNS. Estas cajas para mazos de dise\u00f1o revolucionario con licencia oficial tienen unas caracter\u00edsticas incre\u00edbles. Dentro caben hasta 100 cartas incluso en doble funda que se guardan horizontalmente y adem\u00e1s, tendr\u00e1s una caja adicional para accesorios Eso no es todo: la caja TWIN SUNS Soft Crate incluye 2 fundas Slide Card Cases que son perfectas para proteger y mostrar las 2 cartas de l\u00edder cuando sea necesario. Tanto la caja para accesorios como las 2 fundas Slide Card Cases caben en compartimentos separados, de manera que el mazo siempre queda bien guardado en su lugar.","og_url":"https:\/\/www.gamegenic.com\/es\/producto\/star-wars-unlimited-twin-suns-soft-crate\/","og_site_name":"GAMEGENIC - Ingenious Supplies","article_publisher":"https:\/\/www.facebook.com\/GamegenicSupplies\/","article_modified_time":"2025-07-14T09:40:15+00:00","og_image":[{"width":1200,"height":1200,"url":"https:\/\/www.gamegenic.com\/wp-content\/uploads\/2025\/01\/GG_SWH-TwinSuns-SoftCrate-Motiv2-0000_OwCPkGWc6.jpg","type":"image\/jpeg"}],"twitter_card":"summary_large_image","twitter_title":"TWIN SUNS SOFT CRATE","twitter_description":"Gracias a las cajas TWIN SUNS Soft Crate para Star Wars\u2122: Unlimited podr\u00e1s tener una soluci\u00f3n todo en uno econ\u00f3mica para el popular formato TWIN SUNS. Estas cajas para mazos de dise\u00f1o revolucionario con licencia oficial tienen unas caracter\u00edsticas incre\u00edbles. Dentro caben hasta 100 cartas incluso en doble funda que se guardan horizontalmente y adem\u00e1s, tendr\u00e1s una caja adicional para accesorios Eso no es todo: la caja TWIN SUNS Soft Crate incluye 2 fundas Slide Card Cases que son perfectas para proteger y mostrar las 2 cartas de l\u00edder cuando sea necesario. Tanto la caja para accesorios como las 2 fundas Slide Card Cases caben en compartimentos separados, de manera que el mazo siempre queda bien guardado en su lugar.","twitter_site":"@Gamegenic_","twitter_misc":{"Tiempo de lectura":"1 minuto"},"schema":{"@context":"https:\/\/schema.org","@graph":[{"@type":"WebPage","@id":"https:\/\/www.gamegenic.com\/es\/producto\/star-wars-unlimited-twin-suns-soft-crate\/","url":"https:\/\/www.gamegenic.com\/es\/producto\/star-wars-unlimited-twin-suns-soft-crate\/","name":"STAR WARS\u2122: UNLIMITED TWIN SUNS SOFT CRATE - GAMEGENIC - Ingenious Supplies","isPartOf":{"@id":"https:\/\/www.gamegenic.com\/es\/#website"},"primaryImageOfPage":{"@id":"https:\/\/www.gamegenic.com\/es\/producto\/star-wars-unlimited-twin-suns-soft-crate\/#primaryimage"},"image":{"@id":"https:\/\/www.gamegenic.com\/es\/producto\/star-wars-unlimited-twin-suns-soft-crate\/#primaryimage"},"thumbnailUrl":"https:\/\/www.gamegenic.com\/wp-content\/uploads\/2025\/01\/GG_SWH-TwinSuns-SoftCrate-Motiv2-0000_OwCPkGWc6.jpg","datePublished":"2025-01-29T10:14:05+00:00","dateModified":"2025-07-14T09:40:15+00:00","description":"Gracias a las cajas TWIN SUNS Soft Crate para Star Wars\u2122: Unlimited podr\u00e1s tener una soluci\u00f3n todo en uno econ\u00f3mica para el popular formato TWIN SUNS. Estas cajas para mazos de dise\u00f1o revolucionario con licencia oficial tienen unas caracter\u00edsticas incre\u00edbles. Dentro caben hasta 100 cartas incluso en doble funda que se guardan horizontalmente y adem\u00e1s, tendr\u00e1s una caja adicional para accesorios Eso no es todo: la caja TWIN SUNS Soft Crate incluye 2 fundas Slide Card Cases que son perfectas para proteger y mostrar las 2 cartas de l\u00edder cuando sea necesario. Tanto la caja para accesorios como las 2 fundas Slide Card Cases caben en compartimentos separados, de manera que el mazo siempre queda bien guardado en su lugar.","breadcrumb":{"@id":"https:\/\/www.gamegenic.com\/es\/producto\/star-wars-unlimited-twin-suns-soft-crate\/#breadcrumb"},"inLanguage":"es","potentialAction":[{"@type":"ReadAction","target":["https:\/\/www.gamegenic.com\/es\/producto\/star-wars-unlimited-twin-suns-soft-crate\/"]}]},{"@type":"ImageObject","inLanguage":"es","@id":"https:\/\/www.gamegenic.com\/es\/producto\/star-wars-unlimited-twin-suns-soft-crate\/#primaryimage","url":"https:\/\/www.gamegenic.com\/wp-content\/uploads\/2025\/01\/GG_SWH-TwinSuns-SoftCrate-Motiv2-0000_OwCPkGWc6.jpg","contentUrl":"https:\/\/www.gamegenic.com\/wp-content\/uploads\/2025\/01\/GG_SWH-TwinSuns-SoftCrate-Motiv2-0000_OwCPkGWc6.jpg","width":1200,"height":1200,"caption":"TWIN SUNS SOFT CRATE - Card Back Blue"},{"@type":"BreadcrumbList","@id":"https:\/\/www.gamegenic.com\/es\/producto\/star-wars-unlimited-twin-suns-soft-crate\/#breadcrumb","itemListElement":[{"@type":"ListItem","position":1,"name":"Home","item":"https:\/\/www.gamegenic.com\/es\/"},{"@type":"ListItem","position":2,"name":"Tienda","item":"https:\/\/www.gamegenic.com\/tienda\/"},{"@type":"ListItem","position":3,"name":"STAR WARS\u2122: UNLIMITEDTWIN SUNS SOFT CRATE"}]},{"@type":"WebSite","@id":"https:\/\/www.gamegenic.com\/es\/#website","url":"https:\/\/www.gamegenic.com\/es\/","name":"GAMEGENIC - Ingenious Supplies","description":"","publisher":{"@id":"https:\/\/www.gamegenic.com\/es\/#organization"},"potentialAction":[{"@type":"SearchAction","target":{"@type":"EntryPoint","urlTemplate":"https:\/\/www.gamegenic.com\/es\/?s={search_term_string}"},"query-input":{"@type":"PropertyValueSpecification","valueRequired":true,"valueName":"search_term_string"}}],"inLanguage":"es"},{"@type":"Organization","@id":"https:\/\/www.gamegenic.com\/es\/#organization","name":"Gamegenic GmbH","url":"https:\/\/www.gamegenic.com\/es\/","logo":{"@type":"ImageObject","inLanguage":"es","@id":"https:\/\/www.gamegenic.com\/es\/#\/schema\/logo\/image\/","url":"https:\/\/www.gamegenic.com\/wp-content\/uploads\/Gamegenic-Logo-FINAL.jpg","contentUrl":"https:\/\/www.gamegenic.com\/wp-content\/uploads\/Gamegenic-Logo-FINAL.jpg","width":3507,"height":2480,"caption":"Gamegenic GmbH"},"image":{"@id":"https:\/\/www.gamegenic.com\/es\/#\/schema\/logo\/image\/"},"sameAs":["https:\/\/www.facebook.com\/GamegenicSupplies\/","https:\/\/x.com\/Gamegenic_","https:\/\/www.instagram.com\/gamegenicsupplies\/","https:\/\/www.youtube.com\/channel\/UCgmMXQPjjWW-Zy9ceMH6oGw"]}]}},"_links":{"self":[{"href":"https:\/\/www.gamegenic.com\/es\/wp-json\/wp\/v2\/product\/38040","targetHints":{"allow":["GET"]}}],"collection":[{"href":"https:\/\/www.gamegenic.com\/es\/wp-json\/wp\/v2\/product"}],"about":[{"href":"https:\/\/www.gamegenic.com\/es\/wp-json\/wp\/v2\/types\/product"}],"wp:featuredmedia":[{"embeddable":true,"href":"https:\/\/www.gamegenic.com\/es\/wp-json\/wp\/v2\/media\/37894"}],"wp:attachment":[{"href":"https:\/\/www.gamegenic.com\/es\/wp-json\/wp\/v2\/media?parent=38040"}],"wp:term":[{"taxonomy":"product_brand","embeddable":true,"href":"https:\/\/www.gamegenic.com\/es\/wp-json\/wp\/v2\/product_brand?post=38040"},{"taxonomy":"product_cat","embeddable":true,"href":"https:\/\/www.gamegenic.com\/es\/wp-json\/wp\/v2\/product_cat?post=38040"},{"taxonomy":"product_tag","embeddable":true,"href":"https:\/\/www.gamegenic.com\/es\/wp-json\/wp\/v2\/product_tag?post=38040"}],"curies":[{"name":"wp","href":"https:\/\/api.w.org\/{rel}","templated":true}]}}