{"id":36673,"date":"2025-05-05T09:00:38","date_gmt":"2025-05-05T07:00:38","guid":{"rendered":"https:\/\/www.gamegenic.com\/?post_type=product&#038;p=36673"},"modified":"2025-09-04T13:08:35","modified_gmt":"2025-09-04T11:08:35","slug":"game-castle","status":"publish","type":"product","link":"https:\/\/www.gamegenic.com\/es\/producto\/game-castle\/","title":{"rendered":"GAME CASTLE"},"content":{"rendered":"<div class=\"fusion-fullwidth fullwidth-box fusion-builder-row-1 nonhundred-percent-fullwidth non-hundred-percent-height-scrolling gg-summary gg-position\" style=\"--awb-border-radius-top-left:0px;--awb-border-radius-top-right:0px;--awb-border-radius-bottom-right:0px;--awb-border-radius-bottom-left:0px;--awb-flex-wrap:wrap;\" id=\"gg-anker\" ><div class=\"fusion-builder-row fusion-row\"><div class=\"fusion-layout-column fusion_builder_column fusion-builder-column-0 fusion_builder_column_1_2 1_2 fusion-one-half fusion-column-first gg-features\" style=\"--awb-bg-size:cover;width:50%;width:calc(50% - ( ( 60px ) * 0.5 ) );margin-right: 60px;\"><div class=\"fusion-column-wrapper fusion-column-has-shadow fusion-flex-column-wrapper-legacy\"><div class=\"fusion-text fusion-text-1\"><h2>CARACTER\u00cdSTICAS<\/h2>\n<ul>\n<li><strong data-start=\"161\" data-end=\"177\">TODO EN UNO:<\/strong> caja compacta y resistente para cartas y otros accesorios de juego<\/li>\n<li><strong data-start=\"249\" data-end=\"277\">LL\u00c9VATELA DONDE QUIERAS:<\/strong> tiene una <strong data-start=\"288\" data-end=\"313\">correa para el hombro<\/strong> desmontable y ajustable, adem\u00e1s del asa integrada para que la transportes sin esfuerzo<\/li>\n<li>Ideal para cartas, fichas, dados, plantillas de movimiento y de alcance y muchos accesorios m\u00e1s<\/li>\n<li><strong data-start=\"505\" data-end=\"530\">\u00daTIL POR LOS 2 LADOS:<\/strong> se puede abrir por los 2 lados para acceder a las cartas o a las fichas por separado<\/li>\n<li><strong>LADO PARA CARTAS<\/strong><br \/>\n<strong>6 <\/strong><strong data-start=\"645\" data-end=\"671\">bandejas para cartas<\/strong> en las que podr\u00e1s guardar hasta:<br \/>\n&#8211; <strong>6<\/strong> mazos Commander** en doble funda con fundas interiores muy gruesas*<br \/>\no<br \/>\n&#8211; <strong>600<\/strong> cartas en doble funda con fundas interiores muy gruesas*<br \/>\no<br \/>\n&#8211; <strong>800<\/strong> cartas de juegos de mesa en una sola funda*<\/li>\n<li><strong>LADO PARA ACCESORIOS<\/strong><br \/>\n<strong>19 bandejas extra\u00edbles<\/strong> en <strong>5<\/strong> tama\u00f1os diferentes<\/li>\n<li>En cada bandeja para cartas de tama\u00f1o est\u00e1ndar y de tama\u00f1o americano mini caben <strong>40<\/strong> cartas en una sola funda* o <strong>75<\/strong> cartas sin fundas<\/li>\n<li><strong>Perfecta para una gran variedad de juegos de cartas<\/strong> como Magic: The Gathering\u2122, Commander, Star Wars\u2122: Unlimited, Flesh and Blood\u2122, Disney Lorcana, Pok\u00e9mon\u2122 y muchos m\u00e1s**<\/li>\n<li><strong>Ideal para muchos juegos de mesa y de tablero diferentes<\/strong> como Star Wars\u2122: Legion, Star Wars\u2122: Shatterpoint, Marvel: Crisis Protocol\u2122, Warhammer 40K\u2122 y muchos m\u00e1s**<\/li>\n<li><strong>DISE\u00d1O MODULAR:<\/strong> las bandejas de los modelos Token Silo y Token Silo Cards Add-on son compatibles con esta caja para que puedas combinar tama\u00f1os y colores<\/li>\n<li>Mecanismo de cierre innovador en clip que asegura el cierre seguro y preciso<\/li>\n<li>Material duradero. Libre de \u00e1cido. Sin PVC.<\/li>\n<\/ul>\n<\/div><div class=\"fusion-clearfix\"><\/div><\/div><\/div><div class=\"fusion-layout-column fusion_builder_column fusion-builder-column-1 fusion_builder_column_1_2 1_2 fusion-one-half fusion-column-last\" style=\"--awb-bg-size:cover;width:50%;width:calc(50% - ( ( 60px ) * 0.5 ) );\"><div class=\"fusion-column-wrapper fusion-column-has-shadow fusion-flex-column-wrapper-legacy\">\n<h2>ESPECIFICACIONES<\/h2>\n<div class=\"table-2\">\n<table style=\"width: 98.5516%;\" width=\"100%\">\n<tbody>\n<tr>\n<td style=\"width: 46.6019%; vertical-align: top;\" align=\"left\">Tama\u00f1o de los productos<br \/>\n<span class=\"gg-wdh\">(ancho x fondo x alto)<\/span><\/td>\n<td style=\"width: 52.692%; vertical-align: top;\" align=\"left\">312 x 278 x 115 mm<\/td>\n<\/tr>\n<tr>\n<td style=\"width: 46.6019%; vertical-align: top;\" colspan=\"2\">Dimensiones interiores de las bandejas<br \/>\n<span class=\"gg-wdh\">(ancho x fondo x alto)<\/span><\/td>\n<\/tr>\n<tr>\n<td style=\"width: 46.6019%; vertical-align: top;\">12x peque\u00f1as<\/td>\n<td style=\"width: 52.692%; vertical-align: top;\">46 x 36 x 24 mm<\/td>\n<\/tr>\n<tr>\n<td style=\"width: 46.6019%; vertical-align: top;\">2x para cartas de tama\u00f1o americano mini<\/td>\n<td style=\"width: 52.692%; vertical-align: top;\">46 x 76 x 24 mm<\/td>\n<\/tr>\n<tr>\n<td style=\"width: 46.6019%; vertical-align: top;\">2x dobles<\/td>\n<td style=\"width: 52.692%; vertical-align: top;\">96 x 36 x 24 mm<\/td>\n<\/tr>\n<tr>\n<td style=\"width: 46.6019%; vertical-align: top;\">2x para cartas de tama\u00f1o est\u00e1ndar<\/td>\n<td style=\"width: 52.692%; vertical-align: top;\">96 x 76 x 24 mm<\/td>\n<\/tr>\n<tr>\n<td style=\"width: 46.6019%; vertical-align: top;\">1x extralarga<\/td>\n<td style=\"width: 52.692%; vertical-align: top;\">295 x 76 x 24 mm<\/td>\n<\/tr>\n<tr>\n<td style=\"vertical-align: top; width: 46.6019%;\" align=\"left\">Material<\/td>\n<td style=\"width: 52.692%; vertical-align: top;\" align=\"left\">Polipropileno<\/td>\n<\/tr>\n<tr>\n<td style=\"width: 46.6019%; vertical-align: top;\" align=\"left\">Tipo de embalaje<\/td>\n<td style=\"width: 52.692%; vertical-align: top;\" align=\"left\">Caja de cart\u00f3n<\/td>\n<\/tr>\n<\/tbody>\n<\/table>\n<\/div>\n<h2 style=\"margin-top:60px\">MSRP<i data-tooltip=\"No se pueden realizar compras a trav\u00e9s de este sitio web. Todos los precios indicados son el precio de venta al p\u00fablico recomendado por el fabricante en euros (con IVA) o en d\u00f3lares (sin IVA). Los posibles gastos de env\u00edo no est\u00e1n incluidos. Los precios indicados no son vinculantes y pueden tratarse como una recomendaci\u00f3n.\" class=\"fas fa-info-circle gg-tooltip\">\uf05a<\/i><\/h2>\n<form action=\"\" method=\"post\" id=\"alg_currency_selector\"><select name=\"alg_currency\" id=\"alg_currency_select\" class=\"alg_currency_select\" onchange=\"this.form.submit()\"><option id=\"alg_currency_USD\" value=\"USD\" >USD<\/option><option id=\"alg_currency_EUR\" value=\"EUR\"  selected='selected'>EUR<\/option><option id=\"alg_currency_CAD\" value=\"CAD\" >U.S.-USD<\/option><\/select><noscript><input type=\"submit\" value=\"Refresh\"><\/noscript><\/form>\n<span class=\"woocommerce-Price-amount amount\"><bdi><span class=\"woocommerce-Price-currencySymbol\">EUR<\/span>&nbsp;54,99<\/bdi><\/span>\n\n<div class=\"fusion-alignleft\"><a class=\"fusion-button button-flat fusion-button-default-size button-default fusion-button-default button-1 fusion-button-default-span fusion-button-default-type shopfinder-button\" target=\"_blank\" rel=\"noopener noreferrer\" href=\"https:\/\/www.gamegenic.com\/es\/buscador-de-tiendas\/\"><i class=\"fa-globe-americas fas awb-button__icon awb-button__icon--default button-icon-left\" aria-hidden=\"true\"><\/i><span class=\"fusion-button-text awb-button__text awb-button__text--default\">D\u00f3nde comprarlos<\/span><\/a><\/div>\n<div class=\"fusion-image-element in-legacy-container\" style=\"--awb-caption-title-font-family:var(--h2_typography-font-family);--awb-caption-title-font-weight:var(--h2_typography-font-weight);--awb-caption-title-font-style:var(--h2_typography-font-style);--awb-caption-title-size:var(--h2_typography-font-size);--awb-caption-title-transform:var(--h2_typography-text-transform);--awb-caption-title-line-height:var(--h2_typography-line-height);--awb-caption-title-letter-spacing:var(--h2_typography-letter-spacing);\"><span class=\" fusion-imageframe imageframe-none imageframe-1 hover-type-none\"><a class=\"fusion-no-lightbox\" href=\"https:\/\/www.gamegenic.com\/redirect\/Game_Castle_tolarian.html\" target=\"_blank\" aria-label=\"Tolarian Community College\" rel=\"noopener noreferrer\"><img decoding=\"async\" width=\"1432\" height=\"614\" alt=\"Tolarian Community College\" src=\"https:\/\/www.gamegenic.com\/wp-content\/uploads\/2025\/07\/TCC_Badges_Web_Game_Castle_re3IkfnwY.jpg\" class=\"img-responsive wp-image-40134\" srcset=\"https:\/\/www.gamegenic.com\/wp-content\/uploads\/2025\/07\/TCC_Badges_Web_Game_Castle_re3IkfnwY-200x86.jpg 200w, https:\/\/www.gamegenic.com\/wp-content\/uploads\/2025\/07\/TCC_Badges_Web_Game_Castle_re3IkfnwY-400x172.jpg 400w, https:\/\/www.gamegenic.com\/wp-content\/uploads\/2025\/07\/TCC_Badges_Web_Game_Castle_re3IkfnwY-600x257.jpg 600w, https:\/\/www.gamegenic.com\/wp-content\/uploads\/2025\/07\/TCC_Badges_Web_Game_Castle_re3IkfnwY-800x343.jpg 800w, https:\/\/www.gamegenic.com\/wp-content\/uploads\/2025\/07\/TCC_Badges_Web_Game_Castle_re3IkfnwY-1200x515.jpg 1200w, https:\/\/www.gamegenic.com\/wp-content\/uploads\/2025\/07\/TCC_Badges_Web_Game_Castle_re3IkfnwY.jpg 1432w\" sizes=\"(max-width: 999px) 100vw, 600px\" \/><\/a><\/span><\/div><div class=\"fusion-clearfix\"><\/div><\/div><\/div><\/div><\/div>\n","protected":false},"excerpt":{"rendered":"<p><strong>\u00a1LLEVA TU JUEGO AL SIGUIENTE NIVEL!<\/strong><br \/>\nLa caja Game Castle es una soluci\u00f3n todo en uno con acceso doble para los fans de cualquier juego de mesa o juegos de cartas. Este nuevo producto se puede abrir por los 2 lados para que puedas acceder separadamente a las cartas o a las fichas. Su dise\u00f1o innovador la convierte en una manera muy segura de guardar tus accesorios que adem\u00e1s se puede transportar f\u00e1cilmente gracias a su asa integrada y una correa para el hombro desmontable y ajustable. As\u00ed te la podr\u00e1s llevar a tus noches de juegos o a los torneos sin problemas.<br \/>\nEsta caja es ideal para guardar 6 mazos Commander** (6&#215;100 cartas en doble funda), fichas, dados, plantillas de movimiento y de alcance y muchos accesorios m\u00e1s. Un lado de la caja contiene 6 bandejas extra\u00edbles para 600 cartas en doble funda con fundas interiores muy gruesas o para 800 cartas de juegos de mesa en una sola funda. El otro lado contiene 19 bandejas extra\u00edbles en 5 tama\u00f1os diferentes, entre las que se incluyen 1 extralarga para guardar plantillas de movimiento y de alcance, 2 bandejas para cartas de tama\u00f1o americano mini y 2 para cartas de tama\u00f1o est\u00e1ndar. Todas estas bandejas son extra\u00edbles y se pueden intercambiar por bandejas del modelo original <a href=\"https:\/\/www.gamegenic.com\/es\/producto\/token-silo-convertible\"><strong>Token Silo<\/strong><\/a> y del modelo <a href=\"https:\/\/www.gamegenic.com\/es\/producto\/token-silo-cards-add-on\"><strong>Token Silo Cards Add-on<\/strong><\/a>, de manera que podr\u00e1s personalizar la caja a tu antojo. Adem\u00e1s, tiene un mecanismo de cierre innovador en clip que asegura el cierre seguro y preciso Por eso, el modelo Game Castle es la soluci\u00f3n definitiva para quienes buscan seguridad y flexibilidad a la hora de guardar sus accesorios. \u00a1No te conformes con cualquier cosa!<\/p>\n[fusion_global id=\"40125\"]\n","protected":false},"featured_media":36543,"template":"","meta":[],"product_brand":[],"product_cat":[498,496,497],"product_tag":[],"class_list":{"0":"post-36673","1":"product","2":"type-product","3":"status-publish","4":"has-post-thumbnail","6":"product_cat-almacenamiento-avanzado","7":"product_cat-cajas","8":"product_cat-linea-basica-avanzada","10":"first","11":"instock","12":"featured","13":"shipping-taxable","14":"purchasable","15":"product-type-variable","16":"has-default-attributes","17":"wvs-archive-product-wrapper"},"yoast_head":"<!-- This site is optimized with the Yoast SEO plugin v27.3 - https:\/\/yoast.com\/product\/yoast-seo-wordpress\/ -->\n<title>GAME CASTLE - GAMEGENIC - Ingenious Supplies<\/title>\n<meta name=\"description\" content=\"La caja Game Castle es una soluci\u00f3n todo en uno con acceso doble para los fans de cualquier juego de mesa o juegos de cartas. Este nuevo producto se puede abrir por los 2 lados para que puedas acceder separadamente a las cartas o a las fichas. Su dise\u00f1o innovador la convierte en una manera muy segura de guardar tus accesorios que adem\u00e1s se puede transportar f\u00e1cilmente gracias a su asa integrada. As\u00ed te la podr\u00e1s llevar a tus noches de juegos o a los torneos sin problemas.\" \/>\n<meta name=\"robots\" content=\"index, follow, max-snippet:-1, max-image-preview:large, max-video-preview:-1\" \/>\n<link rel=\"canonical\" href=\"https:\/\/www.gamegenic.com\/es\/producto\/game-castle\/\" \/>\n<meta property=\"og:locale\" content=\"es_ES\" \/>\n<meta property=\"og:type\" content=\"article\" \/>\n<meta property=\"og:title\" content=\"GAME CASTLE\" \/>\n<meta property=\"og:description\" content=\"La caja Game Castle es una soluci\u00f3n todo en uno con acceso doble para los fans de cualquier juego de mesa o juegos de cartas. Este nuevo producto se puede abrir por los 2 lados para que puedas acceder separadamente a las cartas o a las fichas. Su dise\u00f1o innovador la convierte en una manera muy segura de guardar tus accesorios que adem\u00e1s se puede transportar f\u00e1cilmente gracias a su asa integrada. As\u00ed te la podr\u00e1s llevar a tus noches de juegos o a los torneos sin problemas.\" \/>\n<meta property=\"og:url\" content=\"https:\/\/www.gamegenic.com\/es\/producto\/game-castle\/\" \/>\n<meta property=\"og:site_name\" content=\"GAMEGENIC - Ingenious Supplies\" \/>\n<meta property=\"article:publisher\" content=\"https:\/\/www.facebook.com\/GamegenicSupplies\/\" \/>\n<meta property=\"article:modified_time\" content=\"2025-09-04T11:08:35+00:00\" \/>\n<meta property=\"og:image\" content=\"https:\/\/www.gamegenic.com\/wp-content\/uploads\/2024\/10\/Game-Castle-Black-Green-0003_2ogBGj8XV.jpg\" \/>\n\t<meta property=\"og:image:width\" content=\"1200\" \/>\n\t<meta property=\"og:image:height\" content=\"1200\" \/>\n\t<meta property=\"og:image:type\" content=\"image\/jpeg\" \/>\n<meta name=\"twitter:card\" content=\"summary_large_image\" \/>\n<meta name=\"twitter:title\" content=\"GAME CASTLE\" \/>\n<meta name=\"twitter:description\" content=\"La caja Game Castle es una soluci\u00f3n todo en uno con acceso doble para los fans de cualquier juego de mesa o juegos de cartas. Este nuevo producto se puede abrir por los 2 lados para que puedas acceder separadamente a las cartas o a las fichas. Su dise\u00f1o innovador la convierte en una manera muy segura de guardar tus accesorios que adem\u00e1s se puede transportar f\u00e1cilmente gracias a su asa integrada. As\u00ed te la podr\u00e1s llevar a tus noches de juegos o a los torneos sin problemas.\" \/>\n<meta name=\"twitter:site\" content=\"@Gamegenic_\" \/>\n<meta name=\"twitter:label1\" content=\"Tiempo de lectura\" \/>\n\t<meta name=\"twitter:data1\" content=\"2 minutos\" \/>\n<script type=\"application\/ld+json\" class=\"yoast-schema-graph\">{\"@context\":\"https:\\\/\\\/schema.org\",\"@graph\":[{\"@type\":\"WebPage\",\"@id\":\"https:\\\/\\\/www.gamegenic.com\\\/es\\\/producto\\\/game-castle\\\/\",\"url\":\"https:\\\/\\\/www.gamegenic.com\\\/es\\\/producto\\\/game-castle\\\/\",\"name\":\"GAME CASTLE - GAMEGENIC - Ingenious Supplies\",\"isPartOf\":{\"@id\":\"https:\\\/\\\/www.gamegenic.com\\\/es\\\/#website\"},\"primaryImageOfPage\":{\"@id\":\"https:\\\/\\\/www.gamegenic.com\\\/es\\\/producto\\\/game-castle\\\/#primaryimage\"},\"image\":{\"@id\":\"https:\\\/\\\/www.gamegenic.com\\\/es\\\/producto\\\/game-castle\\\/#primaryimage\"},\"thumbnailUrl\":\"https:\\\/\\\/www.gamegenic.com\\\/wp-content\\\/uploads\\\/2024\\\/10\\\/Game-Castle-Black-Green-0003_2ogBGj8XV.jpg\",\"datePublished\":\"2025-05-05T07:00:38+00:00\",\"dateModified\":\"2025-09-04T11:08:35+00:00\",\"description\":\"La caja Game Castle es una soluci\u00f3n todo en uno con acceso doble para los fans de cualquier juego de mesa o juegos de cartas. Este nuevo producto se puede abrir por los 2 lados para que puedas acceder separadamente a las cartas o a las fichas. Su dise\u00f1o innovador la convierte en una manera muy segura de guardar tus accesorios que adem\u00e1s se puede transportar f\u00e1cilmente gracias a su asa integrada. As\u00ed te la podr\u00e1s llevar a tus noches de juegos o a los torneos sin problemas.\",\"breadcrumb\":{\"@id\":\"https:\\\/\\\/www.gamegenic.com\\\/es\\\/producto\\\/game-castle\\\/#breadcrumb\"},\"inLanguage\":\"es\",\"potentialAction\":[{\"@type\":\"ReadAction\",\"target\":[\"https:\\\/\\\/www.gamegenic.com\\\/es\\\/producto\\\/game-castle\\\/\"]}]},{\"@type\":\"ImageObject\",\"inLanguage\":\"es\",\"@id\":\"https:\\\/\\\/www.gamegenic.com\\\/es\\\/producto\\\/game-castle\\\/#primaryimage\",\"url\":\"https:\\\/\\\/www.gamegenic.com\\\/wp-content\\\/uploads\\\/2024\\\/10\\\/Game-Castle-Black-Green-0003_2ogBGj8XV.jpg\",\"contentUrl\":\"https:\\\/\\\/www.gamegenic.com\\\/wp-content\\\/uploads\\\/2024\\\/10\\\/Game-Castle-Black-Green-0003_2ogBGj8XV.jpg\",\"width\":1200,\"height\":1200,\"caption\":\"Game Castle - Black Green\"},{\"@type\":\"BreadcrumbList\",\"@id\":\"https:\\\/\\\/www.gamegenic.com\\\/es\\\/producto\\\/game-castle\\\/#breadcrumb\",\"itemListElement\":[{\"@type\":\"ListItem\",\"position\":1,\"name\":\"Home\",\"item\":\"https:\\\/\\\/www.gamegenic.com\\\/es\\\/\"},{\"@type\":\"ListItem\",\"position\":2,\"name\":\"Tienda\",\"item\":\"https:\\\/\\\/www.gamegenic.com\\\/tienda\\\/\"},{\"@type\":\"ListItem\",\"position\":3,\"name\":\"GAME CASTLE\"}]},{\"@type\":\"WebSite\",\"@id\":\"https:\\\/\\\/www.gamegenic.com\\\/es\\\/#website\",\"url\":\"https:\\\/\\\/www.gamegenic.com\\\/es\\\/\",\"name\":\"GAMEGENIC - Ingenious Supplies\",\"description\":\"\",\"publisher\":{\"@id\":\"https:\\\/\\\/www.gamegenic.com\\\/es\\\/#organization\"},\"potentialAction\":[{\"@type\":\"SearchAction\",\"target\":{\"@type\":\"EntryPoint\",\"urlTemplate\":\"https:\\\/\\\/www.gamegenic.com\\\/es\\\/?s={search_term_string}\"},\"query-input\":{\"@type\":\"PropertyValueSpecification\",\"valueRequired\":true,\"valueName\":\"search_term_string\"}}],\"inLanguage\":\"es\"},{\"@type\":\"Organization\",\"@id\":\"https:\\\/\\\/www.gamegenic.com\\\/es\\\/#organization\",\"name\":\"Gamegenic GmbH\",\"url\":\"https:\\\/\\\/www.gamegenic.com\\\/es\\\/\",\"logo\":{\"@type\":\"ImageObject\",\"inLanguage\":\"es\",\"@id\":\"https:\\\/\\\/www.gamegenic.com\\\/es\\\/#\\\/schema\\\/logo\\\/image\\\/\",\"url\":\"https:\\\/\\\/www.gamegenic.com\\\/wp-content\\\/uploads\\\/Gamegenic-Logo-FINAL.jpg\",\"contentUrl\":\"https:\\\/\\\/www.gamegenic.com\\\/wp-content\\\/uploads\\\/Gamegenic-Logo-FINAL.jpg\",\"width\":3507,\"height\":2480,\"caption\":\"Gamegenic GmbH\"},\"image\":{\"@id\":\"https:\\\/\\\/www.gamegenic.com\\\/es\\\/#\\\/schema\\\/logo\\\/image\\\/\"},\"sameAs\":[\"https:\\\/\\\/www.facebook.com\\\/GamegenicSupplies\\\/\",\"https:\\\/\\\/x.com\\\/Gamegenic_\",\"https:\\\/\\\/www.instagram.com\\\/gamegenicsupplies\\\/\",\"https:\\\/\\\/www.youtube.com\\\/channel\\\/UCgmMXQPjjWW-Zy9ceMH6oGw\"]}]}<\/script>\n<!-- \/ Yoast SEO plugin. -->","yoast_head_json":{"title":"GAME CASTLE - GAMEGENIC - Ingenious Supplies","description":"La caja Game Castle es una soluci\u00f3n todo en uno con acceso doble para los fans de cualquier juego de mesa o juegos de cartas. Este nuevo producto se puede abrir por los 2 lados para que puedas acceder separadamente a las cartas o a las fichas. Su dise\u00f1o innovador la convierte en una manera muy segura de guardar tus accesorios que adem\u00e1s se puede transportar f\u00e1cilmente gracias a su asa integrada. As\u00ed te la podr\u00e1s llevar a tus noches de juegos o a los torneos sin problemas.","robots":{"index":"index","follow":"follow","max-snippet":"max-snippet:-1","max-image-preview":"max-image-preview:large","max-video-preview":"max-video-preview:-1"},"canonical":"https:\/\/www.gamegenic.com\/es\/producto\/game-castle\/","og_locale":"es_ES","og_type":"article","og_title":"GAME CASTLE","og_description":"La caja Game Castle es una soluci\u00f3n todo en uno con acceso doble para los fans de cualquier juego de mesa o juegos de cartas. Este nuevo producto se puede abrir por los 2 lados para que puedas acceder separadamente a las cartas o a las fichas. Su dise\u00f1o innovador la convierte en una manera muy segura de guardar tus accesorios que adem\u00e1s se puede transportar f\u00e1cilmente gracias a su asa integrada. As\u00ed te la podr\u00e1s llevar a tus noches de juegos o a los torneos sin problemas.","og_url":"https:\/\/www.gamegenic.com\/es\/producto\/game-castle\/","og_site_name":"GAMEGENIC - Ingenious Supplies","article_publisher":"https:\/\/www.facebook.com\/GamegenicSupplies\/","article_modified_time":"2025-09-04T11:08:35+00:00","og_image":[{"width":1200,"height":1200,"url":"https:\/\/www.gamegenic.com\/wp-content\/uploads\/2024\/10\/Game-Castle-Black-Green-0003_2ogBGj8XV.jpg","type":"image\/jpeg"}],"twitter_card":"summary_large_image","twitter_title":"GAME CASTLE","twitter_description":"La caja Game Castle es una soluci\u00f3n todo en uno con acceso doble para los fans de cualquier juego de mesa o juegos de cartas. Este nuevo producto se puede abrir por los 2 lados para que puedas acceder separadamente a las cartas o a las fichas. Su dise\u00f1o innovador la convierte en una manera muy segura de guardar tus accesorios que adem\u00e1s se puede transportar f\u00e1cilmente gracias a su asa integrada. As\u00ed te la podr\u00e1s llevar a tus noches de juegos o a los torneos sin problemas.","twitter_site":"@Gamegenic_","twitter_misc":{"Tiempo de lectura":"2 minutos"},"schema":{"@context":"https:\/\/schema.org","@graph":[{"@type":"WebPage","@id":"https:\/\/www.gamegenic.com\/es\/producto\/game-castle\/","url":"https:\/\/www.gamegenic.com\/es\/producto\/game-castle\/","name":"GAME CASTLE - GAMEGENIC - Ingenious Supplies","isPartOf":{"@id":"https:\/\/www.gamegenic.com\/es\/#website"},"primaryImageOfPage":{"@id":"https:\/\/www.gamegenic.com\/es\/producto\/game-castle\/#primaryimage"},"image":{"@id":"https:\/\/www.gamegenic.com\/es\/producto\/game-castle\/#primaryimage"},"thumbnailUrl":"https:\/\/www.gamegenic.com\/wp-content\/uploads\/2024\/10\/Game-Castle-Black-Green-0003_2ogBGj8XV.jpg","datePublished":"2025-05-05T07:00:38+00:00","dateModified":"2025-09-04T11:08:35+00:00","description":"La caja Game Castle es una soluci\u00f3n todo en uno con acceso doble para los fans de cualquier juego de mesa o juegos de cartas. Este nuevo producto se puede abrir por los 2 lados para que puedas acceder separadamente a las cartas o a las fichas. Su dise\u00f1o innovador la convierte en una manera muy segura de guardar tus accesorios que adem\u00e1s se puede transportar f\u00e1cilmente gracias a su asa integrada. As\u00ed te la podr\u00e1s llevar a tus noches de juegos o a los torneos sin problemas.","breadcrumb":{"@id":"https:\/\/www.gamegenic.com\/es\/producto\/game-castle\/#breadcrumb"},"inLanguage":"es","potentialAction":[{"@type":"ReadAction","target":["https:\/\/www.gamegenic.com\/es\/producto\/game-castle\/"]}]},{"@type":"ImageObject","inLanguage":"es","@id":"https:\/\/www.gamegenic.com\/es\/producto\/game-castle\/#primaryimage","url":"https:\/\/www.gamegenic.com\/wp-content\/uploads\/2024\/10\/Game-Castle-Black-Green-0003_2ogBGj8XV.jpg","contentUrl":"https:\/\/www.gamegenic.com\/wp-content\/uploads\/2024\/10\/Game-Castle-Black-Green-0003_2ogBGj8XV.jpg","width":1200,"height":1200,"caption":"Game Castle - Black Green"},{"@type":"BreadcrumbList","@id":"https:\/\/www.gamegenic.com\/es\/producto\/game-castle\/#breadcrumb","itemListElement":[{"@type":"ListItem","position":1,"name":"Home","item":"https:\/\/www.gamegenic.com\/es\/"},{"@type":"ListItem","position":2,"name":"Tienda","item":"https:\/\/www.gamegenic.com\/tienda\/"},{"@type":"ListItem","position":3,"name":"GAME CASTLE"}]},{"@type":"WebSite","@id":"https:\/\/www.gamegenic.com\/es\/#website","url":"https:\/\/www.gamegenic.com\/es\/","name":"GAMEGENIC - Ingenious Supplies","description":"","publisher":{"@id":"https:\/\/www.gamegenic.com\/es\/#organization"},"potentialAction":[{"@type":"SearchAction","target":{"@type":"EntryPoint","urlTemplate":"https:\/\/www.gamegenic.com\/es\/?s={search_term_string}"},"query-input":{"@type":"PropertyValueSpecification","valueRequired":true,"valueName":"search_term_string"}}],"inLanguage":"es"},{"@type":"Organization","@id":"https:\/\/www.gamegenic.com\/es\/#organization","name":"Gamegenic GmbH","url":"https:\/\/www.gamegenic.com\/es\/","logo":{"@type":"ImageObject","inLanguage":"es","@id":"https:\/\/www.gamegenic.com\/es\/#\/schema\/logo\/image\/","url":"https:\/\/www.gamegenic.com\/wp-content\/uploads\/Gamegenic-Logo-FINAL.jpg","contentUrl":"https:\/\/www.gamegenic.com\/wp-content\/uploads\/Gamegenic-Logo-FINAL.jpg","width":3507,"height":2480,"caption":"Gamegenic GmbH"},"image":{"@id":"https:\/\/www.gamegenic.com\/es\/#\/schema\/logo\/image\/"},"sameAs":["https:\/\/www.facebook.com\/GamegenicSupplies\/","https:\/\/x.com\/Gamegenic_","https:\/\/www.instagram.com\/gamegenicsupplies\/","https:\/\/www.youtube.com\/channel\/UCgmMXQPjjWW-Zy9ceMH6oGw"]}]}},"_links":{"self":[{"href":"https:\/\/www.gamegenic.com\/es\/wp-json\/wp\/v2\/product\/36673","targetHints":{"allow":["GET"]}}],"collection":[{"href":"https:\/\/www.gamegenic.com\/es\/wp-json\/wp\/v2\/product"}],"about":[{"href":"https:\/\/www.gamegenic.com\/es\/wp-json\/wp\/v2\/types\/product"}],"wp:featuredmedia":[{"embeddable":true,"href":"https:\/\/www.gamegenic.com\/es\/wp-json\/wp\/v2\/media\/36543"}],"wp:attachment":[{"href":"https:\/\/www.gamegenic.com\/es\/wp-json\/wp\/v2\/media?parent=36673"}],"wp:term":[{"taxonomy":"product_brand","embeddable":true,"href":"https:\/\/www.gamegenic.com\/es\/wp-json\/wp\/v2\/product_brand?post=36673"},{"taxonomy":"product_cat","embeddable":true,"href":"https:\/\/www.gamegenic.com\/es\/wp-json\/wp\/v2\/product_cat?post=36673"},{"taxonomy":"product_tag","embeddable":true,"href":"https:\/\/www.gamegenic.com\/es\/wp-json\/wp\/v2\/product_tag?post=36673"}],"curies":[{"name":"wp","href":"https:\/\/api.w.org\/{rel}","templated":true}]}}