{"id":35495,"date":"2024-07-24T08:30:46","date_gmt":"2024-07-02T07:08:47","guid":{"rendered":"https:\/\/www.gamegenic.com\/?post_type=product&#038;p=35495"},"modified":"2025-07-10T15:00:18","modified_gmt":"2025-07-10T13:00:18","slug":"sideloading-flex-card-dividers","status":"publish","type":"product","link":"https:\/\/www.gamegenic.com\/es\/producto\/sideloading-flex-card-dividers\/","title":{"rendered":"SIDELOADING <br \/>FLEX CARD DIVIDERS"},"content":{"rendered":"<div class=\"fusion-fullwidth fullwidth-box fusion-builder-row-1 nonhundred-percent-fullwidth non-hundred-percent-height-scrolling gg-summary gg-position\" style=\"--awb-border-radius-top-left:0px;--awb-border-radius-top-right:0px;--awb-border-radius-bottom-right:0px;--awb-border-radius-bottom-left:0px;--awb-flex-wrap:wrap;\" id=\"gg-anker\" ><div class=\"fusion-builder-row fusion-row\"><div class=\"fusion-layout-column fusion_builder_column fusion-builder-column-0 fusion_builder_column_1_2 1_2 fusion-one-half fusion-column-first gg-features\" style=\"--awb-bg-size:cover;width:50%;width:calc(50% - ( ( 60px ) * 0.5 ) );margin-right: 60px;\"><div class=\"fusion-column-wrapper fusion-column-has-shadow fusion-flex-column-wrapper-legacy\"><div class=\"fusion-text fusion-text-1\"><h2>CARACTER\u00cdSTICAS<\/h2>\n<ul>\n<li><strong>Pack multicolor:<\/strong><br \/>\ncontiene 10 separadores de cartas surtidos<\/li>\n<li>10 colores diferentes que combinan con todas las tonalidades disponibles para las cajas para mazos<\/li>\n<li>INNOVACI\u00d3N: leng\u00fcetas de registro plegables. Es probablemente el primer separador del mercado que realmente cumple con su funci\u00f3n.<\/li>\n<li>NUEVO DISE\u00d1O: perfecto para cajas de carga lateral<\/li>\n<li>La pesta\u00f1a lateral tambi\u00e9n se adapta a cajas de carga superior<\/li>\n<li>Se puede escribir en ellos con los bol\u00edgrafos apropiados y con rotuladores<\/li>\n<li>Hechos de polipropileno resistente<\/li>\n<li>Sin \u00e1cidos Sin PVC<\/li>\n<\/ul>\n<\/div><div class=\"fusion-clearfix\"><\/div><\/div><\/div><div class=\"fusion-layout-column fusion_builder_column fusion-builder-column-1 fusion_builder_column_1_2 1_2 fusion-one-half fusion-column-last\" style=\"--awb-bg-size:cover;width:50%;width:calc(50% - ( ( 60px ) * 0.5 ) );\"><div class=\"fusion-column-wrapper fusion-column-has-shadow fusion-flex-column-wrapper-legacy\">\n<h2>ESPECIFICACIONES<\/h2>\n<div class=\"table-2\">\n<table width=\"100%\">\n<tbody>\n<tr>\n<td align=\"left\">Tama\u00f1o de los productos<\/td>\n<td align=\"left\">92 x 66 mm<\/td>\n<\/tr>\n<tr>\n<td style=\"vertical-align: top;\" align=\"left\">Material<\/td>\n<td align=\"left\">Polipropileno<\/td>\n<\/tr>\n<tr>\n<td align=\"left\">Tipo de embalaje<\/td>\n<td align=\"left\">Bolsa de PPO<\/td>\n<\/tr>\n<\/tbody>\n<\/table>\n<\/div>\n<h2 style=\"margin-top:60px\">MSRP<i data-tooltip=\"No se pueden realizar compras a trav\u00e9s de este sitio web. Todos los precios indicados son el precio de venta al p\u00fablico recomendado por el fabricante en euros (con IVA) o en d\u00f3lares (sin IVA). Los posibles gastos de env\u00edo no est\u00e1n incluidos. Los precios indicados no son vinculantes y pueden tratarse como una recomendaci\u00f3n.\" class=\"fas fa-info-circle gg-tooltip\">\uf05a<\/i><\/h2>\n<form action=\"\" method=\"post\" id=\"alg_currency_selector\"><select name=\"alg_currency\" id=\"alg_currency_select\" class=\"alg_currency_select\" onchange=\"this.form.submit()\"><option id=\"alg_currency_USD\" value=\"USD\" >USD<\/option><option id=\"alg_currency_EUR\" value=\"EUR\"  selected='selected'>EUR<\/option><option id=\"alg_currency_CAD\" value=\"CAD\" >U.S.-USD<\/option><\/select><noscript><input type=\"submit\" value=\"Refresh\"><\/noscript><\/form>\n<span class=\"woocommerce-Price-amount amount\"><bdi><span class=\"woocommerce-Price-currencySymbol\">EUR<\/span>&nbsp;2,29<\/bdi><\/span>\n\n<div class=\"fusion-alignleft\"><a class=\"fusion-button button-flat fusion-button-default-size button-default fusion-button-default button-1 fusion-button-default-span fusion-button-default-type shopfinder-button\" target=\"_blank\" rel=\"noopener noreferrer\" href=\"https:\/\/www.gamegenic.com\/es\/buscador-de-tiendas\/\"><i class=\"fa-globe-americas fas awb-button__icon awb-button__icon--default button-icon-left\" aria-hidden=\"true\"><\/i><span class=\"fusion-button-text awb-button__text awb-button__text--default\">D\u00f3nde comprarlos<\/span><\/a><\/div>\n<div class=\"fusion-clearfix\"><\/div><\/div><\/div><\/div><\/div>\n","protected":false},"excerpt":{"rendered":"<p><strong>Debido a la demanda, nuestros populares separadores Flex Card Divider ahora tambi\u00e9n est\u00e1n disponibles en un nuevo formato.<\/strong><br \/>\nEste nuevo modelo de separadores es muy resistente y te ayudar\u00e1 a tener cualquier modelo de cajas de carga lateral bien ordenado. Cada paquete contiene separadores de 10 colores llamativos diferentes para aumentar al m\u00e1ximo las posibilidades organizativas. Adem\u00e1s, la pesta\u00f1a de registro les da una mayor altura, con lo que sobresalen entre las cartas y, al mismo tiempo, se ven mejor en comparaci\u00f3n con los separadores tradicionales. La l\u00ednea de plegado flexible garantiza que la caja se pueda cerrar perfectamente. La pesta\u00f1a de registro se pliega hacia un lado y se despliega cuando se abre la caja.<\/p>\n","protected":false},"featured_media":35501,"template":"","meta":[],"product_brand":[],"product_cat":[496,501,499],"product_tag":[],"class_list":{"0":"post-35495","1":"product","2":"type-product","3":"status-publish","4":"has-post-thumbnail","6":"product_cat-cajas","7":"product_cat-linea-basica-casual","8":"product_cat-separadores-de-cartas","10":"first","11":"instock","12":"shipping-taxable","13":"purchasable","14":"product-type-variable","15":"has-default-attributes","16":"wvs-archive-product-wrapper"},"yoast_head":"<!-- This site is optimized with the Yoast SEO plugin v27.3 - https:\/\/yoast.com\/product\/yoast-seo-wordpress\/ -->\n<title>SIDELOADING FLEX CARD DIVIDERS - GAMEGENIC - Ingenious Supplies<\/title>\n<meta name=\"description\" content=\"Este nuevo modelo de separadores es muy resistente y te ayudar\u00e1 a tener cualquier modelo de cajas de carga lateral bien ordenado.\" \/>\n<meta name=\"robots\" content=\"index, follow, max-snippet:-1, max-image-preview:large, max-video-preview:-1\" \/>\n<link rel=\"canonical\" href=\"https:\/\/www.gamegenic.com\/es\/producto\/sideloading-flex-card-dividers\/\" \/>\n<meta property=\"og:locale\" content=\"es_ES\" \/>\n<meta property=\"og:type\" content=\"article\" \/>\n<meta property=\"og:title\" content=\"SIDELOADING FLEX CARD DIVIDERS\" \/>\n<meta property=\"og:description\" content=\"Debido a la demanda, nuestros populares separadores Flex Card Divider ahora tambi\u00e9n est\u00e1n disponibles en un nuevo formato.Este nuevo modelo de separadores es muy resistente y te ayudar\u00e1 a tener cualquier modelo de cajas de carga lateral bien ordenado. Cada paquete contiene separadores de 10 colores llamativos diferentes para aumentar al m\u00e1ximo las posibilidades organizativas. Adem\u00e1s, la pesta\u00f1a de registro les da una mayor altura, con lo que sobresalen entre las cartas y, al mismo tiempo, se ven mejor en comparaci\u00f3n con los separadores tradicionales. La l\u00ednea de plegado flexible garantiza que la caja se pueda cerrar perfectamente. La pesta\u00f1a de registro se pliega hacia un lado y se despliega cuando se abre la caja.\" \/>\n<meta property=\"og:url\" content=\"https:\/\/www.gamegenic.com\/es\/producto\/sideloading-flex-card-dividers\/\" \/>\n<meta property=\"og:site_name\" content=\"GAMEGENIC - Ingenious Supplies\" \/>\n<meta property=\"article:publisher\" content=\"https:\/\/www.facebook.com\/GamegenicSupplies\/\" \/>\n<meta property=\"article:modified_time\" content=\"2025-07-10T13:00:18+00:00\" \/>\n<meta property=\"og:image\" content=\"https:\/\/www.gamegenic.com\/wp-content\/uploads\/2024\/07\/FlexCardDivider-Sideloading-0000_oPxS89HAR.jpg\" \/>\n\t<meta property=\"og:image:width\" content=\"1200\" \/>\n\t<meta property=\"og:image:height\" content=\"1200\" \/>\n\t<meta property=\"og:image:type\" content=\"image\/jpeg\" \/>\n<meta name=\"twitter:card\" content=\"summary_large_image\" \/>\n<meta name=\"twitter:title\" content=\"SIDELOADING FLEX CARD DIVIDERS\" \/>\n<meta name=\"twitter:description\" content=\"Debido a la demanda, nuestros populares separadores Flex Card Divider ahora tambi\u00e9n est\u00e1n disponibles en un nuevo formato.Este nuevo modelo de separadores es muy resistente y te ayudar\u00e1 a tener cualquier modelo de cajas de carga lateral bien ordenado. Cada paquete contiene separadores de 10 colores llamativos diferentes para aumentar al m\u00e1ximo las posibilidades organizativas. Adem\u00e1s, la pesta\u00f1a de registro les da una mayor altura, con lo que sobresalen entre las cartas y, al mismo tiempo, se ven mejor en comparaci\u00f3n con los separadores tradicionales. La l\u00ednea de plegado flexible garantiza que la caja se pueda cerrar perfectamente. La pesta\u00f1a de registro se pliega hacia un lado y se despliega cuando se abre la caja.\" \/>\n<meta name=\"twitter:site\" content=\"@Gamegenic_\" \/>\n<meta name=\"twitter:label1\" content=\"Tiempo de lectura\" \/>\n\t<meta name=\"twitter:data1\" content=\"1 minuto\" \/>\n<script type=\"application\/ld+json\" class=\"yoast-schema-graph\">{\"@context\":\"https:\\\/\\\/schema.org\",\"@graph\":[{\"@type\":\"WebPage\",\"@id\":\"https:\\\/\\\/www.gamegenic.com\\\/es\\\/producto\\\/sideloading-flex-card-dividers\\\/\",\"url\":\"https:\\\/\\\/www.gamegenic.com\\\/es\\\/producto\\\/sideloading-flex-card-dividers\\\/\",\"name\":\"SIDELOADING FLEX CARD DIVIDERS - GAMEGENIC - Ingenious Supplies\",\"isPartOf\":{\"@id\":\"https:\\\/\\\/www.gamegenic.com\\\/es\\\/#website\"},\"primaryImageOfPage\":{\"@id\":\"https:\\\/\\\/www.gamegenic.com\\\/es\\\/producto\\\/sideloading-flex-card-dividers\\\/#primaryimage\"},\"image\":{\"@id\":\"https:\\\/\\\/www.gamegenic.com\\\/es\\\/producto\\\/sideloading-flex-card-dividers\\\/#primaryimage\"},\"thumbnailUrl\":\"https:\\\/\\\/www.gamegenic.com\\\/wp-content\\\/uploads\\\/2024\\\/07\\\/FlexCardDivider-Sideloading-0000_oPxS89HAR.jpg\",\"datePublished\":\"2024-07-02T07:08:47+00:00\",\"dateModified\":\"2025-07-10T13:00:18+00:00\",\"description\":\"Este nuevo modelo de separadores es muy resistente y te ayudar\u00e1 a tener cualquier modelo de cajas de carga lateral bien ordenado.\",\"breadcrumb\":{\"@id\":\"https:\\\/\\\/www.gamegenic.com\\\/es\\\/producto\\\/sideloading-flex-card-dividers\\\/#breadcrumb\"},\"inLanguage\":\"es\",\"potentialAction\":[{\"@type\":\"ReadAction\",\"target\":[\"https:\\\/\\\/www.gamegenic.com\\\/es\\\/producto\\\/sideloading-flex-card-dividers\\\/\"]}]},{\"@type\":\"ImageObject\",\"inLanguage\":\"es\",\"@id\":\"https:\\\/\\\/www.gamegenic.com\\\/es\\\/producto\\\/sideloading-flex-card-dividers\\\/#primaryimage\",\"url\":\"https:\\\/\\\/www.gamegenic.com\\\/wp-content\\\/uploads\\\/2024\\\/07\\\/FlexCardDivider-Sideloading-0000_oPxS89HAR.jpg\",\"contentUrl\":\"https:\\\/\\\/www.gamegenic.com\\\/wp-content\\\/uploads\\\/2024\\\/07\\\/FlexCardDivider-Sideloading-0000_oPxS89HAR.jpg\",\"width\":1200,\"height\":1200,\"caption\":\"SIDELOADING FLEX CARD DIVIDERS\"},{\"@type\":\"BreadcrumbList\",\"@id\":\"https:\\\/\\\/www.gamegenic.com\\\/es\\\/producto\\\/sideloading-flex-card-dividers\\\/#breadcrumb\",\"itemListElement\":[{\"@type\":\"ListItem\",\"position\":1,\"name\":\"Home\",\"item\":\"https:\\\/\\\/www.gamegenic.com\\\/es\\\/\"},{\"@type\":\"ListItem\",\"position\":2,\"name\":\"Tienda\",\"item\":\"https:\\\/\\\/www.gamegenic.com\\\/tienda\\\/\"},{\"@type\":\"ListItem\",\"position\":3,\"name\":\"SIDELOADING FLEX CARD DIVIDERS\"}]},{\"@type\":\"WebSite\",\"@id\":\"https:\\\/\\\/www.gamegenic.com\\\/es\\\/#website\",\"url\":\"https:\\\/\\\/www.gamegenic.com\\\/es\\\/\",\"name\":\"GAMEGENIC - Ingenious Supplies\",\"description\":\"\",\"publisher\":{\"@id\":\"https:\\\/\\\/www.gamegenic.com\\\/es\\\/#organization\"},\"potentialAction\":[{\"@type\":\"SearchAction\",\"target\":{\"@type\":\"EntryPoint\",\"urlTemplate\":\"https:\\\/\\\/www.gamegenic.com\\\/es\\\/?s={search_term_string}\"},\"query-input\":{\"@type\":\"PropertyValueSpecification\",\"valueRequired\":true,\"valueName\":\"search_term_string\"}}],\"inLanguage\":\"es\"},{\"@type\":\"Organization\",\"@id\":\"https:\\\/\\\/www.gamegenic.com\\\/es\\\/#organization\",\"name\":\"Gamegenic GmbH\",\"url\":\"https:\\\/\\\/www.gamegenic.com\\\/es\\\/\",\"logo\":{\"@type\":\"ImageObject\",\"inLanguage\":\"es\",\"@id\":\"https:\\\/\\\/www.gamegenic.com\\\/es\\\/#\\\/schema\\\/logo\\\/image\\\/\",\"url\":\"https:\\\/\\\/www.gamegenic.com\\\/wp-content\\\/uploads\\\/Gamegenic-Logo-FINAL.jpg\",\"contentUrl\":\"https:\\\/\\\/www.gamegenic.com\\\/wp-content\\\/uploads\\\/Gamegenic-Logo-FINAL.jpg\",\"width\":3507,\"height\":2480,\"caption\":\"Gamegenic GmbH\"},\"image\":{\"@id\":\"https:\\\/\\\/www.gamegenic.com\\\/es\\\/#\\\/schema\\\/logo\\\/image\\\/\"},\"sameAs\":[\"https:\\\/\\\/www.facebook.com\\\/GamegenicSupplies\\\/\",\"https:\\\/\\\/x.com\\\/Gamegenic_\",\"https:\\\/\\\/www.instagram.com\\\/gamegenicsupplies\\\/\",\"https:\\\/\\\/www.youtube.com\\\/channel\\\/UCgmMXQPjjWW-Zy9ceMH6oGw\"]}]}<\/script>\n<!-- \/ Yoast SEO plugin. -->","yoast_head_json":{"title":"SIDELOADING FLEX CARD DIVIDERS - GAMEGENIC - Ingenious Supplies","description":"Este nuevo modelo de separadores es muy resistente y te ayudar\u00e1 a tener cualquier modelo de cajas de carga lateral bien ordenado.","robots":{"index":"index","follow":"follow","max-snippet":"max-snippet:-1","max-image-preview":"max-image-preview:large","max-video-preview":"max-video-preview:-1"},"canonical":"https:\/\/www.gamegenic.com\/es\/producto\/sideloading-flex-card-dividers\/","og_locale":"es_ES","og_type":"article","og_title":"SIDELOADING FLEX CARD DIVIDERS","og_description":"Debido a la demanda, nuestros populares separadores Flex Card Divider ahora tambi\u00e9n est\u00e1n disponibles en un nuevo formato.Este nuevo modelo de separadores es muy resistente y te ayudar\u00e1 a tener cualquier modelo de cajas de carga lateral bien ordenado. Cada paquete contiene separadores de 10 colores llamativos diferentes para aumentar al m\u00e1ximo las posibilidades organizativas. Adem\u00e1s, la pesta\u00f1a de registro les da una mayor altura, con lo que sobresalen entre las cartas y, al mismo tiempo, se ven mejor en comparaci\u00f3n con los separadores tradicionales. La l\u00ednea de plegado flexible garantiza que la caja se pueda cerrar perfectamente. La pesta\u00f1a de registro se pliega hacia un lado y se despliega cuando se abre la caja.","og_url":"https:\/\/www.gamegenic.com\/es\/producto\/sideloading-flex-card-dividers\/","og_site_name":"GAMEGENIC - Ingenious Supplies","article_publisher":"https:\/\/www.facebook.com\/GamegenicSupplies\/","article_modified_time":"2025-07-10T13:00:18+00:00","og_image":[{"width":1200,"height":1200,"url":"https:\/\/www.gamegenic.com\/wp-content\/uploads\/2024\/07\/FlexCardDivider-Sideloading-0000_oPxS89HAR.jpg","type":"image\/jpeg"}],"twitter_card":"summary_large_image","twitter_title":"SIDELOADING FLEX CARD DIVIDERS","twitter_description":"Debido a la demanda, nuestros populares separadores Flex Card Divider ahora tambi\u00e9n est\u00e1n disponibles en un nuevo formato.Este nuevo modelo de separadores es muy resistente y te ayudar\u00e1 a tener cualquier modelo de cajas de carga lateral bien ordenado. Cada paquete contiene separadores de 10 colores llamativos diferentes para aumentar al m\u00e1ximo las posibilidades organizativas. Adem\u00e1s, la pesta\u00f1a de registro les da una mayor altura, con lo que sobresalen entre las cartas y, al mismo tiempo, se ven mejor en comparaci\u00f3n con los separadores tradicionales. La l\u00ednea de plegado flexible garantiza que la caja se pueda cerrar perfectamente. La pesta\u00f1a de registro se pliega hacia un lado y se despliega cuando se abre la caja.","twitter_site":"@Gamegenic_","twitter_misc":{"Tiempo de lectura":"1 minuto"},"schema":{"@context":"https:\/\/schema.org","@graph":[{"@type":"WebPage","@id":"https:\/\/www.gamegenic.com\/es\/producto\/sideloading-flex-card-dividers\/","url":"https:\/\/www.gamegenic.com\/es\/producto\/sideloading-flex-card-dividers\/","name":"SIDELOADING FLEX CARD DIVIDERS - GAMEGENIC - Ingenious Supplies","isPartOf":{"@id":"https:\/\/www.gamegenic.com\/es\/#website"},"primaryImageOfPage":{"@id":"https:\/\/www.gamegenic.com\/es\/producto\/sideloading-flex-card-dividers\/#primaryimage"},"image":{"@id":"https:\/\/www.gamegenic.com\/es\/producto\/sideloading-flex-card-dividers\/#primaryimage"},"thumbnailUrl":"https:\/\/www.gamegenic.com\/wp-content\/uploads\/2024\/07\/FlexCardDivider-Sideloading-0000_oPxS89HAR.jpg","datePublished":"2024-07-02T07:08:47+00:00","dateModified":"2025-07-10T13:00:18+00:00","description":"Este nuevo modelo de separadores es muy resistente y te ayudar\u00e1 a tener cualquier modelo de cajas de carga lateral bien ordenado.","breadcrumb":{"@id":"https:\/\/www.gamegenic.com\/es\/producto\/sideloading-flex-card-dividers\/#breadcrumb"},"inLanguage":"es","potentialAction":[{"@type":"ReadAction","target":["https:\/\/www.gamegenic.com\/es\/producto\/sideloading-flex-card-dividers\/"]}]},{"@type":"ImageObject","inLanguage":"es","@id":"https:\/\/www.gamegenic.com\/es\/producto\/sideloading-flex-card-dividers\/#primaryimage","url":"https:\/\/www.gamegenic.com\/wp-content\/uploads\/2024\/07\/FlexCardDivider-Sideloading-0000_oPxS89HAR.jpg","contentUrl":"https:\/\/www.gamegenic.com\/wp-content\/uploads\/2024\/07\/FlexCardDivider-Sideloading-0000_oPxS89HAR.jpg","width":1200,"height":1200,"caption":"SIDELOADING FLEX CARD DIVIDERS"},{"@type":"BreadcrumbList","@id":"https:\/\/www.gamegenic.com\/es\/producto\/sideloading-flex-card-dividers\/#breadcrumb","itemListElement":[{"@type":"ListItem","position":1,"name":"Home","item":"https:\/\/www.gamegenic.com\/es\/"},{"@type":"ListItem","position":2,"name":"Tienda","item":"https:\/\/www.gamegenic.com\/tienda\/"},{"@type":"ListItem","position":3,"name":"SIDELOADING FLEX CARD DIVIDERS"}]},{"@type":"WebSite","@id":"https:\/\/www.gamegenic.com\/es\/#website","url":"https:\/\/www.gamegenic.com\/es\/","name":"GAMEGENIC - Ingenious Supplies","description":"","publisher":{"@id":"https:\/\/www.gamegenic.com\/es\/#organization"},"potentialAction":[{"@type":"SearchAction","target":{"@type":"EntryPoint","urlTemplate":"https:\/\/www.gamegenic.com\/es\/?s={search_term_string}"},"query-input":{"@type":"PropertyValueSpecification","valueRequired":true,"valueName":"search_term_string"}}],"inLanguage":"es"},{"@type":"Organization","@id":"https:\/\/www.gamegenic.com\/es\/#organization","name":"Gamegenic GmbH","url":"https:\/\/www.gamegenic.com\/es\/","logo":{"@type":"ImageObject","inLanguage":"es","@id":"https:\/\/www.gamegenic.com\/es\/#\/schema\/logo\/image\/","url":"https:\/\/www.gamegenic.com\/wp-content\/uploads\/Gamegenic-Logo-FINAL.jpg","contentUrl":"https:\/\/www.gamegenic.com\/wp-content\/uploads\/Gamegenic-Logo-FINAL.jpg","width":3507,"height":2480,"caption":"Gamegenic GmbH"},"image":{"@id":"https:\/\/www.gamegenic.com\/es\/#\/schema\/logo\/image\/"},"sameAs":["https:\/\/www.facebook.com\/GamegenicSupplies\/","https:\/\/x.com\/Gamegenic_","https:\/\/www.instagram.com\/gamegenicsupplies\/","https:\/\/www.youtube.com\/channel\/UCgmMXQPjjWW-Zy9ceMH6oGw"]}]}},"_links":{"self":[{"href":"https:\/\/www.gamegenic.com\/es\/wp-json\/wp\/v2\/product\/35495","targetHints":{"allow":["GET"]}}],"collection":[{"href":"https:\/\/www.gamegenic.com\/es\/wp-json\/wp\/v2\/product"}],"about":[{"href":"https:\/\/www.gamegenic.com\/es\/wp-json\/wp\/v2\/types\/product"}],"wp:featuredmedia":[{"embeddable":true,"href":"https:\/\/www.gamegenic.com\/es\/wp-json\/wp\/v2\/media\/35501"}],"wp:attachment":[{"href":"https:\/\/www.gamegenic.com\/es\/wp-json\/wp\/v2\/media?parent=35495"}],"wp:term":[{"taxonomy":"product_brand","embeddable":true,"href":"https:\/\/www.gamegenic.com\/es\/wp-json\/wp\/v2\/product_brand?post=35495"},{"taxonomy":"product_cat","embeddable":true,"href":"https:\/\/www.gamegenic.com\/es\/wp-json\/wp\/v2\/product_cat?post=35495"},{"taxonomy":"product_tag","embeddable":true,"href":"https:\/\/www.gamegenic.com\/es\/wp-json\/wp\/v2\/product_tag?post=35495"}],"curies":[{"name":"wp","href":"https:\/\/api.w.org\/{rel}","templated":true}]}}