{"id":31989,"date":"2023-11-28T08:56:22","date_gmt":"2023-11-28T07:56:25","guid":{"rendered":"https:\/\/www.gamegenic.com\/?post_type=product&#038;p=31989"},"modified":"2025-07-10T16:03:52","modified_gmt":"2025-07-10T14:03:52","slug":"the-academic-266-xl","status":"publish","type":"product","link":"https:\/\/www.gamegenic.com\/es\/producto\/the-academic-266-xl\/","title":{"rendered":"THE ACADEMIC 266+ XL"},"content":{"rendered":"<div class=\"fusion-fullwidth fullwidth-box fusion-builder-row-1 nonhundred-percent-fullwidth non-hundred-percent-height-scrolling gg-summary gg-position\" style=\"--awb-border-radius-top-left:0px;--awb-border-radius-top-right:0px;--awb-border-radius-bottom-right:0px;--awb-border-radius-bottom-left:0px;--awb-flex-wrap:wrap;\" id=\"gg-anker\" ><div class=\"fusion-builder-row fusion-row\"><div class=\"fusion-layout-column fusion_builder_column fusion-builder-column-0 fusion_builder_column_1_2 1_2 fusion-one-half fusion-column-first gg-features\" style=\"--awb-bg-size:cover;width:50%;width:calc(50% - ( ( 60px ) * 0.5 ) );margin-right: 60px;\"><div class=\"fusion-column-wrapper fusion-column-has-shadow fusion-flex-column-wrapper-legacy\"><div class=\"fusion-text fusion-text-1\" style=\"--awb-text-transform:none;\"><h2>CARACTER\u00cdSTICAS<\/h2>\n<ul>\n<li>Caja para mazos multifuncional de primera calidad, perfecta para Magic:\u00a0The\u00a0Gathering\u00ae, Pok\u00e9mon\u00ae, y muchos juegos de tama\u00f1o est\u00e1ndar.<br \/>\nIdeal para Flesh\u00a0and\u00a0Blood\u00ae*<\/li>\n<li>Dise\u00f1ada para m\u00e1s de <strong>266<\/strong> cartas en doble funda <strong>con fundas interiores gruesas<\/strong>**, m\u00e1s accesorios<\/li>\n<li><strong>2 compartimentos laterales adicionales<\/strong> para cartas con fundas, sobres, Contadores de Vida, cajas para mazos de carga superior, Slide Card Cases o Cube Pockets 15+<\/li>\n<li><strong>2 separadores de compartimentos acr\u00edlicos extra\u00edbles<\/strong> que se pueden mover f\u00e1cilmente a otra ranura, para almacenar perfectamente cartas o Slide\u00a0Card\u00a0Cases<\/li>\n<li>El compartimento superior est\u00e1 dise\u00f1ado para cualquier accesorio adicional, cartas, fichas, dados, Contadores de Vida, cajas para mazos de carga superior o Slide\u00a0Card\u00a0Cases<\/li>\n<li><strong>2 cajones extra\u00edbles<\/strong> con solapas magn\u00e9ticas revolucionaras que permiten sacarlos c\u00f3modamente<\/li>\n<li>Cada uno de los cajones puede contener m\u00e1s de <strong>40<\/strong> cartas en doble funda (o m\u00e1s de <strong>52<\/strong> cartas en una sola funda). Ideal para mazos Blitz de Flesh and Blood\u00ae<\/li>\n<li><strong>Sistema convertible<\/strong>: la tapa extra\u00edble se acopla a la parte inferior<\/li>\n<li>Sus imanes potentes, junto con su sistema de cierre innovador, eliminan por completo el riesgo de aperturas<\/li>\n<li>Materiales de gran calidad: superficie exterior de <strong>Nexofyber<sup>+<\/sup><\/strong> y forro interior de microfibra<\/li>\n<\/ul>\n<\/div><div class=\"fusion-clearfix\"><\/div><\/div><\/div><div class=\"fusion-layout-column fusion_builder_column fusion-builder-column-1 fusion_builder_column_1_2 1_2 fusion-one-half fusion-column-last\" style=\"--awb-bg-size:cover;width:50%;width:calc(50% - ( ( 60px ) * 0.5 ) );\"><div class=\"fusion-column-wrapper fusion-column-has-shadow fusion-flex-column-wrapper-legacy\">\n<h2>ESPECIFICACIONES<\/h2>\n<div class=\"table-2\">\n<table style=\"width: 100%; height: 243px;\" width=\"100%\">\n<tbody>\n<tr style=\"height: 48px;\">\n<td style=\"width: 38.6792%; height: 48px;\" align=\"left\">Tama\u00f1o de los productos<br \/>\n<span class=\"gg-wdh\">(ancho x fondo x alto)<\/span><\/td>\n<td style=\"width: 60.6346%; height: 48px;\" align=\"left\">365 x 105 x 119 mm<\/td>\n<\/tr>\n<tr style=\"height: 120px;\">\n<td style=\"vertical-align: top; width: 38.6792%; height: 120px;\">Tama\u00f1o del compartimento interior<br \/>\n<span class=\"gg-wdh\">(ancho x fondo x alto)<\/span><\/td>\n<td style=\"width: 60.6346%; height: 120px;\">compartimento largo:<br \/>\n114 x 86 x 109 mm<br \/>\ncompartimento superior:<br \/>\n108 x 83 x 23 mm<br \/>\ncajones:<br \/>\n98 x 70 x 33 mm<\/td>\n<\/tr>\n<tr style=\"height: 27px;\">\n<td style=\"vertical-align: top; width: 38.6792%; height: 27px;\" align=\"left\">Material<\/td>\n<td style=\"width: 60.6346%; height: 27px;\" align=\"left\">Superficie exterior de Nexofyber<sup>+<\/sup>y forro interior de microfibra<\/td>\n<\/tr>\n<tr style=\"height: 24px;\">\n<td style=\"width: 38.6792%; height: 24px;\" align=\"left\">Tipo de embalaje<\/td>\n<td style=\"width: 60.6346%; height: 24px;\" align=\"left\">Caja de cart\u00f3n con ventana<\/td>\n<\/tr>\n<\/tbody>\n<\/table>\n<\/div>\n<h2 style=\"margin-top:60px\">MSRP<i data-tooltip=\"No se pueden realizar compras a trav\u00e9s de este sitio web. Todos los precios indicados son el precio de venta al p\u00fablico recomendado por el fabricante en euros (con IVA) o en d\u00f3lares (sin IVA). Los posibles gastos de env\u00edo no est\u00e1n incluidos. Los precios indicados no son vinculantes y pueden tratarse como una recomendaci\u00f3n.\" class=\"fas fa-info-circle gg-tooltip\">\uf05a<\/i><\/h2>\n<form action=\"\" method=\"post\" id=\"alg_currency_selector\"><select name=\"alg_currency\" id=\"alg_currency_select\" class=\"alg_currency_select\" onchange=\"this.form.submit()\"><option id=\"alg_currency_USD\" value=\"USD\" >USD<\/option><option id=\"alg_currency_EUR\" value=\"EUR\"  selected='selected'>EUR<\/option><option id=\"alg_currency_CAD\" value=\"CAD\" >U.S.-USD<\/option><\/select><noscript><input type=\"submit\" value=\"Refresh\"><\/noscript><\/form>\n<span class=\"woocommerce-Price-amount amount\"><bdi><span class=\"woocommerce-Price-currencySymbol\">EUR<\/span>&nbsp;84,99<\/bdi><\/span>\n\n<div class=\"fusion-alignleft\"><a class=\"fusion-button button-flat fusion-button-default-size button-default fusion-button-default button-1 fusion-button-default-span fusion-button-default-type shopfinder-button\" target=\"_blank\" rel=\"noopener noreferrer\" href=\"https:\/\/www.gamegenic.com\/es\/buscador-de-tiendas\/\"><i class=\"fa-globe-americas fas awb-button__icon awb-button__icon--default button-icon-left\" aria-hidden=\"true\"><\/i><span class=\"fusion-button-text awb-button__text awb-button__text--default\">D\u00f3nde comprarlos<\/span><\/a><\/div>\n<div class=\"fusion-sep-clear\"><\/div><div class=\"fusion-separator fusion-full-width-sep\" style=\"margin-left: auto;margin-right: auto;width:100%;\"><div class=\"fusion-separator-border sep-double\" style=\"--awb-height:20px;--awb-amount:20px;--awb-sep-color:#ffffff;border-color:#ffffff;border-top-width:0px;border-bottom-width:0px;\"><\/div><\/div><div class=\"fusion-sep-clear\"><\/div><div class=\"fusion-clearfix\"><\/div><\/div><\/div><\/div><\/div>\n","protected":false},"excerpt":{"rendered":"<p>The Academic 266+ XL es una caja para mazos multifuncional de primera calidad con un dise\u00f1o \u00fanico. Tiene espacio para m\u00e1s de 266 cartas en doble funda con fundas interiores gruesas Thick Inner Sleeves** m\u00e1s accesorios. Con sus innovadores detalles, esta caja para mazos de primera calidad es todo lo que necesitas para una gran noche de juego. Es muy vers\u00e1til y perfecta para una gran variedad de juegos, jugadores y necesidades.<\/p>\n<p>La esperada versi\u00f3n de tienda del modelo The Academic 266+ XL incluye todas las fant\u00e1sticas caracter\u00edsticas del original de Kickstarter: 2 separadores de compartimentos acr\u00edlicos de primera calidad, 2 cajones extra\u00edbles ocultos con ingeniosas solapas magn\u00e9ticas, as\u00ed como 2 ranuras adicionales con espacio para a\u00fan m\u00e1s accesorios de juego.<\/p>\n<p>Adem\u00e1s, est\u00e1 equipado con nuestro valorado sistema CONVERTIBLE. La tapa, que es completamente extra\u00edble, se acopla a la parte inferior y ahorra un espacio considerable en la mesa de juego. Los potentes imanes y el mecanismo de cierre innovador de The Academic 266+ XL eliminan por completo el riesgo de aperturas.<\/p>\n<p>M\u00c1XIMA FLEXIBILIDAD: The Academic 266+ XL puede contener cartas, otras cajas para mazos, fichas, dados, estuches r\u00edgidos, cajas para mazos de carga superior, cartas m\u00e1s grandes con fundas, sobres, Contadores de Vida o Cube Pockets 15+.<\/p>\n[fusion_global id=\"31892\"]\n","protected":false},"featured_media":32032,"template":"","meta":[],"product_brand":[],"product_cat":[496,504,505],"product_tag":[],"class_list":{"0":"post-31989","1":"product","2":"type-product","3":"status-publish","4":"has-post-thumbnail","6":"product_cat-cajas","7":"product_cat-cajas-para-mazos-premium","8":"product_cat-linea-basica-premium","10":"first","11":"instock","12":"shipping-taxable","13":"purchasable","14":"product-type-variable","15":"has-default-attributes","16":"wvs-archive-product-wrapper"},"yoast_head":"<!-- This site is optimized with the Yoast SEO plugin v27.3 - https:\/\/yoast.com\/product\/yoast-seo-wordpress\/ -->\n<title>THE ACADEMIC 266+ XL - GAMEGENIC - Ingenious Supplies<\/title>\n<meta name=\"description\" content=\"The Academic 266+ XL es una caja para mazos multifuncional de primera calidad con un dise\u00f1o \u00fanico. Tiene espacio para m\u00e1s de 266 cartas en doble funda con fundas interiores gruesas Thick Inner Sleeves m\u00e1s accesorios. Con sus innovadores detalles, esta caja para mazos de primera calidad es todo lo que necesitas para una gran noche de juego. Es muy vers\u00e1til y perfecta para una gran variedad de juegos, jugadores y necesidades.\" \/>\n<meta name=\"robots\" content=\"index, follow, max-snippet:-1, max-image-preview:large, max-video-preview:-1\" \/>\n<link rel=\"canonical\" href=\"https:\/\/www.gamegenic.com\/es\/producto\/the-academic-266-xl\/\" \/>\n<meta property=\"og:locale\" content=\"es_ES\" \/>\n<meta property=\"og:type\" content=\"article\" \/>\n<meta property=\"og:title\" content=\"THE ACADEMIC 266+ XL\" \/>\n<meta property=\"og:description\" content=\"The Academic 266+ XL es una caja para mazos multifuncional de primera calidad con un dise\u00f1o \u00fanico. Tiene espacio para m\u00e1s de 266 cartas en doble funda con fundas interiores gruesas Thick Inner Sleeves m\u00e1s accesorios. Con sus innovadores detalles, esta caja para mazos de primera calidad es todo lo que necesitas para una gran noche de juego. Es muy vers\u00e1til y perfecta para una gran variedad de juegos, jugadores y necesidades.\" \/>\n<meta property=\"og:url\" content=\"https:\/\/www.gamegenic.com\/es\/producto\/the-academic-266-xl\/\" \/>\n<meta property=\"og:site_name\" content=\"GAMEGENIC - Ingenious Supplies\" \/>\n<meta property=\"article:publisher\" content=\"https:\/\/www.facebook.com\/GamegenicSupplies\/\" \/>\n<meta property=\"article:modified_time\" content=\"2025-07-10T14:03:52+00:00\" \/>\n<meta property=\"og:image\" content=\"https:\/\/www.gamegenic.com\/wp-content\/uploads\/2023\/11\/productimage-Academic_266_Z4CcjEtY6.jpg\" \/>\n\t<meta property=\"og:image:width\" content=\"900\" \/>\n\t<meta property=\"og:image:height\" content=\"900\" \/>\n\t<meta property=\"og:image:type\" content=\"image\/jpeg\" \/>\n<meta name=\"twitter:card\" content=\"summary_large_image\" \/>\n<meta name=\"twitter:title\" content=\"THE ACADEMIC 266+ XL\" \/>\n<meta name=\"twitter:description\" content=\"The Academic 266+ XL es una caja para mazos multifuncional de primera calidad con un dise\u00f1o \u00fanico. Tiene espacio para m\u00e1s de 266 cartas en doble funda con fundas interiores gruesas Thick Inner Sleeves m\u00e1s accesorios. Con sus innovadores detalles, esta caja para mazos de primera calidad es todo lo que necesitas para una gran noche de juego. Es muy vers\u00e1til y perfecta para una gran variedad de juegos, jugadores y necesidades.\" \/>\n<meta name=\"twitter:site\" content=\"@Gamegenic_\" \/>\n<meta name=\"twitter:label1\" content=\"Tiempo de lectura\" \/>\n\t<meta name=\"twitter:data1\" content=\"2 minutos\" \/>\n<script type=\"application\/ld+json\" class=\"yoast-schema-graph\">{\"@context\":\"https:\\\/\\\/schema.org\",\"@graph\":[{\"@type\":\"WebPage\",\"@id\":\"https:\\\/\\\/www.gamegenic.com\\\/es\\\/producto\\\/the-academic-266-xl\\\/\",\"url\":\"https:\\\/\\\/www.gamegenic.com\\\/es\\\/producto\\\/the-academic-266-xl\\\/\",\"name\":\"THE ACADEMIC 266+ XL - GAMEGENIC - Ingenious Supplies\",\"isPartOf\":{\"@id\":\"https:\\\/\\\/www.gamegenic.com\\\/es\\\/#website\"},\"primaryImageOfPage\":{\"@id\":\"https:\\\/\\\/www.gamegenic.com\\\/es\\\/producto\\\/the-academic-266-xl\\\/#primaryimage\"},\"image\":{\"@id\":\"https:\\\/\\\/www.gamegenic.com\\\/es\\\/producto\\\/the-academic-266-xl\\\/#primaryimage\"},\"thumbnailUrl\":\"https:\\\/\\\/www.gamegenic.com\\\/wp-content\\\/uploads\\\/2023\\\/11\\\/productimage-Academic_266_Z4CcjEtY6.jpg\",\"datePublished\":\"2023-11-28T07:56:25+00:00\",\"dateModified\":\"2025-07-10T14:03:52+00:00\",\"description\":\"The Academic 266+ XL es una caja para mazos multifuncional de primera calidad con un dise\u00f1o \u00fanico. Tiene espacio para m\u00e1s de 266 cartas en doble funda con fundas interiores gruesas Thick Inner Sleeves m\u00e1s accesorios. Con sus innovadores detalles, esta caja para mazos de primera calidad es todo lo que necesitas para una gran noche de juego. Es muy vers\u00e1til y perfecta para una gran variedad de juegos, jugadores y necesidades.\",\"breadcrumb\":{\"@id\":\"https:\\\/\\\/www.gamegenic.com\\\/es\\\/producto\\\/the-academic-266-xl\\\/#breadcrumb\"},\"inLanguage\":\"es\",\"potentialAction\":[{\"@type\":\"ReadAction\",\"target\":[\"https:\\\/\\\/www.gamegenic.com\\\/es\\\/producto\\\/the-academic-266-xl\\\/\"]}]},{\"@type\":\"ImageObject\",\"inLanguage\":\"es\",\"@id\":\"https:\\\/\\\/www.gamegenic.com\\\/es\\\/producto\\\/the-academic-266-xl\\\/#primaryimage\",\"url\":\"https:\\\/\\\/www.gamegenic.com\\\/wp-content\\\/uploads\\\/2023\\\/11\\\/productimage-Academic_266_Z4CcjEtY6.jpg\",\"contentUrl\":\"https:\\\/\\\/www.gamegenic.com\\\/wp-content\\\/uploads\\\/2023\\\/11\\\/productimage-Academic_266_Z4CcjEtY6.jpg\",\"width\":900,\"height\":900,\"caption\":\"The Academic 266+ XL-Black\\\/Purple\"},{\"@type\":\"BreadcrumbList\",\"@id\":\"https:\\\/\\\/www.gamegenic.com\\\/es\\\/producto\\\/the-academic-266-xl\\\/#breadcrumb\",\"itemListElement\":[{\"@type\":\"ListItem\",\"position\":1,\"name\":\"Home\",\"item\":\"https:\\\/\\\/www.gamegenic.com\\\/es\\\/\"},{\"@type\":\"ListItem\",\"position\":2,\"name\":\"Tienda\",\"item\":\"https:\\\/\\\/www.gamegenic.com\\\/tienda\\\/\"},{\"@type\":\"ListItem\",\"position\":3,\"name\":\"THE ACADEMIC 266+ XL\"}]},{\"@type\":\"WebSite\",\"@id\":\"https:\\\/\\\/www.gamegenic.com\\\/es\\\/#website\",\"url\":\"https:\\\/\\\/www.gamegenic.com\\\/es\\\/\",\"name\":\"GAMEGENIC - Ingenious Supplies\",\"description\":\"\",\"publisher\":{\"@id\":\"https:\\\/\\\/www.gamegenic.com\\\/es\\\/#organization\"},\"potentialAction\":[{\"@type\":\"SearchAction\",\"target\":{\"@type\":\"EntryPoint\",\"urlTemplate\":\"https:\\\/\\\/www.gamegenic.com\\\/es\\\/?s={search_term_string}\"},\"query-input\":{\"@type\":\"PropertyValueSpecification\",\"valueRequired\":true,\"valueName\":\"search_term_string\"}}],\"inLanguage\":\"es\"},{\"@type\":\"Organization\",\"@id\":\"https:\\\/\\\/www.gamegenic.com\\\/es\\\/#organization\",\"name\":\"Gamegenic GmbH\",\"url\":\"https:\\\/\\\/www.gamegenic.com\\\/es\\\/\",\"logo\":{\"@type\":\"ImageObject\",\"inLanguage\":\"es\",\"@id\":\"https:\\\/\\\/www.gamegenic.com\\\/es\\\/#\\\/schema\\\/logo\\\/image\\\/\",\"url\":\"https:\\\/\\\/www.gamegenic.com\\\/wp-content\\\/uploads\\\/Gamegenic-Logo-FINAL.jpg\",\"contentUrl\":\"https:\\\/\\\/www.gamegenic.com\\\/wp-content\\\/uploads\\\/Gamegenic-Logo-FINAL.jpg\",\"width\":3507,\"height\":2480,\"caption\":\"Gamegenic GmbH\"},\"image\":{\"@id\":\"https:\\\/\\\/www.gamegenic.com\\\/es\\\/#\\\/schema\\\/logo\\\/image\\\/\"},\"sameAs\":[\"https:\\\/\\\/www.facebook.com\\\/GamegenicSupplies\\\/\",\"https:\\\/\\\/x.com\\\/Gamegenic_\",\"https:\\\/\\\/www.instagram.com\\\/gamegenicsupplies\\\/\",\"https:\\\/\\\/www.youtube.com\\\/channel\\\/UCgmMXQPjjWW-Zy9ceMH6oGw\"]}]}<\/script>\n<!-- \/ Yoast SEO plugin. -->","yoast_head_json":{"title":"THE ACADEMIC 266+ XL - GAMEGENIC - Ingenious Supplies","description":"The Academic 266+ XL es una caja para mazos multifuncional de primera calidad con un dise\u00f1o \u00fanico. Tiene espacio para m\u00e1s de 266 cartas en doble funda con fundas interiores gruesas Thick Inner Sleeves m\u00e1s accesorios. Con sus innovadores detalles, esta caja para mazos de primera calidad es todo lo que necesitas para una gran noche de juego. Es muy vers\u00e1til y perfecta para una gran variedad de juegos, jugadores y necesidades.","robots":{"index":"index","follow":"follow","max-snippet":"max-snippet:-1","max-image-preview":"max-image-preview:large","max-video-preview":"max-video-preview:-1"},"canonical":"https:\/\/www.gamegenic.com\/es\/producto\/the-academic-266-xl\/","og_locale":"es_ES","og_type":"article","og_title":"THE ACADEMIC 266+ XL","og_description":"The Academic 266+ XL es una caja para mazos multifuncional de primera calidad con un dise\u00f1o \u00fanico. Tiene espacio para m\u00e1s de 266 cartas en doble funda con fundas interiores gruesas Thick Inner Sleeves m\u00e1s accesorios. Con sus innovadores detalles, esta caja para mazos de primera calidad es todo lo que necesitas para una gran noche de juego. Es muy vers\u00e1til y perfecta para una gran variedad de juegos, jugadores y necesidades.","og_url":"https:\/\/www.gamegenic.com\/es\/producto\/the-academic-266-xl\/","og_site_name":"GAMEGENIC - Ingenious Supplies","article_publisher":"https:\/\/www.facebook.com\/GamegenicSupplies\/","article_modified_time":"2025-07-10T14:03:52+00:00","og_image":[{"width":900,"height":900,"url":"https:\/\/www.gamegenic.com\/wp-content\/uploads\/2023\/11\/productimage-Academic_266_Z4CcjEtY6.jpg","type":"image\/jpeg"}],"twitter_card":"summary_large_image","twitter_title":"THE ACADEMIC 266+ XL","twitter_description":"The Academic 266+ XL es una caja para mazos multifuncional de primera calidad con un dise\u00f1o \u00fanico. Tiene espacio para m\u00e1s de 266 cartas en doble funda con fundas interiores gruesas Thick Inner Sleeves m\u00e1s accesorios. Con sus innovadores detalles, esta caja para mazos de primera calidad es todo lo que necesitas para una gran noche de juego. Es muy vers\u00e1til y perfecta para una gran variedad de juegos, jugadores y necesidades.","twitter_site":"@Gamegenic_","twitter_misc":{"Tiempo de lectura":"2 minutos"},"schema":{"@context":"https:\/\/schema.org","@graph":[{"@type":"WebPage","@id":"https:\/\/www.gamegenic.com\/es\/producto\/the-academic-266-xl\/","url":"https:\/\/www.gamegenic.com\/es\/producto\/the-academic-266-xl\/","name":"THE ACADEMIC 266+ XL - GAMEGENIC - Ingenious Supplies","isPartOf":{"@id":"https:\/\/www.gamegenic.com\/es\/#website"},"primaryImageOfPage":{"@id":"https:\/\/www.gamegenic.com\/es\/producto\/the-academic-266-xl\/#primaryimage"},"image":{"@id":"https:\/\/www.gamegenic.com\/es\/producto\/the-academic-266-xl\/#primaryimage"},"thumbnailUrl":"https:\/\/www.gamegenic.com\/wp-content\/uploads\/2023\/11\/productimage-Academic_266_Z4CcjEtY6.jpg","datePublished":"2023-11-28T07:56:25+00:00","dateModified":"2025-07-10T14:03:52+00:00","description":"The Academic 266+ XL es una caja para mazos multifuncional de primera calidad con un dise\u00f1o \u00fanico. Tiene espacio para m\u00e1s de 266 cartas en doble funda con fundas interiores gruesas Thick Inner Sleeves m\u00e1s accesorios. Con sus innovadores detalles, esta caja para mazos de primera calidad es todo lo que necesitas para una gran noche de juego. Es muy vers\u00e1til y perfecta para una gran variedad de juegos, jugadores y necesidades.","breadcrumb":{"@id":"https:\/\/www.gamegenic.com\/es\/producto\/the-academic-266-xl\/#breadcrumb"},"inLanguage":"es","potentialAction":[{"@type":"ReadAction","target":["https:\/\/www.gamegenic.com\/es\/producto\/the-academic-266-xl\/"]}]},{"@type":"ImageObject","inLanguage":"es","@id":"https:\/\/www.gamegenic.com\/es\/producto\/the-academic-266-xl\/#primaryimage","url":"https:\/\/www.gamegenic.com\/wp-content\/uploads\/2023\/11\/productimage-Academic_266_Z4CcjEtY6.jpg","contentUrl":"https:\/\/www.gamegenic.com\/wp-content\/uploads\/2023\/11\/productimage-Academic_266_Z4CcjEtY6.jpg","width":900,"height":900,"caption":"The Academic 266+ XL-Black\/Purple"},{"@type":"BreadcrumbList","@id":"https:\/\/www.gamegenic.com\/es\/producto\/the-academic-266-xl\/#breadcrumb","itemListElement":[{"@type":"ListItem","position":1,"name":"Home","item":"https:\/\/www.gamegenic.com\/es\/"},{"@type":"ListItem","position":2,"name":"Tienda","item":"https:\/\/www.gamegenic.com\/tienda\/"},{"@type":"ListItem","position":3,"name":"THE ACADEMIC 266+ XL"}]},{"@type":"WebSite","@id":"https:\/\/www.gamegenic.com\/es\/#website","url":"https:\/\/www.gamegenic.com\/es\/","name":"GAMEGENIC - Ingenious Supplies","description":"","publisher":{"@id":"https:\/\/www.gamegenic.com\/es\/#organization"},"potentialAction":[{"@type":"SearchAction","target":{"@type":"EntryPoint","urlTemplate":"https:\/\/www.gamegenic.com\/es\/?s={search_term_string}"},"query-input":{"@type":"PropertyValueSpecification","valueRequired":true,"valueName":"search_term_string"}}],"inLanguage":"es"},{"@type":"Organization","@id":"https:\/\/www.gamegenic.com\/es\/#organization","name":"Gamegenic GmbH","url":"https:\/\/www.gamegenic.com\/es\/","logo":{"@type":"ImageObject","inLanguage":"es","@id":"https:\/\/www.gamegenic.com\/es\/#\/schema\/logo\/image\/","url":"https:\/\/www.gamegenic.com\/wp-content\/uploads\/Gamegenic-Logo-FINAL.jpg","contentUrl":"https:\/\/www.gamegenic.com\/wp-content\/uploads\/Gamegenic-Logo-FINAL.jpg","width":3507,"height":2480,"caption":"Gamegenic GmbH"},"image":{"@id":"https:\/\/www.gamegenic.com\/es\/#\/schema\/logo\/image\/"},"sameAs":["https:\/\/www.facebook.com\/GamegenicSupplies\/","https:\/\/x.com\/Gamegenic_","https:\/\/www.instagram.com\/gamegenicsupplies\/","https:\/\/www.youtube.com\/channel\/UCgmMXQPjjWW-Zy9ceMH6oGw"]}]}},"_links":{"self":[{"href":"https:\/\/www.gamegenic.com\/es\/wp-json\/wp\/v2\/product\/31989","targetHints":{"allow":["GET"]}}],"collection":[{"href":"https:\/\/www.gamegenic.com\/es\/wp-json\/wp\/v2\/product"}],"about":[{"href":"https:\/\/www.gamegenic.com\/es\/wp-json\/wp\/v2\/types\/product"}],"wp:featuredmedia":[{"embeddable":true,"href":"https:\/\/www.gamegenic.com\/es\/wp-json\/wp\/v2\/media\/32032"}],"wp:attachment":[{"href":"https:\/\/www.gamegenic.com\/es\/wp-json\/wp\/v2\/media?parent=31989"}],"wp:term":[{"taxonomy":"product_brand","embeddable":true,"href":"https:\/\/www.gamegenic.com\/es\/wp-json\/wp\/v2\/product_brand?post=31989"},{"taxonomy":"product_cat","embeddable":true,"href":"https:\/\/www.gamegenic.com\/es\/wp-json\/wp\/v2\/product_cat?post=31989"},{"taxonomy":"product_tag","embeddable":true,"href":"https:\/\/www.gamegenic.com\/es\/wp-json\/wp\/v2\/product_tag?post=31989"}],"curies":[{"name":"wp","href":"https:\/\/api.w.org\/{rel}","templated":true}]}}