{"id":30814,"date":"2023-10-12T15:02:45","date_gmt":"2023-10-12T13:03:05","guid":{"rendered":"https:\/\/www.gamegenic.com\/?post_type=product&#038;p=30814"},"modified":"2025-07-10T16:26:21","modified_gmt":"2025-07-10T14:26:21","slug":"triple-deck-holder-300-xl","status":"publish","type":"product","link":"https:\/\/www.gamegenic.com\/es\/producto\/triple-deck-holder-300-xl\/","title":{"rendered":"TRIPLE DECK HOLDER 300+ XL"},"content":{"rendered":"<div class=\"fusion-fullwidth fullwidth-box fusion-builder-row-1 nonhundred-percent-fullwidth non-hundred-percent-height-scrolling gg-summary gg-position\" style=\"--awb-border-radius-top-left:0px;--awb-border-radius-top-right:0px;--awb-border-radius-bottom-right:0px;--awb-border-radius-bottom-left:0px;--awb-flex-wrap:wrap;\" id=\"gg-anker\" ><div class=\"fusion-builder-row fusion-row\"><div class=\"fusion-layout-column fusion_builder_column fusion-builder-column-0 fusion_builder_column_1_2 1_2 fusion-one-half fusion-column-first gg-features\" style=\"--awb-bg-size:cover;width:50%;width:calc(50% - ( ( 60px ) * 0.5 ) );margin-right: 60px;\"><div class=\"fusion-column-wrapper fusion-column-has-shadow fusion-flex-column-wrapper-legacy\"><div class=\"fusion-text fusion-text-1\"><h2>CARACTER\u00cdSTICAS<\/h2>\n<ul>\n<li>Puede contener hasta <strong>300<\/strong> cartas en doble funda, particularmente aquellas con <strong>fundas interiores gruesas<\/strong>*<\/li>\n<li>Caja resistente con tapa con autocierre y tira para escribir<\/li>\n<li>&lt;<strong>Incluye 3 portamazos<br \/>\ninteriores extra\u00edbles<\/strong> que pueden almacenar hasta 100 cartas con doble funda cada uno<\/li>\n<li>Caben cartas sobredimensionadas<\/li>\n<li>Tecnolog\u00eda Cobra Neck:<br \/>\nla tapa se abre hasta 180\u00b0<br \/>\npara facilitar el acceso al mazo<\/li>\n<li>Zonas de uni\u00f3n de gran resistencia<\/li>\n<li>Sin \u00e1cidos, sin PVC<\/li>\n<\/ul>\n<\/div><div class=\"fusion-text fusion-text-2 gg-notice\"><p>* Optimizado para fundas interiores gruesas Recomendamos las fundas de Gamegenic. Si se usan fundas de otra marca, la capacidad o compatibilidad podr\u00edan variar<\/p>\n<\/div><div class=\"fusion-clearfix\"><\/div><\/div><\/div><div class=\"fusion-layout-column fusion_builder_column fusion-builder-column-1 fusion_builder_column_1_2 1_2 fusion-one-half fusion-column-last\" style=\"--awb-bg-size:cover;width:50%;width:calc(50% - ( ( 60px ) * 0.5 ) );\"><div class=\"fusion-column-wrapper fusion-column-has-shadow fusion-flex-column-wrapper-legacy\">\n<h2>ESPECIFICACIONES<\/h2>\n<div class=\"table-2\">\n<table width=\"100%\">\n<tbody>\n<tr>\n<td align=\"left\">Tama\u00f1o de los productos<br \/>\n<span class=\"gg-wdh\">(ancho x fondo x alto)<\/span><\/td>\n<td align=\"left\">216 x 85 x 99 mm<\/td>\n<\/tr>\n<tr>\n<td style=\"vertical-align: top;\" align=\"left\">Material<\/td>\n<td align=\"left\">Polipropileno<\/td>\n<\/tr>\n<tr>\n<td align=\"left\">Tipo de embalaje<\/td>\n<td align=\"left\">Bolsa de PPO<\/td>\n<\/tr>\n<\/tbody>\n<\/table>\n<\/div>\n<h2 style=\"margin-top:60px\">MSRP<i data-tooltip=\"No se pueden realizar compras a trav\u00e9s de este sitio web. Todos los precios indicados son el precio de venta al p\u00fablico recomendado por el fabricante en euros (con IVA) o en d\u00f3lares (sin IVA). Los posibles gastos de env\u00edo no est\u00e1n incluidos. Los precios indicados no son vinculantes y pueden tratarse como una recomendaci\u00f3n.\" class=\"fas fa-info-circle gg-tooltip\">\uf05a<\/i><\/h2>\n<form action=\"\" method=\"post\" id=\"alg_currency_selector\"><select name=\"alg_currency\" id=\"alg_currency_select\" class=\"alg_currency_select\" onchange=\"this.form.submit()\"><option id=\"alg_currency_USD\" value=\"USD\" >USD<\/option><option id=\"alg_currency_EUR\" value=\"EUR\"  selected='selected'>EUR<\/option><option id=\"alg_currency_CAD\" value=\"CAD\" >U.S.-USD<\/option><\/select><noscript><input type=\"submit\" value=\"Refresh\"><\/noscript><\/form>\n<span class=\"woocommerce-Price-amount amount\"><bdi><span class=\"woocommerce-Price-currencySymbol\">EUR<\/span>&nbsp;8,49<\/bdi><\/span>\n\n<div class=\"fusion-alignleft\"><a class=\"fusion-button button-flat fusion-button-default-size button-default fusion-button-default button-1 fusion-button-default-span fusion-button-default-type shopfinder-button\" target=\"_blank\" rel=\"noopener noreferrer\" href=\"https:\/\/www.gamegenic.com\/es\/buscador-de-tiendas\/\"><i class=\"fa-globe-americas fas awb-button__icon awb-button__icon--default button-icon-left\" aria-hidden=\"true\"><\/i><span class=\"fusion-button-text awb-button__text awb-button__text--default\">D\u00f3nde comprarlos<\/span><\/a><\/div>\n<div class=\"fusion-clearfix\"><\/div><\/div><\/div><\/div><\/div>\n","protected":false},"excerpt":{"rendered":"<p>La caja para mazos Triple Deck Holder 300+ XL es compacta, resistente y econ\u00f3mica es la soluci\u00f3n de almacenamiento perfecta. Podr\u00e1s guardar 3 mazos completos o hasta <strong>300<\/strong> cartas con doble funda con <strong>fundas interiores gruesas<\/strong> gracias a este modelo. Los <strong>3 portamazos interiores son extra\u00edbles<\/strong> y pueden contener hasta 100 cartas con doble funda cada uno. La innovadora tecnolog\u00eda Cobra Neck permite abrir del todo la tapa y acceder sin complicaciones a las cartas y a los portamazos. Adem\u00e1s, tambi\u00e9n caben cartas sobredimensionadas.<\/p>\n","protected":false},"featured_media":30906,"template":"","meta":[],"product_brand":[],"product_cat":[496,500,501],"product_tag":[],"class_list":{"0":"post-30814","1":"product","2":"type-product","3":"status-publish","4":"has-post-thumbnail","6":"product_cat-cajas","7":"product_cat-cajas-para-mazos-basicas","8":"product_cat-linea-basica-casual","10":"first","11":"instock","12":"shipping-taxable","13":"purchasable","14":"product-type-variable","15":"has-default-attributes","16":"wvs-archive-product-wrapper"},"yoast_head":"<!-- This site is optimized with the Yoast SEO plugin v27.5 - https:\/\/yoast.com\/product\/yoast-seo-wordpress\/ -->\n<title>TRIPLE DECK HOLDER 300+ XL - GAMEGENIC - Ingenious Supplies<\/title>\n<meta name=\"description\" content=\"La caja para mazos Triple Deck Holder 300+ XL es compacta, resistente y econ\u00f3mica es la soluci\u00f3n de almacenamiento perfecta. Podr\u00e1s guardar 3 mazos completos o hasta 300 cartas con doble funda con fundas interiores gruesas gracias a este modelo.\" \/>\n<meta name=\"robots\" content=\"index, follow, max-snippet:-1, max-image-preview:large, max-video-preview:-1\" \/>\n<link rel=\"canonical\" href=\"https:\/\/www.gamegenic.com\/es\/producto\/triple-deck-holder-300-xl\/\" \/>\n<meta property=\"og:locale\" content=\"es_ES\" \/>\n<meta property=\"og:type\" content=\"article\" \/>\n<meta property=\"og:title\" content=\"TRIPLE DECK HOLDER 300+ XL\" \/>\n<meta property=\"og:description\" content=\"La caja para mazos Triple Deck Holder 300+ XL es compacta, resistente y econ\u00f3mica es la soluci\u00f3n de almacenamiento perfecta. Podr\u00e1s guardar 3 mazos completos o hasta 300 cartas con doble funda con fundas interiores gruesas gracias a este modelo.\" \/>\n<meta property=\"og:url\" content=\"https:\/\/www.gamegenic.com\/es\/producto\/triple-deck-holder-300-xl\/\" \/>\n<meta property=\"og:site_name\" content=\"GAMEGENIC - Ingenious Supplies\" \/>\n<meta property=\"article:publisher\" content=\"https:\/\/www.facebook.com\/GamegenicSupplies\/\" \/>\n<meta property=\"article:modified_time\" content=\"2025-07-10T14:26:21+00:00\" \/>\n<meta property=\"og:image\" content=\"https:\/\/www.gamegenic.com\/wp-content\/uploads\/fb-double_triple_deck_holder.jpg\" \/>\n<meta name=\"twitter:card\" content=\"summary_large_image\" \/>\n<meta name=\"twitter:title\" content=\"TRIPLE DECK HOLDER 300+ XL\" \/>\n<meta name=\"twitter:description\" content=\"La caja para mazos Triple Deck Holder 300+ XL es compacta, resistente y econ\u00f3mica es la soluci\u00f3n de almacenamiento perfecta. Podr\u00e1s guardar 3 mazos completos o hasta 300 cartas con doble funda con fundas interiores gruesas gracias a este modelo.\" \/>\n<meta name=\"twitter:image\" content=\"https:\/\/www.gamegenic.com\/wp-content\/uploads\/fb-double_triple_deck_holder.jpg\" \/>\n<meta name=\"twitter:site\" content=\"@Gamegenic_\" \/>\n<meta name=\"twitter:label1\" content=\"Tiempo de lectura\" \/>\n\t<meta name=\"twitter:data1\" content=\"1 minuto\" \/>\n<script type=\"application\/ld+json\" class=\"yoast-schema-graph\">{\"@context\":\"https:\\\/\\\/schema.org\",\"@graph\":[{\"@type\":\"WebPage\",\"@id\":\"https:\\\/\\\/www.gamegenic.com\\\/es\\\/producto\\\/triple-deck-holder-300-xl\\\/\",\"url\":\"https:\\\/\\\/www.gamegenic.com\\\/es\\\/producto\\\/triple-deck-holder-300-xl\\\/\",\"name\":\"TRIPLE DECK HOLDER 300+ XL - GAMEGENIC - Ingenious Supplies\",\"isPartOf\":{\"@id\":\"https:\\\/\\\/www.gamegenic.com\\\/es\\\/#website\"},\"primaryImageOfPage\":{\"@id\":\"https:\\\/\\\/www.gamegenic.com\\\/es\\\/producto\\\/triple-deck-holder-300-xl\\\/#primaryimage\"},\"image\":{\"@id\":\"https:\\\/\\\/www.gamegenic.com\\\/es\\\/producto\\\/triple-deck-holder-300-xl\\\/#primaryimage\"},\"thumbnailUrl\":\"https:\\\/\\\/www.gamegenic.com\\\/wp-content\\\/uploads\\\/2023\\\/10\\\/TripleDeckHolder-XL-v1-1-Red-0000_9Hcw71jls.jpg\",\"datePublished\":\"2023-10-12T13:03:05+00:00\",\"dateModified\":\"2025-07-10T14:26:21+00:00\",\"description\":\"La caja para mazos Triple Deck Holder 300+ XL es compacta, resistente y econ\u00f3mica es la soluci\u00f3n de almacenamiento perfecta. Podr\u00e1s guardar 3 mazos completos o hasta 300 cartas con doble funda con fundas interiores gruesas gracias a este modelo.\",\"breadcrumb\":{\"@id\":\"https:\\\/\\\/www.gamegenic.com\\\/es\\\/producto\\\/triple-deck-holder-300-xl\\\/#breadcrumb\"},\"inLanguage\":\"es\",\"potentialAction\":[{\"@type\":\"ReadAction\",\"target\":[\"https:\\\/\\\/www.gamegenic.com\\\/es\\\/producto\\\/triple-deck-holder-300-xl\\\/\"]}]},{\"@type\":\"ImageObject\",\"inLanguage\":\"es\",\"@id\":\"https:\\\/\\\/www.gamegenic.com\\\/es\\\/producto\\\/triple-deck-holder-300-xl\\\/#primaryimage\",\"url\":\"https:\\\/\\\/www.gamegenic.com\\\/wp-content\\\/uploads\\\/2023\\\/10\\\/TripleDeckHolder-XL-v1-1-Red-0000_9Hcw71jls.jpg\",\"contentUrl\":\"https:\\\/\\\/www.gamegenic.com\\\/wp-content\\\/uploads\\\/2023\\\/10\\\/TripleDeckHolder-XL-v1-1-Red-0000_9Hcw71jls.jpg\",\"width\":1200,\"height\":1200,\"caption\":\"Triple Deck Holder 300+ XL \u2013 Red\"},{\"@type\":\"BreadcrumbList\",\"@id\":\"https:\\\/\\\/www.gamegenic.com\\\/es\\\/producto\\\/triple-deck-holder-300-xl\\\/#breadcrumb\",\"itemListElement\":[{\"@type\":\"ListItem\",\"position\":1,\"name\":\"Home\",\"item\":\"https:\\\/\\\/www.gamegenic.com\\\/es\\\/\"},{\"@type\":\"ListItem\",\"position\":2,\"name\":\"Tienda\",\"item\":\"https:\\\/\\\/www.gamegenic.com\\\/tienda\\\/\"},{\"@type\":\"ListItem\",\"position\":3,\"name\":\"TRIPLE DECK HOLDER 300+ XL\"}]},{\"@type\":\"WebSite\",\"@id\":\"https:\\\/\\\/www.gamegenic.com\\\/es\\\/#website\",\"url\":\"https:\\\/\\\/www.gamegenic.com\\\/es\\\/\",\"name\":\"GAMEGENIC - Ingenious Supplies\",\"description\":\"\",\"publisher\":{\"@id\":\"https:\\\/\\\/www.gamegenic.com\\\/es\\\/#organization\"},\"potentialAction\":[{\"@type\":\"SearchAction\",\"target\":{\"@type\":\"EntryPoint\",\"urlTemplate\":\"https:\\\/\\\/www.gamegenic.com\\\/es\\\/?s={search_term_string}\"},\"query-input\":{\"@type\":\"PropertyValueSpecification\",\"valueRequired\":true,\"valueName\":\"search_term_string\"}}],\"inLanguage\":\"es\"},{\"@type\":\"Organization\",\"@id\":\"https:\\\/\\\/www.gamegenic.com\\\/es\\\/#organization\",\"name\":\"Gamegenic GmbH\",\"url\":\"https:\\\/\\\/www.gamegenic.com\\\/es\\\/\",\"logo\":{\"@type\":\"ImageObject\",\"inLanguage\":\"es\",\"@id\":\"https:\\\/\\\/www.gamegenic.com\\\/es\\\/#\\\/schema\\\/logo\\\/image\\\/\",\"url\":\"https:\\\/\\\/www.gamegenic.com\\\/wp-content\\\/uploads\\\/Gamegenic-Logo-FINAL.jpg\",\"contentUrl\":\"https:\\\/\\\/www.gamegenic.com\\\/wp-content\\\/uploads\\\/Gamegenic-Logo-FINAL.jpg\",\"width\":3507,\"height\":2480,\"caption\":\"Gamegenic GmbH\"},\"image\":{\"@id\":\"https:\\\/\\\/www.gamegenic.com\\\/es\\\/#\\\/schema\\\/logo\\\/image\\\/\"},\"sameAs\":[\"https:\\\/\\\/www.facebook.com\\\/GamegenicSupplies\\\/\",\"https:\\\/\\\/x.com\\\/Gamegenic_\",\"https:\\\/\\\/www.instagram.com\\\/gamegenicsupplies\\\/\",\"https:\\\/\\\/www.youtube.com\\\/channel\\\/UCgmMXQPjjWW-Zy9ceMH6oGw\"]}]}<\/script>\n<!-- \/ Yoast SEO plugin. -->","yoast_head_json":{"title":"TRIPLE DECK HOLDER 300+ XL - GAMEGENIC - Ingenious Supplies","description":"La caja para mazos Triple Deck Holder 300+ XL es compacta, resistente y econ\u00f3mica es la soluci\u00f3n de almacenamiento perfecta. Podr\u00e1s guardar 3 mazos completos o hasta 300 cartas con doble funda con fundas interiores gruesas gracias a este modelo.","robots":{"index":"index","follow":"follow","max-snippet":"max-snippet:-1","max-image-preview":"max-image-preview:large","max-video-preview":"max-video-preview:-1"},"canonical":"https:\/\/www.gamegenic.com\/es\/producto\/triple-deck-holder-300-xl\/","og_locale":"es_ES","og_type":"article","og_title":"TRIPLE DECK HOLDER 300+ XL","og_description":"La caja para mazos Triple Deck Holder 300+ XL es compacta, resistente y econ\u00f3mica es la soluci\u00f3n de almacenamiento perfecta. Podr\u00e1s guardar 3 mazos completos o hasta 300 cartas con doble funda con fundas interiores gruesas gracias a este modelo.","og_url":"https:\/\/www.gamegenic.com\/es\/producto\/triple-deck-holder-300-xl\/","og_site_name":"GAMEGENIC - Ingenious Supplies","article_publisher":"https:\/\/www.facebook.com\/GamegenicSupplies\/","article_modified_time":"2025-07-10T14:26:21+00:00","og_image":[{"url":"https:\/\/www.gamegenic.com\/wp-content\/uploads\/fb-double_triple_deck_holder.jpg","type":"","width":"","height":""}],"twitter_card":"summary_large_image","twitter_title":"TRIPLE DECK HOLDER 300+ XL","twitter_description":"La caja para mazos Triple Deck Holder 300+ XL es compacta, resistente y econ\u00f3mica es la soluci\u00f3n de almacenamiento perfecta. Podr\u00e1s guardar 3 mazos completos o hasta 300 cartas con doble funda con fundas interiores gruesas gracias a este modelo.","twitter_image":"https:\/\/www.gamegenic.com\/wp-content\/uploads\/fb-double_triple_deck_holder.jpg","twitter_site":"@Gamegenic_","twitter_misc":{"Tiempo de lectura":"1 minuto"},"schema":{"@context":"https:\/\/schema.org","@graph":[{"@type":"WebPage","@id":"https:\/\/www.gamegenic.com\/es\/producto\/triple-deck-holder-300-xl\/","url":"https:\/\/www.gamegenic.com\/es\/producto\/triple-deck-holder-300-xl\/","name":"TRIPLE DECK HOLDER 300+ XL - GAMEGENIC - Ingenious Supplies","isPartOf":{"@id":"https:\/\/www.gamegenic.com\/es\/#website"},"primaryImageOfPage":{"@id":"https:\/\/www.gamegenic.com\/es\/producto\/triple-deck-holder-300-xl\/#primaryimage"},"image":{"@id":"https:\/\/www.gamegenic.com\/es\/producto\/triple-deck-holder-300-xl\/#primaryimage"},"thumbnailUrl":"https:\/\/www.gamegenic.com\/wp-content\/uploads\/2023\/10\/TripleDeckHolder-XL-v1-1-Red-0000_9Hcw71jls.jpg","datePublished":"2023-10-12T13:03:05+00:00","dateModified":"2025-07-10T14:26:21+00:00","description":"La caja para mazos Triple Deck Holder 300+ XL es compacta, resistente y econ\u00f3mica es la soluci\u00f3n de almacenamiento perfecta. Podr\u00e1s guardar 3 mazos completos o hasta 300 cartas con doble funda con fundas interiores gruesas gracias a este modelo.","breadcrumb":{"@id":"https:\/\/www.gamegenic.com\/es\/producto\/triple-deck-holder-300-xl\/#breadcrumb"},"inLanguage":"es","potentialAction":[{"@type":"ReadAction","target":["https:\/\/www.gamegenic.com\/es\/producto\/triple-deck-holder-300-xl\/"]}]},{"@type":"ImageObject","inLanguage":"es","@id":"https:\/\/www.gamegenic.com\/es\/producto\/triple-deck-holder-300-xl\/#primaryimage","url":"https:\/\/www.gamegenic.com\/wp-content\/uploads\/2023\/10\/TripleDeckHolder-XL-v1-1-Red-0000_9Hcw71jls.jpg","contentUrl":"https:\/\/www.gamegenic.com\/wp-content\/uploads\/2023\/10\/TripleDeckHolder-XL-v1-1-Red-0000_9Hcw71jls.jpg","width":1200,"height":1200,"caption":"Triple Deck Holder 300+ XL \u2013 Red"},{"@type":"BreadcrumbList","@id":"https:\/\/www.gamegenic.com\/es\/producto\/triple-deck-holder-300-xl\/#breadcrumb","itemListElement":[{"@type":"ListItem","position":1,"name":"Home","item":"https:\/\/www.gamegenic.com\/es\/"},{"@type":"ListItem","position":2,"name":"Tienda","item":"https:\/\/www.gamegenic.com\/tienda\/"},{"@type":"ListItem","position":3,"name":"TRIPLE DECK HOLDER 300+ XL"}]},{"@type":"WebSite","@id":"https:\/\/www.gamegenic.com\/es\/#website","url":"https:\/\/www.gamegenic.com\/es\/","name":"GAMEGENIC - Ingenious Supplies","description":"","publisher":{"@id":"https:\/\/www.gamegenic.com\/es\/#organization"},"potentialAction":[{"@type":"SearchAction","target":{"@type":"EntryPoint","urlTemplate":"https:\/\/www.gamegenic.com\/es\/?s={search_term_string}"},"query-input":{"@type":"PropertyValueSpecification","valueRequired":true,"valueName":"search_term_string"}}],"inLanguage":"es"},{"@type":"Organization","@id":"https:\/\/www.gamegenic.com\/es\/#organization","name":"Gamegenic GmbH","url":"https:\/\/www.gamegenic.com\/es\/","logo":{"@type":"ImageObject","inLanguage":"es","@id":"https:\/\/www.gamegenic.com\/es\/#\/schema\/logo\/image\/","url":"https:\/\/www.gamegenic.com\/wp-content\/uploads\/Gamegenic-Logo-FINAL.jpg","contentUrl":"https:\/\/www.gamegenic.com\/wp-content\/uploads\/Gamegenic-Logo-FINAL.jpg","width":3507,"height":2480,"caption":"Gamegenic GmbH"},"image":{"@id":"https:\/\/www.gamegenic.com\/es\/#\/schema\/logo\/image\/"},"sameAs":["https:\/\/www.facebook.com\/GamegenicSupplies\/","https:\/\/x.com\/Gamegenic_","https:\/\/www.instagram.com\/gamegenicsupplies\/","https:\/\/www.youtube.com\/channel\/UCgmMXQPjjWW-Zy9ceMH6oGw"]}]}},"_links":{"self":[{"href":"https:\/\/www.gamegenic.com\/es\/wp-json\/wp\/v2\/product\/30814","targetHints":{"allow":["GET"]}}],"collection":[{"href":"https:\/\/www.gamegenic.com\/es\/wp-json\/wp\/v2\/product"}],"about":[{"href":"https:\/\/www.gamegenic.com\/es\/wp-json\/wp\/v2\/types\/product"}],"wp:featuredmedia":[{"embeddable":true,"href":"https:\/\/www.gamegenic.com\/es\/wp-json\/wp\/v2\/media\/30906"}],"wp:attachment":[{"href":"https:\/\/www.gamegenic.com\/es\/wp-json\/wp\/v2\/media?parent=30814"}],"wp:term":[{"taxonomy":"product_brand","embeddable":true,"href":"https:\/\/www.gamegenic.com\/es\/wp-json\/wp\/v2\/product_brand?post=30814"},{"taxonomy":"product_cat","embeddable":true,"href":"https:\/\/www.gamegenic.com\/es\/wp-json\/wp\/v2\/product_cat?post=30814"},{"taxonomy":"product_tag","embeddable":true,"href":"https:\/\/www.gamegenic.com\/es\/wp-json\/wp\/v2\/product_tag?post=30814"}],"curies":[{"name":"wp","href":"https:\/\/api.w.org\/{rel}","templated":true}]}}