{"id":30548,"date":"2023-10-02T10:13:16","date_gmt":"2023-10-02T08:13:16","guid":{"rendered":"https:\/\/www.gamegenic.com\/?post_type=product&#038;p=30548"},"modified":"2026-04-21T14:41:33","modified_gmt":"2026-04-21T12:41:33","slug":"outer-sleeves-matte-japanese-size","status":"publish","type":"product","link":"https:\/\/www.gamegenic.com\/es\/producto\/outer-sleeves-matte-japanese-size\/","title":{"rendered":"<p class=\"gg_product_title_header first\">MATTE <strong>JAPANESE SIZE<\/strong><\/p><p class=\"gg_product_title_header second\">OUTER SLEEVES<\/p>"},"content":{"rendered":"<div class=\"fusion-fullwidth fullwidth-box fusion-builder-row-1 nonhundred-percent-fullwidth non-hundred-percent-height-scrolling gg-summary gg-position\" style=\"--awb-border-radius-top-left:0px;--awb-border-radius-top-right:0px;--awb-border-radius-bottom-right:0px;--awb-border-radius-bottom-left:0px;--awb-flex-wrap:wrap;\" id=\"gg-anker\" ><div class=\"fusion-builder-row fusion-row\"><div class=\"fusion-layout-column fusion_builder_column fusion-builder-column-0 fusion_builder_column_1_2 1_2 fusion-one-half fusion-column-first gg-features\" style=\"--awb-bg-size:cover;width:50%;width:calc(50% - ( ( 60px ) * 0.5 ) );margin-right: 60px;\"><div class=\"fusion-column-wrapper fusion-column-has-shadow fusion-flex-column-wrapper-legacy\"><div class=\"fusion-text fusion-text-1\" style=\"--awb-text-transform:none;\"><h2>CARACTER\u00cdSTICAS<\/h2>\n<ul>\n<li><strong>60 fundas<\/strong> por paquete<\/li>\n<li>Perfectas para proteger tus fundas ilustradas de cualquier da\u00f1o (enfundado doble externo)<\/li>\n<li>Tama\u00f1o perfecto para proteger tus cartas con tres fundas<\/li>\n<li>Foil mate a evitar s\u00edntomas de fatiga ocular durante el juego.<\/li>\n<li>Gran sensaci\u00f3n al barajar<\/li>\n<li>Sin \u00e1cidos. Sin PVC<\/li>\n<\/ul>\n<\/div><div class=\"fusion-clearfix\"><\/div><\/div><\/div><div class=\"fusion-layout-column fusion_builder_column fusion-builder-column-1 fusion_builder_column_1_2 1_2 fusion-one-half fusion-column-last\" style=\"--awb-bg-size:cover;width:50%;width:calc(50% - ( ( 60px ) * 0.5 ) );\"><div class=\"fusion-column-wrapper fusion-column-has-shadow fusion-flex-column-wrapper-legacy\">\n<h2>ESPECIFICACIONES<\/h2>\n<div class=\"table-2\">\n<table style=\"width: 100%; height: 120px;\" width=\"100%\">\n<tbody>\n<tr style=\"height: 24px;\">\n<td style=\"height: 24px;\" align=\"left\">Tama\u00f1o de la funda<\/td>\n<td style=\"height: 24px;\" align=\"left\">65 x 92 mm<\/td>\n<\/tr>\n<tr style=\"height: 24px;\">\n<td style=\"height: 24px;\" align=\"left\">Tama\u00f1o de la carta<\/td>\n<td style=\"height: 24px;\" align=\"left\">hasta 62 x 89 mm<\/td>\n<\/tr>\n<tr style=\"height: 24px;\">\n<td style=\"vertical-align: top; height: 24px;\" align=\"left\">Cantidad por paquete<\/td>\n<td style=\"height: 24px;\" align=\"left\">60 fundas por paquete<\/td>\n<\/tr>\n<tr style=\"height: 24px;\">\n<td style=\"vertical-align: top; height: 24px;\" align=\"left\">Material<\/td>\n<td style=\"height: 24px;\" align=\"left\">Polipropileno<\/td>\n<\/tr>\n<tr style=\"height: 24px;\">\n<td style=\"height: 24px;\" align=\"left\">Tipo de embalaje<\/td>\n<td style=\"height: 24px;\" align=\"left\">Caja de cart\u00f3n<\/td>\n<\/tr>\n<\/tbody>\n<\/table>\n<\/div>\n<h2 style=\"margin-top:60px\">MSRP<i data-tooltip=\"No se pueden realizar compras a trav\u00e9s de este sitio web. Todos los precios indicados son el precio de venta al p\u00fablico recomendado por el fabricante en euros (con IVA) o en d\u00f3lares (sin IVA). Los posibles gastos de env\u00edo no est\u00e1n incluidos. Los precios indicados no son vinculantes y pueden tratarse como una recomendaci\u00f3n.\" class=\"fas fa-info-circle gg-tooltip\">\uf05a<\/i><\/h2>\n<form action=\"\" method=\"post\" id=\"alg_currency_selector\"><select name=\"alg_currency\" id=\"alg_currency_select\" class=\"alg_currency_select\" onchange=\"this.form.submit()\"><option id=\"alg_currency_USD\" value=\"USD\" >USD<\/option><option id=\"alg_currency_EUR\" value=\"EUR\"  selected='selected'>EUR<\/option><option id=\"alg_currency_CAD\" value=\"CAD\" >U.S.-USD<\/option><\/select><noscript><input type=\"submit\" value=\"Refresh\"><\/noscript><\/form>\n<span class=\"woocommerce-Price-amount amount\"><bdi><span class=\"woocommerce-Price-currencySymbol\">EUR<\/span>&nbsp;3,99<\/bdi><\/span>\n\n<div class=\"fusion-alignleft\"><a class=\"fusion-button button-flat fusion-button-default-size button-default fusion-button-default button-1 fusion-button-default-span fusion-button-default-type shopfinder-button\" target=\"_blank\" rel=\"noopener noreferrer\" href=\"https:\/\/www.gamegenic.com\/es\/buscador-de-tiendas\/\"><i class=\"fa-globe-americas fas awb-button__icon awb-button__icon--default button-icon-left\" aria-hidden=\"true\"><\/i><span class=\"fusion-button-text awb-button__text awb-button__text--default\">D\u00f3nde comprarlos<\/span><\/a><\/div>\n<div class=\"fusion-clearfix\"><\/div><\/div><\/div><\/div><\/div>\n","protected":false},"excerpt":{"rendered":"<p>Nuestras fundas externas mates Outer Sleeves Matte Japanese Size son una capa de protecci\u00f3n adicional para tus cartas o para tus fundas ilustradas. Estas fundas son \u00f3ptimas para proteger las fundas ilustradas de cualquier da\u00f1o (protecci\u00f3n externa con doble funda) y tambi\u00e9n sirven como una tercera capa adicional para proteger tus cartas. El laminado mate de estas fundas acaba con los reflejos molestos y garantiza as\u00ed que las cartas puedan verse perfectamente desde todos los \u00e1ngulos. Tambi\u00e9n ayuda a reducir la fatiga visual durante las partidas. Son muy transparentes para que las cartas se vean perfectamente. Debido a su superficie de gran calidad, se barajan f\u00e1cilmente.<\/p>\n","protected":false},"featured_media":50641,"template":"","meta":[],"product_brand":[],"product_cat":[509,512],"product_tag":[],"class_list":{"0":"post-30548","1":"product","2":"type-product","3":"status-publish","4":"has-post-thumbnail","6":"product_cat-fundas","7":"product_cat-fundas-de-tamano-japones","9":"first","10":"instock","11":"shipping-taxable","12":"purchasable","13":"product-type-variable","14":"has-default-attributes","15":"wvs-archive-product-wrapper"},"yoast_head":"<!-- This site is optimized with the Yoast SEO plugin v27.3 - https:\/\/yoast.com\/product\/yoast-seo-wordpress\/ -->\n<title>MATTE JAPANESE SIZEOUTER SLEEVES - GAMEGENIC - Ingenious Supplies<\/title>\n<meta name=\"description\" content=\"Nuestras fundas externas mates Outer Sleeves Matte Japanese Size son una capa de protecci\u00f3n adicional para tus cartas o para tus fundas ilustradas. Estas fundas son \u00f3ptimas para proteger las fundas ilustradas de cualquier da\u00f1o (protecci\u00f3n externa con doble funda) y tambi\u00e9n sirven como una tercera capa adicional para proteger tus cartas. El laminado mate de estas fundas acaba con los reflejos molestos y garantiza as\u00ed que las cartas puedan verse perfectamente desde todos los \u00e1ngulos. Tambi\u00e9n ayuda a reducir la fatiga visual durante las partidas. Son muy transparentes para que las cartas se vean perfectamente. Debido a su superficie de gran calidad, se barajan f\u00e1cilmente.\" \/>\n<meta name=\"robots\" content=\"index, follow, max-snippet:-1, max-image-preview:large, max-video-preview:-1\" \/>\n<link rel=\"canonical\" href=\"https:\/\/www.gamegenic.com\/es\/producto\/outer-sleeves-matte-japanese-size\/\" \/>\n<meta property=\"og:locale\" content=\"es_ES\" \/>\n<meta property=\"og:type\" content=\"article\" \/>\n<meta property=\"og:title\" content=\"OUTER SLEEVES MATTE JAPANESE SIZE\" \/>\n<meta property=\"og:description\" content=\"Nuestras fundas externas mates Outer Sleeves Matte Japanese Size son una capa de protecci\u00f3n adicional para tus cartas o para tus fundas ilustradas. Estas fundas son \u00f3ptimas para proteger las fundas ilustradas de cualquier da\u00f1o (protecci\u00f3n externa con doble funda) y tambi\u00e9n sirven como una tercera capa adicional para proteger tus cartas. El laminado mate de estas fundas acaba con los reflejos molestos y garantiza as\u00ed que las cartas puedan verse perfectamente desde todos los \u00e1ngulos. Tambi\u00e9n ayuda a reducir la fatiga visual durante las partidas. Son muy transparentes para que las cartas se vean perfectamente. Debido a su superficie de gran calidad, se barajan f\u00e1cilmente.\" \/>\n<meta property=\"og:url\" content=\"https:\/\/www.gamegenic.com\/es\/producto\/outer-sleeves-matte-japanese-size\/\" \/>\n<meta property=\"og:site_name\" content=\"GAMEGENIC - Ingenious Supplies\" \/>\n<meta property=\"article:publisher\" content=\"https:\/\/www.facebook.com\/GamegenicSupplies\/\" \/>\n<meta property=\"article:modified_time\" content=\"2026-04-21T12:41:33+00:00\" \/>\n<meta property=\"og:image\" content=\"https:\/\/www.gamegenic.com\/wp-content\/uploads\/2023\/10\/GG-Outer_Sleeves_Japanese-Size-0002_bSaE2I67H-scaled.jpg\" \/>\n\t<meta property=\"og:image:width\" content=\"2560\" \/>\n\t<meta property=\"og:image:height\" content=\"2560\" \/>\n\t<meta property=\"og:image:type\" content=\"image\/jpeg\" \/>\n<meta name=\"twitter:card\" content=\"summary_large_image\" \/>\n<meta name=\"twitter:title\" content=\"OUTER SLEEVES MATTE JAPANESE SIZE\" \/>\n<meta name=\"twitter:description\" content=\"Nuestras fundas externas mates Outer Sleeves Matte Japanese Size son una capa de protecci\u00f3n adicional para tus cartas o para tus fundas ilustradas. Estas fundas son \u00f3ptimas para proteger las fundas ilustradas de cualquier da\u00f1o (protecci\u00f3n externa con doble funda) y tambi\u00e9n sirven como una tercera capa adicional para proteger tus cartas. El laminado mate de estas fundas acaba con los reflejos molestos y garantiza as\u00ed que las cartas puedan verse perfectamente desde todos los \u00e1ngulos. Tambi\u00e9n ayuda a reducir la fatiga visual durante las partidas. Son muy transparentes para que las cartas se vean perfectamente. Debido a su superficie de gran calidad, se barajan f\u00e1cilmente.\" \/>\n<meta name=\"twitter:site\" content=\"@Gamegenic_\" \/>\n<meta name=\"twitter:label1\" content=\"Tiempo de lectura\" \/>\n\t<meta name=\"twitter:data1\" content=\"1 minuto\" \/>\n<script type=\"application\/ld+json\" class=\"yoast-schema-graph\">{\"@context\":\"https:\\\/\\\/schema.org\",\"@graph\":[{\"@type\":\"WebPage\",\"@id\":\"https:\\\/\\\/www.gamegenic.com\\\/es\\\/producto\\\/outer-sleeves-matte-japanese-size\\\/\",\"url\":\"https:\\\/\\\/www.gamegenic.com\\\/es\\\/producto\\\/outer-sleeves-matte-japanese-size\\\/\",\"name\":\"MATTE JAPANESE SIZE OUTER SLEEVES - GAMEGENIC - Ingenious Supplies\",\"isPartOf\":{\"@id\":\"https:\\\/\\\/www.gamegenic.com\\\/es\\\/#website\"},\"primaryImageOfPage\":{\"@id\":\"https:\\\/\\\/www.gamegenic.com\\\/es\\\/producto\\\/outer-sleeves-matte-japanese-size\\\/#primaryimage\"},\"image\":{\"@id\":\"https:\\\/\\\/www.gamegenic.com\\\/es\\\/producto\\\/outer-sleeves-matte-japanese-size\\\/#primaryimage\"},\"thumbnailUrl\":\"https:\\\/\\\/www.gamegenic.com\\\/wp-content\\\/uploads\\\/2023\\\/10\\\/GG-Outer_Sleeves_Japanese-Size-0002_bSaE2I67H-scaled.jpg\",\"datePublished\":\"2023-10-02T08:13:16+00:00\",\"dateModified\":\"2026-04-21T12:41:33+00:00\",\"description\":\"Nuestras fundas externas mates Outer Sleeves Matte Japanese Size son una capa de protecci\u00f3n adicional para tus cartas o para tus fundas ilustradas. Estas fundas son \u00f3ptimas para proteger las fundas ilustradas de cualquier da\u00f1o (protecci\u00f3n externa con doble funda) y tambi\u00e9n sirven como una tercera capa adicional para proteger tus cartas. El laminado mate de estas fundas acaba con los reflejos molestos y garantiza as\u00ed que las cartas puedan verse perfectamente desde todos los \u00e1ngulos. Tambi\u00e9n ayuda a reducir la fatiga visual durante las partidas. Son muy transparentes para que las cartas se vean perfectamente. Debido a su superficie de gran calidad, se barajan f\u00e1cilmente.\",\"breadcrumb\":{\"@id\":\"https:\\\/\\\/www.gamegenic.com\\\/es\\\/producto\\\/outer-sleeves-matte-japanese-size\\\/#breadcrumb\"},\"inLanguage\":\"es\",\"potentialAction\":[{\"@type\":\"ReadAction\",\"target\":[\"https:\\\/\\\/www.gamegenic.com\\\/es\\\/producto\\\/outer-sleeves-matte-japanese-size\\\/\"]}]},{\"@type\":\"ImageObject\",\"inLanguage\":\"es\",\"@id\":\"https:\\\/\\\/www.gamegenic.com\\\/es\\\/producto\\\/outer-sleeves-matte-japanese-size\\\/#primaryimage\",\"url\":\"https:\\\/\\\/www.gamegenic.com\\\/wp-content\\\/uploads\\\/2023\\\/10\\\/GG-Outer_Sleeves_Japanese-Size-0002_bSaE2I67H-scaled.jpg\",\"contentUrl\":\"https:\\\/\\\/www.gamegenic.com\\\/wp-content\\\/uploads\\\/2023\\\/10\\\/GG-Outer_Sleeves_Japanese-Size-0002_bSaE2I67H-scaled.jpg\",\"width\":2560,\"height\":2560,\"caption\":\"Japanese Outer Sleeves\"},{\"@type\":\"BreadcrumbList\",\"@id\":\"https:\\\/\\\/www.gamegenic.com\\\/es\\\/producto\\\/outer-sleeves-matte-japanese-size\\\/#breadcrumb\",\"itemListElement\":[{\"@type\":\"ListItem\",\"position\":1,\"name\":\"Home\",\"item\":\"https:\\\/\\\/www.gamegenic.com\\\/es\\\/\"},{\"@type\":\"ListItem\",\"position\":2,\"name\":\"Tienda\",\"item\":\"https:\\\/\\\/www.gamegenic.com\\\/tienda\\\/\"},{\"@type\":\"ListItem\",\"position\":3,\"name\":\"MATTE JAPANESE SIZEOUTER SLEEVES\"}]},{\"@type\":\"WebSite\",\"@id\":\"https:\\\/\\\/www.gamegenic.com\\\/es\\\/#website\",\"url\":\"https:\\\/\\\/www.gamegenic.com\\\/es\\\/\",\"name\":\"GAMEGENIC - Ingenious Supplies\",\"description\":\"\",\"publisher\":{\"@id\":\"https:\\\/\\\/www.gamegenic.com\\\/es\\\/#organization\"},\"potentialAction\":[{\"@type\":\"SearchAction\",\"target\":{\"@type\":\"EntryPoint\",\"urlTemplate\":\"https:\\\/\\\/www.gamegenic.com\\\/es\\\/?s={search_term_string}\"},\"query-input\":{\"@type\":\"PropertyValueSpecification\",\"valueRequired\":true,\"valueName\":\"search_term_string\"}}],\"inLanguage\":\"es\"},{\"@type\":\"Organization\",\"@id\":\"https:\\\/\\\/www.gamegenic.com\\\/es\\\/#organization\",\"name\":\"Gamegenic GmbH\",\"url\":\"https:\\\/\\\/www.gamegenic.com\\\/es\\\/\",\"logo\":{\"@type\":\"ImageObject\",\"inLanguage\":\"es\",\"@id\":\"https:\\\/\\\/www.gamegenic.com\\\/es\\\/#\\\/schema\\\/logo\\\/image\\\/\",\"url\":\"https:\\\/\\\/www.gamegenic.com\\\/wp-content\\\/uploads\\\/Gamegenic-Logo-FINAL.jpg\",\"contentUrl\":\"https:\\\/\\\/www.gamegenic.com\\\/wp-content\\\/uploads\\\/Gamegenic-Logo-FINAL.jpg\",\"width\":3507,\"height\":2480,\"caption\":\"Gamegenic GmbH\"},\"image\":{\"@id\":\"https:\\\/\\\/www.gamegenic.com\\\/es\\\/#\\\/schema\\\/logo\\\/image\\\/\"},\"sameAs\":[\"https:\\\/\\\/www.facebook.com\\\/GamegenicSupplies\\\/\",\"https:\\\/\\\/x.com\\\/Gamegenic_\",\"https:\\\/\\\/www.instagram.com\\\/gamegenicsupplies\\\/\",\"https:\\\/\\\/www.youtube.com\\\/channel\\\/UCgmMXQPjjWW-Zy9ceMH6oGw\"]}]}<\/script>\n<!-- \/ Yoast SEO plugin. -->","yoast_head_json":{"title":"MATTE JAPANESE SIZEOUTER SLEEVES - GAMEGENIC - Ingenious Supplies","description":"Nuestras fundas externas mates Outer Sleeves Matte Japanese Size son una capa de protecci\u00f3n adicional para tus cartas o para tus fundas ilustradas. Estas fundas son \u00f3ptimas para proteger las fundas ilustradas de cualquier da\u00f1o (protecci\u00f3n externa con doble funda) y tambi\u00e9n sirven como una tercera capa adicional para proteger tus cartas. El laminado mate de estas fundas acaba con los reflejos molestos y garantiza as\u00ed que las cartas puedan verse perfectamente desde todos los \u00e1ngulos. Tambi\u00e9n ayuda a reducir la fatiga visual durante las partidas. Son muy transparentes para que las cartas se vean perfectamente. Debido a su superficie de gran calidad, se barajan f\u00e1cilmente.","robots":{"index":"index","follow":"follow","max-snippet":"max-snippet:-1","max-image-preview":"max-image-preview:large","max-video-preview":"max-video-preview:-1"},"canonical":"https:\/\/www.gamegenic.com\/es\/producto\/outer-sleeves-matte-japanese-size\/","og_locale":"es_ES","og_type":"article","og_title":"OUTER SLEEVES MATTE JAPANESE SIZE","og_description":"Nuestras fundas externas mates Outer Sleeves Matte Japanese Size son una capa de protecci\u00f3n adicional para tus cartas o para tus fundas ilustradas. Estas fundas son \u00f3ptimas para proteger las fundas ilustradas de cualquier da\u00f1o (protecci\u00f3n externa con doble funda) y tambi\u00e9n sirven como una tercera capa adicional para proteger tus cartas. El laminado mate de estas fundas acaba con los reflejos molestos y garantiza as\u00ed que las cartas puedan verse perfectamente desde todos los \u00e1ngulos. Tambi\u00e9n ayuda a reducir la fatiga visual durante las partidas. Son muy transparentes para que las cartas se vean perfectamente. Debido a su superficie de gran calidad, se barajan f\u00e1cilmente.","og_url":"https:\/\/www.gamegenic.com\/es\/producto\/outer-sleeves-matte-japanese-size\/","og_site_name":"GAMEGENIC - Ingenious Supplies","article_publisher":"https:\/\/www.facebook.com\/GamegenicSupplies\/","article_modified_time":"2026-04-21T12:41:33+00:00","og_image":[{"width":2560,"height":2560,"url":"https:\/\/www.gamegenic.com\/wp-content\/uploads\/2023\/10\/GG-Outer_Sleeves_Japanese-Size-0002_bSaE2I67H-scaled.jpg","type":"image\/jpeg"}],"twitter_card":"summary_large_image","twitter_title":"OUTER SLEEVES MATTE JAPANESE SIZE","twitter_description":"Nuestras fundas externas mates Outer Sleeves Matte Japanese Size son una capa de protecci\u00f3n adicional para tus cartas o para tus fundas ilustradas. Estas fundas son \u00f3ptimas para proteger las fundas ilustradas de cualquier da\u00f1o (protecci\u00f3n externa con doble funda) y tambi\u00e9n sirven como una tercera capa adicional para proteger tus cartas. El laminado mate de estas fundas acaba con los reflejos molestos y garantiza as\u00ed que las cartas puedan verse perfectamente desde todos los \u00e1ngulos. Tambi\u00e9n ayuda a reducir la fatiga visual durante las partidas. Son muy transparentes para que las cartas se vean perfectamente. Debido a su superficie de gran calidad, se barajan f\u00e1cilmente.","twitter_site":"@Gamegenic_","twitter_misc":{"Tiempo de lectura":"1 minuto"},"schema":{"@context":"https:\/\/schema.org","@graph":[{"@type":"WebPage","@id":"https:\/\/www.gamegenic.com\/es\/producto\/outer-sleeves-matte-japanese-size\/","url":"https:\/\/www.gamegenic.com\/es\/producto\/outer-sleeves-matte-japanese-size\/","name":"MATTE JAPANESE SIZE OUTER SLEEVES - GAMEGENIC - Ingenious Supplies","isPartOf":{"@id":"https:\/\/www.gamegenic.com\/es\/#website"},"primaryImageOfPage":{"@id":"https:\/\/www.gamegenic.com\/es\/producto\/outer-sleeves-matte-japanese-size\/#primaryimage"},"image":{"@id":"https:\/\/www.gamegenic.com\/es\/producto\/outer-sleeves-matte-japanese-size\/#primaryimage"},"thumbnailUrl":"https:\/\/www.gamegenic.com\/wp-content\/uploads\/2023\/10\/GG-Outer_Sleeves_Japanese-Size-0002_bSaE2I67H-scaled.jpg","datePublished":"2023-10-02T08:13:16+00:00","dateModified":"2026-04-21T12:41:33+00:00","description":"Nuestras fundas externas mates Outer Sleeves Matte Japanese Size son una capa de protecci\u00f3n adicional para tus cartas o para tus fundas ilustradas. Estas fundas son \u00f3ptimas para proteger las fundas ilustradas de cualquier da\u00f1o (protecci\u00f3n externa con doble funda) y tambi\u00e9n sirven como una tercera capa adicional para proteger tus cartas. El laminado mate de estas fundas acaba con los reflejos molestos y garantiza as\u00ed que las cartas puedan verse perfectamente desde todos los \u00e1ngulos. Tambi\u00e9n ayuda a reducir la fatiga visual durante las partidas. Son muy transparentes para que las cartas se vean perfectamente. Debido a su superficie de gran calidad, se barajan f\u00e1cilmente.","breadcrumb":{"@id":"https:\/\/www.gamegenic.com\/es\/producto\/outer-sleeves-matte-japanese-size\/#breadcrumb"},"inLanguage":"es","potentialAction":[{"@type":"ReadAction","target":["https:\/\/www.gamegenic.com\/es\/producto\/outer-sleeves-matte-japanese-size\/"]}]},{"@type":"ImageObject","inLanguage":"es","@id":"https:\/\/www.gamegenic.com\/es\/producto\/outer-sleeves-matte-japanese-size\/#primaryimage","url":"https:\/\/www.gamegenic.com\/wp-content\/uploads\/2023\/10\/GG-Outer_Sleeves_Japanese-Size-0002_bSaE2I67H-scaled.jpg","contentUrl":"https:\/\/www.gamegenic.com\/wp-content\/uploads\/2023\/10\/GG-Outer_Sleeves_Japanese-Size-0002_bSaE2I67H-scaled.jpg","width":2560,"height":2560,"caption":"Japanese Outer Sleeves"},{"@type":"BreadcrumbList","@id":"https:\/\/www.gamegenic.com\/es\/producto\/outer-sleeves-matte-japanese-size\/#breadcrumb","itemListElement":[{"@type":"ListItem","position":1,"name":"Home","item":"https:\/\/www.gamegenic.com\/es\/"},{"@type":"ListItem","position":2,"name":"Tienda","item":"https:\/\/www.gamegenic.com\/tienda\/"},{"@type":"ListItem","position":3,"name":"MATTE JAPANESE SIZEOUTER SLEEVES"}]},{"@type":"WebSite","@id":"https:\/\/www.gamegenic.com\/es\/#website","url":"https:\/\/www.gamegenic.com\/es\/","name":"GAMEGENIC - Ingenious Supplies","description":"","publisher":{"@id":"https:\/\/www.gamegenic.com\/es\/#organization"},"potentialAction":[{"@type":"SearchAction","target":{"@type":"EntryPoint","urlTemplate":"https:\/\/www.gamegenic.com\/es\/?s={search_term_string}"},"query-input":{"@type":"PropertyValueSpecification","valueRequired":true,"valueName":"search_term_string"}}],"inLanguage":"es"},{"@type":"Organization","@id":"https:\/\/www.gamegenic.com\/es\/#organization","name":"Gamegenic GmbH","url":"https:\/\/www.gamegenic.com\/es\/","logo":{"@type":"ImageObject","inLanguage":"es","@id":"https:\/\/www.gamegenic.com\/es\/#\/schema\/logo\/image\/","url":"https:\/\/www.gamegenic.com\/wp-content\/uploads\/Gamegenic-Logo-FINAL.jpg","contentUrl":"https:\/\/www.gamegenic.com\/wp-content\/uploads\/Gamegenic-Logo-FINAL.jpg","width":3507,"height":2480,"caption":"Gamegenic GmbH"},"image":{"@id":"https:\/\/www.gamegenic.com\/es\/#\/schema\/logo\/image\/"},"sameAs":["https:\/\/www.facebook.com\/GamegenicSupplies\/","https:\/\/x.com\/Gamegenic_","https:\/\/www.instagram.com\/gamegenicsupplies\/","https:\/\/www.youtube.com\/channel\/UCgmMXQPjjWW-Zy9ceMH6oGw"]}]}},"_links":{"self":[{"href":"https:\/\/www.gamegenic.com\/es\/wp-json\/wp\/v2\/product\/30548","targetHints":{"allow":["GET"]}}],"collection":[{"href":"https:\/\/www.gamegenic.com\/es\/wp-json\/wp\/v2\/product"}],"about":[{"href":"https:\/\/www.gamegenic.com\/es\/wp-json\/wp\/v2\/types\/product"}],"wp:featuredmedia":[{"embeddable":true,"href":"https:\/\/www.gamegenic.com\/es\/wp-json\/wp\/v2\/media\/50641"}],"wp:attachment":[{"href":"https:\/\/www.gamegenic.com\/es\/wp-json\/wp\/v2\/media?parent=30548"}],"wp:term":[{"taxonomy":"product_brand","embeddable":true,"href":"https:\/\/www.gamegenic.com\/es\/wp-json\/wp\/v2\/product_brand?post=30548"},{"taxonomy":"product_cat","embeddable":true,"href":"https:\/\/www.gamegenic.com\/es\/wp-json\/wp\/v2\/product_cat?post=30548"},{"taxonomy":"product_tag","embeddable":true,"href":"https:\/\/www.gamegenic.com\/es\/wp-json\/wp\/v2\/product_tag?post=30548"}],"curies":[{"name":"wp","href":"https:\/\/api.w.org\/{rel}","templated":true}]}}