{"id":30435,"date":"2023-09-29T09:05:57","date_gmt":"2023-09-29T07:06:06","guid":{"rendered":"https:\/\/www.gamegenic.com\/?post_type=product&#038;p=30435"},"modified":"2025-10-17T12:08:38","modified_gmt":"2025-10-17T10:08:38","slug":"magnetic-dice-tray-square","status":"publish","type":"product","link":"https:\/\/www.gamegenic.com\/es\/producto\/magnetic-dice-tray-square\/","title":{"rendered":"MAGNETIC DICE TRAY <p class=\"gg_product_title_header first\">SQUARE<\/p>"},"content":{"rendered":"<div class=\"fusion-fullwidth fullwidth-box fusion-builder-row-1 nonhundred-percent-fullwidth non-hundred-percent-height-scrolling gg-summary gg-position\" style=\"--awb-border-radius-top-left:0px;--awb-border-radius-top-right:0px;--awb-border-radius-bottom-right:0px;--awb-border-radius-bottom-left:0px;--awb-flex-wrap:wrap;\" id=\"gg-anker\" ><div class=\"fusion-builder-row fusion-row\"><div class=\"fusion-layout-column fusion_builder_column fusion-builder-column-0 fusion_builder_column_1_2 1_2 fusion-one-half fusion-column-first gg-features\" style=\"--awb-bg-size:cover;width:50%;width:calc(50% - ( ( 60px ) * 0.5 ) );margin-right: 60px;\"><div class=\"fusion-column-wrapper fusion-column-has-shadow fusion-flex-column-wrapper-legacy\"><div class=\"fusion-text fusion-text-1\"><h2>CARACTER\u00cdSTICAS<\/h2>\n<ul>\n<li><strong>Bandeja para dados magn\u00e9tica\u00a0<\/strong>de gran calidad<\/li>\n<li><strong>Completamente reversible:<\/strong><br \/>\n<strong>2<\/strong>\u00a0colores diferentes en el mismo producto<\/li>\n<li><strong>Se monta en unos segundos:<\/strong>\u00a0la podr\u00e1s usar r\u00e1pidamente<\/li>\n<li><strong>Se queda completamente plana.<\/strong><br \/>\nTama\u00f1o optimizado para una gran variedad de cajas de juegos<\/li>\n<li><strong>Sin abrazaderas ni cierres:<\/strong><br \/>\nlos componentes de tus juegos estar\u00e1n completamente a salvo cuando guardes la bandeja en la caja<\/li>\n<li>Imanes potentes, lo suficientemente fuertes para dados met\u00e1licos pesados<\/li>\n<li>Perfectas para cualquier tipo de juego de mesa, de tablero o de rol<\/li>\n<\/ul>\n<\/div><div class=\"fusion-clearfix\"><\/div><\/div><\/div><div class=\"fusion-layout-column fusion_builder_column fusion-builder-column-1 fusion_builder_column_1_2 1_2 fusion-one-half fusion-column-last\" style=\"--awb-bg-size:cover;width:50%;width:calc(50% - ( ( 60px ) * 0.5 ) );\"><div class=\"fusion-column-wrapper fusion-column-has-shadow fusion-flex-column-wrapper-legacy\">\n<h2>ESPECIFICACIONES<\/h2>\n<div class=\"table-2\">\n<table style=\"width: 100%; height: 96px;\" width=\"100%\">\n<tbody>\n<tr style=\"height: 48px;\">\n<td style=\"height: 48px;\" align=\"left\">Tama\u00f1o de los productos<\/td>\n<td style=\"height: 48px;\" align=\"left\"><b>Plano:<\/b> 269 x 269 mm <strong>Plegado\u00a0:<\/strong> 230 x 230 mm<\/td>\n<\/tr>\n<tr style=\"height: 24px;\">\n<td style=\"vertical-align: top; height: 24px;\" align=\"left\">Material<\/td>\n<td style=\"height: 24px;\" align=\"left\">Poliuretano<\/td>\n<\/tr>\n<tr style=\"height: 24px;\">\n<td style=\"height: 24px;\" align=\"left\">Tipo de embalaje<\/td>\n<td style=\"height: 24px;\" align=\"left\">Caja de cart\u00f3n con ventana<\/td>\n<\/tr>\n<\/tbody>\n<\/table>\n<\/div>\n<h2 style=\"margin-top:60px\">MSRP<i data-tooltip=\"No se pueden realizar compras a trav\u00e9s de este sitio web. Todos los precios indicados son el precio de venta al p\u00fablico recomendado por el fabricante en euros (con IVA) o en d\u00f3lares (sin IVA). Los posibles gastos de env\u00edo no est\u00e1n incluidos. Los precios indicados no son vinculantes y pueden tratarse como una recomendaci\u00f3n.\" class=\"fas fa-info-circle gg-tooltip\">\uf05a<\/i><\/h2>\n<form action=\"\" method=\"post\" id=\"alg_currency_selector\"><select name=\"alg_currency\" id=\"alg_currency_select\" class=\"alg_currency_select\" onchange=\"this.form.submit()\"><option id=\"alg_currency_USD\" value=\"USD\" >USD<\/option><option id=\"alg_currency_EUR\" value=\"EUR\"  selected='selected'>EUR<\/option><option id=\"alg_currency_CAD\" value=\"CAD\" >U.S.-USD<\/option><\/select><noscript><input type=\"submit\" value=\"Refresh\"><\/noscript><\/form>\n<span class=\"woocommerce-Price-amount amount\"><bdi><span class=\"woocommerce-Price-currencySymbol\">EUR<\/span>&nbsp;16,99<\/bdi><\/span>\n\n<div class=\"fusion-alignleft\"><a class=\"fusion-button button-flat fusion-button-default-size button-default fusion-button-default button-1 fusion-button-default-span fusion-button-default-type shopfinder-button\" target=\"_blank\" rel=\"noopener noreferrer\" href=\"https:\/\/www.gamegenic.com\/es\/buscador-de-tiendas\/\"><i class=\"fa-globe-americas fas awb-button__icon awb-button__icon--default button-icon-left\" aria-hidden=\"true\"><\/i><span class=\"fusion-button-text awb-button__text awb-button__text--default\">D\u00f3nde comprarlos<\/span><\/a><\/div>\n<div class=\"fusion-clearfix\"><\/div><\/div><\/div><\/div><\/div>\n","protected":false},"excerpt":{"rendered":"<p>Esta bandeja de gran calidad cuadrada y magn\u00e9tica es perfecta para tus juegos de mesa y de tablero. Es compacta y tiene imanes incorporados muy potentes, de manera que podr\u00e1s montarla casi como por arte de magia en unos segundos. Adem\u00e1s, la bandeja Dice Tray se queda completamente plana, de manera que la puedes guardar en una gran variedad de cajas de juegos. Sin abrazaderas ni cierres: los componentes de tus juegos estar\u00e1n completamente a salvo cuando guardes la bandeja en la caja. La Magnetic Dice Tray es completamente reversible. Solo tienes que darle la vuelta para poder disfrutar de ambos dise\u00f1os. Uno de los lados es negro y el otro es de uno de los 4 colores llamativos disponibles.<\/p>\n","protected":false},"featured_media":30289,"template":"","meta":[],"product_brand":[],"product_cat":[517,861],"product_tag":[],"class_list":{"0":"post-30435","1":"product","2":"type-product","3":"status-publish","4":"has-post-thumbnail","6":"product_cat-accesorios","7":"product_cat-bandeja-para-dados","9":"first","10":"instock","11":"shipping-taxable","12":"purchasable","13":"product-type-variable","14":"has-default-attributes","15":"wvs-archive-product-wrapper"},"yoast_head":"<!-- This site is optimized with the Yoast SEO plugin v27.3 - https:\/\/yoast.com\/product\/yoast-seo-wordpress\/ -->\n<title>MAGNETIC DICE TRAY SQUARE - GAMEGENIC - Ingenious Supplies<\/title>\n<meta name=\"description\" content=\"Esta bandeja de gran calidad cuadrada y magn\u00e9tica es perfecta para tus juegos de mesa y de tablero. Es compacta y tiene imanes incorporados muy potentes, de manera que podr\u00e1s montarla casi como por arte de magia en unos segundos. Adem\u00e1s, la bandeja Dice Tray se queda completamente plana, de manera que la puedes guardar en una gran variedad de cajas de juegos. Sin abrazaderas ni cierres: los componentes de tus juegos estar\u00e1n completamente a salvo cuando guardes la bandeja en la caja. La Magnetic Dice Tray es completamente reversible. Solo tienes que darle la vuelta para poder disfrutar de ambos dise\u00f1os. Uno de los lados es negro y el otro es de uno de los 4 colores llamativos disponibles.\" \/>\n<meta name=\"robots\" content=\"index, follow, max-snippet:-1, max-image-preview:large, max-video-preview:-1\" \/>\n<link rel=\"canonical\" href=\"https:\/\/www.gamegenic.com\/es\/producto\/magnetic-dice-tray-square\/\" \/>\n<meta property=\"og:locale\" content=\"es_ES\" \/>\n<meta property=\"og:type\" content=\"article\" \/>\n<meta property=\"og:title\" content=\"Magnetic Dice Tray - Square\" \/>\n<meta property=\"og:description\" content=\"Esta bandeja de gran calidad cuadrada y magn\u00e9tica es perfecta para tus juegos de mesa y de tablero. Es compacta y tiene imanes incorporados muy potentes, de manera que podr\u00e1s montarla casi como por arte de magia en unos segundos. Adem\u00e1s, la bandeja Dice Tray se queda completamente plana, de manera que la puedes guardar en una gran variedad de cajas de juegos. Sin abrazaderas ni cierres: los componentes de tus juegos estar\u00e1n completamente a salvo cuando guardes la bandeja en la caja. La Magnetic Dice Tray es completamente reversible. Solo tienes que darle la vuelta para poder disfrutar de ambos dise\u00f1os. Uno de los lados es negro y el otro es de uno de los 4 colores llamativos disponibles.\" \/>\n<meta property=\"og:url\" content=\"https:\/\/www.gamegenic.com\/es\/producto\/magnetic-dice-tray-square\/\" \/>\n<meta property=\"og:site_name\" content=\"GAMEGENIC - Ingenious Supplies\" \/>\n<meta property=\"article:publisher\" content=\"https:\/\/www.facebook.com\/GamegenicSupplies\/\" \/>\n<meta property=\"article:modified_time\" content=\"2025-10-17T10:08:38+00:00\" \/>\n<meta property=\"og:image\" content=\"https:\/\/www.gamegenic.com\/wp-content\/uploads\/2023\/09\/GG_MagneticDiceTray_Square_Pink-0002_e1phMaOtr.jpg\" \/>\n\t<meta property=\"og:image:width\" content=\"1200\" \/>\n\t<meta property=\"og:image:height\" content=\"1200\" \/>\n\t<meta property=\"og:image:type\" content=\"image\/jpeg\" \/>\n<meta name=\"twitter:card\" content=\"summary_large_image\" \/>\n<meta name=\"twitter:title\" content=\"Magnetic Dice Tray - Square\" \/>\n<meta name=\"twitter:description\" content=\"Esta bandeja de gran calidad cuadrada y magn\u00e9tica es perfecta para tus juegos de mesa y de tablero. Es compacta y tiene imanes incorporados muy potentes, de manera que podr\u00e1s montarla casi como por arte de magia en unos segundos. Adem\u00e1s, la bandeja Dice Tray se queda completamente plana, de manera que la puedes guardar en una gran variedad de cajas de juegos. Sin abrazaderas ni cierres: los componentes de tus juegos estar\u00e1n completamente a salvo cuando guardes la bandeja en la caja. La Magnetic Dice Tray es completamente reversible. Solo tienes que darle la vuelta para poder disfrutar de ambos dise\u00f1os. Uno de los lados es negro y el otro es de uno de los 4 colores llamativos disponibles.\" \/>\n<meta name=\"twitter:site\" content=\"@Gamegenic_\" \/>\n<meta name=\"twitter:label1\" content=\"Tiempo de lectura\" \/>\n\t<meta name=\"twitter:data1\" content=\"1 minuto\" \/>\n<script type=\"application\/ld+json\" class=\"yoast-schema-graph\">{\"@context\":\"https:\\\/\\\/schema.org\",\"@graph\":[{\"@type\":\"WebPage\",\"@id\":\"https:\\\/\\\/www.gamegenic.com\\\/es\\\/producto\\\/magnetic-dice-tray-square\\\/\",\"url\":\"https:\\\/\\\/www.gamegenic.com\\\/es\\\/producto\\\/magnetic-dice-tray-square\\\/\",\"name\":\"MAGNETIC DICE TRAY SQUARE - GAMEGENIC - Ingenious Supplies\",\"isPartOf\":{\"@id\":\"https:\\\/\\\/www.gamegenic.com\\\/es\\\/#website\"},\"primaryImageOfPage\":{\"@id\":\"https:\\\/\\\/www.gamegenic.com\\\/es\\\/producto\\\/magnetic-dice-tray-square\\\/#primaryimage\"},\"image\":{\"@id\":\"https:\\\/\\\/www.gamegenic.com\\\/es\\\/producto\\\/magnetic-dice-tray-square\\\/#primaryimage\"},\"thumbnailUrl\":\"https:\\\/\\\/www.gamegenic.com\\\/wp-content\\\/uploads\\\/2023\\\/09\\\/GG_MagneticDiceTray_Square_Pink-0002_e1phMaOtr.jpg\",\"datePublished\":\"2023-09-29T07:06:06+00:00\",\"dateModified\":\"2025-10-17T10:08:38+00:00\",\"description\":\"Esta bandeja de gran calidad cuadrada y magn\u00e9tica es perfecta para tus juegos de mesa y de tablero. Es compacta y tiene imanes incorporados muy potentes, de manera que podr\u00e1s montarla casi como por arte de magia en unos segundos. Adem\u00e1s, la bandeja Dice Tray se queda completamente plana, de manera que la puedes guardar en una gran variedad de cajas de juegos. Sin abrazaderas ni cierres: los componentes de tus juegos estar\u00e1n completamente a salvo cuando guardes la bandeja en la caja. La Magnetic Dice Tray es completamente reversible. Solo tienes que darle la vuelta para poder disfrutar de ambos dise\u00f1os. Uno de los lados es negro y el otro es de uno de los 4 colores llamativos disponibles.\",\"breadcrumb\":{\"@id\":\"https:\\\/\\\/www.gamegenic.com\\\/es\\\/producto\\\/magnetic-dice-tray-square\\\/#breadcrumb\"},\"inLanguage\":\"es\",\"potentialAction\":[{\"@type\":\"ReadAction\",\"target\":[\"https:\\\/\\\/www.gamegenic.com\\\/es\\\/producto\\\/magnetic-dice-tray-square\\\/\"]}]},{\"@type\":\"ImageObject\",\"inLanguage\":\"es\",\"@id\":\"https:\\\/\\\/www.gamegenic.com\\\/es\\\/producto\\\/magnetic-dice-tray-square\\\/#primaryimage\",\"url\":\"https:\\\/\\\/www.gamegenic.com\\\/wp-content\\\/uploads\\\/2023\\\/09\\\/GG_MagneticDiceTray_Square_Pink-0002_e1phMaOtr.jpg\",\"contentUrl\":\"https:\\\/\\\/www.gamegenic.com\\\/wp-content\\\/uploads\\\/2023\\\/09\\\/GG_MagneticDiceTray_Square_Pink-0002_e1phMaOtr.jpg\",\"width\":1200,\"height\":1200,\"caption\":\"MAGNETIC DICE TRAY - SQUARE - Pink\"},{\"@type\":\"BreadcrumbList\",\"@id\":\"https:\\\/\\\/www.gamegenic.com\\\/es\\\/producto\\\/magnetic-dice-tray-square\\\/#breadcrumb\",\"itemListElement\":[{\"@type\":\"ListItem\",\"position\":1,\"name\":\"Home\",\"item\":\"https:\\\/\\\/www.gamegenic.com\\\/es\\\/\"},{\"@type\":\"ListItem\",\"position\":2,\"name\":\"Tienda\",\"item\":\"https:\\\/\\\/www.gamegenic.com\\\/tienda\\\/\"},{\"@type\":\"ListItem\",\"position\":3,\"name\":\"MAGNETIC DICE TRAY SQUARE\"}]},{\"@type\":\"WebSite\",\"@id\":\"https:\\\/\\\/www.gamegenic.com\\\/es\\\/#website\",\"url\":\"https:\\\/\\\/www.gamegenic.com\\\/es\\\/\",\"name\":\"GAMEGENIC - Ingenious Supplies\",\"description\":\"\",\"publisher\":{\"@id\":\"https:\\\/\\\/www.gamegenic.com\\\/es\\\/#organization\"},\"potentialAction\":[{\"@type\":\"SearchAction\",\"target\":{\"@type\":\"EntryPoint\",\"urlTemplate\":\"https:\\\/\\\/www.gamegenic.com\\\/es\\\/?s={search_term_string}\"},\"query-input\":{\"@type\":\"PropertyValueSpecification\",\"valueRequired\":true,\"valueName\":\"search_term_string\"}}],\"inLanguage\":\"es\"},{\"@type\":\"Organization\",\"@id\":\"https:\\\/\\\/www.gamegenic.com\\\/es\\\/#organization\",\"name\":\"Gamegenic GmbH\",\"url\":\"https:\\\/\\\/www.gamegenic.com\\\/es\\\/\",\"logo\":{\"@type\":\"ImageObject\",\"inLanguage\":\"es\",\"@id\":\"https:\\\/\\\/www.gamegenic.com\\\/es\\\/#\\\/schema\\\/logo\\\/image\\\/\",\"url\":\"https:\\\/\\\/www.gamegenic.com\\\/wp-content\\\/uploads\\\/Gamegenic-Logo-FINAL.jpg\",\"contentUrl\":\"https:\\\/\\\/www.gamegenic.com\\\/wp-content\\\/uploads\\\/Gamegenic-Logo-FINAL.jpg\",\"width\":3507,\"height\":2480,\"caption\":\"Gamegenic GmbH\"},\"image\":{\"@id\":\"https:\\\/\\\/www.gamegenic.com\\\/es\\\/#\\\/schema\\\/logo\\\/image\\\/\"},\"sameAs\":[\"https:\\\/\\\/www.facebook.com\\\/GamegenicSupplies\\\/\",\"https:\\\/\\\/x.com\\\/Gamegenic_\",\"https:\\\/\\\/www.instagram.com\\\/gamegenicsupplies\\\/\",\"https:\\\/\\\/www.youtube.com\\\/channel\\\/UCgmMXQPjjWW-Zy9ceMH6oGw\"]}]}<\/script>\n<!-- \/ Yoast SEO plugin. -->","yoast_head_json":{"title":"MAGNETIC DICE TRAY SQUARE - GAMEGENIC - Ingenious Supplies","description":"Esta bandeja de gran calidad cuadrada y magn\u00e9tica es perfecta para tus juegos de mesa y de tablero. Es compacta y tiene imanes incorporados muy potentes, de manera que podr\u00e1s montarla casi como por arte de magia en unos segundos. Adem\u00e1s, la bandeja Dice Tray se queda completamente plana, de manera que la puedes guardar en una gran variedad de cajas de juegos. Sin abrazaderas ni cierres: los componentes de tus juegos estar\u00e1n completamente a salvo cuando guardes la bandeja en la caja. La Magnetic Dice Tray es completamente reversible. Solo tienes que darle la vuelta para poder disfrutar de ambos dise\u00f1os. Uno de los lados es negro y el otro es de uno de los 4 colores llamativos disponibles.","robots":{"index":"index","follow":"follow","max-snippet":"max-snippet:-1","max-image-preview":"max-image-preview:large","max-video-preview":"max-video-preview:-1"},"canonical":"https:\/\/www.gamegenic.com\/es\/producto\/magnetic-dice-tray-square\/","og_locale":"es_ES","og_type":"article","og_title":"Magnetic Dice Tray - Square","og_description":"Esta bandeja de gran calidad cuadrada y magn\u00e9tica es perfecta para tus juegos de mesa y de tablero. Es compacta y tiene imanes incorporados muy potentes, de manera que podr\u00e1s montarla casi como por arte de magia en unos segundos. Adem\u00e1s, la bandeja Dice Tray se queda completamente plana, de manera que la puedes guardar en una gran variedad de cajas de juegos. Sin abrazaderas ni cierres: los componentes de tus juegos estar\u00e1n completamente a salvo cuando guardes la bandeja en la caja. La Magnetic Dice Tray es completamente reversible. Solo tienes que darle la vuelta para poder disfrutar de ambos dise\u00f1os. Uno de los lados es negro y el otro es de uno de los 4 colores llamativos disponibles.","og_url":"https:\/\/www.gamegenic.com\/es\/producto\/magnetic-dice-tray-square\/","og_site_name":"GAMEGENIC - Ingenious Supplies","article_publisher":"https:\/\/www.facebook.com\/GamegenicSupplies\/","article_modified_time":"2025-10-17T10:08:38+00:00","og_image":[{"width":1200,"height":1200,"url":"https:\/\/www.gamegenic.com\/wp-content\/uploads\/2023\/09\/GG_MagneticDiceTray_Square_Pink-0002_e1phMaOtr.jpg","type":"image\/jpeg"}],"twitter_card":"summary_large_image","twitter_title":"Magnetic Dice Tray - Square","twitter_description":"Esta bandeja de gran calidad cuadrada y magn\u00e9tica es perfecta para tus juegos de mesa y de tablero. Es compacta y tiene imanes incorporados muy potentes, de manera que podr\u00e1s montarla casi como por arte de magia en unos segundos. Adem\u00e1s, la bandeja Dice Tray se queda completamente plana, de manera que la puedes guardar en una gran variedad de cajas de juegos. Sin abrazaderas ni cierres: los componentes de tus juegos estar\u00e1n completamente a salvo cuando guardes la bandeja en la caja. La Magnetic Dice Tray es completamente reversible. Solo tienes que darle la vuelta para poder disfrutar de ambos dise\u00f1os. Uno de los lados es negro y el otro es de uno de los 4 colores llamativos disponibles.","twitter_site":"@Gamegenic_","twitter_misc":{"Tiempo de lectura":"1 minuto"},"schema":{"@context":"https:\/\/schema.org","@graph":[{"@type":"WebPage","@id":"https:\/\/www.gamegenic.com\/es\/producto\/magnetic-dice-tray-square\/","url":"https:\/\/www.gamegenic.com\/es\/producto\/magnetic-dice-tray-square\/","name":"MAGNETIC DICE TRAY SQUARE - GAMEGENIC - Ingenious Supplies","isPartOf":{"@id":"https:\/\/www.gamegenic.com\/es\/#website"},"primaryImageOfPage":{"@id":"https:\/\/www.gamegenic.com\/es\/producto\/magnetic-dice-tray-square\/#primaryimage"},"image":{"@id":"https:\/\/www.gamegenic.com\/es\/producto\/magnetic-dice-tray-square\/#primaryimage"},"thumbnailUrl":"https:\/\/www.gamegenic.com\/wp-content\/uploads\/2023\/09\/GG_MagneticDiceTray_Square_Pink-0002_e1phMaOtr.jpg","datePublished":"2023-09-29T07:06:06+00:00","dateModified":"2025-10-17T10:08:38+00:00","description":"Esta bandeja de gran calidad cuadrada y magn\u00e9tica es perfecta para tus juegos de mesa y de tablero. Es compacta y tiene imanes incorporados muy potentes, de manera que podr\u00e1s montarla casi como por arte de magia en unos segundos. Adem\u00e1s, la bandeja Dice Tray se queda completamente plana, de manera que la puedes guardar en una gran variedad de cajas de juegos. Sin abrazaderas ni cierres: los componentes de tus juegos estar\u00e1n completamente a salvo cuando guardes la bandeja en la caja. La Magnetic Dice Tray es completamente reversible. Solo tienes que darle la vuelta para poder disfrutar de ambos dise\u00f1os. Uno de los lados es negro y el otro es de uno de los 4 colores llamativos disponibles.","breadcrumb":{"@id":"https:\/\/www.gamegenic.com\/es\/producto\/magnetic-dice-tray-square\/#breadcrumb"},"inLanguage":"es","potentialAction":[{"@type":"ReadAction","target":["https:\/\/www.gamegenic.com\/es\/producto\/magnetic-dice-tray-square\/"]}]},{"@type":"ImageObject","inLanguage":"es","@id":"https:\/\/www.gamegenic.com\/es\/producto\/magnetic-dice-tray-square\/#primaryimage","url":"https:\/\/www.gamegenic.com\/wp-content\/uploads\/2023\/09\/GG_MagneticDiceTray_Square_Pink-0002_e1phMaOtr.jpg","contentUrl":"https:\/\/www.gamegenic.com\/wp-content\/uploads\/2023\/09\/GG_MagneticDiceTray_Square_Pink-0002_e1phMaOtr.jpg","width":1200,"height":1200,"caption":"MAGNETIC DICE TRAY - SQUARE - Pink"},{"@type":"BreadcrumbList","@id":"https:\/\/www.gamegenic.com\/es\/producto\/magnetic-dice-tray-square\/#breadcrumb","itemListElement":[{"@type":"ListItem","position":1,"name":"Home","item":"https:\/\/www.gamegenic.com\/es\/"},{"@type":"ListItem","position":2,"name":"Tienda","item":"https:\/\/www.gamegenic.com\/tienda\/"},{"@type":"ListItem","position":3,"name":"MAGNETIC DICE TRAY SQUARE"}]},{"@type":"WebSite","@id":"https:\/\/www.gamegenic.com\/es\/#website","url":"https:\/\/www.gamegenic.com\/es\/","name":"GAMEGENIC - Ingenious Supplies","description":"","publisher":{"@id":"https:\/\/www.gamegenic.com\/es\/#organization"},"potentialAction":[{"@type":"SearchAction","target":{"@type":"EntryPoint","urlTemplate":"https:\/\/www.gamegenic.com\/es\/?s={search_term_string}"},"query-input":{"@type":"PropertyValueSpecification","valueRequired":true,"valueName":"search_term_string"}}],"inLanguage":"es"},{"@type":"Organization","@id":"https:\/\/www.gamegenic.com\/es\/#organization","name":"Gamegenic GmbH","url":"https:\/\/www.gamegenic.com\/es\/","logo":{"@type":"ImageObject","inLanguage":"es","@id":"https:\/\/www.gamegenic.com\/es\/#\/schema\/logo\/image\/","url":"https:\/\/www.gamegenic.com\/wp-content\/uploads\/Gamegenic-Logo-FINAL.jpg","contentUrl":"https:\/\/www.gamegenic.com\/wp-content\/uploads\/Gamegenic-Logo-FINAL.jpg","width":3507,"height":2480,"caption":"Gamegenic GmbH"},"image":{"@id":"https:\/\/www.gamegenic.com\/es\/#\/schema\/logo\/image\/"},"sameAs":["https:\/\/www.facebook.com\/GamegenicSupplies\/","https:\/\/x.com\/Gamegenic_","https:\/\/www.instagram.com\/gamegenicsupplies\/","https:\/\/www.youtube.com\/channel\/UCgmMXQPjjWW-Zy9ceMH6oGw"]}]}},"_links":{"self":[{"href":"https:\/\/www.gamegenic.com\/es\/wp-json\/wp\/v2\/product\/30435","targetHints":{"allow":["GET"]}}],"collection":[{"href":"https:\/\/www.gamegenic.com\/es\/wp-json\/wp\/v2\/product"}],"about":[{"href":"https:\/\/www.gamegenic.com\/es\/wp-json\/wp\/v2\/types\/product"}],"wp:featuredmedia":[{"embeddable":true,"href":"https:\/\/www.gamegenic.com\/es\/wp-json\/wp\/v2\/media\/30289"}],"wp:attachment":[{"href":"https:\/\/www.gamegenic.com\/es\/wp-json\/wp\/v2\/media?parent=30435"}],"wp:term":[{"taxonomy":"product_brand","embeddable":true,"href":"https:\/\/www.gamegenic.com\/es\/wp-json\/wp\/v2\/product_brand?post=30435"},{"taxonomy":"product_cat","embeddable":true,"href":"https:\/\/www.gamegenic.com\/es\/wp-json\/wp\/v2\/product_cat?post=30435"},{"taxonomy":"product_tag","embeddable":true,"href":"https:\/\/www.gamegenic.com\/es\/wp-json\/wp\/v2\/product_tag?post=30435"}],"curies":[{"name":"wp","href":"https:\/\/api.w.org\/{rel}","templated":true}]}}