{"id":28444,"date":"2023-07-11T12:03:53","date_gmt":"2023-07-11T10:04:02","guid":{"rendered":"https:\/\/www.gamegenic.com\/?post_type=product&#038;p=28444"},"modified":"2025-07-17T16:57:35","modified_gmt":"2025-07-17T14:57:35","slug":"slide-card-cases","status":"publish","type":"product","link":"https:\/\/www.gamegenic.com\/es\/producto\/slide-card-cases\/","title":{"rendered":"SLIDE CARD CASES"},"content":{"rendered":"<div class=\"fusion-fullwidth fullwidth-box fusion-builder-row-1 nonhundred-percent-fullwidth non-hundred-percent-height-scrolling gg-summary gg-position\" style=\"--awb-border-radius-top-left:0px;--awb-border-radius-top-right:0px;--awb-border-radius-bottom-right:0px;--awb-border-radius-bottom-left:0px;--awb-flex-wrap:wrap;\" id=\"gg-anker\" ><div class=\"fusion-builder-row fusion-row\"><div class=\"fusion-layout-column fusion_builder_column fusion-builder-column-0 fusion_builder_column_1_2 1_2 fusion-one-half fusion-column-first gg-features\" style=\"--awb-bg-size:cover;width:50%;width:calc(50% - ( ( 60px ) * 0.5 ) );margin-right: 60px;\"><div class=\"fusion-column-wrapper fusion-column-has-shadow fusion-flex-column-wrapper-legacy\"><div class=\"fusion-text fusion-text-1\"><h2>CARACTER\u00cdSTICAS<\/h2>\n<ul>\n<li><strong>12<\/strong> estuches r\u00edgidos por paquete que son perfectos para muchos juegos de cartas coleccionables, especialmente las cartas de equipo de Flesh and Blood<span style=\"font-size: 8pt;\"><sup>TM *<\/sup><\/span><\/li>\n<li>Estuche r\u00edgido para cartas pr\u00e9mium con un innovador mecanismo de cierre deslizante<\/li>\n<li>Son muy transparentes y tienen protecci\u00f3n UV<\/li>\n<li>Protecci\u00f3n antisalpicaduras<\/li>\n<li>Tama\u00f1o del estuche: <strong>68 x 94 mm<\/strong><br \/>\n(para cartas de tama\u00f1o est\u00e1ndar)<\/li>\n<li>Podr\u00e1s proteger y exhibir cartas de tama\u00f1o est\u00e1ndar, incluso las que tienen fundas interiores<\/li>\n<li>Se apilan con facilidad.<\/li>\n<li>Sin \u00e1cidos. Sin PVC<\/li>\n<\/ul>\n<\/div><div class=\"fusion-text fusion-text-2 gg-notice\"><p>*\u2009\u201cFlesh and Blood\u2122\u201d es una marca registrada de Legend Story Studios\u00ae. \u201cMagic: The\u00a0Gathering\u2122\u201d es una marca registrada de Wizards of the Coast LLC.\u00ae. \u201cPok\u00e9mon\u2122\u201c es una marca registrada de Nintendo Co., Ltd. Todos los derechos reservados por los respectivos propietarios de las marcas registradas. La aseveraci\u00f3n de compatibilidad no cuestiona ning\u00fan derecho de propiedad intelectual ni representa el respaldo de nuestros productos por las empresas enumeradas.<\/p>\n<p>** Optimizado para las fundas de Gamegenic. Si se usan fundas de otra marca, la capacidad o compatibilidad podr\u00edan variar<\/p>\n<\/div><div class=\"fusion-clearfix\"><\/div><\/div><\/div><div class=\"fusion-layout-column fusion_builder_column fusion-builder-column-1 fusion_builder_column_1_2 1_2 fusion-one-half fusion-column-last\" style=\"--awb-bg-size:cover;width:50%;width:calc(50% - ( ( 60px ) * 0.5 ) );\"><div class=\"fusion-column-wrapper fusion-column-has-shadow fusion-flex-column-wrapper-legacy\">\n<h2>ESPECIFICACIONES<\/h2>\n<div class=\"table-2\">\n<table style=\"width: 100%; height: 96px;\" width=\"100%\">\n<tbody>\n<tr style=\"height: 48px;\">\n<td style=\"height: 48px;\" align=\"left\">Tama\u00f1o de los productos<br \/>\n<span class=\"gg-wdh\">(ancho x fondo x alto)<\/span><\/td>\n<td style=\"height: 48px;\" align=\"left\">68 x 6 x 94 mm<\/td>\n<\/tr>\n<tr style=\"height: 24px;\">\n<td style=\"vertical-align: top; height: 24px;\" align=\"left\">Material<\/td>\n<td style=\"height: 24px;\" align=\"left\">Poliestireno<\/td>\n<\/tr>\n<tr style=\"height: 24px;\">\n<td style=\"height: 24px;\" align=\"left\">Tipo de embalaje<\/td>\n<td style=\"height: 24px;\" align=\"left\">Caja de cart\u00f3n<\/td>\n<\/tr>\n<\/tbody>\n<\/table>\n<\/div>\n<h2 style=\"margin-top:60px\">MSRP<i data-tooltip=\"No se pueden realizar compras a trav\u00e9s de este sitio web. Todos los precios indicados son el precio de venta al p\u00fablico recomendado por el fabricante en euros (con IVA) o en d\u00f3lares (sin IVA). Los posibles gastos de env\u00edo no est\u00e1n incluidos. Los precios indicados no son vinculantes y pueden tratarse como una recomendaci\u00f3n.\" class=\"fas fa-info-circle gg-tooltip\">\uf05a<\/i><\/h2>\n<form action=\"\" method=\"post\" id=\"alg_currency_selector\"><select name=\"alg_currency\" id=\"alg_currency_select\" class=\"alg_currency_select\" onchange=\"this.form.submit()\"><option id=\"alg_currency_USD\" value=\"USD\" >USD<\/option><option id=\"alg_currency_EUR\" value=\"EUR\"  selected='selected'>EUR<\/option><option id=\"alg_currency_CAD\" value=\"CAD\" >U.S.-USD<\/option><\/select><noscript><input type=\"submit\" value=\"Refresh\"><\/noscript><\/form>\n<span class=\"woocommerce-Price-amount amount\"><bdi><span class=\"woocommerce-Price-currencySymbol\">EUR<\/span>&nbsp;13,99<\/bdi><\/span>\n\n<div class=\"fusion-alignleft\"><a class=\"fusion-button button-flat fusion-button-default-size button-default fusion-button-default button-1 fusion-button-default-span fusion-button-default-type shopfinder-button\" target=\"_blank\" rel=\"noopener noreferrer\" href=\"https:\/\/www.gamegenic.com\/es\/buscador-de-tiendas\/\"><i class=\"fa-globe-americas fas awb-button__icon awb-button__icon--default button-icon-left\" aria-hidden=\"true\"><\/i><span class=\"fusion-button-text awb-button__text awb-button__text--default\">D\u00f3nde comprarlos<\/span><\/a><\/div>\n<div class=\"fusion-clearfix\"><\/div><\/div><\/div><\/div><\/div>\n","protected":false},"excerpt":{"rendered":"<p>Podr\u00e1s proteger tus cartas al m\u00e1ximo con estos innovadores estuches r\u00edgidos con mecanismo de cierre deslizante. Tambi\u00e9n puedes usarlos para exhibir tus cartas m\u00e1s preciadas. Cada estuche sirve para guardar una carta de tama\u00f1o est\u00e1ndar, como las de Magic: The Gathering<span style=\"font-size: 8pt;\"><sup>TM<\/sup><\/span>, Pok\u00e9mon<span style=\"font-size: 8pt;\"><sup>TM<\/sup><\/span>, Flesh &amp; Blood<span style=\"font-size: 8pt;\"><sup>TM<\/sup><\/span> y otras cartas parecidas, incluso con fundas interiores. Estos estuches son muy transparentes y, adem\u00e1s, reservan tus cartas de los rayos ultravioletas gracias a su protecci\u00f3n UV. Adem\u00e1s de todo eso, tus cartas tambi\u00e9n estar\u00e1n protegidas de salpicaduras. Un paquete contiene 12 estuches Slide Card Cases, perfectos para las cartas de equipo de Flesh and Blood<span style=\"font-size: 8pt;\"><sup>TM<\/sup><\/span>. En caso de que quieras a\u00f1adir una capa m\u00e1s de protecci\u00f3n, nuestros estuches son compatibles con otros productos de Gamegenic, como los modelos <strong><a href=\"https:\/\/www.gamegenic.com\/es\/producto\/cards-lair-400-convertible\">Cards<\/a>\u2019<\/strong>\/<strong><a href=\"https:\/\/www.gamegenic.com\/es\/producto\/games-lair-600-convertible\">Games\u2019 Lair<\/a><\/strong>, <strong><a href=\"https:\/\/www.gamegenic.com\/es\/producto\/watchtower-100-xl-convertible\/\">Watchtower 100+ XL<\/a><\/strong>, <strong><a href=\"https:\/\/www.gamegenic.com\/es\/producto\/squire-100-xl-convertible\/\">Squire 100+ XL<\/a><\/strong>, <strong><a href=\"https:\/\/www.gamegenic.com\/es\/producto\/cards-rail-500\">Cards\u2019 Rail 500+<\/a><\/strong>\u00a0y <strong><a href=\"https:\/\/www.gamegenic.com\/es\/producto\/token-silo-convertible\">Token Silo<\/a><\/strong>.<\/p>\n","protected":false},"featured_media":28477,"template":"","meta":[],"product_brand":[],"product_cat":[496,507,497],"product_tag":[],"class_list":{"0":"post-28444","1":"product","2":"type-product","3":"status-publish","4":"has-post-thumbnail","6":"product_cat-cajas","7":"product_cat-cajas-protectoras","8":"product_cat-linea-basica-avanzada","10":"first","11":"instock","12":"shipping-taxable","13":"purchasable","14":"product-type-variable","15":"has-default-attributes","16":"wvs-archive-product-wrapper"},"yoast_head":"<!-- This site is optimized with the Yoast SEO plugin v27.3 - https:\/\/yoast.com\/product\/yoast-seo-wordpress\/ -->\n<title>SLIDE CARD CASES - GAMEGENIC - Ingenious Supplies<\/title>\n<meta name=\"description\" content=\"Podr\u00e1s proteger tus cartas al m\u00e1ximo con estos innovadores estuches r\u00edgidos con mecanismo de cierre deslizante. Tambi\u00e9n puedes usarlos para exhibir tus cartas m\u00e1s preciadas. Cada estuche sirve para guardar una carta de tama\u00f1o est\u00e1ndar, como las de Magic: The GatheringTM, Pok\u00e9monTM, Flesh &amp; BloodTM y otras cartas parecidas, incluso con fundas interiores. Estos estuches son muy transparentes y, adem\u00e1s, reservan tus cartas de los rayos ultravioletas gracias a su protecci\u00f3n UV. Adem\u00e1s de todo eso, tus cartas tambi\u00e9n estar\u00e1n protegidas de salpicaduras. Un paquete contiene 12 estuches Slide Card Cases, perfectos para las cartas de equipo de Flesh and BloodTM. En caso de que quieras a\u00f1adir una capa m\u00e1s de protecci\u00f3n, nuestros estuches son compatibles con otros productos de Gamegenic, como los modelos Cards\u2019\/Games\u2019 Lair, Watchtower 100+ XL, Squire 100+ XL, Cards\u2019 Rail 500+\u00a0y Token Silo.\" \/>\n<meta name=\"robots\" content=\"index, follow, max-snippet:-1, max-image-preview:large, max-video-preview:-1\" \/>\n<link rel=\"canonical\" href=\"https:\/\/www.gamegenic.com\/es\/producto\/slide-card-cases\/\" \/>\n<meta property=\"og:locale\" content=\"es_ES\" \/>\n<meta property=\"og:type\" content=\"article\" \/>\n<meta property=\"og:title\" content=\"SLIDE CARD CASES\" \/>\n<meta property=\"og:description\" content=\"Podr\u00e1s proteger tus cartas al m\u00e1ximo con estos innovadores estuches r\u00edgidos con mecanismo de cierre deslizante. Tambi\u00e9n puedes usarlos para exhibir tus cartas m\u00e1s preciadas. Cada estuche sirve para guardar una carta de tama\u00f1o est\u00e1ndar, como las de Magic: The GatheringTM, Pok\u00e9monTM, Flesh &amp; BloodTM y otras cartas parecidas, incluso con fundas interiores. Estos estuches son muy transparentes y, adem\u00e1s, reservan tus cartas de los rayos ultravioletas gracias a su protecci\u00f3n UV. Adem\u00e1s de todo eso, tus cartas tambi\u00e9n estar\u00e1n protegidas de salpicaduras. Un paquete contiene 12 estuches Slide Card Cases, perfectos para las cartas de equipo de Flesh and BloodTM. En caso de que quieras a\u00f1adir una capa m\u00e1s de protecci\u00f3n, nuestros estuches son compatibles con otros productos de Gamegenic, como los modelos Cards\u2019\/Games\u2019 Lair, Watchtower 100+ XL, Squire 100+ XL, Cards\u2019 Rail 500+\u00a0y Token Silo.\" \/>\n<meta property=\"og:url\" content=\"https:\/\/www.gamegenic.com\/es\/producto\/slide-card-cases\/\" \/>\n<meta property=\"og:site_name\" content=\"GAMEGENIC - Ingenious Supplies\" \/>\n<meta property=\"article:publisher\" content=\"https:\/\/www.facebook.com\/GamegenicSupplies\/\" \/>\n<meta property=\"article:modified_time\" content=\"2025-07-17T14:57:35+00:00\" \/>\n<meta property=\"og:image\" content=\"https:\/\/www.gamegenic.com\/wp-content\/uploads\/2023\/07\/GG_SlideCardCases-0000_WY7znsHog.png\" \/>\n\t<meta property=\"og:image:width\" content=\"1200\" \/>\n\t<meta property=\"og:image:height\" content=\"1200\" \/>\n\t<meta property=\"og:image:type\" content=\"image\/png\" \/>\n<meta name=\"twitter:card\" content=\"summary_large_image\" \/>\n<meta name=\"twitter:title\" content=\"SLIDE CARD CASES\" \/>\n<meta name=\"twitter:description\" content=\"Podr\u00e1s proteger tus cartas al m\u00e1ximo con estos innovadores estuches r\u00edgidos con mecanismo de cierre deslizante. Tambi\u00e9n puedes usarlos para exhibir tus cartas m\u00e1s preciadas. Cada estuche sirve para guardar una carta de tama\u00f1o est\u00e1ndar, como las de Magic: The GatheringTM, Pok\u00e9monTM, Flesh &amp; BloodTM y otras cartas parecidas, incluso con fundas interiores. Estos estuches son muy transparentes y, adem\u00e1s, reservan tus cartas de los rayos ultravioletas gracias a su protecci\u00f3n UV. Adem\u00e1s de todo eso, tus cartas tambi\u00e9n estar\u00e1n protegidas de salpicaduras. Un paquete contiene 12 estuches Slide Card Cases, perfectos para las cartas de equipo de Flesh and BloodTM. En caso de que quieras a\u00f1adir una capa m\u00e1s de protecci\u00f3n, nuestros estuches son compatibles con otros productos de Gamegenic, como los modelos Cards\u2019\/Games\u2019 Lair, Watchtower 100+ XL, Squire 100+ XL, Cards\u2019 Rail 500+\u00a0y Token Silo.\" \/>\n<meta name=\"twitter:site\" content=\"@Gamegenic_\" \/>\n<meta name=\"twitter:label1\" content=\"Tiempo de lectura\" \/>\n\t<meta name=\"twitter:data1\" content=\"2 minutos\" \/>\n<script type=\"application\/ld+json\" class=\"yoast-schema-graph\">{\"@context\":\"https:\\\/\\\/schema.org\",\"@graph\":[{\"@type\":\"WebPage\",\"@id\":\"https:\\\/\\\/www.gamegenic.com\\\/es\\\/producto\\\/slide-card-cases\\\/\",\"url\":\"https:\\\/\\\/www.gamegenic.com\\\/es\\\/producto\\\/slide-card-cases\\\/\",\"name\":\"SLIDE CARD CASES - GAMEGENIC - Ingenious Supplies\",\"isPartOf\":{\"@id\":\"https:\\\/\\\/www.gamegenic.com\\\/es\\\/#website\"},\"primaryImageOfPage\":{\"@id\":\"https:\\\/\\\/www.gamegenic.com\\\/es\\\/producto\\\/slide-card-cases\\\/#primaryimage\"},\"image\":{\"@id\":\"https:\\\/\\\/www.gamegenic.com\\\/es\\\/producto\\\/slide-card-cases\\\/#primaryimage\"},\"thumbnailUrl\":\"https:\\\/\\\/www.gamegenic.com\\\/wp-content\\\/uploads\\\/2023\\\/07\\\/GG_SlideCardCases-0000_WY7znsHog.png\",\"datePublished\":\"2023-07-11T10:04:02+00:00\",\"dateModified\":\"2025-07-17T14:57:35+00:00\",\"description\":\"Podr\u00e1s proteger tus cartas al m\u00e1ximo con estos innovadores estuches r\u00edgidos con mecanismo de cierre deslizante. Tambi\u00e9n puedes usarlos para exhibir tus cartas m\u00e1s preciadas. Cada estuche sirve para guardar una carta de tama\u00f1o est\u00e1ndar, como las de Magic: The GatheringTM, Pok\u00e9monTM, Flesh & BloodTM y otras cartas parecidas, incluso con fundas interiores. Estos estuches son muy transparentes y, adem\u00e1s, reservan tus cartas de los rayos ultravioletas gracias a su protecci\u00f3n UV. Adem\u00e1s de todo eso, tus cartas tambi\u00e9n estar\u00e1n protegidas de salpicaduras. Un paquete contiene 12 estuches Slide Card Cases, perfectos para las cartas de equipo de Flesh and BloodTM. En caso de que quieras a\u00f1adir una capa m\u00e1s de protecci\u00f3n, nuestros estuches son compatibles con otros productos de Gamegenic, como los modelos Cards\u2019\\\/Games\u2019 Lair, Watchtower 100+ XL, Squire 100+ XL, Cards\u2019 Rail 500+\u00a0y Token Silo.\",\"breadcrumb\":{\"@id\":\"https:\\\/\\\/www.gamegenic.com\\\/es\\\/producto\\\/slide-card-cases\\\/#breadcrumb\"},\"inLanguage\":\"es\",\"potentialAction\":[{\"@type\":\"ReadAction\",\"target\":[\"https:\\\/\\\/www.gamegenic.com\\\/es\\\/producto\\\/slide-card-cases\\\/\"]}]},{\"@type\":\"ImageObject\",\"inLanguage\":\"es\",\"@id\":\"https:\\\/\\\/www.gamegenic.com\\\/es\\\/producto\\\/slide-card-cases\\\/#primaryimage\",\"url\":\"https:\\\/\\\/www.gamegenic.com\\\/wp-content\\\/uploads\\\/2023\\\/07\\\/GG_SlideCardCases-0000_WY7znsHog.png\",\"contentUrl\":\"https:\\\/\\\/www.gamegenic.com\\\/wp-content\\\/uploads\\\/2023\\\/07\\\/GG_SlideCardCases-0000_WY7znsHog.png\",\"width\":1200,\"height\":1200,\"caption\":\"Slide Card Cases\"},{\"@type\":\"BreadcrumbList\",\"@id\":\"https:\\\/\\\/www.gamegenic.com\\\/es\\\/producto\\\/slide-card-cases\\\/#breadcrumb\",\"itemListElement\":[{\"@type\":\"ListItem\",\"position\":1,\"name\":\"Home\",\"item\":\"https:\\\/\\\/www.gamegenic.com\\\/es\\\/\"},{\"@type\":\"ListItem\",\"position\":2,\"name\":\"Tienda\",\"item\":\"https:\\\/\\\/www.gamegenic.com\\\/tienda\\\/\"},{\"@type\":\"ListItem\",\"position\":3,\"name\":\"SLIDE CARD CASES\"}]},{\"@type\":\"WebSite\",\"@id\":\"https:\\\/\\\/www.gamegenic.com\\\/es\\\/#website\",\"url\":\"https:\\\/\\\/www.gamegenic.com\\\/es\\\/\",\"name\":\"GAMEGENIC - Ingenious Supplies\",\"description\":\"\",\"publisher\":{\"@id\":\"https:\\\/\\\/www.gamegenic.com\\\/es\\\/#organization\"},\"potentialAction\":[{\"@type\":\"SearchAction\",\"target\":{\"@type\":\"EntryPoint\",\"urlTemplate\":\"https:\\\/\\\/www.gamegenic.com\\\/es\\\/?s={search_term_string}\"},\"query-input\":{\"@type\":\"PropertyValueSpecification\",\"valueRequired\":true,\"valueName\":\"search_term_string\"}}],\"inLanguage\":\"es\"},{\"@type\":\"Organization\",\"@id\":\"https:\\\/\\\/www.gamegenic.com\\\/es\\\/#organization\",\"name\":\"Gamegenic GmbH\",\"url\":\"https:\\\/\\\/www.gamegenic.com\\\/es\\\/\",\"logo\":{\"@type\":\"ImageObject\",\"inLanguage\":\"es\",\"@id\":\"https:\\\/\\\/www.gamegenic.com\\\/es\\\/#\\\/schema\\\/logo\\\/image\\\/\",\"url\":\"https:\\\/\\\/www.gamegenic.com\\\/wp-content\\\/uploads\\\/Gamegenic-Logo-FINAL.jpg\",\"contentUrl\":\"https:\\\/\\\/www.gamegenic.com\\\/wp-content\\\/uploads\\\/Gamegenic-Logo-FINAL.jpg\",\"width\":3507,\"height\":2480,\"caption\":\"Gamegenic GmbH\"},\"image\":{\"@id\":\"https:\\\/\\\/www.gamegenic.com\\\/es\\\/#\\\/schema\\\/logo\\\/image\\\/\"},\"sameAs\":[\"https:\\\/\\\/www.facebook.com\\\/GamegenicSupplies\\\/\",\"https:\\\/\\\/x.com\\\/Gamegenic_\",\"https:\\\/\\\/www.instagram.com\\\/gamegenicsupplies\\\/\",\"https:\\\/\\\/www.youtube.com\\\/channel\\\/UCgmMXQPjjWW-Zy9ceMH6oGw\"]}]}<\/script>\n<!-- \/ Yoast SEO plugin. -->","yoast_head_json":{"title":"SLIDE CARD CASES - GAMEGENIC - Ingenious Supplies","description":"Podr\u00e1s proteger tus cartas al m\u00e1ximo con estos innovadores estuches r\u00edgidos con mecanismo de cierre deslizante. Tambi\u00e9n puedes usarlos para exhibir tus cartas m\u00e1s preciadas. Cada estuche sirve para guardar una carta de tama\u00f1o est\u00e1ndar, como las de Magic: The GatheringTM, Pok\u00e9monTM, Flesh & BloodTM y otras cartas parecidas, incluso con fundas interiores. Estos estuches son muy transparentes y, adem\u00e1s, reservan tus cartas de los rayos ultravioletas gracias a su protecci\u00f3n UV. Adem\u00e1s de todo eso, tus cartas tambi\u00e9n estar\u00e1n protegidas de salpicaduras. Un paquete contiene 12 estuches Slide Card Cases, perfectos para las cartas de equipo de Flesh and BloodTM. En caso de que quieras a\u00f1adir una capa m\u00e1s de protecci\u00f3n, nuestros estuches son compatibles con otros productos de Gamegenic, como los modelos Cards\u2019\/Games\u2019 Lair, Watchtower 100+ XL, Squire 100+ XL, Cards\u2019 Rail 500+\u00a0y Token Silo.","robots":{"index":"index","follow":"follow","max-snippet":"max-snippet:-1","max-image-preview":"max-image-preview:large","max-video-preview":"max-video-preview:-1"},"canonical":"https:\/\/www.gamegenic.com\/es\/producto\/slide-card-cases\/","og_locale":"es_ES","og_type":"article","og_title":"SLIDE CARD CASES","og_description":"Podr\u00e1s proteger tus cartas al m\u00e1ximo con estos innovadores estuches r\u00edgidos con mecanismo de cierre deslizante. Tambi\u00e9n puedes usarlos para exhibir tus cartas m\u00e1s preciadas. Cada estuche sirve para guardar una carta de tama\u00f1o est\u00e1ndar, como las de Magic: The GatheringTM, Pok\u00e9monTM, Flesh & BloodTM y otras cartas parecidas, incluso con fundas interiores. Estos estuches son muy transparentes y, adem\u00e1s, reservan tus cartas de los rayos ultravioletas gracias a su protecci\u00f3n UV. Adem\u00e1s de todo eso, tus cartas tambi\u00e9n estar\u00e1n protegidas de salpicaduras. Un paquete contiene 12 estuches Slide Card Cases, perfectos para las cartas de equipo de Flesh and BloodTM. En caso de que quieras a\u00f1adir una capa m\u00e1s de protecci\u00f3n, nuestros estuches son compatibles con otros productos de Gamegenic, como los modelos Cards\u2019\/Games\u2019 Lair, Watchtower 100+ XL, Squire 100+ XL, Cards\u2019 Rail 500+\u00a0y Token Silo.","og_url":"https:\/\/www.gamegenic.com\/es\/producto\/slide-card-cases\/","og_site_name":"GAMEGENIC - Ingenious Supplies","article_publisher":"https:\/\/www.facebook.com\/GamegenicSupplies\/","article_modified_time":"2025-07-17T14:57:35+00:00","og_image":[{"width":1200,"height":1200,"url":"https:\/\/www.gamegenic.com\/wp-content\/uploads\/2023\/07\/GG_SlideCardCases-0000_WY7znsHog.png","type":"image\/png"}],"twitter_card":"summary_large_image","twitter_title":"SLIDE CARD CASES","twitter_description":"Podr\u00e1s proteger tus cartas al m\u00e1ximo con estos innovadores estuches r\u00edgidos con mecanismo de cierre deslizante. Tambi\u00e9n puedes usarlos para exhibir tus cartas m\u00e1s preciadas. Cada estuche sirve para guardar una carta de tama\u00f1o est\u00e1ndar, como las de Magic: The GatheringTM, Pok\u00e9monTM, Flesh & BloodTM y otras cartas parecidas, incluso con fundas interiores. Estos estuches son muy transparentes y, adem\u00e1s, reservan tus cartas de los rayos ultravioletas gracias a su protecci\u00f3n UV. Adem\u00e1s de todo eso, tus cartas tambi\u00e9n estar\u00e1n protegidas de salpicaduras. Un paquete contiene 12 estuches Slide Card Cases, perfectos para las cartas de equipo de Flesh and BloodTM. En caso de que quieras a\u00f1adir una capa m\u00e1s de protecci\u00f3n, nuestros estuches son compatibles con otros productos de Gamegenic, como los modelos Cards\u2019\/Games\u2019 Lair, Watchtower 100+ XL, Squire 100+ XL, Cards\u2019 Rail 500+\u00a0y Token Silo.","twitter_site":"@Gamegenic_","twitter_misc":{"Tiempo de lectura":"2 minutos"},"schema":{"@context":"https:\/\/schema.org","@graph":[{"@type":"WebPage","@id":"https:\/\/www.gamegenic.com\/es\/producto\/slide-card-cases\/","url":"https:\/\/www.gamegenic.com\/es\/producto\/slide-card-cases\/","name":"SLIDE CARD CASES - GAMEGENIC - Ingenious Supplies","isPartOf":{"@id":"https:\/\/www.gamegenic.com\/es\/#website"},"primaryImageOfPage":{"@id":"https:\/\/www.gamegenic.com\/es\/producto\/slide-card-cases\/#primaryimage"},"image":{"@id":"https:\/\/www.gamegenic.com\/es\/producto\/slide-card-cases\/#primaryimage"},"thumbnailUrl":"https:\/\/www.gamegenic.com\/wp-content\/uploads\/2023\/07\/GG_SlideCardCases-0000_WY7znsHog.png","datePublished":"2023-07-11T10:04:02+00:00","dateModified":"2025-07-17T14:57:35+00:00","description":"Podr\u00e1s proteger tus cartas al m\u00e1ximo con estos innovadores estuches r\u00edgidos con mecanismo de cierre deslizante. Tambi\u00e9n puedes usarlos para exhibir tus cartas m\u00e1s preciadas. Cada estuche sirve para guardar una carta de tama\u00f1o est\u00e1ndar, como las de Magic: The GatheringTM, Pok\u00e9monTM, Flesh & BloodTM y otras cartas parecidas, incluso con fundas interiores. Estos estuches son muy transparentes y, adem\u00e1s, reservan tus cartas de los rayos ultravioletas gracias a su protecci\u00f3n UV. Adem\u00e1s de todo eso, tus cartas tambi\u00e9n estar\u00e1n protegidas de salpicaduras. Un paquete contiene 12 estuches Slide Card Cases, perfectos para las cartas de equipo de Flesh and BloodTM. En caso de que quieras a\u00f1adir una capa m\u00e1s de protecci\u00f3n, nuestros estuches son compatibles con otros productos de Gamegenic, como los modelos Cards\u2019\/Games\u2019 Lair, Watchtower 100+ XL, Squire 100+ XL, Cards\u2019 Rail 500+\u00a0y Token Silo.","breadcrumb":{"@id":"https:\/\/www.gamegenic.com\/es\/producto\/slide-card-cases\/#breadcrumb"},"inLanguage":"es","potentialAction":[{"@type":"ReadAction","target":["https:\/\/www.gamegenic.com\/es\/producto\/slide-card-cases\/"]}]},{"@type":"ImageObject","inLanguage":"es","@id":"https:\/\/www.gamegenic.com\/es\/producto\/slide-card-cases\/#primaryimage","url":"https:\/\/www.gamegenic.com\/wp-content\/uploads\/2023\/07\/GG_SlideCardCases-0000_WY7znsHog.png","contentUrl":"https:\/\/www.gamegenic.com\/wp-content\/uploads\/2023\/07\/GG_SlideCardCases-0000_WY7znsHog.png","width":1200,"height":1200,"caption":"Slide Card Cases"},{"@type":"BreadcrumbList","@id":"https:\/\/www.gamegenic.com\/es\/producto\/slide-card-cases\/#breadcrumb","itemListElement":[{"@type":"ListItem","position":1,"name":"Home","item":"https:\/\/www.gamegenic.com\/es\/"},{"@type":"ListItem","position":2,"name":"Tienda","item":"https:\/\/www.gamegenic.com\/tienda\/"},{"@type":"ListItem","position":3,"name":"SLIDE CARD CASES"}]},{"@type":"WebSite","@id":"https:\/\/www.gamegenic.com\/es\/#website","url":"https:\/\/www.gamegenic.com\/es\/","name":"GAMEGENIC - Ingenious Supplies","description":"","publisher":{"@id":"https:\/\/www.gamegenic.com\/es\/#organization"},"potentialAction":[{"@type":"SearchAction","target":{"@type":"EntryPoint","urlTemplate":"https:\/\/www.gamegenic.com\/es\/?s={search_term_string}"},"query-input":{"@type":"PropertyValueSpecification","valueRequired":true,"valueName":"search_term_string"}}],"inLanguage":"es"},{"@type":"Organization","@id":"https:\/\/www.gamegenic.com\/es\/#organization","name":"Gamegenic GmbH","url":"https:\/\/www.gamegenic.com\/es\/","logo":{"@type":"ImageObject","inLanguage":"es","@id":"https:\/\/www.gamegenic.com\/es\/#\/schema\/logo\/image\/","url":"https:\/\/www.gamegenic.com\/wp-content\/uploads\/Gamegenic-Logo-FINAL.jpg","contentUrl":"https:\/\/www.gamegenic.com\/wp-content\/uploads\/Gamegenic-Logo-FINAL.jpg","width":3507,"height":2480,"caption":"Gamegenic GmbH"},"image":{"@id":"https:\/\/www.gamegenic.com\/es\/#\/schema\/logo\/image\/"},"sameAs":["https:\/\/www.facebook.com\/GamegenicSupplies\/","https:\/\/x.com\/Gamegenic_","https:\/\/www.instagram.com\/gamegenicsupplies\/","https:\/\/www.youtube.com\/channel\/UCgmMXQPjjWW-Zy9ceMH6oGw"]}]}},"_links":{"self":[{"href":"https:\/\/www.gamegenic.com\/es\/wp-json\/wp\/v2\/product\/28444","targetHints":{"allow":["GET"]}}],"collection":[{"href":"https:\/\/www.gamegenic.com\/es\/wp-json\/wp\/v2\/product"}],"about":[{"href":"https:\/\/www.gamegenic.com\/es\/wp-json\/wp\/v2\/types\/product"}],"wp:featuredmedia":[{"embeddable":true,"href":"https:\/\/www.gamegenic.com\/es\/wp-json\/wp\/v2\/media\/28477"}],"wp:attachment":[{"href":"https:\/\/www.gamegenic.com\/es\/wp-json\/wp\/v2\/media?parent=28444"}],"wp:term":[{"taxonomy":"product_brand","embeddable":true,"href":"https:\/\/www.gamegenic.com\/es\/wp-json\/wp\/v2\/product_brand?post=28444"},{"taxonomy":"product_cat","embeddable":true,"href":"https:\/\/www.gamegenic.com\/es\/wp-json\/wp\/v2\/product_cat?post=28444"},{"taxonomy":"product_tag","embeddable":true,"href":"https:\/\/www.gamegenic.com\/es\/wp-json\/wp\/v2\/product_tag?post=28444"}],"curies":[{"name":"wp","href":"https:\/\/api.w.org\/{rel}","templated":true}]}}