{"id":26807,"date":"2023-06-14T11:55:07","date_gmt":"2023-06-14T09:55:09","guid":{"rendered":"https:\/\/www.gamegenic.com\/?post_type=product&#038;p=26807"},"modified":"2025-07-11T08:24:24","modified_gmt":"2025-07-11T06:24:24","slug":"sizemorph-divider","status":"publish","type":"product","link":"https:\/\/www.gamegenic.com\/es\/producto\/sizemorph-divider\/","title":{"rendered":"SIZEMORPH\u00ae DIVIDER"},"content":{"rendered":"<div class=\"fusion-fullwidth fullwidth-box fusion-builder-row-1 nonhundred-percent-fullwidth non-hundred-percent-height-scrolling gg-summary gg-position\" style=\"--awb-border-radius-top-left:0px;--awb-border-radius-top-right:0px;--awb-border-radius-bottom-right:0px;--awb-border-radius-bottom-left:0px;--awb-flex-wrap:wrap;\" id=\"gg-anker\" ><div class=\"fusion-builder-row fusion-row\"><div class=\"fusion-layout-column fusion_builder_column fusion-builder-column-0 fusion_builder_column_1_2 1_2 fusion-one-half fusion-column-first gg-features\" style=\"--awb-bg-size:cover;width:50%;width:calc(50% - ( ( 60px ) * 0.5 ) );margin-right: 60px;\"><div class=\"fusion-column-wrapper fusion-column-has-shadow fusion-flex-column-wrapper-legacy\"><div class=\"fusion-text fusion-text-1\"><h2>CARACTER\u00cdSTICAS<\/h2>\n<ul>\n<li><strong>Revolucionario:<\/strong> su tama\u00f1o cambia y se adapta a todos los espacios de la caja<\/li>\n<li><strong>Amortiguador adicional:<\/strong> las cartas y las cajas estar\u00e1n bien colocadas<\/li>\n<li><strong>Muy flexible:<\/strong> su grosor var\u00eda entre <strong>5 y 30 mm<\/strong><\/li>\n<li>Innovador: pesta\u00f1a de registro superior plegable<\/li>\n<li>Se puede escribir en la pesta\u00f1a con los bol\u00edgrafos y los rotuladores apropiados<\/li>\n<li>Interior de espuma y exterior de polipropileno resistente<\/li>\n<li>Disponible en 8 colores llamativos<\/li>\n<li>Sin \u00e1cidos. Sin PVC<\/li>\n<\/ul>\n<\/div><div class=\"fusion-clearfix\"><\/div><\/div><\/div><div class=\"fusion-layout-column fusion_builder_column fusion-builder-column-1 fusion_builder_column_1_2 1_2 fusion-one-half fusion-column-last\" style=\"--awb-bg-size:cover;width:50%;width:calc(50% - ( ( 60px ) * 0.5 ) );\"><div class=\"fusion-column-wrapper fusion-column-has-shadow fusion-flex-column-wrapper-legacy\">\n<h2>ESPECIFICACIONES<\/h2>\n<div class=\"table-2\">\n<table width=\"100%\">\n<tbody>\n<tr>\n<td align=\"left\">Tama\u00f1o de los productos<\/td>\n<td align=\"left\">66 x 92 mm<br \/>\n(profundidad entre 5 y 30 mm)<\/td>\n<\/tr>\n<tr>\n<td style=\"vertical-align: top;\" align=\"left\">Material<\/td>\n<td align=\"left\">Polipropileno, <span class=\"ui-provider gs b c d e f g h i j k l m n o p q r s t u v w x y z ab ac ae af ag ah ai aj ak\" dir=\"ltr\">Espuma de PE<\/span><\/td>\n<\/tr>\n<tr>\n<td align=\"left\">Tipo de embalaje<\/td>\n<td align=\"left\">Bolsa de PPO<\/td>\n<\/tr>\n<\/tbody>\n<\/table>\n<\/div>\n<h2 style=\"margin-top:60px\">MSRP<i data-tooltip=\"No se pueden realizar compras a trav\u00e9s de este sitio web. Todos los precios indicados son el precio de venta al p\u00fablico recomendado por el fabricante en euros (con IVA) o en d\u00f3lares (sin IVA). Los posibles gastos de env\u00edo no est\u00e1n incluidos. Los precios indicados no son vinculantes y pueden tratarse como una recomendaci\u00f3n.\" class=\"fas fa-info-circle gg-tooltip\">\uf05a<\/i><\/h2>\n<form action=\"\" method=\"post\" id=\"alg_currency_selector\"><select name=\"alg_currency\" id=\"alg_currency_select\" class=\"alg_currency_select\" onchange=\"this.form.submit()\"><option id=\"alg_currency_USD\" value=\"USD\" >USD<\/option><option id=\"alg_currency_EUR\" value=\"EUR\"  selected='selected'>EUR<\/option><option id=\"alg_currency_CAD\" value=\"CAD\" >U.S.-USD<\/option><\/select><noscript><input type=\"submit\" value=\"Refresh\"><\/noscript><\/form>\n<span class=\"woocommerce-Price-amount amount\"><bdi><span class=\"woocommerce-Price-currencySymbol\">EUR<\/span>&nbsp;5,49<\/bdi><\/span>\n\n<div class=\"fusion-alignleft\"><a class=\"fusion-button button-flat fusion-button-default-size button-default fusion-button-default button-1 fusion-button-default-span fusion-button-default-type shopfinder-button\" target=\"_blank\" rel=\"noopener noreferrer\" href=\"https:\/\/www.gamegenic.com\/es\/buscador-de-tiendas\/\"><i class=\"fa-globe-americas fas awb-button__icon awb-button__icon--default button-icon-left\" aria-hidden=\"true\"><\/i><span class=\"fusion-button-text awb-button__text awb-button__text--default\">D\u00f3nde comprarlos<\/span><\/a><\/div>\n<div class=\"fusion-clearfix\"><\/div><\/div><\/div><\/div><\/div>\n","protected":false},"excerpt":{"rendered":"<p>\u00a1Esta es la siguiente revoluci\u00f3n de los accesorios de juego: el separador Sizemorph\u00ae Divider! Este nuevo producto innovador es el primer separador del mercado que puede cambiar de grosor para caber en cualquier espacio libre de las cajas. \u00a1As\u00ed podr\u00e1s ordenar tus cajas! Da igual si quieres aprovechar el espacio entre dos mazos de cartas o si quieres que el espacio para los mazos de cartas quede bien definido en la caja: con el modelo Sizemorph\u00ae Divider, podr\u00e1s conseguirlo. Su grosor puede variar entre los 5 y los 30 mil\u00edmetros, de manera que se adapta f\u00e1cilmente a cualquier hueco. El separador Sizemorph\u00ae Divider incluye una pesta\u00f1a de registro plegable que se dobla f\u00e1cilmente sin da\u00f1ar las cartas cuando se cierra la caja. Adem\u00e1s, esta pesta\u00f1a se pliega hacia un lado y se despliega cuando se abre la caja. Disponible en 8 colores diferentes, el separador Sizemorph\u00ae Divider es el accesorio perfecto para juegos de cartas coleccionables y LCGs como Magic: The Gathering\u2122 o Marvel Champions: The Card Game\u2122 y muchos otros juegos de cartas y de mesa.<\/p>\n[fusion_global id=\"26852\"]\n","protected":false},"featured_media":26652,"template":"","meta":[],"product_brand":[],"product_cat":[496,501,499],"product_tag":[],"class_list":{"0":"post-26807","1":"product","2":"type-product","3":"status-publish","4":"has-post-thumbnail","6":"product_cat-cajas","7":"product_cat-linea-basica-casual","8":"product_cat-separadores-de-cartas","10":"first","11":"instock","12":"shipping-taxable","13":"purchasable","14":"product-type-variable","15":"has-default-attributes","16":"wvs-archive-product-wrapper"},"yoast_head":"<!-- This site is optimized with the Yoast SEO plugin v27.3 - https:\/\/yoast.com\/product\/yoast-seo-wordpress\/ -->\n<title>SIZEMORPH\u00ae DIVIDER - GAMEGENIC - Ingenious Supplies<\/title>\n<meta name=\"description\" content=\"\u00a1Esta es la siguiente revoluci\u00f3n de los accesorios de juego: el separador Sizemorph Divider! Este nuevo producto innovador es el primer separador del mercado que puede cambiar de grosor para caber en cualquier espacio libre de las cajas. \u00a1As\u00ed podr\u00e1s ordenar tus cajas! Da igual si quieres aprovechar el espacio entre dos mazos de cartas o si quieres que el espacio para los mazos de cartas quede bien definido en la caja: con el modelo Sizemorph Divider, podr\u00e1s conseguirlo. Su grosor puede variar entre los 5 y los 30 mil\u00edmetros, de manera que se adapta f\u00e1cilmente a cualquier hueco. El separador Sizemorph Divider incluye una pesta\u00f1a de registro plegable que se dobla f\u00e1cilmente sin da\u00f1ar las cartas cuando se cierra la caja. Adem\u00e1s, esta pesta\u00f1a se pliega hacia un lado y se despliega cuando se abre la caja. Disponible en 8 colores diferentes, el separador Sizemorph Divider es el accesorio perfecto para juegos de cartas coleccionables y LCGs como Magic: The Gathering\u2122 o Marvel Champions: The Card Game\u2122 y muchos otros juegos de cartas y de mesa.\" \/>\n<meta name=\"robots\" content=\"index, follow, max-snippet:-1, max-image-preview:large, max-video-preview:-1\" \/>\n<link rel=\"canonical\" href=\"https:\/\/www.gamegenic.com\/es\/producto\/sizemorph-divider\/\" \/>\n<meta property=\"og:locale\" content=\"es_ES\" \/>\n<meta property=\"og:type\" content=\"article\" \/>\n<meta property=\"og:title\" content=\"SIZEMORPH DIVIDER\" \/>\n<meta property=\"og:description\" content=\"\u00a1Esta es la siguiente revoluci\u00f3n de los accesorios de juego: el separador Sizemorph Divider! Este nuevo producto innovador es el primer separador del mercado que puede cambiar de grosor para caber en cualquier espacio libre de las cajas. \u00a1As\u00ed podr\u00e1s ordenar tus cajas! Da igual si quieres aprovechar el espacio entre dos mazos de cartas o si quieres que el espacio para los mazos de cartas quede bien definido en la caja: con el modelo Sizemorph Divider, podr\u00e1s conseguirlo. Su grosor puede variar entre los 5 y los 30 mil\u00edmetros, de manera que se adapta f\u00e1cilmente a cualquier hueco. El separador Sizemorph Divider incluye una pesta\u00f1a de registro plegable que se dobla f\u00e1cilmente sin da\u00f1ar las cartas cuando se cierra la caja. Adem\u00e1s, esta pesta\u00f1a se pliega hacia un lado y se despliega cuando se abre la caja. Disponible en 8 colores diferentes, el separador Sizemorph Divider es el accesorio perfecto para juegos de cartas coleccionables y LCGs como Magic: The Gathering\u2122 o Marvel Champions: The Card Game\u2122 y muchos otros juegos de cartas y de mesa.\" \/>\n<meta property=\"og:url\" content=\"https:\/\/www.gamegenic.com\/es\/producto\/sizemorph-divider\/\" \/>\n<meta property=\"og:site_name\" content=\"GAMEGENIC - Ingenious Supplies\" \/>\n<meta property=\"article:publisher\" content=\"https:\/\/www.facebook.com\/GamegenicSupplies\/\" \/>\n<meta property=\"article:modified_time\" content=\"2025-07-11T06:24:24+00:00\" \/>\n<meta property=\"og:image\" content=\"https:\/\/www.gamegenic.com\/wp-content\/uploads\/fb-flex_card_divider.jpg\" \/>\n<meta name=\"twitter:card\" content=\"summary_large_image\" \/>\n<meta name=\"twitter:title\" content=\"SIZEMORPH DIVIDER\" \/>\n<meta name=\"twitter:description\" content=\"\u00a1Esta es la siguiente revoluci\u00f3n de los accesorios de juego: el separador Sizemorph Divider! Este nuevo producto innovador es el primer separador del mercado que puede cambiar de grosor para caber en cualquier espacio libre de las cajas. \u00a1As\u00ed podr\u00e1s ordenar tus cajas! Da igual si quieres aprovechar el espacio entre dos mazos de cartas o si quieres que el espacio para los mazos de cartas quede bien definido en la caja: con el modelo Sizemorph Divider, podr\u00e1s conseguirlo. Su grosor puede variar entre los 5 y los 30 mil\u00edmetros, de manera que se adapta f\u00e1cilmente a cualquier hueco. El separador Sizemorph Divider incluye una pesta\u00f1a de registro plegable que se dobla f\u00e1cilmente sin da\u00f1ar las cartas cuando se cierra la caja. Adem\u00e1s, esta pesta\u00f1a se pliega hacia un lado y se despliega cuando se abre la caja. Disponible en 8 colores diferentes, el separador Sizemorph Divider es el accesorio perfecto para juegos de cartas coleccionables y LCGs como Magic: The Gathering\u2122 o Marvel Champions: The Card Game\u2122 y muchos otros juegos de cartas y de mesa.\" \/>\n<meta name=\"twitter:image\" content=\"https:\/\/www.gamegenic.com\/wp-content\/uploads\/fb-flex_card_divider.jpg\" \/>\n<meta name=\"twitter:site\" content=\"@Gamegenic_\" \/>\n<meta name=\"twitter:label1\" content=\"Tiempo de lectura\" \/>\n\t<meta name=\"twitter:data1\" content=\"1 minuto\" \/>\n<script type=\"application\/ld+json\" class=\"yoast-schema-graph\">{\"@context\":\"https:\\\/\\\/schema.org\",\"@graph\":[{\"@type\":\"WebPage\",\"@id\":\"https:\\\/\\\/www.gamegenic.com\\\/es\\\/producto\\\/sizemorph-divider\\\/\",\"url\":\"https:\\\/\\\/www.gamegenic.com\\\/es\\\/producto\\\/sizemorph-divider\\\/\",\"name\":\"SIZEMORPH\u00ae DIVIDER - GAMEGENIC - Ingenious Supplies\",\"isPartOf\":{\"@id\":\"https:\\\/\\\/www.gamegenic.com\\\/es\\\/#website\"},\"primaryImageOfPage\":{\"@id\":\"https:\\\/\\\/www.gamegenic.com\\\/es\\\/producto\\\/sizemorph-divider\\\/#primaryimage\"},\"image\":{\"@id\":\"https:\\\/\\\/www.gamegenic.com\\\/es\\\/producto\\\/sizemorph-divider\\\/#primaryimage\"},\"thumbnailUrl\":\"https:\\\/\\\/www.gamegenic.com\\\/wp-content\\\/uploads\\\/2023\\\/06\\\/GG_Sizemorph-Divider_Blue-0003_nQCYXUx4s.jpg\",\"datePublished\":\"2023-06-14T09:55:09+00:00\",\"dateModified\":\"2025-07-11T06:24:24+00:00\",\"description\":\"\u00a1Esta es la siguiente revoluci\u00f3n de los accesorios de juego: el separador Sizemorph Divider! Este nuevo producto innovador es el primer separador del mercado que puede cambiar de grosor para caber en cualquier espacio libre de las cajas. \u00a1As\u00ed podr\u00e1s ordenar tus cajas! Da igual si quieres aprovechar el espacio entre dos mazos de cartas o si quieres que el espacio para los mazos de cartas quede bien definido en la caja: con el modelo Sizemorph Divider, podr\u00e1s conseguirlo. Su grosor puede variar entre los 5 y los 30 mil\u00edmetros, de manera que se adapta f\u00e1cilmente a cualquier hueco. El separador Sizemorph Divider incluye una pesta\u00f1a de registro plegable que se dobla f\u00e1cilmente sin da\u00f1ar las cartas cuando se cierra la caja. Adem\u00e1s, esta pesta\u00f1a se pliega hacia un lado y se despliega cuando se abre la caja. Disponible en 8 colores diferentes, el separador Sizemorph Divider es el accesorio perfecto para juegos de cartas coleccionables y LCGs como Magic: The Gathering\u2122 o Marvel Champions: The Card Game\u2122 y muchos otros juegos de cartas y de mesa.\",\"breadcrumb\":{\"@id\":\"https:\\\/\\\/www.gamegenic.com\\\/es\\\/producto\\\/sizemorph-divider\\\/#breadcrumb\"},\"inLanguage\":\"es\",\"potentialAction\":[{\"@type\":\"ReadAction\",\"target\":[\"https:\\\/\\\/www.gamegenic.com\\\/es\\\/producto\\\/sizemorph-divider\\\/\"]}]},{\"@type\":\"ImageObject\",\"inLanguage\":\"es\",\"@id\":\"https:\\\/\\\/www.gamegenic.com\\\/es\\\/producto\\\/sizemorph-divider\\\/#primaryimage\",\"url\":\"https:\\\/\\\/www.gamegenic.com\\\/wp-content\\\/uploads\\\/2023\\\/06\\\/GG_Sizemorph-Divider_Blue-0003_nQCYXUx4s.jpg\",\"contentUrl\":\"https:\\\/\\\/www.gamegenic.com\\\/wp-content\\\/uploads\\\/2023\\\/06\\\/GG_Sizemorph-Divider_Blue-0003_nQCYXUx4s.jpg\",\"width\":1200,\"height\":1200,\"caption\":\"SIZEMORPH DIVIDER - Blue\"},{\"@type\":\"BreadcrumbList\",\"@id\":\"https:\\\/\\\/www.gamegenic.com\\\/es\\\/producto\\\/sizemorph-divider\\\/#breadcrumb\",\"itemListElement\":[{\"@type\":\"ListItem\",\"position\":1,\"name\":\"Home\",\"item\":\"https:\\\/\\\/www.gamegenic.com\\\/es\\\/\"},{\"@type\":\"ListItem\",\"position\":2,\"name\":\"Tienda\",\"item\":\"https:\\\/\\\/www.gamegenic.com\\\/tienda\\\/\"},{\"@type\":\"ListItem\",\"position\":3,\"name\":\"SIZEMORPH DIVIDER\"}]},{\"@type\":\"WebSite\",\"@id\":\"https:\\\/\\\/www.gamegenic.com\\\/es\\\/#website\",\"url\":\"https:\\\/\\\/www.gamegenic.com\\\/es\\\/\",\"name\":\"GAMEGENIC - Ingenious Supplies\",\"description\":\"\",\"publisher\":{\"@id\":\"https:\\\/\\\/www.gamegenic.com\\\/es\\\/#organization\"},\"potentialAction\":[{\"@type\":\"SearchAction\",\"target\":{\"@type\":\"EntryPoint\",\"urlTemplate\":\"https:\\\/\\\/www.gamegenic.com\\\/es\\\/?s={search_term_string}\"},\"query-input\":{\"@type\":\"PropertyValueSpecification\",\"valueRequired\":true,\"valueName\":\"search_term_string\"}}],\"inLanguage\":\"es\"},{\"@type\":\"Organization\",\"@id\":\"https:\\\/\\\/www.gamegenic.com\\\/es\\\/#organization\",\"name\":\"Gamegenic GmbH\",\"url\":\"https:\\\/\\\/www.gamegenic.com\\\/es\\\/\",\"logo\":{\"@type\":\"ImageObject\",\"inLanguage\":\"es\",\"@id\":\"https:\\\/\\\/www.gamegenic.com\\\/es\\\/#\\\/schema\\\/logo\\\/image\\\/\",\"url\":\"https:\\\/\\\/www.gamegenic.com\\\/wp-content\\\/uploads\\\/Gamegenic-Logo-FINAL.jpg\",\"contentUrl\":\"https:\\\/\\\/www.gamegenic.com\\\/wp-content\\\/uploads\\\/Gamegenic-Logo-FINAL.jpg\",\"width\":3507,\"height\":2480,\"caption\":\"Gamegenic GmbH\"},\"image\":{\"@id\":\"https:\\\/\\\/www.gamegenic.com\\\/es\\\/#\\\/schema\\\/logo\\\/image\\\/\"},\"sameAs\":[\"https:\\\/\\\/www.facebook.com\\\/GamegenicSupplies\\\/\",\"https:\\\/\\\/x.com\\\/Gamegenic_\",\"https:\\\/\\\/www.instagram.com\\\/gamegenicsupplies\\\/\",\"https:\\\/\\\/www.youtube.com\\\/channel\\\/UCgmMXQPjjWW-Zy9ceMH6oGw\"]}]}<\/script>\n<!-- \/ Yoast SEO plugin. -->","yoast_head_json":{"title":"SIZEMORPH\u00ae DIVIDER - GAMEGENIC - Ingenious Supplies","description":"\u00a1Esta es la siguiente revoluci\u00f3n de los accesorios de juego: el separador Sizemorph Divider! Este nuevo producto innovador es el primer separador del mercado que puede cambiar de grosor para caber en cualquier espacio libre de las cajas. \u00a1As\u00ed podr\u00e1s ordenar tus cajas! Da igual si quieres aprovechar el espacio entre dos mazos de cartas o si quieres que el espacio para los mazos de cartas quede bien definido en la caja: con el modelo Sizemorph Divider, podr\u00e1s conseguirlo. Su grosor puede variar entre los 5 y los 30 mil\u00edmetros, de manera que se adapta f\u00e1cilmente a cualquier hueco. El separador Sizemorph Divider incluye una pesta\u00f1a de registro plegable que se dobla f\u00e1cilmente sin da\u00f1ar las cartas cuando se cierra la caja. Adem\u00e1s, esta pesta\u00f1a se pliega hacia un lado y se despliega cuando se abre la caja. Disponible en 8 colores diferentes, el separador Sizemorph Divider es el accesorio perfecto para juegos de cartas coleccionables y LCGs como Magic: The Gathering\u2122 o Marvel Champions: The Card Game\u2122 y muchos otros juegos de cartas y de mesa.","robots":{"index":"index","follow":"follow","max-snippet":"max-snippet:-1","max-image-preview":"max-image-preview:large","max-video-preview":"max-video-preview:-1"},"canonical":"https:\/\/www.gamegenic.com\/es\/producto\/sizemorph-divider\/","og_locale":"es_ES","og_type":"article","og_title":"SIZEMORPH DIVIDER","og_description":"\u00a1Esta es la siguiente revoluci\u00f3n de los accesorios de juego: el separador Sizemorph Divider! Este nuevo producto innovador es el primer separador del mercado que puede cambiar de grosor para caber en cualquier espacio libre de las cajas. \u00a1As\u00ed podr\u00e1s ordenar tus cajas! Da igual si quieres aprovechar el espacio entre dos mazos de cartas o si quieres que el espacio para los mazos de cartas quede bien definido en la caja: con el modelo Sizemorph Divider, podr\u00e1s conseguirlo. Su grosor puede variar entre los 5 y los 30 mil\u00edmetros, de manera que se adapta f\u00e1cilmente a cualquier hueco. El separador Sizemorph Divider incluye una pesta\u00f1a de registro plegable que se dobla f\u00e1cilmente sin da\u00f1ar las cartas cuando se cierra la caja. Adem\u00e1s, esta pesta\u00f1a se pliega hacia un lado y se despliega cuando se abre la caja. Disponible en 8 colores diferentes, el separador Sizemorph Divider es el accesorio perfecto para juegos de cartas coleccionables y LCGs como Magic: The Gathering\u2122 o Marvel Champions: The Card Game\u2122 y muchos otros juegos de cartas y de mesa.","og_url":"https:\/\/www.gamegenic.com\/es\/producto\/sizemorph-divider\/","og_site_name":"GAMEGENIC - Ingenious Supplies","article_publisher":"https:\/\/www.facebook.com\/GamegenicSupplies\/","article_modified_time":"2025-07-11T06:24:24+00:00","og_image":[{"url":"https:\/\/www.gamegenic.com\/wp-content\/uploads\/fb-flex_card_divider.jpg","type":"","width":"","height":""}],"twitter_card":"summary_large_image","twitter_title":"SIZEMORPH DIVIDER","twitter_description":"\u00a1Esta es la siguiente revoluci\u00f3n de los accesorios de juego: el separador Sizemorph Divider! Este nuevo producto innovador es el primer separador del mercado que puede cambiar de grosor para caber en cualquier espacio libre de las cajas. \u00a1As\u00ed podr\u00e1s ordenar tus cajas! Da igual si quieres aprovechar el espacio entre dos mazos de cartas o si quieres que el espacio para los mazos de cartas quede bien definido en la caja: con el modelo Sizemorph Divider, podr\u00e1s conseguirlo. Su grosor puede variar entre los 5 y los 30 mil\u00edmetros, de manera que se adapta f\u00e1cilmente a cualquier hueco. El separador Sizemorph Divider incluye una pesta\u00f1a de registro plegable que se dobla f\u00e1cilmente sin da\u00f1ar las cartas cuando se cierra la caja. Adem\u00e1s, esta pesta\u00f1a se pliega hacia un lado y se despliega cuando se abre la caja. Disponible en 8 colores diferentes, el separador Sizemorph Divider es el accesorio perfecto para juegos de cartas coleccionables y LCGs como Magic: The Gathering\u2122 o Marvel Champions: The Card Game\u2122 y muchos otros juegos de cartas y de mesa.","twitter_image":"https:\/\/www.gamegenic.com\/wp-content\/uploads\/fb-flex_card_divider.jpg","twitter_site":"@Gamegenic_","twitter_misc":{"Tiempo de lectura":"1 minuto"},"schema":{"@context":"https:\/\/schema.org","@graph":[{"@type":"WebPage","@id":"https:\/\/www.gamegenic.com\/es\/producto\/sizemorph-divider\/","url":"https:\/\/www.gamegenic.com\/es\/producto\/sizemorph-divider\/","name":"SIZEMORPH\u00ae DIVIDER - GAMEGENIC - Ingenious Supplies","isPartOf":{"@id":"https:\/\/www.gamegenic.com\/es\/#website"},"primaryImageOfPage":{"@id":"https:\/\/www.gamegenic.com\/es\/producto\/sizemorph-divider\/#primaryimage"},"image":{"@id":"https:\/\/www.gamegenic.com\/es\/producto\/sizemorph-divider\/#primaryimage"},"thumbnailUrl":"https:\/\/www.gamegenic.com\/wp-content\/uploads\/2023\/06\/GG_Sizemorph-Divider_Blue-0003_nQCYXUx4s.jpg","datePublished":"2023-06-14T09:55:09+00:00","dateModified":"2025-07-11T06:24:24+00:00","description":"\u00a1Esta es la siguiente revoluci\u00f3n de los accesorios de juego: el separador Sizemorph Divider! Este nuevo producto innovador es el primer separador del mercado que puede cambiar de grosor para caber en cualquier espacio libre de las cajas. \u00a1As\u00ed podr\u00e1s ordenar tus cajas! Da igual si quieres aprovechar el espacio entre dos mazos de cartas o si quieres que el espacio para los mazos de cartas quede bien definido en la caja: con el modelo Sizemorph Divider, podr\u00e1s conseguirlo. Su grosor puede variar entre los 5 y los 30 mil\u00edmetros, de manera que se adapta f\u00e1cilmente a cualquier hueco. El separador Sizemorph Divider incluye una pesta\u00f1a de registro plegable que se dobla f\u00e1cilmente sin da\u00f1ar las cartas cuando se cierra la caja. Adem\u00e1s, esta pesta\u00f1a se pliega hacia un lado y se despliega cuando se abre la caja. Disponible en 8 colores diferentes, el separador Sizemorph Divider es el accesorio perfecto para juegos de cartas coleccionables y LCGs como Magic: The Gathering\u2122 o Marvel Champions: The Card Game\u2122 y muchos otros juegos de cartas y de mesa.","breadcrumb":{"@id":"https:\/\/www.gamegenic.com\/es\/producto\/sizemorph-divider\/#breadcrumb"},"inLanguage":"es","potentialAction":[{"@type":"ReadAction","target":["https:\/\/www.gamegenic.com\/es\/producto\/sizemorph-divider\/"]}]},{"@type":"ImageObject","inLanguage":"es","@id":"https:\/\/www.gamegenic.com\/es\/producto\/sizemorph-divider\/#primaryimage","url":"https:\/\/www.gamegenic.com\/wp-content\/uploads\/2023\/06\/GG_Sizemorph-Divider_Blue-0003_nQCYXUx4s.jpg","contentUrl":"https:\/\/www.gamegenic.com\/wp-content\/uploads\/2023\/06\/GG_Sizemorph-Divider_Blue-0003_nQCYXUx4s.jpg","width":1200,"height":1200,"caption":"SIZEMORPH DIVIDER - Blue"},{"@type":"BreadcrumbList","@id":"https:\/\/www.gamegenic.com\/es\/producto\/sizemorph-divider\/#breadcrumb","itemListElement":[{"@type":"ListItem","position":1,"name":"Home","item":"https:\/\/www.gamegenic.com\/es\/"},{"@type":"ListItem","position":2,"name":"Tienda","item":"https:\/\/www.gamegenic.com\/tienda\/"},{"@type":"ListItem","position":3,"name":"SIZEMORPH DIVIDER"}]},{"@type":"WebSite","@id":"https:\/\/www.gamegenic.com\/es\/#website","url":"https:\/\/www.gamegenic.com\/es\/","name":"GAMEGENIC - Ingenious Supplies","description":"","publisher":{"@id":"https:\/\/www.gamegenic.com\/es\/#organization"},"potentialAction":[{"@type":"SearchAction","target":{"@type":"EntryPoint","urlTemplate":"https:\/\/www.gamegenic.com\/es\/?s={search_term_string}"},"query-input":{"@type":"PropertyValueSpecification","valueRequired":true,"valueName":"search_term_string"}}],"inLanguage":"es"},{"@type":"Organization","@id":"https:\/\/www.gamegenic.com\/es\/#organization","name":"Gamegenic GmbH","url":"https:\/\/www.gamegenic.com\/es\/","logo":{"@type":"ImageObject","inLanguage":"es","@id":"https:\/\/www.gamegenic.com\/es\/#\/schema\/logo\/image\/","url":"https:\/\/www.gamegenic.com\/wp-content\/uploads\/Gamegenic-Logo-FINAL.jpg","contentUrl":"https:\/\/www.gamegenic.com\/wp-content\/uploads\/Gamegenic-Logo-FINAL.jpg","width":3507,"height":2480,"caption":"Gamegenic GmbH"},"image":{"@id":"https:\/\/www.gamegenic.com\/es\/#\/schema\/logo\/image\/"},"sameAs":["https:\/\/www.facebook.com\/GamegenicSupplies\/","https:\/\/x.com\/Gamegenic_","https:\/\/www.instagram.com\/gamegenicsupplies\/","https:\/\/www.youtube.com\/channel\/UCgmMXQPjjWW-Zy9ceMH6oGw"]}]}},"_links":{"self":[{"href":"https:\/\/www.gamegenic.com\/es\/wp-json\/wp\/v2\/product\/26807","targetHints":{"allow":["GET"]}}],"collection":[{"href":"https:\/\/www.gamegenic.com\/es\/wp-json\/wp\/v2\/product"}],"about":[{"href":"https:\/\/www.gamegenic.com\/es\/wp-json\/wp\/v2\/types\/product"}],"wp:featuredmedia":[{"embeddable":true,"href":"https:\/\/www.gamegenic.com\/es\/wp-json\/wp\/v2\/media\/26652"}],"wp:attachment":[{"href":"https:\/\/www.gamegenic.com\/es\/wp-json\/wp\/v2\/media?parent=26807"}],"wp:term":[{"taxonomy":"product_brand","embeddable":true,"href":"https:\/\/www.gamegenic.com\/es\/wp-json\/wp\/v2\/product_brand?post=26807"},{"taxonomy":"product_cat","embeddable":true,"href":"https:\/\/www.gamegenic.com\/es\/wp-json\/wp\/v2\/product_cat?post=26807"},{"taxonomy":"product_tag","embeddable":true,"href":"https:\/\/www.gamegenic.com\/es\/wp-json\/wp\/v2\/product_tag?post=26807"}],"curies":[{"name":"wp","href":"https:\/\/api.w.org\/{rel}","templated":true}]}}