{"id":26514,"date":"2023-06-09T12:36:50","date_gmt":"2023-06-09T10:36:57","guid":{"rendered":"https:\/\/www.gamegenic.com\/?post_type=product&#038;p=26514"},"modified":"2025-07-11T08:35:58","modified_gmt":"2025-07-11T06:35:58","slug":"token-keep","status":"publish","type":"product","link":"https:\/\/www.gamegenic.com\/es\/producto\/token-keep\/","title":{"rendered":"TOKEN KEEP"},"content":{"rendered":"<p><div class=\"fusion-fullwidth fullwidth-box fusion-builder-row-1 fusion-flex-container nonhundred-percent-fullwidth non-hundred-percent-height-scrolling\" style=\"--awb-border-radius-top-left:0px;--awb-border-radius-top-right:0px;--awb-border-radius-bottom-right:0px;--awb-border-radius-bottom-left:0px;--awb-flex-wrap:wrap;\" ><div class=\"fusion-builder-row fusion-row fusion-flex-align-items-flex-start fusion-flex-content-wrap\" style=\"max-width:1248px;margin-left: calc(-4% \/ 2 );margin-right: calc(-4% \/ 2 );\"><div class=\"fusion-layout-column fusion_builder_column fusion-builder-column-0 fusion_builder_column_1_1 1_1 fusion-flex-column\" style=\"--awb-bg-size:cover;--awb-width-large:100%;--awb-margin-top-large:0px;--awb-spacing-right-large:1.92%;--awb-margin-bottom-large:0px;--awb-spacing-left-large:1.92%;--awb-width-medium:100%;--awb-spacing-right-medium:1.92%;--awb-spacing-left-medium:1.92%;--awb-width-small:100%;--awb-spacing-right-small:1.92%;--awb-spacing-left-small:1.92%;\"><div class=\"fusion-column-wrapper fusion-flex-justify-content-flex-start fusion-content-layout-column\"><\/div><\/div><\/div><\/div><div class=\"fusion-fullwidth fullwidth-box fusion-builder-row-2 nonhundred-percent-fullwidth non-hundred-percent-height-scrolling gg-summary gg-position\" style=\"--awb-border-radius-top-left:0px;--awb-border-radius-top-right:0px;--awb-border-radius-bottom-right:0px;--awb-border-radius-bottom-left:0px;--awb-flex-wrap:wrap;\" id=\"gg-anker\" ><div class=\"fusion-builder-row fusion-row\"><div class=\"fusion-layout-column fusion_builder_column fusion-builder-column-1 fusion_builder_column_1_2 1_2 fusion-one-half fusion-column-first gg-features\" style=\"--awb-bg-size:cover;width:50%;width:calc(50% - ( ( 60px ) * 0.5 ) );margin-right: 60px;\"><div class=\"fusion-column-wrapper fusion-column-has-shadow fusion-flex-column-wrapper-legacy\"><div class=\"fusion-text fusion-text-1\"><h2>CARACTER\u00cdSTICAS<\/h2>\n<ul>\n<li>Caja pr\u00e9mium para guardar tus fichas y tus cartas a buen recaudo<\/li>\n<li>Cabe perfectamente en los modelos Dungeon 1100+ o Dungeon S 550+<\/li>\n<li>Podr\u00e1s guardar una gran variedad de fichas, dados, hasta <strong>40<\/strong> cartas en doble funda, <strong>50<\/strong> cartas con una sola funda u <strong>80<\/strong> cartas sin fundas<\/li>\n<li>La tapa extra\u00edble se acopla a la parte inferior y ahorra un espacio considerable en la mesa de juego<\/li>\n<li>Perfecta para una gran variedad de juegos de mesa, juegos de cartas coleccionables y LCGs<\/li>\n<li>Imanes potentes para un cierre seguro y preciso<\/li>\n<\/ul>\n<\/div><div class=\"fusion-text fusion-text-2 gg-notice\"><p>* Optimizado para las fundas de Gamegenic. Si se usan fundas de otra marca, la capacidad o compatibilidad podr\u00edan variar<\/p>\n<\/div>\n<div class=\"fusion-clearfix\"><\/div><\/div><\/div><div class=\"fusion-layout-column fusion_builder_column fusion-builder-column-2 fusion_builder_column_1_2 1_2 fusion-one-half fusion-column-last\" style=\"--awb-bg-size:cover;width:50%;width:calc(50% - ( ( 60px ) * 0.5 ) );\"><div class=\"fusion-column-wrapper fusion-column-has-shadow fusion-flex-column-wrapper-legacy\">\n<h2>ESPECIFICACIONES<\/h2>\n<div class=\"table-2\">\n<table style=\"width: 100%;\" width=\"100%\">\n<tbody>\n<tr>\n<td style=\"width: 37.2719%;\" align=\"left\">Tama\u00f1o de los productos<br \/>\n<span class=\"gg-wdh\">(ancho x fondo x alto)<\/span><\/td>\n<td style=\"width: 62.1199%;\" align=\"left\">113 x 87 x 36 mm<\/td>\n<\/tr>\n<tr>\n<td style=\"width: 37.2719%;\" align=\"left\">Tama\u00f1o del compartimento interior<br \/>\n<span class=\"gg-wdh\">(ancho x fondo x alto)<\/span><\/td>\n<td style=\"width: 62.1199%;\" align=\"left\">94 x 68 x 28 mm<\/td>\n<\/tr>\n<tr>\n<td style=\"vertical-align: top; width: 37.2719%;\" align=\"left\">Material<\/td>\n<td style=\"width: 62.1199%;\" align=\"left\"><strong>BLUE\/ORANGE, GRAY, RED<\/strong><br \/>\nSuperficie exterior de Nexofyber y forro interior de microfibra<strong>BLACK, PURPLE\/WHITE, GRAY\/RED<\/strong><br \/>\nSuperficie exterior de Nexofyber<sup>+<\/sup> y forro interior de microfibra<\/td>\n<\/tr>\n<tr>\n<td style=\"width: 37.2719%;\" align=\"left\">Tipo de embalaje<\/td>\n<td style=\"width: 62.1199%;\" align=\"left\">Caja de cart\u00f3n con ventana<\/td>\n<\/tr>\n<\/tbody>\n<\/table>\n<\/div>\n<h2 style=\"margin-top:60px\">MSRP<i data-tooltip=\"No se pueden realizar compras a trav\u00e9s de este sitio web. Todos los precios indicados son el precio de venta al p\u00fablico recomendado por el fabricante en euros (con IVA) o en d\u00f3lares (sin IVA). Los posibles gastos de env\u00edo no est\u00e1n incluidos. Los precios indicados no son vinculantes y pueden tratarse como una recomendaci\u00f3n.\" class=\"fas fa-info-circle gg-tooltip\">\uf05a<\/i><\/h2>\n<form action=\"\" method=\"post\" id=\"alg_currency_selector\"><select name=\"alg_currency\" id=\"alg_currency_select\" class=\"alg_currency_select\" onchange=\"this.form.submit()\"><option id=\"alg_currency_USD\" value=\"USD\" >USD<\/option><option id=\"alg_currency_EUR\" value=\"EUR\"  selected='selected'>EUR<\/option><option id=\"alg_currency_CAD\" value=\"CAD\" >U.S.-USD<\/option><\/select><noscript><input type=\"submit\" value=\"Refresh\"><\/noscript><\/form>\n<span class=\"woocommerce-Price-amount amount\"><bdi><span class=\"woocommerce-Price-currencySymbol\">EUR<\/span>&nbsp;9,99<\/bdi><\/span>\n\n<div class=\"fusion-alignleft\"><a class=\"fusion-button button-flat fusion-button-default-size button-default fusion-button-default button-1 fusion-button-default-span fusion-button-default-type shopfinder-button\" target=\"_blank\" rel=\"noopener noreferrer\" href=\"https:\/\/www.gamegenic.com\/es\/buscador-de-tiendas\/\"><i class=\"fa-globe-americas fas awb-button__icon awb-button__icon--default button-icon-left\" aria-hidden=\"true\"><\/i><span class=\"fusion-button-text awb-button__text awb-button__text--default\">D\u00f3nde comprarlos<\/span><\/a><\/div>\n<div class=\"fusion-clearfix\"><\/div><\/div><\/div><\/div><\/div><\/p>\n","protected":false},"excerpt":{"rendered":"<p>Podr\u00e1s guardar tus fichas, cartas y dados m\u00e1s preciados en esta elegante caja para fichas pr\u00e9mium. Gracias a nuestro valorado sistema CONVERTIBLE, la tapa se acopla a la parte inferior y ahorra un espacio considerable en la mesa de juego. De esta forma, podr\u00e1s usar tu Token Keep durante las partidas tambi\u00e9n.<br \/>\nSus imanes potentes aseguran un cierre seguro. En esta caja caben una gran variedad de fichas, dados e incluso 40 cartas en doble funda, 50 cartas con una sola funda u 80 cartas sin fundas. Es perfecta para una gran variedad de juegos de mesa, juegos de cartas coleccionables y LCGs. Gracias a su dise\u00f1o modular, cabe perfectamente dentro de los modelos <a href=\"https:\/\/www.gamegenic.com\/es\/producto\/dungeon-1100-convertible\/\"><strong>Dungeon 1100+<\/strong><\/a> y <a href=\"https:\/\/www.gamegenic.com\/es\/producto\/dungeon-s-550-convertible\"><strong>Dungeon S 550+<\/strong><\/a>.<\/p>\n","protected":false},"featured_media":26440,"template":"","meta":[],"product_brand":[],"product_cat":[787,496,505],"product_tag":[],"class_list":{"0":"post-26514","1":"product","2":"type-product","3":"status-publish","4":"has-post-thumbnail","6":"product_cat-almacenamiento-premium","7":"product_cat-cajas","8":"product_cat-linea-basica-premium","10":"first","11":"instock","12":"shipping-taxable","13":"purchasable","14":"product-type-variable","15":"has-default-attributes","16":"wvs-archive-product-wrapper"},"yoast_head":"<!-- This site is optimized with the Yoast SEO plugin v27.3 - https:\/\/yoast.com\/product\/yoast-seo-wordpress\/ -->\n<title>TOKEN KEEP - GAMEGENIC - Ingenious Supplies<\/title>\n<meta name=\"description\" content=\"Podr\u00e1s guardar tus fichas, cartas y dados m\u00e1s preciados en esta elegante caja para fichas pr\u00e9mium. Gracias a nuestro valorado sistema CONVERTIBLE, la tapa se acopla a la parte inferior y ahorra un espacio considerable en la mesa de juego. De esta forma, podr\u00e1s usar tu Token Keep durante las partidas tambi\u00e9n. Sus imanes potentes aseguran un cierre seguro. En esta caja caben una gran variedad de fichas, dados e incluso 40 cartas en doble funda, 50 cartas con una sola funda u 80 cartas sin fundas. Es perfecta para una gran variedad de juegos de mesa, juegos de cartas coleccionables y LCGs. Gracias a su dise\u00f1o modular, cabe perfectamente dentro de los modelos Dungeon 1100+ y Dungeon S 550+.\" \/>\n<meta name=\"robots\" content=\"index, follow, max-snippet:-1, max-image-preview:large, max-video-preview:-1\" \/>\n<link rel=\"canonical\" href=\"https:\/\/www.gamegenic.com\/es\/producto\/token-keep\/\" \/>\n<meta property=\"og:locale\" content=\"es_ES\" \/>\n<meta property=\"og:type\" content=\"article\" \/>\n<meta property=\"og:title\" content=\"TOKEN KEEP\" \/>\n<meta property=\"og:description\" content=\"Podr\u00e1s guardar tus fichas, cartas y dados m\u00e1s preciados en esta elegante caja para fichas pr\u00e9mium. Gracias a nuestro valorado sistema CONVERTIBLE, la tapa se acopla a la parte inferior y ahorra un espacio considerable en la mesa de juego. De esta forma, podr\u00e1s usar tu Token Keep durante las partidas tambi\u00e9n. Sus imanes potentes aseguran un cierre seguro. En esta caja caben una gran variedad de fichas, dados e incluso 40 cartas en doble funda, 50 cartas con una sola funda u 80 cartas sin fundas. Es perfecta para una gran variedad de juegos de mesa, juegos de cartas coleccionables y LCGs. Gracias a su dise\u00f1o modular, cabe perfectamente dentro de los modelos Dungeon 1100+ y Dungeon S 550+.\" \/>\n<meta property=\"og:url\" content=\"https:\/\/www.gamegenic.com\/es\/producto\/token-keep\/\" \/>\n<meta property=\"og:site_name\" content=\"GAMEGENIC - Ingenious Supplies\" \/>\n<meta property=\"article:publisher\" content=\"https:\/\/www.facebook.com\/GamegenicSupplies\/\" \/>\n<meta property=\"article:modified_time\" content=\"2025-07-11T06:35:58+00:00\" \/>\n<meta property=\"og:image\" content=\"https:\/\/www.gamegenic.com\/wp-content\/uploads\/2020\/10\/fb-squire-100-XL-convertible_QOyHIu05e.jpg\" \/>\n<meta name=\"twitter:card\" content=\"summary_large_image\" \/>\n<meta name=\"twitter:title\" content=\"TOKEN KEEP\" \/>\n<meta name=\"twitter:description\" content=\"Podr\u00e1s guardar tus fichas, cartas y dados m\u00e1s preciados en esta elegante caja para fichas pr\u00e9mium. Gracias a nuestro valorado sistema CONVERTIBLE, la tapa se acopla a la parte inferior y ahorra un espacio considerable en la mesa de juego. De esta forma, podr\u00e1s usar tu Token Keep durante las partidas tambi\u00e9n. Sus imanes potentes aseguran un cierre seguro. En esta caja caben una gran variedad de fichas, dados e incluso 40 cartas en doble funda, 50 cartas con una sola funda u 80 cartas sin fundas. Es perfecta para una gran variedad de juegos de mesa, juegos de cartas coleccionables y LCGs. Gracias a su dise\u00f1o modular, cabe perfectamente dentro de los modelos Dungeon 1100+ y Dungeon S 550+.\" \/>\n<meta name=\"twitter:image\" content=\"https:\/\/www.gamegenic.com\/wp-content\/uploads\/2020\/10\/fb-squire-100-XL-convertible_QOyHIu05e.jpg\" \/>\n<meta name=\"twitter:site\" content=\"@Gamegenic_\" \/>\n<meta name=\"twitter:label1\" content=\"Tiempo de lectura\" \/>\n\t<meta name=\"twitter:data1\" content=\"2 minutos\" \/>\n<script type=\"application\/ld+json\" class=\"yoast-schema-graph\">{\"@context\":\"https:\\\/\\\/schema.org\",\"@graph\":[{\"@type\":\"WebPage\",\"@id\":\"https:\\\/\\\/www.gamegenic.com\\\/es\\\/producto\\\/token-keep\\\/\",\"url\":\"https:\\\/\\\/www.gamegenic.com\\\/es\\\/producto\\\/token-keep\\\/\",\"name\":\"TOKEN KEEP - GAMEGENIC - Ingenious Supplies\",\"isPartOf\":{\"@id\":\"https:\\\/\\\/www.gamegenic.com\\\/es\\\/#website\"},\"primaryImageOfPage\":{\"@id\":\"https:\\\/\\\/www.gamegenic.com\\\/es\\\/producto\\\/token-keep\\\/#primaryimage\"},\"image\":{\"@id\":\"https:\\\/\\\/www.gamegenic.com\\\/es\\\/producto\\\/token-keep\\\/#primaryimage\"},\"thumbnailUrl\":\"https:\\\/\\\/www.gamegenic.com\\\/wp-content\\\/uploads\\\/2023\\\/06\\\/GG_TokenKeep_GrayRed_0000_rIwMTRS4z.jpg\",\"datePublished\":\"2023-06-09T10:36:57+00:00\",\"dateModified\":\"2025-07-11T06:35:58+00:00\",\"description\":\"Podr\u00e1s guardar tus fichas, cartas y dados m\u00e1s preciados en esta elegante caja para fichas pr\u00e9mium. Gracias a nuestro valorado sistema CONVERTIBLE, la tapa se acopla a la parte inferior y ahorra un espacio considerable en la mesa de juego. De esta forma, podr\u00e1s usar tu Token Keep durante las partidas tambi\u00e9n. Sus imanes potentes aseguran un cierre seguro. En esta caja caben una gran variedad de fichas, dados e incluso 40 cartas en doble funda, 50 cartas con una sola funda u 80 cartas sin fundas. Es perfecta para una gran variedad de juegos de mesa, juegos de cartas coleccionables y LCGs. Gracias a su dise\u00f1o modular, cabe perfectamente dentro de los modelos Dungeon 1100+ y Dungeon S 550+.\",\"breadcrumb\":{\"@id\":\"https:\\\/\\\/www.gamegenic.com\\\/es\\\/producto\\\/token-keep\\\/#breadcrumb\"},\"inLanguage\":\"es\",\"potentialAction\":[{\"@type\":\"ReadAction\",\"target\":[\"https:\\\/\\\/www.gamegenic.com\\\/es\\\/producto\\\/token-keep\\\/\"]}]},{\"@type\":\"ImageObject\",\"inLanguage\":\"es\",\"@id\":\"https:\\\/\\\/www.gamegenic.com\\\/es\\\/producto\\\/token-keep\\\/#primaryimage\",\"url\":\"https:\\\/\\\/www.gamegenic.com\\\/wp-content\\\/uploads\\\/2023\\\/06\\\/GG_TokenKeep_GrayRed_0000_rIwMTRS4z.jpg\",\"contentUrl\":\"https:\\\/\\\/www.gamegenic.com\\\/wp-content\\\/uploads\\\/2023\\\/06\\\/GG_TokenKeep_GrayRed_0000_rIwMTRS4z.jpg\",\"width\":1200,\"height\":1200,\"caption\":\"Token Keep - Gray\"},{\"@type\":\"BreadcrumbList\",\"@id\":\"https:\\\/\\\/www.gamegenic.com\\\/es\\\/producto\\\/token-keep\\\/#breadcrumb\",\"itemListElement\":[{\"@type\":\"ListItem\",\"position\":1,\"name\":\"Home\",\"item\":\"https:\\\/\\\/www.gamegenic.com\\\/es\\\/\"},{\"@type\":\"ListItem\",\"position\":2,\"name\":\"Tienda\",\"item\":\"https:\\\/\\\/www.gamegenic.com\\\/tienda\\\/\"},{\"@type\":\"ListItem\",\"position\":3,\"name\":\"TOKEN KEEP\"}]},{\"@type\":\"WebSite\",\"@id\":\"https:\\\/\\\/www.gamegenic.com\\\/es\\\/#website\",\"url\":\"https:\\\/\\\/www.gamegenic.com\\\/es\\\/\",\"name\":\"GAMEGENIC - Ingenious Supplies\",\"description\":\"\",\"publisher\":{\"@id\":\"https:\\\/\\\/www.gamegenic.com\\\/es\\\/#organization\"},\"potentialAction\":[{\"@type\":\"SearchAction\",\"target\":{\"@type\":\"EntryPoint\",\"urlTemplate\":\"https:\\\/\\\/www.gamegenic.com\\\/es\\\/?s={search_term_string}\"},\"query-input\":{\"@type\":\"PropertyValueSpecification\",\"valueRequired\":true,\"valueName\":\"search_term_string\"}}],\"inLanguage\":\"es\"},{\"@type\":\"Organization\",\"@id\":\"https:\\\/\\\/www.gamegenic.com\\\/es\\\/#organization\",\"name\":\"Gamegenic GmbH\",\"url\":\"https:\\\/\\\/www.gamegenic.com\\\/es\\\/\",\"logo\":{\"@type\":\"ImageObject\",\"inLanguage\":\"es\",\"@id\":\"https:\\\/\\\/www.gamegenic.com\\\/es\\\/#\\\/schema\\\/logo\\\/image\\\/\",\"url\":\"https:\\\/\\\/www.gamegenic.com\\\/wp-content\\\/uploads\\\/Gamegenic-Logo-FINAL.jpg\",\"contentUrl\":\"https:\\\/\\\/www.gamegenic.com\\\/wp-content\\\/uploads\\\/Gamegenic-Logo-FINAL.jpg\",\"width\":3507,\"height\":2480,\"caption\":\"Gamegenic GmbH\"},\"image\":{\"@id\":\"https:\\\/\\\/www.gamegenic.com\\\/es\\\/#\\\/schema\\\/logo\\\/image\\\/\"},\"sameAs\":[\"https:\\\/\\\/www.facebook.com\\\/GamegenicSupplies\\\/\",\"https:\\\/\\\/x.com\\\/Gamegenic_\",\"https:\\\/\\\/www.instagram.com\\\/gamegenicsupplies\\\/\",\"https:\\\/\\\/www.youtube.com\\\/channel\\\/UCgmMXQPjjWW-Zy9ceMH6oGw\"]}]}<\/script>\n<!-- \/ Yoast SEO plugin. -->","yoast_head_json":{"title":"TOKEN KEEP - GAMEGENIC - Ingenious Supplies","description":"Podr\u00e1s guardar tus fichas, cartas y dados m\u00e1s preciados en esta elegante caja para fichas pr\u00e9mium. Gracias a nuestro valorado sistema CONVERTIBLE, la tapa se acopla a la parte inferior y ahorra un espacio considerable en la mesa de juego. De esta forma, podr\u00e1s usar tu Token Keep durante las partidas tambi\u00e9n. Sus imanes potentes aseguran un cierre seguro. En esta caja caben una gran variedad de fichas, dados e incluso 40 cartas en doble funda, 50 cartas con una sola funda u 80 cartas sin fundas. Es perfecta para una gran variedad de juegos de mesa, juegos de cartas coleccionables y LCGs. Gracias a su dise\u00f1o modular, cabe perfectamente dentro de los modelos Dungeon 1100+ y Dungeon S 550+.","robots":{"index":"index","follow":"follow","max-snippet":"max-snippet:-1","max-image-preview":"max-image-preview:large","max-video-preview":"max-video-preview:-1"},"canonical":"https:\/\/www.gamegenic.com\/es\/producto\/token-keep\/","og_locale":"es_ES","og_type":"article","og_title":"TOKEN KEEP","og_description":"Podr\u00e1s guardar tus fichas, cartas y dados m\u00e1s preciados en esta elegante caja para fichas pr\u00e9mium. Gracias a nuestro valorado sistema CONVERTIBLE, la tapa se acopla a la parte inferior y ahorra un espacio considerable en la mesa de juego. De esta forma, podr\u00e1s usar tu Token Keep durante las partidas tambi\u00e9n. Sus imanes potentes aseguran un cierre seguro. En esta caja caben una gran variedad de fichas, dados e incluso 40 cartas en doble funda, 50 cartas con una sola funda u 80 cartas sin fundas. Es perfecta para una gran variedad de juegos de mesa, juegos de cartas coleccionables y LCGs. Gracias a su dise\u00f1o modular, cabe perfectamente dentro de los modelos Dungeon 1100+ y Dungeon S 550+.","og_url":"https:\/\/www.gamegenic.com\/es\/producto\/token-keep\/","og_site_name":"GAMEGENIC - Ingenious Supplies","article_publisher":"https:\/\/www.facebook.com\/GamegenicSupplies\/","article_modified_time":"2025-07-11T06:35:58+00:00","og_image":[{"url":"https:\/\/www.gamegenic.com\/wp-content\/uploads\/2020\/10\/fb-squire-100-XL-convertible_QOyHIu05e.jpg","type":"","width":"","height":""}],"twitter_card":"summary_large_image","twitter_title":"TOKEN KEEP","twitter_description":"Podr\u00e1s guardar tus fichas, cartas y dados m\u00e1s preciados en esta elegante caja para fichas pr\u00e9mium. Gracias a nuestro valorado sistema CONVERTIBLE, la tapa se acopla a la parte inferior y ahorra un espacio considerable en la mesa de juego. De esta forma, podr\u00e1s usar tu Token Keep durante las partidas tambi\u00e9n. Sus imanes potentes aseguran un cierre seguro. En esta caja caben una gran variedad de fichas, dados e incluso 40 cartas en doble funda, 50 cartas con una sola funda u 80 cartas sin fundas. Es perfecta para una gran variedad de juegos de mesa, juegos de cartas coleccionables y LCGs. Gracias a su dise\u00f1o modular, cabe perfectamente dentro de los modelos Dungeon 1100+ y Dungeon S 550+.","twitter_image":"https:\/\/www.gamegenic.com\/wp-content\/uploads\/2020\/10\/fb-squire-100-XL-convertible_QOyHIu05e.jpg","twitter_site":"@Gamegenic_","twitter_misc":{"Tiempo de lectura":"2 minutos"},"schema":{"@context":"https:\/\/schema.org","@graph":[{"@type":"WebPage","@id":"https:\/\/www.gamegenic.com\/es\/producto\/token-keep\/","url":"https:\/\/www.gamegenic.com\/es\/producto\/token-keep\/","name":"TOKEN KEEP - GAMEGENIC - Ingenious Supplies","isPartOf":{"@id":"https:\/\/www.gamegenic.com\/es\/#website"},"primaryImageOfPage":{"@id":"https:\/\/www.gamegenic.com\/es\/producto\/token-keep\/#primaryimage"},"image":{"@id":"https:\/\/www.gamegenic.com\/es\/producto\/token-keep\/#primaryimage"},"thumbnailUrl":"https:\/\/www.gamegenic.com\/wp-content\/uploads\/2023\/06\/GG_TokenKeep_GrayRed_0000_rIwMTRS4z.jpg","datePublished":"2023-06-09T10:36:57+00:00","dateModified":"2025-07-11T06:35:58+00:00","description":"Podr\u00e1s guardar tus fichas, cartas y dados m\u00e1s preciados en esta elegante caja para fichas pr\u00e9mium. Gracias a nuestro valorado sistema CONVERTIBLE, la tapa se acopla a la parte inferior y ahorra un espacio considerable en la mesa de juego. De esta forma, podr\u00e1s usar tu Token Keep durante las partidas tambi\u00e9n. Sus imanes potentes aseguran un cierre seguro. En esta caja caben una gran variedad de fichas, dados e incluso 40 cartas en doble funda, 50 cartas con una sola funda u 80 cartas sin fundas. Es perfecta para una gran variedad de juegos de mesa, juegos de cartas coleccionables y LCGs. Gracias a su dise\u00f1o modular, cabe perfectamente dentro de los modelos Dungeon 1100+ y Dungeon S 550+.","breadcrumb":{"@id":"https:\/\/www.gamegenic.com\/es\/producto\/token-keep\/#breadcrumb"},"inLanguage":"es","potentialAction":[{"@type":"ReadAction","target":["https:\/\/www.gamegenic.com\/es\/producto\/token-keep\/"]}]},{"@type":"ImageObject","inLanguage":"es","@id":"https:\/\/www.gamegenic.com\/es\/producto\/token-keep\/#primaryimage","url":"https:\/\/www.gamegenic.com\/wp-content\/uploads\/2023\/06\/GG_TokenKeep_GrayRed_0000_rIwMTRS4z.jpg","contentUrl":"https:\/\/www.gamegenic.com\/wp-content\/uploads\/2023\/06\/GG_TokenKeep_GrayRed_0000_rIwMTRS4z.jpg","width":1200,"height":1200,"caption":"Token Keep - Gray"},{"@type":"BreadcrumbList","@id":"https:\/\/www.gamegenic.com\/es\/producto\/token-keep\/#breadcrumb","itemListElement":[{"@type":"ListItem","position":1,"name":"Home","item":"https:\/\/www.gamegenic.com\/es\/"},{"@type":"ListItem","position":2,"name":"Tienda","item":"https:\/\/www.gamegenic.com\/tienda\/"},{"@type":"ListItem","position":3,"name":"TOKEN KEEP"}]},{"@type":"WebSite","@id":"https:\/\/www.gamegenic.com\/es\/#website","url":"https:\/\/www.gamegenic.com\/es\/","name":"GAMEGENIC - Ingenious Supplies","description":"","publisher":{"@id":"https:\/\/www.gamegenic.com\/es\/#organization"},"potentialAction":[{"@type":"SearchAction","target":{"@type":"EntryPoint","urlTemplate":"https:\/\/www.gamegenic.com\/es\/?s={search_term_string}"},"query-input":{"@type":"PropertyValueSpecification","valueRequired":true,"valueName":"search_term_string"}}],"inLanguage":"es"},{"@type":"Organization","@id":"https:\/\/www.gamegenic.com\/es\/#organization","name":"Gamegenic GmbH","url":"https:\/\/www.gamegenic.com\/es\/","logo":{"@type":"ImageObject","inLanguage":"es","@id":"https:\/\/www.gamegenic.com\/es\/#\/schema\/logo\/image\/","url":"https:\/\/www.gamegenic.com\/wp-content\/uploads\/Gamegenic-Logo-FINAL.jpg","contentUrl":"https:\/\/www.gamegenic.com\/wp-content\/uploads\/Gamegenic-Logo-FINAL.jpg","width":3507,"height":2480,"caption":"Gamegenic GmbH"},"image":{"@id":"https:\/\/www.gamegenic.com\/es\/#\/schema\/logo\/image\/"},"sameAs":["https:\/\/www.facebook.com\/GamegenicSupplies\/","https:\/\/x.com\/Gamegenic_","https:\/\/www.instagram.com\/gamegenicsupplies\/","https:\/\/www.youtube.com\/channel\/UCgmMXQPjjWW-Zy9ceMH6oGw"]}]}},"_links":{"self":[{"href":"https:\/\/www.gamegenic.com\/es\/wp-json\/wp\/v2\/product\/26514","targetHints":{"allow":["GET"]}}],"collection":[{"href":"https:\/\/www.gamegenic.com\/es\/wp-json\/wp\/v2\/product"}],"about":[{"href":"https:\/\/www.gamegenic.com\/es\/wp-json\/wp\/v2\/types\/product"}],"wp:featuredmedia":[{"embeddable":true,"href":"https:\/\/www.gamegenic.com\/es\/wp-json\/wp\/v2\/media\/26440"}],"wp:attachment":[{"href":"https:\/\/www.gamegenic.com\/es\/wp-json\/wp\/v2\/media?parent=26514"}],"wp:term":[{"taxonomy":"product_brand","embeddable":true,"href":"https:\/\/www.gamegenic.com\/es\/wp-json\/wp\/v2\/product_brand?post=26514"},{"taxonomy":"product_cat","embeddable":true,"href":"https:\/\/www.gamegenic.com\/es\/wp-json\/wp\/v2\/product_cat?post=26514"},{"taxonomy":"product_tag","embeddable":true,"href":"https:\/\/www.gamegenic.com\/es\/wp-json\/wp\/v2\/product_tag?post=26514"}],"curies":[{"name":"wp","href":"https:\/\/api.w.org\/{rel}","templated":true}]}}