{"id":21768,"date":"2022-10-31T09:50:15","date_gmt":"2022-10-31T08:50:15","guid":{"rendered":"https:\/\/www.gamegenic.com\/?post_type=product&#038;p=21768"},"modified":"2026-04-28T10:18:36","modified_gmt":"2026-04-28T08:18:36","slug":"card-stands","status":"publish","type":"product","link":"https:\/\/www.gamegenic.com\/es\/producto\/card-stands\/","title":{"rendered":"CARD STANDS<\/br><span class=\"gg_product_subline\">MULTICOLOR PACK<\/span>"},"content":{"rendered":"<div class=\"fusion-fullwidth fullwidth-box fusion-builder-row-1 nonhundred-percent-fullwidth non-hundred-percent-height-scrolling gg-summary gg-position\" style=\"--awb-border-radius-top-left:0px;--awb-border-radius-top-right:0px;--awb-border-radius-bottom-right:0px;--awb-border-radius-bottom-left:0px;--awb-flex-wrap:wrap;\" id=\"gg-anker\" ><div class=\"fusion-builder-row fusion-row\"><div class=\"fusion-layout-column fusion_builder_column fusion-builder-column-0 fusion_builder_column_1_2 1_2 fusion-one-half fusion-column-first gg-features\" style=\"--awb-bg-size:cover;width:50%;width:calc(50% - ( ( 60px ) * 0.5 ) );margin-right: 60px;\"><div class=\"fusion-column-wrapper fusion-column-has-shadow fusion-flex-column-wrapper-legacy\"><div class=\"fusion-text fusion-text-1\" style=\"--awb-text-transform:none;\"><h2>CARACTER\u00cdSTICAS<\/h2>\n<ul>\n<li><strong>PAQUETE MULTICOLOR:<\/strong><br \/>\ncontiene <strong>10<\/strong> soportes<br \/>\nvariados para las cartas<\/li>\n<li>Perfecto para que puedas colocar<br \/>\ntus cartas de una gran <strong>variedad <\/strong><br \/>\n<strong>de juegos<\/strong> durante las partidas<\/li>\n<li>Exhibe tus cartas favoritas<br \/>\n(con fundas* o sin fundas)<\/li>\n<li>Con el tama\u00f1o perfecto para cartas<br \/>\nde tama\u00f1o est\u00e1ndar o de tama\u00f1o<br \/>\nmini (m\u00edn. 41 mm de ancho)<\/li>\n<li><strong>Un dise\u00f1o que te permite<br \/>\nalinear distintas cartas:<\/strong><br \/>\nen un medio c\u00edrculo colorido o en l\u00ednea.<br \/>\nPodr\u00e1s ordenarlas como quieras<\/li>\n<li>Materiales acr\u00edlicos de gran calidad<\/li>\n<li>Sin \u00e1cidos, sin PVC<\/li>\n<\/ul>\n<\/div><div class=\"fusion-text fusion-text-2 gg-notice\"><p>* Optimizado para las fundas de Gamegenic. Si se usan fundas de otra marca, la capacidad o compatibilidad podr\u00edan variar<\/p>\n<\/div>\n<div class=\"fusion-clearfix\"><\/div><\/div><\/div><div class=\"fusion-layout-column fusion_builder_column fusion-builder-column-1 fusion_builder_column_1_2 1_2 fusion-one-half fusion-column-last\" style=\"--awb-bg-size:cover;width:50%;width:calc(50% - ( ( 60px ) * 0.5 ) );\"><div class=\"fusion-column-wrapper fusion-column-has-shadow fusion-flex-column-wrapper-legacy\">\n<h2>ESPECIFICACIONES<\/h2>\n<div class=\"table-2\">\n<table width=\"100%\">\n<tbody>\n<tr>\n<td align=\"left\">Tama\u00f1o de la funda<br \/>\n<span class=\"gg-wdh\">(ancho x fondo x alto)<\/span><\/td>\n<td align=\"left\">70 x 28 x 11 mm<\/td>\n<\/tr>\n<tr>\n<td style=\"vertical-align: top;\" align=\"left\">Material<\/td>\n<td align=\"left\">Acr\u00edlico<\/td>\n<\/tr>\n<tr>\n<td align=\"left\">Tipo de embalaje<\/td>\n<td align=\"left\">Caja de cart\u00f3n<\/td>\n<\/tr>\n<\/tbody>\n<\/table>\n<\/div>\n<h2 style=\"margin-top:60px\">MSRP<i data-tooltip=\"No se pueden realizar compras a trav\u00e9s de este sitio web. Todos los precios indicados son el precio de venta al p\u00fablico recomendado por el fabricante en euros (con IVA) o en d\u00f3lares (sin IVA). Los posibles gastos de env\u00edo no est\u00e1n incluidos. Los precios indicados no son vinculantes y pueden tratarse como una recomendaci\u00f3n.\" class=\"fas fa-info-circle gg-tooltip\">\uf05a<\/i><\/h2>\n<form action=\"\" method=\"post\" id=\"alg_currency_selector\"><select name=\"alg_currency\" id=\"alg_currency_select\" class=\"alg_currency_select\" onchange=\"this.form.submit()\"><option id=\"alg_currency_USD\" value=\"USD\" >USD<\/option><option id=\"alg_currency_EUR\" value=\"EUR\"  selected='selected'>EUR<\/option><option id=\"alg_currency_CAD\" value=\"CAD\" >U.S.-USD<\/option><\/select><noscript><input type=\"submit\" value=\"Refresh\"><\/noscript><\/form>\n<span class=\"woocommerce-Price-amount amount\"><bdi><span class=\"woocommerce-Price-currencySymbol\">EUR<\/span>&nbsp;14,99<\/bdi><\/span>\n\n<div class=\"fusion-alignleft\"><a class=\"fusion-button button-flat fusion-button-default-size button-default fusion-button-default button-1 fusion-button-default-span fusion-button-default-type shopfinder-button\" target=\"_blank\" rel=\"noopener noreferrer\" href=\"https:\/\/www.gamegenic.com\/es\/buscador-de-tiendas\/\"><i class=\"fa-globe-americas fas awb-button__icon awb-button__icon--default button-icon-left\" aria-hidden=\"true\"><\/i><span class=\"fusion-button-text awb-button__text awb-button__text--default\">D\u00f3nde comprarlos<\/span><\/a><\/div>\n<div class=\"fusion-clearfix\"><\/div><\/div><\/div><\/div><\/div>\n","protected":false},"excerpt":{"rendered":"<p>Estos soportes para cartas coloridos son perfectos para que puedas colocar tus cartas durante las partidas o para exponer tus cartas favoritas. Tienen el tama\u00f1o perfecto para cualquier tipo de carta (con o sin funda). Los podr\u00e1s<br \/>\nutilizar durante las partidas para ocultar las cartas de los dem\u00e1s o para que las vean bien, dependiendo del juego. Su dise\u00f1o ingenioso permite alinear los soportes para colocarlos los unos junto a los otros en l\u00ednea, en forma de c\u00edrculo o semic\u00edrculo, formando un conjunto colorido y atractivo.<\/p>\n","protected":false},"featured_media":21790,"template":"","meta":[],"product_brand":[],"product_cat":[517,518],"product_tag":[],"class_list":{"0":"post-21768","1":"product","2":"type-product","3":"status-publish","4":"has-post-thumbnail","6":"product_cat-accesorios","7":"product_cat-soportes-para-cartas","9":"first","10":"instock","11":"shipping-taxable","12":"purchasable","13":"product-type-variable","14":"has-default-attributes","15":"wvs-archive-product-wrapper"},"yoast_head":"<!-- This site is optimized with the Yoast SEO plugin v27.5 - https:\/\/yoast.com\/product\/yoast-seo-wordpress\/ -->\n<title>CARD STANDSMULTICOLOR PACK - GAMEGENIC - Ingenious Supplies<\/title>\n<meta name=\"description\" content=\"Estos soportes para cartas coloridos son perfectos para que puedas colocar tus cartas durante las partidas o para exponer tus cartas favoritas. Tienen el tama\u00f1o perfecto para cualquier tipo de carta (con o sin funda). Los podr\u00e1s utilizar durante las partidas para ocultar las cartas de los dem\u00e1s o para que las vean bien, dependiendo del juego. Su dise\u00f1o ingenioso permite alinear los soportes para colocarlos los unos junto a los otros en l\u00ednea, en forma de c\u00edrculo o semic\u00edrculo, formando un conjunto colorido y atractivo.\" \/>\n<meta name=\"robots\" content=\"index, follow, max-snippet:-1, max-image-preview:large, max-video-preview:-1\" \/>\n<link rel=\"canonical\" href=\"https:\/\/www.gamegenic.com\/es\/producto\/card-stands\/\" \/>\n<meta property=\"og:locale\" content=\"es_ES\" \/>\n<meta property=\"og:type\" content=\"article\" \/>\n<meta property=\"og:title\" content=\"CARD STANDS MULTICOLOR PACK\" \/>\n<meta property=\"og:description\" content=\"Estos soportes para cartas coloridos son perfectos para que puedas colocar tus cartas durante las partidas o para exponer tus cartas favoritas. Tienen el tama\u00f1o perfecto para cualquier tipo de carta (con o sin funda). Los podr\u00e1s utilizar durante las partidas para ocultar las cartas de los dem\u00e1s o para que las vean bien, dependiendo del juego. Su dise\u00f1o ingenioso permite alinear los soportes para colocarlos los unos junto a los otros en l\u00ednea, en forma de c\u00edrculo o semic\u00edrculo, formando un conjunto colorido y atractivo.\" \/>\n<meta property=\"og:url\" content=\"https:\/\/www.gamegenic.com\/es\/producto\/card-stands\/\" \/>\n<meta property=\"og:site_name\" content=\"GAMEGENIC - Ingenious Supplies\" \/>\n<meta property=\"article:publisher\" content=\"https:\/\/www.facebook.com\/GamegenicSupplies\/\" \/>\n<meta property=\"article:modified_time\" content=\"2026-04-28T08:18:36+00:00\" \/>\n<meta property=\"og:image\" content=\"https:\/\/www.gamegenic.com\/wp-content\/uploads\/2022\/10\/GG_CardStands_Color_0006_cUeGzSiWs.jpg\" \/>\n\t<meta property=\"og:image:width\" content=\"1200\" \/>\n\t<meta property=\"og:image:height\" content=\"1200\" \/>\n\t<meta property=\"og:image:type\" content=\"image\/jpeg\" \/>\n<meta name=\"twitter:card\" content=\"summary_large_image\" \/>\n<meta name=\"twitter:title\" content=\"CARD STANDS MULTICOLOR PACK\" \/>\n<meta name=\"twitter:description\" content=\"Estos soportes para cartas coloridos son perfectos para que puedas colocar tus cartas durante las partidas o para exponer tus cartas favoritas. Tienen el tama\u00f1o perfecto para cualquier tipo de carta (con o sin funda). Los podr\u00e1s utilizar durante las partidas para ocultar las cartas de los dem\u00e1s o para que las vean bien, dependiendo del juego. Su dise\u00f1o ingenioso permite alinear los soportes para colocarlos los unos junto a los otros en l\u00ednea, en forma de c\u00edrculo o semic\u00edrculo, formando un conjunto colorido y atractivo.\" \/>\n<meta name=\"twitter:site\" content=\"@Gamegenic_\" \/>\n<meta name=\"twitter:label1\" content=\"Tiempo de lectura\" \/>\n\t<meta name=\"twitter:data1\" content=\"1 minuto\" \/>\n<script type=\"application\/ld+json\" class=\"yoast-schema-graph\">{\"@context\":\"https:\\\/\\\/schema.org\",\"@graph\":[{\"@type\":\"WebPage\",\"@id\":\"https:\\\/\\\/www.gamegenic.com\\\/es\\\/producto\\\/card-stands\\\/\",\"url\":\"https:\\\/\\\/www.gamegenic.com\\\/es\\\/producto\\\/card-stands\\\/\",\"name\":\"CARD STANDSMULTICOLOR PACK - GAMEGENIC - Ingenious Supplies\",\"isPartOf\":{\"@id\":\"https:\\\/\\\/www.gamegenic.com\\\/es\\\/#website\"},\"primaryImageOfPage\":{\"@id\":\"https:\\\/\\\/www.gamegenic.com\\\/es\\\/producto\\\/card-stands\\\/#primaryimage\"},\"image\":{\"@id\":\"https:\\\/\\\/www.gamegenic.com\\\/es\\\/producto\\\/card-stands\\\/#primaryimage\"},\"thumbnailUrl\":\"https:\\\/\\\/www.gamegenic.com\\\/wp-content\\\/uploads\\\/2022\\\/10\\\/GG_CardStands_Color_0006_cUeGzSiWs.jpg\",\"datePublished\":\"2022-10-31T08:50:15+00:00\",\"dateModified\":\"2026-04-28T08:18:36+00:00\",\"description\":\"Estos soportes para cartas coloridos son perfectos para que puedas colocar tus cartas durante las partidas o para exponer tus cartas favoritas. Tienen el tama\u00f1o perfecto para cualquier tipo de carta (con o sin funda). Los podr\u00e1s utilizar durante las partidas para ocultar las cartas de los dem\u00e1s o para que las vean bien, dependiendo del juego. Su dise\u00f1o ingenioso permite alinear los soportes para colocarlos los unos junto a los otros en l\u00ednea, en forma de c\u00edrculo o semic\u00edrculo, formando un conjunto colorido y atractivo.\",\"breadcrumb\":{\"@id\":\"https:\\\/\\\/www.gamegenic.com\\\/es\\\/producto\\\/card-stands\\\/#breadcrumb\"},\"inLanguage\":\"es\",\"potentialAction\":[{\"@type\":\"ReadAction\",\"target\":[\"https:\\\/\\\/www.gamegenic.com\\\/es\\\/producto\\\/card-stands\\\/\"]}]},{\"@type\":\"ImageObject\",\"inLanguage\":\"es\",\"@id\":\"https:\\\/\\\/www.gamegenic.com\\\/es\\\/producto\\\/card-stands\\\/#primaryimage\",\"url\":\"https:\\\/\\\/www.gamegenic.com\\\/wp-content\\\/uploads\\\/2022\\\/10\\\/GG_CardStands_Color_0006_cUeGzSiWs.jpg\",\"contentUrl\":\"https:\\\/\\\/www.gamegenic.com\\\/wp-content\\\/uploads\\\/2022\\\/10\\\/GG_CardStands_Color_0006_cUeGzSiWs.jpg\",\"width\":1200,\"height\":1200,\"caption\":\"CARD STANDS MULTICOLOR PACK\"},{\"@type\":\"BreadcrumbList\",\"@id\":\"https:\\\/\\\/www.gamegenic.com\\\/es\\\/producto\\\/card-stands\\\/#breadcrumb\",\"itemListElement\":[{\"@type\":\"ListItem\",\"position\":1,\"name\":\"Home\",\"item\":\"https:\\\/\\\/www.gamegenic.com\\\/es\\\/\"},{\"@type\":\"ListItem\",\"position\":2,\"name\":\"Tienda\",\"item\":\"https:\\\/\\\/www.gamegenic.com\\\/tienda\\\/\"},{\"@type\":\"ListItem\",\"position\":3,\"name\":\"CARD STANDSMULTICOLOR PACK\"}]},{\"@type\":\"WebSite\",\"@id\":\"https:\\\/\\\/www.gamegenic.com\\\/es\\\/#website\",\"url\":\"https:\\\/\\\/www.gamegenic.com\\\/es\\\/\",\"name\":\"GAMEGENIC - Ingenious Supplies\",\"description\":\"\",\"publisher\":{\"@id\":\"https:\\\/\\\/www.gamegenic.com\\\/es\\\/#organization\"},\"potentialAction\":[{\"@type\":\"SearchAction\",\"target\":{\"@type\":\"EntryPoint\",\"urlTemplate\":\"https:\\\/\\\/www.gamegenic.com\\\/es\\\/?s={search_term_string}\"},\"query-input\":{\"@type\":\"PropertyValueSpecification\",\"valueRequired\":true,\"valueName\":\"search_term_string\"}}],\"inLanguage\":\"es\"},{\"@type\":\"Organization\",\"@id\":\"https:\\\/\\\/www.gamegenic.com\\\/es\\\/#organization\",\"name\":\"Gamegenic GmbH\",\"url\":\"https:\\\/\\\/www.gamegenic.com\\\/es\\\/\",\"logo\":{\"@type\":\"ImageObject\",\"inLanguage\":\"es\",\"@id\":\"https:\\\/\\\/www.gamegenic.com\\\/es\\\/#\\\/schema\\\/logo\\\/image\\\/\",\"url\":\"https:\\\/\\\/www.gamegenic.com\\\/wp-content\\\/uploads\\\/Gamegenic-Logo-FINAL.jpg\",\"contentUrl\":\"https:\\\/\\\/www.gamegenic.com\\\/wp-content\\\/uploads\\\/Gamegenic-Logo-FINAL.jpg\",\"width\":3507,\"height\":2480,\"caption\":\"Gamegenic GmbH\"},\"image\":{\"@id\":\"https:\\\/\\\/www.gamegenic.com\\\/es\\\/#\\\/schema\\\/logo\\\/image\\\/\"},\"sameAs\":[\"https:\\\/\\\/www.facebook.com\\\/GamegenicSupplies\\\/\",\"https:\\\/\\\/x.com\\\/Gamegenic_\",\"https:\\\/\\\/www.instagram.com\\\/gamegenicsupplies\\\/\",\"https:\\\/\\\/www.youtube.com\\\/channel\\\/UCgmMXQPjjWW-Zy9ceMH6oGw\"]}]}<\/script>\n<!-- \/ Yoast SEO plugin. -->","yoast_head_json":{"title":"CARD STANDSMULTICOLOR PACK - GAMEGENIC - Ingenious Supplies","description":"Estos soportes para cartas coloridos son perfectos para que puedas colocar tus cartas durante las partidas o para exponer tus cartas favoritas. Tienen el tama\u00f1o perfecto para cualquier tipo de carta (con o sin funda). Los podr\u00e1s utilizar durante las partidas para ocultar las cartas de los dem\u00e1s o para que las vean bien, dependiendo del juego. Su dise\u00f1o ingenioso permite alinear los soportes para colocarlos los unos junto a los otros en l\u00ednea, en forma de c\u00edrculo o semic\u00edrculo, formando un conjunto colorido y atractivo.","robots":{"index":"index","follow":"follow","max-snippet":"max-snippet:-1","max-image-preview":"max-image-preview:large","max-video-preview":"max-video-preview:-1"},"canonical":"https:\/\/www.gamegenic.com\/es\/producto\/card-stands\/","og_locale":"es_ES","og_type":"article","og_title":"CARD STANDS MULTICOLOR PACK","og_description":"Estos soportes para cartas coloridos son perfectos para que puedas colocar tus cartas durante las partidas o para exponer tus cartas favoritas. Tienen el tama\u00f1o perfecto para cualquier tipo de carta (con o sin funda). Los podr\u00e1s utilizar durante las partidas para ocultar las cartas de los dem\u00e1s o para que las vean bien, dependiendo del juego. Su dise\u00f1o ingenioso permite alinear los soportes para colocarlos los unos junto a los otros en l\u00ednea, en forma de c\u00edrculo o semic\u00edrculo, formando un conjunto colorido y atractivo.","og_url":"https:\/\/www.gamegenic.com\/es\/producto\/card-stands\/","og_site_name":"GAMEGENIC - Ingenious Supplies","article_publisher":"https:\/\/www.facebook.com\/GamegenicSupplies\/","article_modified_time":"2026-04-28T08:18:36+00:00","og_image":[{"width":1200,"height":1200,"url":"https:\/\/www.gamegenic.com\/wp-content\/uploads\/2022\/10\/GG_CardStands_Color_0006_cUeGzSiWs.jpg","type":"image\/jpeg"}],"twitter_card":"summary_large_image","twitter_title":"CARD STANDS MULTICOLOR PACK","twitter_description":"Estos soportes para cartas coloridos son perfectos para que puedas colocar tus cartas durante las partidas o para exponer tus cartas favoritas. Tienen el tama\u00f1o perfecto para cualquier tipo de carta (con o sin funda). Los podr\u00e1s utilizar durante las partidas para ocultar las cartas de los dem\u00e1s o para que las vean bien, dependiendo del juego. Su dise\u00f1o ingenioso permite alinear los soportes para colocarlos los unos junto a los otros en l\u00ednea, en forma de c\u00edrculo o semic\u00edrculo, formando un conjunto colorido y atractivo.","twitter_site":"@Gamegenic_","twitter_misc":{"Tiempo de lectura":"1 minuto"},"schema":{"@context":"https:\/\/schema.org","@graph":[{"@type":"WebPage","@id":"https:\/\/www.gamegenic.com\/es\/producto\/card-stands\/","url":"https:\/\/www.gamegenic.com\/es\/producto\/card-stands\/","name":"CARD STANDSMULTICOLOR PACK - GAMEGENIC - Ingenious Supplies","isPartOf":{"@id":"https:\/\/www.gamegenic.com\/es\/#website"},"primaryImageOfPage":{"@id":"https:\/\/www.gamegenic.com\/es\/producto\/card-stands\/#primaryimage"},"image":{"@id":"https:\/\/www.gamegenic.com\/es\/producto\/card-stands\/#primaryimage"},"thumbnailUrl":"https:\/\/www.gamegenic.com\/wp-content\/uploads\/2022\/10\/GG_CardStands_Color_0006_cUeGzSiWs.jpg","datePublished":"2022-10-31T08:50:15+00:00","dateModified":"2026-04-28T08:18:36+00:00","description":"Estos soportes para cartas coloridos son perfectos para que puedas colocar tus cartas durante las partidas o para exponer tus cartas favoritas. Tienen el tama\u00f1o perfecto para cualquier tipo de carta (con o sin funda). Los podr\u00e1s utilizar durante las partidas para ocultar las cartas de los dem\u00e1s o para que las vean bien, dependiendo del juego. Su dise\u00f1o ingenioso permite alinear los soportes para colocarlos los unos junto a los otros en l\u00ednea, en forma de c\u00edrculo o semic\u00edrculo, formando un conjunto colorido y atractivo.","breadcrumb":{"@id":"https:\/\/www.gamegenic.com\/es\/producto\/card-stands\/#breadcrumb"},"inLanguage":"es","potentialAction":[{"@type":"ReadAction","target":["https:\/\/www.gamegenic.com\/es\/producto\/card-stands\/"]}]},{"@type":"ImageObject","inLanguage":"es","@id":"https:\/\/www.gamegenic.com\/es\/producto\/card-stands\/#primaryimage","url":"https:\/\/www.gamegenic.com\/wp-content\/uploads\/2022\/10\/GG_CardStands_Color_0006_cUeGzSiWs.jpg","contentUrl":"https:\/\/www.gamegenic.com\/wp-content\/uploads\/2022\/10\/GG_CardStands_Color_0006_cUeGzSiWs.jpg","width":1200,"height":1200,"caption":"CARD STANDS MULTICOLOR PACK"},{"@type":"BreadcrumbList","@id":"https:\/\/www.gamegenic.com\/es\/producto\/card-stands\/#breadcrumb","itemListElement":[{"@type":"ListItem","position":1,"name":"Home","item":"https:\/\/www.gamegenic.com\/es\/"},{"@type":"ListItem","position":2,"name":"Tienda","item":"https:\/\/www.gamegenic.com\/tienda\/"},{"@type":"ListItem","position":3,"name":"CARD STANDSMULTICOLOR PACK"}]},{"@type":"WebSite","@id":"https:\/\/www.gamegenic.com\/es\/#website","url":"https:\/\/www.gamegenic.com\/es\/","name":"GAMEGENIC - Ingenious Supplies","description":"","publisher":{"@id":"https:\/\/www.gamegenic.com\/es\/#organization"},"potentialAction":[{"@type":"SearchAction","target":{"@type":"EntryPoint","urlTemplate":"https:\/\/www.gamegenic.com\/es\/?s={search_term_string}"},"query-input":{"@type":"PropertyValueSpecification","valueRequired":true,"valueName":"search_term_string"}}],"inLanguage":"es"},{"@type":"Organization","@id":"https:\/\/www.gamegenic.com\/es\/#organization","name":"Gamegenic GmbH","url":"https:\/\/www.gamegenic.com\/es\/","logo":{"@type":"ImageObject","inLanguage":"es","@id":"https:\/\/www.gamegenic.com\/es\/#\/schema\/logo\/image\/","url":"https:\/\/www.gamegenic.com\/wp-content\/uploads\/Gamegenic-Logo-FINAL.jpg","contentUrl":"https:\/\/www.gamegenic.com\/wp-content\/uploads\/Gamegenic-Logo-FINAL.jpg","width":3507,"height":2480,"caption":"Gamegenic GmbH"},"image":{"@id":"https:\/\/www.gamegenic.com\/es\/#\/schema\/logo\/image\/"},"sameAs":["https:\/\/www.facebook.com\/GamegenicSupplies\/","https:\/\/x.com\/Gamegenic_","https:\/\/www.instagram.com\/gamegenicsupplies\/","https:\/\/www.youtube.com\/channel\/UCgmMXQPjjWW-Zy9ceMH6oGw"]}]}},"_links":{"self":[{"href":"https:\/\/www.gamegenic.com\/es\/wp-json\/wp\/v2\/product\/21768","targetHints":{"allow":["GET"]}}],"collection":[{"href":"https:\/\/www.gamegenic.com\/es\/wp-json\/wp\/v2\/product"}],"about":[{"href":"https:\/\/www.gamegenic.com\/es\/wp-json\/wp\/v2\/types\/product"}],"wp:featuredmedia":[{"embeddable":true,"href":"https:\/\/www.gamegenic.com\/es\/wp-json\/wp\/v2\/media\/21790"}],"wp:attachment":[{"href":"https:\/\/www.gamegenic.com\/es\/wp-json\/wp\/v2\/media?parent=21768"}],"wp:term":[{"taxonomy":"product_brand","embeddable":true,"href":"https:\/\/www.gamegenic.com\/es\/wp-json\/wp\/v2\/product_brand?post=21768"},{"taxonomy":"product_cat","embeddable":true,"href":"https:\/\/www.gamegenic.com\/es\/wp-json\/wp\/v2\/product_cat?post=21768"},{"taxonomy":"product_tag","embeddable":true,"href":"https:\/\/www.gamegenic.com\/es\/wp-json\/wp\/v2\/product_tag?post=21768"}],"curies":[{"name":"wp","href":"https:\/\/api.w.org\/{rel}","templated":true}]}}