{"id":21494,"date":"2022-02-15T14:30:14","date_gmt":"2022-02-15T13:30:14","guid":{"rendered":"https:\/\/www.gamegenic.com\/product\/thick-inner-sleeves\/"},"modified":"2026-04-21T12:12:47","modified_gmt":"2026-04-21T10:12:47","slug":"thick-inner-sleeves","status":"publish","type":"product","link":"https:\/\/www.gamegenic.com\/es\/producto\/thick-inner-sleeves\/","title":{"rendered":"THICK INNER SLEEVES"},"content":{"rendered":"<div class=\"fusion-fullwidth fullwidth-box fusion-builder-row-1 nonhundred-percent-fullwidth non-hundred-percent-height-scrolling gg-summary gg-position\" style=\"--awb-border-radius-top-left:0px;--awb-border-radius-top-right:0px;--awb-border-radius-bottom-right:0px;--awb-border-radius-bottom-left:0px;--awb-flex-wrap:wrap;\" id=\"gg-anker\" ><div class=\"fusion-builder-row fusion-row\"><div class=\"fusion-layout-column fusion_builder_column fusion-builder-column-0 fusion_builder_column_1_2 1_2 fusion-one-half fusion-column-first gg-features\" style=\"--awb-bg-size:cover;width:50%;width:calc(50% - ( ( 60px ) * 0.5 ) );margin-right: 60px;\"><div class=\"fusion-column-wrapper fusion-column-has-shadow fusion-flex-column-wrapper-legacy\"><div class=\"fusion-text fusion-text-1\" style=\"--awb-text-transform:none;\"><h2>CARACTER\u00cdSTICAS<\/h2>\n<ul>\n<li><strong>50<\/strong> fundas por paquete<\/li>\n<li><strong>Grosor reforzado<\/strong>: 100 micras<\/li>\n<li><strong>Ajuste perfecto<\/strong> para cartas de juego de tama\u00f1o est\u00e1ndar<\/li>\n<li>Perfectas para proteger tus cartas con doble funda<\/li>\n<li>Muy transparentes<\/li>\n<li>Todas las unidades son del mismo tama\u00f1o<\/li>\n<li>Sin \u00e1cidos, sin PVC<\/li>\n<\/ul>\n<\/div><div class=\"fusion-clearfix\"><\/div><\/div><\/div><div class=\"fusion-layout-column fusion_builder_column fusion-builder-column-1 fusion_builder_column_1_2 1_2 fusion-one-half fusion-column-last\" style=\"--awb-bg-size:cover;width:50%;width:calc(50% - ( ( 60px ) * 0.5 ) );\"><div class=\"fusion-column-wrapper fusion-column-has-shadow fusion-flex-column-wrapper-legacy\">\n<h2>ESPECIFICACIONES<\/h2>\n<div class=\"table-2\">\n<table width=\"100%\">\n<tbody>\n<tr>\n<td align=\"left\">Tama\u00f1o de la funda<\/td>\n<td align=\"left\">64 x 89 mm<\/td>\n<\/tr>\n<tr>\n<td align=\"left\">Tama\u00f1o de la carta<\/td>\n<td align=\"left\">hasta 63 x 88 mm<\/td>\n<\/tr>\n<tr>\n<td style=\"vertical-align: top;\" align=\"left\">Cantidad por paquete<\/td>\n<td align=\"left\">50 fundas por paquete<\/td>\n<\/tr>\n<tr>\n<td style=\"vertical-align: top;\" align=\"left\">Material<\/td>\n<td align=\"left\">Polipropileno<\/td>\n<\/tr>\n<tr>\n<td align=\"left\">Tipo de embalaje<\/td>\n<td align=\"left\">Caja de cart\u00f3n<\/td>\n<\/tr>\n<\/tbody>\n<\/table>\n<\/div>\n<h2 style=\"margin-top:60px\">MSRP<i data-tooltip=\"No se pueden realizar compras a trav\u00e9s de este sitio web. Todos los precios indicados son el precio de venta al p\u00fablico recomendado por el fabricante en euros (con IVA) o en d\u00f3lares (sin IVA). Los posibles gastos de env\u00edo no est\u00e1n incluidos. Los precios indicados no son vinculantes y pueden tratarse como una recomendaci\u00f3n.\" class=\"fas fa-info-circle gg-tooltip\">\uf05a<\/i><\/h2>\n<form action=\"\" method=\"post\" id=\"alg_currency_selector\"><select name=\"alg_currency\" id=\"alg_currency_select\" class=\"alg_currency_select\" onchange=\"this.form.submit()\"><option id=\"alg_currency_USD\" value=\"USD\" >USD<\/option><option id=\"alg_currency_EUR\" value=\"EUR\"  selected='selected'>EUR<\/option><option id=\"alg_currency_CAD\" value=\"CAD\" >U.S.-USD<\/option><\/select><noscript><input type=\"submit\" value=\"Refresh\"><\/noscript><\/form>\n<span class=\"woocommerce-Price-amount amount\"><bdi><span class=\"woocommerce-Price-currencySymbol\">EUR<\/span>&nbsp;3,99<\/bdi><\/span>\n\n<div class=\"fusion-alignleft\"><a class=\"fusion-button button-flat fusion-button-default-size button-default fusion-button-default button-1 fusion-button-default-span fusion-button-default-type shopfinder-button\" target=\"_blank\" rel=\"noopener noreferrer\" href=\"https:\/\/www.gamegenic.com\/es\/buscador-de-tiendas\/\"><i class=\"fa-globe-americas fas awb-button__icon awb-button__icon--default button-icon-left\" aria-hidden=\"true\"><\/i><span class=\"fusion-button-text awb-button__text awb-button__text--default\">D\u00f3nde comprarlos<\/span><\/a><\/div>\n<div class=\"fusion-clearfix\"><\/div><\/div><\/div><\/div><\/div>\n","protected":false},"excerpt":{"rendered":"<p class=\"p1\">Mantener las cartas protegidas es esencial para muchas personas. Gracias a estas fundas interiores gruesas, tendr\u00e1s una capa extra de protecci\u00f3n. Debido al grosor incrementado de 100 micras, estas fundas son el doble de gruesas que las fundas interiores convencionales. Este grosor no les impide funcionar perfectamente con otras fundas y podr\u00e1s proteger tus cartas con doble funda sin problema porque caben dentro de las fundas de tama\u00f1o est\u00e1ndar. Adem\u00e1s de eso, se pueden usar como fundas ajustadas para cartas y juegos de mesa. Un paquete contiene 50 fundas.<\/p>\n","protected":false},"featured_media":50486,"template":"","meta":[],"product_brand":[],"product_cat":[509,513],"product_tag":[],"class_list":{"0":"post-21494","1":"product","2":"type-product","3":"status-publish","4":"has-post-thumbnail","6":"product_cat-fundas","7":"product_cat-fundas-estandar","9":"first","10":"instock","11":"shipping-taxable","12":"purchasable","13":"product-type-variable","14":"has-default-attributes","15":"wvs-archive-product-wrapper"},"yoast_head":"<!-- This site is optimized with the Yoast SEO plugin v27.3 - https:\/\/yoast.com\/product\/yoast-seo-wordpress\/ -->\n<title>THICK INNER SLEEVES - GAMEGENIC - Ingenious Supplies<\/title>\n<meta name=\"description\" content=\"Mantener las cartas protegidas es esencial para muchas personas. Gracias a estas fundas interiores gruesas, tendr\u00e1s una capa extra de protecci\u00f3n. Debido al grosor incrementado de 100 micras, estas fundas son el doble de gruesas que las fundas interiores convencionales. Este grosor no les impide funcionar perfectamente con otras fundas y podr\u00e1s proteger tus cartas con doble funda sin problema porque caben dentro de las fundas de tama\u00f1o est\u00e1ndar. Adem\u00e1s de eso, se pueden usar como fundas ajustadas para cartas y juegos de mesa. Un paquete contiene 50 fundas.\" \/>\n<meta name=\"robots\" content=\"index, follow, max-snippet:-1, max-image-preview:large, max-video-preview:-1\" \/>\n<link rel=\"canonical\" href=\"https:\/\/www.gamegenic.com\/es\/producto\/thick-inner-sleeves\/\" \/>\n<meta property=\"og:locale\" content=\"es_ES\" \/>\n<meta property=\"og:type\" content=\"article\" \/>\n<meta property=\"og:title\" content=\"THICK INNER SLEEVES\" \/>\n<meta property=\"og:description\" content=\"Mantener las cartas protegidas es esencial para muchas personas. Gracias a estas fundas interiores gruesas, tendr\u00e1s una capa extra de protecci\u00f3n. Debido al grosor incrementado de 100 micras, estas fundas son el doble de gruesas que las fundas interiores convencionales. Este grosor no les impide funcionar perfectamente con otras fundas y podr\u00e1s proteger tus cartas con doble funda sin problema porque caben dentro de las fundas de tama\u00f1o est\u00e1ndar. Adem\u00e1s de eso, se pueden usar como fundas ajustadas para cartas y juegos de mesa. Un paquete contiene 50 fundas.\" \/>\n<meta property=\"og:url\" content=\"https:\/\/www.gamegenic.com\/es\/producto\/thick-inner-sleeves\/\" \/>\n<meta property=\"og:site_name\" content=\"GAMEGENIC - Ingenious Supplies\" \/>\n<meta property=\"article:publisher\" content=\"https:\/\/www.facebook.com\/GamegenicSupplies\/\" \/>\n<meta property=\"article:modified_time\" content=\"2026-04-21T10:12:47+00:00\" \/>\n<meta property=\"og:image\" content=\"https:\/\/www.gamegenic.com\/wp-content\/uploads\/2022\/02\/FB-Thick-Inner-Sleeves_eCBgASDEb.jpg\" \/>\n<meta name=\"twitter:card\" content=\"summary_large_image\" \/>\n<meta name=\"twitter:title\" content=\"THICK INNER SLEEVES\" \/>\n<meta name=\"twitter:description\" content=\"Mantener las cartas protegidas es esencial para muchas personas. Gracias a estas fundas interiores gruesas, tendr\u00e1s una capa extra de protecci\u00f3n. Debido al grosor incrementado de 100 micras, estas fundas son el doble de gruesas que las fundas interiores convencionales. Este grosor no les impide funcionar perfectamente con otras fundas y podr\u00e1s proteger tus cartas con doble funda sin problema porque caben dentro de las fundas de tama\u00f1o est\u00e1ndar. Adem\u00e1s de eso, se pueden usar como fundas ajustadas para cartas y juegos de mesa. Un paquete contiene 50 fundas.\" \/>\n<meta name=\"twitter:image\" content=\"https:\/\/www.gamegenic.com\/wp-content\/uploads\/2022\/02\/FB-Thick-Inner-Sleeves_eCBgASDEb.jpg\" \/>\n<meta name=\"twitter:site\" content=\"@Gamegenic_\" \/>\n<meta name=\"twitter:label1\" content=\"Tiempo de lectura\" \/>\n\t<meta name=\"twitter:data1\" content=\"1 minuto\" \/>\n<script type=\"application\/ld+json\" class=\"yoast-schema-graph\">{\"@context\":\"https:\\\/\\\/schema.org\",\"@graph\":[{\"@type\":\"WebPage\",\"@id\":\"https:\\\/\\\/www.gamegenic.com\\\/es\\\/producto\\\/thick-inner-sleeves\\\/\",\"url\":\"https:\\\/\\\/www.gamegenic.com\\\/es\\\/producto\\\/thick-inner-sleeves\\\/\",\"name\":\"THICK INNER SLEEVES - GAMEGENIC - Ingenious Supplies\",\"isPartOf\":{\"@id\":\"https:\\\/\\\/www.gamegenic.com\\\/es\\\/#website\"},\"primaryImageOfPage\":{\"@id\":\"https:\\\/\\\/www.gamegenic.com\\\/es\\\/producto\\\/thick-inner-sleeves\\\/#primaryimage\"},\"image\":{\"@id\":\"https:\\\/\\\/www.gamegenic.com\\\/es\\\/producto\\\/thick-inner-sleeves\\\/#primaryimage\"},\"thumbnailUrl\":\"https:\\\/\\\/www.gamegenic.com\\\/wp-content\\\/uploads\\\/2022\\\/02\\\/GG-Thick-Inner_Sleeves-Packaging-0002_uOCscxyhH-scaled.jpg\",\"datePublished\":\"2022-02-15T13:30:14+00:00\",\"dateModified\":\"2026-04-21T10:12:47+00:00\",\"description\":\"Mantener las cartas protegidas es esencial para muchas personas. Gracias a estas fundas interiores gruesas, tendr\u00e1s una capa extra de protecci\u00f3n. Debido al grosor incrementado de 100 micras, estas fundas son el doble de gruesas que las fundas interiores convencionales. Este grosor no les impide funcionar perfectamente con otras fundas y podr\u00e1s proteger tus cartas con doble funda sin problema porque caben dentro de las fundas de tama\u00f1o est\u00e1ndar. Adem\u00e1s de eso, se pueden usar como fundas ajustadas para cartas y juegos de mesa. Un paquete contiene 50 fundas.\",\"breadcrumb\":{\"@id\":\"https:\\\/\\\/www.gamegenic.com\\\/es\\\/producto\\\/thick-inner-sleeves\\\/#breadcrumb\"},\"inLanguage\":\"es\",\"potentialAction\":[{\"@type\":\"ReadAction\",\"target\":[\"https:\\\/\\\/www.gamegenic.com\\\/es\\\/producto\\\/thick-inner-sleeves\\\/\"]}]},{\"@type\":\"ImageObject\",\"inLanguage\":\"es\",\"@id\":\"https:\\\/\\\/www.gamegenic.com\\\/es\\\/producto\\\/thick-inner-sleeves\\\/#primaryimage\",\"url\":\"https:\\\/\\\/www.gamegenic.com\\\/wp-content\\\/uploads\\\/2022\\\/02\\\/GG-Thick-Inner_Sleeves-Packaging-0002_uOCscxyhH-scaled.jpg\",\"contentUrl\":\"https:\\\/\\\/www.gamegenic.com\\\/wp-content\\\/uploads\\\/2022\\\/02\\\/GG-Thick-Inner_Sleeves-Packaging-0002_uOCscxyhH-scaled.jpg\",\"width\":2560,\"height\":2560,\"caption\":\"Thick Inner Sleeves\"},{\"@type\":\"BreadcrumbList\",\"@id\":\"https:\\\/\\\/www.gamegenic.com\\\/es\\\/producto\\\/thick-inner-sleeves\\\/#breadcrumb\",\"itemListElement\":[{\"@type\":\"ListItem\",\"position\":1,\"name\":\"Home\",\"item\":\"https:\\\/\\\/www.gamegenic.com\\\/es\\\/\"},{\"@type\":\"ListItem\",\"position\":2,\"name\":\"Tienda\",\"item\":\"https:\\\/\\\/www.gamegenic.com\\\/tienda\\\/\"},{\"@type\":\"ListItem\",\"position\":3,\"name\":\"THICK INNER SLEEVES\"}]},{\"@type\":\"WebSite\",\"@id\":\"https:\\\/\\\/www.gamegenic.com\\\/es\\\/#website\",\"url\":\"https:\\\/\\\/www.gamegenic.com\\\/es\\\/\",\"name\":\"GAMEGENIC - Ingenious Supplies\",\"description\":\"\",\"publisher\":{\"@id\":\"https:\\\/\\\/www.gamegenic.com\\\/es\\\/#organization\"},\"potentialAction\":[{\"@type\":\"SearchAction\",\"target\":{\"@type\":\"EntryPoint\",\"urlTemplate\":\"https:\\\/\\\/www.gamegenic.com\\\/es\\\/?s={search_term_string}\"},\"query-input\":{\"@type\":\"PropertyValueSpecification\",\"valueRequired\":true,\"valueName\":\"search_term_string\"}}],\"inLanguage\":\"es\"},{\"@type\":\"Organization\",\"@id\":\"https:\\\/\\\/www.gamegenic.com\\\/es\\\/#organization\",\"name\":\"Gamegenic GmbH\",\"url\":\"https:\\\/\\\/www.gamegenic.com\\\/es\\\/\",\"logo\":{\"@type\":\"ImageObject\",\"inLanguage\":\"es\",\"@id\":\"https:\\\/\\\/www.gamegenic.com\\\/es\\\/#\\\/schema\\\/logo\\\/image\\\/\",\"url\":\"https:\\\/\\\/www.gamegenic.com\\\/wp-content\\\/uploads\\\/Gamegenic-Logo-FINAL.jpg\",\"contentUrl\":\"https:\\\/\\\/www.gamegenic.com\\\/wp-content\\\/uploads\\\/Gamegenic-Logo-FINAL.jpg\",\"width\":3507,\"height\":2480,\"caption\":\"Gamegenic GmbH\"},\"image\":{\"@id\":\"https:\\\/\\\/www.gamegenic.com\\\/es\\\/#\\\/schema\\\/logo\\\/image\\\/\"},\"sameAs\":[\"https:\\\/\\\/www.facebook.com\\\/GamegenicSupplies\\\/\",\"https:\\\/\\\/x.com\\\/Gamegenic_\",\"https:\\\/\\\/www.instagram.com\\\/gamegenicsupplies\\\/\",\"https:\\\/\\\/www.youtube.com\\\/channel\\\/UCgmMXQPjjWW-Zy9ceMH6oGw\"]}]}<\/script>\n<!-- \/ Yoast SEO plugin. -->","yoast_head_json":{"title":"THICK INNER SLEEVES - GAMEGENIC - Ingenious Supplies","description":"Mantener las cartas protegidas es esencial para muchas personas. Gracias a estas fundas interiores gruesas, tendr\u00e1s una capa extra de protecci\u00f3n. Debido al grosor incrementado de 100 micras, estas fundas son el doble de gruesas que las fundas interiores convencionales. Este grosor no les impide funcionar perfectamente con otras fundas y podr\u00e1s proteger tus cartas con doble funda sin problema porque caben dentro de las fundas de tama\u00f1o est\u00e1ndar. Adem\u00e1s de eso, se pueden usar como fundas ajustadas para cartas y juegos de mesa. Un paquete contiene 50 fundas.","robots":{"index":"index","follow":"follow","max-snippet":"max-snippet:-1","max-image-preview":"max-image-preview:large","max-video-preview":"max-video-preview:-1"},"canonical":"https:\/\/www.gamegenic.com\/es\/producto\/thick-inner-sleeves\/","og_locale":"es_ES","og_type":"article","og_title":"THICK INNER SLEEVES","og_description":"Mantener las cartas protegidas es esencial para muchas personas. Gracias a estas fundas interiores gruesas, tendr\u00e1s una capa extra de protecci\u00f3n. Debido al grosor incrementado de 100 micras, estas fundas son el doble de gruesas que las fundas interiores convencionales. Este grosor no les impide funcionar perfectamente con otras fundas y podr\u00e1s proteger tus cartas con doble funda sin problema porque caben dentro de las fundas de tama\u00f1o est\u00e1ndar. Adem\u00e1s de eso, se pueden usar como fundas ajustadas para cartas y juegos de mesa. Un paquete contiene 50 fundas.","og_url":"https:\/\/www.gamegenic.com\/es\/producto\/thick-inner-sleeves\/","og_site_name":"GAMEGENIC - Ingenious Supplies","article_publisher":"https:\/\/www.facebook.com\/GamegenicSupplies\/","article_modified_time":"2026-04-21T10:12:47+00:00","og_image":[{"url":"https:\/\/www.gamegenic.com\/wp-content\/uploads\/2022\/02\/FB-Thick-Inner-Sleeves_eCBgASDEb.jpg","type":"","width":"","height":""}],"twitter_card":"summary_large_image","twitter_title":"THICK INNER SLEEVES","twitter_description":"Mantener las cartas protegidas es esencial para muchas personas. Gracias a estas fundas interiores gruesas, tendr\u00e1s una capa extra de protecci\u00f3n. Debido al grosor incrementado de 100 micras, estas fundas son el doble de gruesas que las fundas interiores convencionales. Este grosor no les impide funcionar perfectamente con otras fundas y podr\u00e1s proteger tus cartas con doble funda sin problema porque caben dentro de las fundas de tama\u00f1o est\u00e1ndar. Adem\u00e1s de eso, se pueden usar como fundas ajustadas para cartas y juegos de mesa. Un paquete contiene 50 fundas.","twitter_image":"https:\/\/www.gamegenic.com\/wp-content\/uploads\/2022\/02\/FB-Thick-Inner-Sleeves_eCBgASDEb.jpg","twitter_site":"@Gamegenic_","twitter_misc":{"Tiempo de lectura":"1 minuto"},"schema":{"@context":"https:\/\/schema.org","@graph":[{"@type":"WebPage","@id":"https:\/\/www.gamegenic.com\/es\/producto\/thick-inner-sleeves\/","url":"https:\/\/www.gamegenic.com\/es\/producto\/thick-inner-sleeves\/","name":"THICK INNER SLEEVES - GAMEGENIC - Ingenious Supplies","isPartOf":{"@id":"https:\/\/www.gamegenic.com\/es\/#website"},"primaryImageOfPage":{"@id":"https:\/\/www.gamegenic.com\/es\/producto\/thick-inner-sleeves\/#primaryimage"},"image":{"@id":"https:\/\/www.gamegenic.com\/es\/producto\/thick-inner-sleeves\/#primaryimage"},"thumbnailUrl":"https:\/\/www.gamegenic.com\/wp-content\/uploads\/2022\/02\/GG-Thick-Inner_Sleeves-Packaging-0002_uOCscxyhH-scaled.jpg","datePublished":"2022-02-15T13:30:14+00:00","dateModified":"2026-04-21T10:12:47+00:00","description":"Mantener las cartas protegidas es esencial para muchas personas. Gracias a estas fundas interiores gruesas, tendr\u00e1s una capa extra de protecci\u00f3n. Debido al grosor incrementado de 100 micras, estas fundas son el doble de gruesas que las fundas interiores convencionales. Este grosor no les impide funcionar perfectamente con otras fundas y podr\u00e1s proteger tus cartas con doble funda sin problema porque caben dentro de las fundas de tama\u00f1o est\u00e1ndar. Adem\u00e1s de eso, se pueden usar como fundas ajustadas para cartas y juegos de mesa. Un paquete contiene 50 fundas.","breadcrumb":{"@id":"https:\/\/www.gamegenic.com\/es\/producto\/thick-inner-sleeves\/#breadcrumb"},"inLanguage":"es","potentialAction":[{"@type":"ReadAction","target":["https:\/\/www.gamegenic.com\/es\/producto\/thick-inner-sleeves\/"]}]},{"@type":"ImageObject","inLanguage":"es","@id":"https:\/\/www.gamegenic.com\/es\/producto\/thick-inner-sleeves\/#primaryimage","url":"https:\/\/www.gamegenic.com\/wp-content\/uploads\/2022\/02\/GG-Thick-Inner_Sleeves-Packaging-0002_uOCscxyhH-scaled.jpg","contentUrl":"https:\/\/www.gamegenic.com\/wp-content\/uploads\/2022\/02\/GG-Thick-Inner_Sleeves-Packaging-0002_uOCscxyhH-scaled.jpg","width":2560,"height":2560,"caption":"Thick Inner Sleeves"},{"@type":"BreadcrumbList","@id":"https:\/\/www.gamegenic.com\/es\/producto\/thick-inner-sleeves\/#breadcrumb","itemListElement":[{"@type":"ListItem","position":1,"name":"Home","item":"https:\/\/www.gamegenic.com\/es\/"},{"@type":"ListItem","position":2,"name":"Tienda","item":"https:\/\/www.gamegenic.com\/tienda\/"},{"@type":"ListItem","position":3,"name":"THICK INNER SLEEVES"}]},{"@type":"WebSite","@id":"https:\/\/www.gamegenic.com\/es\/#website","url":"https:\/\/www.gamegenic.com\/es\/","name":"GAMEGENIC - Ingenious Supplies","description":"","publisher":{"@id":"https:\/\/www.gamegenic.com\/es\/#organization"},"potentialAction":[{"@type":"SearchAction","target":{"@type":"EntryPoint","urlTemplate":"https:\/\/www.gamegenic.com\/es\/?s={search_term_string}"},"query-input":{"@type":"PropertyValueSpecification","valueRequired":true,"valueName":"search_term_string"}}],"inLanguage":"es"},{"@type":"Organization","@id":"https:\/\/www.gamegenic.com\/es\/#organization","name":"Gamegenic GmbH","url":"https:\/\/www.gamegenic.com\/es\/","logo":{"@type":"ImageObject","inLanguage":"es","@id":"https:\/\/www.gamegenic.com\/es\/#\/schema\/logo\/image\/","url":"https:\/\/www.gamegenic.com\/wp-content\/uploads\/Gamegenic-Logo-FINAL.jpg","contentUrl":"https:\/\/www.gamegenic.com\/wp-content\/uploads\/Gamegenic-Logo-FINAL.jpg","width":3507,"height":2480,"caption":"Gamegenic GmbH"},"image":{"@id":"https:\/\/www.gamegenic.com\/es\/#\/schema\/logo\/image\/"},"sameAs":["https:\/\/www.facebook.com\/GamegenicSupplies\/","https:\/\/x.com\/Gamegenic_","https:\/\/www.instagram.com\/gamegenicsupplies\/","https:\/\/www.youtube.com\/channel\/UCgmMXQPjjWW-Zy9ceMH6oGw"]}]}},"_links":{"self":[{"href":"https:\/\/www.gamegenic.com\/es\/wp-json\/wp\/v2\/product\/21494","targetHints":{"allow":["GET"]}}],"collection":[{"href":"https:\/\/www.gamegenic.com\/es\/wp-json\/wp\/v2\/product"}],"about":[{"href":"https:\/\/www.gamegenic.com\/es\/wp-json\/wp\/v2\/types\/product"}],"wp:featuredmedia":[{"embeddable":true,"href":"https:\/\/www.gamegenic.com\/es\/wp-json\/wp\/v2\/media\/50486"}],"wp:attachment":[{"href":"https:\/\/www.gamegenic.com\/es\/wp-json\/wp\/v2\/media?parent=21494"}],"wp:term":[{"taxonomy":"product_brand","embeddable":true,"href":"https:\/\/www.gamegenic.com\/es\/wp-json\/wp\/v2\/product_brand?post=21494"},{"taxonomy":"product_cat","embeddable":true,"href":"https:\/\/www.gamegenic.com\/es\/wp-json\/wp\/v2\/product_cat?post=21494"},{"taxonomy":"product_tag","embeddable":true,"href":"https:\/\/www.gamegenic.com\/es\/wp-json\/wp\/v2\/product_tag?post=21494"}],"curies":[{"name":"wp","href":"https:\/\/api.w.org\/{rel}","templated":true}]}}