{"id":21491,"date":"2022-03-07T15:10:35","date_gmt":"2022-03-07T14:10:35","guid":{"rendered":"https:\/\/www.gamegenic.com\/product\/dungeon-s-550-convertible\/"},"modified":"2025-07-11T10:26:44","modified_gmt":"2025-07-11T08:26:44","slug":"dungeon-s-550-convertible","status":"publish","type":"product","link":"https:\/\/www.gamegenic.com\/es\/producto\/dungeon-s-550-convertible\/","title":{"rendered":"DUNGEON S 550+ CONVERTIBLE"},"content":{"rendered":"<div class=\"fusion-fullwidth fullwidth-box fusion-builder-row-1 nonhundred-percent-fullwidth non-hundred-percent-height-scrolling gg-summary gg-position\" style=\"--awb-border-radius-top-left:0px;--awb-border-radius-top-right:0px;--awb-border-radius-bottom-right:0px;--awb-border-radius-bottom-left:0px;--awb-flex-wrap:wrap;\" id=\"gg-anker\" ><div class=\"fusion-builder-row fusion-row\"><div class=\"fusion-layout-column fusion_builder_column fusion-builder-column-0 fusion_builder_column_1_2 1_2 fusion-one-half fusion-column-first gg-features\" style=\"--awb-bg-size:cover;width:50%;width:calc(50% - ( ( 60px ) * 0.5 ) );margin-right: 60px;\"><div class=\"fusion-column-wrapper fusion-column-has-shadow fusion-flex-column-wrapper-legacy\"><div class=\"fusion-text fusion-text-1\" style=\"--awb-text-transform:none;\"><h2>CARACTER\u00cdSTICAS<\/h2>\n<ul>\n<li>Caben hasta <strong>550<\/strong> cartas con doble funda<\/li>\n<li>La tapa completamente extra\u00edble permite un f\u00e1cil acceso a todos los componentes<\/li>\n<li>La tapa se acopla en la parte inferior para ocupar menos espacio en la mesa de juego<\/li>\n<li>Imanes potentes para un cierre preciso y seguro<\/li>\n<li>El mecanismo de cierre especial proporciona un cierre seguro, incluso si la caja se sacude al rev\u00e9s<\/li>\n<li><strong>Un sinf\u00edn de opciones para llenar tu Dungeon\u2009S<\/strong>: puede contener varias cajas para mazos, tapetes, accesorios y cartas individuales con funda (incluso cartas en fundas de carga superior)<\/li>\n<li>Ideal para el formato Magic: The Gathering\u2122 Cube Draft\u2009**<\/li>\n<li>Materiales de primera (exterior de Nexofyber<sup>+<\/sup> + y forro interior de microfibra)<\/li>\n<\/ul>\n<\/div><div class=\"fusion-clearfix\"><\/div><\/div><\/div><div class=\"fusion-layout-column fusion_builder_column fusion-builder-column-1 fusion_builder_column_1_2 1_2 fusion-one-half fusion-column-last\" style=\"--awb-bg-size:cover;width:50%;width:calc(50% - ( ( 60px ) * 0.5 ) );\"><div class=\"fusion-column-wrapper fusion-column-has-shadow fusion-flex-column-wrapper-legacy\">\n<h2>ESPECIFICACIONES<\/h2>\n<div class=\"table-2\">\n<table width=\"100%\">\n<tbody>\n<tr>\n<td align=\"left\">Tama\u00f1o de los productos<br \/>\n<span class=\"gg-wdh\">(ancho x fondo x alto)<\/span><\/td>\n<td align=\"left\">414 x 110 x 119 mm<\/td>\n<\/tr>\n<tr>\n<td align=\"left\">Tama\u00f1o del compartimento interior<br \/>\n<span class=\"gg-wdh\">(ancho x fondo x alto)<\/span><\/td>\n<td align=\"left\">405 x 89 x 110 mm<\/td>\n<\/tr>\n<tr>\n<td style=\"vertical-align: top;\" align=\"left\">Material<\/td>\n<td align=\"left\">Superficie exterior de Nexofyber<sup>+<\/sup> y forro interior de microfibra<\/td>\n<\/tr>\n<tr>\n<td align=\"left\">Tipo de embalaje<\/td>\n<td align=\"left\">Caja de cart\u00f3n<\/td>\n<\/tr>\n<\/tbody>\n<\/table>\n<\/div>\n<h2 style=\"margin-top:60px\">MSRP<i data-tooltip=\"No se pueden realizar compras a trav\u00e9s de este sitio web. Todos los precios indicados son el precio de venta al p\u00fablico recomendado por el fabricante en euros (con IVA) o en d\u00f3lares (sin IVA). Los posibles gastos de env\u00edo no est\u00e1n incluidos. Los precios indicados no son vinculantes y pueden tratarse como una recomendaci\u00f3n.\" class=\"fas fa-info-circle gg-tooltip\">\uf05a<\/i><\/h2>\n<form action=\"\" method=\"post\" id=\"alg_currency_selector\"><select name=\"alg_currency\" id=\"alg_currency_select\" class=\"alg_currency_select\" onchange=\"this.form.submit()\"><option id=\"alg_currency_USD\" value=\"USD\" >USD<\/option><option id=\"alg_currency_EUR\" value=\"EUR\"  selected='selected'>EUR<\/option><option id=\"alg_currency_CAD\" value=\"CAD\" >U.S.-USD<\/option><\/select><noscript><input type=\"submit\" value=\"Refresh\"><\/noscript><\/form>\n<span class=\"woocommerce-Price-amount amount\"><bdi><span class=\"woocommerce-Price-currencySymbol\">EUR<\/span>&nbsp;39,99<\/bdi><\/span>\n\n<div class=\"fusion-alignleft\"><a class=\"fusion-button button-flat fusion-button-default-size button-default fusion-button-default button-1 fusion-button-default-span fusion-button-default-type shopfinder-button\" target=\"_blank\" rel=\"noopener noreferrer\" href=\"https:\/\/www.gamegenic.com\/es\/buscador-de-tiendas\/\"><i class=\"fa-globe-americas fas awb-button__icon awb-button__icon--default button-icon-left\" aria-hidden=\"true\"><\/i><span class=\"fusion-button-text awb-button__text awb-button__text--default\">D\u00f3nde comprarlos<\/span><\/a><\/div>\n<div class=\"fusion-clearfix\"><\/div><\/div><\/div><\/div><\/div>\n","protected":false},"excerpt":{"rendered":"<p>El modelo Dungeon S 550+ es la versi\u00f3n peque\u00f1a de nuestro popular modelo <a href=\"https:\/\/www.gamegenic.com\/es\/producto\/dungeon-1100-convertible\"><strong>Dungeon 1100+<\/strong><\/a>. Su dise\u00f1o compacto, en una fila, es perfecto para guardar varias cajas para mazos, tapetes, accesorios y, por supuesto, una gran cantidad de cartas con una funda o con doble funda. Tambi\u00e9n caben cartas con funda de carga superior. Es tan compacto que cabe en la mayor\u00eda de las mochilas.<\/p>\n<p>Podr\u00e1s acceder al contenido con facilidad gracias a nuestro sistema convertible y a la tapa magn\u00e9tica extra\u00edble. La tapa se acopla a la parte inferior y ahorra un espacio considerable en la mesa de juego. El mecanismo de cierre es sutil pero seguro. Por eso, el modelo Dungeon S 550+ se queda completamente cerrado incluso si se sacude. Es compatible no solo con el resto de la gama de productos de Gamegenic, sino tambi\u00e9n con la mayor\u00eda de las cajas disponibles en el mercado.[fusion_global id=\"14548\"]<\/p>\n","protected":false},"featured_media":19063,"template":"","meta":[],"product_brand":[],"product_cat":[496,504,505],"product_tag":[],"class_list":{"0":"post-21491","1":"product","2":"type-product","3":"status-publish","4":"has-post-thumbnail","6":"product_cat-cajas","7":"product_cat-cajas-para-mazos-premium","8":"product_cat-linea-basica-premium","10":"first","11":"instock","12":"shipping-taxable","13":"purchasable","14":"product-type-variable","15":"has-default-attributes","16":"wvs-archive-product-wrapper"},"yoast_head":"<!-- This site is optimized with the Yoast SEO plugin v27.3 - https:\/\/yoast.com\/product\/yoast-seo-wordpress\/ -->\n<title>DUNGEON S 550+ CONVERTIBLE - GAMEGENIC - Ingenious Supplies<\/title>\n<meta name=\"description\" content=\"El modelo Dungeon S 550+ es la versi\u00f3n peque\u00f1a de nuestro popular modelo Dungeon 1100+. Su dise\u00f1o compacto, en una fila, es perfecto para guardar varias cajas para mazos, tapetes, accesorios y, por supuesto, una gran cantidad de cartas con una funda o con doble funda. Tambi\u00e9n caben cartas con funda de carga superior. Es tan compacto que cabe en la mayor\u00eda de las mochilas.\" \/>\n<meta name=\"robots\" content=\"index, follow, max-snippet:-1, max-image-preview:large, max-video-preview:-1\" \/>\n<link rel=\"canonical\" href=\"https:\/\/www.gamegenic.com\/es\/producto\/dungeon-s-550-convertible\/\" \/>\n<meta property=\"og:locale\" content=\"es_ES\" \/>\n<meta property=\"og:type\" content=\"article\" \/>\n<meta property=\"og:title\" content=\"DUNGEON S 550+ CONVERTIBLE\" \/>\n<meta property=\"og:description\" content=\"El modelo Dungeon S 550+ es la versi\u00f3n peque\u00f1a de nuestro popular modelo Dungeon 1100+. Su dise\u00f1o compacto, en una fila, es perfecto para guardar varias cajas para mazos, tapetes, accesorios y, por supuesto, una gran cantidad de cartas con una funda o con doble funda. Tambi\u00e9n caben cartas con funda de carga superior. Es tan compacto que cabe en la mayor\u00eda de las mochilas. Podr\u00e1s acceder al contenido con facilidad gracias a nuestro sistema convertible y a la tapa magn\u00e9tica extra\u00edble. La tapa se acopla a la parte inferior y ahorra un espacio considerable en la mesa de juego. El mecanismo de cierre es sutil pero seguro. Por eso, el modelo Dungeon S 550+ se queda completamente cerrado incluso si se sacude. Es compatible no solo con el resto de la gama de productos de Gamegenic, sino tambi\u00e9n con la mayor\u00eda de las cajas disponibles en el mercado.\" \/>\n<meta property=\"og:url\" content=\"https:\/\/www.gamegenic.com\/es\/producto\/dungeon-s-550-convertible\/\" \/>\n<meta property=\"og:site_name\" content=\"GAMEGENIC - Ingenious Supplies\" \/>\n<meta property=\"article:publisher\" content=\"https:\/\/www.facebook.com\/GamegenicSupplies\/\" \/>\n<meta property=\"article:modified_time\" content=\"2025-07-11T08:26:44+00:00\" \/>\n<meta property=\"og:image\" content=\"https:\/\/www.gamegenic.com\/wp-content\/uploads\/2022\/03\/FB-Bilder_Dungeon_S_nRj4hILiz.jpg\" \/>\n<meta name=\"twitter:card\" content=\"summary_large_image\" \/>\n<meta name=\"twitter:title\" content=\"DUNGEON S 550+ CONVERTIBLE\" \/>\n<meta name=\"twitter:description\" content=\"El modelo Dungeon S 550+ es la versi\u00f3n peque\u00f1a de nuestro popular modelo Dungeon 1100+. Su dise\u00f1o compacto, en una fila, es perfecto para guardar varias cajas para mazos, tapetes, accesorios y, por supuesto, una gran cantidad de cartas con una funda o con doble funda. Tambi\u00e9n caben cartas con funda de carga superior. Es tan compacto que cabe en la mayor\u00eda de las mochilas. Podr\u00e1s acceder al contenido con facilidad gracias a nuestro sistema convertible y a la tapa magn\u00e9tica extra\u00edble. La tapa se acopla a la parte inferior y ahorra un espacio considerable en la mesa de juego. El mecanismo de cierre es sutil pero seguro. Por eso, el modelo Dungeon S 550+ se queda completamente cerrado incluso si se sacude. Es compatible no solo con el resto de la gama de productos de Gamegenic, sino tambi\u00e9n con la mayor\u00eda de las cajas disponibles en el mercado.\" \/>\n<meta name=\"twitter:image\" content=\"https:\/\/www.gamegenic.com\/wp-content\/uploads\/2022\/03\/FB-Bilder_Dungeon_S_nRj4hILiz.jpg\" \/>\n<meta name=\"twitter:site\" content=\"@Gamegenic_\" \/>\n<meta name=\"twitter:label1\" content=\"Tiempo de lectura\" \/>\n\t<meta name=\"twitter:data1\" content=\"1 minuto\" \/>\n<script type=\"application\/ld+json\" class=\"yoast-schema-graph\">{\"@context\":\"https:\\\/\\\/schema.org\",\"@graph\":[{\"@type\":\"WebPage\",\"@id\":\"https:\\\/\\\/www.gamegenic.com\\\/es\\\/producto\\\/dungeon-s-550-convertible\\\/\",\"url\":\"https:\\\/\\\/www.gamegenic.com\\\/es\\\/producto\\\/dungeon-s-550-convertible\\\/\",\"name\":\"DUNGEON S 550+ CONVERTIBLE - GAMEGENIC - Ingenious Supplies\",\"isPartOf\":{\"@id\":\"https:\\\/\\\/www.gamegenic.com\\\/es\\\/#website\"},\"primaryImageOfPage\":{\"@id\":\"https:\\\/\\\/www.gamegenic.com\\\/es\\\/producto\\\/dungeon-s-550-convertible\\\/#primaryimage\"},\"image\":{\"@id\":\"https:\\\/\\\/www.gamegenic.com\\\/es\\\/producto\\\/dungeon-s-550-convertible\\\/#primaryimage\"},\"thumbnailUrl\":\"https:\\\/\\\/www.gamegenic.com\\\/wp-content\\\/uploads\\\/2022\\\/03\\\/productimage-Dungeon_S_Black-900_3TznpRcIy.jpg\",\"datePublished\":\"2022-03-07T14:10:35+00:00\",\"dateModified\":\"2025-07-11T08:26:44+00:00\",\"description\":\"El modelo Dungeon S 550+ es la versi\u00f3n peque\u00f1a de nuestro popular modelo Dungeon 1100+. Su dise\u00f1o compacto, en una fila, es perfecto para guardar varias cajas para mazos, tapetes, accesorios y, por supuesto, una gran cantidad de cartas con una funda o con doble funda. Tambi\u00e9n caben cartas con funda de carga superior. Es tan compacto que cabe en la mayor\u00eda de las mochilas.\",\"breadcrumb\":{\"@id\":\"https:\\\/\\\/www.gamegenic.com\\\/es\\\/producto\\\/dungeon-s-550-convertible\\\/#breadcrumb\"},\"inLanguage\":\"es\",\"potentialAction\":[{\"@type\":\"ReadAction\",\"target\":[\"https:\\\/\\\/www.gamegenic.com\\\/es\\\/producto\\\/dungeon-s-550-convertible\\\/\"]}]},{\"@type\":\"ImageObject\",\"inLanguage\":\"es\",\"@id\":\"https:\\\/\\\/www.gamegenic.com\\\/es\\\/producto\\\/dungeon-s-550-convertible\\\/#primaryimage\",\"url\":\"https:\\\/\\\/www.gamegenic.com\\\/wp-content\\\/uploads\\\/2022\\\/03\\\/productimage-Dungeon_S_Black-900_3TznpRcIy.jpg\",\"contentUrl\":\"https:\\\/\\\/www.gamegenic.com\\\/wp-content\\\/uploads\\\/2022\\\/03\\\/productimage-Dungeon_S_Black-900_3TznpRcIy.jpg\",\"width\":900,\"height\":900,\"caption\":\"DUNGEON S 550+ CONVERTIBLE - Black\"},{\"@type\":\"BreadcrumbList\",\"@id\":\"https:\\\/\\\/www.gamegenic.com\\\/es\\\/producto\\\/dungeon-s-550-convertible\\\/#breadcrumb\",\"itemListElement\":[{\"@type\":\"ListItem\",\"position\":1,\"name\":\"Home\",\"item\":\"https:\\\/\\\/www.gamegenic.com\\\/es\\\/\"},{\"@type\":\"ListItem\",\"position\":2,\"name\":\"Tienda\",\"item\":\"https:\\\/\\\/www.gamegenic.com\\\/tienda\\\/\"},{\"@type\":\"ListItem\",\"position\":3,\"name\":\"DUNGEON S 550+ CONVERTIBLE\"}]},{\"@type\":\"WebSite\",\"@id\":\"https:\\\/\\\/www.gamegenic.com\\\/es\\\/#website\",\"url\":\"https:\\\/\\\/www.gamegenic.com\\\/es\\\/\",\"name\":\"GAMEGENIC - Ingenious Supplies\",\"description\":\"\",\"publisher\":{\"@id\":\"https:\\\/\\\/www.gamegenic.com\\\/es\\\/#organization\"},\"potentialAction\":[{\"@type\":\"SearchAction\",\"target\":{\"@type\":\"EntryPoint\",\"urlTemplate\":\"https:\\\/\\\/www.gamegenic.com\\\/es\\\/?s={search_term_string}\"},\"query-input\":{\"@type\":\"PropertyValueSpecification\",\"valueRequired\":true,\"valueName\":\"search_term_string\"}}],\"inLanguage\":\"es\"},{\"@type\":\"Organization\",\"@id\":\"https:\\\/\\\/www.gamegenic.com\\\/es\\\/#organization\",\"name\":\"Gamegenic GmbH\",\"url\":\"https:\\\/\\\/www.gamegenic.com\\\/es\\\/\",\"logo\":{\"@type\":\"ImageObject\",\"inLanguage\":\"es\",\"@id\":\"https:\\\/\\\/www.gamegenic.com\\\/es\\\/#\\\/schema\\\/logo\\\/image\\\/\",\"url\":\"https:\\\/\\\/www.gamegenic.com\\\/wp-content\\\/uploads\\\/Gamegenic-Logo-FINAL.jpg\",\"contentUrl\":\"https:\\\/\\\/www.gamegenic.com\\\/wp-content\\\/uploads\\\/Gamegenic-Logo-FINAL.jpg\",\"width\":3507,\"height\":2480,\"caption\":\"Gamegenic GmbH\"},\"image\":{\"@id\":\"https:\\\/\\\/www.gamegenic.com\\\/es\\\/#\\\/schema\\\/logo\\\/image\\\/\"},\"sameAs\":[\"https:\\\/\\\/www.facebook.com\\\/GamegenicSupplies\\\/\",\"https:\\\/\\\/x.com\\\/Gamegenic_\",\"https:\\\/\\\/www.instagram.com\\\/gamegenicsupplies\\\/\",\"https:\\\/\\\/www.youtube.com\\\/channel\\\/UCgmMXQPjjWW-Zy9ceMH6oGw\"]}]}<\/script>\n<!-- \/ Yoast SEO plugin. -->","yoast_head_json":{"title":"DUNGEON S 550+ CONVERTIBLE - GAMEGENIC - Ingenious Supplies","description":"El modelo Dungeon S 550+ es la versi\u00f3n peque\u00f1a de nuestro popular modelo Dungeon 1100+. Su dise\u00f1o compacto, en una fila, es perfecto para guardar varias cajas para mazos, tapetes, accesorios y, por supuesto, una gran cantidad de cartas con una funda o con doble funda. Tambi\u00e9n caben cartas con funda de carga superior. Es tan compacto que cabe en la mayor\u00eda de las mochilas.","robots":{"index":"index","follow":"follow","max-snippet":"max-snippet:-1","max-image-preview":"max-image-preview:large","max-video-preview":"max-video-preview:-1"},"canonical":"https:\/\/www.gamegenic.com\/es\/producto\/dungeon-s-550-convertible\/","og_locale":"es_ES","og_type":"article","og_title":"DUNGEON S 550+ CONVERTIBLE","og_description":"El modelo Dungeon S 550+ es la versi\u00f3n peque\u00f1a de nuestro popular modelo Dungeon 1100+. Su dise\u00f1o compacto, en una fila, es perfecto para guardar varias cajas para mazos, tapetes, accesorios y, por supuesto, una gran cantidad de cartas con una funda o con doble funda. Tambi\u00e9n caben cartas con funda de carga superior. Es tan compacto que cabe en la mayor\u00eda de las mochilas. Podr\u00e1s acceder al contenido con facilidad gracias a nuestro sistema convertible y a la tapa magn\u00e9tica extra\u00edble. La tapa se acopla a la parte inferior y ahorra un espacio considerable en la mesa de juego. El mecanismo de cierre es sutil pero seguro. Por eso, el modelo Dungeon S 550+ se queda completamente cerrado incluso si se sacude. Es compatible no solo con el resto de la gama de productos de Gamegenic, sino tambi\u00e9n con la mayor\u00eda de las cajas disponibles en el mercado.","og_url":"https:\/\/www.gamegenic.com\/es\/producto\/dungeon-s-550-convertible\/","og_site_name":"GAMEGENIC - Ingenious Supplies","article_publisher":"https:\/\/www.facebook.com\/GamegenicSupplies\/","article_modified_time":"2025-07-11T08:26:44+00:00","og_image":[{"url":"https:\/\/www.gamegenic.com\/wp-content\/uploads\/2022\/03\/FB-Bilder_Dungeon_S_nRj4hILiz.jpg","type":"","width":"","height":""}],"twitter_card":"summary_large_image","twitter_title":"DUNGEON S 550+ CONVERTIBLE","twitter_description":"El modelo Dungeon S 550+ es la versi\u00f3n peque\u00f1a de nuestro popular modelo Dungeon 1100+. Su dise\u00f1o compacto, en una fila, es perfecto para guardar varias cajas para mazos, tapetes, accesorios y, por supuesto, una gran cantidad de cartas con una funda o con doble funda. Tambi\u00e9n caben cartas con funda de carga superior. Es tan compacto que cabe en la mayor\u00eda de las mochilas. Podr\u00e1s acceder al contenido con facilidad gracias a nuestro sistema convertible y a la tapa magn\u00e9tica extra\u00edble. La tapa se acopla a la parte inferior y ahorra un espacio considerable en la mesa de juego. El mecanismo de cierre es sutil pero seguro. Por eso, el modelo Dungeon S 550+ se queda completamente cerrado incluso si se sacude. Es compatible no solo con el resto de la gama de productos de Gamegenic, sino tambi\u00e9n con la mayor\u00eda de las cajas disponibles en el mercado.","twitter_image":"https:\/\/www.gamegenic.com\/wp-content\/uploads\/2022\/03\/FB-Bilder_Dungeon_S_nRj4hILiz.jpg","twitter_site":"@Gamegenic_","twitter_misc":{"Tiempo de lectura":"1 minuto"},"schema":{"@context":"https:\/\/schema.org","@graph":[{"@type":"WebPage","@id":"https:\/\/www.gamegenic.com\/es\/producto\/dungeon-s-550-convertible\/","url":"https:\/\/www.gamegenic.com\/es\/producto\/dungeon-s-550-convertible\/","name":"DUNGEON S 550+ CONVERTIBLE - GAMEGENIC - Ingenious Supplies","isPartOf":{"@id":"https:\/\/www.gamegenic.com\/es\/#website"},"primaryImageOfPage":{"@id":"https:\/\/www.gamegenic.com\/es\/producto\/dungeon-s-550-convertible\/#primaryimage"},"image":{"@id":"https:\/\/www.gamegenic.com\/es\/producto\/dungeon-s-550-convertible\/#primaryimage"},"thumbnailUrl":"https:\/\/www.gamegenic.com\/wp-content\/uploads\/2022\/03\/productimage-Dungeon_S_Black-900_3TznpRcIy.jpg","datePublished":"2022-03-07T14:10:35+00:00","dateModified":"2025-07-11T08:26:44+00:00","description":"El modelo Dungeon S 550+ es la versi\u00f3n peque\u00f1a de nuestro popular modelo Dungeon 1100+. Su dise\u00f1o compacto, en una fila, es perfecto para guardar varias cajas para mazos, tapetes, accesorios y, por supuesto, una gran cantidad de cartas con una funda o con doble funda. Tambi\u00e9n caben cartas con funda de carga superior. Es tan compacto que cabe en la mayor\u00eda de las mochilas.","breadcrumb":{"@id":"https:\/\/www.gamegenic.com\/es\/producto\/dungeon-s-550-convertible\/#breadcrumb"},"inLanguage":"es","potentialAction":[{"@type":"ReadAction","target":["https:\/\/www.gamegenic.com\/es\/producto\/dungeon-s-550-convertible\/"]}]},{"@type":"ImageObject","inLanguage":"es","@id":"https:\/\/www.gamegenic.com\/es\/producto\/dungeon-s-550-convertible\/#primaryimage","url":"https:\/\/www.gamegenic.com\/wp-content\/uploads\/2022\/03\/productimage-Dungeon_S_Black-900_3TznpRcIy.jpg","contentUrl":"https:\/\/www.gamegenic.com\/wp-content\/uploads\/2022\/03\/productimage-Dungeon_S_Black-900_3TznpRcIy.jpg","width":900,"height":900,"caption":"DUNGEON S 550+ CONVERTIBLE - Black"},{"@type":"BreadcrumbList","@id":"https:\/\/www.gamegenic.com\/es\/producto\/dungeon-s-550-convertible\/#breadcrumb","itemListElement":[{"@type":"ListItem","position":1,"name":"Home","item":"https:\/\/www.gamegenic.com\/es\/"},{"@type":"ListItem","position":2,"name":"Tienda","item":"https:\/\/www.gamegenic.com\/tienda\/"},{"@type":"ListItem","position":3,"name":"DUNGEON S 550+ CONVERTIBLE"}]},{"@type":"WebSite","@id":"https:\/\/www.gamegenic.com\/es\/#website","url":"https:\/\/www.gamegenic.com\/es\/","name":"GAMEGENIC - Ingenious Supplies","description":"","publisher":{"@id":"https:\/\/www.gamegenic.com\/es\/#organization"},"potentialAction":[{"@type":"SearchAction","target":{"@type":"EntryPoint","urlTemplate":"https:\/\/www.gamegenic.com\/es\/?s={search_term_string}"},"query-input":{"@type":"PropertyValueSpecification","valueRequired":true,"valueName":"search_term_string"}}],"inLanguage":"es"},{"@type":"Organization","@id":"https:\/\/www.gamegenic.com\/es\/#organization","name":"Gamegenic GmbH","url":"https:\/\/www.gamegenic.com\/es\/","logo":{"@type":"ImageObject","inLanguage":"es","@id":"https:\/\/www.gamegenic.com\/es\/#\/schema\/logo\/image\/","url":"https:\/\/www.gamegenic.com\/wp-content\/uploads\/Gamegenic-Logo-FINAL.jpg","contentUrl":"https:\/\/www.gamegenic.com\/wp-content\/uploads\/Gamegenic-Logo-FINAL.jpg","width":3507,"height":2480,"caption":"Gamegenic GmbH"},"image":{"@id":"https:\/\/www.gamegenic.com\/es\/#\/schema\/logo\/image\/"},"sameAs":["https:\/\/www.facebook.com\/GamegenicSupplies\/","https:\/\/x.com\/Gamegenic_","https:\/\/www.instagram.com\/gamegenicsupplies\/","https:\/\/www.youtube.com\/channel\/UCgmMXQPjjWW-Zy9ceMH6oGw"]}]}},"_links":{"self":[{"href":"https:\/\/www.gamegenic.com\/es\/wp-json\/wp\/v2\/product\/21491","targetHints":{"allow":["GET"]}}],"collection":[{"href":"https:\/\/www.gamegenic.com\/es\/wp-json\/wp\/v2\/product"}],"about":[{"href":"https:\/\/www.gamegenic.com\/es\/wp-json\/wp\/v2\/types\/product"}],"wp:featuredmedia":[{"embeddable":true,"href":"https:\/\/www.gamegenic.com\/es\/wp-json\/wp\/v2\/media\/19063"}],"wp:attachment":[{"href":"https:\/\/www.gamegenic.com\/es\/wp-json\/wp\/v2\/media?parent=21491"}],"wp:term":[{"taxonomy":"product_brand","embeddable":true,"href":"https:\/\/www.gamegenic.com\/es\/wp-json\/wp\/v2\/product_brand?post=21491"},{"taxonomy":"product_cat","embeddable":true,"href":"https:\/\/www.gamegenic.com\/es\/wp-json\/wp\/v2\/product_cat?post=21491"},{"taxonomy":"product_tag","embeddable":true,"href":"https:\/\/www.gamegenic.com\/es\/wp-json\/wp\/v2\/product_tag?post=21491"}],"curies":[{"name":"wp","href":"https:\/\/api.w.org\/{rel}","templated":true}]}}