{"id":21489,"date":"2022-06-20T10:26:25","date_gmt":"2022-06-20T08:26:25","guid":{"rendered":"https:\/\/www.gamegenic.com\/product\/cards-rail-500\/"},"modified":"2025-07-11T10:23:03","modified_gmt":"2025-07-11T08:23:03","slug":"cards-rail-500","status":"publish","type":"product","link":"https:\/\/www.gamegenic.com\/es\/producto\/cards-rail-500\/","title":{"rendered":"CARDS\u2019 RAIL 500+"},"content":{"rendered":"<div class=\"fusion-fullwidth fullwidth-box fusion-builder-row-1 nonhundred-percent-fullwidth non-hundred-percent-height-scrolling gg-summary gg-position\" style=\"--awb-border-radius-top-left:0px;--awb-border-radius-top-right:0px;--awb-border-radius-bottom-right:0px;--awb-border-radius-bottom-left:0px;--awb-flex-wrap:wrap;\" id=\"gg-anker\" ><div class=\"fusion-builder-row fusion-row\"><div class=\"fusion-layout-column fusion_builder_column fusion-builder-column-0 fusion_builder_column_1_2 1_2 fusion-one-half fusion-column-first gg-features\" style=\"--awb-bg-size:cover;width:50%;width:calc(50% - ( ( 60px ) * 0.5 ) );margin-right: 60px;\"><div class=\"fusion-column-wrapper fusion-column-has-shadow fusion-flex-column-wrapper-legacy\"><div class=\"fusion-text fusion-text-1\" style=\"--awb-text-transform:none;\"><h2>CARACTER\u00cdSTICAS<\/h2>\n<ul>\n<li>El <strong>complemento<\/strong> perfecto para organizar tus cartas en tu Dungeon 1100+ o en tu Dungeon S 550+<\/li>\n<li>Tambi\u00e9n se puede utilizar como <strong>soluci\u00f3n de almacenamiento independiente<\/strong> para tus cartas<\/li>\n<li>Tiene el tama\u00f1o perfecto para las cartas de tama\u00f1o est\u00e1ndar con fundas*<\/li>\n<li>Puede contener hasta <strong>500<\/strong> cartas en doble funda, particularmente aquellas con fundas interiores gruesas*<\/li>\n<li>Incluye <strong>4 separadores acr\u00edlicos extra\u00edbles<\/strong><\/li>\n<li>Asas especialmente dise\u00f1adas para extraerlo con facilidad<\/li>\n<li><strong>Se monta f\u00e1cilmente<\/strong> sin necesidad de pegamento. No hacen falta tornillos ni herramientas para montarlo<\/li>\n<li>Fabricado con material acr\u00edlico de primera calidad<\/li>\n<\/ul>\n<\/div><div class=\"fusion-text fusion-text-2 gg-notice\"><p>* Optimizado para las fundas de Gamegenic. Si se usan fundas de otra marca, la capacidad o compatibilidad podr\u00edan variar<\/p>\n<\/div>\n<div class=\"fusion-clearfix\"><\/div><\/div><\/div><div class=\"fusion-layout-column fusion_builder_column fusion-builder-column-1 fusion_builder_column_1_2 1_2 fusion-one-half fusion-column-last\" style=\"--awb-bg-size:cover;width:50%;width:calc(50% - ( ( 60px ) * 0.5 ) );\"><div class=\"fusion-column-wrapper fusion-column-has-shadow fusion-flex-column-wrapper-legacy\">\n<h2>ESPECIFICACIONES<\/h2>\n<div class=\"table-2\">\n<table style=\"width: 100%;\" width=\"100%\">\n<tbody>\n<tr>\n<td style=\"width: 48.7202%;\" align=\"left\">Tama\u00f1o de los productos<br \/>\n<span class=\"gg-wdh\">(ancho x fondo x alto)<\/span><\/td>\n<td style=\"width: 50.662%;\" align=\"left\">430 x 88 x 118 mm<\/td>\n<\/tr>\n<tr>\n<td style=\"width: 48.7202%;\" align=\"left\">Tama\u00f1o del compartimento interior<br \/>\n<span class=\"gg-wdh\">(ancho x fondo x alto)<\/span><\/td>\n<td style=\"width: 50.662%;\" align=\"left\">191 x 71 x 61 mm<br \/>\n(por compartimento)<\/td>\n<\/tr>\n<tr>\n<td style=\"vertical-align: top; width: 48.7202%;\" align=\"left\">Material<\/td>\n<td style=\"width: 50.662%;\" align=\"left\">Acr\u00edlico<\/td>\n<\/tr>\n<tr>\n<td style=\"width: 48.7202%;\" align=\"left\">Tipo de embalaje<\/td>\n<td style=\"width: 50.662%;\" align=\"left\">Caja de cart\u00f3n<\/td>\n<\/tr>\n<\/tbody>\n<\/table>\n<\/div>\n<h2 style=\"margin-top:60px\">MSRP<i data-tooltip=\"No se pueden realizar compras a trav\u00e9s de este sitio web. Todos los precios indicados son el precio de venta al p\u00fablico recomendado por el fabricante en euros (con IVA) o en d\u00f3lares (sin IVA). Los posibles gastos de env\u00edo no est\u00e1n incluidos. Los precios indicados no son vinculantes y pueden tratarse como una recomendaci\u00f3n.\" class=\"fas fa-info-circle gg-tooltip\">\uf05a<\/i><\/h2>\n<form action=\"\" method=\"post\" id=\"alg_currency_selector\"><select name=\"alg_currency\" id=\"alg_currency_select\" class=\"alg_currency_select\" onchange=\"this.form.submit()\"><option id=\"alg_currency_USD\" value=\"USD\" >USD<\/option><option id=\"alg_currency_EUR\" value=\"EUR\"  selected='selected'>EUR<\/option><option id=\"alg_currency_CAD\" value=\"CAD\" >U.S.-USD<\/option><\/select><noscript><input type=\"submit\" value=\"Refresh\"><\/noscript><\/form>\n<span class=\"woocommerce-Price-amount amount\"><bdi><span class=\"woocommerce-Price-currencySymbol\">EUR<\/span>&nbsp;29,99<\/bdi><\/span>\n\n<div class=\"fusion-alignleft\"><a class=\"fusion-button button-flat fusion-button-default-size button-default fusion-button-default button-1 fusion-button-default-span fusion-button-default-type shopfinder-button\" target=\"_blank\" rel=\"noopener noreferrer\" href=\"https:\/\/www.gamegenic.com\/es\/buscador-de-tiendas\/\"><i class=\"fa-globe-americas fas awb-button__icon awb-button__icon--default button-icon-left\" aria-hidden=\"true\"><\/i><span class=\"fusion-button-text awb-button__text awb-button__text--default\">D\u00f3nde comprarlos<\/span><\/a><\/div>\n<div class=\"fusion-clearfix\"><\/div><\/div><\/div><\/div><\/div>\n","protected":false},"excerpt":{"rendered":"<p>El complemento perfecto para organizar tus cartas en tu <a href=\"https:\/\/www.gamegenic.com\/es\/producto\/dungeon-1100-convertible\"><strong>Dungeon\u00a01100+<\/strong><\/a> o en tu <a href=\"https:\/\/www.gamegenic.com\/es\/producto\/dungeon-s-550-convertible\"><strong>Dungeon\u00a0S\u00a0550+<\/strong><\/a>. Tambi\u00e9n se puede utilizar como soluci\u00f3n de almacenamiento independiente para tus cartas sin necesidad de usar el modelo Dungeon.<\/p>\n<p>Puede guardar cartas de tama\u00f1o est\u00e1ndar y hasta 500 cartas en doble funda, particularmente aquellas con fundas interiores gruesas*. Incluye 4 separadores acr\u00edlicos extra\u00edbles que se pueden ajustar de muchas formas para que puedas acceder con facilidad a todas las cartas. Tiene asas especialmente dise\u00f1adas para extraerlo con facilidad del modelo Dungeon<\/p>\n","protected":false},"featured_media":19160,"template":"","meta":[],"product_brand":[],"product_cat":[498,496,497],"product_tag":[],"class_list":{"0":"post-21489","1":"product","2":"type-product","3":"status-publish","4":"has-post-thumbnail","6":"product_cat-almacenamiento-avanzado","7":"product_cat-cajas","8":"product_cat-linea-basica-avanzada","10":"first","11":"instock","12":"shipping-taxable","13":"purchasable","14":"product-type-variable","15":"has-default-attributes","16":"wvs-archive-product-wrapper"},"yoast_head":"<!-- This site is optimized with the Yoast SEO plugin v27.3 - https:\/\/yoast.com\/product\/yoast-seo-wordpress\/ -->\n<title>CARDS\u2019 RAIL 500+ - GAMEGENIC - Ingenious Supplies<\/title>\n<meta name=\"description\" content=\"El complemento perfecto para organizar tus cartas en tu Dungeon\u00a01100+ o en tu Dungeon\u00a0S\u00a0550+. Tambi\u00e9n se puede utilizar como soluci\u00f3n de almacenamiento independiente para tus cartas sin necesidad de usar el modelo Dungeon.\" \/>\n<meta name=\"robots\" content=\"index, follow, max-snippet:-1, max-image-preview:large, max-video-preview:-1\" \/>\n<link rel=\"canonical\" href=\"https:\/\/www.gamegenic.com\/es\/producto\/cards-rail-500\/\" \/>\n<meta property=\"og:locale\" content=\"es_ES\" \/>\n<meta property=\"og:type\" content=\"article\" \/>\n<meta property=\"og:title\" content=\"Card&#039;s Rail 500+\" \/>\n<meta property=\"og:description\" content=\"El complemento perfecto para organizar tus cartas en tu Dungeon\u00a01100+ o en tu Dungeon\u00a0S\u00a0550+. Tambi\u00e9n se puede utilizar como soluci\u00f3n de almacenamiento independiente para tus cartas sin necesidad de usar el modelo Dungeon. Puede guardar cartas de tama\u00f1o est\u00e1ndar y hasta 500 cartas en doble funda, particularmente aquellas con fundas interiores gruesas*. Incluye 4 separadores acr\u00edlicos extra\u00edbles que se pueden ajustar de muchas formas para que puedas acceder con facilidad a todas las cartas. Tiene asas especialmente dise\u00f1adas para extraerlo con facilidad del modelo Dungeon\" \/>\n<meta property=\"og:url\" content=\"https:\/\/www.gamegenic.com\/es\/producto\/cards-rail-500\/\" \/>\n<meta property=\"og:site_name\" content=\"GAMEGENIC - Ingenious Supplies\" \/>\n<meta property=\"article:publisher\" content=\"https:\/\/www.facebook.com\/GamegenicSupplies\/\" \/>\n<meta property=\"article:modified_time\" content=\"2025-07-11T08:23:03+00:00\" \/>\n<meta property=\"og:image\" content=\"https:\/\/www.gamegenic.com\/wp-content\/uploads\/2022\/06\/FB-Bilder_Cards_Rail_NMYcsGueW-1024x538.jpg\" \/>\n<meta name=\"twitter:card\" content=\"summary_large_image\" \/>\n<meta name=\"twitter:title\" content=\"Card&#039;s Rail 500+\" \/>\n<meta name=\"twitter:description\" content=\"El complemento perfecto para organizar tus cartas en tu Dungeon\u00a01100+ o en tu Dungeon\u00a0S\u00a0550+. Tambi\u00e9n se puede utilizar como soluci\u00f3n de almacenamiento independiente para tus cartas sin necesidad de usar el modelo Dungeon. Puede guardar cartas de tama\u00f1o est\u00e1ndar y hasta 500 cartas en doble funda, particularmente aquellas con fundas interiores gruesas*. Incluye 4 separadores acr\u00edlicos extra\u00edbles que se pueden ajustar de muchas formas para que puedas acceder con facilidad a todas las cartas. Tiene asas especialmente dise\u00f1adas para extraerlo con facilidad del modelo Dungeon\" \/>\n<meta name=\"twitter:image\" content=\"https:\/\/www.gamegenic.com\/wp-content\/uploads\/2022\/06\/FB-Bilder_Cards_Rail_NMYcsGueW-1024x538.jpg\" \/>\n<meta name=\"twitter:site\" content=\"@Gamegenic_\" \/>\n<meta name=\"twitter:label1\" content=\"Tiempo de lectura\" \/>\n\t<meta name=\"twitter:data1\" content=\"1 minuto\" \/>\n<script type=\"application\/ld+json\" class=\"yoast-schema-graph\">{\"@context\":\"https:\\\/\\\/schema.org\",\"@graph\":[{\"@type\":\"WebPage\",\"@id\":\"https:\\\/\\\/www.gamegenic.com\\\/es\\\/producto\\\/cards-rail-500\\\/\",\"url\":\"https:\\\/\\\/www.gamegenic.com\\\/es\\\/producto\\\/cards-rail-500\\\/\",\"name\":\"CARDS\u2019 RAIL 500+ - GAMEGENIC - Ingenious Supplies\",\"isPartOf\":{\"@id\":\"https:\\\/\\\/www.gamegenic.com\\\/es\\\/#website\"},\"primaryImageOfPage\":{\"@id\":\"https:\\\/\\\/www.gamegenic.com\\\/es\\\/producto\\\/cards-rail-500\\\/#primaryimage\"},\"image\":{\"@id\":\"https:\\\/\\\/www.gamegenic.com\\\/es\\\/producto\\\/cards-rail-500\\\/#primaryimage\"},\"thumbnailUrl\":\"https:\\\/\\\/www.gamegenic.com\\\/wp-content\\\/uploads\\\/2022\\\/06\\\/Cards-Rail-500_hi4lSY3I1.jpg\",\"datePublished\":\"2022-06-20T08:26:25+00:00\",\"dateModified\":\"2025-07-11T08:23:03+00:00\",\"description\":\"El complemento perfecto para organizar tus cartas en tu Dungeon\u00a01100+ o en tu Dungeon\u00a0S\u00a0550+. Tambi\u00e9n se puede utilizar como soluci\u00f3n de almacenamiento independiente para tus cartas sin necesidad de usar el modelo Dungeon.\",\"breadcrumb\":{\"@id\":\"https:\\\/\\\/www.gamegenic.com\\\/es\\\/producto\\\/cards-rail-500\\\/#breadcrumb\"},\"inLanguage\":\"es\",\"potentialAction\":[{\"@type\":\"ReadAction\",\"target\":[\"https:\\\/\\\/www.gamegenic.com\\\/es\\\/producto\\\/cards-rail-500\\\/\"]}]},{\"@type\":\"ImageObject\",\"inLanguage\":\"es\",\"@id\":\"https:\\\/\\\/www.gamegenic.com\\\/es\\\/producto\\\/cards-rail-500\\\/#primaryimage\",\"url\":\"https:\\\/\\\/www.gamegenic.com\\\/wp-content\\\/uploads\\\/2022\\\/06\\\/Cards-Rail-500_hi4lSY3I1.jpg\",\"contentUrl\":\"https:\\\/\\\/www.gamegenic.com\\\/wp-content\\\/uploads\\\/2022\\\/06\\\/Cards-Rail-500_hi4lSY3I1.jpg\",\"width\":900,\"height\":900,\"caption\":\"Card's Rail 500+\"},{\"@type\":\"BreadcrumbList\",\"@id\":\"https:\\\/\\\/www.gamegenic.com\\\/es\\\/producto\\\/cards-rail-500\\\/#breadcrumb\",\"itemListElement\":[{\"@type\":\"ListItem\",\"position\":1,\"name\":\"Home\",\"item\":\"https:\\\/\\\/www.gamegenic.com\\\/es\\\/\"},{\"@type\":\"ListItem\",\"position\":2,\"name\":\"Tienda\",\"item\":\"https:\\\/\\\/www.gamegenic.com\\\/tienda\\\/\"},{\"@type\":\"ListItem\",\"position\":3,\"name\":\"CARDS\u2019 RAIL 500+\"}]},{\"@type\":\"WebSite\",\"@id\":\"https:\\\/\\\/www.gamegenic.com\\\/es\\\/#website\",\"url\":\"https:\\\/\\\/www.gamegenic.com\\\/es\\\/\",\"name\":\"GAMEGENIC - Ingenious Supplies\",\"description\":\"\",\"publisher\":{\"@id\":\"https:\\\/\\\/www.gamegenic.com\\\/es\\\/#organization\"},\"potentialAction\":[{\"@type\":\"SearchAction\",\"target\":{\"@type\":\"EntryPoint\",\"urlTemplate\":\"https:\\\/\\\/www.gamegenic.com\\\/es\\\/?s={search_term_string}\"},\"query-input\":{\"@type\":\"PropertyValueSpecification\",\"valueRequired\":true,\"valueName\":\"search_term_string\"}}],\"inLanguage\":\"es\"},{\"@type\":\"Organization\",\"@id\":\"https:\\\/\\\/www.gamegenic.com\\\/es\\\/#organization\",\"name\":\"Gamegenic GmbH\",\"url\":\"https:\\\/\\\/www.gamegenic.com\\\/es\\\/\",\"logo\":{\"@type\":\"ImageObject\",\"inLanguage\":\"es\",\"@id\":\"https:\\\/\\\/www.gamegenic.com\\\/es\\\/#\\\/schema\\\/logo\\\/image\\\/\",\"url\":\"https:\\\/\\\/www.gamegenic.com\\\/wp-content\\\/uploads\\\/Gamegenic-Logo-FINAL.jpg\",\"contentUrl\":\"https:\\\/\\\/www.gamegenic.com\\\/wp-content\\\/uploads\\\/Gamegenic-Logo-FINAL.jpg\",\"width\":3507,\"height\":2480,\"caption\":\"Gamegenic GmbH\"},\"image\":{\"@id\":\"https:\\\/\\\/www.gamegenic.com\\\/es\\\/#\\\/schema\\\/logo\\\/image\\\/\"},\"sameAs\":[\"https:\\\/\\\/www.facebook.com\\\/GamegenicSupplies\\\/\",\"https:\\\/\\\/x.com\\\/Gamegenic_\",\"https:\\\/\\\/www.instagram.com\\\/gamegenicsupplies\\\/\",\"https:\\\/\\\/www.youtube.com\\\/channel\\\/UCgmMXQPjjWW-Zy9ceMH6oGw\"]}]}<\/script>\n<!-- \/ Yoast SEO plugin. -->","yoast_head_json":{"title":"CARDS\u2019 RAIL 500+ - GAMEGENIC - Ingenious Supplies","description":"El complemento perfecto para organizar tus cartas en tu Dungeon\u00a01100+ o en tu Dungeon\u00a0S\u00a0550+. Tambi\u00e9n se puede utilizar como soluci\u00f3n de almacenamiento independiente para tus cartas sin necesidad de usar el modelo Dungeon.","robots":{"index":"index","follow":"follow","max-snippet":"max-snippet:-1","max-image-preview":"max-image-preview:large","max-video-preview":"max-video-preview:-1"},"canonical":"https:\/\/www.gamegenic.com\/es\/producto\/cards-rail-500\/","og_locale":"es_ES","og_type":"article","og_title":"Card's Rail 500+","og_description":"El complemento perfecto para organizar tus cartas en tu Dungeon\u00a01100+ o en tu Dungeon\u00a0S\u00a0550+. Tambi\u00e9n se puede utilizar como soluci\u00f3n de almacenamiento independiente para tus cartas sin necesidad de usar el modelo Dungeon. Puede guardar cartas de tama\u00f1o est\u00e1ndar y hasta 500 cartas en doble funda, particularmente aquellas con fundas interiores gruesas*. Incluye 4 separadores acr\u00edlicos extra\u00edbles que se pueden ajustar de muchas formas para que puedas acceder con facilidad a todas las cartas. Tiene asas especialmente dise\u00f1adas para extraerlo con facilidad del modelo Dungeon","og_url":"https:\/\/www.gamegenic.com\/es\/producto\/cards-rail-500\/","og_site_name":"GAMEGENIC - Ingenious Supplies","article_publisher":"https:\/\/www.facebook.com\/GamegenicSupplies\/","article_modified_time":"2025-07-11T08:23:03+00:00","og_image":[{"url":"https:\/\/www.gamegenic.com\/wp-content\/uploads\/2022\/06\/FB-Bilder_Cards_Rail_NMYcsGueW-1024x538.jpg","type":"","width":"","height":""}],"twitter_card":"summary_large_image","twitter_title":"Card's Rail 500+","twitter_description":"El complemento perfecto para organizar tus cartas en tu Dungeon\u00a01100+ o en tu Dungeon\u00a0S\u00a0550+. Tambi\u00e9n se puede utilizar como soluci\u00f3n de almacenamiento independiente para tus cartas sin necesidad de usar el modelo Dungeon. Puede guardar cartas de tama\u00f1o est\u00e1ndar y hasta 500 cartas en doble funda, particularmente aquellas con fundas interiores gruesas*. Incluye 4 separadores acr\u00edlicos extra\u00edbles que se pueden ajustar de muchas formas para que puedas acceder con facilidad a todas las cartas. Tiene asas especialmente dise\u00f1adas para extraerlo con facilidad del modelo Dungeon","twitter_image":"https:\/\/www.gamegenic.com\/wp-content\/uploads\/2022\/06\/FB-Bilder_Cards_Rail_NMYcsGueW-1024x538.jpg","twitter_site":"@Gamegenic_","twitter_misc":{"Tiempo de lectura":"1 minuto"},"schema":{"@context":"https:\/\/schema.org","@graph":[{"@type":"WebPage","@id":"https:\/\/www.gamegenic.com\/es\/producto\/cards-rail-500\/","url":"https:\/\/www.gamegenic.com\/es\/producto\/cards-rail-500\/","name":"CARDS\u2019 RAIL 500+ - GAMEGENIC - Ingenious Supplies","isPartOf":{"@id":"https:\/\/www.gamegenic.com\/es\/#website"},"primaryImageOfPage":{"@id":"https:\/\/www.gamegenic.com\/es\/producto\/cards-rail-500\/#primaryimage"},"image":{"@id":"https:\/\/www.gamegenic.com\/es\/producto\/cards-rail-500\/#primaryimage"},"thumbnailUrl":"https:\/\/www.gamegenic.com\/wp-content\/uploads\/2022\/06\/Cards-Rail-500_hi4lSY3I1.jpg","datePublished":"2022-06-20T08:26:25+00:00","dateModified":"2025-07-11T08:23:03+00:00","description":"El complemento perfecto para organizar tus cartas en tu Dungeon\u00a01100+ o en tu Dungeon\u00a0S\u00a0550+. Tambi\u00e9n se puede utilizar como soluci\u00f3n de almacenamiento independiente para tus cartas sin necesidad de usar el modelo Dungeon.","breadcrumb":{"@id":"https:\/\/www.gamegenic.com\/es\/producto\/cards-rail-500\/#breadcrumb"},"inLanguage":"es","potentialAction":[{"@type":"ReadAction","target":["https:\/\/www.gamegenic.com\/es\/producto\/cards-rail-500\/"]}]},{"@type":"ImageObject","inLanguage":"es","@id":"https:\/\/www.gamegenic.com\/es\/producto\/cards-rail-500\/#primaryimage","url":"https:\/\/www.gamegenic.com\/wp-content\/uploads\/2022\/06\/Cards-Rail-500_hi4lSY3I1.jpg","contentUrl":"https:\/\/www.gamegenic.com\/wp-content\/uploads\/2022\/06\/Cards-Rail-500_hi4lSY3I1.jpg","width":900,"height":900,"caption":"Card's Rail 500+"},{"@type":"BreadcrumbList","@id":"https:\/\/www.gamegenic.com\/es\/producto\/cards-rail-500\/#breadcrumb","itemListElement":[{"@type":"ListItem","position":1,"name":"Home","item":"https:\/\/www.gamegenic.com\/es\/"},{"@type":"ListItem","position":2,"name":"Tienda","item":"https:\/\/www.gamegenic.com\/tienda\/"},{"@type":"ListItem","position":3,"name":"CARDS\u2019 RAIL 500+"}]},{"@type":"WebSite","@id":"https:\/\/www.gamegenic.com\/es\/#website","url":"https:\/\/www.gamegenic.com\/es\/","name":"GAMEGENIC - Ingenious Supplies","description":"","publisher":{"@id":"https:\/\/www.gamegenic.com\/es\/#organization"},"potentialAction":[{"@type":"SearchAction","target":{"@type":"EntryPoint","urlTemplate":"https:\/\/www.gamegenic.com\/es\/?s={search_term_string}"},"query-input":{"@type":"PropertyValueSpecification","valueRequired":true,"valueName":"search_term_string"}}],"inLanguage":"es"},{"@type":"Organization","@id":"https:\/\/www.gamegenic.com\/es\/#organization","name":"Gamegenic GmbH","url":"https:\/\/www.gamegenic.com\/es\/","logo":{"@type":"ImageObject","inLanguage":"es","@id":"https:\/\/www.gamegenic.com\/es\/#\/schema\/logo\/image\/","url":"https:\/\/www.gamegenic.com\/wp-content\/uploads\/Gamegenic-Logo-FINAL.jpg","contentUrl":"https:\/\/www.gamegenic.com\/wp-content\/uploads\/Gamegenic-Logo-FINAL.jpg","width":3507,"height":2480,"caption":"Gamegenic GmbH"},"image":{"@id":"https:\/\/www.gamegenic.com\/es\/#\/schema\/logo\/image\/"},"sameAs":["https:\/\/www.facebook.com\/GamegenicSupplies\/","https:\/\/x.com\/Gamegenic_","https:\/\/www.instagram.com\/gamegenicsupplies\/","https:\/\/www.youtube.com\/channel\/UCgmMXQPjjWW-Zy9ceMH6oGw"]}]}},"_links":{"self":[{"href":"https:\/\/www.gamegenic.com\/es\/wp-json\/wp\/v2\/product\/21489","targetHints":{"allow":["GET"]}}],"collection":[{"href":"https:\/\/www.gamegenic.com\/es\/wp-json\/wp\/v2\/product"}],"about":[{"href":"https:\/\/www.gamegenic.com\/es\/wp-json\/wp\/v2\/types\/product"}],"wp:featuredmedia":[{"embeddable":true,"href":"https:\/\/www.gamegenic.com\/es\/wp-json\/wp\/v2\/media\/19160"}],"wp:attachment":[{"href":"https:\/\/www.gamegenic.com\/es\/wp-json\/wp\/v2\/media?parent=21489"}],"wp:term":[{"taxonomy":"product_brand","embeddable":true,"href":"https:\/\/www.gamegenic.com\/es\/wp-json\/wp\/v2\/product_brand?post=21489"},{"taxonomy":"product_cat","embeddable":true,"href":"https:\/\/www.gamegenic.com\/es\/wp-json\/wp\/v2\/product_cat?post=21489"},{"taxonomy":"product_tag","embeddable":true,"href":"https:\/\/www.gamegenic.com\/es\/wp-json\/wp\/v2\/product_tag?post=21489"}],"curies":[{"name":"wp","href":"https:\/\/api.w.org\/{rel}","templated":true}]}}