{"id":21463,"date":"2022-08-08T14:04:57","date_gmt":"2022-08-08T12:04:57","guid":{"rendered":"https:\/\/www.gamegenic.com\/product\/marvel-champions-prime-game-mat-xl\/"},"modified":"2025-07-22T09:41:20","modified_gmt":"2025-07-22T07:41:20","slug":"marvel-champions-prime-game-mat-xl","status":"publish","type":"product","link":"https:\/\/www.gamegenic.com\/es\/producto\/marvel-champions-prime-game-mat-xl\/","title":{"rendered":"MARVEL CHAMPIONS <br>PRIME GAME MAT XL"},"content":{"rendered":"<div class=\"fusion-fullwidth fullwidth-box fusion-builder-row-1 nonhundred-percent-fullwidth non-hundred-percent-height-scrolling gg-summary gg-position\" style=\"--awb-border-radius-top-left:0px;--awb-border-radius-top-right:0px;--awb-border-radius-bottom-right:0px;--awb-border-radius-bottom-left:0px;--awb-flex-wrap:wrap;\" id=\"gg-anker\" ><div class=\"fusion-builder-row fusion-row\"><div class=\"fusion-layout-column fusion_builder_column fusion-builder-column-0 fusion_builder_column_1_2 1_2 fusion-one-half fusion-column-first gg-features\" style=\"--awb-bg-size:cover;width:50%;width:calc(50% - ( ( 60px ) * 0.5 ) );margin-right: 60px;\"><div class=\"fusion-column-wrapper fusion-column-has-shadow fusion-flex-column-wrapper-legacy\"><div class=\"fusion-text fusion-text-1\"><h2>CARACTER\u00cdSTICAS<\/h2>\n<ul>\n<li><strong>70 x 70 cm<br \/>\n<\/strong><\/li>\n<li>Tapete multijugador<\/li>\n<li>Tapete con ilustraciones de MARVEL COMICS a todo color<\/li>\n<li>Perfecto para TODOS los fans de MARVEL:<br \/>\nse puede utilizar con MARVEL CHAMPIONS y muchos juegos m\u00e1s<\/li>\n<li>Tapete de juego suavemente acolchado de 2 mm de grosor<\/li>\n<li>Superficie muy fina<\/li>\n<li>Un entorno seguro para cartas y accesorios<\/li>\n<li>Reverso antideslizante<\/li>\n<li>Fabricado en caucho natural<\/li>\n<\/ul>\n<\/div><div class=\"fusion-clearfix\"><\/div><\/div><\/div><div class=\"fusion-layout-column fusion_builder_column fusion-builder-column-1 fusion_builder_column_1_2 1_2 fusion-one-half fusion-column-last\" style=\"--awb-bg-size:cover;width:50%;width:calc(50% - ( ( 60px ) * 0.5 ) );\"><div class=\"fusion-column-wrapper fusion-column-has-shadow fusion-flex-column-wrapper-legacy\">\n<h2>ESPECIFICACIONES<\/h2>\n<div class=\"table-2\">\n<table width=\"100%\">\n<tbody>\n<tr>\n<td align=\"left\">Tama\u00f1o de los productos<\/td>\n<td align=\"left\">700 x 700 mm<\/td>\n<\/tr>\n<tr>\n<td style=\"vertical-align: top;\" align=\"left\">Material<\/td>\n<td align=\"left\">caucho natural<\/td>\n<\/tr>\n<tr>\n<td align=\"left\">Tipo de embalaje<\/td>\n<td align=\"left\">Caja de cart\u00f3n<\/td>\n<\/tr>\n<\/tbody>\n<\/table>\n<\/div>\n<h2 style=\"margin-top:60px\">MSRP<i data-tooltip=\"No se pueden realizar compras a trav\u00e9s de este sitio web. Todos los precios indicados son el precio de venta al p\u00fablico recomendado por el fabricante en euros (con IVA) o en d\u00f3lares (sin IVA). Los posibles gastos de env\u00edo no est\u00e1n incluidos. Los precios indicados no son vinculantes y pueden tratarse como una recomendaci\u00f3n.\" class=\"fas fa-info-circle gg-tooltip\">\uf05a<\/i><\/h2>\n<form action=\"\" method=\"post\" id=\"alg_currency_selector\"><select name=\"alg_currency\" id=\"alg_currency_select\" class=\"alg_currency_select\" onchange=\"this.form.submit()\"><option id=\"alg_currency_USD\" value=\"USD\" >USD<\/option><option id=\"alg_currency_EUR\" value=\"EUR\"  selected='selected'>EUR<\/option><option id=\"alg_currency_CAD\" value=\"CAD\" >U.S.-USD<\/option><\/select><noscript><input type=\"submit\" value=\"Refresh\"><\/noscript><\/form>\n<span class=\"woocommerce-Price-amount amount\"><bdi><span class=\"woocommerce-Price-currencySymbol\">EUR<\/span>&nbsp;34,99<\/bdi><\/span>\n\n<div class=\"fusion-alignleft\"><a class=\"fusion-button button-flat fusion-button-default-size button-default fusion-button-default button-1 fusion-button-default-span fusion-button-default-type shopfinder-button\" target=\"_blank\" rel=\"noopener noreferrer\" href=\"https:\/\/www.gamegenic.com\/es\/buscador-de-tiendas\/\"><i class=\"fa-globe-americas fas awb-button__icon awb-button__icon--default button-icon-left\" aria-hidden=\"true\"><\/i><span class=\"fusion-button-text awb-button__text awb-button__text--default\">D\u00f3nde comprarlos<\/span><\/a><\/div>\n<div class=\"fusion-sep-clear\"><\/div><div class=\"fusion-separator fusion-full-width-sep\" style=\"margin-left: auto;margin-right: auto;width:100%;\"><div class=\"fusion-separator-border sep-double\" style=\"--awb-height:20px;--awb-amount:20px;border-color:#eff3f9;border-top-width:0px;border-bottom-width:0px;\"><\/div><\/div><div class=\"fusion-sep-clear\"><\/div><div class=\"fusion-clearfix\"><\/div><\/div><\/div><\/div><\/div>\n","protected":false},"excerpt":{"rendered":"<p>Estos tapetes extra grandes de gran calidad, impresos a todo color, son un accesorio imprescindible para todos los apasionados de los juegos de mesa que quieran tener espacio de sobra en sus partidas. Se pueden utilizar adem\u00e1s con una gran variedad de juegos, juegos de cartas coleccionables y LCGs. Los tapetes acolchados de Marvel Champions proteger\u00e1n tus cartas de la suciedad y de los ara\u00f1azos. Adem\u00e1s, cada tapete tiene un reverso antideslizante que evitar\u00e1 que se mueva en la mesa de juego.<\/p>\n<p>Los Game Mats XL est\u00e1n disponibles en 3 dise\u00f1os diferentes.<\/p>\n","protected":false},"featured_media":20378,"template":"","meta":[],"product_brand":[],"product_cat":[517,527,530,525],"product_tag":[],"class_list":{"0":"post-21463","1":"product","2":"type-product","3":"status-publish","4":"has-post-thumbnail","6":"product_cat-accesorios","7":"product_cat-licencias","8":"product_cat-marvel-es","9":"product_cat-marvel-champions-game-mat-es","11":"first","12":"instock","13":"shipping-taxable","14":"purchasable","15":"product-type-variable","16":"has-default-attributes","17":"wvs-archive-product-wrapper"},"yoast_head":"<!-- This site is optimized with the Yoast SEO plugin v27.3 - https:\/\/yoast.com\/product\/yoast-seo-wordpress\/ -->\n<title>MARVEL CHAMPIONS PRIME GAME MAT XL - GAMEGENIC - Ingenious Supplies<\/title>\n<meta name=\"description\" content=\"Estos tapetes extra grandes de gran calidad, impresos a todo color, son un accesorio imprescindible para todos los apasionados de los juegos de mesa que quieran tener espacio de sobra en sus partidas. Se pueden utilizar adem\u00e1s con una gran variedad de juegos, juegos de cartas coleccionables y LCGs. Los tapetes acolchados de Marvel Champions proteger\u00e1n tus cartas de la suciedad y de los ara\u00f1azos. Adem\u00e1s, cada tapete tiene un reverso antideslizante que evitar\u00e1 que se mueva en la mesa de juego.\" \/>\n<meta name=\"robots\" content=\"index, follow, max-snippet:-1, max-image-preview:large, max-video-preview:-1\" \/>\n<link rel=\"canonical\" href=\"https:\/\/www.gamegenic.com\/es\/producto\/marvel-champions-prime-game-mat-xl\/\" \/>\n<meta property=\"og:locale\" content=\"es_ES\" \/>\n<meta property=\"og:type\" content=\"article\" \/>\n<meta property=\"og:title\" content=\"MARVEL CHAMPIONS GAME MAT XL\" \/>\n<meta property=\"og:description\" content=\"Estos tapetes extra grandes de gran calidad, impresos a todo color, son un accesorio imprescindible para todos los apasionados de los juegos de mesa que quieran tener espacio de sobra en sus partidas. Se pueden utilizar adem\u00e1s con una gran variedad de juegos, juegos de cartas coleccionables y LCGs. Los tapetes acolchados de Marvel Champions proteger\u00e1n tus cartas de la suciedad y de los ara\u00f1azos. Adem\u00e1s, cada tapete tiene un reverso antideslizante que evitar\u00e1 que se mueva en la mesa de juego.\" \/>\n<meta property=\"og:url\" content=\"https:\/\/www.gamegenic.com\/es\/producto\/marvel-champions-prime-game-mat-xl\/\" \/>\n<meta property=\"og:site_name\" content=\"GAMEGENIC - Ingenious Supplies\" \/>\n<meta property=\"article:publisher\" content=\"https:\/\/www.facebook.com\/GamegenicSupplies\/\" \/>\n<meta property=\"article:modified_time\" content=\"2025-07-22T07:41:20+00:00\" \/>\n<meta property=\"og:image\" content=\"https:\/\/www.gamegenic.com\/wp-content\/uploads\/2022\/08\/Marvel_Prime_Game_Mat_XL-v1-0001_El4ToMtQB.jpg\" \/>\n\t<meta property=\"og:image:width\" content=\"1200\" \/>\n\t<meta property=\"og:image:height\" content=\"1200\" \/>\n\t<meta property=\"og:image:type\" content=\"image\/jpeg\" \/>\n<meta name=\"twitter:card\" content=\"summary_large_image\" \/>\n<meta name=\"twitter:title\" content=\"MARVEL CHAMPIONS GAME MAT XL\" \/>\n<meta name=\"twitter:description\" content=\"Estos tapetes extra grandes de gran calidad, impresos a todo color, son un accesorio imprescindible para todos los apasionados de los juegos de mesa que quieran tener espacio de sobra en sus partidas. Se pueden utilizar adem\u00e1s con una gran variedad de juegos, juegos de cartas coleccionables y LCGs. Los tapetes acolchados de Marvel Champions proteger\u00e1n tus cartas de la suciedad y de los ara\u00f1azos. Adem\u00e1s, cada tapete tiene un reverso antideslizante que evitar\u00e1 que se mueva en la mesa de juego.\" \/>\n<meta name=\"twitter:site\" content=\"@Gamegenic_\" \/>\n<meta name=\"twitter:label1\" content=\"Tiempo de lectura\" \/>\n\t<meta name=\"twitter:data1\" content=\"1 minuto\" \/>\n<script type=\"application\/ld+json\" class=\"yoast-schema-graph\">{\"@context\":\"https:\\\/\\\/schema.org\",\"@graph\":[{\"@type\":\"WebPage\",\"@id\":\"https:\\\/\\\/www.gamegenic.com\\\/es\\\/producto\\\/marvel-champions-prime-game-mat-xl\\\/\",\"url\":\"https:\\\/\\\/www.gamegenic.com\\\/es\\\/producto\\\/marvel-champions-prime-game-mat-xl\\\/\",\"name\":\"MARVEL CHAMPIONS PRIME GAME MAT XL - GAMEGENIC - Ingenious Supplies\",\"isPartOf\":{\"@id\":\"https:\\\/\\\/www.gamegenic.com\\\/es\\\/#website\"},\"primaryImageOfPage\":{\"@id\":\"https:\\\/\\\/www.gamegenic.com\\\/es\\\/producto\\\/marvel-champions-prime-game-mat-xl\\\/#primaryimage\"},\"image\":{\"@id\":\"https:\\\/\\\/www.gamegenic.com\\\/es\\\/producto\\\/marvel-champions-prime-game-mat-xl\\\/#primaryimage\"},\"thumbnailUrl\":\"https:\\\/\\\/www.gamegenic.com\\\/wp-content\\\/uploads\\\/2022\\\/08\\\/Marvel_Prime_Game_Mat_XL-v1-0001_El4ToMtQB.jpg\",\"datePublished\":\"2022-08-08T12:04:57+00:00\",\"dateModified\":\"2025-07-22T07:41:20+00:00\",\"description\":\"Estos tapetes extra grandes de gran calidad, impresos a todo color, son un accesorio imprescindible para todos los apasionados de los juegos de mesa que quieran tener espacio de sobra en sus partidas. Se pueden utilizar adem\u00e1s con una gran variedad de juegos, juegos de cartas coleccionables y LCGs. Los tapetes acolchados de Marvel Champions proteger\u00e1n tus cartas de la suciedad y de los ara\u00f1azos. Adem\u00e1s, cada tapete tiene un reverso antideslizante que evitar\u00e1 que se mueva en la mesa de juego.\",\"breadcrumb\":{\"@id\":\"https:\\\/\\\/www.gamegenic.com\\\/es\\\/producto\\\/marvel-champions-prime-game-mat-xl\\\/#breadcrumb\"},\"inLanguage\":\"es\",\"potentialAction\":[{\"@type\":\"ReadAction\",\"target\":[\"https:\\\/\\\/www.gamegenic.com\\\/es\\\/producto\\\/marvel-champions-prime-game-mat-xl\\\/\"]}]},{\"@type\":\"ImageObject\",\"inLanguage\":\"es\",\"@id\":\"https:\\\/\\\/www.gamegenic.com\\\/es\\\/producto\\\/marvel-champions-prime-game-mat-xl\\\/#primaryimage\",\"url\":\"https:\\\/\\\/www.gamegenic.com\\\/wp-content\\\/uploads\\\/2022\\\/08\\\/Marvel_Prime_Game_Mat_XL-v1-0001_El4ToMtQB.jpg\",\"contentUrl\":\"https:\\\/\\\/www.gamegenic.com\\\/wp-content\\\/uploads\\\/2022\\\/08\\\/Marvel_Prime_Game_Mat_XL-v1-0001_El4ToMtQB.jpg\",\"width\":1200,\"height\":1200,\"caption\":\"Marvel Champions Prime Game Mat XL\"},{\"@type\":\"BreadcrumbList\",\"@id\":\"https:\\\/\\\/www.gamegenic.com\\\/es\\\/producto\\\/marvel-champions-prime-game-mat-xl\\\/#breadcrumb\",\"itemListElement\":[{\"@type\":\"ListItem\",\"position\":1,\"name\":\"Home\",\"item\":\"https:\\\/\\\/www.gamegenic.com\\\/es\\\/\"},{\"@type\":\"ListItem\",\"position\":2,\"name\":\"Tienda\",\"item\":\"https:\\\/\\\/www.gamegenic.com\\\/tienda\\\/\"},{\"@type\":\"ListItem\",\"position\":3,\"name\":\"MARVEL CHAMPIONS PRIME GAME MAT XL\"}]},{\"@type\":\"WebSite\",\"@id\":\"https:\\\/\\\/www.gamegenic.com\\\/es\\\/#website\",\"url\":\"https:\\\/\\\/www.gamegenic.com\\\/es\\\/\",\"name\":\"GAMEGENIC - Ingenious Supplies\",\"description\":\"\",\"publisher\":{\"@id\":\"https:\\\/\\\/www.gamegenic.com\\\/es\\\/#organization\"},\"potentialAction\":[{\"@type\":\"SearchAction\",\"target\":{\"@type\":\"EntryPoint\",\"urlTemplate\":\"https:\\\/\\\/www.gamegenic.com\\\/es\\\/?s={search_term_string}\"},\"query-input\":{\"@type\":\"PropertyValueSpecification\",\"valueRequired\":true,\"valueName\":\"search_term_string\"}}],\"inLanguage\":\"es\"},{\"@type\":\"Organization\",\"@id\":\"https:\\\/\\\/www.gamegenic.com\\\/es\\\/#organization\",\"name\":\"Gamegenic GmbH\",\"url\":\"https:\\\/\\\/www.gamegenic.com\\\/es\\\/\",\"logo\":{\"@type\":\"ImageObject\",\"inLanguage\":\"es\",\"@id\":\"https:\\\/\\\/www.gamegenic.com\\\/es\\\/#\\\/schema\\\/logo\\\/image\\\/\",\"url\":\"https:\\\/\\\/www.gamegenic.com\\\/wp-content\\\/uploads\\\/Gamegenic-Logo-FINAL.jpg\",\"contentUrl\":\"https:\\\/\\\/www.gamegenic.com\\\/wp-content\\\/uploads\\\/Gamegenic-Logo-FINAL.jpg\",\"width\":3507,\"height\":2480,\"caption\":\"Gamegenic GmbH\"},\"image\":{\"@id\":\"https:\\\/\\\/www.gamegenic.com\\\/es\\\/#\\\/schema\\\/logo\\\/image\\\/\"},\"sameAs\":[\"https:\\\/\\\/www.facebook.com\\\/GamegenicSupplies\\\/\",\"https:\\\/\\\/x.com\\\/Gamegenic_\",\"https:\\\/\\\/www.instagram.com\\\/gamegenicsupplies\\\/\",\"https:\\\/\\\/www.youtube.com\\\/channel\\\/UCgmMXQPjjWW-Zy9ceMH6oGw\"]}]}<\/script>\n<!-- \/ Yoast SEO plugin. -->","yoast_head_json":{"title":"MARVEL CHAMPIONS PRIME GAME MAT XL - GAMEGENIC - Ingenious Supplies","description":"Estos tapetes extra grandes de gran calidad, impresos a todo color, son un accesorio imprescindible para todos los apasionados de los juegos de mesa que quieran tener espacio de sobra en sus partidas. Se pueden utilizar adem\u00e1s con una gran variedad de juegos, juegos de cartas coleccionables y LCGs. Los tapetes acolchados de Marvel Champions proteger\u00e1n tus cartas de la suciedad y de los ara\u00f1azos. Adem\u00e1s, cada tapete tiene un reverso antideslizante que evitar\u00e1 que se mueva en la mesa de juego.","robots":{"index":"index","follow":"follow","max-snippet":"max-snippet:-1","max-image-preview":"max-image-preview:large","max-video-preview":"max-video-preview:-1"},"canonical":"https:\/\/www.gamegenic.com\/es\/producto\/marvel-champions-prime-game-mat-xl\/","og_locale":"es_ES","og_type":"article","og_title":"MARVEL CHAMPIONS GAME MAT XL","og_description":"Estos tapetes extra grandes de gran calidad, impresos a todo color, son un accesorio imprescindible para todos los apasionados de los juegos de mesa que quieran tener espacio de sobra en sus partidas. Se pueden utilizar adem\u00e1s con una gran variedad de juegos, juegos de cartas coleccionables y LCGs. Los tapetes acolchados de Marvel Champions proteger\u00e1n tus cartas de la suciedad y de los ara\u00f1azos. Adem\u00e1s, cada tapete tiene un reverso antideslizante que evitar\u00e1 que se mueva en la mesa de juego.","og_url":"https:\/\/www.gamegenic.com\/es\/producto\/marvel-champions-prime-game-mat-xl\/","og_site_name":"GAMEGENIC - Ingenious Supplies","article_publisher":"https:\/\/www.facebook.com\/GamegenicSupplies\/","article_modified_time":"2025-07-22T07:41:20+00:00","og_image":[{"width":1200,"height":1200,"url":"https:\/\/www.gamegenic.com\/wp-content\/uploads\/2022\/08\/Marvel_Prime_Game_Mat_XL-v1-0001_El4ToMtQB.jpg","type":"image\/jpeg"}],"twitter_card":"summary_large_image","twitter_title":"MARVEL CHAMPIONS GAME MAT XL","twitter_description":"Estos tapetes extra grandes de gran calidad, impresos a todo color, son un accesorio imprescindible para todos los apasionados de los juegos de mesa que quieran tener espacio de sobra en sus partidas. Se pueden utilizar adem\u00e1s con una gran variedad de juegos, juegos de cartas coleccionables y LCGs. Los tapetes acolchados de Marvel Champions proteger\u00e1n tus cartas de la suciedad y de los ara\u00f1azos. Adem\u00e1s, cada tapete tiene un reverso antideslizante que evitar\u00e1 que se mueva en la mesa de juego.","twitter_site":"@Gamegenic_","twitter_misc":{"Tiempo de lectura":"1 minuto"},"schema":{"@context":"https:\/\/schema.org","@graph":[{"@type":"WebPage","@id":"https:\/\/www.gamegenic.com\/es\/producto\/marvel-champions-prime-game-mat-xl\/","url":"https:\/\/www.gamegenic.com\/es\/producto\/marvel-champions-prime-game-mat-xl\/","name":"MARVEL CHAMPIONS PRIME GAME MAT XL - GAMEGENIC - Ingenious Supplies","isPartOf":{"@id":"https:\/\/www.gamegenic.com\/es\/#website"},"primaryImageOfPage":{"@id":"https:\/\/www.gamegenic.com\/es\/producto\/marvel-champions-prime-game-mat-xl\/#primaryimage"},"image":{"@id":"https:\/\/www.gamegenic.com\/es\/producto\/marvel-champions-prime-game-mat-xl\/#primaryimage"},"thumbnailUrl":"https:\/\/www.gamegenic.com\/wp-content\/uploads\/2022\/08\/Marvel_Prime_Game_Mat_XL-v1-0001_El4ToMtQB.jpg","datePublished":"2022-08-08T12:04:57+00:00","dateModified":"2025-07-22T07:41:20+00:00","description":"Estos tapetes extra grandes de gran calidad, impresos a todo color, son un accesorio imprescindible para todos los apasionados de los juegos de mesa que quieran tener espacio de sobra en sus partidas. Se pueden utilizar adem\u00e1s con una gran variedad de juegos, juegos de cartas coleccionables y LCGs. Los tapetes acolchados de Marvel Champions proteger\u00e1n tus cartas de la suciedad y de los ara\u00f1azos. Adem\u00e1s, cada tapete tiene un reverso antideslizante que evitar\u00e1 que se mueva en la mesa de juego.","breadcrumb":{"@id":"https:\/\/www.gamegenic.com\/es\/producto\/marvel-champions-prime-game-mat-xl\/#breadcrumb"},"inLanguage":"es","potentialAction":[{"@type":"ReadAction","target":["https:\/\/www.gamegenic.com\/es\/producto\/marvel-champions-prime-game-mat-xl\/"]}]},{"@type":"ImageObject","inLanguage":"es","@id":"https:\/\/www.gamegenic.com\/es\/producto\/marvel-champions-prime-game-mat-xl\/#primaryimage","url":"https:\/\/www.gamegenic.com\/wp-content\/uploads\/2022\/08\/Marvel_Prime_Game_Mat_XL-v1-0001_El4ToMtQB.jpg","contentUrl":"https:\/\/www.gamegenic.com\/wp-content\/uploads\/2022\/08\/Marvel_Prime_Game_Mat_XL-v1-0001_El4ToMtQB.jpg","width":1200,"height":1200,"caption":"Marvel Champions Prime Game Mat XL"},{"@type":"BreadcrumbList","@id":"https:\/\/www.gamegenic.com\/es\/producto\/marvel-champions-prime-game-mat-xl\/#breadcrumb","itemListElement":[{"@type":"ListItem","position":1,"name":"Home","item":"https:\/\/www.gamegenic.com\/es\/"},{"@type":"ListItem","position":2,"name":"Tienda","item":"https:\/\/www.gamegenic.com\/tienda\/"},{"@type":"ListItem","position":3,"name":"MARVEL CHAMPIONS PRIME GAME MAT XL"}]},{"@type":"WebSite","@id":"https:\/\/www.gamegenic.com\/es\/#website","url":"https:\/\/www.gamegenic.com\/es\/","name":"GAMEGENIC - Ingenious Supplies","description":"","publisher":{"@id":"https:\/\/www.gamegenic.com\/es\/#organization"},"potentialAction":[{"@type":"SearchAction","target":{"@type":"EntryPoint","urlTemplate":"https:\/\/www.gamegenic.com\/es\/?s={search_term_string}"},"query-input":{"@type":"PropertyValueSpecification","valueRequired":true,"valueName":"search_term_string"}}],"inLanguage":"es"},{"@type":"Organization","@id":"https:\/\/www.gamegenic.com\/es\/#organization","name":"Gamegenic GmbH","url":"https:\/\/www.gamegenic.com\/es\/","logo":{"@type":"ImageObject","inLanguage":"es","@id":"https:\/\/www.gamegenic.com\/es\/#\/schema\/logo\/image\/","url":"https:\/\/www.gamegenic.com\/wp-content\/uploads\/Gamegenic-Logo-FINAL.jpg","contentUrl":"https:\/\/www.gamegenic.com\/wp-content\/uploads\/Gamegenic-Logo-FINAL.jpg","width":3507,"height":2480,"caption":"Gamegenic GmbH"},"image":{"@id":"https:\/\/www.gamegenic.com\/es\/#\/schema\/logo\/image\/"},"sameAs":["https:\/\/www.facebook.com\/GamegenicSupplies\/","https:\/\/x.com\/Gamegenic_","https:\/\/www.instagram.com\/gamegenicsupplies\/","https:\/\/www.youtube.com\/channel\/UCgmMXQPjjWW-Zy9ceMH6oGw"]}]}},"_links":{"self":[{"href":"https:\/\/www.gamegenic.com\/es\/wp-json\/wp\/v2\/product\/21463","targetHints":{"allow":["GET"]}}],"collection":[{"href":"https:\/\/www.gamegenic.com\/es\/wp-json\/wp\/v2\/product"}],"about":[{"href":"https:\/\/www.gamegenic.com\/es\/wp-json\/wp\/v2\/types\/product"}],"wp:featuredmedia":[{"embeddable":true,"href":"https:\/\/www.gamegenic.com\/es\/wp-json\/wp\/v2\/media\/20378"}],"wp:attachment":[{"href":"https:\/\/www.gamegenic.com\/es\/wp-json\/wp\/v2\/media?parent=21463"}],"wp:term":[{"taxonomy":"product_brand","embeddable":true,"href":"https:\/\/www.gamegenic.com\/es\/wp-json\/wp\/v2\/product_brand?post=21463"},{"taxonomy":"product_cat","embeddable":true,"href":"https:\/\/www.gamegenic.com\/es\/wp-json\/wp\/v2\/product_cat?post=21463"},{"taxonomy":"product_tag","embeddable":true,"href":"https:\/\/www.gamegenic.com\/es\/wp-json\/wp\/v2\/product_tag?post=21463"}],"curies":[{"name":"wp","href":"https:\/\/api.w.org\/{rel}","templated":true}]}}