{"id":21163,"date":"2021-09-28T16:59:46","date_gmt":"2021-09-28T14:59:46","guid":{"rendered":"https:\/\/www.gamegenic.com\/product\/games-lair-600-convertible\/"},"modified":"2025-07-11T10:42:14","modified_gmt":"2025-07-11T08:42:14","slug":"games-lair-600-convertible","status":"publish","type":"product","link":"https:\/\/www.gamegenic.com\/es\/producto\/games-lair-600-convertible\/","title":{"rendered":"GAMES&#8217; LAIR 600+ CONVERTIBLE"},"content":{"rendered":"<div class=\"fusion-fullwidth fullwidth-box fusion-builder-row-1 nonhundred-percent-fullwidth non-hundred-percent-height-scrolling gg-summary gg-position\" style=\"--awb-border-radius-top-left:0px;--awb-border-radius-top-right:0px;--awb-border-radius-bottom-right:0px;--awb-border-radius-bottom-left:0px;--awb-flex-wrap:wrap;\" id=\"gg-anker\" ><div class=\"fusion-builder-row fusion-row\"><div class=\"fusion-layout-column fusion_builder_column fusion-builder-column-0 fusion_builder_column_1_1 1_1 fusion-one-full fusion-column-first fusion-column-last\" style=\"--awb-bg-size:cover;\"><div class=\"fusion-column-wrapper fusion-column-has-shadow fusion-flex-column-wrapper-legacy\"><div class=\"fusion-image-element in-legacy-container\" style=\"--awb-max-width:350px;--awb-caption-title-font-family:var(--h2_typography-font-family);--awb-caption-title-font-weight:var(--h2_typography-font-weight);--awb-caption-title-font-style:var(--h2_typography-font-style);--awb-caption-title-size:var(--h2_typography-font-size);--awb-caption-title-transform:var(--h2_typography-text-transform);--awb-caption-title-line-height:var(--h2_typography-line-height);--awb-caption-title-letter-spacing:var(--h2_typography-letter-spacing);\"><span class=\" fusion-imageframe imageframe-none imageframe-1 hover-type-none\"><a class=\"fusion-no-lightbox\" href=\"https:\/\/www.gamegenic.com\/redirect\/games_lair-tolarian.html\" target=\"_blank\" aria-label=\"Tolarian Community College\" rel=\"noopener noreferrer\"><img decoding=\"async\" width=\"800\" height=\"335\" src=\"https:\/\/www.gamegenic.com\/wp-content\/uploads\/2021\/09\/TCC_Badges_Web_Games_Lair_800x335_D7FRGWboL.jpg\" alt class=\"img-responsive wp-image-19052\" srcset=\"https:\/\/www.gamegenic.com\/wp-content\/uploads\/2021\/09\/TCC_Badges_Web_Games_Lair_800x335_D7FRGWboL-200x84.jpg 200w, https:\/\/www.gamegenic.com\/wp-content\/uploads\/2021\/09\/TCC_Badges_Web_Games_Lair_800x335_D7FRGWboL-400x168.jpg 400w, https:\/\/www.gamegenic.com\/wp-content\/uploads\/2021\/09\/TCC_Badges_Web_Games_Lair_800x335_D7FRGWboL-600x251.jpg 600w, https:\/\/www.gamegenic.com\/wp-content\/uploads\/2021\/09\/TCC_Badges_Web_Games_Lair_800x335_D7FRGWboL.jpg 800w\" sizes=\"(max-width: 999px) 100vw, 800px\" \/><\/a><\/span><\/div><div class=\"fusion-clearfix\"><\/div><\/div><\/div><div class=\"fusion-layout-column fusion_builder_column fusion-builder-column-1 fusion_builder_column_1_2 1_2 fusion-one-half fusion-column-first gg-features\" style=\"--awb-bg-size:cover;width:50%;width:calc(50% - ( ( 60px ) * 0.5 ) );margin-right: 60px;\"><div class=\"fusion-column-wrapper fusion-column-has-shadow fusion-flex-column-wrapper-legacy\"><div class=\"fusion-text fusion-text-1\"><h2>CARACTER\u00cdSTICAS<\/h2>\n<ul>\n<li>Una caja multifuncional de calidad para una <strong>gran variedad de juegos<\/strong>, accesorios de juego, miniaturas y otros <strong>juegos relacionados con cartas<\/strong><\/li>\n<li>Dise\u00f1ada para contener hasta <strong>600<\/strong> cartas en doble funda u <strong>800<\/strong> cartas de juegos de mesa con fundas*<\/li>\n<li><strong>Separador acr\u00edlico que se puede ajustar o extraer<\/strong>, de manera que quede espacio libre para otros componentes del juego o para mazos si no lo quieres usar para las cartas<\/li>\n<li><strong>Revolucionaria:<\/strong> la cubierta, que es totalmente extra\u00edble, se convierte con facilidad en una <strong>bandeja para los dados<\/strong><\/li>\n<li>Perfecta para juegos con muchas cartas como Arkham Horror LCG\u00ae, Marvel Champions, Pok\u00e9mon\u2122, KeyForge\u00ae, Flesh and Blood\u2122 o Magic: The Gathering\u2122**<\/li>\n<li>Ideal para el formato de Magic: The Gathering\u2122 Cube Draft**<\/li>\n<li><strong>Dise\u00f1o inteligente: cajones horizontales<\/strong>\n<ul style=\"list-style-type: circle;\">\n<li><strong>2 cajones extra\u00edbles<\/strong><br \/>\ncon solapas magn\u00e9ticas revolucionarias<\/li>\n<li><strong>2 cajones extra\u00edbles XXL<\/strong><\/li>\n<\/ul>\n<\/li>\n<li>Muy compacta. Cabe en la mayor\u00eda de las mochilas para que te la puedas llevar donde quieras<\/li>\n<li><strong>Compartimento superior de gran tama\u00f1o<\/strong> para cuadernos de notas o cartas m\u00e1s grandes. Tu verdadera acompa\u00f1ante durante las partidas<\/li>\n<\/ul>\n<\/div><div class=\"fusion-clearfix\"><\/div><\/div><\/div><div class=\"fusion-layout-column fusion_builder_column fusion-builder-column-2 fusion_builder_column_1_2 1_2 fusion-one-half fusion-column-last\" style=\"--awb-bg-size:cover;width:50%;width:calc(50% - ( ( 60px ) * 0.5 ) );\"><div class=\"fusion-column-wrapper fusion-column-has-shadow fusion-flex-column-wrapper-legacy\">\n<h2>ESPECIFICACIONES<\/h2>\n<div class=\"table-2\">\n<table style=\"width: 100%;\" width=\"100%\">\n<tbody>\n<tr>\n<td style=\"width: 38.6792%; vertical-align: top;\" align=\"left\">Tama\u00f1o de los productos<br \/>\n<span class=\"gg-wdh\">(ancho x fondo x alto)<\/span><\/td>\n<td style=\"width: 60.6346%; vertical-align: top;\" align=\"left\">265 x 238 x 114 mm<\/td>\n<\/tr>\n<tr>\n<td style=\"vertical-align: top; width: 38.6792%;\" align=\"left\">Material<\/td>\n<td style=\"width: 60.6346%; vertical-align: top;\" align=\"left\">Superficie exterior de Nexofyber y forro interior de microfibra<\/td>\n<\/tr>\n<tr>\n<td style=\"vertical-align: top; width: 38.6792%;\" align=\"left\">Black Material<\/td>\n<td style=\"width: 60.6346%; vertical-align: top;\" align=\"left\">Superficie exterior de Nexofyber<sup>+<\/sup> y forro interior de microfibra<\/td>\n<\/tr>\n<tr>\n<td style=\"width: 38.6792%; vertical-align: top;\" align=\"left\">Tipo de embalaje<\/td>\n<td style=\"width: 60.6346%; vertical-align: top;\" align=\"left\">Caja de cart\u00f3n con ventana<\/td>\n<\/tr>\n<\/tbody>\n<\/table>\n<\/div>\n<h2 style=\"margin-top:60px\">MSRP<i data-tooltip=\"No se pueden realizar compras a trav\u00e9s de este sitio web. Todos los precios indicados son el precio de venta al p\u00fablico recomendado por el fabricante en euros (con IVA) o en d\u00f3lares (sin IVA). Los posibles gastos de env\u00edo no est\u00e1n incluidos. Los precios indicados no son vinculantes y pueden tratarse como una recomendaci\u00f3n.\" class=\"fas fa-info-circle gg-tooltip\">\uf05a<\/i><\/h2>\n<form action=\"\" method=\"post\" id=\"alg_currency_selector\"><select name=\"alg_currency\" id=\"alg_currency_select\" class=\"alg_currency_select\" onchange=\"this.form.submit()\"><option id=\"alg_currency_USD\" value=\"USD\" >USD<\/option><option id=\"alg_currency_EUR\" value=\"EUR\"  selected='selected'>EUR<\/option><option id=\"alg_currency_CAD\" value=\"CAD\" >U.S.-USD<\/option><\/select><noscript><input type=\"submit\" value=\"Refresh\"><\/noscript><\/form>\n<span class=\"woocommerce-Price-amount amount\"><bdi><span class=\"woocommerce-Price-currencySymbol\">EUR<\/span>&nbsp;79,99<\/bdi><\/span>\n\n<div class=\"fusion-alignleft\"><a class=\"fusion-button button-flat fusion-button-default-size button-default fusion-button-default button-1 fusion-button-default-span fusion-button-default-type shopfinder-button\" target=\"_blank\" rel=\"noopener noreferrer\" href=\"https:\/\/www.gamegenic.com\/es\/buscador-de-tiendas\/\"><i class=\"fa-globe-americas fas awb-button__icon awb-button__icon--default button-icon-left\" aria-hidden=\"true\"><\/i><span class=\"fusion-button-text awb-button__text awb-button__text--default\">D\u00f3nde comprarlos<\/span><\/a><\/div>\n<div class=\"fusion-clearfix\"><\/div><\/div><\/div><\/div><\/div>\n","protected":false},"excerpt":{"rendered":"<p>El Games\u2019 Lair 600+ re\u00fane todas nuestras <strong>mejores ideas en un accesorio inteligente todo en uno<\/strong>.<\/p>\n<p>Este producto innovador cumple con las expectativas de juego m\u00e1s espec\u00edficas. Esta caja compacta es perfecta para colecciones grandes de cartas y es la acompa\u00f1ante ideal para todos tus componentes de juego, para tus cajas para mazos, tus fichas, tus bol\u00edgrafos y papeles, tus dados y todo tipo de accesorios. Adem\u00e1s, incluye una bandeja para dados convertible. La flexibilidad absoluta en una caja, tan compacta que cabe en la mayor\u00eda de las mochilas.<\/p>\n<p>Tiene espacio para <strong>600<\/strong> cartas en dobles fundas u <strong>800<\/strong> cartas de juegos de mesa con fundas. El <strong>separador acr\u00edlico<\/strong> se puede ajustar o extraer, de manera que queda espacio libre para otros componentes del juego o para mazos si no se quiere usar para las cartas. La caja Games\u2019 Lair 600+ tiene cajones extra\u00edbles ocultos con solapas magn\u00e9ticas, una cubierta totalmente extra\u00edble que se transforma en bandeja para dados y compartimentos para cuadernos de notas, fichas y dados.<\/p>\n<p>Gracias a nuestro valorado <strong>sistema CONVERTIBLE<\/strong>, la tapa se acopla a la parte inferior y ahorra un espacio considerable en la mesa de juego. Sus imanes potentes, junto con su sistema de cierre innovador, eliminan por completo el riesgo de aperturas incluso si se sacude la caja.<\/p>\n<p>Tambi\u00e9n est\u00e1 disponible en una versi\u00f3n m\u00e1s exclusiva, cubierta de Nexofyber+ negro con un forro interior de microfibra de color intenso.<\/p>\n[fusion_global id=\"14659\"]\n","protected":false},"featured_media":18751,"template":"","meta":[],"product_brand":[],"product_cat":[496,506,505],"product_tag":[],"class_list":{"0":"post-21163","1":"product","2":"type-product","3":"status-publish","4":"has-post-thumbnail","6":"product_cat-cajas","7":"product_cat-cajas-para-juegos-premium","8":"product_cat-linea-basica-premium","10":"first","11":"instock","12":"shipping-taxable","13":"purchasable","14":"product-type-variable","15":"has-default-attributes","16":"wvs-archive-product-wrapper"},"yoast_head":"<!-- This site is optimized with the Yoast SEO plugin v27.3 - https:\/\/yoast.com\/product\/yoast-seo-wordpress\/ -->\n<title>GAMES&#039; LAIR 600+ CONVERTIBLE - GAMEGENIC - Ingenious Supplies<\/title>\n<meta name=\"description\" content=\"El Games\u2019 Lair 600+ re\u00fane todas nuestras mejores ideas en un accesorio inteligente todo en uno. Este producto innovador cumple con las expectativas de juego m\u00e1s espec\u00edficas. Esta caja compacta es perfecta para colecciones grandes de cartas y es la acompa\u00f1ante ideal para todos tus componentes de juego, para tus cajas para mazos, tus fichas, tus bol\u00edgrafos y papeles, tus dados y todo tipo de accesorios. Adem\u00e1s, incluye una bandeja para dados convertible. La flexibilidad absoluta en una caja, tan compacta que cabe en la mayor\u00eda de las mochilas.\" \/>\n<meta name=\"robots\" content=\"index, follow, max-snippet:-1, max-image-preview:large, max-video-preview:-1\" \/>\n<link rel=\"canonical\" href=\"https:\/\/www.gamegenic.com\/es\/producto\/games-lair-600-convertible\/\" \/>\n<meta property=\"og:locale\" content=\"es_ES\" \/>\n<meta property=\"og:type\" content=\"article\" \/>\n<meta property=\"og:title\" content=\"GAMES&#039; LAIR 600+ CONVERTIBLE\" \/>\n<meta property=\"og:description\" content=\"El Games\u2019 Lair 600+ re\u00fane todas nuestras mejores ideas en un accesorio inteligente todo en uno. Este producto innovador cumple con las expectativas de juego m\u00e1s espec\u00edficas. Esta caja compacta es perfecta para colecciones grandes de cartas y es la acompa\u00f1ante ideal para todos tus componentes de juego, para tus cajas para mazos, tus fichas, tus bol\u00edgrafos y papeles, tus dados y todo tipo de accesorios. Adem\u00e1s, incluye una bandeja para dados convertible. La flexibilidad absoluta en una caja, tan compacta que cabe en la mayor\u00eda de las mochilas.\" \/>\n<meta property=\"og:url\" content=\"https:\/\/www.gamegenic.com\/es\/producto\/games-lair-600-convertible\/\" \/>\n<meta property=\"og:site_name\" content=\"GAMEGENIC - Ingenious Supplies\" \/>\n<meta property=\"article:publisher\" content=\"https:\/\/www.facebook.com\/GamegenicSupplies\/\" \/>\n<meta property=\"article:modified_time\" content=\"2025-07-11T08:42:14+00:00\" \/>\n<meta property=\"og:image\" content=\"https:\/\/www.gamegenic.com\/wp-content\/uploads\/2021\/09\/fb-games-lair-600-convertible_ITDukR9cX.jpg\" \/>\n<meta name=\"twitter:card\" content=\"summary_large_image\" \/>\n<meta name=\"twitter:title\" content=\"GAMES&#039; LAIR 600+ CONVERTIBLE\" \/>\n<meta name=\"twitter:description\" content=\"El Games\u2019 Lair 600+ re\u00fane todas nuestras mejores ideas en un accesorio inteligente todo en uno. Este producto innovador cumple con las expectativas de juego m\u00e1s espec\u00edficas. Esta caja compacta es perfecta para colecciones grandes de cartas y es la acompa\u00f1ante ideal para todos tus componentes de juego, para tus cajas para mazos, tus fichas, tus bol\u00edgrafos y papeles, tus dados y todo tipo de accesorios. Adem\u00e1s, incluye una bandeja para dados convertible. La flexibilidad absoluta en una caja, tan compacta que cabe en la mayor\u00eda de las mochilas.\" \/>\n<meta name=\"twitter:image\" content=\"https:\/\/www.gamegenic.com\/wp-content\/uploads\/2021\/09\/fb-games-lair-600-convertible_ITDukR9cX.jpg\" \/>\n<meta name=\"twitter:site\" content=\"@Gamegenic_\" \/>\n<meta name=\"twitter:label1\" content=\"Tiempo de lectura\" \/>\n\t<meta name=\"twitter:data1\" content=\"2 minutos\" \/>\n<script type=\"application\/ld+json\" class=\"yoast-schema-graph\">{\"@context\":\"https:\\\/\\\/schema.org\",\"@graph\":[{\"@type\":\"WebPage\",\"@id\":\"https:\\\/\\\/www.gamegenic.com\\\/es\\\/producto\\\/games-lair-600-convertible\\\/\",\"url\":\"https:\\\/\\\/www.gamegenic.com\\\/es\\\/producto\\\/games-lair-600-convertible\\\/\",\"name\":\"GAMES' LAIR 600+ CONVERTIBLE - GAMEGENIC - Ingenious Supplies\",\"isPartOf\":{\"@id\":\"https:\\\/\\\/www.gamegenic.com\\\/es\\\/#website\"},\"primaryImageOfPage\":{\"@id\":\"https:\\\/\\\/www.gamegenic.com\\\/es\\\/producto\\\/games-lair-600-convertible\\\/#primaryimage\"},\"image\":{\"@id\":\"https:\\\/\\\/www.gamegenic.com\\\/es\\\/producto\\\/games-lair-600-convertible\\\/#primaryimage\"},\"thumbnailUrl\":\"https:\\\/\\\/www.gamegenic.com\\\/wp-content\\\/uploads\\\/2021\\\/09\\\/productimage-GAMES_LAIR-900_UvqTHEMxn.jpg\",\"datePublished\":\"2021-09-28T14:59:46+00:00\",\"dateModified\":\"2025-07-11T08:42:14+00:00\",\"description\":\"El Games\u2019 Lair 600+ re\u00fane todas nuestras mejores ideas en un accesorio inteligente todo en uno. Este producto innovador cumple con las expectativas de juego m\u00e1s espec\u00edficas. Esta caja compacta es perfecta para colecciones grandes de cartas y es la acompa\u00f1ante ideal para todos tus componentes de juego, para tus cajas para mazos, tus fichas, tus bol\u00edgrafos y papeles, tus dados y todo tipo de accesorios. Adem\u00e1s, incluye una bandeja para dados convertible. La flexibilidad absoluta en una caja, tan compacta que cabe en la mayor\u00eda de las mochilas.\",\"breadcrumb\":{\"@id\":\"https:\\\/\\\/www.gamegenic.com\\\/es\\\/producto\\\/games-lair-600-convertible\\\/#breadcrumb\"},\"inLanguage\":\"es\",\"potentialAction\":[{\"@type\":\"ReadAction\",\"target\":[\"https:\\\/\\\/www.gamegenic.com\\\/es\\\/producto\\\/games-lair-600-convertible\\\/\"]}]},{\"@type\":\"ImageObject\",\"inLanguage\":\"es\",\"@id\":\"https:\\\/\\\/www.gamegenic.com\\\/es\\\/producto\\\/games-lair-600-convertible\\\/#primaryimage\",\"url\":\"https:\\\/\\\/www.gamegenic.com\\\/wp-content\\\/uploads\\\/2021\\\/09\\\/productimage-GAMES_LAIR-900_UvqTHEMxn.jpg\",\"contentUrl\":\"https:\\\/\\\/www.gamegenic.com\\\/wp-content\\\/uploads\\\/2021\\\/09\\\/productimage-GAMES_LAIR-900_UvqTHEMxn.jpg\",\"width\":900,\"height\":900,\"caption\":\"GAMES LAIR 600 + CONVERTIBLE - RED\"},{\"@type\":\"BreadcrumbList\",\"@id\":\"https:\\\/\\\/www.gamegenic.com\\\/es\\\/producto\\\/games-lair-600-convertible\\\/#breadcrumb\",\"itemListElement\":[{\"@type\":\"ListItem\",\"position\":1,\"name\":\"Home\",\"item\":\"https:\\\/\\\/www.gamegenic.com\\\/es\\\/\"},{\"@type\":\"ListItem\",\"position\":2,\"name\":\"Tienda\",\"item\":\"https:\\\/\\\/www.gamegenic.com\\\/tienda\\\/\"},{\"@type\":\"ListItem\",\"position\":3,\"name\":\"GAMES&#8217; LAIR 600+ CONVERTIBLE\"}]},{\"@type\":\"WebSite\",\"@id\":\"https:\\\/\\\/www.gamegenic.com\\\/es\\\/#website\",\"url\":\"https:\\\/\\\/www.gamegenic.com\\\/es\\\/\",\"name\":\"GAMEGENIC - Ingenious Supplies\",\"description\":\"\",\"publisher\":{\"@id\":\"https:\\\/\\\/www.gamegenic.com\\\/es\\\/#organization\"},\"potentialAction\":[{\"@type\":\"SearchAction\",\"target\":{\"@type\":\"EntryPoint\",\"urlTemplate\":\"https:\\\/\\\/www.gamegenic.com\\\/es\\\/?s={search_term_string}\"},\"query-input\":{\"@type\":\"PropertyValueSpecification\",\"valueRequired\":true,\"valueName\":\"search_term_string\"}}],\"inLanguage\":\"es\"},{\"@type\":\"Organization\",\"@id\":\"https:\\\/\\\/www.gamegenic.com\\\/es\\\/#organization\",\"name\":\"Gamegenic GmbH\",\"url\":\"https:\\\/\\\/www.gamegenic.com\\\/es\\\/\",\"logo\":{\"@type\":\"ImageObject\",\"inLanguage\":\"es\",\"@id\":\"https:\\\/\\\/www.gamegenic.com\\\/es\\\/#\\\/schema\\\/logo\\\/image\\\/\",\"url\":\"https:\\\/\\\/www.gamegenic.com\\\/wp-content\\\/uploads\\\/Gamegenic-Logo-FINAL.jpg\",\"contentUrl\":\"https:\\\/\\\/www.gamegenic.com\\\/wp-content\\\/uploads\\\/Gamegenic-Logo-FINAL.jpg\",\"width\":3507,\"height\":2480,\"caption\":\"Gamegenic GmbH\"},\"image\":{\"@id\":\"https:\\\/\\\/www.gamegenic.com\\\/es\\\/#\\\/schema\\\/logo\\\/image\\\/\"},\"sameAs\":[\"https:\\\/\\\/www.facebook.com\\\/GamegenicSupplies\\\/\",\"https:\\\/\\\/x.com\\\/Gamegenic_\",\"https:\\\/\\\/www.instagram.com\\\/gamegenicsupplies\\\/\",\"https:\\\/\\\/www.youtube.com\\\/channel\\\/UCgmMXQPjjWW-Zy9ceMH6oGw\"]}]}<\/script>\n<!-- \/ Yoast SEO plugin. -->","yoast_head_json":{"title":"GAMES' LAIR 600+ CONVERTIBLE - GAMEGENIC - Ingenious Supplies","description":"El Games\u2019 Lair 600+ re\u00fane todas nuestras mejores ideas en un accesorio inteligente todo en uno. Este producto innovador cumple con las expectativas de juego m\u00e1s espec\u00edficas. Esta caja compacta es perfecta para colecciones grandes de cartas y es la acompa\u00f1ante ideal para todos tus componentes de juego, para tus cajas para mazos, tus fichas, tus bol\u00edgrafos y papeles, tus dados y todo tipo de accesorios. Adem\u00e1s, incluye una bandeja para dados convertible. La flexibilidad absoluta en una caja, tan compacta que cabe en la mayor\u00eda de las mochilas.","robots":{"index":"index","follow":"follow","max-snippet":"max-snippet:-1","max-image-preview":"max-image-preview:large","max-video-preview":"max-video-preview:-1"},"canonical":"https:\/\/www.gamegenic.com\/es\/producto\/games-lair-600-convertible\/","og_locale":"es_ES","og_type":"article","og_title":"GAMES' LAIR 600+ CONVERTIBLE","og_description":"El Games\u2019 Lair 600+ re\u00fane todas nuestras mejores ideas en un accesorio inteligente todo en uno. Este producto innovador cumple con las expectativas de juego m\u00e1s espec\u00edficas. Esta caja compacta es perfecta para colecciones grandes de cartas y es la acompa\u00f1ante ideal para todos tus componentes de juego, para tus cajas para mazos, tus fichas, tus bol\u00edgrafos y papeles, tus dados y todo tipo de accesorios. Adem\u00e1s, incluye una bandeja para dados convertible. La flexibilidad absoluta en una caja, tan compacta que cabe en la mayor\u00eda de las mochilas.","og_url":"https:\/\/www.gamegenic.com\/es\/producto\/games-lair-600-convertible\/","og_site_name":"GAMEGENIC - Ingenious Supplies","article_publisher":"https:\/\/www.facebook.com\/GamegenicSupplies\/","article_modified_time":"2025-07-11T08:42:14+00:00","og_image":[{"url":"https:\/\/www.gamegenic.com\/wp-content\/uploads\/2021\/09\/fb-games-lair-600-convertible_ITDukR9cX.jpg","type":"","width":"","height":""}],"twitter_card":"summary_large_image","twitter_title":"GAMES' LAIR 600+ CONVERTIBLE","twitter_description":"El Games\u2019 Lair 600+ re\u00fane todas nuestras mejores ideas en un accesorio inteligente todo en uno. Este producto innovador cumple con las expectativas de juego m\u00e1s espec\u00edficas. Esta caja compacta es perfecta para colecciones grandes de cartas y es la acompa\u00f1ante ideal para todos tus componentes de juego, para tus cajas para mazos, tus fichas, tus bol\u00edgrafos y papeles, tus dados y todo tipo de accesorios. Adem\u00e1s, incluye una bandeja para dados convertible. La flexibilidad absoluta en una caja, tan compacta que cabe en la mayor\u00eda de las mochilas.","twitter_image":"https:\/\/www.gamegenic.com\/wp-content\/uploads\/2021\/09\/fb-games-lair-600-convertible_ITDukR9cX.jpg","twitter_site":"@Gamegenic_","twitter_misc":{"Tiempo de lectura":"2 minutos"},"schema":{"@context":"https:\/\/schema.org","@graph":[{"@type":"WebPage","@id":"https:\/\/www.gamegenic.com\/es\/producto\/games-lair-600-convertible\/","url":"https:\/\/www.gamegenic.com\/es\/producto\/games-lair-600-convertible\/","name":"GAMES' LAIR 600+ CONVERTIBLE - GAMEGENIC - Ingenious Supplies","isPartOf":{"@id":"https:\/\/www.gamegenic.com\/es\/#website"},"primaryImageOfPage":{"@id":"https:\/\/www.gamegenic.com\/es\/producto\/games-lair-600-convertible\/#primaryimage"},"image":{"@id":"https:\/\/www.gamegenic.com\/es\/producto\/games-lair-600-convertible\/#primaryimage"},"thumbnailUrl":"https:\/\/www.gamegenic.com\/wp-content\/uploads\/2021\/09\/productimage-GAMES_LAIR-900_UvqTHEMxn.jpg","datePublished":"2021-09-28T14:59:46+00:00","dateModified":"2025-07-11T08:42:14+00:00","description":"El Games\u2019 Lair 600+ re\u00fane todas nuestras mejores ideas en un accesorio inteligente todo en uno. Este producto innovador cumple con las expectativas de juego m\u00e1s espec\u00edficas. Esta caja compacta es perfecta para colecciones grandes de cartas y es la acompa\u00f1ante ideal para todos tus componentes de juego, para tus cajas para mazos, tus fichas, tus bol\u00edgrafos y papeles, tus dados y todo tipo de accesorios. Adem\u00e1s, incluye una bandeja para dados convertible. La flexibilidad absoluta en una caja, tan compacta que cabe en la mayor\u00eda de las mochilas.","breadcrumb":{"@id":"https:\/\/www.gamegenic.com\/es\/producto\/games-lair-600-convertible\/#breadcrumb"},"inLanguage":"es","potentialAction":[{"@type":"ReadAction","target":["https:\/\/www.gamegenic.com\/es\/producto\/games-lair-600-convertible\/"]}]},{"@type":"ImageObject","inLanguage":"es","@id":"https:\/\/www.gamegenic.com\/es\/producto\/games-lair-600-convertible\/#primaryimage","url":"https:\/\/www.gamegenic.com\/wp-content\/uploads\/2021\/09\/productimage-GAMES_LAIR-900_UvqTHEMxn.jpg","contentUrl":"https:\/\/www.gamegenic.com\/wp-content\/uploads\/2021\/09\/productimage-GAMES_LAIR-900_UvqTHEMxn.jpg","width":900,"height":900,"caption":"GAMES LAIR 600 + CONVERTIBLE - RED"},{"@type":"BreadcrumbList","@id":"https:\/\/www.gamegenic.com\/es\/producto\/games-lair-600-convertible\/#breadcrumb","itemListElement":[{"@type":"ListItem","position":1,"name":"Home","item":"https:\/\/www.gamegenic.com\/es\/"},{"@type":"ListItem","position":2,"name":"Tienda","item":"https:\/\/www.gamegenic.com\/tienda\/"},{"@type":"ListItem","position":3,"name":"GAMES&#8217; LAIR 600+ CONVERTIBLE"}]},{"@type":"WebSite","@id":"https:\/\/www.gamegenic.com\/es\/#website","url":"https:\/\/www.gamegenic.com\/es\/","name":"GAMEGENIC - Ingenious Supplies","description":"","publisher":{"@id":"https:\/\/www.gamegenic.com\/es\/#organization"},"potentialAction":[{"@type":"SearchAction","target":{"@type":"EntryPoint","urlTemplate":"https:\/\/www.gamegenic.com\/es\/?s={search_term_string}"},"query-input":{"@type":"PropertyValueSpecification","valueRequired":true,"valueName":"search_term_string"}}],"inLanguage":"es"},{"@type":"Organization","@id":"https:\/\/www.gamegenic.com\/es\/#organization","name":"Gamegenic GmbH","url":"https:\/\/www.gamegenic.com\/es\/","logo":{"@type":"ImageObject","inLanguage":"es","@id":"https:\/\/www.gamegenic.com\/es\/#\/schema\/logo\/image\/","url":"https:\/\/www.gamegenic.com\/wp-content\/uploads\/Gamegenic-Logo-FINAL.jpg","contentUrl":"https:\/\/www.gamegenic.com\/wp-content\/uploads\/Gamegenic-Logo-FINAL.jpg","width":3507,"height":2480,"caption":"Gamegenic GmbH"},"image":{"@id":"https:\/\/www.gamegenic.com\/es\/#\/schema\/logo\/image\/"},"sameAs":["https:\/\/www.facebook.com\/GamegenicSupplies\/","https:\/\/x.com\/Gamegenic_","https:\/\/www.instagram.com\/gamegenicsupplies\/","https:\/\/www.youtube.com\/channel\/UCgmMXQPjjWW-Zy9ceMH6oGw"]}]}},"_links":{"self":[{"href":"https:\/\/www.gamegenic.com\/es\/wp-json\/wp\/v2\/product\/21163","targetHints":{"allow":["GET"]}}],"collection":[{"href":"https:\/\/www.gamegenic.com\/es\/wp-json\/wp\/v2\/product"}],"about":[{"href":"https:\/\/www.gamegenic.com\/es\/wp-json\/wp\/v2\/types\/product"}],"wp:featuredmedia":[{"embeddable":true,"href":"https:\/\/www.gamegenic.com\/es\/wp-json\/wp\/v2\/media\/18751"}],"wp:attachment":[{"href":"https:\/\/www.gamegenic.com\/es\/wp-json\/wp\/v2\/media?parent=21163"}],"wp:term":[{"taxonomy":"product_brand","embeddable":true,"href":"https:\/\/www.gamegenic.com\/es\/wp-json\/wp\/v2\/product_brand?post=21163"},{"taxonomy":"product_cat","embeddable":true,"href":"https:\/\/www.gamegenic.com\/es\/wp-json\/wp\/v2\/product_cat?post=21163"},{"taxonomy":"product_tag","embeddable":true,"href":"https:\/\/www.gamegenic.com\/es\/wp-json\/wp\/v2\/product_tag?post=21163"}],"curies":[{"name":"wp","href":"https:\/\/api.w.org\/{rel}","templated":true}]}}