{"id":21154,"date":"2021-07-14T14:30:20","date_gmt":"2021-07-14T12:30:20","guid":{"rendered":"https:\/\/www.gamegenic.com\/product\/ticket-to-ride-europe-art-sleeves\/"},"modified":"2025-07-11T10:46:50","modified_gmt":"2025-07-11T08:46:50","slug":"ticket-to-ride-europe-art-sleeves","status":"publish","type":"product","link":"https:\/\/www.gamegenic.com\/es\/producto\/ticket-to-ride-europe-art-sleeves\/","title":{"rendered":"TICKET TO RIDE\u00ae EUROPE<br \/>ART SLEEVES"},"content":{"rendered":"<div class=\"fusion-fullwidth fullwidth-box fusion-builder-row-1 nonhundred-percent-fullwidth non-hundred-percent-height-scrolling gg-summary gg-position\" style=\"--awb-border-radius-top-left:0px;--awb-border-radius-top-right:0px;--awb-border-radius-bottom-right:0px;--awb-border-radius-bottom-left:0px;--awb-flex-wrap:wrap;\" id=\"gg-anker\" ><div class=\"fusion-builder-row fusion-row\"><div class=\"fusion-layout-column fusion_builder_column fusion-builder-column-0 fusion_builder_column_1_2 1_2 fusion-one-half fusion-column-first gg-features\" style=\"--awb-bg-size:cover;width:50%;width:calc(50% - ( ( 60px ) * 0.5 ) );margin-right: 60px;\"><div class=\"fusion-column-wrapper fusion-column-has-shadow fusion-flex-column-wrapper-legacy\"><div class=\"fusion-text fusion-text-1\"><h2>CARACTER\u00cdSTICAS<\/h2>\n<ul>\n<li>Ilustraciones oficiales<\/li>\n<li>Todo en uno: conjunto de fundas completo para las 168 cartas del cl\u00e1sico Pasajeros al Tren Europa (y algunas fundas adicionales m\u00e1s)<\/li>\n<li>Mejora tu juego: fundas especialmente dise\u00f1adas con ilustraciones \u00fanicas para darle un aire nuevo y renovado a tu juego<\/li>\n<li>Protecci\u00f3n de calidad: evitan que se doblen las esquinas o que las cartas se ara\u00f1en o sufran da\u00f1os por barajarlas constantemente<\/li>\n<li>Anverso y reverso mates para que se vean claramente y se reduzca la fatiga visual durante las partidas. Gran sensaci\u00f3n al barajar<\/li>\n<li>Zonas de uni\u00f3n son de gran resistencia, lo cual las hace muy duraderas<\/li>\n<li>Sin \u00e1cidos, sin PVC<\/li>\n<\/ul>\n<\/div><div class=\"fusion-clearfix\"><\/div><\/div><\/div><div class=\"fusion-layout-column fusion_builder_column fusion-builder-column-1 fusion_builder_column_1_2 1_2 fusion-one-half fusion-column-last\" style=\"--awb-bg-size:cover;width:50%;width:calc(50% - ( ( 60px ) * 0.5 ) );\"><div class=\"fusion-column-wrapper fusion-column-has-shadow fusion-flex-column-wrapper-legacy\">\n<h2>ESPECIFICACIONES<\/h2>\n<div class=\"table-2\">\n<table style=\"width: 100.522%;\" width=\"100%\">\n<tbody>\n<tr>\n<td align=\"left\">Tama\u00f1o de la funda<\/td>\n<td align=\"left\">58 x 90 mm<\/td>\n<\/tr>\n<tr>\n<td style=\"vertical-align: top;\" align=\"left\">Material<\/td>\n<td align=\"left\">Polipropileno<\/td>\n<\/tr>\n<tr>\n<td class=\"textontop\" align=\"left\">Cantidad por paquete<\/td>\n<td align=\"left\">114 fundas de tren<br \/>\n50 fundas para billetes<br \/>\n+4 fundas transparentes<br \/>\npremium para tarjetas<\/td>\n<\/tr>\n<tr>\n<td>Tipo de embalaje<\/td>\n<td>Caja de cart\u00f3n con ventana<\/td>\n<\/tr>\n<\/tbody>\n<\/table>\n<\/div>\n<h2 style=\"margin-top:60px\">MSRP<i data-tooltip=\"No se pueden realizar compras a trav\u00e9s de este sitio web. Todos los precios indicados son el precio de venta al p\u00fablico recomendado por el fabricante en euros (con IVA) o en d\u00f3lares (sin IVA). Los posibles gastos de env\u00edo no est\u00e1n incluidos. Los precios indicados no son vinculantes y pueden tratarse como una recomendaci\u00f3n.\" class=\"fas fa-info-circle gg-tooltip\">\uf05a<\/i><\/h2>\n<form action=\"\" method=\"post\" id=\"alg_currency_selector\"><select name=\"alg_currency\" id=\"alg_currency_select\" class=\"alg_currency_select\" onchange=\"this.form.submit()\"><option id=\"alg_currency_USD\" value=\"USD\" >USD<\/option><option id=\"alg_currency_EUR\" value=\"EUR\"  selected='selected'>EUR<\/option><option id=\"alg_currency_CAD\" value=\"CAD\" >U.S.-USD<\/option><\/select><noscript><input type=\"submit\" value=\"Refresh\"><\/noscript><\/form>\n<span class=\"woocommerce-Price-amount amount\"><bdi><span class=\"woocommerce-Price-currencySymbol\">EUR<\/span>&nbsp;17,99<\/bdi><\/span>\n\n<\/p>\n<div class=\"fusion-alignleft\"><a class=\"fusion-button button-flat fusion-button-default-size button-default fusion-button-default button-1 fusion-button-default-span fusion-button-default-type shopfinder-button\" target=\"_blank\" rel=\"noopener noreferrer\" href=\"https:\/\/www.gamegenic.com\/es\/buscador-de-tiendas\/\"><i class=\"fa-globe-americas fas awb-button__icon awb-button__icon--default button-icon-left\" aria-hidden=\"true\"><\/i><span class=\"fusion-button-text awb-button__text awb-button__text--default\">D\u00f3nde comprarlos<\/span><\/a><\/div>\n<\/p>\n<div class=\"fusion-clearfix\"><\/div><\/div><\/div><\/div><\/div>\n","protected":false},"excerpt":{"rendered":"<p><strong>\u00a1Mejora tu juego! Las primeras fundas ilustradas oficiales para Ticket to Ride<span style=\"font-size: 10pt;\"><sup>\u00ae<\/sup><\/span>. Protege tus cartas con estos dise\u00f1os exclusivos para darle un aire nuevo y mejorado a tu juego.\u00a0<\/strong><br \/>\nEl viaje comienza con el embalaje de primera calidad de las fundas, que combina perfectamente con los dise\u00f1os originales del juego. Como puedes ver, estas fundas son la pareja ideal para el juego. Son de gran calidad y mates, con ilustraciones oficiales que est\u00e1n especialmente dise\u00f1adas para las cartas originales de Ticket to Ride<span style=\"font-size: 10pt;\"><sup>\u00ae<\/sup><\/span> Europa. Adem\u00e1s, tienen el tama\u00f1o perfecto para la versi\u00f3n Europa del juego. El pack todo en uno incluye 114 fundas para trenes, 50 para billetes, 4 fundas transparentes y algunas fundas adicionales m\u00e1s.<\/p>\n","protected":false},"featured_media":18579,"template":"","meta":[],"product_brand":[],"product_cat":[509,527,532,516],"product_tag":[],"class_list":{"0":"post-21154","1":"product","2":"type-product","3":"status-publish","4":"has-post-thumbnail","6":"product_cat-fundas","7":"product_cat-licencias","8":"product_cat-ticket-to-ride-es","9":"product_cat-ticket-to-ride-art-sleeves-es","11":"first","12":"instock","13":"shipping-taxable","14":"purchasable","15":"product-type-variable","16":"has-default-attributes","17":"wvs-archive-product-wrapper"},"yoast_head":"<!-- This site is optimized with the Yoast SEO plugin v27.3 - https:\/\/yoast.com\/product\/yoast-seo-wordpress\/ -->\n<title>TICKET TO RIDE\u00ae EUROPEART SLEEVES - GAMEGENIC - Ingenious Supplies<\/title>\n<meta name=\"description\" content=\"\u00a1Mejora tu juego! Las primeras fundas ilustradas oficiales para Ticket to Ride\u00ae. Protege tus cartas con estos dise\u00f1os exclusivos para darle un aire nuevo y mejorado a tu juego.\" \/>\n<meta name=\"robots\" content=\"index, follow, max-snippet:-1, max-image-preview:large, max-video-preview:-1\" \/>\n<link rel=\"canonical\" href=\"https:\/\/www.gamegenic.com\/es\/producto\/ticket-to-ride-europe-art-sleeves\/\" \/>\n<meta property=\"og:locale\" content=\"es_ES\" \/>\n<meta property=\"og:type\" content=\"article\" \/>\n<meta property=\"og:title\" content=\"Ticket to Ride\u00ae Europe Art Sleeves\" \/>\n<meta property=\"og:description\" content=\"\u00a1Mejora tu juego! Las primeras fundas ilustradas oficiales para Ticket to Ride\u00ae. Protege tus cartas con estos dise\u00f1os exclusivos para darle un aire nuevo y mejorado a tu juego. El viaje comienza con el embalaje de primera calidad de las fundas, que combina perfectamente con los dise\u00f1os originales del juego. Como puedes ver, estas fundas son la pareja ideal para el juego. Son de gran calidad y mates, con ilustraciones oficiales que est\u00e1n especialmente dise\u00f1adas para las cartas originales de Ticket to Ride\u00ae Europa. Adem\u00e1s, tienen el tama\u00f1o perfecto para la versi\u00f3n Europa del juego. El pack todo en uno incluye 114 fundas para trenes, 50 para billetes, 4 fundas transparentes y algunas fundas adicionales m\u00e1s.\" \/>\n<meta property=\"og:url\" content=\"https:\/\/www.gamegenic.com\/es\/producto\/ticket-to-ride-europe-art-sleeves\/\" \/>\n<meta property=\"og:site_name\" content=\"GAMEGENIC - Ingenious Supplies\" \/>\n<meta property=\"article:publisher\" content=\"https:\/\/www.facebook.com\/GamegenicSupplies\/\" \/>\n<meta property=\"article:modified_time\" content=\"2025-07-11T08:46:50+00:00\" \/>\n<meta property=\"og:image\" content=\"https:\/\/www.gamegenic.com\/wp-content\/uploads\/2021\/07\/fb-ticket2ride_qm8fsW1Hh.jpg\" \/>\n<meta name=\"twitter:card\" content=\"summary_large_image\" \/>\n<meta name=\"twitter:title\" content=\"Ticket to Ride\u00ae Europe Art Sleeves\" \/>\n<meta name=\"twitter:description\" content=\"\u00a1Mejora tu juego! Las primeras fundas ilustradas oficiales para Ticket to Ride\u00ae. Protege tus cartas con estos dise\u00f1os exclusivos para darle un aire nuevo y mejorado a tu juego. El viaje comienza con el embalaje de primera calidad de las fundas, que combina perfectamente con los dise\u00f1os originales del juego. Como puedes ver, estas fundas son la pareja ideal para el juego. Son de gran calidad y mates, con ilustraciones oficiales que est\u00e1n especialmente dise\u00f1adas para las cartas originales de Ticket to Ride\u00ae Europa. Adem\u00e1s, tienen el tama\u00f1o perfecto para la versi\u00f3n Europa del juego. El pack todo en uno incluye 114 fundas para trenes, 50 para billetes, 4 fundas transparentes y algunas fundas adicionales m\u00e1s.\" \/>\n<meta name=\"twitter:image\" content=\"https:\/\/www.gamegenic.com\/wp-content\/uploads\/2021\/07\/fb-ticket2ride_qm8fsW1Hh.jpg\" \/>\n<meta name=\"twitter:site\" content=\"@Gamegenic_\" \/>\n<meta name=\"twitter:label1\" content=\"Tiempo de lectura\" \/>\n\t<meta name=\"twitter:data1\" content=\"1 minuto\" \/>\n<script type=\"application\/ld+json\" class=\"yoast-schema-graph\">{\"@context\":\"https:\\\/\\\/schema.org\",\"@graph\":[{\"@type\":\"WebPage\",\"@id\":\"https:\\\/\\\/www.gamegenic.com\\\/es\\\/producto\\\/ticket-to-ride-europe-art-sleeves\\\/\",\"url\":\"https:\\\/\\\/www.gamegenic.com\\\/es\\\/producto\\\/ticket-to-ride-europe-art-sleeves\\\/\",\"name\":\"TICKET TO RIDE\u00ae EUROPE ART SLEEVES - GAMEGENIC - Ingenious Supplies\",\"isPartOf\":{\"@id\":\"https:\\\/\\\/www.gamegenic.com\\\/es\\\/#website\"},\"primaryImageOfPage\":{\"@id\":\"https:\\\/\\\/www.gamegenic.com\\\/es\\\/producto\\\/ticket-to-ride-europe-art-sleeves\\\/#primaryimage\"},\"image\":{\"@id\":\"https:\\\/\\\/www.gamegenic.com\\\/es\\\/producto\\\/ticket-to-ride-europe-art-sleeves\\\/#primaryimage\"},\"thumbnailUrl\":\"https:\\\/\\\/www.gamegenic.com\\\/wp-content\\\/uploads\\\/2021\\\/07\\\/GG_T2R_EU_Sleeves_0001_M6J8itgNB.jpg\",\"datePublished\":\"2021-07-14T12:30:20+00:00\",\"dateModified\":\"2025-07-11T08:46:50+00:00\",\"description\":\"\u00a1Mejora tu juego! Las primeras fundas ilustradas oficiales para Ticket to Ride\u00ae. Protege tus cartas con estos dise\u00f1os exclusivos para darle un aire nuevo y mejorado a tu juego.\",\"breadcrumb\":{\"@id\":\"https:\\\/\\\/www.gamegenic.com\\\/es\\\/producto\\\/ticket-to-ride-europe-art-sleeves\\\/#breadcrumb\"},\"inLanguage\":\"es\",\"potentialAction\":[{\"@type\":\"ReadAction\",\"target\":[\"https:\\\/\\\/www.gamegenic.com\\\/es\\\/producto\\\/ticket-to-ride-europe-art-sleeves\\\/\"]}]},{\"@type\":\"ImageObject\",\"inLanguage\":\"es\",\"@id\":\"https:\\\/\\\/www.gamegenic.com\\\/es\\\/producto\\\/ticket-to-ride-europe-art-sleeves\\\/#primaryimage\",\"url\":\"https:\\\/\\\/www.gamegenic.com\\\/wp-content\\\/uploads\\\/2021\\\/07\\\/GG_T2R_EU_Sleeves_0001_M6J8itgNB.jpg\",\"contentUrl\":\"https:\\\/\\\/www.gamegenic.com\\\/wp-content\\\/uploads\\\/2021\\\/07\\\/GG_T2R_EU_Sleeves_0001_M6J8itgNB.jpg\",\"width\":900,\"height\":900,\"caption\":\"Ticket to Ride Sleeves - Europe\"},{\"@type\":\"BreadcrumbList\",\"@id\":\"https:\\\/\\\/www.gamegenic.com\\\/es\\\/producto\\\/ticket-to-ride-europe-art-sleeves\\\/#breadcrumb\",\"itemListElement\":[{\"@type\":\"ListItem\",\"position\":1,\"name\":\"Home\",\"item\":\"https:\\\/\\\/www.gamegenic.com\\\/es\\\/\"},{\"@type\":\"ListItem\",\"position\":2,\"name\":\"Tienda\",\"item\":\"https:\\\/\\\/www.gamegenic.com\\\/tienda\\\/\"},{\"@type\":\"ListItem\",\"position\":3,\"name\":\"TICKET TO RIDE\u00ae EUROPEART SLEEVES\"}]},{\"@type\":\"WebSite\",\"@id\":\"https:\\\/\\\/www.gamegenic.com\\\/es\\\/#website\",\"url\":\"https:\\\/\\\/www.gamegenic.com\\\/es\\\/\",\"name\":\"GAMEGENIC - Ingenious Supplies\",\"description\":\"\",\"publisher\":{\"@id\":\"https:\\\/\\\/www.gamegenic.com\\\/es\\\/#organization\"},\"potentialAction\":[{\"@type\":\"SearchAction\",\"target\":{\"@type\":\"EntryPoint\",\"urlTemplate\":\"https:\\\/\\\/www.gamegenic.com\\\/es\\\/?s={search_term_string}\"},\"query-input\":{\"@type\":\"PropertyValueSpecification\",\"valueRequired\":true,\"valueName\":\"search_term_string\"}}],\"inLanguage\":\"es\"},{\"@type\":\"Organization\",\"@id\":\"https:\\\/\\\/www.gamegenic.com\\\/es\\\/#organization\",\"name\":\"Gamegenic GmbH\",\"url\":\"https:\\\/\\\/www.gamegenic.com\\\/es\\\/\",\"logo\":{\"@type\":\"ImageObject\",\"inLanguage\":\"es\",\"@id\":\"https:\\\/\\\/www.gamegenic.com\\\/es\\\/#\\\/schema\\\/logo\\\/image\\\/\",\"url\":\"https:\\\/\\\/www.gamegenic.com\\\/wp-content\\\/uploads\\\/Gamegenic-Logo-FINAL.jpg\",\"contentUrl\":\"https:\\\/\\\/www.gamegenic.com\\\/wp-content\\\/uploads\\\/Gamegenic-Logo-FINAL.jpg\",\"width\":3507,\"height\":2480,\"caption\":\"Gamegenic GmbH\"},\"image\":{\"@id\":\"https:\\\/\\\/www.gamegenic.com\\\/es\\\/#\\\/schema\\\/logo\\\/image\\\/\"},\"sameAs\":[\"https:\\\/\\\/www.facebook.com\\\/GamegenicSupplies\\\/\",\"https:\\\/\\\/x.com\\\/Gamegenic_\",\"https:\\\/\\\/www.instagram.com\\\/gamegenicsupplies\\\/\",\"https:\\\/\\\/www.youtube.com\\\/channel\\\/UCgmMXQPjjWW-Zy9ceMH6oGw\"]}]}<\/script>\n<!-- \/ Yoast SEO plugin. -->","yoast_head_json":{"title":"TICKET TO RIDE\u00ae EUROPEART SLEEVES - GAMEGENIC - Ingenious Supplies","description":"\u00a1Mejora tu juego! Las primeras fundas ilustradas oficiales para Ticket to Ride\u00ae. Protege tus cartas con estos dise\u00f1os exclusivos para darle un aire nuevo y mejorado a tu juego.","robots":{"index":"index","follow":"follow","max-snippet":"max-snippet:-1","max-image-preview":"max-image-preview:large","max-video-preview":"max-video-preview:-1"},"canonical":"https:\/\/www.gamegenic.com\/es\/producto\/ticket-to-ride-europe-art-sleeves\/","og_locale":"es_ES","og_type":"article","og_title":"Ticket to Ride\u00ae Europe Art Sleeves","og_description":"\u00a1Mejora tu juego! Las primeras fundas ilustradas oficiales para Ticket to Ride\u00ae. Protege tus cartas con estos dise\u00f1os exclusivos para darle un aire nuevo y mejorado a tu juego. El viaje comienza con el embalaje de primera calidad de las fundas, que combina perfectamente con los dise\u00f1os originales del juego. Como puedes ver, estas fundas son la pareja ideal para el juego. Son de gran calidad y mates, con ilustraciones oficiales que est\u00e1n especialmente dise\u00f1adas para las cartas originales de Ticket to Ride\u00ae Europa. Adem\u00e1s, tienen el tama\u00f1o perfecto para la versi\u00f3n Europa del juego. El pack todo en uno incluye 114 fundas para trenes, 50 para billetes, 4 fundas transparentes y algunas fundas adicionales m\u00e1s.","og_url":"https:\/\/www.gamegenic.com\/es\/producto\/ticket-to-ride-europe-art-sleeves\/","og_site_name":"GAMEGENIC - Ingenious Supplies","article_publisher":"https:\/\/www.facebook.com\/GamegenicSupplies\/","article_modified_time":"2025-07-11T08:46:50+00:00","og_image":[{"url":"https:\/\/www.gamegenic.com\/wp-content\/uploads\/2021\/07\/fb-ticket2ride_qm8fsW1Hh.jpg","type":"","width":"","height":""}],"twitter_card":"summary_large_image","twitter_title":"Ticket to Ride\u00ae Europe Art Sleeves","twitter_description":"\u00a1Mejora tu juego! Las primeras fundas ilustradas oficiales para Ticket to Ride\u00ae. Protege tus cartas con estos dise\u00f1os exclusivos para darle un aire nuevo y mejorado a tu juego. El viaje comienza con el embalaje de primera calidad de las fundas, que combina perfectamente con los dise\u00f1os originales del juego. Como puedes ver, estas fundas son la pareja ideal para el juego. Son de gran calidad y mates, con ilustraciones oficiales que est\u00e1n especialmente dise\u00f1adas para las cartas originales de Ticket to Ride\u00ae Europa. Adem\u00e1s, tienen el tama\u00f1o perfecto para la versi\u00f3n Europa del juego. El pack todo en uno incluye 114 fundas para trenes, 50 para billetes, 4 fundas transparentes y algunas fundas adicionales m\u00e1s.","twitter_image":"https:\/\/www.gamegenic.com\/wp-content\/uploads\/2021\/07\/fb-ticket2ride_qm8fsW1Hh.jpg","twitter_site":"@Gamegenic_","twitter_misc":{"Tiempo de lectura":"1 minuto"},"schema":{"@context":"https:\/\/schema.org","@graph":[{"@type":"WebPage","@id":"https:\/\/www.gamegenic.com\/es\/producto\/ticket-to-ride-europe-art-sleeves\/","url":"https:\/\/www.gamegenic.com\/es\/producto\/ticket-to-ride-europe-art-sleeves\/","name":"TICKET TO RIDE\u00ae EUROPE ART SLEEVES - GAMEGENIC - Ingenious Supplies","isPartOf":{"@id":"https:\/\/www.gamegenic.com\/es\/#website"},"primaryImageOfPage":{"@id":"https:\/\/www.gamegenic.com\/es\/producto\/ticket-to-ride-europe-art-sleeves\/#primaryimage"},"image":{"@id":"https:\/\/www.gamegenic.com\/es\/producto\/ticket-to-ride-europe-art-sleeves\/#primaryimage"},"thumbnailUrl":"https:\/\/www.gamegenic.com\/wp-content\/uploads\/2021\/07\/GG_T2R_EU_Sleeves_0001_M6J8itgNB.jpg","datePublished":"2021-07-14T12:30:20+00:00","dateModified":"2025-07-11T08:46:50+00:00","description":"\u00a1Mejora tu juego! Las primeras fundas ilustradas oficiales para Ticket to Ride\u00ae. Protege tus cartas con estos dise\u00f1os exclusivos para darle un aire nuevo y mejorado a tu juego.","breadcrumb":{"@id":"https:\/\/www.gamegenic.com\/es\/producto\/ticket-to-ride-europe-art-sleeves\/#breadcrumb"},"inLanguage":"es","potentialAction":[{"@type":"ReadAction","target":["https:\/\/www.gamegenic.com\/es\/producto\/ticket-to-ride-europe-art-sleeves\/"]}]},{"@type":"ImageObject","inLanguage":"es","@id":"https:\/\/www.gamegenic.com\/es\/producto\/ticket-to-ride-europe-art-sleeves\/#primaryimage","url":"https:\/\/www.gamegenic.com\/wp-content\/uploads\/2021\/07\/GG_T2R_EU_Sleeves_0001_M6J8itgNB.jpg","contentUrl":"https:\/\/www.gamegenic.com\/wp-content\/uploads\/2021\/07\/GG_T2R_EU_Sleeves_0001_M6J8itgNB.jpg","width":900,"height":900,"caption":"Ticket to Ride Sleeves - Europe"},{"@type":"BreadcrumbList","@id":"https:\/\/www.gamegenic.com\/es\/producto\/ticket-to-ride-europe-art-sleeves\/#breadcrumb","itemListElement":[{"@type":"ListItem","position":1,"name":"Home","item":"https:\/\/www.gamegenic.com\/es\/"},{"@type":"ListItem","position":2,"name":"Tienda","item":"https:\/\/www.gamegenic.com\/tienda\/"},{"@type":"ListItem","position":3,"name":"TICKET TO RIDE\u00ae EUROPEART SLEEVES"}]},{"@type":"WebSite","@id":"https:\/\/www.gamegenic.com\/es\/#website","url":"https:\/\/www.gamegenic.com\/es\/","name":"GAMEGENIC - Ingenious Supplies","description":"","publisher":{"@id":"https:\/\/www.gamegenic.com\/es\/#organization"},"potentialAction":[{"@type":"SearchAction","target":{"@type":"EntryPoint","urlTemplate":"https:\/\/www.gamegenic.com\/es\/?s={search_term_string}"},"query-input":{"@type":"PropertyValueSpecification","valueRequired":true,"valueName":"search_term_string"}}],"inLanguage":"es"},{"@type":"Organization","@id":"https:\/\/www.gamegenic.com\/es\/#organization","name":"Gamegenic GmbH","url":"https:\/\/www.gamegenic.com\/es\/","logo":{"@type":"ImageObject","inLanguage":"es","@id":"https:\/\/www.gamegenic.com\/es\/#\/schema\/logo\/image\/","url":"https:\/\/www.gamegenic.com\/wp-content\/uploads\/Gamegenic-Logo-FINAL.jpg","contentUrl":"https:\/\/www.gamegenic.com\/wp-content\/uploads\/Gamegenic-Logo-FINAL.jpg","width":3507,"height":2480,"caption":"Gamegenic GmbH"},"image":{"@id":"https:\/\/www.gamegenic.com\/es\/#\/schema\/logo\/image\/"},"sameAs":["https:\/\/www.facebook.com\/GamegenicSupplies\/","https:\/\/x.com\/Gamegenic_","https:\/\/www.instagram.com\/gamegenicsupplies\/","https:\/\/www.youtube.com\/channel\/UCgmMXQPjjWW-Zy9ceMH6oGw"]}]}},"_links":{"self":[{"href":"https:\/\/www.gamegenic.com\/es\/wp-json\/wp\/v2\/product\/21154","targetHints":{"allow":["GET"]}}],"collection":[{"href":"https:\/\/www.gamegenic.com\/es\/wp-json\/wp\/v2\/product"}],"about":[{"href":"https:\/\/www.gamegenic.com\/es\/wp-json\/wp\/v2\/types\/product"}],"wp:featuredmedia":[{"embeddable":true,"href":"https:\/\/www.gamegenic.com\/es\/wp-json\/wp\/v2\/media\/18579"}],"wp:attachment":[{"href":"https:\/\/www.gamegenic.com\/es\/wp-json\/wp\/v2\/media?parent=21154"}],"wp:term":[{"taxonomy":"product_brand","embeddable":true,"href":"https:\/\/www.gamegenic.com\/es\/wp-json\/wp\/v2\/product_brand?post=21154"},{"taxonomy":"product_cat","embeddable":true,"href":"https:\/\/www.gamegenic.com\/es\/wp-json\/wp\/v2\/product_cat?post=21154"},{"taxonomy":"product_tag","embeddable":true,"href":"https:\/\/www.gamegenic.com\/es\/wp-json\/wp\/v2\/product_tag?post=21154"}],"curies":[{"name":"wp","href":"https:\/\/api.w.org\/{rel}","templated":true}]}}