{"id":21119,"date":"2020-10-27T11:29:39","date_gmt":"2020-10-27T10:29:39","guid":{"rendered":"https:\/\/www.gamegenic.com\/product\/standard-card-game-value-pack-200-matte-sleeves\/"},"modified":"2026-04-21T13:28:15","modified_gmt":"2026-04-21T11:28:15","slug":"standard-card-game-value-pack-200-matte-sleeves","status":"publish","type":"product","link":"https:\/\/www.gamegenic.com\/es\/producto\/standard-card-game-value-pack-200-matte-sleeves\/","title":{"rendered":"<span style=\"font-size: 0.6em\"> STANDARD CARD GAME<\/span><\/br> <span style=\"line-height: 80%;\">VALUE PACK 200<\/span><\/br> <span style=\"font-size: 0.6em;\"> <strong>MATTE<\/strong> SLEEVES<\/span>"},"content":{"rendered":"<div class=\"fusion-fullwidth fullwidth-box fusion-builder-row-1 nonhundred-percent-fullwidth non-hundred-percent-height-scrolling gg-summary gg-position\" style=\"--awb-border-radius-top-left:0px;--awb-border-radius-top-right:0px;--awb-border-radius-bottom-right:0px;--awb-border-radius-bottom-left:0px;--awb-flex-wrap:wrap;\" id=\"gg-anker\" ><div class=\"fusion-builder-row fusion-row\"><div class=\"fusion-layout-column fusion_builder_column fusion-builder-column-0 fusion_builder_column_1_2 1_2 fusion-one-half fusion-column-first gg-features\" style=\"--awb-bg-size:cover;width:50%;width:calc(50% - ( ( 60px ) * 0.5 ) );margin-right: 60px;\"><div class=\"fusion-column-wrapper fusion-column-has-shadow fusion-flex-column-wrapper-legacy\"><div class=\"fusion-text fusion-text-1\"><h2>CARACTER\u00cdSTICAS<\/h2>\n<ul>\n<li>Paquete de <strong>200 fundas<\/strong> de tama\u00f1o est\u00e1ndar<\/li>\n<li>Anverso y reverso mates para que se vean claramente y se reduzca la fatiga visual durante las partidas<\/li>\n<li>Evitan que se doblen las esquinas o que las cartas se ara\u00f1en o sufran da\u00f1os por barajarlas constantemente<\/li>\n<li>Grosor reforzado para una resistencia mayor<\/li>\n<li>Gran sensaci\u00f3n al barajar<\/li>\n<li>Tama\u00f1o: <strong>66 x 91<\/strong> mm<\/li>\n<li>Sin \u00e1cidos Sin PVC<\/li>\n<\/ul>\n<\/div><div class=\"fusion-clearfix\"><\/div><\/div><\/div><div class=\"fusion-layout-column fusion_builder_column fusion-builder-column-1 fusion_builder_column_1_2 1_2 fusion-one-half fusion-column-last\" style=\"--awb-bg-size:cover;width:50%;width:calc(50% - ( ( 60px ) * 0.5 ) );\"><div class=\"fusion-column-wrapper fusion-column-has-shadow fusion-flex-column-wrapper-legacy\">\n<h2>ESPECIFICACIONES<\/h2>\n<div class=\"table-2\">\n<table width=\"100%\">\n<tbody>\n<tr>\n<td align=\"left\">Tama\u00f1o de la funda Prime Sleeve<\/td>\n<td align=\"left\">66 x 91 mm<\/td>\n<\/tr>\n<tr>\n<td align=\"left\">Tama\u00f1o de la carta<\/td>\n<td align=\"left\">hasta 64 x 89 mm<\/td>\n<\/tr>\n<tr>\n<td style=\"vertical-align: top;\" align=\"left\">Cantidad por paquete<\/td>\n<td align=\"left\">200 fundas por paquete<\/td>\n<\/tr>\n<tr>\n<td style=\"vertical-align: top;\" align=\"left\">Material<\/td>\n<td align=\"left\">Polipropileno<\/td>\n<\/tr>\n<tr>\n<td align=\"left\">Tipo de embalaje<\/td>\n<td align=\"left\">Caja de cart\u00f3n<\/td>\n<\/tr>\n<\/tbody>\n<\/table>\n<\/div>\n<h2 style=\"margin-top:60px\">MSRP<i data-tooltip=\"No se pueden realizar compras a trav\u00e9s de este sitio web. Todos los precios indicados son el precio de venta al p\u00fablico recomendado por el fabricante en euros (con IVA) o en d\u00f3lares (sin IVA). Los posibles gastos de env\u00edo no est\u00e1n incluidos. Los precios indicados no son vinculantes y pueden tratarse como una recomendaci\u00f3n.\" class=\"fas fa-info-circle gg-tooltip\">\uf05a<\/i><\/h2>\n<form action=\"\" method=\"post\" id=\"alg_currency_selector\"><select name=\"alg_currency\" id=\"alg_currency_select\" class=\"alg_currency_select\" onchange=\"this.form.submit()\"><option id=\"alg_currency_USD\" value=\"USD\" >USD<\/option><option id=\"alg_currency_EUR\" value=\"EUR\"  selected='selected'>EUR<\/option><option id=\"alg_currency_CAD\" value=\"CAD\" >U.S.-USD<\/option><\/select><noscript><input type=\"submit\" value=\"Refresh\"><\/noscript><\/form>\n<span class=\"woocommerce-Price-amount amount\"><bdi><span class=\"woocommerce-Price-currencySymbol\">EUR<\/span>&nbsp;11,49<\/bdi><\/span>\n\n<div class=\"fusion-alignleft\"><a class=\"fusion-button button-flat fusion-button-default-size button-default fusion-button-default button-1 fusion-button-default-span fusion-button-default-type shopfinder-button\" target=\"_blank\" rel=\"noopener noreferrer\" href=\"https:\/\/www.gamegenic.com\/es\/buscador-de-tiendas\/\"><i class=\"fa-globe-americas fas awb-button__icon awb-button__icon--default button-icon-left\" aria-hidden=\"true\"><\/i><span class=\"fusion-button-text awb-button__text awb-button__text--default\">D\u00f3nde comprarlos<\/span><\/a><\/div>\n<div class=\"fusion-clearfix\"><\/div><\/div><\/div><\/div><\/div>\n","protected":false},"excerpt":{"rendered":"<p>\u00a1Nunca se tienen suficientes fundas! Este paquete contiene <strong>200 fundas de tama\u00f1o est\u00e1ndar Matte<\/strong> para que puedas proteger una gran cantidad de cartas. Por eso, es perfecto para proteger profesionalmente mazos de cartas coleccionables o mazos de juegos de mesa. Estas fundas est\u00e1n hechas con los mismos est\u00e1ndares de calidad que el resto de las fundas mates. El laminado mate de estas fundas acaba con los reflejos molestos y garantiza as\u00ed que las cartas puedan verse perfectamente desde todos los \u00e1ngulos. Tambi\u00e9n ayuda a reducir la fatiga visual durante las partidas. El grosor reforzado de 100 micras a\u00f1ade peso y resistencia.<\/p>\n<p><a href=\"https:\/\/www.gamegenic.com\/es\/producto\/standard-card-game-value-pack-200\/\">Tambi\u00e9n est\u00e1n disponibles en formato b\u00e1sico en el paquete de 200 fundas Standard Card Game Value Pack 200 con Prime Sleeves.<\/a><\/p>\n","protected":false},"featured_media":50591,"template":"","meta":[],"product_brand":[],"product_cat":[509,513,494,515],"product_tag":[],"class_list":{"0":"post-21119","1":"product","2":"type-product","3":"status-publish","4":"has-post-thumbnail","6":"product_cat-fundas","7":"product_cat-fundas-estandar","8":"product_cat-fundas-para-juegos-de-mesa","9":"product_cat-value-pack-200-es","11":"first","12":"instock","13":"shipping-taxable","14":"purchasable","15":"product-type-variable","16":"has-default-attributes","17":"wvs-archive-product-wrapper"},"yoast_head":"<!-- This site is optimized with the Yoast SEO plugin v27.3 - https:\/\/yoast.com\/product\/yoast-seo-wordpress\/ -->\n<title>STANDARD CARD GAME VALUE PACK 200  MATTE SLEEVES - GAMEGENIC - Ingenious Supplies<\/title>\n<meta name=\"description\" content=\"\u00a1Nunca se tienen suficientes fundas! Este paquete contiene 200 fundas de tama\u00f1o est\u00e1ndar Matte para que puedas proteger una gran cantidad de cartas. Por eso, es perfecto para proteger profesionalmente mazos de cartas coleccionables o mazos de juegos de mesa. Estas fundas est\u00e1n hechas con los mismos est\u00e1ndares de calidad que el resto de las fundas mates. El laminado mate de estas fundas acaba con los reflejos molestos y garantiza as\u00ed que las cartas puedan verse perfectamente desde todos los \u00e1ngulos. Tambi\u00e9n ayuda a reducir la fatiga visual durante las partidas. El grosor reforzado de 100 micras a\u00f1ade peso y resistencia.\" \/>\n<meta name=\"robots\" content=\"index, follow, max-snippet:-1, max-image-preview:large, max-video-preview:-1\" \/>\n<link rel=\"canonical\" href=\"https:\/\/www.gamegenic.com\/es\/producto\/standard-card-game-value-pack-200-matte-sleeves\/\" \/>\n<meta property=\"og:locale\" content=\"es_ES\" \/>\n<meta property=\"og:type\" content=\"article\" \/>\n<meta property=\"og:title\" content=\"STANDARD CARD GAME - VALUE PACK 200 - MATTE SLEEVES\" \/>\n<meta property=\"og:description\" content=\"\u00a1Nunca se tienen suficientes fundas! Este paquete contiene 200 fundas de tama\u00f1o est\u00e1ndar Matte para que puedas proteger una gran cantidad de cartas. Por eso, es perfecto para proteger profesionalmente mazos de cartas coleccionables o mazos de juegos de mesa. Estas fundas est\u00e1n hechas con los mismos est\u00e1ndares de calidad que el resto de las fundas mates. El laminado mate de estas fundas acaba con los reflejos molestos y garantiza as\u00ed que las cartas puedan verse perfectamente desde todos los \u00e1ngulos. Tambi\u00e9n ayuda a reducir la fatiga visual durante las partidas. El grosor reforzado de 100 micras a\u00f1ade peso y resistencia.\" \/>\n<meta property=\"og:url\" content=\"https:\/\/www.gamegenic.com\/es\/producto\/standard-card-game-value-pack-200-matte-sleeves\/\" \/>\n<meta property=\"og:site_name\" content=\"GAMEGENIC - Ingenious Supplies\" \/>\n<meta property=\"article:publisher\" content=\"https:\/\/www.facebook.com\/GamegenicSupplies\/\" \/>\n<meta property=\"article:modified_time\" content=\"2026-04-21T11:28:15+00:00\" \/>\n<meta property=\"og:image\" content=\"https:\/\/www.gamegenic.com\/wp-content\/uploads\/fb-double_sleeving_pack.jpg\" \/>\n<meta name=\"twitter:card\" content=\"summary_large_image\" \/>\n<meta name=\"twitter:title\" content=\"STANDARD CARD GAME - VALUE PACK 200 - MATTE SLEEVES\" \/>\n<meta name=\"twitter:description\" content=\"\u00a1Nunca se tienen suficientes fundas! Este paquete contiene 200 fundas de tama\u00f1o est\u00e1ndar Matte para que puedas proteger una gran cantidad de cartas. Por eso, es perfecto para proteger profesionalmente mazos de cartas coleccionables o mazos de juegos de mesa. Estas fundas est\u00e1n hechas con los mismos est\u00e1ndares de calidad que el resto de las fundas mates. El laminado mate de estas fundas acaba con los reflejos molestos y garantiza as\u00ed que las cartas puedan verse perfectamente desde todos los \u00e1ngulos. Tambi\u00e9n ayuda a reducir la fatiga visual durante las partidas. El grosor reforzado de 100 micras a\u00f1ade peso y resistencia.\" \/>\n<meta name=\"twitter:image\" content=\"https:\/\/www.gamegenic.com\/wp-content\/uploads\/fb-double_sleeving_pack.jpg\" \/>\n<meta name=\"twitter:site\" content=\"@Gamegenic_\" \/>\n<meta name=\"twitter:label1\" content=\"Tiempo de lectura\" \/>\n\t<meta name=\"twitter:data1\" content=\"1 minuto\" \/>\n<script type=\"application\/ld+json\" class=\"yoast-schema-graph\">{\"@context\":\"https:\\\/\\\/schema.org\",\"@graph\":[{\"@type\":\"WebPage\",\"@id\":\"https:\\\/\\\/www.gamegenic.com\\\/es\\\/producto\\\/standard-card-game-value-pack-200-matte-sleeves\\\/\",\"url\":\"https:\\\/\\\/www.gamegenic.com\\\/es\\\/producto\\\/standard-card-game-value-pack-200-matte-sleeves\\\/\",\"name\":\"STANDARD CARD GAME VALUE PACK 200 MATTE SLEEVES - GAMEGENIC - Ingenious Supplies\",\"isPartOf\":{\"@id\":\"https:\\\/\\\/www.gamegenic.com\\\/es\\\/#website\"},\"primaryImageOfPage\":{\"@id\":\"https:\\\/\\\/www.gamegenic.com\\\/es\\\/producto\\\/standard-card-game-value-pack-200-matte-sleeves\\\/#primaryimage\"},\"image\":{\"@id\":\"https:\\\/\\\/www.gamegenic.com\\\/es\\\/producto\\\/standard-card-game-value-pack-200-matte-sleeves\\\/#primaryimage\"},\"thumbnailUrl\":\"https:\\\/\\\/www.gamegenic.com\\\/wp-content\\\/uploads\\\/2020\\\/10\\\/GG-Standard-Card-Game-Value-Pack-200_Sleeves_MATTE-Packaging-0002_1DQlszWKA-scaled.jpg\",\"datePublished\":\"2020-10-27T10:29:39+00:00\",\"dateModified\":\"2026-04-21T11:28:15+00:00\",\"description\":\"\u00a1Nunca se tienen suficientes fundas! Este paquete contiene 200 fundas de tama\u00f1o est\u00e1ndar Matte para que puedas proteger una gran cantidad de cartas. Por eso, es perfecto para proteger profesionalmente mazos de cartas coleccionables o mazos de juegos de mesa. Estas fundas est\u00e1n hechas con los mismos est\u00e1ndares de calidad que el resto de las fundas mates. El laminado mate de estas fundas acaba con los reflejos molestos y garantiza as\u00ed que las cartas puedan verse perfectamente desde todos los \u00e1ngulos. Tambi\u00e9n ayuda a reducir la fatiga visual durante las partidas. El grosor reforzado de 100 micras a\u00f1ade peso y resistencia.\",\"breadcrumb\":{\"@id\":\"https:\\\/\\\/www.gamegenic.com\\\/es\\\/producto\\\/standard-card-game-value-pack-200-matte-sleeves\\\/#breadcrumb\"},\"inLanguage\":\"es\",\"potentialAction\":[{\"@type\":\"ReadAction\",\"target\":[\"https:\\\/\\\/www.gamegenic.com\\\/es\\\/producto\\\/standard-card-game-value-pack-200-matte-sleeves\\\/\"]}]},{\"@type\":\"ImageObject\",\"inLanguage\":\"es\",\"@id\":\"https:\\\/\\\/www.gamegenic.com\\\/es\\\/producto\\\/standard-card-game-value-pack-200-matte-sleeves\\\/#primaryimage\",\"url\":\"https:\\\/\\\/www.gamegenic.com\\\/wp-content\\\/uploads\\\/2020\\\/10\\\/GG-Standard-Card-Game-Value-Pack-200_Sleeves_MATTE-Packaging-0002_1DQlszWKA-scaled.jpg\",\"contentUrl\":\"https:\\\/\\\/www.gamegenic.com\\\/wp-content\\\/uploads\\\/2020\\\/10\\\/GG-Standard-Card-Game-Value-Pack-200_Sleeves_MATTE-Packaging-0002_1DQlszWKA-scaled.jpg\",\"width\":2560,\"height\":2560,\"caption\":\"Matt Value Pack Sleeves\"},{\"@type\":\"BreadcrumbList\",\"@id\":\"https:\\\/\\\/www.gamegenic.com\\\/es\\\/producto\\\/standard-card-game-value-pack-200-matte-sleeves\\\/#breadcrumb\",\"itemListElement\":[{\"@type\":\"ListItem\",\"position\":1,\"name\":\"Home\",\"item\":\"https:\\\/\\\/www.gamegenic.com\\\/es\\\/\"},{\"@type\":\"ListItem\",\"position\":2,\"name\":\"Tienda\",\"item\":\"https:\\\/\\\/www.gamegenic.com\\\/tienda\\\/\"},{\"@type\":\"ListItem\",\"position\":3,\"name\":\"STANDARD CARD GAME VALUE PACK 200 MATTE SLEEVES\"}]},{\"@type\":\"WebSite\",\"@id\":\"https:\\\/\\\/www.gamegenic.com\\\/es\\\/#website\",\"url\":\"https:\\\/\\\/www.gamegenic.com\\\/es\\\/\",\"name\":\"GAMEGENIC - Ingenious Supplies\",\"description\":\"\",\"publisher\":{\"@id\":\"https:\\\/\\\/www.gamegenic.com\\\/es\\\/#organization\"},\"potentialAction\":[{\"@type\":\"SearchAction\",\"target\":{\"@type\":\"EntryPoint\",\"urlTemplate\":\"https:\\\/\\\/www.gamegenic.com\\\/es\\\/?s={search_term_string}\"},\"query-input\":{\"@type\":\"PropertyValueSpecification\",\"valueRequired\":true,\"valueName\":\"search_term_string\"}}],\"inLanguage\":\"es\"},{\"@type\":\"Organization\",\"@id\":\"https:\\\/\\\/www.gamegenic.com\\\/es\\\/#organization\",\"name\":\"Gamegenic GmbH\",\"url\":\"https:\\\/\\\/www.gamegenic.com\\\/es\\\/\",\"logo\":{\"@type\":\"ImageObject\",\"inLanguage\":\"es\",\"@id\":\"https:\\\/\\\/www.gamegenic.com\\\/es\\\/#\\\/schema\\\/logo\\\/image\\\/\",\"url\":\"https:\\\/\\\/www.gamegenic.com\\\/wp-content\\\/uploads\\\/Gamegenic-Logo-FINAL.jpg\",\"contentUrl\":\"https:\\\/\\\/www.gamegenic.com\\\/wp-content\\\/uploads\\\/Gamegenic-Logo-FINAL.jpg\",\"width\":3507,\"height\":2480,\"caption\":\"Gamegenic GmbH\"},\"image\":{\"@id\":\"https:\\\/\\\/www.gamegenic.com\\\/es\\\/#\\\/schema\\\/logo\\\/image\\\/\"},\"sameAs\":[\"https:\\\/\\\/www.facebook.com\\\/GamegenicSupplies\\\/\",\"https:\\\/\\\/x.com\\\/Gamegenic_\",\"https:\\\/\\\/www.instagram.com\\\/gamegenicsupplies\\\/\",\"https:\\\/\\\/www.youtube.com\\\/channel\\\/UCgmMXQPjjWW-Zy9ceMH6oGw\"]}]}<\/script>\n<!-- \/ Yoast SEO plugin. -->","yoast_head_json":{"title":"STANDARD CARD GAME VALUE PACK 200  MATTE SLEEVES - GAMEGENIC - Ingenious Supplies","description":"\u00a1Nunca se tienen suficientes fundas! Este paquete contiene 200 fundas de tama\u00f1o est\u00e1ndar Matte para que puedas proteger una gran cantidad de cartas. Por eso, es perfecto para proteger profesionalmente mazos de cartas coleccionables o mazos de juegos de mesa. Estas fundas est\u00e1n hechas con los mismos est\u00e1ndares de calidad que el resto de las fundas mates. El laminado mate de estas fundas acaba con los reflejos molestos y garantiza as\u00ed que las cartas puedan verse perfectamente desde todos los \u00e1ngulos. Tambi\u00e9n ayuda a reducir la fatiga visual durante las partidas. El grosor reforzado de 100 micras a\u00f1ade peso y resistencia.","robots":{"index":"index","follow":"follow","max-snippet":"max-snippet:-1","max-image-preview":"max-image-preview:large","max-video-preview":"max-video-preview:-1"},"canonical":"https:\/\/www.gamegenic.com\/es\/producto\/standard-card-game-value-pack-200-matte-sleeves\/","og_locale":"es_ES","og_type":"article","og_title":"STANDARD CARD GAME - VALUE PACK 200 - MATTE SLEEVES","og_description":"\u00a1Nunca se tienen suficientes fundas! Este paquete contiene 200 fundas de tama\u00f1o est\u00e1ndar Matte para que puedas proteger una gran cantidad de cartas. Por eso, es perfecto para proteger profesionalmente mazos de cartas coleccionables o mazos de juegos de mesa. Estas fundas est\u00e1n hechas con los mismos est\u00e1ndares de calidad que el resto de las fundas mates. El laminado mate de estas fundas acaba con los reflejos molestos y garantiza as\u00ed que las cartas puedan verse perfectamente desde todos los \u00e1ngulos. Tambi\u00e9n ayuda a reducir la fatiga visual durante las partidas. El grosor reforzado de 100 micras a\u00f1ade peso y resistencia.","og_url":"https:\/\/www.gamegenic.com\/es\/producto\/standard-card-game-value-pack-200-matte-sleeves\/","og_site_name":"GAMEGENIC - Ingenious Supplies","article_publisher":"https:\/\/www.facebook.com\/GamegenicSupplies\/","article_modified_time":"2026-04-21T11:28:15+00:00","og_image":[{"url":"https:\/\/www.gamegenic.com\/wp-content\/uploads\/fb-double_sleeving_pack.jpg","type":"","width":"","height":""}],"twitter_card":"summary_large_image","twitter_title":"STANDARD CARD GAME - VALUE PACK 200 - MATTE SLEEVES","twitter_description":"\u00a1Nunca se tienen suficientes fundas! Este paquete contiene 200 fundas de tama\u00f1o est\u00e1ndar Matte para que puedas proteger una gran cantidad de cartas. Por eso, es perfecto para proteger profesionalmente mazos de cartas coleccionables o mazos de juegos de mesa. Estas fundas est\u00e1n hechas con los mismos est\u00e1ndares de calidad que el resto de las fundas mates. El laminado mate de estas fundas acaba con los reflejos molestos y garantiza as\u00ed que las cartas puedan verse perfectamente desde todos los \u00e1ngulos. Tambi\u00e9n ayuda a reducir la fatiga visual durante las partidas. El grosor reforzado de 100 micras a\u00f1ade peso y resistencia.","twitter_image":"https:\/\/www.gamegenic.com\/wp-content\/uploads\/fb-double_sleeving_pack.jpg","twitter_site":"@Gamegenic_","twitter_misc":{"Tiempo de lectura":"1 minuto"},"schema":{"@context":"https:\/\/schema.org","@graph":[{"@type":"WebPage","@id":"https:\/\/www.gamegenic.com\/es\/producto\/standard-card-game-value-pack-200-matte-sleeves\/","url":"https:\/\/www.gamegenic.com\/es\/producto\/standard-card-game-value-pack-200-matte-sleeves\/","name":"STANDARD CARD GAME VALUE PACK 200 MATTE SLEEVES - GAMEGENIC - Ingenious Supplies","isPartOf":{"@id":"https:\/\/www.gamegenic.com\/es\/#website"},"primaryImageOfPage":{"@id":"https:\/\/www.gamegenic.com\/es\/producto\/standard-card-game-value-pack-200-matte-sleeves\/#primaryimage"},"image":{"@id":"https:\/\/www.gamegenic.com\/es\/producto\/standard-card-game-value-pack-200-matte-sleeves\/#primaryimage"},"thumbnailUrl":"https:\/\/www.gamegenic.com\/wp-content\/uploads\/2020\/10\/GG-Standard-Card-Game-Value-Pack-200_Sleeves_MATTE-Packaging-0002_1DQlszWKA-scaled.jpg","datePublished":"2020-10-27T10:29:39+00:00","dateModified":"2026-04-21T11:28:15+00:00","description":"\u00a1Nunca se tienen suficientes fundas! Este paquete contiene 200 fundas de tama\u00f1o est\u00e1ndar Matte para que puedas proteger una gran cantidad de cartas. Por eso, es perfecto para proteger profesionalmente mazos de cartas coleccionables o mazos de juegos de mesa. Estas fundas est\u00e1n hechas con los mismos est\u00e1ndares de calidad que el resto de las fundas mates. El laminado mate de estas fundas acaba con los reflejos molestos y garantiza as\u00ed que las cartas puedan verse perfectamente desde todos los \u00e1ngulos. Tambi\u00e9n ayuda a reducir la fatiga visual durante las partidas. El grosor reforzado de 100 micras a\u00f1ade peso y resistencia.","breadcrumb":{"@id":"https:\/\/www.gamegenic.com\/es\/producto\/standard-card-game-value-pack-200-matte-sleeves\/#breadcrumb"},"inLanguage":"es","potentialAction":[{"@type":"ReadAction","target":["https:\/\/www.gamegenic.com\/es\/producto\/standard-card-game-value-pack-200-matte-sleeves\/"]}]},{"@type":"ImageObject","inLanguage":"es","@id":"https:\/\/www.gamegenic.com\/es\/producto\/standard-card-game-value-pack-200-matte-sleeves\/#primaryimage","url":"https:\/\/www.gamegenic.com\/wp-content\/uploads\/2020\/10\/GG-Standard-Card-Game-Value-Pack-200_Sleeves_MATTE-Packaging-0002_1DQlszWKA-scaled.jpg","contentUrl":"https:\/\/www.gamegenic.com\/wp-content\/uploads\/2020\/10\/GG-Standard-Card-Game-Value-Pack-200_Sleeves_MATTE-Packaging-0002_1DQlszWKA-scaled.jpg","width":2560,"height":2560,"caption":"Matt Value Pack Sleeves"},{"@type":"BreadcrumbList","@id":"https:\/\/www.gamegenic.com\/es\/producto\/standard-card-game-value-pack-200-matte-sleeves\/#breadcrumb","itemListElement":[{"@type":"ListItem","position":1,"name":"Home","item":"https:\/\/www.gamegenic.com\/es\/"},{"@type":"ListItem","position":2,"name":"Tienda","item":"https:\/\/www.gamegenic.com\/tienda\/"},{"@type":"ListItem","position":3,"name":"STANDARD CARD GAME VALUE PACK 200 MATTE SLEEVES"}]},{"@type":"WebSite","@id":"https:\/\/www.gamegenic.com\/es\/#website","url":"https:\/\/www.gamegenic.com\/es\/","name":"GAMEGENIC - Ingenious Supplies","description":"","publisher":{"@id":"https:\/\/www.gamegenic.com\/es\/#organization"},"potentialAction":[{"@type":"SearchAction","target":{"@type":"EntryPoint","urlTemplate":"https:\/\/www.gamegenic.com\/es\/?s={search_term_string}"},"query-input":{"@type":"PropertyValueSpecification","valueRequired":true,"valueName":"search_term_string"}}],"inLanguage":"es"},{"@type":"Organization","@id":"https:\/\/www.gamegenic.com\/es\/#organization","name":"Gamegenic GmbH","url":"https:\/\/www.gamegenic.com\/es\/","logo":{"@type":"ImageObject","inLanguage":"es","@id":"https:\/\/www.gamegenic.com\/es\/#\/schema\/logo\/image\/","url":"https:\/\/www.gamegenic.com\/wp-content\/uploads\/Gamegenic-Logo-FINAL.jpg","contentUrl":"https:\/\/www.gamegenic.com\/wp-content\/uploads\/Gamegenic-Logo-FINAL.jpg","width":3507,"height":2480,"caption":"Gamegenic GmbH"},"image":{"@id":"https:\/\/www.gamegenic.com\/es\/#\/schema\/logo\/image\/"},"sameAs":["https:\/\/www.facebook.com\/GamegenicSupplies\/","https:\/\/x.com\/Gamegenic_","https:\/\/www.instagram.com\/gamegenicsupplies\/","https:\/\/www.youtube.com\/channel\/UCgmMXQPjjWW-Zy9ceMH6oGw"]}]}},"_links":{"self":[{"href":"https:\/\/www.gamegenic.com\/es\/wp-json\/wp\/v2\/product\/21119","targetHints":{"allow":["GET"]}}],"collection":[{"href":"https:\/\/www.gamegenic.com\/es\/wp-json\/wp\/v2\/product"}],"about":[{"href":"https:\/\/www.gamegenic.com\/es\/wp-json\/wp\/v2\/types\/product"}],"wp:featuredmedia":[{"embeddable":true,"href":"https:\/\/www.gamegenic.com\/es\/wp-json\/wp\/v2\/media\/50591"}],"wp:attachment":[{"href":"https:\/\/www.gamegenic.com\/es\/wp-json\/wp\/v2\/media?parent=21119"}],"wp:term":[{"taxonomy":"product_brand","embeddable":true,"href":"https:\/\/www.gamegenic.com\/es\/wp-json\/wp\/v2\/product_brand?post=21119"},{"taxonomy":"product_cat","embeddable":true,"href":"https:\/\/www.gamegenic.com\/es\/wp-json\/wp\/v2\/product_cat?post=21119"},{"taxonomy":"product_tag","embeddable":true,"href":"https:\/\/www.gamegenic.com\/es\/wp-json\/wp\/v2\/product_tag?post=21119"}],"curies":[{"name":"wp","href":"https:\/\/api.w.org\/{rel}","templated":true}]}}