{"id":20993,"date":"2020-02-18T14:31:55","date_gmt":"2020-02-18T13:31:55","guid":{"rendered":"https:\/\/www.gamegenic.com\/product\/prime-playset-ring-binder\/"},"modified":"2025-08-20T09:28:18","modified_gmt":"2025-08-20T07:28:18","slug":"prime-playset-d-ring-binder","status":"publish","type":"product","link":"https:\/\/www.gamegenic.com\/es\/producto\/prime-playset-d-ring-binder\/","title":{"rendered":"PRIME PLAYSET D-RING BINDER"},"content":{"rendered":"<div class=\"fusion-fullwidth fullwidth-box fusion-builder-row-1 nonhundred-percent-fullwidth non-hundred-percent-height-scrolling gg-summary gg-position\" style=\"--awb-border-radius-top-left:0px;--awb-border-radius-top-right:0px;--awb-border-radius-bottom-right:0px;--awb-border-radius-bottom-left:0px;--awb-flex-wrap:wrap;\" id=\"gg-anker\" ><div class=\"fusion-builder-row fusion-row\"><div class=\"fusion-layout-column fusion_builder_column fusion-builder-column-0 fusion_builder_column_1_2 1_2 fusion-one-half fusion-column-first gg-features\" style=\"--awb-bg-size:cover;width:50%;width:calc(50% - ( ( 60px ) * 0.5 ) );margin-right: 60px;\"><div class=\"fusion-column-wrapper fusion-column-has-shadow fusion-flex-column-wrapper-legacy\"><div class=\"fusion-text fusion-text-1\"><h2>CARACTER\u00cdSTICAS<\/h2>\n<ul>\n<li>Tiene capacidad para almacenar p\u00e1ginas est\u00e1ndar de <strong>12<\/strong> o <strong>24<\/strong> bolsillos<\/li>\n<li>Incluye anillas en D resistentes con bisagras reforzadas<\/li>\n<li>Optimizada para p\u00e1ginas de bolsillos PLAYSET<\/li>\n<li>Tapas r\u00edgidas para m\u00e1s protecci\u00f3n<\/li>\n<li>Ranura con el tama\u00f1o perfecto para cualquier carta est\u00e1ndar<\/li>\n<li>Etiqueta en la parte trasera perfecta para personalizar la carpeta<\/li>\n<li>Materiales de primera calidad (superficie exterior de Nexofyber y forro interior de microfibra)<\/li>\n<\/ul>\n<\/div><div class=\"fusion-clearfix\"><\/div><\/div><\/div><div class=\"fusion-layout-column fusion_builder_column fusion-builder-column-1 fusion_builder_column_1_2 1_2 fusion-one-half fusion-column-last\" style=\"--awb-bg-size:cover;width:50%;width:calc(50% - ( ( 60px ) * 0.5 ) );\"><div class=\"fusion-column-wrapper fusion-column-has-shadow fusion-flex-column-wrapper-legacy\">\n<h2>ESPECIFICACIONES<\/h2>\n<div class=\"table-2\">\n<table width=\"100%\">\n<tbody>\n<tr>\n<td style=\"vertical-align: top;\" align=\"left\">Tama\u00f1o de los productos<br \/>\n<span class=\"gg-wdh\">(ancho x fondo x alto)<\/span><\/td>\n<td style=\"vertical-align: top;\" align=\"left\">370 x 90 x 310 mm<\/td>\n<\/tr>\n<tr>\n<td style=\"vertical-align: top;\" align=\"left\">Material<\/td>\n<td style=\"vertical-align: top;\" align=\"left\">Superficie exterior de Nexofyber y forro interior de microfibra<\/td>\n<\/tr>\n<tr>\n<td style=\"vertical-align: top;\" align=\"left\">Tipo de embalaje<\/td>\n<td style=\"vertical-align: top;\" align=\"left\">Caja de cart\u00f3n<\/td>\n<\/tr>\n<\/tbody>\n<\/table>\n<\/div>\n<h2 style=\"margin-top:60px\">MSRP<i data-tooltip=\"No se pueden realizar compras a trav\u00e9s de este sitio web. Todos los precios indicados son el precio de venta al p\u00fablico recomendado por el fabricante en euros (con IVA) o en d\u00f3lares (sin IVA). Los posibles gastos de env\u00edo no est\u00e1n incluidos. Los precios indicados no son vinculantes y pueden tratarse como una recomendaci\u00f3n.\" class=\"fas fa-info-circle gg-tooltip\">\uf05a<\/i><\/h2>\n<form action=\"\" method=\"post\" id=\"alg_currency_selector\"><select name=\"alg_currency\" id=\"alg_currency_select\" class=\"alg_currency_select\" onchange=\"this.form.submit()\"><option id=\"alg_currency_USD\" value=\"USD\" >USD<\/option><option id=\"alg_currency_EUR\" value=\"EUR\"  selected='selected'>EUR<\/option><option id=\"alg_currency_CAD\" value=\"CAD\" >U.S.-USD<\/option><\/select><noscript><input type=\"submit\" value=\"Refresh\"><\/noscript><\/form>\n<span class=\"woocommerce-Price-amount amount\"><bdi><span class=\"woocommerce-Price-currencySymbol\">EUR<\/span>&nbsp;34,99<\/bdi><\/span>\n\n<div class=\"fusion-alignleft\"><a class=\"fusion-button button-flat fusion-button-default-size button-default fusion-button-default button-1 fusion-button-default-span fusion-button-default-type shopfinder-button\" target=\"_blank\" rel=\"noopener noreferrer\" href=\"https:\/\/www.gamegenic.com\/es\/buscador-de-tiendas\/\"><i class=\"fa-globe-americas fas awb-button__icon awb-button__icon--default button-icon-left\" aria-hidden=\"true\"><\/i><span class=\"fusion-button-text awb-button__text awb-button__text--default\">D\u00f3nde comprarlos<\/span><\/a><\/div>\n<div class=\"fusion-clearfix\"><\/div><\/div><\/div><\/div><\/div>\n","protected":false},"excerpt":{"rendered":"<p class=\"p1\">Esta carpeta de anillas tiene 3 anillas en D y es adecuada para almacenar p\u00e1ginas est\u00e1ndar de 24 o 12 bolsillos. El tama\u00f1o de esta carpeta hace que sea el modelo \u00f3ptimo para guardar tus p\u00e1ginas Playset. El exterior de la carpeta est\u00e1 hecho de Nexofyber, un material innovador que consigue crear una superficie agradable al tacto sin renunciar a la elegancia y que, adem\u00e1s, es resistente al agua y a la suciedad. El interior de la carpeta Prime Playset D-Ring Binder protege las cartas con un forro suave de microfibra. Incluye una ranura con el tama\u00f1o perfecto para cualquier carta est\u00e1ndar, pero que tambi\u00e9n tiene el tama\u00f1o de la etiqueta de la parte trasera de la carpeta. De esta manera, la carpeta se puede etiquetar de varias formas. Las tapas reforzadas aseguran que tus colecciones de cartas Playset est\u00e9n seguras.<\/p>\n<p>Las p\u00e1ginas no est\u00e1n incluidas.<\/p>\n<p class=\"p1\">.<\/p>\n","protected":false},"featured_media":16709,"template":"","meta":[],"product_brand":[],"product_cat":[492,489],"product_tag":[],"class_list":{"0":"post-20993","1":"product","2":"type-product","3":"status-publish","4":"has-post-thumbnail","6":"product_cat-carpeta-de-anillas","7":"product_cat-carpetas-y-albumes","9":"first","10":"instock","11":"shipping-taxable","12":"purchasable","13":"product-type-variable","14":"has-default-attributes","15":"wvs-archive-product-wrapper"},"yoast_head":"<!-- This site is optimized with the Yoast SEO plugin v27.3 - https:\/\/yoast.com\/product\/yoast-seo-wordpress\/ -->\n<title>PRIME PLAYSET D-RING BINDER - GAMEGENIC - Ingenious Supplies<\/title>\n<meta name=\"description\" content=\"Esta carpeta de anillas tiene 3 anillas en D y es adecuada para almacenar p\u00e1ginas est\u00e1ndar de 24 o 12 bolsillos. El tama\u00f1o de esta carpeta hace que sea el modelo \u00f3ptimo para guardar tus p\u00e1ginas Playset.\" \/>\n<meta name=\"robots\" content=\"index, follow, max-snippet:-1, max-image-preview:large, max-video-preview:-1\" \/>\n<link rel=\"canonical\" href=\"https:\/\/www.gamegenic.com\/es\/producto\/prime-playset-d-ring-binder\/\" \/>\n<meta property=\"og:locale\" content=\"es_ES\" \/>\n<meta property=\"og:type\" content=\"article\" \/>\n<meta property=\"og:title\" content=\"PRIME PLAYSET D-RING BINDER\" \/>\n<meta property=\"og:description\" content=\"Esta carpeta de anillas tiene 3 anillas en D y es adecuada para almacenar p\u00e1ginas est\u00e1ndar de 24 o 12 bolsillos. El tama\u00f1o de esta carpeta hace que sea el modelo \u00f3ptimo para guardar tus p\u00e1ginas Playset.\" \/>\n<meta property=\"og:url\" content=\"https:\/\/www.gamegenic.com\/es\/producto\/prime-playset-d-ring-binder\/\" \/>\n<meta property=\"og:site_name\" content=\"GAMEGENIC - Ingenious Supplies\" \/>\n<meta property=\"article:publisher\" content=\"https:\/\/www.facebook.com\/GamegenicSupplies\/\" \/>\n<meta property=\"article:modified_time\" content=\"2025-08-20T07:28:18+00:00\" \/>\n<meta property=\"og:image\" content=\"https:\/\/www.gamegenic.com\/wp-content\/uploads\/2020\/02\/fb-ringbinder-playset_oDZy5OYnH.jpg\" \/>\n<meta name=\"twitter:card\" content=\"summary_large_image\" \/>\n<meta name=\"twitter:title\" content=\"PRIME PLAYSET D-RING BINDER\" \/>\n<meta name=\"twitter:description\" content=\"Esta carpeta de anillas tiene 3 anillas en D y es adecuada para almacenar p\u00e1ginas est\u00e1ndar de 24 o 12 bolsillos. El tama\u00f1o de esta carpeta hace que sea el modelo \u00f3ptimo para guardar tus p\u00e1ginas Playset.\" \/>\n<meta name=\"twitter:image\" content=\"https:\/\/www.gamegenic.com\/wp-content\/uploads\/2020\/02\/fb-ringbinder-playset_oDZy5OYnH.jpg\" \/>\n<meta name=\"twitter:site\" content=\"@Gamegenic_\" \/>\n<meta name=\"twitter:label1\" content=\"Tiempo de lectura\" \/>\n\t<meta name=\"twitter:data1\" content=\"1 minuto\" \/>\n<script type=\"application\/ld+json\" class=\"yoast-schema-graph\">{\"@context\":\"https:\\\/\\\/schema.org\",\"@graph\":[{\"@type\":\"WebPage\",\"@id\":\"https:\\\/\\\/www.gamegenic.com\\\/es\\\/producto\\\/prime-playset-d-ring-binder\\\/\",\"url\":\"https:\\\/\\\/www.gamegenic.com\\\/es\\\/producto\\\/prime-playset-d-ring-binder\\\/\",\"name\":\"PRIME PLAYSET D-RING BINDER - GAMEGENIC - Ingenious Supplies\",\"isPartOf\":{\"@id\":\"https:\\\/\\\/www.gamegenic.com\\\/es\\\/#website\"},\"primaryImageOfPage\":{\"@id\":\"https:\\\/\\\/www.gamegenic.com\\\/es\\\/producto\\\/prime-playset-d-ring-binder\\\/#primaryimage\"},\"image\":{\"@id\":\"https:\\\/\\\/www.gamegenic.com\\\/es\\\/producto\\\/prime-playset-d-ring-binder\\\/#primaryimage\"},\"thumbnailUrl\":\"https:\\\/\\\/www.gamegenic.com\\\/wp-content\\\/uploads\\\/productimage-PLAYSET-RING-BIMDER-900-1.jpg\",\"datePublished\":\"2020-02-18T13:31:55+00:00\",\"dateModified\":\"2025-08-20T07:28:18+00:00\",\"description\":\"Esta carpeta de anillas tiene 3 anillas en D y es adecuada para almacenar p\u00e1ginas est\u00e1ndar de 24 o 12 bolsillos. El tama\u00f1o de esta carpeta hace que sea el modelo \u00f3ptimo para guardar tus p\u00e1ginas Playset.\",\"breadcrumb\":{\"@id\":\"https:\\\/\\\/www.gamegenic.com\\\/es\\\/producto\\\/prime-playset-d-ring-binder\\\/#breadcrumb\"},\"inLanguage\":\"es\",\"potentialAction\":[{\"@type\":\"ReadAction\",\"target\":[\"https:\\\/\\\/www.gamegenic.com\\\/es\\\/producto\\\/prime-playset-d-ring-binder\\\/\"]}]},{\"@type\":\"ImageObject\",\"inLanguage\":\"es\",\"@id\":\"https:\\\/\\\/www.gamegenic.com\\\/es\\\/producto\\\/prime-playset-d-ring-binder\\\/#primaryimage\",\"url\":\"https:\\\/\\\/www.gamegenic.com\\\/wp-content\\\/uploads\\\/productimage-PLAYSET-RING-BIMDER-900-1.jpg\",\"contentUrl\":\"https:\\\/\\\/www.gamegenic.com\\\/wp-content\\\/uploads\\\/productimage-PLAYSET-RING-BIMDER-900-1.jpg\",\"width\":900,\"height\":900,\"caption\":\"PRIME PLAYSET RING-BINDER\"},{\"@type\":\"BreadcrumbList\",\"@id\":\"https:\\\/\\\/www.gamegenic.com\\\/es\\\/producto\\\/prime-playset-d-ring-binder\\\/#breadcrumb\",\"itemListElement\":[{\"@type\":\"ListItem\",\"position\":1,\"name\":\"Home\",\"item\":\"https:\\\/\\\/www.gamegenic.com\\\/es\\\/\"},{\"@type\":\"ListItem\",\"position\":2,\"name\":\"Tienda\",\"item\":\"https:\\\/\\\/www.gamegenic.com\\\/tienda\\\/\"},{\"@type\":\"ListItem\",\"position\":3,\"name\":\"PRIME PLAYSET D-RING BINDER\"}]},{\"@type\":\"WebSite\",\"@id\":\"https:\\\/\\\/www.gamegenic.com\\\/es\\\/#website\",\"url\":\"https:\\\/\\\/www.gamegenic.com\\\/es\\\/\",\"name\":\"GAMEGENIC - Ingenious Supplies\",\"description\":\"\",\"publisher\":{\"@id\":\"https:\\\/\\\/www.gamegenic.com\\\/es\\\/#organization\"},\"potentialAction\":[{\"@type\":\"SearchAction\",\"target\":{\"@type\":\"EntryPoint\",\"urlTemplate\":\"https:\\\/\\\/www.gamegenic.com\\\/es\\\/?s={search_term_string}\"},\"query-input\":{\"@type\":\"PropertyValueSpecification\",\"valueRequired\":true,\"valueName\":\"search_term_string\"}}],\"inLanguage\":\"es\"},{\"@type\":\"Organization\",\"@id\":\"https:\\\/\\\/www.gamegenic.com\\\/es\\\/#organization\",\"name\":\"Gamegenic GmbH\",\"url\":\"https:\\\/\\\/www.gamegenic.com\\\/es\\\/\",\"logo\":{\"@type\":\"ImageObject\",\"inLanguage\":\"es\",\"@id\":\"https:\\\/\\\/www.gamegenic.com\\\/es\\\/#\\\/schema\\\/logo\\\/image\\\/\",\"url\":\"https:\\\/\\\/www.gamegenic.com\\\/wp-content\\\/uploads\\\/Gamegenic-Logo-FINAL.jpg\",\"contentUrl\":\"https:\\\/\\\/www.gamegenic.com\\\/wp-content\\\/uploads\\\/Gamegenic-Logo-FINAL.jpg\",\"width\":3507,\"height\":2480,\"caption\":\"Gamegenic GmbH\"},\"image\":{\"@id\":\"https:\\\/\\\/www.gamegenic.com\\\/es\\\/#\\\/schema\\\/logo\\\/image\\\/\"},\"sameAs\":[\"https:\\\/\\\/www.facebook.com\\\/GamegenicSupplies\\\/\",\"https:\\\/\\\/x.com\\\/Gamegenic_\",\"https:\\\/\\\/www.instagram.com\\\/gamegenicsupplies\\\/\",\"https:\\\/\\\/www.youtube.com\\\/channel\\\/UCgmMXQPjjWW-Zy9ceMH6oGw\"]}]}<\/script>\n<!-- \/ Yoast SEO plugin. -->","yoast_head_json":{"title":"PRIME PLAYSET D-RING BINDER - GAMEGENIC - Ingenious Supplies","description":"Esta carpeta de anillas tiene 3 anillas en D y es adecuada para almacenar p\u00e1ginas est\u00e1ndar de 24 o 12 bolsillos. El tama\u00f1o de esta carpeta hace que sea el modelo \u00f3ptimo para guardar tus p\u00e1ginas Playset.","robots":{"index":"index","follow":"follow","max-snippet":"max-snippet:-1","max-image-preview":"max-image-preview:large","max-video-preview":"max-video-preview:-1"},"canonical":"https:\/\/www.gamegenic.com\/es\/producto\/prime-playset-d-ring-binder\/","og_locale":"es_ES","og_type":"article","og_title":"PRIME PLAYSET D-RING BINDER","og_description":"Esta carpeta de anillas tiene 3 anillas en D y es adecuada para almacenar p\u00e1ginas est\u00e1ndar de 24 o 12 bolsillos. El tama\u00f1o de esta carpeta hace que sea el modelo \u00f3ptimo para guardar tus p\u00e1ginas Playset.","og_url":"https:\/\/www.gamegenic.com\/es\/producto\/prime-playset-d-ring-binder\/","og_site_name":"GAMEGENIC - Ingenious Supplies","article_publisher":"https:\/\/www.facebook.com\/GamegenicSupplies\/","article_modified_time":"2025-08-20T07:28:18+00:00","og_image":[{"url":"https:\/\/www.gamegenic.com\/wp-content\/uploads\/2020\/02\/fb-ringbinder-playset_oDZy5OYnH.jpg","type":"","width":"","height":""}],"twitter_card":"summary_large_image","twitter_title":"PRIME PLAYSET D-RING BINDER","twitter_description":"Esta carpeta de anillas tiene 3 anillas en D y es adecuada para almacenar p\u00e1ginas est\u00e1ndar de 24 o 12 bolsillos. El tama\u00f1o de esta carpeta hace que sea el modelo \u00f3ptimo para guardar tus p\u00e1ginas Playset.","twitter_image":"https:\/\/www.gamegenic.com\/wp-content\/uploads\/2020\/02\/fb-ringbinder-playset_oDZy5OYnH.jpg","twitter_site":"@Gamegenic_","twitter_misc":{"Tiempo de lectura":"1 minuto"},"schema":{"@context":"https:\/\/schema.org","@graph":[{"@type":"WebPage","@id":"https:\/\/www.gamegenic.com\/es\/producto\/prime-playset-d-ring-binder\/","url":"https:\/\/www.gamegenic.com\/es\/producto\/prime-playset-d-ring-binder\/","name":"PRIME PLAYSET D-RING BINDER - GAMEGENIC - Ingenious Supplies","isPartOf":{"@id":"https:\/\/www.gamegenic.com\/es\/#website"},"primaryImageOfPage":{"@id":"https:\/\/www.gamegenic.com\/es\/producto\/prime-playset-d-ring-binder\/#primaryimage"},"image":{"@id":"https:\/\/www.gamegenic.com\/es\/producto\/prime-playset-d-ring-binder\/#primaryimage"},"thumbnailUrl":"https:\/\/www.gamegenic.com\/wp-content\/uploads\/productimage-PLAYSET-RING-BIMDER-900-1.jpg","datePublished":"2020-02-18T13:31:55+00:00","dateModified":"2025-08-20T07:28:18+00:00","description":"Esta carpeta de anillas tiene 3 anillas en D y es adecuada para almacenar p\u00e1ginas est\u00e1ndar de 24 o 12 bolsillos. El tama\u00f1o de esta carpeta hace que sea el modelo \u00f3ptimo para guardar tus p\u00e1ginas Playset.","breadcrumb":{"@id":"https:\/\/www.gamegenic.com\/es\/producto\/prime-playset-d-ring-binder\/#breadcrumb"},"inLanguage":"es","potentialAction":[{"@type":"ReadAction","target":["https:\/\/www.gamegenic.com\/es\/producto\/prime-playset-d-ring-binder\/"]}]},{"@type":"ImageObject","inLanguage":"es","@id":"https:\/\/www.gamegenic.com\/es\/producto\/prime-playset-d-ring-binder\/#primaryimage","url":"https:\/\/www.gamegenic.com\/wp-content\/uploads\/productimage-PLAYSET-RING-BIMDER-900-1.jpg","contentUrl":"https:\/\/www.gamegenic.com\/wp-content\/uploads\/productimage-PLAYSET-RING-BIMDER-900-1.jpg","width":900,"height":900,"caption":"PRIME PLAYSET RING-BINDER"},{"@type":"BreadcrumbList","@id":"https:\/\/www.gamegenic.com\/es\/producto\/prime-playset-d-ring-binder\/#breadcrumb","itemListElement":[{"@type":"ListItem","position":1,"name":"Home","item":"https:\/\/www.gamegenic.com\/es\/"},{"@type":"ListItem","position":2,"name":"Tienda","item":"https:\/\/www.gamegenic.com\/tienda\/"},{"@type":"ListItem","position":3,"name":"PRIME PLAYSET D-RING BINDER"}]},{"@type":"WebSite","@id":"https:\/\/www.gamegenic.com\/es\/#website","url":"https:\/\/www.gamegenic.com\/es\/","name":"GAMEGENIC - Ingenious Supplies","description":"","publisher":{"@id":"https:\/\/www.gamegenic.com\/es\/#organization"},"potentialAction":[{"@type":"SearchAction","target":{"@type":"EntryPoint","urlTemplate":"https:\/\/www.gamegenic.com\/es\/?s={search_term_string}"},"query-input":{"@type":"PropertyValueSpecification","valueRequired":true,"valueName":"search_term_string"}}],"inLanguage":"es"},{"@type":"Organization","@id":"https:\/\/www.gamegenic.com\/es\/#organization","name":"Gamegenic GmbH","url":"https:\/\/www.gamegenic.com\/es\/","logo":{"@type":"ImageObject","inLanguage":"es","@id":"https:\/\/www.gamegenic.com\/es\/#\/schema\/logo\/image\/","url":"https:\/\/www.gamegenic.com\/wp-content\/uploads\/Gamegenic-Logo-FINAL.jpg","contentUrl":"https:\/\/www.gamegenic.com\/wp-content\/uploads\/Gamegenic-Logo-FINAL.jpg","width":3507,"height":2480,"caption":"Gamegenic GmbH"},"image":{"@id":"https:\/\/www.gamegenic.com\/es\/#\/schema\/logo\/image\/"},"sameAs":["https:\/\/www.facebook.com\/GamegenicSupplies\/","https:\/\/x.com\/Gamegenic_","https:\/\/www.instagram.com\/gamegenicsupplies\/","https:\/\/www.youtube.com\/channel\/UCgmMXQPjjWW-Zy9ceMH6oGw"]}]}},"_links":{"self":[{"href":"https:\/\/www.gamegenic.com\/es\/wp-json\/wp\/v2\/product\/20993","targetHints":{"allow":["GET"]}}],"collection":[{"href":"https:\/\/www.gamegenic.com\/es\/wp-json\/wp\/v2\/product"}],"about":[{"href":"https:\/\/www.gamegenic.com\/es\/wp-json\/wp\/v2\/types\/product"}],"wp:featuredmedia":[{"embeddable":true,"href":"https:\/\/www.gamegenic.com\/es\/wp-json\/wp\/v2\/media\/16709"}],"wp:attachment":[{"href":"https:\/\/www.gamegenic.com\/es\/wp-json\/wp\/v2\/media?parent=20993"}],"wp:term":[{"taxonomy":"product_brand","embeddable":true,"href":"https:\/\/www.gamegenic.com\/es\/wp-json\/wp\/v2\/product_brand?post=20993"},{"taxonomy":"product_cat","embeddable":true,"href":"https:\/\/www.gamegenic.com\/es\/wp-json\/wp\/v2\/product_cat?post=20993"},{"taxonomy":"product_tag","embeddable":true,"href":"https:\/\/www.gamegenic.com\/es\/wp-json\/wp\/v2\/product_tag?post=20993"}],"curies":[{"name":"wp","href":"https:\/\/api.w.org\/{rel}","templated":true}]}}