{"id":20967,"date":"2020-02-17T12:17:34","date_gmt":"2020-02-17T11:17:34","guid":{"rendered":"https:\/\/www.gamegenic.com\/product\/prime-album-24-pocket\/"},"modified":"2025-09-03T11:11:54","modified_gmt":"2025-09-03T09:11:54","slug":"prime-album-24-pocket","status":"publish","type":"product","link":"https:\/\/www.gamegenic.com\/es\/producto\/prime-album-24-pocket\/","title":{"rendered":"PRIME ALBUM 24-POCKET"},"content":{"rendered":"<div class=\"fusion-fullwidth fullwidth-box fusion-builder-row-1 nonhundred-percent-fullwidth non-hundred-percent-height-scrolling gg-summary gg-position\" style=\"--awb-border-radius-top-left:0px;--awb-border-radius-top-right:0px;--awb-border-radius-bottom-right:0px;--awb-border-radius-bottom-left:0px;--awb-flex-wrap:wrap;\" id=\"gg-anker\" ><div class=\"fusion-builder-row fusion-row\"><div class=\"fusion-layout-column fusion_builder_column fusion-builder-column-0 fusion_builder_column_1_2 1_2 fusion-one-half fusion-column-first gg-features\" style=\"--awb-bg-size:cover;width:50%;width:calc(50% - ( ( 60px ) * 0.5 ) );margin-right: 60px;\"><div class=\"fusion-column-wrapper fusion-column-has-shadow fusion-flex-column-wrapper-legacy\"><div class=\"fusion-text fusion-text-1\"><h2>CARACTER\u00cdSTICAS<\/h2>\n<ul>\n<li>Tiene capacidad para hasta <strong>20<\/strong> p\u00e1ginas de carga lateral para guardar hasta <strong>480<\/strong> cartas con fundas*<\/li>\n<li><strong>COLORMATCH:<\/strong> tapas, forro interior y banda el\u00e1stica en colores a juego<\/li>\n<li>Banda el\u00e1stica ancha con costuras reforzadas<\/li>\n<li><strong>24 bolsillos de carga lateral<\/strong> por p\u00e1gina para que las cartas no se salgan<\/li>\n<li>Perfecto para coleccionar conjuntos de 4 copias de cada carta (PLAYSETS)<\/li>\n<li>Adecuado para cartas de tama\u00f1o est\u00e1ndar y japon\u00e9s<\/li>\n<li>Optimizado para cartas con doble funda<\/li>\n<li>Tapas r\u00edgidas para evitar que se deformen la parte trasera o la frontal<\/li>\n<li>Materiales de primera calidad (superficie exterior de Nexofyber y forro interior de microfibra)<\/li>\n<li>Sin \u00e1cidos, sin PVC<\/li>\n<\/ul>\n<\/div><div class=\"fusion-text fusion-text-2 gg-notice\"><p>* Optimizado para las fundas de Gamegenic. Si se usan fundas de otra marca, la capacidad o compatibilidad podr\u00edan variar<\/p>\n<\/div>\n<div class=\"fusion-clearfix\"><\/div><\/div><\/div><div class=\"fusion-layout-column fusion_builder_column fusion-builder-column-1 fusion_builder_column_1_2 1_2 fusion-one-half fusion-column-last\" style=\"--awb-bg-size:cover;width:50%;width:calc(50% - ( ( 60px ) * 0.5 ) );\"><div class=\"fusion-column-wrapper fusion-column-has-shadow fusion-flex-column-wrapper-legacy\">\n<h2>ESPECIFICACIONES<\/h2>\n<div class=\"table-2\">\n<table width=\"100%\">\n<tbody>\n<tr>\n<td style=\"vertical-align: top;\" align=\"left\">Tama\u00f1o de los productos<br \/>\n<span class=\"gg-wdh\">(ancho x fondo x alto)<\/span><\/td>\n<td style=\"vertical-align: top;\" align=\"left\">317 x 320 x 33 mm<\/td>\n<\/tr>\n<tr>\n<td style=\"vertical-align: top;\" align=\"left\">Material<\/td>\n<td style=\"vertical-align: top;\" align=\"left\">Superficie exterior de Nexofyber y forro interior de microfibra<\/td>\n<\/tr>\n<tr>\n<td style=\"vertical-align: top;\" align=\"left\">Tipo de embalaje<\/td>\n<td style=\"vertical-align: top;\" align=\"left\">Caja de cart\u00f3n con ventana<\/td>\n<\/tr>\n<\/tbody>\n<\/table>\n<\/div>\n<h2 style=\"margin-top:60px\">MSRP<i data-tooltip=\"No se pueden realizar compras a trav\u00e9s de este sitio web. Todos los precios indicados son el precio de venta al p\u00fablico recomendado por el fabricante en euros (con IVA) o en d\u00f3lares (sin IVA). Los posibles gastos de env\u00edo no est\u00e1n incluidos. Los precios indicados no son vinculantes y pueden tratarse como una recomendaci\u00f3n.\" class=\"fas fa-info-circle gg-tooltip\">\uf05a<\/i><\/h2>\n<form action=\"\" method=\"post\" id=\"alg_currency_selector\"><select name=\"alg_currency\" id=\"alg_currency_select\" class=\"alg_currency_select\" onchange=\"this.form.submit()\"><option id=\"alg_currency_USD\" value=\"USD\" >USD<\/option><option id=\"alg_currency_EUR\" value=\"EUR\"  selected='selected'>EUR<\/option><option id=\"alg_currency_CAD\" value=\"CAD\" >U.S.-USD<\/option><\/select><noscript><input type=\"submit\" value=\"Refresh\"><\/noscript><\/form>\n<span class=\"woocommerce-Price-amount amount\"><bdi><span class=\"woocommerce-Price-currencySymbol\">EUR<\/span>&nbsp;32,99<\/bdi><\/span>\n\n<div class=\"fusion-alignleft\"><a class=\"fusion-button button-flat fusion-button-default-size button-default fusion-button-default button-1 fusion-button-default-span fusion-button-default-type shopfinder-button\" target=\"_blank\" rel=\"noopener noreferrer\" href=\"https:\/\/www.gamegenic.com\/es\/buscador-de-tiendas\/\"><i class=\"fa-globe-americas fas awb-button__icon awb-button__icon--default button-icon-left\" aria-hidden=\"true\"><\/i><span class=\"fusion-button-text awb-button__text awb-button__text--default\">D\u00f3nde comprarlos<\/span><\/a><\/div>\n<div class=\"fusion-clearfix\"><\/div><\/div><\/div><\/div><\/div>\n","protected":false},"excerpt":{"rendered":"<p>El \u00e1lbum Prime 24-Pocket Album es una manera econ\u00f3mica y cl\u00e1sica de organizar tus colecciones de cartas de tama\u00f1o est\u00e1ndar y japon\u00e9s. El exterior del \u00e1lbum est\u00e1 hecho de Nexofyber, un material innovador que consigue crear una superficie agradable al tacto sin renunciar a la elegancia. El interior protege las cartas con un forro suave de microfibra. Las tapas r\u00edgidas, que evitan que se deformen las cartas, convierten a este \u00e1lbum en la manera perfecta de proteger tus colecciones. Tiene capacidad para 20 p\u00e1ginas de 24 bolsillos de carga lateral, de manera que la capacidad total del \u00e1lbum es de 480 cartas con doble funda. Los 4 bolsillos por p\u00e1gina son perfectos para coleccionar conjuntos de 4 copias de cada carta (PLAYSETS). Gracias a la banda el\u00e1stica ancha a juego con las tapas, el \u00e1lbum queda completamente cerrado.<\/p>\n","protected":false},"featured_media":34822,"template":"","meta":[],"product_brand":[],"product_cat":[491,489],"product_tag":[],"class_list":{"0":"post-20967","1":"product","2":"type-product","3":"status-publish","4":"has-post-thumbnail","6":"product_cat-album-prime","7":"product_cat-carpetas-y-albumes","9":"first","10":"instock","11":"shipping-taxable","12":"purchasable","13":"product-type-variable","14":"has-default-attributes","15":"wvs-archive-product-wrapper"},"yoast_head":"<!-- This site is optimized with the Yoast SEO plugin v27.3 - https:\/\/yoast.com\/product\/yoast-seo-wordpress\/ -->\n<title>PRIME ALBUM 24-POCKET - GAMEGENIC - Ingenious Supplies<\/title>\n<meta name=\"description\" content=\"El \u00e1lbum Prime 24-Pocket Album es una manera econ\u00f3mica y cl\u00e1sica de organizar tus colecciones de cartas de tama\u00f1o est\u00e1ndar y japon\u00e9s. El exterior del \u00e1lbum est\u00e1 hecho de Nexofyber, un material innovador que consigue crear una superficie agradable al tacto sin renunciar a la elegancia. El interior protege las cartas con un forro suave de microfibra. Las tapas r\u00edgidas, que evitan que se deformen las cartas, convierten a este \u00e1lbum en la manera perfecta de proteger tus colecciones. Tiene capacidad para 20 p\u00e1ginas de 24 bolsillos de carga lateral, de manera que la capacidad total del \u00e1lbum es de 480 cartas con doble funda. Los 4 bolsillos por p\u00e1gina son perfectos para coleccionar conjuntos de 4 copias de cada carta (PLAYSETS). Gracias a la banda el\u00e1stica ancha a juego con las tapas, el \u00e1lbum queda completamente cerrado.\" \/>\n<meta name=\"robots\" content=\"index, follow, max-snippet:-1, max-image-preview:large, max-video-preview:-1\" \/>\n<link rel=\"canonical\" href=\"https:\/\/www.gamegenic.com\/es\/producto\/prime-album-24-pocket\/\" \/>\n<meta property=\"og:locale\" content=\"es_ES\" \/>\n<meta property=\"og:type\" content=\"article\" \/>\n<meta property=\"og:title\" content=\"PRIME ALBUM 24-POCKET\" \/>\n<meta property=\"og:description\" content=\"El \u00e1lbum Prime 24-Pocket Album es una manera econ\u00f3mica y cl\u00e1sica de organizar tus colecciones de cartas de tama\u00f1o est\u00e1ndar y japon\u00e9s. El exterior del \u00e1lbum est\u00e1 hecho de Nexofyber, un material innovador que consigue crear una superficie agradable al tacto sin renunciar a la elegancia. El interior protege las cartas con un forro suave de microfibra. Las tapas r\u00edgidas, que evitan que se deformen las cartas, convierten a este \u00e1lbum en la manera perfecta de proteger tus colecciones. Tiene capacidad para 20 p\u00e1ginas de 24 bolsillos de carga lateral, de manera que la capacidad total del \u00e1lbum es de 480 cartas con doble funda. Los 4 bolsillos por p\u00e1gina son perfectos para coleccionar conjuntos de 4 copias de cada carta (PLAYSETS). Gracias a la banda el\u00e1stica ancha a juego con las tapas, el \u00e1lbum queda completamente cerrado.\" \/>\n<meta property=\"og:url\" content=\"https:\/\/www.gamegenic.com\/es\/producto\/prime-album-24-pocket\/\" \/>\n<meta property=\"og:site_name\" content=\"GAMEGENIC - Ingenious Supplies\" \/>\n<meta property=\"article:publisher\" content=\"https:\/\/www.facebook.com\/GamegenicSupplies\/\" \/>\n<meta property=\"article:modified_time\" content=\"2025-09-03T09:11:54+00:00\" \/>\n<meta property=\"og:image\" content=\"https:\/\/www.gamegenic.com\/wp-content\/uploads\/2024\/06\/Prime-Album-24-Pocket-Blue-0006_ISt4FziuT.jpg\" \/>\n\t<meta property=\"og:image:width\" content=\"1200\" \/>\n\t<meta property=\"og:image:height\" content=\"1200\" \/>\n\t<meta property=\"og:image:type\" content=\"image\/jpeg\" \/>\n<meta name=\"twitter:card\" content=\"summary_large_image\" \/>\n<meta name=\"twitter:title\" content=\"PRIME ALBUM 24-POCKET\" \/>\n<meta name=\"twitter:description\" content=\"El \u00e1lbum Prime 24-Pocket Album es una manera econ\u00f3mica y cl\u00e1sica de organizar tus colecciones de cartas de tama\u00f1o est\u00e1ndar y japon\u00e9s. El exterior del \u00e1lbum est\u00e1 hecho de Nexofyber, un material innovador que consigue crear una superficie agradable al tacto sin renunciar a la elegancia. El interior protege las cartas con un forro suave de microfibra. Las tapas r\u00edgidas, que evitan que se deformen las cartas, convierten a este \u00e1lbum en la manera perfecta de proteger tus colecciones. Tiene capacidad para 20 p\u00e1ginas de 24 bolsillos de carga lateral, de manera que la capacidad total del \u00e1lbum es de 480 cartas con doble funda. Los 4 bolsillos por p\u00e1gina son perfectos para coleccionar conjuntos de 4 copias de cada carta (PLAYSETS). Gracias a la banda el\u00e1stica ancha a juego con las tapas, el \u00e1lbum queda completamente cerrado.\" \/>\n<meta name=\"twitter:site\" content=\"@Gamegenic_\" \/>\n<meta name=\"twitter:label1\" content=\"Tiempo de lectura\" \/>\n\t<meta name=\"twitter:data1\" content=\"1 minuto\" \/>\n<script type=\"application\/ld+json\" class=\"yoast-schema-graph\">{\"@context\":\"https:\\\/\\\/schema.org\",\"@graph\":[{\"@type\":\"WebPage\",\"@id\":\"https:\\\/\\\/www.gamegenic.com\\\/es\\\/producto\\\/prime-album-24-pocket\\\/\",\"url\":\"https:\\\/\\\/www.gamegenic.com\\\/es\\\/producto\\\/prime-album-24-pocket\\\/\",\"name\":\"PRIME ALBUM 24-POCKET - GAMEGENIC - Ingenious Supplies\",\"isPartOf\":{\"@id\":\"https:\\\/\\\/www.gamegenic.com\\\/es\\\/#website\"},\"primaryImageOfPage\":{\"@id\":\"https:\\\/\\\/www.gamegenic.com\\\/es\\\/producto\\\/prime-album-24-pocket\\\/#primaryimage\"},\"image\":{\"@id\":\"https:\\\/\\\/www.gamegenic.com\\\/es\\\/producto\\\/prime-album-24-pocket\\\/#primaryimage\"},\"thumbnailUrl\":\"https:\\\/\\\/www.gamegenic.com\\\/wp-content\\\/uploads\\\/2024\\\/06\\\/Prime-Album-24-Pocket-Blue-0006_ISt4FziuT.jpg\",\"datePublished\":\"2020-02-17T11:17:34+00:00\",\"dateModified\":\"2025-09-03T09:11:54+00:00\",\"description\":\"El \u00e1lbum Prime 24-Pocket Album es una manera econ\u00f3mica y cl\u00e1sica de organizar tus colecciones de cartas de tama\u00f1o est\u00e1ndar y japon\u00e9s. El exterior del \u00e1lbum est\u00e1 hecho de Nexofyber, un material innovador que consigue crear una superficie agradable al tacto sin renunciar a la elegancia. El interior protege las cartas con un forro suave de microfibra. Las tapas r\u00edgidas, que evitan que se deformen las cartas, convierten a este \u00e1lbum en la manera perfecta de proteger tus colecciones. Tiene capacidad para 20 p\u00e1ginas de 24 bolsillos de carga lateral, de manera que la capacidad total del \u00e1lbum es de 480 cartas con doble funda. Los 4 bolsillos por p\u00e1gina son perfectos para coleccionar conjuntos de 4 copias de cada carta (PLAYSETS). Gracias a la banda el\u00e1stica ancha a juego con las tapas, el \u00e1lbum queda completamente cerrado.\",\"breadcrumb\":{\"@id\":\"https:\\\/\\\/www.gamegenic.com\\\/es\\\/producto\\\/prime-album-24-pocket\\\/#breadcrumb\"},\"inLanguage\":\"es\",\"potentialAction\":[{\"@type\":\"ReadAction\",\"target\":[\"https:\\\/\\\/www.gamegenic.com\\\/es\\\/producto\\\/prime-album-24-pocket\\\/\"]}]},{\"@type\":\"ImageObject\",\"inLanguage\":\"es\",\"@id\":\"https:\\\/\\\/www.gamegenic.com\\\/es\\\/producto\\\/prime-album-24-pocket\\\/#primaryimage\",\"url\":\"https:\\\/\\\/www.gamegenic.com\\\/wp-content\\\/uploads\\\/2024\\\/06\\\/Prime-Album-24-Pocket-Blue-0006_ISt4FziuT.jpg\",\"contentUrl\":\"https:\\\/\\\/www.gamegenic.com\\\/wp-content\\\/uploads\\\/2024\\\/06\\\/Prime-Album-24-Pocket-Blue-0006_ISt4FziuT.jpg\",\"width\":1200,\"height\":1200,\"caption\":\"PRIME ALBUM 24-POCKET - Blue\"},{\"@type\":\"BreadcrumbList\",\"@id\":\"https:\\\/\\\/www.gamegenic.com\\\/es\\\/producto\\\/prime-album-24-pocket\\\/#breadcrumb\",\"itemListElement\":[{\"@type\":\"ListItem\",\"position\":1,\"name\":\"Home\",\"item\":\"https:\\\/\\\/www.gamegenic.com\\\/es\\\/\"},{\"@type\":\"ListItem\",\"position\":2,\"name\":\"Tienda\",\"item\":\"https:\\\/\\\/www.gamegenic.com\\\/tienda\\\/\"},{\"@type\":\"ListItem\",\"position\":3,\"name\":\"PRIME ALBUM 24-POCKET\"}]},{\"@type\":\"WebSite\",\"@id\":\"https:\\\/\\\/www.gamegenic.com\\\/es\\\/#website\",\"url\":\"https:\\\/\\\/www.gamegenic.com\\\/es\\\/\",\"name\":\"GAMEGENIC - Ingenious Supplies\",\"description\":\"\",\"publisher\":{\"@id\":\"https:\\\/\\\/www.gamegenic.com\\\/es\\\/#organization\"},\"potentialAction\":[{\"@type\":\"SearchAction\",\"target\":{\"@type\":\"EntryPoint\",\"urlTemplate\":\"https:\\\/\\\/www.gamegenic.com\\\/es\\\/?s={search_term_string}\"},\"query-input\":{\"@type\":\"PropertyValueSpecification\",\"valueRequired\":true,\"valueName\":\"search_term_string\"}}],\"inLanguage\":\"es\"},{\"@type\":\"Organization\",\"@id\":\"https:\\\/\\\/www.gamegenic.com\\\/es\\\/#organization\",\"name\":\"Gamegenic GmbH\",\"url\":\"https:\\\/\\\/www.gamegenic.com\\\/es\\\/\",\"logo\":{\"@type\":\"ImageObject\",\"inLanguage\":\"es\",\"@id\":\"https:\\\/\\\/www.gamegenic.com\\\/es\\\/#\\\/schema\\\/logo\\\/image\\\/\",\"url\":\"https:\\\/\\\/www.gamegenic.com\\\/wp-content\\\/uploads\\\/Gamegenic-Logo-FINAL.jpg\",\"contentUrl\":\"https:\\\/\\\/www.gamegenic.com\\\/wp-content\\\/uploads\\\/Gamegenic-Logo-FINAL.jpg\",\"width\":3507,\"height\":2480,\"caption\":\"Gamegenic GmbH\"},\"image\":{\"@id\":\"https:\\\/\\\/www.gamegenic.com\\\/es\\\/#\\\/schema\\\/logo\\\/image\\\/\"},\"sameAs\":[\"https:\\\/\\\/www.facebook.com\\\/GamegenicSupplies\\\/\",\"https:\\\/\\\/x.com\\\/Gamegenic_\",\"https:\\\/\\\/www.instagram.com\\\/gamegenicsupplies\\\/\",\"https:\\\/\\\/www.youtube.com\\\/channel\\\/UCgmMXQPjjWW-Zy9ceMH6oGw\"]}]}<\/script>\n<!-- \/ Yoast SEO plugin. -->","yoast_head_json":{"title":"PRIME ALBUM 24-POCKET - GAMEGENIC - Ingenious Supplies","description":"El \u00e1lbum Prime 24-Pocket Album es una manera econ\u00f3mica y cl\u00e1sica de organizar tus colecciones de cartas de tama\u00f1o est\u00e1ndar y japon\u00e9s. El exterior del \u00e1lbum est\u00e1 hecho de Nexofyber, un material innovador que consigue crear una superficie agradable al tacto sin renunciar a la elegancia. El interior protege las cartas con un forro suave de microfibra. Las tapas r\u00edgidas, que evitan que se deformen las cartas, convierten a este \u00e1lbum en la manera perfecta de proteger tus colecciones. Tiene capacidad para 20 p\u00e1ginas de 24 bolsillos de carga lateral, de manera que la capacidad total del \u00e1lbum es de 480 cartas con doble funda. Los 4 bolsillos por p\u00e1gina son perfectos para coleccionar conjuntos de 4 copias de cada carta (PLAYSETS). Gracias a la banda el\u00e1stica ancha a juego con las tapas, el \u00e1lbum queda completamente cerrado.","robots":{"index":"index","follow":"follow","max-snippet":"max-snippet:-1","max-image-preview":"max-image-preview:large","max-video-preview":"max-video-preview:-1"},"canonical":"https:\/\/www.gamegenic.com\/es\/producto\/prime-album-24-pocket\/","og_locale":"es_ES","og_type":"article","og_title":"PRIME ALBUM 24-POCKET","og_description":"El \u00e1lbum Prime 24-Pocket Album es una manera econ\u00f3mica y cl\u00e1sica de organizar tus colecciones de cartas de tama\u00f1o est\u00e1ndar y japon\u00e9s. El exterior del \u00e1lbum est\u00e1 hecho de Nexofyber, un material innovador que consigue crear una superficie agradable al tacto sin renunciar a la elegancia. El interior protege las cartas con un forro suave de microfibra. Las tapas r\u00edgidas, que evitan que se deformen las cartas, convierten a este \u00e1lbum en la manera perfecta de proteger tus colecciones. Tiene capacidad para 20 p\u00e1ginas de 24 bolsillos de carga lateral, de manera que la capacidad total del \u00e1lbum es de 480 cartas con doble funda. Los 4 bolsillos por p\u00e1gina son perfectos para coleccionar conjuntos de 4 copias de cada carta (PLAYSETS). Gracias a la banda el\u00e1stica ancha a juego con las tapas, el \u00e1lbum queda completamente cerrado.","og_url":"https:\/\/www.gamegenic.com\/es\/producto\/prime-album-24-pocket\/","og_site_name":"GAMEGENIC - Ingenious Supplies","article_publisher":"https:\/\/www.facebook.com\/GamegenicSupplies\/","article_modified_time":"2025-09-03T09:11:54+00:00","og_image":[{"width":1200,"height":1200,"url":"https:\/\/www.gamegenic.com\/wp-content\/uploads\/2024\/06\/Prime-Album-24-Pocket-Blue-0006_ISt4FziuT.jpg","type":"image\/jpeg"}],"twitter_card":"summary_large_image","twitter_title":"PRIME ALBUM 24-POCKET","twitter_description":"El \u00e1lbum Prime 24-Pocket Album es una manera econ\u00f3mica y cl\u00e1sica de organizar tus colecciones de cartas de tama\u00f1o est\u00e1ndar y japon\u00e9s. El exterior del \u00e1lbum est\u00e1 hecho de Nexofyber, un material innovador que consigue crear una superficie agradable al tacto sin renunciar a la elegancia. El interior protege las cartas con un forro suave de microfibra. Las tapas r\u00edgidas, que evitan que se deformen las cartas, convierten a este \u00e1lbum en la manera perfecta de proteger tus colecciones. Tiene capacidad para 20 p\u00e1ginas de 24 bolsillos de carga lateral, de manera que la capacidad total del \u00e1lbum es de 480 cartas con doble funda. Los 4 bolsillos por p\u00e1gina son perfectos para coleccionar conjuntos de 4 copias de cada carta (PLAYSETS). Gracias a la banda el\u00e1stica ancha a juego con las tapas, el \u00e1lbum queda completamente cerrado.","twitter_site":"@Gamegenic_","twitter_misc":{"Tiempo de lectura":"1 minuto"},"schema":{"@context":"https:\/\/schema.org","@graph":[{"@type":"WebPage","@id":"https:\/\/www.gamegenic.com\/es\/producto\/prime-album-24-pocket\/","url":"https:\/\/www.gamegenic.com\/es\/producto\/prime-album-24-pocket\/","name":"PRIME ALBUM 24-POCKET - GAMEGENIC - Ingenious Supplies","isPartOf":{"@id":"https:\/\/www.gamegenic.com\/es\/#website"},"primaryImageOfPage":{"@id":"https:\/\/www.gamegenic.com\/es\/producto\/prime-album-24-pocket\/#primaryimage"},"image":{"@id":"https:\/\/www.gamegenic.com\/es\/producto\/prime-album-24-pocket\/#primaryimage"},"thumbnailUrl":"https:\/\/www.gamegenic.com\/wp-content\/uploads\/2024\/06\/Prime-Album-24-Pocket-Blue-0006_ISt4FziuT.jpg","datePublished":"2020-02-17T11:17:34+00:00","dateModified":"2025-09-03T09:11:54+00:00","description":"El \u00e1lbum Prime 24-Pocket Album es una manera econ\u00f3mica y cl\u00e1sica de organizar tus colecciones de cartas de tama\u00f1o est\u00e1ndar y japon\u00e9s. El exterior del \u00e1lbum est\u00e1 hecho de Nexofyber, un material innovador que consigue crear una superficie agradable al tacto sin renunciar a la elegancia. El interior protege las cartas con un forro suave de microfibra. Las tapas r\u00edgidas, que evitan que se deformen las cartas, convierten a este \u00e1lbum en la manera perfecta de proteger tus colecciones. Tiene capacidad para 20 p\u00e1ginas de 24 bolsillos de carga lateral, de manera que la capacidad total del \u00e1lbum es de 480 cartas con doble funda. Los 4 bolsillos por p\u00e1gina son perfectos para coleccionar conjuntos de 4 copias de cada carta (PLAYSETS). Gracias a la banda el\u00e1stica ancha a juego con las tapas, el \u00e1lbum queda completamente cerrado.","breadcrumb":{"@id":"https:\/\/www.gamegenic.com\/es\/producto\/prime-album-24-pocket\/#breadcrumb"},"inLanguage":"es","potentialAction":[{"@type":"ReadAction","target":["https:\/\/www.gamegenic.com\/es\/producto\/prime-album-24-pocket\/"]}]},{"@type":"ImageObject","inLanguage":"es","@id":"https:\/\/www.gamegenic.com\/es\/producto\/prime-album-24-pocket\/#primaryimage","url":"https:\/\/www.gamegenic.com\/wp-content\/uploads\/2024\/06\/Prime-Album-24-Pocket-Blue-0006_ISt4FziuT.jpg","contentUrl":"https:\/\/www.gamegenic.com\/wp-content\/uploads\/2024\/06\/Prime-Album-24-Pocket-Blue-0006_ISt4FziuT.jpg","width":1200,"height":1200,"caption":"PRIME ALBUM 24-POCKET - Blue"},{"@type":"BreadcrumbList","@id":"https:\/\/www.gamegenic.com\/es\/producto\/prime-album-24-pocket\/#breadcrumb","itemListElement":[{"@type":"ListItem","position":1,"name":"Home","item":"https:\/\/www.gamegenic.com\/es\/"},{"@type":"ListItem","position":2,"name":"Tienda","item":"https:\/\/www.gamegenic.com\/tienda\/"},{"@type":"ListItem","position":3,"name":"PRIME ALBUM 24-POCKET"}]},{"@type":"WebSite","@id":"https:\/\/www.gamegenic.com\/es\/#website","url":"https:\/\/www.gamegenic.com\/es\/","name":"GAMEGENIC - Ingenious Supplies","description":"","publisher":{"@id":"https:\/\/www.gamegenic.com\/es\/#organization"},"potentialAction":[{"@type":"SearchAction","target":{"@type":"EntryPoint","urlTemplate":"https:\/\/www.gamegenic.com\/es\/?s={search_term_string}"},"query-input":{"@type":"PropertyValueSpecification","valueRequired":true,"valueName":"search_term_string"}}],"inLanguage":"es"},{"@type":"Organization","@id":"https:\/\/www.gamegenic.com\/es\/#organization","name":"Gamegenic GmbH","url":"https:\/\/www.gamegenic.com\/es\/","logo":{"@type":"ImageObject","inLanguage":"es","@id":"https:\/\/www.gamegenic.com\/es\/#\/schema\/logo\/image\/","url":"https:\/\/www.gamegenic.com\/wp-content\/uploads\/Gamegenic-Logo-FINAL.jpg","contentUrl":"https:\/\/www.gamegenic.com\/wp-content\/uploads\/Gamegenic-Logo-FINAL.jpg","width":3507,"height":2480,"caption":"Gamegenic GmbH"},"image":{"@id":"https:\/\/www.gamegenic.com\/es\/#\/schema\/logo\/image\/"},"sameAs":["https:\/\/www.facebook.com\/GamegenicSupplies\/","https:\/\/x.com\/Gamegenic_","https:\/\/www.instagram.com\/gamegenicsupplies\/","https:\/\/www.youtube.com\/channel\/UCgmMXQPjjWW-Zy9ceMH6oGw"]}]}},"_links":{"self":[{"href":"https:\/\/www.gamegenic.com\/es\/wp-json\/wp\/v2\/product\/20967","targetHints":{"allow":["GET"]}}],"collection":[{"href":"https:\/\/www.gamegenic.com\/es\/wp-json\/wp\/v2\/product"}],"about":[{"href":"https:\/\/www.gamegenic.com\/es\/wp-json\/wp\/v2\/types\/product"}],"wp:featuredmedia":[{"embeddable":true,"href":"https:\/\/www.gamegenic.com\/es\/wp-json\/wp\/v2\/media\/34822"}],"wp:attachment":[{"href":"https:\/\/www.gamegenic.com\/es\/wp-json\/wp\/v2\/media?parent=20967"}],"wp:term":[{"taxonomy":"product_brand","embeddable":true,"href":"https:\/\/www.gamegenic.com\/es\/wp-json\/wp\/v2\/product_brand?post=20967"},{"taxonomy":"product_cat","embeddable":true,"href":"https:\/\/www.gamegenic.com\/es\/wp-json\/wp\/v2\/product_cat?post=20967"},{"taxonomy":"product_tag","embeddable":true,"href":"https:\/\/www.gamegenic.com\/es\/wp-json\/wp\/v2\/product_tag?post=20967"}],"curies":[{"name":"wp","href":"https:\/\/api.w.org\/{rel}","templated":true}]}}