{"id":20938,"date":"2020-02-14T15:14:17","date_gmt":"2020-02-14T14:14:17","guid":{"rendered":"https:\/\/www.gamegenic.com\/product\/playmat-tube\/"},"modified":"2025-07-10T12:44:13","modified_gmt":"2025-07-10T10:44:13","slug":"playmat-tube","status":"publish","type":"product","link":"https:\/\/www.gamegenic.com\/es\/producto\/playmat-tube\/","title":{"rendered":"PLAYMAT TUBE"},"content":{"rendered":"<div class=\"fusion-fullwidth fullwidth-box fusion-builder-row-1 nonhundred-percent-fullwidth non-hundred-percent-height-scrolling gg-summary gg-position\" style=\"--awb-border-radius-top-left:0px;--awb-border-radius-top-right:0px;--awb-border-radius-bottom-right:0px;--awb-border-radius-bottom-left:0px;--awb-flex-wrap:wrap;\" id=\"gg-anker\" ><div class=\"fusion-builder-row fusion-row\"><div class=\"fusion-layout-column fusion_builder_column fusion-builder-column-0 fusion_builder_column_1_2 1_2 fusion-one-half fusion-column-first gg-features\" style=\"--awb-bg-size:cover;width:50%;width:calc(50% - ( ( 60px ) * 0.5 ) );margin-right: 60px;\"><div class=\"fusion-column-wrapper fusion-column-has-shadow fusion-flex-column-wrapper-legacy\"><div class=\"fusion-text fusion-text-1\"><h2>CARACTER\u00cdSTICAS<\/h2>\n<ul>\n<li>Su forma hexagonal evita que ruede sobre la mesa<\/li>\n<li>Perfecto para tapetes de tama\u00f1o est\u00e1ndar<\/li>\n<li>Con espacio para tapetes m\u00e1s grandes o tapetes muy gruesos<\/li>\n<li>Ajuste perfecto con una tapa que est\u00e1 hecha de material flexible y se puede poner y quitar con facilidad<\/li>\n<li>Base reforzada<\/li>\n<li>Soporta grandes presiones<\/li>\n<li>Tambi\u00e9n sirve para proteger obras de arte o mapas<\/li>\n<li>Sin \u00e1cidos, sin PVC<\/li>\n<\/ul>\n<\/div><div class=\"fusion-clearfix\"><\/div><\/div><\/div><div class=\"fusion-layout-column fusion_builder_column fusion-builder-column-1 fusion_builder_column_1_2 1_2 fusion-one-half fusion-column-last\" style=\"--awb-bg-size:cover;width:50%;width:calc(50% - ( ( 60px ) * 0.5 ) );\"><div class=\"fusion-column-wrapper fusion-column-has-shadow fusion-flex-column-wrapper-legacy\">\n<h2>ESPECIFICACIONES<\/h2>\n<div class=\"table-2\">\n<table width=\"100%\">\n<tbody>\n<tr>\n<td align=\"left\">Tama\u00f1o de los productos<br \/>\n<span class=\"gg-wdh\">(\u00d8 x alto)<\/span><\/td>\n<td align=\"left\">75 x 385 mm<\/td>\n<\/tr>\n<tr>\n<td style=\"vertical-align: top;\" align=\"left\">Material<\/td>\n<td align=\"left\">PETG, silicona<\/td>\n<\/tr>\n<tr>\n<td align=\"left\">Tipo de embalaje<\/td>\n<td align=\"left\">Bolsa de PPO<\/td>\n<\/tr>\n<\/tbody>\n<\/table>\n<\/div>\n<h2 style=\"margin-top:60px\">MSRP<i data-tooltip=\"No se pueden realizar compras a trav\u00e9s de este sitio web. Todos los precios indicados son el precio de venta al p\u00fablico recomendado por el fabricante en euros (con IVA) o en d\u00f3lares (sin IVA). Los posibles gastos de env\u00edo no est\u00e1n incluidos. Los precios indicados no son vinculantes y pueden tratarse como una recomendaci\u00f3n.\" class=\"fas fa-info-circle gg-tooltip\">\uf05a<\/i><\/h2>\n<form action=\"\" method=\"post\" id=\"alg_currency_selector\"><select name=\"alg_currency\" id=\"alg_currency_select\" class=\"alg_currency_select\" onchange=\"this.form.submit()\"><option id=\"alg_currency_USD\" value=\"USD\" >USD<\/option><option id=\"alg_currency_EUR\" value=\"EUR\"  selected='selected'>EUR<\/option><option id=\"alg_currency_CAD\" value=\"CAD\" >U.S.-USD<\/option><\/select><noscript><input type=\"submit\" value=\"Refresh\"><\/noscript><\/form>\n<span class=\"woocommerce-Price-amount amount\"><bdi><span class=\"woocommerce-Price-currencySymbol\">EUR<\/span>&nbsp;8,99<\/bdi><\/span>\n\n<div class=\"fusion-alignleft\"><a class=\"fusion-button button-flat fusion-button-default-size button-default fusion-button-default button-1 fusion-button-default-span fusion-button-default-type shopfinder-button\" target=\"_blank\" rel=\"noopener noreferrer\" href=\"https:\/\/www.gamegenic.com\/es\/buscador-de-tiendas\/\"><i class=\"fa-globe-americas fas awb-button__icon awb-button__icon--default button-icon-left\" aria-hidden=\"true\"><\/i><span class=\"fusion-button-text awb-button__text awb-button__text--default\">D\u00f3nde comprarlos<\/span><\/a><\/div>\n<div class=\"fusion-clearfix\"><\/div><\/div><\/div><\/div><\/div>\n","protected":false},"excerpt":{"rendered":"<p>Este tubo es perfecto para organizar y proteger los tapetes. El Playmat Tube, que es la soluci\u00f3n de almacenamiento definitiva para todos los tipos de tapetes, tanto cosidos como sin coser, est\u00e1 disponible en 2 colores intensos, en acabado semi transparente. La forma hexagonal del tubo evita que ruede sobre la mesa. La tapa, que est\u00e1 hecha de material flexible, se puede poner y quitar con facilidad. Adem\u00e1s, esta tapa es la manera m\u00e1s segura de cerrar el tubo, ya que evita que el contenido se caiga incluso en caso de sacudidas.<\/p>\n<p>El Playmat Tube est\u00e1 hecho de PETG resistente a golpes y ara\u00f1azos y tiene una base hexagonal reforzada que soporta grandes presiones.<\/p>\n","protected":false},"featured_media":16364,"template":"","meta":[],"product_brand":[],"product_cat":[537,526],"product_tag":[],"class_list":{"0":"post-20938","1":"product","2":"type-product","3":"status-publish","4":"has-post-thumbnail","6":"product_cat-playmats-es","7":"product_cat-tapetes-y-tubos-para-tapetes","9":"first","10":"instock","11":"shipping-taxable","12":"purchasable","13":"product-type-variable","14":"has-default-attributes","15":"wvs-archive-product-wrapper"},"yoast_head":"<!-- This site is optimized with the Yoast SEO plugin v27.3 - https:\/\/yoast.com\/product\/yoast-seo-wordpress\/ -->\n<title>PLAYMAT TUBE - GAMEGENIC - Ingenious Supplies<\/title>\n<meta name=\"description\" content=\"Este tubo es perfecto para organizar y proteger los tapetes. El Playmat Tube, que es la soluci\u00f3n de almacenamiento definitiva para todos los tipos de tapetes, tanto cosidos como sin coser, est\u00e1 disponible en 2 colores intensos, en acabado semi transparente. La forma hexagonal del tubo evita que ruede sobre la mesa. La tapa, que est\u00e1 hecha de material flexible, se puede poner y quitar con facilidad. Adem\u00e1s, esta tapa es la manera m\u00e1s segura de cerrar el tubo, ya que evita que el contenido se caiga incluso en caso de sacudidas.\" \/>\n<meta name=\"robots\" content=\"index, follow, max-snippet:-1, max-image-preview:large, max-video-preview:-1\" \/>\n<link rel=\"canonical\" href=\"https:\/\/www.gamegenic.com\/es\/producto\/playmat-tube\/\" \/>\n<meta property=\"og:locale\" content=\"es_ES\" \/>\n<meta property=\"og:type\" content=\"article\" \/>\n<meta property=\"og:title\" content=\"PLAYMAT TUBE\" \/>\n<meta property=\"og:description\" content=\"Este tubo es perfecto para organizar y proteger los tapetes. El Playmat Tube, que es la soluci\u00f3n de almacenamiento definitiva para todos los tipos de tapetes, tanto cosidos como sin coser, est\u00e1 disponible en 2 colores intensos, en acabado semi transparente. La forma hexagonal del tubo evita que ruede sobre la mesa. La tapa, que est\u00e1 hecha de material flexible, se puede poner y quitar con facilidad. Adem\u00e1s, esta tapa es la manera m\u00e1s segura de cerrar el tubo, ya que evita que el contenido se caiga incluso en caso de sacudidas.\" \/>\n<meta property=\"og:url\" content=\"https:\/\/www.gamegenic.com\/es\/producto\/playmat-tube\/\" \/>\n<meta property=\"og:site_name\" content=\"GAMEGENIC - Ingenious Supplies\" \/>\n<meta property=\"article:publisher\" content=\"https:\/\/www.facebook.com\/GamegenicSupplies\/\" \/>\n<meta property=\"article:modified_time\" content=\"2025-07-10T10:44:13+00:00\" \/>\n<meta property=\"og:image\" content=\"https:\/\/www.gamegenic.com\/wp-content\/uploads\/2020\/02\/fb-playmat-tube_X9Q18OAGx.jpg\" \/>\n<meta name=\"twitter:card\" content=\"summary_large_image\" \/>\n<meta name=\"twitter:title\" content=\"PLAYMAT TUBE\" \/>\n<meta name=\"twitter:description\" content=\"Este tubo es perfecto para organizar y proteger los tapetes. El Playmat Tube, que es la soluci\u00f3n de almacenamiento definitiva para todos los tipos de tapetes, tanto cosidos como sin coser, est\u00e1 disponible en 2 colores intensos, en acabado semi transparente. La forma hexagonal del tubo evita que ruede sobre la mesa. La tapa, que est\u00e1 hecha de material flexible, se puede poner y quitar con facilidad. Adem\u00e1s, esta tapa es la manera m\u00e1s segura de cerrar el tubo, ya que evita que el contenido se caiga incluso en caso de sacudidas.\" \/>\n<meta name=\"twitter:image\" content=\"https:\/\/www.gamegenic.com\/wp-content\/uploads\/2020\/02\/fb-playmat-tube_X9Q18OAGx.jpg\" \/>\n<meta name=\"twitter:site\" content=\"@Gamegenic_\" \/>\n<meta name=\"twitter:label1\" content=\"Tiempo de lectura\" \/>\n\t<meta name=\"twitter:data1\" content=\"1 minuto\" \/>\n<script type=\"application\/ld+json\" class=\"yoast-schema-graph\">{\"@context\":\"https:\\\/\\\/schema.org\",\"@graph\":[{\"@type\":\"WebPage\",\"@id\":\"https:\\\/\\\/www.gamegenic.com\\\/es\\\/producto\\\/playmat-tube\\\/\",\"url\":\"https:\\\/\\\/www.gamegenic.com\\\/es\\\/producto\\\/playmat-tube\\\/\",\"name\":\"PLAYMAT TUBE - GAMEGENIC - Ingenious Supplies\",\"isPartOf\":{\"@id\":\"https:\\\/\\\/www.gamegenic.com\\\/es\\\/#website\"},\"primaryImageOfPage\":{\"@id\":\"https:\\\/\\\/www.gamegenic.com\\\/es\\\/producto\\\/playmat-tube\\\/#primaryimage\"},\"image\":{\"@id\":\"https:\\\/\\\/www.gamegenic.com\\\/es\\\/producto\\\/playmat-tube\\\/#primaryimage\"},\"thumbnailUrl\":\"https:\\\/\\\/www.gamegenic.com\\\/wp-content\\\/uploads\\\/productimage-Playmat-Tube-900.jpg\",\"datePublished\":\"2020-02-14T14:14:17+00:00\",\"dateModified\":\"2025-07-10T10:44:13+00:00\",\"description\":\"Este tubo es perfecto para organizar y proteger los tapetes. El Playmat Tube, que es la soluci\u00f3n de almacenamiento definitiva para todos los tipos de tapetes, tanto cosidos como sin coser, est\u00e1 disponible en 2 colores intensos, en acabado semi transparente. La forma hexagonal del tubo evita que ruede sobre la mesa. La tapa, que est\u00e1 hecha de material flexible, se puede poner y quitar con facilidad. Adem\u00e1s, esta tapa es la manera m\u00e1s segura de cerrar el tubo, ya que evita que el contenido se caiga incluso en caso de sacudidas.\",\"breadcrumb\":{\"@id\":\"https:\\\/\\\/www.gamegenic.com\\\/es\\\/producto\\\/playmat-tube\\\/#breadcrumb\"},\"inLanguage\":\"es\",\"potentialAction\":[{\"@type\":\"ReadAction\",\"target\":[\"https:\\\/\\\/www.gamegenic.com\\\/es\\\/producto\\\/playmat-tube\\\/\"]}]},{\"@type\":\"ImageObject\",\"inLanguage\":\"es\",\"@id\":\"https:\\\/\\\/www.gamegenic.com\\\/es\\\/producto\\\/playmat-tube\\\/#primaryimage\",\"url\":\"https:\\\/\\\/www.gamegenic.com\\\/wp-content\\\/uploads\\\/productimage-Playmat-Tube-900.jpg\",\"contentUrl\":\"https:\\\/\\\/www.gamegenic.com\\\/wp-content\\\/uploads\\\/productimage-Playmat-Tube-900.jpg\",\"width\":900,\"height\":900,\"caption\":\"PLAYMAT TUBE - Red\"},{\"@type\":\"BreadcrumbList\",\"@id\":\"https:\\\/\\\/www.gamegenic.com\\\/es\\\/producto\\\/playmat-tube\\\/#breadcrumb\",\"itemListElement\":[{\"@type\":\"ListItem\",\"position\":1,\"name\":\"Home\",\"item\":\"https:\\\/\\\/www.gamegenic.com\\\/es\\\/\"},{\"@type\":\"ListItem\",\"position\":2,\"name\":\"Tienda\",\"item\":\"https:\\\/\\\/www.gamegenic.com\\\/tienda\\\/\"},{\"@type\":\"ListItem\",\"position\":3,\"name\":\"PLAYMAT TUBE\"}]},{\"@type\":\"WebSite\",\"@id\":\"https:\\\/\\\/www.gamegenic.com\\\/es\\\/#website\",\"url\":\"https:\\\/\\\/www.gamegenic.com\\\/es\\\/\",\"name\":\"GAMEGENIC - Ingenious Supplies\",\"description\":\"\",\"publisher\":{\"@id\":\"https:\\\/\\\/www.gamegenic.com\\\/es\\\/#organization\"},\"potentialAction\":[{\"@type\":\"SearchAction\",\"target\":{\"@type\":\"EntryPoint\",\"urlTemplate\":\"https:\\\/\\\/www.gamegenic.com\\\/es\\\/?s={search_term_string}\"},\"query-input\":{\"@type\":\"PropertyValueSpecification\",\"valueRequired\":true,\"valueName\":\"search_term_string\"}}],\"inLanguage\":\"es\"},{\"@type\":\"Organization\",\"@id\":\"https:\\\/\\\/www.gamegenic.com\\\/es\\\/#organization\",\"name\":\"Gamegenic GmbH\",\"url\":\"https:\\\/\\\/www.gamegenic.com\\\/es\\\/\",\"logo\":{\"@type\":\"ImageObject\",\"inLanguage\":\"es\",\"@id\":\"https:\\\/\\\/www.gamegenic.com\\\/es\\\/#\\\/schema\\\/logo\\\/image\\\/\",\"url\":\"https:\\\/\\\/www.gamegenic.com\\\/wp-content\\\/uploads\\\/Gamegenic-Logo-FINAL.jpg\",\"contentUrl\":\"https:\\\/\\\/www.gamegenic.com\\\/wp-content\\\/uploads\\\/Gamegenic-Logo-FINAL.jpg\",\"width\":3507,\"height\":2480,\"caption\":\"Gamegenic GmbH\"},\"image\":{\"@id\":\"https:\\\/\\\/www.gamegenic.com\\\/es\\\/#\\\/schema\\\/logo\\\/image\\\/\"},\"sameAs\":[\"https:\\\/\\\/www.facebook.com\\\/GamegenicSupplies\\\/\",\"https:\\\/\\\/x.com\\\/Gamegenic_\",\"https:\\\/\\\/www.instagram.com\\\/gamegenicsupplies\\\/\",\"https:\\\/\\\/www.youtube.com\\\/channel\\\/UCgmMXQPjjWW-Zy9ceMH6oGw\"]}]}<\/script>\n<!-- \/ Yoast SEO plugin. -->","yoast_head_json":{"title":"PLAYMAT TUBE - GAMEGENIC - Ingenious Supplies","description":"Este tubo es perfecto para organizar y proteger los tapetes. El Playmat Tube, que es la soluci\u00f3n de almacenamiento definitiva para todos los tipos de tapetes, tanto cosidos como sin coser, est\u00e1 disponible en 2 colores intensos, en acabado semi transparente. La forma hexagonal del tubo evita que ruede sobre la mesa. La tapa, que est\u00e1 hecha de material flexible, se puede poner y quitar con facilidad. Adem\u00e1s, esta tapa es la manera m\u00e1s segura de cerrar el tubo, ya que evita que el contenido se caiga incluso en caso de sacudidas.","robots":{"index":"index","follow":"follow","max-snippet":"max-snippet:-1","max-image-preview":"max-image-preview:large","max-video-preview":"max-video-preview:-1"},"canonical":"https:\/\/www.gamegenic.com\/es\/producto\/playmat-tube\/","og_locale":"es_ES","og_type":"article","og_title":"PLAYMAT TUBE","og_description":"Este tubo es perfecto para organizar y proteger los tapetes. El Playmat Tube, que es la soluci\u00f3n de almacenamiento definitiva para todos los tipos de tapetes, tanto cosidos como sin coser, est\u00e1 disponible en 2 colores intensos, en acabado semi transparente. La forma hexagonal del tubo evita que ruede sobre la mesa. La tapa, que est\u00e1 hecha de material flexible, se puede poner y quitar con facilidad. Adem\u00e1s, esta tapa es la manera m\u00e1s segura de cerrar el tubo, ya que evita que el contenido se caiga incluso en caso de sacudidas.","og_url":"https:\/\/www.gamegenic.com\/es\/producto\/playmat-tube\/","og_site_name":"GAMEGENIC - Ingenious Supplies","article_publisher":"https:\/\/www.facebook.com\/GamegenicSupplies\/","article_modified_time":"2025-07-10T10:44:13+00:00","og_image":[{"url":"https:\/\/www.gamegenic.com\/wp-content\/uploads\/2020\/02\/fb-playmat-tube_X9Q18OAGx.jpg","type":"","width":"","height":""}],"twitter_card":"summary_large_image","twitter_title":"PLAYMAT TUBE","twitter_description":"Este tubo es perfecto para organizar y proteger los tapetes. El Playmat Tube, que es la soluci\u00f3n de almacenamiento definitiva para todos los tipos de tapetes, tanto cosidos como sin coser, est\u00e1 disponible en 2 colores intensos, en acabado semi transparente. La forma hexagonal del tubo evita que ruede sobre la mesa. La tapa, que est\u00e1 hecha de material flexible, se puede poner y quitar con facilidad. Adem\u00e1s, esta tapa es la manera m\u00e1s segura de cerrar el tubo, ya que evita que el contenido se caiga incluso en caso de sacudidas.","twitter_image":"https:\/\/www.gamegenic.com\/wp-content\/uploads\/2020\/02\/fb-playmat-tube_X9Q18OAGx.jpg","twitter_site":"@Gamegenic_","twitter_misc":{"Tiempo de lectura":"1 minuto"},"schema":{"@context":"https:\/\/schema.org","@graph":[{"@type":"WebPage","@id":"https:\/\/www.gamegenic.com\/es\/producto\/playmat-tube\/","url":"https:\/\/www.gamegenic.com\/es\/producto\/playmat-tube\/","name":"PLAYMAT TUBE - GAMEGENIC - Ingenious Supplies","isPartOf":{"@id":"https:\/\/www.gamegenic.com\/es\/#website"},"primaryImageOfPage":{"@id":"https:\/\/www.gamegenic.com\/es\/producto\/playmat-tube\/#primaryimage"},"image":{"@id":"https:\/\/www.gamegenic.com\/es\/producto\/playmat-tube\/#primaryimage"},"thumbnailUrl":"https:\/\/www.gamegenic.com\/wp-content\/uploads\/productimage-Playmat-Tube-900.jpg","datePublished":"2020-02-14T14:14:17+00:00","dateModified":"2025-07-10T10:44:13+00:00","description":"Este tubo es perfecto para organizar y proteger los tapetes. El Playmat Tube, que es la soluci\u00f3n de almacenamiento definitiva para todos los tipos de tapetes, tanto cosidos como sin coser, est\u00e1 disponible en 2 colores intensos, en acabado semi transparente. La forma hexagonal del tubo evita que ruede sobre la mesa. La tapa, que est\u00e1 hecha de material flexible, se puede poner y quitar con facilidad. Adem\u00e1s, esta tapa es la manera m\u00e1s segura de cerrar el tubo, ya que evita que el contenido se caiga incluso en caso de sacudidas.","breadcrumb":{"@id":"https:\/\/www.gamegenic.com\/es\/producto\/playmat-tube\/#breadcrumb"},"inLanguage":"es","potentialAction":[{"@type":"ReadAction","target":["https:\/\/www.gamegenic.com\/es\/producto\/playmat-tube\/"]}]},{"@type":"ImageObject","inLanguage":"es","@id":"https:\/\/www.gamegenic.com\/es\/producto\/playmat-tube\/#primaryimage","url":"https:\/\/www.gamegenic.com\/wp-content\/uploads\/productimage-Playmat-Tube-900.jpg","contentUrl":"https:\/\/www.gamegenic.com\/wp-content\/uploads\/productimage-Playmat-Tube-900.jpg","width":900,"height":900,"caption":"PLAYMAT TUBE - Red"},{"@type":"BreadcrumbList","@id":"https:\/\/www.gamegenic.com\/es\/producto\/playmat-tube\/#breadcrumb","itemListElement":[{"@type":"ListItem","position":1,"name":"Home","item":"https:\/\/www.gamegenic.com\/es\/"},{"@type":"ListItem","position":2,"name":"Tienda","item":"https:\/\/www.gamegenic.com\/tienda\/"},{"@type":"ListItem","position":3,"name":"PLAYMAT TUBE"}]},{"@type":"WebSite","@id":"https:\/\/www.gamegenic.com\/es\/#website","url":"https:\/\/www.gamegenic.com\/es\/","name":"GAMEGENIC - Ingenious Supplies","description":"","publisher":{"@id":"https:\/\/www.gamegenic.com\/es\/#organization"},"potentialAction":[{"@type":"SearchAction","target":{"@type":"EntryPoint","urlTemplate":"https:\/\/www.gamegenic.com\/es\/?s={search_term_string}"},"query-input":{"@type":"PropertyValueSpecification","valueRequired":true,"valueName":"search_term_string"}}],"inLanguage":"es"},{"@type":"Organization","@id":"https:\/\/www.gamegenic.com\/es\/#organization","name":"Gamegenic GmbH","url":"https:\/\/www.gamegenic.com\/es\/","logo":{"@type":"ImageObject","inLanguage":"es","@id":"https:\/\/www.gamegenic.com\/es\/#\/schema\/logo\/image\/","url":"https:\/\/www.gamegenic.com\/wp-content\/uploads\/Gamegenic-Logo-FINAL.jpg","contentUrl":"https:\/\/www.gamegenic.com\/wp-content\/uploads\/Gamegenic-Logo-FINAL.jpg","width":3507,"height":2480,"caption":"Gamegenic GmbH"},"image":{"@id":"https:\/\/www.gamegenic.com\/es\/#\/schema\/logo\/image\/"},"sameAs":["https:\/\/www.facebook.com\/GamegenicSupplies\/","https:\/\/x.com\/Gamegenic_","https:\/\/www.instagram.com\/gamegenicsupplies\/","https:\/\/www.youtube.com\/channel\/UCgmMXQPjjWW-Zy9ceMH6oGw"]}]}},"_links":{"self":[{"href":"https:\/\/www.gamegenic.com\/es\/wp-json\/wp\/v2\/product\/20938","targetHints":{"allow":["GET"]}}],"collection":[{"href":"https:\/\/www.gamegenic.com\/es\/wp-json\/wp\/v2\/product"}],"about":[{"href":"https:\/\/www.gamegenic.com\/es\/wp-json\/wp\/v2\/types\/product"}],"wp:featuredmedia":[{"embeddable":true,"href":"https:\/\/www.gamegenic.com\/es\/wp-json\/wp\/v2\/media\/16364"}],"wp:attachment":[{"href":"https:\/\/www.gamegenic.com\/es\/wp-json\/wp\/v2\/media?parent=20938"}],"wp:term":[{"taxonomy":"product_brand","embeddable":true,"href":"https:\/\/www.gamegenic.com\/es\/wp-json\/wp\/v2\/product_brand?post=20938"},{"taxonomy":"product_cat","embeddable":true,"href":"https:\/\/www.gamegenic.com\/es\/wp-json\/wp\/v2\/product_cat?post=20938"},{"taxonomy":"product_tag","embeddable":true,"href":"https:\/\/www.gamegenic.com\/es\/wp-json\/wp\/v2\/product_tag?post=20938"}],"curies":[{"name":"wp","href":"https:\/\/api.w.org\/{rel}","templated":true}]}}