{"id":20936,"date":"2020-02-14T12:05:09","date_gmt":"2020-02-14T11:05:09","guid":{"rendered":"https:\/\/www.gamegenic.com\/product\/prime-playmat-xl\/"},"modified":"2025-07-22T09:05:21","modified_gmt":"2025-07-22T07:05:21","slug":"prime-playmat-xl","status":"publish","type":"product","link":"https:\/\/www.gamegenic.com\/es\/producto\/prime-playmat-xl\/","title":{"rendered":"PRIME PLAYMAT XL"},"content":{"rendered":"<div class=\"fusion-fullwidth fullwidth-box fusion-builder-row-1 nonhundred-percent-fullwidth non-hundred-percent-height-scrolling gg-summary gg-position\" style=\"--awb-border-radius-top-left:0px;--awb-border-radius-top-right:0px;--awb-border-radius-bottom-right:0px;--awb-border-radius-bottom-left:0px;--awb-flex-wrap:wrap;\" id=\"gg-anker\" ><div class=\"fusion-builder-row fusion-row\"><div class=\"fusion-layout-column fusion_builder_column fusion-builder-column-0 fusion_builder_column_1_2 1_2 fusion-one-half fusion-column-first gg-features\" style=\"--awb-bg-size:cover;width:50%;width:calc(50% - ( ( 60px ) * 0.5 ) );margin-right: 60px;\"><div class=\"fusion-column-wrapper fusion-column-has-shadow fusion-flex-column-wrapper-legacy\"><div class=\"fusion-text fusion-text-1\" style=\"--awb-text-transform:none;\"><h2>CARACTER\u00cdSTICAS<\/h2>\n<ul>\n<li><strong>80 x 35 cm<\/strong><\/li>\n<li>Acolchado suavemente con un grosor de 2 mm<\/li>\n<li><strong>19 cm adicionales:<\/strong> m\u00e1s grande que otros tapetes est\u00e1ndar<\/li>\n<li>Perfecto para KeyForge\u00ae y otros juegos de cartas que necesiten mucho espacio<\/li>\n<li>Superficie muy fina<\/li>\n<li>La manera de jugar m\u00e1s segura para tus cartas y tus accesorios<\/li>\n<li>Reverso antideslizante<\/li>\n<li>Sutil y elegante: logo en color plateado<\/li>\n<li>Est\u00e1 fabricado con caucho natural<\/li>\n<\/ul>\n<\/div><div class=\"fusion-clearfix\"><\/div><\/div><\/div><div class=\"fusion-layout-column fusion_builder_column fusion-builder-column-1 fusion_builder_column_1_2 1_2 fusion-one-half fusion-column-last\" style=\"--awb-bg-size:cover;width:50%;width:calc(50% - ( ( 60px ) * 0.5 ) );\"><div class=\"fusion-column-wrapper fusion-column-has-shadow fusion-flex-column-wrapper-legacy\">\n<h2>ESPECIFICACIONES<\/h2>\n<div class=\"table-2\">\n<table width=\"100%\">\n<tbody>\n<tr>\n<td align=\"left\">Tama\u00f1o de los productos<\/td>\n<td align=\"left\">800 x 350 mm<\/td>\n<\/tr>\n<tr>\n<td style=\"vertical-align: top;\" align=\"left\">Material<\/td>\n<td align=\"left\">caucho natural<\/td>\n<\/tr>\n<tr>\n<td align=\"left\">Tipo de embalaje<\/td>\n<td align=\"left\">Caja de cart\u00f3n con ventana<\/td>\n<\/tr>\n<\/tbody>\n<\/table>\n<\/div>\n<h2 style=\"margin-top:60px\">MSRP<i data-tooltip=\"No se pueden realizar compras a trav\u00e9s de este sitio web. Todos los precios indicados son el precio de venta al p\u00fablico recomendado por el fabricante en euros (con IVA) o en d\u00f3lares (sin IVA). Los posibles gastos de env\u00edo no est\u00e1n incluidos. Los precios indicados no son vinculantes y pueden tratarse como una recomendaci\u00f3n.\" class=\"fas fa-info-circle gg-tooltip\">\uf05a<\/i><\/h2>\n<form action=\"\" method=\"post\" id=\"alg_currency_selector\"><select name=\"alg_currency\" id=\"alg_currency_select\" class=\"alg_currency_select\" onchange=\"this.form.submit()\"><option id=\"alg_currency_USD\" value=\"USD\" >USD<\/option><option id=\"alg_currency_EUR\" value=\"EUR\"  selected='selected'>EUR<\/option><option id=\"alg_currency_CAD\" value=\"CAD\" >U.S.-USD<\/option><\/select><noscript><input type=\"submit\" value=\"Refresh\"><\/noscript><\/form>\n<span class=\"woocommerce-Price-amount amount\"><bdi><span class=\"woocommerce-Price-currencySymbol\">EUR<\/span>&nbsp;16,99<\/bdi><\/span>\n\n<div class=\"fusion-alignleft\"><a class=\"fusion-button button-flat fusion-button-default-size button-default fusion-button-default button-1 fusion-button-default-span fusion-button-default-type shopfinder-button\" target=\"_blank\" rel=\"noopener noreferrer\" href=\"https:\/\/www.gamegenic.com\/es\/buscador-de-tiendas\/\"><i class=\"fa-globe-americas fas awb-button__icon awb-button__icon--default button-icon-left\" aria-hidden=\"true\"><\/i><span class=\"fusion-button-text awb-button__text awb-button__text--default\">D\u00f3nde comprarlos<\/span><\/a><\/div>\n<div class=\"fusion-clearfix\"><\/div><\/div><\/div><\/div><\/div>\n","protected":false},"excerpt":{"rendered":"<p>Este tapete acolchado de gran calidad tiene 80 cm de longitud para jugar c\u00f3modamente. Los 19 cm adicionales convierten al Playmat XL en uno de los tapetes m\u00e1s grande del mercado. Gracias a su tama\u00f1o, habr\u00e1 m\u00e1s espacio para las cartas y los accesorios, algo esencial para juegos nuevos como KeyForge\u00ae, pero que tambi\u00e9n viene bien para juegos de cartas coleccionables como Magic: The Gathering\u2122.<\/p>\n<p>El tapete est\u00e1 cubierto por una superficie muy fina y su reverso antideslizante bloquea cualquier desplazamiento y garantiza una posici\u00f3n fija durante las partidas. El acolchamiento de caucho natural de 2 mm asegura que el tapete se quede plano sobre la mesa. El logo de Gamegenic, estampado en color plateado en una de las esquinas del tapete, le da un acabado elegante y minimalista.<\/p>\n","protected":false},"featured_media":18794,"template":"","meta":[],"product_brand":[],"product_cat":[517,537,526],"product_tag":[],"class_list":{"0":"post-20936","1":"product","2":"type-product","3":"status-publish","4":"has-post-thumbnail","6":"product_cat-accesorios","7":"product_cat-playmats-es","8":"product_cat-tapetes-y-tubos-para-tapetes","10":"first","11":"instock","12":"shipping-taxable","13":"purchasable","14":"product-type-variable","15":"has-default-attributes","16":"wvs-archive-product-wrapper"},"yoast_head":"<!-- This site is optimized with the Yoast SEO plugin v27.3 - https:\/\/yoast.com\/product\/yoast-seo-wordpress\/ -->\n<title>PRIME PLAYMAT XL - GAMEGENIC - Ingenious Supplies<\/title>\n<meta name=\"description\" content=\"Prime Playmat XL (80\u202fcm) con superficie fina, base antideslizante y caucho natural de 2\u202fmm. Perfecta para KeyForge\u00ae, Magic\u2122 y m\u00e1s TCG.\" \/>\n<meta name=\"robots\" content=\"index, follow, max-snippet:-1, max-image-preview:large, max-video-preview:-1\" \/>\n<link rel=\"canonical\" href=\"https:\/\/www.gamegenic.com\/es\/producto\/prime-playmat-xl\/\" \/>\n<meta property=\"og:locale\" content=\"es_ES\" \/>\n<meta property=\"og:type\" content=\"article\" \/>\n<meta property=\"og:title\" content=\"PRIME PLAYMAT XL\" \/>\n<meta property=\"og:description\" content=\"Prime Playmat XL (80\u202fcm) con superficie fina, base antideslizante y caucho natural de 2\u202fmm. Perfecta para KeyForge\u00ae, Magic\u2122 y m\u00e1s TCG.\" \/>\n<meta property=\"og:url\" content=\"https:\/\/www.gamegenic.com\/es\/producto\/prime-playmat-xl\/\" \/>\n<meta property=\"og:site_name\" content=\"GAMEGENIC - Ingenious Supplies\" \/>\n<meta property=\"article:publisher\" content=\"https:\/\/www.facebook.com\/GamegenicSupplies\/\" \/>\n<meta property=\"article:modified_time\" content=\"2025-07-22T07:05:21+00:00\" \/>\n<meta property=\"og:image\" content=\"https:\/\/www.gamegenic.com\/wp-content\/uploads\/2021\/10\/fb-playmat-XL_vTZfBAj9R.jpg\" \/>\n<meta name=\"twitter:card\" content=\"summary_large_image\" \/>\n<meta name=\"twitter:title\" content=\"PRIME PLAYMAT XL\" \/>\n<meta name=\"twitter:description\" content=\"Prime Playmat XL (80\u202fcm) con superficie fina, base antideslizante y caucho natural de 2\u202fmm. Perfecta para KeyForge\u00ae, Magic\u2122 y m\u00e1s TCG.\" \/>\n<meta name=\"twitter:image\" content=\"https:\/\/www.gamegenic.com\/wp-content\/uploads\/2021\/10\/fb-playmat-XL_vTZfBAj9R.jpg\" \/>\n<meta name=\"twitter:site\" content=\"@Gamegenic_\" \/>\n<meta name=\"twitter:label1\" content=\"Tiempo de lectura\" \/>\n\t<meta name=\"twitter:data1\" content=\"1 minuto\" \/>\n<script type=\"application\/ld+json\" class=\"yoast-schema-graph\">{\"@context\":\"https:\\\/\\\/schema.org\",\"@graph\":[{\"@type\":\"WebPage\",\"@id\":\"https:\\\/\\\/www.gamegenic.com\\\/es\\\/producto\\\/prime-playmat-xl\\\/\",\"url\":\"https:\\\/\\\/www.gamegenic.com\\\/es\\\/producto\\\/prime-playmat-xl\\\/\",\"name\":\"PRIME PLAYMAT XL - GAMEGENIC - Ingenious Supplies\",\"isPartOf\":{\"@id\":\"https:\\\/\\\/www.gamegenic.com\\\/es\\\/#website\"},\"primaryImageOfPage\":{\"@id\":\"https:\\\/\\\/www.gamegenic.com\\\/es\\\/producto\\\/prime-playmat-xl\\\/#primaryimage\"},\"image\":{\"@id\":\"https:\\\/\\\/www.gamegenic.com\\\/es\\\/producto\\\/prime-playmat-xl\\\/#primaryimage\"},\"thumbnailUrl\":\"https:\\\/\\\/www.gamegenic.com\\\/wp-content\\\/uploads\\\/2020\\\/02\\\/GG_Playmat_XL_0000_p3U6PlME8.jpg\",\"datePublished\":\"2020-02-14T11:05:09+00:00\",\"dateModified\":\"2025-07-22T07:05:21+00:00\",\"description\":\"Prime Playmat XL (80\u202fcm) con superficie fina, base antideslizante y caucho natural de 2\u202fmm. Perfecta para KeyForge\u00ae, Magic\u2122 y m\u00e1s TCG.\",\"breadcrumb\":{\"@id\":\"https:\\\/\\\/www.gamegenic.com\\\/es\\\/producto\\\/prime-playmat-xl\\\/#breadcrumb\"},\"inLanguage\":\"es\",\"potentialAction\":[{\"@type\":\"ReadAction\",\"target\":[\"https:\\\/\\\/www.gamegenic.com\\\/es\\\/producto\\\/prime-playmat-xl\\\/\"]}]},{\"@type\":\"ImageObject\",\"inLanguage\":\"es\",\"@id\":\"https:\\\/\\\/www.gamegenic.com\\\/es\\\/producto\\\/prime-playmat-xl\\\/#primaryimage\",\"url\":\"https:\\\/\\\/www.gamegenic.com\\\/wp-content\\\/uploads\\\/2020\\\/02\\\/GG_Playmat_XL_0000_p3U6PlME8.jpg\",\"contentUrl\":\"https:\\\/\\\/www.gamegenic.com\\\/wp-content\\\/uploads\\\/2020\\\/02\\\/GG_Playmat_XL_0000_p3U6PlME8.jpg\",\"width\":900,\"height\":900,\"caption\":\"PRIME PLAYMAT XL\"},{\"@type\":\"BreadcrumbList\",\"@id\":\"https:\\\/\\\/www.gamegenic.com\\\/es\\\/producto\\\/prime-playmat-xl\\\/#breadcrumb\",\"itemListElement\":[{\"@type\":\"ListItem\",\"position\":1,\"name\":\"Home\",\"item\":\"https:\\\/\\\/www.gamegenic.com\\\/es\\\/\"},{\"@type\":\"ListItem\",\"position\":2,\"name\":\"Tienda\",\"item\":\"https:\\\/\\\/www.gamegenic.com\\\/tienda\\\/\"},{\"@type\":\"ListItem\",\"position\":3,\"name\":\"PRIME PLAYMAT XL\"}]},{\"@type\":\"WebSite\",\"@id\":\"https:\\\/\\\/www.gamegenic.com\\\/es\\\/#website\",\"url\":\"https:\\\/\\\/www.gamegenic.com\\\/es\\\/\",\"name\":\"GAMEGENIC - Ingenious Supplies\",\"description\":\"\",\"publisher\":{\"@id\":\"https:\\\/\\\/www.gamegenic.com\\\/es\\\/#organization\"},\"potentialAction\":[{\"@type\":\"SearchAction\",\"target\":{\"@type\":\"EntryPoint\",\"urlTemplate\":\"https:\\\/\\\/www.gamegenic.com\\\/es\\\/?s={search_term_string}\"},\"query-input\":{\"@type\":\"PropertyValueSpecification\",\"valueRequired\":true,\"valueName\":\"search_term_string\"}}],\"inLanguage\":\"es\"},{\"@type\":\"Organization\",\"@id\":\"https:\\\/\\\/www.gamegenic.com\\\/es\\\/#organization\",\"name\":\"Gamegenic GmbH\",\"url\":\"https:\\\/\\\/www.gamegenic.com\\\/es\\\/\",\"logo\":{\"@type\":\"ImageObject\",\"inLanguage\":\"es\",\"@id\":\"https:\\\/\\\/www.gamegenic.com\\\/es\\\/#\\\/schema\\\/logo\\\/image\\\/\",\"url\":\"https:\\\/\\\/www.gamegenic.com\\\/wp-content\\\/uploads\\\/Gamegenic-Logo-FINAL.jpg\",\"contentUrl\":\"https:\\\/\\\/www.gamegenic.com\\\/wp-content\\\/uploads\\\/Gamegenic-Logo-FINAL.jpg\",\"width\":3507,\"height\":2480,\"caption\":\"Gamegenic GmbH\"},\"image\":{\"@id\":\"https:\\\/\\\/www.gamegenic.com\\\/es\\\/#\\\/schema\\\/logo\\\/image\\\/\"},\"sameAs\":[\"https:\\\/\\\/www.facebook.com\\\/GamegenicSupplies\\\/\",\"https:\\\/\\\/x.com\\\/Gamegenic_\",\"https:\\\/\\\/www.instagram.com\\\/gamegenicsupplies\\\/\",\"https:\\\/\\\/www.youtube.com\\\/channel\\\/UCgmMXQPjjWW-Zy9ceMH6oGw\"]}]}<\/script>\n<!-- \/ Yoast SEO plugin. -->","yoast_head_json":{"title":"PRIME PLAYMAT XL - GAMEGENIC - Ingenious Supplies","description":"Prime Playmat XL (80\u202fcm) con superficie fina, base antideslizante y caucho natural de 2\u202fmm. Perfecta para KeyForge\u00ae, Magic\u2122 y m\u00e1s TCG.","robots":{"index":"index","follow":"follow","max-snippet":"max-snippet:-1","max-image-preview":"max-image-preview:large","max-video-preview":"max-video-preview:-1"},"canonical":"https:\/\/www.gamegenic.com\/es\/producto\/prime-playmat-xl\/","og_locale":"es_ES","og_type":"article","og_title":"PRIME PLAYMAT XL","og_description":"Prime Playmat XL (80\u202fcm) con superficie fina, base antideslizante y caucho natural de 2\u202fmm. Perfecta para KeyForge\u00ae, Magic\u2122 y m\u00e1s TCG.","og_url":"https:\/\/www.gamegenic.com\/es\/producto\/prime-playmat-xl\/","og_site_name":"GAMEGENIC - Ingenious Supplies","article_publisher":"https:\/\/www.facebook.com\/GamegenicSupplies\/","article_modified_time":"2025-07-22T07:05:21+00:00","og_image":[{"url":"https:\/\/www.gamegenic.com\/wp-content\/uploads\/2021\/10\/fb-playmat-XL_vTZfBAj9R.jpg","type":"","width":"","height":""}],"twitter_card":"summary_large_image","twitter_title":"PRIME PLAYMAT XL","twitter_description":"Prime Playmat XL (80\u202fcm) con superficie fina, base antideslizante y caucho natural de 2\u202fmm. Perfecta para KeyForge\u00ae, Magic\u2122 y m\u00e1s TCG.","twitter_image":"https:\/\/www.gamegenic.com\/wp-content\/uploads\/2021\/10\/fb-playmat-XL_vTZfBAj9R.jpg","twitter_site":"@Gamegenic_","twitter_misc":{"Tiempo de lectura":"1 minuto"},"schema":{"@context":"https:\/\/schema.org","@graph":[{"@type":"WebPage","@id":"https:\/\/www.gamegenic.com\/es\/producto\/prime-playmat-xl\/","url":"https:\/\/www.gamegenic.com\/es\/producto\/prime-playmat-xl\/","name":"PRIME PLAYMAT XL - GAMEGENIC - Ingenious Supplies","isPartOf":{"@id":"https:\/\/www.gamegenic.com\/es\/#website"},"primaryImageOfPage":{"@id":"https:\/\/www.gamegenic.com\/es\/producto\/prime-playmat-xl\/#primaryimage"},"image":{"@id":"https:\/\/www.gamegenic.com\/es\/producto\/prime-playmat-xl\/#primaryimage"},"thumbnailUrl":"https:\/\/www.gamegenic.com\/wp-content\/uploads\/2020\/02\/GG_Playmat_XL_0000_p3U6PlME8.jpg","datePublished":"2020-02-14T11:05:09+00:00","dateModified":"2025-07-22T07:05:21+00:00","description":"Prime Playmat XL (80\u202fcm) con superficie fina, base antideslizante y caucho natural de 2\u202fmm. Perfecta para KeyForge\u00ae, Magic\u2122 y m\u00e1s TCG.","breadcrumb":{"@id":"https:\/\/www.gamegenic.com\/es\/producto\/prime-playmat-xl\/#breadcrumb"},"inLanguage":"es","potentialAction":[{"@type":"ReadAction","target":["https:\/\/www.gamegenic.com\/es\/producto\/prime-playmat-xl\/"]}]},{"@type":"ImageObject","inLanguage":"es","@id":"https:\/\/www.gamegenic.com\/es\/producto\/prime-playmat-xl\/#primaryimage","url":"https:\/\/www.gamegenic.com\/wp-content\/uploads\/2020\/02\/GG_Playmat_XL_0000_p3U6PlME8.jpg","contentUrl":"https:\/\/www.gamegenic.com\/wp-content\/uploads\/2020\/02\/GG_Playmat_XL_0000_p3U6PlME8.jpg","width":900,"height":900,"caption":"PRIME PLAYMAT XL"},{"@type":"BreadcrumbList","@id":"https:\/\/www.gamegenic.com\/es\/producto\/prime-playmat-xl\/#breadcrumb","itemListElement":[{"@type":"ListItem","position":1,"name":"Home","item":"https:\/\/www.gamegenic.com\/es\/"},{"@type":"ListItem","position":2,"name":"Tienda","item":"https:\/\/www.gamegenic.com\/tienda\/"},{"@type":"ListItem","position":3,"name":"PRIME PLAYMAT XL"}]},{"@type":"WebSite","@id":"https:\/\/www.gamegenic.com\/es\/#website","url":"https:\/\/www.gamegenic.com\/es\/","name":"GAMEGENIC - Ingenious Supplies","description":"","publisher":{"@id":"https:\/\/www.gamegenic.com\/es\/#organization"},"potentialAction":[{"@type":"SearchAction","target":{"@type":"EntryPoint","urlTemplate":"https:\/\/www.gamegenic.com\/es\/?s={search_term_string}"},"query-input":{"@type":"PropertyValueSpecification","valueRequired":true,"valueName":"search_term_string"}}],"inLanguage":"es"},{"@type":"Organization","@id":"https:\/\/www.gamegenic.com\/es\/#organization","name":"Gamegenic GmbH","url":"https:\/\/www.gamegenic.com\/es\/","logo":{"@type":"ImageObject","inLanguage":"es","@id":"https:\/\/www.gamegenic.com\/es\/#\/schema\/logo\/image\/","url":"https:\/\/www.gamegenic.com\/wp-content\/uploads\/Gamegenic-Logo-FINAL.jpg","contentUrl":"https:\/\/www.gamegenic.com\/wp-content\/uploads\/Gamegenic-Logo-FINAL.jpg","width":3507,"height":2480,"caption":"Gamegenic GmbH"},"image":{"@id":"https:\/\/www.gamegenic.com\/es\/#\/schema\/logo\/image\/"},"sameAs":["https:\/\/www.facebook.com\/GamegenicSupplies\/","https:\/\/x.com\/Gamegenic_","https:\/\/www.instagram.com\/gamegenicsupplies\/","https:\/\/www.youtube.com\/channel\/UCgmMXQPjjWW-Zy9ceMH6oGw"]}]}},"_links":{"self":[{"href":"https:\/\/www.gamegenic.com\/es\/wp-json\/wp\/v2\/product\/20936","targetHints":{"allow":["GET"]}}],"collection":[{"href":"https:\/\/www.gamegenic.com\/es\/wp-json\/wp\/v2\/product"}],"about":[{"href":"https:\/\/www.gamegenic.com\/es\/wp-json\/wp\/v2\/types\/product"}],"wp:featuredmedia":[{"embeddable":true,"href":"https:\/\/www.gamegenic.com\/es\/wp-json\/wp\/v2\/media\/18794"}],"wp:attachment":[{"href":"https:\/\/www.gamegenic.com\/es\/wp-json\/wp\/v2\/media?parent=20936"}],"wp:term":[{"taxonomy":"product_brand","embeddable":true,"href":"https:\/\/www.gamegenic.com\/es\/wp-json\/wp\/v2\/product_brand?post=20936"},{"taxonomy":"product_cat","embeddable":true,"href":"https:\/\/www.gamegenic.com\/es\/wp-json\/wp\/v2\/product_cat?post=20936"},{"taxonomy":"product_tag","embeddable":true,"href":"https:\/\/www.gamegenic.com\/es\/wp-json\/wp\/v2\/product_tag?post=20936"}],"curies":[{"name":"wp","href":"https:\/\/api.w.org\/{rel}","templated":true}]}}