{"id":20896,"date":"2020-02-12T11:23:35","date_gmt":"2020-02-12T10:23:35","guid":{"rendered":"https:\/\/www.gamegenic.com\/product\/casual-album-18-pocket\/"},"modified":"2025-07-10T14:07:28","modified_gmt":"2025-07-10T12:07:28","slug":"casual-album-18-pocket","status":"publish","type":"product","link":"https:\/\/www.gamegenic.com\/es\/producto\/casual-album-18-pocket\/","title":{"rendered":"CASUAL ALBUM 18-POCKET"},"content":{"rendered":"<div class=\"fusion-fullwidth fullwidth-box fusion-builder-row-1 nonhundred-percent-fullwidth non-hundred-percent-height-scrolling gg-summary gg-position\" style=\"--awb-border-radius-top-left:0px;--awb-border-radius-top-right:0px;--awb-border-radius-bottom-right:0px;--awb-border-radius-bottom-left:0px;--awb-flex-wrap:wrap;\" id=\"gg-anker\" ><div class=\"fusion-builder-row fusion-row\"><div class=\"fusion-layout-column fusion_builder_column fusion-builder-column-0 fusion_builder_column_1_2 1_2 fusion-one-half fusion-column-first gg-features\" style=\"--awb-bg-size:cover;width:50%;width:calc(50% - ( ( 60px ) * 0.5 ) );margin-right: 60px;\"><div class=\"fusion-column-wrapper fusion-column-has-shadow fusion-flex-column-wrapper-legacy\"><div class=\"fusion-text fusion-text-1\"><h2>CARACTER\u00cdSTICAS<\/h2>\n<ul>\n<li>Tiene capacidad <strong>20<\/strong> p\u00e1ginas de carga lateral para guardar hasta <strong>360<\/strong> cartas con fundas*<\/li>\n<li><strong>COLORMATCH:<\/strong> tapas, forro interior y banda el\u00e1stica en colores a juego<\/li>\n<li>Banda el\u00e1stica ancha con costuras reforzadas<\/li>\n<li><strong>18 bolsillos de carga lateral<\/strong> por p\u00e1gina para que las cartas no se salgan<\/li>\n<li>Adecuado para cartas de tama\u00f1o est\u00e1ndar y japon\u00e9s<\/li>\n<li>Optimizado para cartas con doble funda<\/li>\n<li>Sin \u00e1cidos, sin PVC<\/li>\n<\/ul>\n<\/div><div class=\"fusion-text fusion-text-2 gg-notice\"><p>* Optimizado para las fundas de Gamegenic. Si se usan fundas de otra marca, la capacidad o compatibilidad podr\u00edan variar<\/p>\n<\/div>\n<div class=\"fusion-clearfix\"><\/div><\/div><\/div><div class=\"fusion-layout-column fusion_builder_column fusion-builder-column-1 fusion_builder_column_1_2 1_2 fusion-one-half fusion-column-last\" style=\"--awb-bg-size:cover;width:50%;width:calc(50% - ( ( 60px ) * 0.5 ) );\"><div class=\"fusion-column-wrapper fusion-column-has-shadow fusion-flex-column-wrapper-legacy\">\n<h2>ESPECIFICACIONES<\/h2>\n<div class=\"table-2\">\n<table width=\"100%\">\n<tbody>\n<tr>\n<td style=\"vertical-align: top;\" align=\"left\">Tama\u00f1o de los productos<br \/>\n<span class=\"gg-wdh\">(ancho x fondo x alto)<\/span><\/td>\n<td style=\"vertical-align: top;\" align=\"left\">245 x 25 x 305 mm<\/td>\n<\/tr>\n<tr>\n<td style=\"vertical-align: top;\" align=\"left\">Material<\/td>\n<td style=\"vertical-align: top;\" align=\"left\">Polipropileno<\/td>\n<\/tr>\n<tr>\n<td style=\"vertical-align: top;\" align=\"left\">Tipo de embalaje<\/td>\n<td style=\"vertical-align: top;\" align=\"left\">Bolsa de PPO<\/td>\n<\/tr>\n<\/tbody>\n<\/table>\n<\/div>\n<h2 style=\"margin-top:60px\">MSRP<i data-tooltip=\"No se pueden realizar compras a trav\u00e9s de este sitio web. Todos los precios indicados son el precio de venta al p\u00fablico recomendado por el fabricante en euros (con IVA) o en d\u00f3lares (sin IVA). Los posibles gastos de env\u00edo no est\u00e1n incluidos. Los precios indicados no son vinculantes y pueden tratarse como una recomendaci\u00f3n.\" class=\"fas fa-info-circle gg-tooltip\">\uf05a<\/i><\/h2>\n<form action=\"\" method=\"post\" id=\"alg_currency_selector\"><select name=\"alg_currency\" id=\"alg_currency_select\" class=\"alg_currency_select\" onchange=\"this.form.submit()\"><option id=\"alg_currency_USD\" value=\"USD\" >USD<\/option><option id=\"alg_currency_EUR\" value=\"EUR\"  selected='selected'>EUR<\/option><option id=\"alg_currency_CAD\" value=\"CAD\" >U.S.-USD<\/option><\/select><noscript><input type=\"submit\" value=\"Refresh\"><\/noscript><\/form>\n<span class=\"woocommerce-Price-amount amount\"><bdi><span class=\"woocommerce-Price-currencySymbol\">EUR<\/span>&nbsp;15,99<\/bdi><\/span>\n\n<div class=\"fusion-alignleft\"><a class=\"fusion-button button-flat fusion-button-default-size button-default fusion-button-default button-1 fusion-button-default-span fusion-button-default-type shopfinder-button\" target=\"_blank\" rel=\"noopener noreferrer\" href=\"https:\/\/www.gamegenic.com\/es\/buscador-de-tiendas\/\"><i class=\"fa-globe-americas fas awb-button__icon awb-button__icon--default button-icon-left\" aria-hidden=\"true\"><\/i><span class=\"fusion-button-text awb-button__text awb-button__text--default\">D\u00f3nde comprarlos<\/span><\/a><\/div>\n<div class=\"fusion-clearfix\"><\/div><\/div><\/div><\/div><\/div>\n","protected":false},"excerpt":{"rendered":"<p class=\"p1\">El \u00e1lbum 18-Pocket Casual Album es una manera econ\u00f3mica y cl\u00e1sica de organizar tus colecciones de cartas de tama\u00f1o est\u00e1ndar y japon\u00e9s. Este \u00e1lbum, fabricado con polipropileno resistente, est\u00e1 disponible en varios colores llamativos. Tiene capacidad para 20 p\u00e1ginas de 18 bolsillos de carga lateral, de manera que la capacidad total del \u00e1lbum es de 360 cartas con doble funda. Gracias a la banda el\u00e1stica ancha con costuras reforzadas, el \u00e1lbum queda completamente cerrado, de manera que las cartas se mantienen a salvo.<\/p>\n","protected":false},"featured_media":16113,"template":"","meta":[],"product_brand":[],"product_cat":[490,489],"product_tag":[],"class_list":{"0":"post-20896","1":"product","2":"type-product","3":"status-publish","4":"has-post-thumbnail","6":"product_cat-album-casual","7":"product_cat-carpetas-y-albumes","9":"first","10":"instock","11":"shipping-taxable","12":"purchasable","13":"product-type-variable","14":"has-default-attributes","15":"wvs-archive-product-wrapper"},"yoast_head":"<!-- This site is optimized with the Yoast SEO plugin v27.3 - https:\/\/yoast.com\/product\/yoast-seo-wordpress\/ -->\n<title>CASUAL ALBUM 18-POCKET - GAMEGENIC - Ingenious Supplies<\/title>\n<meta name=\"description\" content=\"El \u00e1lbum 18-Pocket Casual Album es una manera econ\u00f3mica y cl\u00e1sica de organizar tus colecciones de cartas de tama\u00f1o est\u00e1ndar y japon\u00e9s. Este \u00e1lbum, fabricado con polipropileno resistente, est\u00e1 disponible en varios colores llamativos. Tiene capacidad para 20 p\u00e1ginas de 18 bolsillos de carga lateral, de manera que la capacidad total del \u00e1lbum es de 360 cartas con doble funda. Gracias a la banda el\u00e1stica ancha con costuras reforzadas, el \u00e1lbum queda completamente cerrado, de manera que las cartas se mantienen a salvo.\" \/>\n<meta name=\"robots\" content=\"index, follow, max-snippet:-1, max-image-preview:large, max-video-preview:-1\" \/>\n<link rel=\"canonical\" href=\"https:\/\/www.gamegenic.com\/es\/producto\/casual-album-18-pocket\/\" \/>\n<meta property=\"og:locale\" content=\"es_ES\" \/>\n<meta property=\"og:type\" content=\"article\" \/>\n<meta property=\"og:title\" content=\"CASUAL ALBUM 18-POCKET\" \/>\n<meta property=\"og:description\" content=\"El \u00e1lbum 18-Pocket Casual Album es una manera econ\u00f3mica y cl\u00e1sica de organizar tus colecciones de cartas de tama\u00f1o est\u00e1ndar y japon\u00e9s. Este \u00e1lbum, fabricado con polipropileno resistente, est\u00e1 disponible en varios colores llamativos. Tiene capacidad para 20 p\u00e1ginas de 18 bolsillos de carga lateral, de manera que la capacidad total del \u00e1lbum es de 360 cartas con doble funda. Gracias a la banda el\u00e1stica ancha con costuras reforzadas, el \u00e1lbum queda completamente cerrado, de manera que las cartas se mantienen a salvo.\" \/>\n<meta property=\"og:url\" content=\"https:\/\/www.gamegenic.com\/es\/producto\/casual-album-18-pocket\/\" \/>\n<meta property=\"og:site_name\" content=\"GAMEGENIC - Ingenious Supplies\" \/>\n<meta property=\"article:publisher\" content=\"https:\/\/www.facebook.com\/GamegenicSupplies\/\" \/>\n<meta property=\"article:modified_time\" content=\"2025-07-10T12:07:28+00:00\" \/>\n<meta property=\"og:image\" content=\"https:\/\/www.gamegenic.com\/wp-content\/uploads\/2020\/02\/fb-casual-album-18-pocket_8VcIxSNWe.jpg\" \/>\n<meta name=\"twitter:card\" content=\"summary_large_image\" \/>\n<meta name=\"twitter:title\" content=\"CASUAL ALBUM 18-POCKET\" \/>\n<meta name=\"twitter:description\" content=\"El \u00e1lbum 18-Pocket Casual Album es una manera econ\u00f3mica y cl\u00e1sica de organizar tus colecciones de cartas de tama\u00f1o est\u00e1ndar y japon\u00e9s. Este \u00e1lbum, fabricado con polipropileno resistente, est\u00e1 disponible en varios colores llamativos. Tiene capacidad para 20 p\u00e1ginas de 18 bolsillos de carga lateral, de manera que la capacidad total del \u00e1lbum es de 360 cartas con doble funda. Gracias a la banda el\u00e1stica ancha con costuras reforzadas, el \u00e1lbum queda completamente cerrado, de manera que las cartas se mantienen a salvo.\" \/>\n<meta name=\"twitter:image\" content=\"https:\/\/www.gamegenic.com\/wp-content\/uploads\/2020\/02\/fb-casual-album-18-pocket_8VcIxSNWe.jpg\" \/>\n<meta name=\"twitter:site\" content=\"@Gamegenic_\" \/>\n<meta name=\"twitter:label1\" content=\"Tiempo de lectura\" \/>\n\t<meta name=\"twitter:data1\" content=\"1 minuto\" \/>\n<script type=\"application\/ld+json\" class=\"yoast-schema-graph\">{\"@context\":\"https:\\\/\\\/schema.org\",\"@graph\":[{\"@type\":\"WebPage\",\"@id\":\"https:\\\/\\\/www.gamegenic.com\\\/es\\\/producto\\\/casual-album-18-pocket\\\/\",\"url\":\"https:\\\/\\\/www.gamegenic.com\\\/es\\\/producto\\\/casual-album-18-pocket\\\/\",\"name\":\"CASUAL ALBUM 18-POCKET - GAMEGENIC - Ingenious Supplies\",\"isPartOf\":{\"@id\":\"https:\\\/\\\/www.gamegenic.com\\\/es\\\/#website\"},\"primaryImageOfPage\":{\"@id\":\"https:\\\/\\\/www.gamegenic.com\\\/es\\\/producto\\\/casual-album-18-pocket\\\/#primaryimage\"},\"image\":{\"@id\":\"https:\\\/\\\/www.gamegenic.com\\\/es\\\/producto\\\/casual-album-18-pocket\\\/#primaryimage\"},\"thumbnailUrl\":\"https:\\\/\\\/www.gamegenic.com\\\/wp-content\\\/uploads\\\/productimage-Casual-Album-18-900.jpg\",\"datePublished\":\"2020-02-12T10:23:35+00:00\",\"dateModified\":\"2025-07-10T12:07:28+00:00\",\"description\":\"El \u00e1lbum 18-Pocket Casual Album es una manera econ\u00f3mica y cl\u00e1sica de organizar tus colecciones de cartas de tama\u00f1o est\u00e1ndar y japon\u00e9s. Este \u00e1lbum, fabricado con polipropileno resistente, est\u00e1 disponible en varios colores llamativos. Tiene capacidad para 20 p\u00e1ginas de 18 bolsillos de carga lateral, de manera que la capacidad total del \u00e1lbum es de 360 cartas con doble funda. Gracias a la banda el\u00e1stica ancha con costuras reforzadas, el \u00e1lbum queda completamente cerrado, de manera que las cartas se mantienen a salvo.\",\"breadcrumb\":{\"@id\":\"https:\\\/\\\/www.gamegenic.com\\\/es\\\/producto\\\/casual-album-18-pocket\\\/#breadcrumb\"},\"inLanguage\":\"es\",\"potentialAction\":[{\"@type\":\"ReadAction\",\"target\":[\"https:\\\/\\\/www.gamegenic.com\\\/es\\\/producto\\\/casual-album-18-pocket\\\/\"]}]},{\"@type\":\"ImageObject\",\"inLanguage\":\"es\",\"@id\":\"https:\\\/\\\/www.gamegenic.com\\\/es\\\/producto\\\/casual-album-18-pocket\\\/#primaryimage\",\"url\":\"https:\\\/\\\/www.gamegenic.com\\\/wp-content\\\/uploads\\\/productimage-Casual-Album-18-900.jpg\",\"contentUrl\":\"https:\\\/\\\/www.gamegenic.com\\\/wp-content\\\/uploads\\\/productimage-Casual-Album-18-900.jpg\",\"width\":900,\"height\":900,\"caption\":\"CASUAL ALBUM 18-POCKET\"},{\"@type\":\"BreadcrumbList\",\"@id\":\"https:\\\/\\\/www.gamegenic.com\\\/es\\\/producto\\\/casual-album-18-pocket\\\/#breadcrumb\",\"itemListElement\":[{\"@type\":\"ListItem\",\"position\":1,\"name\":\"Home\",\"item\":\"https:\\\/\\\/www.gamegenic.com\\\/es\\\/\"},{\"@type\":\"ListItem\",\"position\":2,\"name\":\"Tienda\",\"item\":\"https:\\\/\\\/www.gamegenic.com\\\/tienda\\\/\"},{\"@type\":\"ListItem\",\"position\":3,\"name\":\"CASUAL ALBUM 18-POCKET\"}]},{\"@type\":\"WebSite\",\"@id\":\"https:\\\/\\\/www.gamegenic.com\\\/es\\\/#website\",\"url\":\"https:\\\/\\\/www.gamegenic.com\\\/es\\\/\",\"name\":\"GAMEGENIC - Ingenious Supplies\",\"description\":\"\",\"publisher\":{\"@id\":\"https:\\\/\\\/www.gamegenic.com\\\/es\\\/#organization\"},\"potentialAction\":[{\"@type\":\"SearchAction\",\"target\":{\"@type\":\"EntryPoint\",\"urlTemplate\":\"https:\\\/\\\/www.gamegenic.com\\\/es\\\/?s={search_term_string}\"},\"query-input\":{\"@type\":\"PropertyValueSpecification\",\"valueRequired\":true,\"valueName\":\"search_term_string\"}}],\"inLanguage\":\"es\"},{\"@type\":\"Organization\",\"@id\":\"https:\\\/\\\/www.gamegenic.com\\\/es\\\/#organization\",\"name\":\"Gamegenic GmbH\",\"url\":\"https:\\\/\\\/www.gamegenic.com\\\/es\\\/\",\"logo\":{\"@type\":\"ImageObject\",\"inLanguage\":\"es\",\"@id\":\"https:\\\/\\\/www.gamegenic.com\\\/es\\\/#\\\/schema\\\/logo\\\/image\\\/\",\"url\":\"https:\\\/\\\/www.gamegenic.com\\\/wp-content\\\/uploads\\\/Gamegenic-Logo-FINAL.jpg\",\"contentUrl\":\"https:\\\/\\\/www.gamegenic.com\\\/wp-content\\\/uploads\\\/Gamegenic-Logo-FINAL.jpg\",\"width\":3507,\"height\":2480,\"caption\":\"Gamegenic GmbH\"},\"image\":{\"@id\":\"https:\\\/\\\/www.gamegenic.com\\\/es\\\/#\\\/schema\\\/logo\\\/image\\\/\"},\"sameAs\":[\"https:\\\/\\\/www.facebook.com\\\/GamegenicSupplies\\\/\",\"https:\\\/\\\/x.com\\\/Gamegenic_\",\"https:\\\/\\\/www.instagram.com\\\/gamegenicsupplies\\\/\",\"https:\\\/\\\/www.youtube.com\\\/channel\\\/UCgmMXQPjjWW-Zy9ceMH6oGw\"]}]}<\/script>\n<!-- \/ Yoast SEO plugin. -->","yoast_head_json":{"title":"CASUAL ALBUM 18-POCKET - GAMEGENIC - Ingenious Supplies","description":"El \u00e1lbum 18-Pocket Casual Album es una manera econ\u00f3mica y cl\u00e1sica de organizar tus colecciones de cartas de tama\u00f1o est\u00e1ndar y japon\u00e9s. Este \u00e1lbum, fabricado con polipropileno resistente, est\u00e1 disponible en varios colores llamativos. Tiene capacidad para 20 p\u00e1ginas de 18 bolsillos de carga lateral, de manera que la capacidad total del \u00e1lbum es de 360 cartas con doble funda. Gracias a la banda el\u00e1stica ancha con costuras reforzadas, el \u00e1lbum queda completamente cerrado, de manera que las cartas se mantienen a salvo.","robots":{"index":"index","follow":"follow","max-snippet":"max-snippet:-1","max-image-preview":"max-image-preview:large","max-video-preview":"max-video-preview:-1"},"canonical":"https:\/\/www.gamegenic.com\/es\/producto\/casual-album-18-pocket\/","og_locale":"es_ES","og_type":"article","og_title":"CASUAL ALBUM 18-POCKET","og_description":"El \u00e1lbum 18-Pocket Casual Album es una manera econ\u00f3mica y cl\u00e1sica de organizar tus colecciones de cartas de tama\u00f1o est\u00e1ndar y japon\u00e9s. Este \u00e1lbum, fabricado con polipropileno resistente, est\u00e1 disponible en varios colores llamativos. Tiene capacidad para 20 p\u00e1ginas de 18 bolsillos de carga lateral, de manera que la capacidad total del \u00e1lbum es de 360 cartas con doble funda. Gracias a la banda el\u00e1stica ancha con costuras reforzadas, el \u00e1lbum queda completamente cerrado, de manera que las cartas se mantienen a salvo.","og_url":"https:\/\/www.gamegenic.com\/es\/producto\/casual-album-18-pocket\/","og_site_name":"GAMEGENIC - Ingenious Supplies","article_publisher":"https:\/\/www.facebook.com\/GamegenicSupplies\/","article_modified_time":"2025-07-10T12:07:28+00:00","og_image":[{"url":"https:\/\/www.gamegenic.com\/wp-content\/uploads\/2020\/02\/fb-casual-album-18-pocket_8VcIxSNWe.jpg","type":"","width":"","height":""}],"twitter_card":"summary_large_image","twitter_title":"CASUAL ALBUM 18-POCKET","twitter_description":"El \u00e1lbum 18-Pocket Casual Album es una manera econ\u00f3mica y cl\u00e1sica de organizar tus colecciones de cartas de tama\u00f1o est\u00e1ndar y japon\u00e9s. Este \u00e1lbum, fabricado con polipropileno resistente, est\u00e1 disponible en varios colores llamativos. Tiene capacidad para 20 p\u00e1ginas de 18 bolsillos de carga lateral, de manera que la capacidad total del \u00e1lbum es de 360 cartas con doble funda. Gracias a la banda el\u00e1stica ancha con costuras reforzadas, el \u00e1lbum queda completamente cerrado, de manera que las cartas se mantienen a salvo.","twitter_image":"https:\/\/www.gamegenic.com\/wp-content\/uploads\/2020\/02\/fb-casual-album-18-pocket_8VcIxSNWe.jpg","twitter_site":"@Gamegenic_","twitter_misc":{"Tiempo de lectura":"1 minuto"},"schema":{"@context":"https:\/\/schema.org","@graph":[{"@type":"WebPage","@id":"https:\/\/www.gamegenic.com\/es\/producto\/casual-album-18-pocket\/","url":"https:\/\/www.gamegenic.com\/es\/producto\/casual-album-18-pocket\/","name":"CASUAL ALBUM 18-POCKET - GAMEGENIC - Ingenious Supplies","isPartOf":{"@id":"https:\/\/www.gamegenic.com\/es\/#website"},"primaryImageOfPage":{"@id":"https:\/\/www.gamegenic.com\/es\/producto\/casual-album-18-pocket\/#primaryimage"},"image":{"@id":"https:\/\/www.gamegenic.com\/es\/producto\/casual-album-18-pocket\/#primaryimage"},"thumbnailUrl":"https:\/\/www.gamegenic.com\/wp-content\/uploads\/productimage-Casual-Album-18-900.jpg","datePublished":"2020-02-12T10:23:35+00:00","dateModified":"2025-07-10T12:07:28+00:00","description":"El \u00e1lbum 18-Pocket Casual Album es una manera econ\u00f3mica y cl\u00e1sica de organizar tus colecciones de cartas de tama\u00f1o est\u00e1ndar y japon\u00e9s. Este \u00e1lbum, fabricado con polipropileno resistente, est\u00e1 disponible en varios colores llamativos. Tiene capacidad para 20 p\u00e1ginas de 18 bolsillos de carga lateral, de manera que la capacidad total del \u00e1lbum es de 360 cartas con doble funda. Gracias a la banda el\u00e1stica ancha con costuras reforzadas, el \u00e1lbum queda completamente cerrado, de manera que las cartas se mantienen a salvo.","breadcrumb":{"@id":"https:\/\/www.gamegenic.com\/es\/producto\/casual-album-18-pocket\/#breadcrumb"},"inLanguage":"es","potentialAction":[{"@type":"ReadAction","target":["https:\/\/www.gamegenic.com\/es\/producto\/casual-album-18-pocket\/"]}]},{"@type":"ImageObject","inLanguage":"es","@id":"https:\/\/www.gamegenic.com\/es\/producto\/casual-album-18-pocket\/#primaryimage","url":"https:\/\/www.gamegenic.com\/wp-content\/uploads\/productimage-Casual-Album-18-900.jpg","contentUrl":"https:\/\/www.gamegenic.com\/wp-content\/uploads\/productimage-Casual-Album-18-900.jpg","width":900,"height":900,"caption":"CASUAL ALBUM 18-POCKET"},{"@type":"BreadcrumbList","@id":"https:\/\/www.gamegenic.com\/es\/producto\/casual-album-18-pocket\/#breadcrumb","itemListElement":[{"@type":"ListItem","position":1,"name":"Home","item":"https:\/\/www.gamegenic.com\/es\/"},{"@type":"ListItem","position":2,"name":"Tienda","item":"https:\/\/www.gamegenic.com\/tienda\/"},{"@type":"ListItem","position":3,"name":"CASUAL ALBUM 18-POCKET"}]},{"@type":"WebSite","@id":"https:\/\/www.gamegenic.com\/es\/#website","url":"https:\/\/www.gamegenic.com\/es\/","name":"GAMEGENIC - Ingenious Supplies","description":"","publisher":{"@id":"https:\/\/www.gamegenic.com\/es\/#organization"},"potentialAction":[{"@type":"SearchAction","target":{"@type":"EntryPoint","urlTemplate":"https:\/\/www.gamegenic.com\/es\/?s={search_term_string}"},"query-input":{"@type":"PropertyValueSpecification","valueRequired":true,"valueName":"search_term_string"}}],"inLanguage":"es"},{"@type":"Organization","@id":"https:\/\/www.gamegenic.com\/es\/#organization","name":"Gamegenic GmbH","url":"https:\/\/www.gamegenic.com\/es\/","logo":{"@type":"ImageObject","inLanguage":"es","@id":"https:\/\/www.gamegenic.com\/es\/#\/schema\/logo\/image\/","url":"https:\/\/www.gamegenic.com\/wp-content\/uploads\/Gamegenic-Logo-FINAL.jpg","contentUrl":"https:\/\/www.gamegenic.com\/wp-content\/uploads\/Gamegenic-Logo-FINAL.jpg","width":3507,"height":2480,"caption":"Gamegenic GmbH"},"image":{"@id":"https:\/\/www.gamegenic.com\/es\/#\/schema\/logo\/image\/"},"sameAs":["https:\/\/www.facebook.com\/GamegenicSupplies\/","https:\/\/x.com\/Gamegenic_","https:\/\/www.instagram.com\/gamegenicsupplies\/","https:\/\/www.youtube.com\/channel\/UCgmMXQPjjWW-Zy9ceMH6oGw"]}]}},"_links":{"self":[{"href":"https:\/\/www.gamegenic.com\/es\/wp-json\/wp\/v2\/product\/20896","targetHints":{"allow":["GET"]}}],"collection":[{"href":"https:\/\/www.gamegenic.com\/es\/wp-json\/wp\/v2\/product"}],"about":[{"href":"https:\/\/www.gamegenic.com\/es\/wp-json\/wp\/v2\/types\/product"}],"wp:featuredmedia":[{"embeddable":true,"href":"https:\/\/www.gamegenic.com\/es\/wp-json\/wp\/v2\/media\/16113"}],"wp:attachment":[{"href":"https:\/\/www.gamegenic.com\/es\/wp-json\/wp\/v2\/media?parent=20896"}],"wp:term":[{"taxonomy":"product_brand","embeddable":true,"href":"https:\/\/www.gamegenic.com\/es\/wp-json\/wp\/v2\/product_brand?post=20896"},{"taxonomy":"product_cat","embeddable":true,"href":"https:\/\/www.gamegenic.com\/es\/wp-json\/wp\/v2\/product_cat?post=20896"},{"taxonomy":"product_tag","embeddable":true,"href":"https:\/\/www.gamegenic.com\/es\/wp-json\/wp\/v2\/product_tag?post=20896"}],"curies":[{"name":"wp","href":"https:\/\/api.w.org\/{rel}","templated":true}]}}