{"id":20844,"date":"2019-11-04T10:41:50","date_gmt":"2019-11-04T09:41:50","guid":{"rendered":"https:\/\/www.gamegenic.com\/product\/fourtress-320\/"},"modified":"2025-07-10T14:38:25","modified_gmt":"2025-07-10T12:38:25","slug":"fourtress-320","status":"publish","type":"product","link":"https:\/\/www.gamegenic.com\/es\/producto\/fourtress-320\/","title":{"rendered":"FOURTRESS 320+"},"content":{"rendered":"<div class=\"fusion-fullwidth fullwidth-box fusion-builder-row-1 nonhundred-percent-fullwidth non-hundred-percent-height-scrolling gg-summary gg-position\" style=\"--awb-border-radius-top-left:0px;--awb-border-radius-top-right:0px;--awb-border-radius-bottom-right:0px;--awb-border-radius-bottom-left:0px;--awb-flex-wrap:wrap;\" id=\"gg-anker\" ><div class=\"fusion-builder-row fusion-row\"><div class=\"fusion-layout-column fusion_builder_column fusion-builder-column-0 fusion_builder_column_1_1 1_1 fusion-one-full fusion-column-first fusion-column-last\" style=\"--awb-bg-size:cover;\"><div class=\"fusion-column-wrapper fusion-column-has-shadow fusion-flex-column-wrapper-legacy\"><div class=\"fusion-image-element in-legacy-container\" style=\"--awb-max-width:350px;--awb-caption-title-font-family:var(--h2_typography-font-family);--awb-caption-title-font-weight:var(--h2_typography-font-weight);--awb-caption-title-font-style:var(--h2_typography-font-style);--awb-caption-title-size:var(--h2_typography-font-size);--awb-caption-title-transform:var(--h2_typography-text-transform);--awb-caption-title-line-height:var(--h2_typography-line-height);--awb-caption-title-letter-spacing:var(--h2_typography-letter-spacing);\"><span class=\" fusion-imageframe imageframe-none imageframe-1 hover-type-none\"><a class=\"fusion-no-lightbox\" href=\"https:\/\/www.gamegenic.com\/redirect\/fourtress_tolarian.html\" target=\"_blank\" aria-label=\"Tolarian Community College\" rel=\"noopener noreferrer\"><img decoding=\"async\" width=\"1465\" height=\"614\" src=\"https:\/\/www.gamegenic.com\/wp-content\/uploads\/2019\/11\/TCC_Badges_Web_Fourtress_uDwXzcyMV.jpg\" alt class=\"img-responsive wp-image-19105\" srcset=\"https:\/\/www.gamegenic.com\/wp-content\/uploads\/2019\/11\/TCC_Badges_Web_Fourtress_uDwXzcyMV-200x84.jpg 200w, https:\/\/www.gamegenic.com\/wp-content\/uploads\/2019\/11\/TCC_Badges_Web_Fourtress_uDwXzcyMV-400x168.jpg 400w, https:\/\/www.gamegenic.com\/wp-content\/uploads\/2019\/11\/TCC_Badges_Web_Fourtress_uDwXzcyMV-600x251.jpg 600w, https:\/\/www.gamegenic.com\/wp-content\/uploads\/2019\/11\/TCC_Badges_Web_Fourtress_uDwXzcyMV-800x335.jpg 800w, https:\/\/www.gamegenic.com\/wp-content\/uploads\/2019\/11\/TCC_Badges_Web_Fourtress_uDwXzcyMV-1200x503.jpg 1200w, https:\/\/www.gamegenic.com\/wp-content\/uploads\/2019\/11\/TCC_Badges_Web_Fourtress_uDwXzcyMV.jpg 1465w\" sizes=\"(max-width: 999px) 100vw, 1465px\" \/><\/a><\/span><\/div><div class=\"fusion-clearfix\"><\/div><\/div><\/div><div class=\"fusion-layout-column fusion_builder_column fusion-builder-column-1 fusion_builder_column_1_2 1_2 fusion-one-half fusion-column-first gg-features\" style=\"--awb-bg-size:cover;width:50%;width:calc(50% - ( ( 60px ) * 0.5 ) );margin-right: 60px;\"><div class=\"fusion-column-wrapper fusion-column-has-shadow fusion-flex-column-wrapper-legacy\"><div class=\"fusion-text fusion-text-1\"><h2>CARACTER\u00cdSTICAS<\/h2>\n<ul>\n<li>Dentro caben <strong>320<\/strong> cartas en doble funda* gracias a sus 4 compartimentos<\/li>\n<li>Los compartimentos se pueden reorganizar para que los huecos sean m\u00e1s grandes<\/li>\n<li>Caja apilable r\u00edgida con mecanismo de cierre de seguridad<\/li>\n<li>Sin \u00e1cidos, sin PVC<\/li>\n<\/ul>\n<\/div><div class=\"fusion-text fusion-text-2 gg-notice\"><p>* Optimizado para las fundas de Gamegenic. Si se usan fundas de otra marca, la capacidad o compatibilidad podr\u00edan variar<\/p>\n<\/div>\n<div class=\"fusion-clearfix\"><\/div><\/div><\/div><div class=\"fusion-layout-column fusion_builder_column fusion-builder-column-2 fusion_builder_column_1_2 1_2 fusion-one-half fusion-column-last\" style=\"--awb-bg-size:cover;width:50%;width:calc(50% - ( ( 60px ) * 0.5 ) );\"><div class=\"fusion-column-wrapper fusion-column-has-shadow fusion-flex-column-wrapper-legacy\">\n<h2>ESPECIFICACIONES<\/h2>\n<div class=\"table-2\">\n<table width=\"100%\">\n<tbody>\n<tr>\n<td style=\"vertical-align: top;\" align=\"left\">Tama\u00f1o de los productos<br \/>\n<span class=\"gg-wdh\">(ancho x fondo x alto)<\/span><\/td>\n<td style=\"vertical-align: top;\" align=\"left\">218 x 80 x 99 mm<\/td>\n<\/tr>\n<tr>\n<td style=\"vertical-align: top;\" align=\"left\">Material<\/td>\n<td style=\"vertical-align: top;\" align=\"left\">Polipropileno<\/td>\n<\/tr>\n<tr>\n<td style=\"vertical-align: top;\" align=\"left\">Tipo de embalaje<\/td>\n<td style=\"vertical-align: top;\" align=\"left\">Retractilado<\/td>\n<\/tr>\n<\/tbody>\n<\/table>\n<\/div>\n<h2 style=\"margin-top:60px\">MSRP<i data-tooltip=\"No se pueden realizar compras a trav\u00e9s de este sitio web. Todos los precios indicados son el precio de venta al p\u00fablico recomendado por el fabricante en euros (con IVA) o en d\u00f3lares (sin IVA). Los posibles gastos de env\u00edo no est\u00e1n incluidos. Los precios indicados no son vinculantes y pueden tratarse como una recomendaci\u00f3n.\" class=\"fas fa-info-circle gg-tooltip\">\uf05a<\/i><\/h2>\n<form action=\"\" method=\"post\" id=\"alg_currency_selector\"><select name=\"alg_currency\" id=\"alg_currency_select\" class=\"alg_currency_select\" onchange=\"this.form.submit()\"><option id=\"alg_currency_USD\" value=\"USD\" >USD<\/option><option id=\"alg_currency_EUR\" value=\"EUR\"  selected='selected'>EUR<\/option><option id=\"alg_currency_CAD\" value=\"CAD\" >U.S.-USD<\/option><\/select><noscript><input type=\"submit\" value=\"Refresh\"><\/noscript><\/form>\n<span class=\"woocommerce-Price-amount amount\"><bdi><span class=\"woocommerce-Price-currencySymbol\">EUR<\/span>&nbsp;9,99<\/bdi><\/span>\n\n<div class=\"fusion-alignleft\"><a class=\"fusion-button button-flat fusion-button-default-size button-default fusion-button-default button-1 fusion-button-default-span fusion-button-default-type shopfinder-button\" target=\"_blank\" rel=\"noopener noreferrer\" href=\"https:\/\/www.gamegenic.com\/es\/buscador-de-tiendas\/\"><i class=\"fa-globe-americas fas awb-button__icon awb-button__icon--default button-icon-left\" aria-hidden=\"true\"><\/i><span class=\"fusion-button-text awb-button__text awb-button__text--default\">D\u00f3nde comprarlos<\/span><\/a><\/div>\n<div class=\"fusion-clearfix\"><\/div><\/div><\/div><\/div><\/div>\n","protected":false},"excerpt":{"rendered":"<p>Mazos completos, dados, fichas o hasta 320 cartas con doble funda: \u00a1todo eso puede guardar y proteger el modelo Fourtress! Esta caja robusta est\u00e1 disponible en 5 colores semitransparentes para que identifiques f\u00e1cilmente su contenido. El cierre integrado elimina por completo el riesgo de aperturas, mientras que los 2 paneles interiores se pueden extraer para crear compartimentos m\u00e1s grandes. Las cajas se pueden apilar, lo que las convierte en las compa\u00f1eras de viaje perfectas y en una excelente soluci\u00f3n de almacenamiento para casa.<\/p>\n","protected":false},"featured_media":15904,"template":"","meta":[],"product_brand":[],"product_cat":[496,500,501],"product_tag":[],"class_list":{"0":"post-20844","1":"product","2":"type-product","3":"status-publish","4":"has-post-thumbnail","6":"product_cat-cajas","7":"product_cat-cajas-para-mazos-basicas","8":"product_cat-linea-basica-casual","10":"first","11":"instock","12":"shipping-taxable","13":"purchasable","14":"product-type-variable","15":"has-default-attributes","16":"wvs-archive-product-wrapper"},"yoast_head":"<!-- This site is optimized with the Yoast SEO plugin v27.5 - https:\/\/yoast.com\/product\/yoast-seo-wordpress\/ -->\n<title>FOURTRESS 320+ - GAMEGENIC - Ingenious Supplies<\/title>\n<meta name=\"description\" content=\"Mazos completos, dados, fichas o hasta 320 cartas con doble funda: \u00a1todo eso puede guardar y proteger el modelo Fourtress! Esta caja robusta est\u00e1 disponible en 5 colores semitransparentes para que identifiques f\u00e1cilmente su contenido. El cierre integrado elimina por completo el riesgo de aperturas, mientras que los 2 paneles interiores se pueden extraer para crear compartimentos m\u00e1s grandes. Las cajas se pueden apilar, lo que las convierte en las compa\u00f1eras de viaje perfectas y en una excelente soluci\u00f3n de almacenamiento para casa.\" \/>\n<meta name=\"robots\" content=\"index, follow, max-snippet:-1, max-image-preview:large, max-video-preview:-1\" \/>\n<link rel=\"canonical\" href=\"https:\/\/www.gamegenic.com\/es\/producto\/fourtress-320\/\" \/>\n<meta property=\"og:locale\" content=\"es_ES\" \/>\n<meta property=\"og:type\" content=\"article\" \/>\n<meta property=\"og:title\" content=\"FOURTRESS 320+\" \/>\n<meta property=\"og:description\" content=\"Mazos completos, dados, fichas o hasta 320 cartas con doble funda: \u00a1todo eso puede guardar y proteger el modelo Fourtress! Esta caja robusta est\u00e1 disponible en 5 colores semitransparentes para que identifiques f\u00e1cilmente su contenido. El cierre integrado elimina por completo el riesgo de aperturas, mientras que los 2 paneles interiores se pueden extraer para crear compartimentos m\u00e1s grandes. Las cajas se pueden apilar, lo que las convierte en las compa\u00f1eras de viaje perfectas y en una excelente soluci\u00f3n de almacenamiento para casa.\" \/>\n<meta property=\"og:url\" content=\"https:\/\/www.gamegenic.com\/es\/producto\/fourtress-320\/\" \/>\n<meta property=\"og:site_name\" content=\"GAMEGENIC - Ingenious Supplies\" \/>\n<meta property=\"article:publisher\" content=\"https:\/\/www.facebook.com\/GamegenicSupplies\/\" \/>\n<meta property=\"article:modified_time\" content=\"2025-07-10T12:38:25+00:00\" \/>\n<meta property=\"og:image\" content=\"https:\/\/www.gamegenic.com\/wp-content\/uploads\/fb-fourtress.jpg\" \/>\n<meta name=\"twitter:card\" content=\"summary_large_image\" \/>\n<meta name=\"twitter:title\" content=\"FOURTRESS 320+\" \/>\n<meta name=\"twitter:description\" content=\"Mazos completos, dados, fichas o hasta 320 cartas con doble funda: \u00a1todo eso puede guardar y proteger el modelo Fourtress! Esta caja robusta est\u00e1 disponible en 5 colores semitransparentes para que identifiques f\u00e1cilmente su contenido. El cierre integrado elimina por completo el riesgo de aperturas, mientras que los 2 paneles interiores se pueden extraer para crear compartimentos m\u00e1s grandes. Las cajas se pueden apilar, lo que las convierte en las compa\u00f1eras de viaje perfectas y en una excelente soluci\u00f3n de almacenamiento para casa.\" \/>\n<meta name=\"twitter:image\" content=\"https:\/\/www.gamegenic.com\/wp-content\/uploads\/fb-fourtress.jpg\" \/>\n<meta name=\"twitter:site\" content=\"@Gamegenic_\" \/>\n<meta name=\"twitter:label1\" content=\"Tiempo de lectura\" \/>\n\t<meta name=\"twitter:data1\" content=\"1 minuto\" \/>\n<script type=\"application\/ld+json\" class=\"yoast-schema-graph\">{\"@context\":\"https:\\\/\\\/schema.org\",\"@graph\":[{\"@type\":\"WebPage\",\"@id\":\"https:\\\/\\\/www.gamegenic.com\\\/es\\\/producto\\\/fourtress-320\\\/\",\"url\":\"https:\\\/\\\/www.gamegenic.com\\\/es\\\/producto\\\/fourtress-320\\\/\",\"name\":\"FOURTRESS 320+ - GAMEGENIC - Ingenious Supplies\",\"isPartOf\":{\"@id\":\"https:\\\/\\\/www.gamegenic.com\\\/es\\\/#website\"},\"primaryImageOfPage\":{\"@id\":\"https:\\\/\\\/www.gamegenic.com\\\/es\\\/producto\\\/fourtress-320\\\/#primaryimage\"},\"image\":{\"@id\":\"https:\\\/\\\/www.gamegenic.com\\\/es\\\/producto\\\/fourtress-320\\\/#primaryimage\"},\"thumbnailUrl\":\"https:\\\/\\\/www.gamegenic.com\\\/wp-content\\\/uploads\\\/productimage-FOURTRESS-900.jpg\",\"datePublished\":\"2019-11-04T09:41:50+00:00\",\"dateModified\":\"2025-07-10T12:38:25+00:00\",\"description\":\"Mazos completos, dados, fichas o hasta 320 cartas con doble funda: \u00a1todo eso puede guardar y proteger el modelo Fourtress! Esta caja robusta est\u00e1 disponible en 5 colores semitransparentes para que identifiques f\u00e1cilmente su contenido. El cierre integrado elimina por completo el riesgo de aperturas, mientras que los 2 paneles interiores se pueden extraer para crear compartimentos m\u00e1s grandes. Las cajas se pueden apilar, lo que las convierte en las compa\u00f1eras de viaje perfectas y en una excelente soluci\u00f3n de almacenamiento para casa.\",\"breadcrumb\":{\"@id\":\"https:\\\/\\\/www.gamegenic.com\\\/es\\\/producto\\\/fourtress-320\\\/#breadcrumb\"},\"inLanguage\":\"es\",\"potentialAction\":[{\"@type\":\"ReadAction\",\"target\":[\"https:\\\/\\\/www.gamegenic.com\\\/es\\\/producto\\\/fourtress-320\\\/\"]}]},{\"@type\":\"ImageObject\",\"inLanguage\":\"es\",\"@id\":\"https:\\\/\\\/www.gamegenic.com\\\/es\\\/producto\\\/fourtress-320\\\/#primaryimage\",\"url\":\"https:\\\/\\\/www.gamegenic.com\\\/wp-content\\\/uploads\\\/productimage-FOURTRESS-900.jpg\",\"contentUrl\":\"https:\\\/\\\/www.gamegenic.com\\\/wp-content\\\/uploads\\\/productimage-FOURTRESS-900.jpg\",\"width\":900,\"height\":900,\"caption\":\"FOURTRESS 320+\"},{\"@type\":\"BreadcrumbList\",\"@id\":\"https:\\\/\\\/www.gamegenic.com\\\/es\\\/producto\\\/fourtress-320\\\/#breadcrumb\",\"itemListElement\":[{\"@type\":\"ListItem\",\"position\":1,\"name\":\"Home\",\"item\":\"https:\\\/\\\/www.gamegenic.com\\\/es\\\/\"},{\"@type\":\"ListItem\",\"position\":2,\"name\":\"Tienda\",\"item\":\"https:\\\/\\\/www.gamegenic.com\\\/tienda\\\/\"},{\"@type\":\"ListItem\",\"position\":3,\"name\":\"FOURTRESS 320+\"}]},{\"@type\":\"WebSite\",\"@id\":\"https:\\\/\\\/www.gamegenic.com\\\/es\\\/#website\",\"url\":\"https:\\\/\\\/www.gamegenic.com\\\/es\\\/\",\"name\":\"GAMEGENIC - Ingenious Supplies\",\"description\":\"\",\"publisher\":{\"@id\":\"https:\\\/\\\/www.gamegenic.com\\\/es\\\/#organization\"},\"potentialAction\":[{\"@type\":\"SearchAction\",\"target\":{\"@type\":\"EntryPoint\",\"urlTemplate\":\"https:\\\/\\\/www.gamegenic.com\\\/es\\\/?s={search_term_string}\"},\"query-input\":{\"@type\":\"PropertyValueSpecification\",\"valueRequired\":true,\"valueName\":\"search_term_string\"}}],\"inLanguage\":\"es\"},{\"@type\":\"Organization\",\"@id\":\"https:\\\/\\\/www.gamegenic.com\\\/es\\\/#organization\",\"name\":\"Gamegenic GmbH\",\"url\":\"https:\\\/\\\/www.gamegenic.com\\\/es\\\/\",\"logo\":{\"@type\":\"ImageObject\",\"inLanguage\":\"es\",\"@id\":\"https:\\\/\\\/www.gamegenic.com\\\/es\\\/#\\\/schema\\\/logo\\\/image\\\/\",\"url\":\"https:\\\/\\\/www.gamegenic.com\\\/wp-content\\\/uploads\\\/Gamegenic-Logo-FINAL.jpg\",\"contentUrl\":\"https:\\\/\\\/www.gamegenic.com\\\/wp-content\\\/uploads\\\/Gamegenic-Logo-FINAL.jpg\",\"width\":3507,\"height\":2480,\"caption\":\"Gamegenic GmbH\"},\"image\":{\"@id\":\"https:\\\/\\\/www.gamegenic.com\\\/es\\\/#\\\/schema\\\/logo\\\/image\\\/\"},\"sameAs\":[\"https:\\\/\\\/www.facebook.com\\\/GamegenicSupplies\\\/\",\"https:\\\/\\\/x.com\\\/Gamegenic_\",\"https:\\\/\\\/www.instagram.com\\\/gamegenicsupplies\\\/\",\"https:\\\/\\\/www.youtube.com\\\/channel\\\/UCgmMXQPjjWW-Zy9ceMH6oGw\"]}]}<\/script>\n<!-- \/ Yoast SEO plugin. -->","yoast_head_json":{"title":"FOURTRESS 320+ - GAMEGENIC - Ingenious Supplies","description":"Mazos completos, dados, fichas o hasta 320 cartas con doble funda: \u00a1todo eso puede guardar y proteger el modelo Fourtress! Esta caja robusta est\u00e1 disponible en 5 colores semitransparentes para que identifiques f\u00e1cilmente su contenido. El cierre integrado elimina por completo el riesgo de aperturas, mientras que los 2 paneles interiores se pueden extraer para crear compartimentos m\u00e1s grandes. Las cajas se pueden apilar, lo que las convierte en las compa\u00f1eras de viaje perfectas y en una excelente soluci\u00f3n de almacenamiento para casa.","robots":{"index":"index","follow":"follow","max-snippet":"max-snippet:-1","max-image-preview":"max-image-preview:large","max-video-preview":"max-video-preview:-1"},"canonical":"https:\/\/www.gamegenic.com\/es\/producto\/fourtress-320\/","og_locale":"es_ES","og_type":"article","og_title":"FOURTRESS 320+","og_description":"Mazos completos, dados, fichas o hasta 320 cartas con doble funda: \u00a1todo eso puede guardar y proteger el modelo Fourtress! Esta caja robusta est\u00e1 disponible en 5 colores semitransparentes para que identifiques f\u00e1cilmente su contenido. El cierre integrado elimina por completo el riesgo de aperturas, mientras que los 2 paneles interiores se pueden extraer para crear compartimentos m\u00e1s grandes. Las cajas se pueden apilar, lo que las convierte en las compa\u00f1eras de viaje perfectas y en una excelente soluci\u00f3n de almacenamiento para casa.","og_url":"https:\/\/www.gamegenic.com\/es\/producto\/fourtress-320\/","og_site_name":"GAMEGENIC - Ingenious Supplies","article_publisher":"https:\/\/www.facebook.com\/GamegenicSupplies\/","article_modified_time":"2025-07-10T12:38:25+00:00","og_image":[{"url":"https:\/\/www.gamegenic.com\/wp-content\/uploads\/fb-fourtress.jpg","type":"","width":"","height":""}],"twitter_card":"summary_large_image","twitter_title":"FOURTRESS 320+","twitter_description":"Mazos completos, dados, fichas o hasta 320 cartas con doble funda: \u00a1todo eso puede guardar y proteger el modelo Fourtress! Esta caja robusta est\u00e1 disponible en 5 colores semitransparentes para que identifiques f\u00e1cilmente su contenido. El cierre integrado elimina por completo el riesgo de aperturas, mientras que los 2 paneles interiores se pueden extraer para crear compartimentos m\u00e1s grandes. Las cajas se pueden apilar, lo que las convierte en las compa\u00f1eras de viaje perfectas y en una excelente soluci\u00f3n de almacenamiento para casa.","twitter_image":"https:\/\/www.gamegenic.com\/wp-content\/uploads\/fb-fourtress.jpg","twitter_site":"@Gamegenic_","twitter_misc":{"Tiempo de lectura":"1 minuto"},"schema":{"@context":"https:\/\/schema.org","@graph":[{"@type":"WebPage","@id":"https:\/\/www.gamegenic.com\/es\/producto\/fourtress-320\/","url":"https:\/\/www.gamegenic.com\/es\/producto\/fourtress-320\/","name":"FOURTRESS 320+ - GAMEGENIC - Ingenious Supplies","isPartOf":{"@id":"https:\/\/www.gamegenic.com\/es\/#website"},"primaryImageOfPage":{"@id":"https:\/\/www.gamegenic.com\/es\/producto\/fourtress-320\/#primaryimage"},"image":{"@id":"https:\/\/www.gamegenic.com\/es\/producto\/fourtress-320\/#primaryimage"},"thumbnailUrl":"https:\/\/www.gamegenic.com\/wp-content\/uploads\/productimage-FOURTRESS-900.jpg","datePublished":"2019-11-04T09:41:50+00:00","dateModified":"2025-07-10T12:38:25+00:00","description":"Mazos completos, dados, fichas o hasta 320 cartas con doble funda: \u00a1todo eso puede guardar y proteger el modelo Fourtress! Esta caja robusta est\u00e1 disponible en 5 colores semitransparentes para que identifiques f\u00e1cilmente su contenido. El cierre integrado elimina por completo el riesgo de aperturas, mientras que los 2 paneles interiores se pueden extraer para crear compartimentos m\u00e1s grandes. Las cajas se pueden apilar, lo que las convierte en las compa\u00f1eras de viaje perfectas y en una excelente soluci\u00f3n de almacenamiento para casa.","breadcrumb":{"@id":"https:\/\/www.gamegenic.com\/es\/producto\/fourtress-320\/#breadcrumb"},"inLanguage":"es","potentialAction":[{"@type":"ReadAction","target":["https:\/\/www.gamegenic.com\/es\/producto\/fourtress-320\/"]}]},{"@type":"ImageObject","inLanguage":"es","@id":"https:\/\/www.gamegenic.com\/es\/producto\/fourtress-320\/#primaryimage","url":"https:\/\/www.gamegenic.com\/wp-content\/uploads\/productimage-FOURTRESS-900.jpg","contentUrl":"https:\/\/www.gamegenic.com\/wp-content\/uploads\/productimage-FOURTRESS-900.jpg","width":900,"height":900,"caption":"FOURTRESS 320+"},{"@type":"BreadcrumbList","@id":"https:\/\/www.gamegenic.com\/es\/producto\/fourtress-320\/#breadcrumb","itemListElement":[{"@type":"ListItem","position":1,"name":"Home","item":"https:\/\/www.gamegenic.com\/es\/"},{"@type":"ListItem","position":2,"name":"Tienda","item":"https:\/\/www.gamegenic.com\/tienda\/"},{"@type":"ListItem","position":3,"name":"FOURTRESS 320+"}]},{"@type":"WebSite","@id":"https:\/\/www.gamegenic.com\/es\/#website","url":"https:\/\/www.gamegenic.com\/es\/","name":"GAMEGENIC - Ingenious Supplies","description":"","publisher":{"@id":"https:\/\/www.gamegenic.com\/es\/#organization"},"potentialAction":[{"@type":"SearchAction","target":{"@type":"EntryPoint","urlTemplate":"https:\/\/www.gamegenic.com\/es\/?s={search_term_string}"},"query-input":{"@type":"PropertyValueSpecification","valueRequired":true,"valueName":"search_term_string"}}],"inLanguage":"es"},{"@type":"Organization","@id":"https:\/\/www.gamegenic.com\/es\/#organization","name":"Gamegenic GmbH","url":"https:\/\/www.gamegenic.com\/es\/","logo":{"@type":"ImageObject","inLanguage":"es","@id":"https:\/\/www.gamegenic.com\/es\/#\/schema\/logo\/image\/","url":"https:\/\/www.gamegenic.com\/wp-content\/uploads\/Gamegenic-Logo-FINAL.jpg","contentUrl":"https:\/\/www.gamegenic.com\/wp-content\/uploads\/Gamegenic-Logo-FINAL.jpg","width":3507,"height":2480,"caption":"Gamegenic GmbH"},"image":{"@id":"https:\/\/www.gamegenic.com\/es\/#\/schema\/logo\/image\/"},"sameAs":["https:\/\/www.facebook.com\/GamegenicSupplies\/","https:\/\/x.com\/Gamegenic_","https:\/\/www.instagram.com\/gamegenicsupplies\/","https:\/\/www.youtube.com\/channel\/UCgmMXQPjjWW-Zy9ceMH6oGw"]}]}},"_links":{"self":[{"href":"https:\/\/www.gamegenic.com\/es\/wp-json\/wp\/v2\/product\/20844","targetHints":{"allow":["GET"]}}],"collection":[{"href":"https:\/\/www.gamegenic.com\/es\/wp-json\/wp\/v2\/product"}],"about":[{"href":"https:\/\/www.gamegenic.com\/es\/wp-json\/wp\/v2\/types\/product"}],"wp:featuredmedia":[{"embeddable":true,"href":"https:\/\/www.gamegenic.com\/es\/wp-json\/wp\/v2\/media\/15904"}],"wp:attachment":[{"href":"https:\/\/www.gamegenic.com\/es\/wp-json\/wp\/v2\/media?parent=20844"}],"wp:term":[{"taxonomy":"product_brand","embeddable":true,"href":"https:\/\/www.gamegenic.com\/es\/wp-json\/wp\/v2\/product_brand?post=20844"},{"taxonomy":"product_cat","embeddable":true,"href":"https:\/\/www.gamegenic.com\/es\/wp-json\/wp\/v2\/product_cat?post=20844"},{"taxonomy":"product_tag","embeddable":true,"href":"https:\/\/www.gamegenic.com\/es\/wp-json\/wp\/v2\/product_tag?post=20844"}],"curies":[{"name":"wp","href":"https:\/\/api.w.org\/{rel}","templated":true}]}}