{"id":20656,"date":"2022-08-16T11:54:26","date_gmt":"2022-08-16T09:54:26","guid":{"rendered":"https:\/\/www.gamegenic.com\/imprint-copyright\/"},"modified":"2025-04-15T08:07:54","modified_gmt":"2025-04-15T06:07:54","slug":"imprint-copyright","status":"publish","type":"page","link":"https:\/\/www.gamegenic.com\/es\/imprint-copyright\/","title":{"rendered":"Aviso legal y copyright"},"content":{"rendered":"<div class=\"fusion-fullwidth fullwidth-box fusion-builder-row-1 fusion-flex-container nonhundred-percent-fullwidth non-hundred-percent-height-scrolling\" style=\"--awb-border-radius-top-left:0px;--awb-border-radius-top-right:0px;--awb-border-radius-bottom-right:0px;--awb-border-radius-bottom-left:0px;--awb-flex-wrap:wrap;\" ><div class=\"fusion-builder-row fusion-row fusion-flex-align-items-flex-start fusion-flex-content-wrap\" style=\"max-width:1248px;margin-left: calc(-4% \/ 2 );margin-right: calc(-4% \/ 2 );\"><div class=\"fusion-layout-column fusion_builder_column fusion-builder-column-0 fusion_builder_column_1_1 1_1 fusion-flex-column\" style=\"--awb-bg-size:cover;--awb-width-large:100%;--awb-margin-top-large:0px;--awb-spacing-right-large:1.92%;--awb-margin-bottom-large:0px;--awb-spacing-left-large:1.92%;--awb-width-medium:100%;--awb-spacing-right-medium:1.92%;--awb-spacing-left-medium:1.92%;--awb-width-small:100%;--awb-spacing-right-small:1.92%;--awb-spacing-left-small:1.92%;\"><div class=\"fusion-column-wrapper fusion-flex-justify-content-flex-start fusion-content-layout-column\"><div class=\"fusion-text fusion-text-1\"><h2>INFORMACI\u00d3N DE LOS EDITORES<\/h2>\n<h3>Gamegenic GmbH<\/h3>\n<p><strong>Direcci\u00f3n de la empresa<\/strong><br \/>\nGamegenic GmbH<br \/>\nFriedrichstr. 47<br \/>\n45128 Essen<br \/>\nAlemania<\/p>\n<p><b>Resoluci\u00f3n alternativa de litigios de acuerdo con el art\u00edculo 14, apdo. 1 del Reglamento sobre Resoluci\u00f3n de Litigios en l\u00ednea en materia de Consumo (ODR-VO, por sus siglas en ingl\u00e9s) y el art\u00edculo 36 de la Resoluci\u00f3n Alternativa de Litigios de Consumo (VSBG, por sus siglas en alem\u00e1n):<\/b><br \/>\nLa Comisi\u00f3n Europea ofrece una plataforma de resoluci\u00f3n de litigios en l\u00ednea (ODR), que puede encontrar en: <a href=\"https:\/\/ec.europa.eu\/consumers\/odr\/\" target=\"_blank\" rel=\"noopener noreferrer\"><span class=\"s1\">https:\/\/ec.europa.eu\/consumers\/odr\/<\/span><\/a><br \/>\nNo estamos obligados ni dispuestos a participar en un procedimiento de resoluci\u00f3n de litigios ante un organismo de arbitraje de consumo.<\/p>\n<p><strong>Datos de contacto<\/strong><br \/>\n<span class=\"s2\">Direcci\u00f3n de correo electr\u00f3nico: <a title=\"info&#064;&#103;&#097;&#109;&#101;&#103;&#101;&#x6e;&#x69;&#x63;&#x2e;&#x63;&#x6f;&#x6d;\" href=\"mailto:i&#x6e;&#x66;&#111;&#064;g&#x61;&#109;&#101;g&#x65;&#x6e;&#105;c&#x2e;&#x63;&#111;&#109;\">&#x69;&#x6e;&#x66;&#111;&#64;ga&#x6d;&#x65;&#x67;&#x65;&#110;&#105;c&#46;&#x63;&#x6f;&#x6d;<\/a><\/span><br \/>\nTel\u00e9fono: +49 (0) 201 248 595-0<\/p>\n<p><strong>Aviso Legal<\/strong><br \/>\nDirectores generales: A. Adrian Alonso, Alexis Desplats<br \/>\nTribunal de registro: Tribunal local de Essen<br \/>\nN.\u00ba de registro: HRB 30099<\/p>\n<p>Gamegenic es una empresa del Grupo Asmodee.<\/p>\n<p><strong>Exclusi\u00f3n de responsabilidad<\/strong><\/p>\n<p>Este sitio web, as\u00ed como su contenido y organizaci\u00f3n, est\u00e1n protegidos por la legislaci\u00f3n alemana vigente, incluidas, en particular, las disposiciones relativas a la protecci\u00f3n jur\u00eddica de las bases de datos, los derechos de autor de obras literarias y art\u00edsticas, y el derecho de marcas. El titular de los derechos del sitio web, de su contenido y de su organizaci\u00f3n declara expresamente su intenci\u00f3n de prohibir la utilizaci\u00f3n de la totalidad o de una parte de los elementos protegidos, salvo autorizaci\u00f3n previa por escrito de los editores del sitio web Gamegenic.<\/p>\n<p>Cualquier violaci\u00f3n de los derechos mencionados anteriormente expondr\u00eda al posible infractor a un proceso penal.<\/p>\n<p>Este sitio web o un servicio relacionado puede incluir un enlace a otro sitio web que pueda ser de inter\u00e9s para el usuario. No obstante, dicho enlace se proporciona \u00fanicamente a efectos informativos, y Gamegenic no ofrece ning\u00fan tipo de garant\u00eda con respecto a otros sitios web a los que el usuario pueda acceder a trav\u00e9s de \u00e9l. Su presencia no implica en modo alguno que Gamegenic apruebe su contenido o acepte cualquier responsabilidad por el contenido o el uso de este otro sitio web.<\/p>\n<p><strong>Propiedad intelectual<\/strong><\/p>\n<p>Quedan reservados todos los derechos de reproducci\u00f3n, representaci\u00f3n y comunicaci\u00f3n al p\u00fablico, incluidos los documentos descargables y las representaciones visuales, fotogr\u00e1ficas, iconogr\u00e1ficas, audiovisuales o de cualquier otro tipo.<\/p>\n<p>De conformidad con las normas de propiedad intelectual, no se concede a nadie ninguna licencia o derecho que no sea el de consultar el sitio web.<br \/>\nQueda terminantemente prohibida la reproducci\u00f3n total o parcial del sitio web en cualquier soporte y por cualquier medio sin la autorizaci\u00f3n expresa por escrito de los editores del sitio web Gamegenic.<br \/>\nLas marcas de las entidades del Grupo Asmodee, as\u00ed como los logotipos que aparecen en el sitio web, son marcas registradas.<\/p>\n<p>El incumplimiento de lo anterior constituye una falsificaci\u00f3n y expone al posible infractor a procedimientos civiles y\/o penales.<\/p>\n<\/div><\/div><\/div><\/div><\/div>\n","protected":false},"excerpt":{"rendered":"","protected":false},"author":9,"featured_media":0,"parent":0,"menu_order":-92,"comment_status":"closed","ping_status":"closed","template":"","meta":{"footnotes":""},"class_list":["post-20656","page","type-page","status-publish","hentry"],"yoast_head":"<!-- This site is optimized with the Yoast SEO plugin v27.5 - https:\/\/yoast.com\/product\/yoast-seo-wordpress\/ -->\n<title>Aviso legal y copyright - GAMEGENIC - Ingenious Supplies<\/title>\n<meta name=\"description\" content=\"Great games deserve amazing supplies to protect them and enhance your gaming experience. We aim to go above and beyond, turning unique experiences into extraordinary.Being gamers ourselves, we love to share this passion by designing products that help to catch the charm and the spirit of the game.\" \/>\n<meta name=\"robots\" content=\"index, follow, max-snippet:-1, max-image-preview:large, max-video-preview:-1\" \/>\n<link rel=\"canonical\" href=\"https:\/\/www.gamegenic.com\/es\/imprint-copyright\/\" \/>\n<meta property=\"og:locale\" content=\"es_ES\" \/>\n<meta property=\"og:type\" content=\"article\" \/>\n<meta property=\"og:title\" content=\"Aviso legal y copyright - GAMEGENIC - Ingenious Supplies\" \/>\n<meta property=\"og:description\" content=\"Great games deserve amazing supplies to protect them and enhance your gaming experience. We aim to go above and beyond, turning unique experiences into extraordinary.Being gamers ourselves, we love to share this passion by designing products that help to catch the charm and the spirit of the game.\" \/>\n<meta property=\"og:url\" content=\"https:\/\/www.gamegenic.com\/es\/imprint-copyright\/\" \/>\n<meta property=\"og:site_name\" content=\"GAMEGENIC - Ingenious Supplies\" \/>\n<meta property=\"article:publisher\" content=\"https:\/\/www.facebook.com\/GamegenicSupplies\/\" \/>\n<meta property=\"article:modified_time\" content=\"2025-04-15T06:07:54+00:00\" \/>\n<meta property=\"og:image\" content=\"https:\/\/www.gamegenic.com\/wp-content\/uploads\/Gamegenic-Logo-FINAL.jpg\" \/>\n\t<meta property=\"og:image:width\" content=\"3507\" \/>\n\t<meta property=\"og:image:height\" content=\"2480\" \/>\n\t<meta property=\"og:image:type\" content=\"image\/jpeg\" \/>\n<meta name=\"twitter:card\" content=\"summary_large_image\" \/>\n<meta name=\"twitter:site\" content=\"@Gamegenic_\" \/>\n<meta name=\"twitter:label1\" content=\"Tiempo de lectura\" \/>\n\t<meta name=\"twitter:data1\" content=\"3 minutos\" \/>\n<script type=\"application\/ld+json\" class=\"yoast-schema-graph\">{\"@context\":\"https:\\\/\\\/schema.org\",\"@graph\":[{\"@type\":\"WebPage\",\"@id\":\"https:\\\/\\\/www.gamegenic.com\\\/es\\\/imprint-copyright\\\/\",\"url\":\"https:\\\/\\\/www.gamegenic.com\\\/es\\\/imprint-copyright\\\/\",\"name\":\"Aviso legal y copyright - GAMEGENIC - Ingenious Supplies\",\"isPartOf\":{\"@id\":\"https:\\\/\\\/www.gamegenic.com\\\/es\\\/#website\"},\"datePublished\":\"2022-08-16T09:54:26+00:00\",\"dateModified\":\"2025-04-15T06:07:54+00:00\",\"description\":\"Great games deserve amazing supplies to protect them and enhance your gaming experience. We aim to go above and beyond, turning unique experiences into extraordinary.Being gamers ourselves, we love to share this passion by designing products that help to catch the charm and the spirit of the game.\",\"breadcrumb\":{\"@id\":\"https:\\\/\\\/www.gamegenic.com\\\/es\\\/imprint-copyright\\\/#breadcrumb\"},\"inLanguage\":\"es\",\"potentialAction\":[{\"@type\":\"ReadAction\",\"target\":[\"https:\\\/\\\/www.gamegenic.com\\\/es\\\/imprint-copyright\\\/\"]}]},{\"@type\":\"BreadcrumbList\",\"@id\":\"https:\\\/\\\/www.gamegenic.com\\\/es\\\/imprint-copyright\\\/#breadcrumb\",\"itemListElement\":[{\"@type\":\"ListItem\",\"position\":1,\"name\":\"Home\",\"item\":\"https:\\\/\\\/www.gamegenic.com\\\/es\\\/\"},{\"@type\":\"ListItem\",\"position\":2,\"name\":\"Aviso legal y copyright\"}]},{\"@type\":\"WebSite\",\"@id\":\"https:\\\/\\\/www.gamegenic.com\\\/es\\\/#website\",\"url\":\"https:\\\/\\\/www.gamegenic.com\\\/es\\\/\",\"name\":\"GAMEGENIC - Ingenious Supplies\",\"description\":\"\",\"publisher\":{\"@id\":\"https:\\\/\\\/www.gamegenic.com\\\/es\\\/#organization\"},\"potentialAction\":[{\"@type\":\"SearchAction\",\"target\":{\"@type\":\"EntryPoint\",\"urlTemplate\":\"https:\\\/\\\/www.gamegenic.com\\\/es\\\/?s={search_term_string}\"},\"query-input\":{\"@type\":\"PropertyValueSpecification\",\"valueRequired\":true,\"valueName\":\"search_term_string\"}}],\"inLanguage\":\"es\"},{\"@type\":\"Organization\",\"@id\":\"https:\\\/\\\/www.gamegenic.com\\\/es\\\/#organization\",\"name\":\"Gamegenic GmbH\",\"url\":\"https:\\\/\\\/www.gamegenic.com\\\/es\\\/\",\"logo\":{\"@type\":\"ImageObject\",\"inLanguage\":\"es\",\"@id\":\"https:\\\/\\\/www.gamegenic.com\\\/es\\\/#\\\/schema\\\/logo\\\/image\\\/\",\"url\":\"https:\\\/\\\/www.gamegenic.com\\\/wp-content\\\/uploads\\\/Gamegenic-Logo-FINAL.jpg\",\"contentUrl\":\"https:\\\/\\\/www.gamegenic.com\\\/wp-content\\\/uploads\\\/Gamegenic-Logo-FINAL.jpg\",\"width\":3507,\"height\":2480,\"caption\":\"Gamegenic GmbH\"},\"image\":{\"@id\":\"https:\\\/\\\/www.gamegenic.com\\\/es\\\/#\\\/schema\\\/logo\\\/image\\\/\"},\"sameAs\":[\"https:\\\/\\\/www.facebook.com\\\/GamegenicSupplies\\\/\",\"https:\\\/\\\/x.com\\\/Gamegenic_\",\"https:\\\/\\\/www.instagram.com\\\/gamegenicsupplies\\\/\",\"https:\\\/\\\/www.youtube.com\\\/channel\\\/UCgmMXQPjjWW-Zy9ceMH6oGw\"]}]}<\/script>\n<!-- \/ Yoast SEO plugin. -->","yoast_head_json":{"title":"Aviso legal y copyright - GAMEGENIC - Ingenious Supplies","description":"Great games deserve amazing supplies to protect them and enhance your gaming experience. We aim to go above and beyond, turning unique experiences into extraordinary.Being gamers ourselves, we love to share this passion by designing products that help to catch the charm and the spirit of the game.","robots":{"index":"index","follow":"follow","max-snippet":"max-snippet:-1","max-image-preview":"max-image-preview:large","max-video-preview":"max-video-preview:-1"},"canonical":"https:\/\/www.gamegenic.com\/es\/imprint-copyright\/","og_locale":"es_ES","og_type":"article","og_title":"Aviso legal y copyright - GAMEGENIC - Ingenious Supplies","og_description":"Great games deserve amazing supplies to protect them and enhance your gaming experience. We aim to go above and beyond, turning unique experiences into extraordinary.Being gamers ourselves, we love to share this passion by designing products that help to catch the charm and the spirit of the game.","og_url":"https:\/\/www.gamegenic.com\/es\/imprint-copyright\/","og_site_name":"GAMEGENIC - Ingenious Supplies","article_publisher":"https:\/\/www.facebook.com\/GamegenicSupplies\/","article_modified_time":"2025-04-15T06:07:54+00:00","og_image":[{"width":3507,"height":2480,"url":"https:\/\/www.gamegenic.com\/wp-content\/uploads\/Gamegenic-Logo-FINAL.jpg","type":"image\/jpeg"}],"twitter_card":"summary_large_image","twitter_site":"@Gamegenic_","twitter_misc":{"Tiempo de lectura":"3 minutos"},"schema":{"@context":"https:\/\/schema.org","@graph":[{"@type":"WebPage","@id":"https:\/\/www.gamegenic.com\/es\/imprint-copyright\/","url":"https:\/\/www.gamegenic.com\/es\/imprint-copyright\/","name":"Aviso legal y copyright - GAMEGENIC - Ingenious Supplies","isPartOf":{"@id":"https:\/\/www.gamegenic.com\/es\/#website"},"datePublished":"2022-08-16T09:54:26+00:00","dateModified":"2025-04-15T06:07:54+00:00","description":"Great games deserve amazing supplies to protect them and enhance your gaming experience. We aim to go above and beyond, turning unique experiences into extraordinary.Being gamers ourselves, we love to share this passion by designing products that help to catch the charm and the spirit of the game.","breadcrumb":{"@id":"https:\/\/www.gamegenic.com\/es\/imprint-copyright\/#breadcrumb"},"inLanguage":"es","potentialAction":[{"@type":"ReadAction","target":["https:\/\/www.gamegenic.com\/es\/imprint-copyright\/"]}]},{"@type":"BreadcrumbList","@id":"https:\/\/www.gamegenic.com\/es\/imprint-copyright\/#breadcrumb","itemListElement":[{"@type":"ListItem","position":1,"name":"Home","item":"https:\/\/www.gamegenic.com\/es\/"},{"@type":"ListItem","position":2,"name":"Aviso legal y copyright"}]},{"@type":"WebSite","@id":"https:\/\/www.gamegenic.com\/es\/#website","url":"https:\/\/www.gamegenic.com\/es\/","name":"GAMEGENIC - Ingenious Supplies","description":"","publisher":{"@id":"https:\/\/www.gamegenic.com\/es\/#organization"},"potentialAction":[{"@type":"SearchAction","target":{"@type":"EntryPoint","urlTemplate":"https:\/\/www.gamegenic.com\/es\/?s={search_term_string}"},"query-input":{"@type":"PropertyValueSpecification","valueRequired":true,"valueName":"search_term_string"}}],"inLanguage":"es"},{"@type":"Organization","@id":"https:\/\/www.gamegenic.com\/es\/#organization","name":"Gamegenic GmbH","url":"https:\/\/www.gamegenic.com\/es\/","logo":{"@type":"ImageObject","inLanguage":"es","@id":"https:\/\/www.gamegenic.com\/es\/#\/schema\/logo\/image\/","url":"https:\/\/www.gamegenic.com\/wp-content\/uploads\/Gamegenic-Logo-FINAL.jpg","contentUrl":"https:\/\/www.gamegenic.com\/wp-content\/uploads\/Gamegenic-Logo-FINAL.jpg","width":3507,"height":2480,"caption":"Gamegenic GmbH"},"image":{"@id":"https:\/\/www.gamegenic.com\/es\/#\/schema\/logo\/image\/"},"sameAs":["https:\/\/www.facebook.com\/GamegenicSupplies\/","https:\/\/x.com\/Gamegenic_","https:\/\/www.instagram.com\/gamegenicsupplies\/","https:\/\/www.youtube.com\/channel\/UCgmMXQPjjWW-Zy9ceMH6oGw"]}]}},"_links":{"self":[{"href":"https:\/\/www.gamegenic.com\/es\/wp-json\/wp\/v2\/pages\/20656","targetHints":{"allow":["GET"]}}],"collection":[{"href":"https:\/\/www.gamegenic.com\/es\/wp-json\/wp\/v2\/pages"}],"about":[{"href":"https:\/\/www.gamegenic.com\/es\/wp-json\/wp\/v2\/types\/page"}],"author":[{"embeddable":true,"href":"https:\/\/www.gamegenic.com\/es\/wp-json\/wp\/v2\/users\/9"}],"replies":[{"embeddable":true,"href":"https:\/\/www.gamegenic.com\/es\/wp-json\/wp\/v2\/comments?post=20656"}],"version-history":[{"count":1,"href":"https:\/\/www.gamegenic.com\/es\/wp-json\/wp\/v2\/pages\/20656\/revisions"}],"predecessor-version":[{"id":38699,"href":"https:\/\/www.gamegenic.com\/es\/wp-json\/wp\/v2\/pages\/20656\/revisions\/38699"}],"wp:attachment":[{"href":"https:\/\/www.gamegenic.com\/es\/wp-json\/wp\/v2\/media?parent=20656"}],"curies":[{"name":"wp","href":"https:\/\/api.w.org\/{rel}","templated":true}]}}