{"id":46629,"date":"2026-03-10T16:06:18","date_gmt":"2026-03-10T15:06:18","guid":{"rendered":"https:\/\/www.gamegenic.com\/gg_staging_march\/?post_type=product&#038;p=46629"},"modified":"2026-03-10T16:32:09","modified_gmt":"2026-03-10T15:32:09","slug":"star-wars-unlimited-jtl-soft-crate","status":"publish","type":"product","link":"https:\/\/www.gamegenic.com\/de\/produkt\/star-wars-unlimited-jtl-soft-crate\/","title":{"rendered":"<span class=\"swu_headline\"><i>STAR WARS<\/i>\u2122: UNLIMITED<\/span><br>SOFT CRATE"},"content":{"rendered":"<p><div class=\"fusion-fullwidth fullwidth-box fusion-builder-row-1 fusion-flex-container has-pattern-background has-mask-background nonhundred-percent-fullwidth non-hundred-percent-height-scrolling\" style=\"--awb-border-radius-top-left:0px;--awb-border-radius-top-right:0px;--awb-border-radius-bottom-right:0px;--awb-border-radius-bottom-left:0px;--awb-flex-wrap:wrap;\" ><div class=\"fusion-builder-row fusion-row fusion-flex-align-items-flex-start fusion-flex-content-wrap\" style=\"max-width:1248px;margin-left: calc(-4% \/ 2 );margin-right: calc(-4% \/ 2 );\"><div class=\"fusion-layout-column fusion_builder_column fusion-builder-column-0 fusion_builder_column_1_1 1_1 fusion-flex-column\" style=\"--awb-bg-size:cover;--awb-width-large:100%;--awb-margin-top-large:0px;--awb-spacing-right-large:1.92%;--awb-margin-bottom-large:20px;--awb-spacing-left-large:1.92%;--awb-width-medium:100%;--awb-order-medium:0;--awb-spacing-right-medium:1.92%;--awb-spacing-left-medium:1.92%;--awb-width-small:100%;--awb-order-small:0;--awb-spacing-right-small:1.92%;--awb-spacing-left-small:1.92%;\"><div class=\"fusion-column-wrapper fusion-column-has-shadow fusion-flex-justify-content-flex-start fusion-content-layout-column\"><\/div><\/div><\/div><\/div><div class=\"fusion-fullwidth fullwidth-box fusion-builder-row-2 fusion-flex-container has-pattern-background has-mask-background nonhundred-percent-fullwidth non-hundred-percent-height-scrolling\" style=\"--awb-border-radius-top-left:0px;--awb-border-radius-top-right:0px;--awb-border-radius-bottom-right:0px;--awb-border-radius-bottom-left:0px;--awb-flex-wrap:wrap;\" ><div class=\"fusion-builder-row fusion-row fusion-flex-align-items-flex-start fusion-flex-content-wrap\" style=\"max-width:1248px;margin-left: calc(-4% \/ 2 );margin-right: calc(-4% \/ 2 );\"><div class=\"fusion-layout-column fusion_builder_column fusion-builder-column-1 fusion_builder_column_1_2 1_2 fusion-flex-column\" style=\"--awb-bg-size:cover;--awb-width-large:50%;--awb-margin-top-large:0px;--awb-spacing-right-large:3.84%;--awb-margin-bottom-large:20px;--awb-spacing-left-large:3.84%;--awb-width-medium:100%;--awb-order-medium:0;--awb-spacing-right-medium:1.92%;--awb-spacing-left-medium:1.92%;--awb-width-small:100%;--awb-order-small:0;--awb-spacing-right-small:1.92%;--awb-spacing-left-small:1.92%;\"><div class=\"fusion-column-wrapper fusion-column-has-shadow fusion-flex-justify-content-flex-start fusion-content-layout-column\"><div class=\"fusion-text fusion-text-1\"><h2>FEATURES<\/h2>\n<ul>\n<li><strong>All-in-one-L\u00f6sung!<\/strong><br \/>\nFasst ein komplettes Deck mit 60 doppelt gesleevte Karten und enth\u00e4lt eine zus\u00e4tzliche Box f\u00fcr Zubeh\u00f6r<\/li>\n<li><strong>Perfekt f\u00fcr alle <em>Star Wars<\/em>\u2122 Fans:<\/strong><br \/>\nNicht nur f\u00fcr <em>Star Wars<\/em>\u2122: Unlimited geeignet, sondern f\u00fcr eine Vielzahl anderer Spiele, TCGs und LCGs<\/li>\n<li>Enth\u00e4lt Token Box mit innovativem Schlie\u00df-Mechanismus<\/li>\n<li>Durable deck box with self-locking lid + write-on strip<\/li>\n<li><strong>Cobra Neck-Technologie<\/strong>. Klappe kann f\u00fcr einen leichten Deckzugriff bis zu 180\u00b0 ge\u00f6ffnet werden<\/li>\n<li>Starke Schwei\u00dfpunkte. S\u00e4urefrei. Kein PVC<\/li>\n<\/ul>\n<\/div><\/div><\/div><div class=\"fusion-layout-column fusion_builder_column fusion-builder-column-2 fusion_builder_column_1_2 1_2 fusion-flex-column\" style=\"--awb-bg-size:cover;--awb-width-large:50%;--awb-margin-top-large:0px;--awb-spacing-right-large:3.84%;--awb-margin-bottom-large:20px;--awb-spacing-left-large:3.84%;--awb-width-medium:100%;--awb-order-medium:0;--awb-spacing-right-medium:1.92%;--awb-spacing-left-medium:1.92%;--awb-width-small:100%;--awb-order-small:0;--awb-spacing-right-small:1.92%;--awb-spacing-left-small:1.92%;\"><div class=\"fusion-column-wrapper fusion-column-has-shadow fusion-flex-justify-content-flex-start fusion-content-layout-column\">\n<h2>SPEZIFIKATIONEN<\/h2>\n<div class=\"table-2\">\n<table style=\"width: 100%;\">\n<tbody>\n<tr style=\"height: 48px;\">\n<td style=\"height: 48px;\" align=\"left\">Produktgr\u00f6\u00dfe <span class=\"gg-wdh\">(B x T x H)<\/span><\/td>\n<td style=\"height: 48px;\" align=\"left\">75 x 85 x 103 mm<\/td>\n<\/tr>\n<tr>\n<td style=\"vertical-align: top;\" align=\"left\">Material<\/td>\n<td style=\"vertical-align: top;\" align=\"left\">Polypropylen<\/td>\n<\/tr>\n<tr style=\"height: 24px;\">\n<td style=\"height: 24px;\" align=\"left\">Verpackungsart<\/td>\n<td style=\"height: 24px;\" align=\"left\">Karton<\/td>\n<\/tr>\n<\/tbody>\n<\/table>\n<\/div>\n<h2 style=\"margin-top:60px\">UPE<i data-tooltip=\"\u00dcber diese Webseite k\u00f6nnen keine K\u00e4ufe get\u00e4tigt werden. Alle aufgef\u00fchrten Preise sind UPE (Unverbindliche Preisempfehlung) des Herstellers in EUR (inkl. MwSt.) oder USD (ohne MwSt.). M\u00f6glicherweise anfallende Lieferkosten sind nicht enthalten. Die angegebenen Preise sind nicht bindend und k\u00f6nnen als Empfehlung behandelt werden.\" class=\"fas fa-info-circle gg-tooltip\">\uf05a<\/i><\/h2>\n<form action=\"\" method=\"post\" id=\"alg_currency_selector\"><select name=\"alg_currency\" id=\"alg_currency_select\" class=\"alg_currency_select\" onchange=\"this.form.submit()\"><option id=\"alg_currency_USD\" value=\"USD\" >USD<\/option><option id=\"alg_currency_EUR\" value=\"EUR\"  selected='selected'>EUR<\/option><option id=\"alg_currency_CAD\" value=\"CAD\" >U.S.-USD<\/option><\/select><noscript><input type=\"submit\" value=\"Refresh\"><\/noscript><\/form>\n<span class=\"woocommerce-Price-amount amount\"><bdi><span class=\"woocommerce-Price-currencySymbol\">EUR<\/span>&nbsp;7,99<\/bdi><\/span>\n<div style=\"text-align:left;\"><a class=\"fusion-button button-flat fusion-button-default-size button-default fusion-button-default button-1 fusion-button-default-span fusion-button-default-type shopfinder-button\" target=\"_blank\" rel=\"noopener noreferrer\" href=\"https:\/\/www.gamegenic.com\/de\/shopfinder\/\"><span class=\"fusion-button-text awb-button__text awb-button__text--default\">Shop Suche<\/span><\/a><\/div><\/div><\/div><\/div><\/div><\/p>\n","protected":false},"excerpt":{"rendered":"<p><strong>Die budgetfreundliche Art, Deine Karten und Zubeh\u00f6r f\u00fcr <em>Star Wars<\/em>\u2122: Unlimited zu transportieren!\u00a0<\/strong><br \/>\nDie Soft Crate ist eine strapazierf\u00e4hige All-in-One-L\u00f6sung f\u00fcr <em>Star Wars<\/em>\u2122: Unlimited-Spieler. Diese vollfarbig bedruckte Deckbox ist vollgepackt mit genialen Funktionen. Sie sch\u00fctzt ein komplettes, doppelt gesleevtes Deck mit 60 Karten und enth\u00e4lt eine innovative Tokenbox! Diese Tokenbox verf\u00fcgt \u00fcber einen intelligenten Klickverschluss, der alle Token sicher aufbewahrt. Nach dem \u00d6ffnen bleibt der Deckel f\u00fcr einen bequemen Zugriff aufrecht stehen.<\/p>\n[fusion_global id=\"1372\"]\n","protected":false},"featured_media":37140,"template":"","meta":[],"product_brand":[],"product_cat":[240,242,459,1354,273,816],"product_tag":[],"class_list":{"0":"post-46629","1":"product","2":"type-product","3":"status-publish","4":"has-post-thumbnail","6":"product_cat-boxes-de","7":"product_cat-casual-deck-boxes-de","8":"product_cat-casual-essential-line-de","9":"product_cat-jump-to-lightspeed-de","10":"product_cat-license-de","11":"product_cat-starwarsunlimited-de","13":"first","14":"instock","15":"shipping-taxable","16":"purchasable","17":"product-type-variable","18":"has-default-attributes","19":"wvs-archive-product-wrapper"},"yoast_head":"<!-- This site is optimized with the Yoast SEO plugin v27.3 - https:\/\/yoast.com\/product\/yoast-seo-wordpress\/ -->\n<title>STAR WARS\u2122: UNLIMITEDSOFT CRATE - GAMEGENIC - Ingenious Supplies<\/title>\n<meta name=\"description\" content=\"Die budgetfreundliche Art, Deine Karten und Zubeh\u00f6r f\u00fcr Star Wars\u2122: Unlimited zu transportieren!\u00a0Die Soft Crate ist eine strapazierf\u00e4hige All-in-One-L\u00f6sung f\u00fcr Star Wars\u2122: Unlimited-Spieler. Diese vollfarbig bedruckte Deckbox ist vollgepackt mit genialen Funktionen. Sie sch\u00fctzt ein komplettes, doppelt gesleevtes Deck mit 60 Karten und enth\u00e4lt eine innovative Tokenbox! Diese Tokenbox verf\u00fcgt \u00fcber einen intelligenten Klickverschluss, der alle Token sicher aufbewahrt. Nach dem \u00d6ffnen bleibt der Deckel f\u00fcr einen bequemen Zugriff aufrecht stehen.\" \/>\n<meta name=\"robots\" content=\"index, follow, max-snippet:-1, max-image-preview:large, max-video-preview:-1\" \/>\n<link rel=\"canonical\" href=\"https:\/\/www.gamegenic.com\/de\/produkt\/star-wars-unlimited-jtl-soft-crate\/\" \/>\n<meta property=\"og:locale\" content=\"de_DE\" \/>\n<meta property=\"og:type\" content=\"article\" \/>\n<meta property=\"og:title\" content=\"Star Wars\u2122: Unlimited - SOFT CRATE\" \/>\n<meta property=\"og:description\" content=\"The budget-friendly way to carry your cards and accessories for Star Wars\u2122: Unlimited! The Soft Crate is the durable all-in-one solution for Star Wars\u2122: Unlimited players. This full-color printed deck box is packed with ingenious features. It protects a full double-sleeved deck of 60 cards and includes an innovative token box! This token box has a smart click-lock mechanism to keep all tokens safely stored. Once opened, the lid stays upright for convenient access.\" \/>\n<meta property=\"og:url\" content=\"https:\/\/www.gamegenic.com\/de\/produkt\/star-wars-unlimited-jtl-soft-crate\/\" \/>\n<meta property=\"og:site_name\" content=\"GAMEGENIC - Ingenious Supplies\" \/>\n<meta property=\"article:publisher\" content=\"https:\/\/www.facebook.com\/GamegenicSupplies\/\" \/>\n<meta property=\"article:modified_time\" content=\"2026-03-10T15:32:09+00:00\" \/>\n<meta property=\"og:image\" content=\"https:\/\/www.gamegenic.com\/wp-content\/uploads\/2025\/01\/GG_SWH-SoftCrate-Set-4-Han-Solo-0000_PwQaByCAq.jpg\" \/>\n\t<meta property=\"og:image:width\" content=\"1200\" \/>\n\t<meta property=\"og:image:height\" content=\"1200\" \/>\n\t<meta property=\"og:image:type\" content=\"image\/jpeg\" \/>\n<meta name=\"twitter:card\" content=\"summary_large_image\" \/>\n<meta name=\"twitter:title\" content=\"Star Wars\u2122: Unlimited - SOFT CRATE\" \/>\n<meta name=\"twitter:description\" content=\"The budget-friendly way to carry your cards and accessories for Star Wars\u2122: Unlimited! The Soft Crate is the durable all-in-one solution for Star Wars\u2122: Unlimited players. This full-color printed deck box is packed with ingenious features. It protects a full double-sleeved deck of 60 cards and includes an innovative token box! This token box has a smart click-lock mechanism to keep all tokens safely stored. Once opened, the lid stays upright for convenient access.\" \/>\n<meta name=\"twitter:site\" content=\"@Gamegenic_\" \/>\n<meta name=\"twitter:label1\" content=\"Gesch\u00e4tzte Lesezeit\" \/>\n\t<meta name=\"twitter:data1\" content=\"1\u00a0Minute\" \/>\n<script type=\"application\/ld+json\" class=\"yoast-schema-graph\">{\"@context\":\"https:\\\/\\\/schema.org\",\"@graph\":[{\"@type\":\"WebPage\",\"@id\":\"https:\\\/\\\/www.gamegenic.com\\\/de\\\/produkt\\\/star-wars-unlimited-jtl-soft-crate\\\/\",\"url\":\"https:\\\/\\\/www.gamegenic.com\\\/de\\\/produkt\\\/star-wars-unlimited-jtl-soft-crate\\\/\",\"name\":\"STAR WARS\u2122: UNLIMITED SOFT CRATE - GAMEGENIC - Ingenious Supplies\",\"isPartOf\":{\"@id\":\"https:\\\/\\\/www.gamegenic.com\\\/de\\\/#website\"},\"primaryImageOfPage\":{\"@id\":\"https:\\\/\\\/www.gamegenic.com\\\/de\\\/produkt\\\/star-wars-unlimited-jtl-soft-crate\\\/#primaryimage\"},\"image\":{\"@id\":\"https:\\\/\\\/www.gamegenic.com\\\/de\\\/produkt\\\/star-wars-unlimited-jtl-soft-crate\\\/#primaryimage\"},\"thumbnailUrl\":\"https:\\\/\\\/www.gamegenic.com\\\/wp-content\\\/uploads\\\/2025\\\/01\\\/GG_SWH-SoftCrate-Set-4-Han-Solo-0000_PwQaByCAq.jpg\",\"datePublished\":\"2026-03-10T15:06:18+00:00\",\"dateModified\":\"2026-03-10T15:32:09+00:00\",\"description\":\"Die budgetfreundliche Art, Deine Karten und Zubeh\u00f6r f\u00fcr Star Wars\u2122: Unlimited zu transportieren!\u00a0Die Soft Crate ist eine strapazierf\u00e4hige All-in-One-L\u00f6sung f\u00fcr Star Wars\u2122: Unlimited-Spieler. Diese vollfarbig bedruckte Deckbox ist vollgepackt mit genialen Funktionen. Sie sch\u00fctzt ein komplettes, doppelt gesleevtes Deck mit 60 Karten und enth\u00e4lt eine innovative Tokenbox! Diese Tokenbox verf\u00fcgt \u00fcber einen intelligenten Klickverschluss, der alle Token sicher aufbewahrt. Nach dem \u00d6ffnen bleibt der Deckel f\u00fcr einen bequemen Zugriff aufrecht stehen.\",\"breadcrumb\":{\"@id\":\"https:\\\/\\\/www.gamegenic.com\\\/de\\\/produkt\\\/star-wars-unlimited-jtl-soft-crate\\\/#breadcrumb\"},\"inLanguage\":\"de\",\"potentialAction\":[{\"@type\":\"ReadAction\",\"target\":[\"https:\\\/\\\/www.gamegenic.com\\\/de\\\/produkt\\\/star-wars-unlimited-jtl-soft-crate\\\/\"]}]},{\"@type\":\"ImageObject\",\"inLanguage\":\"de\",\"@id\":\"https:\\\/\\\/www.gamegenic.com\\\/de\\\/produkt\\\/star-wars-unlimited-jtl-soft-crate\\\/#primaryimage\",\"url\":\"https:\\\/\\\/www.gamegenic.com\\\/wp-content\\\/uploads\\\/2025\\\/01\\\/GG_SWH-SoftCrate-Set-4-Han-Solo-0000_PwQaByCAq.jpg\",\"contentUrl\":\"https:\\\/\\\/www.gamegenic.com\\\/wp-content\\\/uploads\\\/2025\\\/01\\\/GG_SWH-SoftCrate-Set-4-Han-Solo-0000_PwQaByCAq.jpg\",\"width\":1200,\"height\":1200,\"caption\":\"SOFT CRATE - Han Solo \\\/ Millenium Falcon\"},{\"@type\":\"BreadcrumbList\",\"@id\":\"https:\\\/\\\/www.gamegenic.com\\\/de\\\/produkt\\\/star-wars-unlimited-jtl-soft-crate\\\/#breadcrumb\",\"itemListElement\":[{\"@type\":\"ListItem\",\"position\":1,\"name\":\"Home\",\"item\":\"https:\\\/\\\/www.gamegenic.com\\\/de\\\/\"},{\"@type\":\"ListItem\",\"position\":2,\"name\":\"Shop\",\"item\":\"https:\\\/\\\/www.gamegenic.com\\\/de\\\/shop\\\/\"},{\"@type\":\"ListItem\",\"position\":3,\"name\":\"STAR WARS\u2122: UNLIMITEDSOFT CRATE\"}]},{\"@type\":\"WebSite\",\"@id\":\"https:\\\/\\\/www.gamegenic.com\\\/de\\\/#website\",\"url\":\"https:\\\/\\\/www.gamegenic.com\\\/de\\\/\",\"name\":\"GAMEGENIC - Ingenious Supplies\",\"description\":\"\",\"publisher\":{\"@id\":\"https:\\\/\\\/www.gamegenic.com\\\/de\\\/#organization\"},\"potentialAction\":[{\"@type\":\"SearchAction\",\"target\":{\"@type\":\"EntryPoint\",\"urlTemplate\":\"https:\\\/\\\/www.gamegenic.com\\\/de\\\/?s={search_term_string}\"},\"query-input\":{\"@type\":\"PropertyValueSpecification\",\"valueRequired\":true,\"valueName\":\"search_term_string\"}}],\"inLanguage\":\"de\"},{\"@type\":\"Organization\",\"@id\":\"https:\\\/\\\/www.gamegenic.com\\\/de\\\/#organization\",\"name\":\"Gamegenic GmbH\",\"url\":\"https:\\\/\\\/www.gamegenic.com\\\/de\\\/\",\"logo\":{\"@type\":\"ImageObject\",\"inLanguage\":\"de\",\"@id\":\"https:\\\/\\\/www.gamegenic.com\\\/de\\\/#\\\/schema\\\/logo\\\/image\\\/\",\"url\":\"https:\\\/\\\/www.gamegenic.com\\\/wp-content\\\/uploads\\\/Gamegenic-Logo-FINAL.jpg\",\"contentUrl\":\"https:\\\/\\\/www.gamegenic.com\\\/wp-content\\\/uploads\\\/Gamegenic-Logo-FINAL.jpg\",\"width\":3507,\"height\":2480,\"caption\":\"Gamegenic GmbH\"},\"image\":{\"@id\":\"https:\\\/\\\/www.gamegenic.com\\\/de\\\/#\\\/schema\\\/logo\\\/image\\\/\"},\"sameAs\":[\"https:\\\/\\\/www.facebook.com\\\/GamegenicSupplies\\\/\",\"https:\\\/\\\/x.com\\\/Gamegenic_\",\"https:\\\/\\\/www.instagram.com\\\/gamegenicsupplies\\\/\",\"https:\\\/\\\/www.youtube.com\\\/channel\\\/UCgmMXQPjjWW-Zy9ceMH6oGw\"]}]}<\/script>\n<!-- \/ Yoast SEO plugin. -->","yoast_head_json":{"title":"STAR WARS\u2122: UNLIMITEDSOFT CRATE - GAMEGENIC - Ingenious Supplies","description":"Die budgetfreundliche Art, Deine Karten und Zubeh\u00f6r f\u00fcr Star Wars\u2122: Unlimited zu transportieren!\u00a0Die Soft Crate ist eine strapazierf\u00e4hige All-in-One-L\u00f6sung f\u00fcr Star Wars\u2122: Unlimited-Spieler. Diese vollfarbig bedruckte Deckbox ist vollgepackt mit genialen Funktionen. Sie sch\u00fctzt ein komplettes, doppelt gesleevtes Deck mit 60 Karten und enth\u00e4lt eine innovative Tokenbox! Diese Tokenbox verf\u00fcgt \u00fcber einen intelligenten Klickverschluss, der alle Token sicher aufbewahrt. Nach dem \u00d6ffnen bleibt der Deckel f\u00fcr einen bequemen Zugriff aufrecht stehen.","robots":{"index":"index","follow":"follow","max-snippet":"max-snippet:-1","max-image-preview":"max-image-preview:large","max-video-preview":"max-video-preview:-1"},"canonical":"https:\/\/www.gamegenic.com\/de\/produkt\/star-wars-unlimited-jtl-soft-crate\/","og_locale":"de_DE","og_type":"article","og_title":"Star Wars\u2122: Unlimited - SOFT CRATE","og_description":"The budget-friendly way to carry your cards and accessories for Star Wars\u2122: Unlimited! The Soft Crate is the durable all-in-one solution for Star Wars\u2122: Unlimited players. This full-color printed deck box is packed with ingenious features. It protects a full double-sleeved deck of 60 cards and includes an innovative token box! This token box has a smart click-lock mechanism to keep all tokens safely stored. Once opened, the lid stays upright for convenient access.","og_url":"https:\/\/www.gamegenic.com\/de\/produkt\/star-wars-unlimited-jtl-soft-crate\/","og_site_name":"GAMEGENIC - Ingenious Supplies","article_publisher":"https:\/\/www.facebook.com\/GamegenicSupplies\/","article_modified_time":"2026-03-10T15:32:09+00:00","og_image":[{"width":1200,"height":1200,"url":"https:\/\/www.gamegenic.com\/wp-content\/uploads\/2025\/01\/GG_SWH-SoftCrate-Set-4-Han-Solo-0000_PwQaByCAq.jpg","type":"image\/jpeg"}],"twitter_card":"summary_large_image","twitter_title":"Star Wars\u2122: Unlimited - SOFT CRATE","twitter_description":"The budget-friendly way to carry your cards and accessories for Star Wars\u2122: Unlimited! The Soft Crate is the durable all-in-one solution for Star Wars\u2122: Unlimited players. This full-color printed deck box is packed with ingenious features. It protects a full double-sleeved deck of 60 cards and includes an innovative token box! This token box has a smart click-lock mechanism to keep all tokens safely stored. Once opened, the lid stays upright for convenient access.","twitter_site":"@Gamegenic_","twitter_misc":{"Gesch\u00e4tzte Lesezeit":"1\u00a0Minute"},"schema":{"@context":"https:\/\/schema.org","@graph":[{"@type":"WebPage","@id":"https:\/\/www.gamegenic.com\/de\/produkt\/star-wars-unlimited-jtl-soft-crate\/","url":"https:\/\/www.gamegenic.com\/de\/produkt\/star-wars-unlimited-jtl-soft-crate\/","name":"STAR WARS\u2122: UNLIMITED SOFT CRATE - GAMEGENIC - Ingenious Supplies","isPartOf":{"@id":"https:\/\/www.gamegenic.com\/de\/#website"},"primaryImageOfPage":{"@id":"https:\/\/www.gamegenic.com\/de\/produkt\/star-wars-unlimited-jtl-soft-crate\/#primaryimage"},"image":{"@id":"https:\/\/www.gamegenic.com\/de\/produkt\/star-wars-unlimited-jtl-soft-crate\/#primaryimage"},"thumbnailUrl":"https:\/\/www.gamegenic.com\/wp-content\/uploads\/2025\/01\/GG_SWH-SoftCrate-Set-4-Han-Solo-0000_PwQaByCAq.jpg","datePublished":"2026-03-10T15:06:18+00:00","dateModified":"2026-03-10T15:32:09+00:00","description":"Die budgetfreundliche Art, Deine Karten und Zubeh\u00f6r f\u00fcr Star Wars\u2122: Unlimited zu transportieren!\u00a0Die Soft Crate ist eine strapazierf\u00e4hige All-in-One-L\u00f6sung f\u00fcr Star Wars\u2122: Unlimited-Spieler. Diese vollfarbig bedruckte Deckbox ist vollgepackt mit genialen Funktionen. Sie sch\u00fctzt ein komplettes, doppelt gesleevtes Deck mit 60 Karten und enth\u00e4lt eine innovative Tokenbox! Diese Tokenbox verf\u00fcgt \u00fcber einen intelligenten Klickverschluss, der alle Token sicher aufbewahrt. Nach dem \u00d6ffnen bleibt der Deckel f\u00fcr einen bequemen Zugriff aufrecht stehen.","breadcrumb":{"@id":"https:\/\/www.gamegenic.com\/de\/produkt\/star-wars-unlimited-jtl-soft-crate\/#breadcrumb"},"inLanguage":"de","potentialAction":[{"@type":"ReadAction","target":["https:\/\/www.gamegenic.com\/de\/produkt\/star-wars-unlimited-jtl-soft-crate\/"]}]},{"@type":"ImageObject","inLanguage":"de","@id":"https:\/\/www.gamegenic.com\/de\/produkt\/star-wars-unlimited-jtl-soft-crate\/#primaryimage","url":"https:\/\/www.gamegenic.com\/wp-content\/uploads\/2025\/01\/GG_SWH-SoftCrate-Set-4-Han-Solo-0000_PwQaByCAq.jpg","contentUrl":"https:\/\/www.gamegenic.com\/wp-content\/uploads\/2025\/01\/GG_SWH-SoftCrate-Set-4-Han-Solo-0000_PwQaByCAq.jpg","width":1200,"height":1200,"caption":"SOFT CRATE - Han Solo \/ Millenium Falcon"},{"@type":"BreadcrumbList","@id":"https:\/\/www.gamegenic.com\/de\/produkt\/star-wars-unlimited-jtl-soft-crate\/#breadcrumb","itemListElement":[{"@type":"ListItem","position":1,"name":"Home","item":"https:\/\/www.gamegenic.com\/de\/"},{"@type":"ListItem","position":2,"name":"Shop","item":"https:\/\/www.gamegenic.com\/de\/shop\/"},{"@type":"ListItem","position":3,"name":"STAR WARS\u2122: UNLIMITEDSOFT CRATE"}]},{"@type":"WebSite","@id":"https:\/\/www.gamegenic.com\/de\/#website","url":"https:\/\/www.gamegenic.com\/de\/","name":"GAMEGENIC - Ingenious Supplies","description":"","publisher":{"@id":"https:\/\/www.gamegenic.com\/de\/#organization"},"potentialAction":[{"@type":"SearchAction","target":{"@type":"EntryPoint","urlTemplate":"https:\/\/www.gamegenic.com\/de\/?s={search_term_string}"},"query-input":{"@type":"PropertyValueSpecification","valueRequired":true,"valueName":"search_term_string"}}],"inLanguage":"de"},{"@type":"Organization","@id":"https:\/\/www.gamegenic.com\/de\/#organization","name":"Gamegenic GmbH","url":"https:\/\/www.gamegenic.com\/de\/","logo":{"@type":"ImageObject","inLanguage":"de","@id":"https:\/\/www.gamegenic.com\/de\/#\/schema\/logo\/image\/","url":"https:\/\/www.gamegenic.com\/wp-content\/uploads\/Gamegenic-Logo-FINAL.jpg","contentUrl":"https:\/\/www.gamegenic.com\/wp-content\/uploads\/Gamegenic-Logo-FINAL.jpg","width":3507,"height":2480,"caption":"Gamegenic GmbH"},"image":{"@id":"https:\/\/www.gamegenic.com\/de\/#\/schema\/logo\/image\/"},"sameAs":["https:\/\/www.facebook.com\/GamegenicSupplies\/","https:\/\/x.com\/Gamegenic_","https:\/\/www.instagram.com\/gamegenicsupplies\/","https:\/\/www.youtube.com\/channel\/UCgmMXQPjjWW-Zy9ceMH6oGw"]}]}},"_links":{"self":[{"href":"https:\/\/www.gamegenic.com\/de\/wp-json\/wp\/v2\/product\/46629","targetHints":{"allow":["GET"]}}],"collection":[{"href":"https:\/\/www.gamegenic.com\/de\/wp-json\/wp\/v2\/product"}],"about":[{"href":"https:\/\/www.gamegenic.com\/de\/wp-json\/wp\/v2\/types\/product"}],"wp:featuredmedia":[{"embeddable":true,"href":"https:\/\/www.gamegenic.com\/de\/wp-json\/wp\/v2\/media\/37140"}],"wp:attachment":[{"href":"https:\/\/www.gamegenic.com\/de\/wp-json\/wp\/v2\/media?parent=46629"}],"wp:term":[{"taxonomy":"product_brand","embeddable":true,"href":"https:\/\/www.gamegenic.com\/de\/wp-json\/wp\/v2\/product_brand?post=46629"},{"taxonomy":"product_cat","embeddable":true,"href":"https:\/\/www.gamegenic.com\/de\/wp-json\/wp\/v2\/product_cat?post=46629"},{"taxonomy":"product_tag","embeddable":true,"href":"https:\/\/www.gamegenic.com\/de\/wp-json\/wp\/v2\/product_tag?post=46629"}],"curies":[{"name":"wp","href":"https:\/\/api.w.org\/{rel}","templated":true}]}}