{"id":45548,"date":"2026-03-09T17:33:37","date_gmt":"2026-03-09T16:33:37","guid":{"rendered":"https:\/\/www.gamegenic.com\/gg_staging_march\/product\/star-wars-unlimitedcasual-album-18-pocket\/"},"modified":"2026-04-27T16:05:07","modified_gmt":"2026-04-27T14:05:07","slug":"star-wars-unlimited-law-casual-album-18-pocket","status":"publish","type":"product","link":"https:\/\/www.gamegenic.com\/de\/produkt\/star-wars-unlimited-law-casual-album-18-pocket\/","title":{"rendered":"<span class=\"swu_headline\"><i>STAR WARS<\/i>\u2122: UNLIMITED<\/span><br>CASUAL ALBUM<br> <span class=\"swu_headline swu_subline\">18-POCKET<\/span>"},"content":{"rendered":"<p><div class=\"fusion-fullwidth fullwidth-box fusion-builder-row-1 fusion-flex-container nonhundred-percent-fullwidth non-hundred-percent-height-scrolling\" style=\"--awb-border-radius-top-left:0px;--awb-border-radius-top-right:0px;--awb-border-radius-bottom-right:0px;--awb-border-radius-bottom-left:0px;--awb-flex-wrap:wrap;\" ><div class=\"fusion-builder-row fusion-row fusion-flex-align-items-flex-start fusion-flex-content-wrap\" style=\"max-width:1248px;margin-left: calc(-4% \/ 2 );margin-right: calc(-4% \/ 2 );\"><div class=\"fusion-layout-column fusion_builder_column fusion-builder-column-0 fusion_builder_column_1_1 1_1 fusion-flex-column\" style=\"--awb-bg-size:cover;--awb-width-large:100%;--awb-margin-top-large:0px;--awb-spacing-right-large:1.92%;--awb-margin-bottom-large:0px;--awb-spacing-left-large:1.92%;--awb-width-medium:100%;--awb-spacing-right-medium:1.92%;--awb-spacing-left-medium:1.92%;--awb-width-small:100%;--awb-spacing-right-small:1.92%;--awb-spacing-left-small:1.92%;\"><div class=\"fusion-column-wrapper fusion-flex-justify-content-flex-start fusion-content-layout-column\"><\/div><\/div><\/div><\/div><div class=\"fusion-fullwidth fullwidth-box fusion-builder-row-2 nonhundred-percent-fullwidth non-hundred-percent-height-scrolling gg-summary gg-position\" style=\"--awb-border-radius-top-left:0px;--awb-border-radius-top-right:0px;--awb-border-radius-bottom-right:0px;--awb-border-radius-bottom-left:0px;--awb-flex-wrap:wrap;\" id=\"gg-anker\" ><div class=\"fusion-builder-row fusion-row\"><div class=\"fusion-layout-column fusion_builder_column fusion-builder-column-1 fusion_builder_column_1_2 1_2 fusion-one-half fusion-column-first gg-features\" style=\"--awb-bg-size:cover;width:50%;width:calc(50% - ( ( 60px ) * 0.5 ) );margin-right: 60px;\"><div class=\"fusion-column-wrapper fusion-column-has-shadow fusion-flex-column-wrapper-legacy\"><div class=\"fusion-text fusion-text-1\"><h2>FEATURES<\/h2>\n<ul>\n<li>Enth\u00e4lt <strong>20<\/strong> Sideloader-Seiten f\u00fcr bis zu 360 gesleevte Karten*<\/li>\n<li>Buntes Cover mit hochwertigem, kr\u00e4ftigem Vollfarbdruck<\/li>\n<li>Extra breites, elastisches Verschlussband mit verst\u00e4rkten N\u00e4hten<\/li>\n<li>18 <strong>Sideloader-Taschen<\/strong> pro Seite sch\u00fctzen die Karten vor dem Herausfallen<\/li>\n<li>Passend f\u00fcr Karten in Standard- und japanischer Gr\u00f6\u00dfe<\/li>\n<li>Optimiert f\u00fcr doppelt gesleevte Karten<\/li>\n<li>S\u00e4urefrei. Kein PVC<\/li>\n<\/ul>\n<\/div><div class=\"fusion-text fusion-text-2 gg-notice\"><p>* Optimiert f\u00fcr Gamegenic Sleeves. Sleeves von anderen Marken k\u00f6nnen Fassungsverm\u00f6gen\/Kompatibilit\u00e4t beeintr\u00e4chtigen<\/p>\n<\/div>\n<div class=\"fusion-sep-clear\"><\/div><div class=\"fusion-separator fusion-full-width-sep\" style=\"margin-left: auto;margin-right: auto;width:100%;\"><div class=\"fusion-separator-border sep-single sep-solid\" style=\"--awb-height:20px;--awb-amount:20px;--awb-sep-color:#ffffff;border-color:##DCDCDC;border-top-width:1px;\"><\/div><\/div><div class=\"fusion-sep-clear\"><\/div>\n<div class=\"fusion-clearfix\"><\/div><\/div><\/div><div class=\"fusion-layout-column fusion_builder_column fusion-builder-column-2 fusion_builder_column_1_2 1_2 fusion-one-half fusion-column-last\" style=\"--awb-bg-size:cover;width:50%;width:calc(50% - ( ( 60px ) * 0.5 ) );\"><div class=\"fusion-column-wrapper fusion-column-has-shadow fusion-flex-column-wrapper-legacy\">\n<h2>SPEZIFIKATIONEN<\/h2>\n<div class=\"table-2\">\n<table style=\"width: 98.5516%;\">\n<tbody>\n<tr style=\"height: 48px;\">\n<td style=\"height: 48px;\" align=\"left\">Produktgr\u00f6\u00dfe<\/td>\n<td style=\"height: 48px;\" align=\"left\">245 x 25 x 305 mm<\/td>\n<\/tr>\n<tr>\n<td>Material<\/td>\n<td>Polypropylen<\/td>\n<\/tr>\n<tr style=\"height: 24px;\">\n<td style=\"height: 24px;\" align=\"left\">Verpackungsart<\/td>\n<td style=\"height: 24px;\" align=\"left\">Karton<\/td>\n<\/tr>\n<\/tbody>\n<\/table>\n<\/div>\n<h2 style=\"margin-top:60px\">UPE<i data-tooltip=\"\u00dcber diese Webseite k\u00f6nnen keine K\u00e4ufe get\u00e4tigt werden. Alle aufgef\u00fchrten Preise sind UPE (Unverbindliche Preisempfehlung) des Herstellers in EUR (inkl. MwSt.) oder USD (ohne MwSt.). M\u00f6glicherweise anfallende Lieferkosten sind nicht enthalten. Die angegebenen Preise sind nicht bindend und k\u00f6nnen als Empfehlung behandelt werden.\" class=\"fas fa-info-circle gg-tooltip\">\uf05a<\/i><\/h2>\n<form action=\"\" method=\"post\" id=\"alg_currency_selector\"><select name=\"alg_currency\" id=\"alg_currency_select\" class=\"alg_currency_select\" onchange=\"this.form.submit()\"><option id=\"alg_currency_USD\" value=\"USD\" >USD<\/option><option id=\"alg_currency_EUR\" value=\"EUR\"  selected='selected'>EUR<\/option><option id=\"alg_currency_CAD\" value=\"CAD\" >U.S.-USD<\/option><\/select><noscript><input type=\"submit\" value=\"Refresh\"><\/noscript><\/form>\n<span class=\"woocommerce-Price-amount amount\"><bdi><span class=\"woocommerce-Price-currencySymbol\">EUR<\/span>&nbsp;25,99<\/bdi><\/span>\n\n<div class=\"fusion-alignleft\"><a class=\"fusion-button button-flat fusion-button-default-size button-default fusion-button-default button-1 fusion-button-default-span fusion-button-default-type shopfinder-button\" target=\"_blank\" rel=\"noopener noreferrer\" href=\"https:\/\/www.gamegenic.com\/de\/shopfinder\/\"><i class=\"fa-globe-americas fas awb-button__icon awb-button__icon--default button-icon-left\" aria-hidden=\"true\"><\/i><span class=\"fusion-button-text awb-button__text awb-button__text--default\">Shop Suche<\/span><\/a><\/div>\n<div class=\"fusion-clearfix\"><\/div><\/div><\/div><\/div><\/div><\/p>\n","protected":false},"excerpt":{"rendered":"<p><strong>Das Spielerlebnis geht weiter mit Set 4 und einem neuen Produkt!<\/strong><br \/>\nDas offiziell lizenzierte <em>Star\u00a0Wars<\/em>\u2122: Unlimited Casual 18-Pocket Album ist eine gro\u00dfartige M\u00f6glichkeit, wertvollen <em>Star\u00a0Wars<\/em>\u2122 Karten zu sammeln und zu organisieren. Das Casual 18-Pocket Album hat einen farbenfrohen Einband mit hochwertigen, ikonischen Full-Art-Drucken aus dem Spiel. Es fasst 20 Seiten mit je 18 Sideloader-Taschen, also insgesamt 360 Karten (auch doppelt gesleevt). Schwarze Seiten und ein schwarzes Verschlussband vervollst\u00e4ndigen das edle Gesamtbild. Das extrabreite, elastisch Verschlussband mit verst\u00e4rkter Naht schlie\u00dft das Album sicher. Erh\u00e4ltlich in zwei lebhaften Designs.<\/p>\n","protected":false},"featured_media":44050,"template":"","meta":[],"product_brand":[],"product_cat":[1339,243,244,273,816],"product_tag":[],"class_list":{"0":"post-45548","1":"product","2":"type-product","3":"status-publish","4":"has-post-thumbnail","6":"product_cat-a-lawless-time","7":"product_cat-binders-de","8":"product_cat-casual-album-de","9":"product_cat-license-de","10":"product_cat-starwarsunlimited-de","12":"first","13":"instock","14":"shipping-taxable","15":"purchasable","16":"product-type-variable","17":"has-default-attributes","18":"wvs-archive-product-wrapper"},"yoast_head":"<!-- This site is optimized with the Yoast SEO plugin v27.3 - https:\/\/yoast.com\/product\/yoast-seo-wordpress\/ -->\n<title>STAR WARS\u2122: UNLIMITEDCASUAL ALBUM 18-POCKET - GAMEGENIC - Ingenious Supplies<\/title>\n<meta name=\"description\" content=\"The officially licensed Star\u00a0Wars\u2122: Unlimited Casual 18-Pocket Album is a great way to collect and organize your valuable Star\u00a0Wars\u2122: Unlimited cards. The Casual 18-Pocket Album has a colorful cover featuring high-quality, iconic full-art prints from the game. It holds 20 pages with 18 side-loading pockets each, for a total capacity of 360 cards (even double-sleeved). Black pages and strap complete the overall classy look. The extra-wide elastic strap with reinforced stitching safely closes the album. Available in two vibrant designs.\" \/>\n<meta name=\"robots\" content=\"index, follow, max-snippet:-1, max-image-preview:large, max-video-preview:-1\" \/>\n<link rel=\"canonical\" href=\"https:\/\/www.gamegenic.com\/de\/produkt\/star-wars-unlimited-law-casual-album-18-pocket\/\" \/>\n<meta property=\"og:locale\" content=\"de_DE\" \/>\n<meta property=\"og:type\" content=\"article\" \/>\n<meta property=\"og:title\" content=\"Star Wars\u2122: Unlimited - CASUAL ALBUM\" \/>\n<meta property=\"og:description\" content=\"The officially licensed Star\u00a0Wars\u2122: Unlimited Casual 18-Pocket Album is a great way to collect and organize your valuable Star\u00a0Wars\u2122: Unlimited cards. The Casual 18-Pocket Album has a colorful cover featuring high-quality, iconic full-art prints from the game. It holds 20 pages with 18 side-loading pockets each, for a total capacity of 360 cards (even double-sleeved). Black pages and strap complete the overall classy look. The extra-wide elastic strap with reinforced stitching safely closes the album. Available in two vibrant designs.\" \/>\n<meta property=\"og:url\" content=\"https:\/\/www.gamegenic.com\/de\/produkt\/star-wars-unlimited-law-casual-album-18-pocket\/\" \/>\n<meta property=\"og:site_name\" content=\"GAMEGENIC - Ingenious Supplies\" \/>\n<meta property=\"article:publisher\" content=\"https:\/\/www.facebook.com\/GamegenicSupplies\/\" \/>\n<meta property=\"article:modified_time\" content=\"2026-04-27T14:05:07+00:00\" \/>\n<meta property=\"og:image\" content=\"https:\/\/www.gamegenic.com\/wp-content\/uploads\/2026\/02\/GG_SWU_Casual_18er_Darth_Vader_0008_zv2jryTVa.jpg\" \/>\n\t<meta property=\"og:image:width\" content=\"1200\" \/>\n\t<meta property=\"og:image:height\" content=\"1200\" \/>\n\t<meta property=\"og:image:type\" content=\"image\/jpeg\" \/>\n<meta name=\"twitter:card\" content=\"summary_large_image\" \/>\n<meta name=\"twitter:title\" content=\"Star Wars\u2122: Unlimited - CASUAL ALBUM\" \/>\n<meta name=\"twitter:description\" content=\"The officially licensed Star\u00a0Wars\u2122: Unlimited Casual 18-Pocket Album is a great way to collect and organize your valuable Star\u00a0Wars\u2122: Unlimited cards. The Casual 18-Pocket Album has a colorful cover featuring high-quality, iconic full-art prints from the game. It holds 20 pages with 18 side-loading pockets each, for a total capacity of 360 cards (even double-sleeved). Black pages and strap complete the overall classy look. The extra-wide elastic strap with reinforced stitching safely closes the album. Available in two vibrant designs.\" \/>\n<meta name=\"twitter:site\" content=\"@Gamegenic_\" \/>\n<meta name=\"twitter:label1\" content=\"Gesch\u00e4tzte Lesezeit\" \/>\n\t<meta name=\"twitter:data1\" content=\"1\u00a0Minute\" \/>\n<script type=\"application\/ld+json\" class=\"yoast-schema-graph\">{\"@context\":\"https:\\\/\\\/schema.org\",\"@graph\":[{\"@type\":\"WebPage\",\"@id\":\"https:\\\/\\\/www.gamegenic.com\\\/de\\\/produkt\\\/star-wars-unlimited-law-casual-album-18-pocket\\\/\",\"url\":\"https:\\\/\\\/www.gamegenic.com\\\/de\\\/produkt\\\/star-wars-unlimited-law-casual-album-18-pocket\\\/\",\"name\":\"STAR WARS\u2122: UNLIMITED CASUAL ALBUM 18-POCKET - GAMEGENIC - Ingenious Supplies\",\"isPartOf\":{\"@id\":\"https:\\\/\\\/www.gamegenic.com\\\/de\\\/#website\"},\"primaryImageOfPage\":{\"@id\":\"https:\\\/\\\/www.gamegenic.com\\\/de\\\/produkt\\\/star-wars-unlimited-law-casual-album-18-pocket\\\/#primaryimage\"},\"image\":{\"@id\":\"https:\\\/\\\/www.gamegenic.com\\\/de\\\/produkt\\\/star-wars-unlimited-law-casual-album-18-pocket\\\/#primaryimage\"},\"thumbnailUrl\":\"https:\\\/\\\/www.gamegenic.com\\\/wp-content\\\/uploads\\\/2026\\\/02\\\/GG_SWU_Casual_18er_Darth_Vader_0008_zv2jryTVa.jpg\",\"datePublished\":\"2026-03-09T16:33:37+00:00\",\"dateModified\":\"2026-04-27T14:05:07+00:00\",\"description\":\"The officially licensed Star\u00a0Wars\u2122: Unlimited Casual 18-Pocket Album is a great way to collect and organize your valuable Star\u00a0Wars\u2122: Unlimited cards. The Casual 18-Pocket Album has a colorful cover featuring high-quality, iconic full-art prints from the game. It holds 20 pages with 18 side-loading pockets each, for a total capacity of 360 cards (even double-sleeved). Black pages and strap complete the overall classy look. The extra-wide elastic strap with reinforced stitching safely closes the album. Available in two vibrant designs.\",\"breadcrumb\":{\"@id\":\"https:\\\/\\\/www.gamegenic.com\\\/de\\\/produkt\\\/star-wars-unlimited-law-casual-album-18-pocket\\\/#breadcrumb\"},\"inLanguage\":\"de\",\"potentialAction\":[{\"@type\":\"ReadAction\",\"target\":[\"https:\\\/\\\/www.gamegenic.com\\\/de\\\/produkt\\\/star-wars-unlimited-law-casual-album-18-pocket\\\/\"]}]},{\"@type\":\"ImageObject\",\"inLanguage\":\"de\",\"@id\":\"https:\\\/\\\/www.gamegenic.com\\\/de\\\/produkt\\\/star-wars-unlimited-law-casual-album-18-pocket\\\/#primaryimage\",\"url\":\"https:\\\/\\\/www.gamegenic.com\\\/wp-content\\\/uploads\\\/2026\\\/02\\\/GG_SWU_Casual_18er_Darth_Vader_0008_zv2jryTVa.jpg\",\"contentUrl\":\"https:\\\/\\\/www.gamegenic.com\\\/wp-content\\\/uploads\\\/2026\\\/02\\\/GG_SWU_Casual_18er_Darth_Vader_0008_zv2jryTVa.jpg\",\"width\":1200,\"height\":1200,\"caption\":\"CASUAL ALBUM 18-POCKET - Darth Vader Unstoppable\"},{\"@type\":\"BreadcrumbList\",\"@id\":\"https:\\\/\\\/www.gamegenic.com\\\/de\\\/produkt\\\/star-wars-unlimited-law-casual-album-18-pocket\\\/#breadcrumb\",\"itemListElement\":[{\"@type\":\"ListItem\",\"position\":1,\"name\":\"Home\",\"item\":\"https:\\\/\\\/www.gamegenic.com\\\/de\\\/\"},{\"@type\":\"ListItem\",\"position\":2,\"name\":\"Shop\",\"item\":\"https:\\\/\\\/www.gamegenic.com\\\/de\\\/shop\\\/\"},{\"@type\":\"ListItem\",\"position\":3,\"name\":\"STAR WARS\u2122: UNLIMITEDCASUAL ALBUM 18-POCKET\"}]},{\"@type\":\"WebSite\",\"@id\":\"https:\\\/\\\/www.gamegenic.com\\\/de\\\/#website\",\"url\":\"https:\\\/\\\/www.gamegenic.com\\\/de\\\/\",\"name\":\"GAMEGENIC - Ingenious Supplies\",\"description\":\"\",\"publisher\":{\"@id\":\"https:\\\/\\\/www.gamegenic.com\\\/de\\\/#organization\"},\"potentialAction\":[{\"@type\":\"SearchAction\",\"target\":{\"@type\":\"EntryPoint\",\"urlTemplate\":\"https:\\\/\\\/www.gamegenic.com\\\/de\\\/?s={search_term_string}\"},\"query-input\":{\"@type\":\"PropertyValueSpecification\",\"valueRequired\":true,\"valueName\":\"search_term_string\"}}],\"inLanguage\":\"de\"},{\"@type\":\"Organization\",\"@id\":\"https:\\\/\\\/www.gamegenic.com\\\/de\\\/#organization\",\"name\":\"Gamegenic GmbH\",\"url\":\"https:\\\/\\\/www.gamegenic.com\\\/de\\\/\",\"logo\":{\"@type\":\"ImageObject\",\"inLanguage\":\"de\",\"@id\":\"https:\\\/\\\/www.gamegenic.com\\\/de\\\/#\\\/schema\\\/logo\\\/image\\\/\",\"url\":\"https:\\\/\\\/www.gamegenic.com\\\/wp-content\\\/uploads\\\/Gamegenic-Logo-FINAL.jpg\",\"contentUrl\":\"https:\\\/\\\/www.gamegenic.com\\\/wp-content\\\/uploads\\\/Gamegenic-Logo-FINAL.jpg\",\"width\":3507,\"height\":2480,\"caption\":\"Gamegenic GmbH\"},\"image\":{\"@id\":\"https:\\\/\\\/www.gamegenic.com\\\/de\\\/#\\\/schema\\\/logo\\\/image\\\/\"},\"sameAs\":[\"https:\\\/\\\/www.facebook.com\\\/GamegenicSupplies\\\/\",\"https:\\\/\\\/x.com\\\/Gamegenic_\",\"https:\\\/\\\/www.instagram.com\\\/gamegenicsupplies\\\/\",\"https:\\\/\\\/www.youtube.com\\\/channel\\\/UCgmMXQPjjWW-Zy9ceMH6oGw\"]}]}<\/script>\n<!-- \/ Yoast SEO plugin. -->","yoast_head_json":{"title":"STAR WARS\u2122: UNLIMITEDCASUAL ALBUM 18-POCKET - GAMEGENIC - Ingenious Supplies","description":"The officially licensed Star\u00a0Wars\u2122: Unlimited Casual 18-Pocket Album is a great way to collect and organize your valuable Star\u00a0Wars\u2122: Unlimited cards. The Casual 18-Pocket Album has a colorful cover featuring high-quality, iconic full-art prints from the game. It holds 20 pages with 18 side-loading pockets each, for a total capacity of 360 cards (even double-sleeved). Black pages and strap complete the overall classy look. The extra-wide elastic strap with reinforced stitching safely closes the album. Available in two vibrant designs.","robots":{"index":"index","follow":"follow","max-snippet":"max-snippet:-1","max-image-preview":"max-image-preview:large","max-video-preview":"max-video-preview:-1"},"canonical":"https:\/\/www.gamegenic.com\/de\/produkt\/star-wars-unlimited-law-casual-album-18-pocket\/","og_locale":"de_DE","og_type":"article","og_title":"Star Wars\u2122: Unlimited - CASUAL ALBUM","og_description":"The officially licensed Star\u00a0Wars\u2122: Unlimited Casual 18-Pocket Album is a great way to collect and organize your valuable Star\u00a0Wars\u2122: Unlimited cards. The Casual 18-Pocket Album has a colorful cover featuring high-quality, iconic full-art prints from the game. It holds 20 pages with 18 side-loading pockets each, for a total capacity of 360 cards (even double-sleeved). Black pages and strap complete the overall classy look. The extra-wide elastic strap with reinforced stitching safely closes the album. Available in two vibrant designs.","og_url":"https:\/\/www.gamegenic.com\/de\/produkt\/star-wars-unlimited-law-casual-album-18-pocket\/","og_site_name":"GAMEGENIC - Ingenious Supplies","article_publisher":"https:\/\/www.facebook.com\/GamegenicSupplies\/","article_modified_time":"2026-04-27T14:05:07+00:00","og_image":[{"width":1200,"height":1200,"url":"https:\/\/www.gamegenic.com\/wp-content\/uploads\/2026\/02\/GG_SWU_Casual_18er_Darth_Vader_0008_zv2jryTVa.jpg","type":"image\/jpeg"}],"twitter_card":"summary_large_image","twitter_title":"Star Wars\u2122: Unlimited - CASUAL ALBUM","twitter_description":"The officially licensed Star\u00a0Wars\u2122: Unlimited Casual 18-Pocket Album is a great way to collect and organize your valuable Star\u00a0Wars\u2122: Unlimited cards. The Casual 18-Pocket Album has a colorful cover featuring high-quality, iconic full-art prints from the game. It holds 20 pages with 18 side-loading pockets each, for a total capacity of 360 cards (even double-sleeved). Black pages and strap complete the overall classy look. The extra-wide elastic strap with reinforced stitching safely closes the album. Available in two vibrant designs.","twitter_site":"@Gamegenic_","twitter_misc":{"Gesch\u00e4tzte Lesezeit":"1\u00a0Minute"},"schema":{"@context":"https:\/\/schema.org","@graph":[{"@type":"WebPage","@id":"https:\/\/www.gamegenic.com\/de\/produkt\/star-wars-unlimited-law-casual-album-18-pocket\/","url":"https:\/\/www.gamegenic.com\/de\/produkt\/star-wars-unlimited-law-casual-album-18-pocket\/","name":"STAR WARS\u2122: UNLIMITED CASUAL ALBUM 18-POCKET - GAMEGENIC - Ingenious Supplies","isPartOf":{"@id":"https:\/\/www.gamegenic.com\/de\/#website"},"primaryImageOfPage":{"@id":"https:\/\/www.gamegenic.com\/de\/produkt\/star-wars-unlimited-law-casual-album-18-pocket\/#primaryimage"},"image":{"@id":"https:\/\/www.gamegenic.com\/de\/produkt\/star-wars-unlimited-law-casual-album-18-pocket\/#primaryimage"},"thumbnailUrl":"https:\/\/www.gamegenic.com\/wp-content\/uploads\/2026\/02\/GG_SWU_Casual_18er_Darth_Vader_0008_zv2jryTVa.jpg","datePublished":"2026-03-09T16:33:37+00:00","dateModified":"2026-04-27T14:05:07+00:00","description":"The officially licensed Star\u00a0Wars\u2122: Unlimited Casual 18-Pocket Album is a great way to collect and organize your valuable Star\u00a0Wars\u2122: Unlimited cards. The Casual 18-Pocket Album has a colorful cover featuring high-quality, iconic full-art prints from the game. It holds 20 pages with 18 side-loading pockets each, for a total capacity of 360 cards (even double-sleeved). Black pages and strap complete the overall classy look. The extra-wide elastic strap with reinforced stitching safely closes the album. Available in two vibrant designs.","breadcrumb":{"@id":"https:\/\/www.gamegenic.com\/de\/produkt\/star-wars-unlimited-law-casual-album-18-pocket\/#breadcrumb"},"inLanguage":"de","potentialAction":[{"@type":"ReadAction","target":["https:\/\/www.gamegenic.com\/de\/produkt\/star-wars-unlimited-law-casual-album-18-pocket\/"]}]},{"@type":"ImageObject","inLanguage":"de","@id":"https:\/\/www.gamegenic.com\/de\/produkt\/star-wars-unlimited-law-casual-album-18-pocket\/#primaryimage","url":"https:\/\/www.gamegenic.com\/wp-content\/uploads\/2026\/02\/GG_SWU_Casual_18er_Darth_Vader_0008_zv2jryTVa.jpg","contentUrl":"https:\/\/www.gamegenic.com\/wp-content\/uploads\/2026\/02\/GG_SWU_Casual_18er_Darth_Vader_0008_zv2jryTVa.jpg","width":1200,"height":1200,"caption":"CASUAL ALBUM 18-POCKET - Darth Vader Unstoppable"},{"@type":"BreadcrumbList","@id":"https:\/\/www.gamegenic.com\/de\/produkt\/star-wars-unlimited-law-casual-album-18-pocket\/#breadcrumb","itemListElement":[{"@type":"ListItem","position":1,"name":"Home","item":"https:\/\/www.gamegenic.com\/de\/"},{"@type":"ListItem","position":2,"name":"Shop","item":"https:\/\/www.gamegenic.com\/de\/shop\/"},{"@type":"ListItem","position":3,"name":"STAR WARS\u2122: UNLIMITEDCASUAL ALBUM 18-POCKET"}]},{"@type":"WebSite","@id":"https:\/\/www.gamegenic.com\/de\/#website","url":"https:\/\/www.gamegenic.com\/de\/","name":"GAMEGENIC - Ingenious Supplies","description":"","publisher":{"@id":"https:\/\/www.gamegenic.com\/de\/#organization"},"potentialAction":[{"@type":"SearchAction","target":{"@type":"EntryPoint","urlTemplate":"https:\/\/www.gamegenic.com\/de\/?s={search_term_string}"},"query-input":{"@type":"PropertyValueSpecification","valueRequired":true,"valueName":"search_term_string"}}],"inLanguage":"de"},{"@type":"Organization","@id":"https:\/\/www.gamegenic.com\/de\/#organization","name":"Gamegenic GmbH","url":"https:\/\/www.gamegenic.com\/de\/","logo":{"@type":"ImageObject","inLanguage":"de","@id":"https:\/\/www.gamegenic.com\/de\/#\/schema\/logo\/image\/","url":"https:\/\/www.gamegenic.com\/wp-content\/uploads\/Gamegenic-Logo-FINAL.jpg","contentUrl":"https:\/\/www.gamegenic.com\/wp-content\/uploads\/Gamegenic-Logo-FINAL.jpg","width":3507,"height":2480,"caption":"Gamegenic GmbH"},"image":{"@id":"https:\/\/www.gamegenic.com\/de\/#\/schema\/logo\/image\/"},"sameAs":["https:\/\/www.facebook.com\/GamegenicSupplies\/","https:\/\/x.com\/Gamegenic_","https:\/\/www.instagram.com\/gamegenicsupplies\/","https:\/\/www.youtube.com\/channel\/UCgmMXQPjjWW-Zy9ceMH6oGw"]}]}},"_links":{"self":[{"href":"https:\/\/www.gamegenic.com\/de\/wp-json\/wp\/v2\/product\/45548","targetHints":{"allow":["GET"]}}],"collection":[{"href":"https:\/\/www.gamegenic.com\/de\/wp-json\/wp\/v2\/product"}],"about":[{"href":"https:\/\/www.gamegenic.com\/de\/wp-json\/wp\/v2\/types\/product"}],"wp:featuredmedia":[{"embeddable":true,"href":"https:\/\/www.gamegenic.com\/de\/wp-json\/wp\/v2\/media\/44050"}],"wp:attachment":[{"href":"https:\/\/www.gamegenic.com\/de\/wp-json\/wp\/v2\/media?parent=45548"}],"wp:term":[{"taxonomy":"product_brand","embeddable":true,"href":"https:\/\/www.gamegenic.com\/de\/wp-json\/wp\/v2\/product_brand?post=45548"},{"taxonomy":"product_cat","embeddable":true,"href":"https:\/\/www.gamegenic.com\/de\/wp-json\/wp\/v2\/product_cat?post=45548"},{"taxonomy":"product_tag","embeddable":true,"href":"https:\/\/www.gamegenic.com\/de\/wp-json\/wp\/v2\/product_tag?post=45548"}],"curies":[{"name":"wp","href":"https:\/\/api.w.org\/{rel}","templated":true}]}}