{"id":44702,"date":"2026-03-05T12:15:04","date_gmt":"2026-03-05T11:15:04","guid":{"rendered":"https:\/\/www.gamegenic.com\/?post_type=product&#038;p=44702"},"modified":"2026-03-18T14:25:32","modified_gmt":"2026-03-18T13:25:32","slug":"take-time-game-mat","status":"publish","type":"product","link":"https:\/\/www.gamegenic.com\/de\/produkt\/take-time-game-mat\/","title":{"rendered":"<span class=\"sub_headline\">TAKE TIME\u2122<\/span><br>GAME MAT"},"content":{"rendered":"<p><div class=\"fusion-fullwidth fullwidth-box fusion-builder-row-1 fusion-flex-container nonhundred-percent-fullwidth non-hundred-percent-height-scrolling\" style=\"--awb-border-radius-top-left:0px;--awb-border-radius-top-right:0px;--awb-border-radius-bottom-right:0px;--awb-border-radius-bottom-left:0px;--awb-flex-wrap:wrap;\" ><div class=\"fusion-builder-row fusion-row fusion-flex-align-items-flex-start fusion-flex-content-wrap\" style=\"max-width:1248px;margin-left: calc(-4% \/ 2 );margin-right: calc(-4% \/ 2 );\"><div class=\"fusion-layout-column fusion_builder_column fusion-builder-column-0 fusion_builder_column_1_1 1_1 fusion-flex-column\" style=\"--awb-bg-size:cover;--awb-width-large:100%;--awb-margin-top-large:0px;--awb-spacing-right-large:1.92%;--awb-margin-bottom-large:0px;--awb-spacing-left-large:1.92%;--awb-width-medium:100%;--awb-spacing-right-medium:1.92%;--awb-spacing-left-medium:1.92%;--awb-width-small:100%;--awb-spacing-right-small:1.92%;--awb-spacing-left-small:1.92%;\"><div class=\"fusion-column-wrapper fusion-flex-justify-content-flex-start fusion-content-layout-column\"><\/div><\/div><\/div><\/div><div class=\"fusion-fullwidth fullwidth-box fusion-builder-row-2 nonhundred-percent-fullwidth non-hundred-percent-height-scrolling gg-summary gg-position\" style=\"--awb-border-radius-top-left:0px;--awb-border-radius-top-right:0px;--awb-border-radius-bottom-right:0px;--awb-border-radius-bottom-left:0px;--awb-flex-wrap:wrap;\" id=\"gg-anker\" ><div class=\"fusion-builder-row fusion-row\"><div class=\"fusion-layout-column fusion_builder_column fusion-builder-column-1 fusion_builder_column_1_2 1_2 fusion-one-half fusion-column-first gg-features\" style=\"--awb-bg-size:cover;width:50%;width:calc(50% - ( ( 60px ) * 0.5 ) );margin-right: 60px;\"><div class=\"fusion-column-wrapper fusion-column-has-shadow fusion-flex-column-wrapper-legacy\"><div class=\"fusion-text fusion-text-1\"><h2>FEATURES<\/h2>\n<ul>\n<li>Offiziell lizenziertes Produkt f\u00fcr Take Time\u2122<\/li>\n<li>Runde Spielmatte, die perfekt zur Spielmechanik passt<\/li>\n<li>Festgelegte Zonen f\u00fcr Karten<\/li>\n<li>NEU! Mit Goldfolie veredelte Elemente und Logo auf der Spielmatte<\/li>\n<li>Flache, hochwertig gestickte Naht: verhindert, dass die Karten am Saum h\u00e4ngen bleiben<\/li>\n<li>Weiche Spielmatte mit einer angenehmen Dicke von 2 mm<\/li>\n<li>Besonders feine Oberfl\u00e4che und rutschfeste R\u00fcckseite<\/li>\n<li>Aus Naturkautschuk hergestellt<\/li>\n<\/ul>\n<\/div><div class=\"fusion-clearfix\"><\/div><\/div><\/div><div class=\"fusion-layout-column fusion_builder_column fusion-builder-column-2 fusion_builder_column_1_2 1_2 fusion-one-half fusion-column-last\" style=\"--awb-bg-size:cover;width:50%;width:calc(50% - ( ( 60px ) * 0.5 ) );\"><div class=\"fusion-column-wrapper fusion-column-has-shadow fusion-flex-column-wrapper-legacy\">\n<h2>SPEZIFIKATIONEN<\/h2>\n<div class=\"table-2\">\n<table style=\"width: 98.5516%;\">\n<tbody>\n<tr style=\"height: 48px;\">\n<td style=\"height: 48px;\" align=\"left\">Produktgr\u00f6\u00dfe<\/td>\n<td style=\"height: 48px;\" align=\"left\">\u00d8 47 cm<\/td>\n<\/tr>\n<tr>\n<td style=\"vertical-align: top;\" align=\"left\">Material<\/td>\n<td style=\"vertical-align: top;\" align=\"left\">Naturkautschuk<\/td>\n<\/tr>\n<tr style=\"height: 24px;\">\n<td style=\"height: 24px;\" align=\"left\">Verpackungsart<\/td>\n<td style=\"height: 24px;\" align=\"left\">Karton<\/td>\n<\/tr>\n<\/tbody>\n<\/table>\n<\/div>\n<h2 style=\"margin-top:60px\">UPE<i data-tooltip=\"\u00dcber diese Webseite k\u00f6nnen keine K\u00e4ufe get\u00e4tigt werden. Alle aufgef\u00fchrten Preise sind UPE (Unverbindliche Preisempfehlung) des Herstellers in EUR (inkl. MwSt.) oder USD (ohne MwSt.). M\u00f6glicherweise anfallende Lieferkosten sind nicht enthalten. Die angegebenen Preise sind nicht bindend und k\u00f6nnen als Empfehlung behandelt werden.\" class=\"fas fa-info-circle gg-tooltip\">\uf05a<\/i><\/h2>\n<form action=\"\" method=\"post\" id=\"alg_currency_selector\"><select name=\"alg_currency\" id=\"alg_currency_select\" class=\"alg_currency_select\" onchange=\"this.form.submit()\"><option id=\"alg_currency_USD\" value=\"USD\" >USD<\/option><option id=\"alg_currency_EUR\" value=\"EUR\"  selected='selected'>EUR<\/option><option id=\"alg_currency_CAD\" value=\"CAD\" >U.S.-USD<\/option><\/select><noscript><input type=\"submit\" value=\"Refresh\"><\/noscript><\/form>\n<span class=\"woocommerce-Price-amount amount\"><bdi><span class=\"woocommerce-Price-currencySymbol\">EUR<\/span>&nbsp;24,99<\/bdi><\/span>\n\n<div class=\"fusion-alignleft\"><a class=\"fusion-button button-flat fusion-button-default-size button-default fusion-button-default button-1 fusion-button-default-span fusion-button-default-type shopfinder-button\" target=\"_blank\" rel=\"noopener noreferrer\" href=\"https:\/\/www.gamegenic.com\/de\/shopfinder\/\"><i class=\"fa-globe-americas fas awb-button__icon awb-button__icon--default button-icon-left\" aria-hidden=\"true\"><\/i><span class=\"fusion-button-text awb-button__text awb-button__text--default\">Shop Suche<\/span><\/a><\/div>\n<div class=\"fusion-clearfix\"><\/div><\/div><\/div><\/div><\/div><\/p>\n","protected":false},"excerpt":{"rendered":"<p><strong>Diese hochwertig vollfarbig bedruckte und offiziell lizenzierte Take Time\u2122 Game Mat ist ein unverzichtbares Zubeh\u00f6r f\u00fcr jeden Fan des Spiels.<br \/>\n<\/strong>Die weich gepolsterte Matte verf\u00fcgt \u00fcber speziell markierte Bereiche zum Ablegen von Karten. Sie besticht durch einen wundersch\u00f6nen, farbenfrohen Druck. Um das hochwertige Design weiter zu veredeln, ist die Matte mit goldfarbenen folierten Elementen und dem Take Time-Logo verziert.<br \/>\nDie einzigartige Gr\u00f6\u00dfe von \u00d8 47 cm bietet w\u00e4hrend des Spiels eine sichere Unterlage f\u00fcr alle Karten. Jede Matte ist mit einer ultrafeinen, 2 mm dicken Oberfl\u00e4che sowie einer rutschfesten R\u00fcckseite ausgestattet, die w\u00e4hrend des Spielens f\u00fcr einen sicheren Halt sorgt.<\/p>\n","protected":false},"featured_media":44720,"template":"","meta":[],"product_brand":[],"product_cat":[264,273,271,1337],"product_tag":[],"class_list":{"0":"post-44702","1":"product","2":"type-product","3":"status-publish","4":"has-post-thumbnail","6":"product_cat-gaming-accessories-de","7":"product_cat-license-de","8":"product_cat-playmats-tubes-de","9":"product_cat-take-time","11":"first","12":"instock","13":"shipping-taxable","14":"purchasable","15":"product-type-variable","16":"has-default-attributes","17":"wvs-archive-product-wrapper"},"yoast_head":"<!-- This site is optimized with the Yoast SEO plugin v27.3 - https:\/\/yoast.com\/product\/yoast-seo-wordpress\/ -->\n<title>TAKE TIME\u2122GAME MAT - GAMEGENIC - Ingenious Supplies<\/title>\n<meta name=\"description\" content=\"Diese hochwertig vollfarbig bedruckte und offiziell lizenzierte Take Time\u2122 Game Mat ist ein unverzichtbares Zubeh\u00f6r f\u00fcr jeden Fan des Spiels.Die weich gepolsterte Matte verf\u00fcgt \u00fcber speziell markierte Bereiche zum Ablegen von Karten. Sie besticht durch einen wundersch\u00f6nen, farbenfrohen Druck. Um das hochwertige Design weiter zu veredeln, ist die Matte mit goldfarbenen folierten Elementen und dem Take Time-Logo verziert.Die einzigartige Gr\u00f6\u00dfe von \u00d8 47 cm bietet w\u00e4hrend des Spiels eine sichere Unterlage f\u00fcr alle Karten. Jede Matte ist mit einer ultrafeinen, 2 mm dicken Oberfl\u00e4che sowie einer rutschfesten R\u00fcckseite ausgestattet, die w\u00e4hrend des Spielens f\u00fcr einen sicheren Halt sorgt.\" \/>\n<meta name=\"robots\" content=\"index, follow, max-snippet:-1, max-image-preview:large, max-video-preview:-1\" \/>\n<link rel=\"canonical\" href=\"https:\/\/www.gamegenic.com\/de\/produkt\/take-time-game-mat\/\" \/>\n<meta property=\"og:locale\" content=\"de_DE\" \/>\n<meta property=\"og:type\" content=\"article\" \/>\n<meta property=\"og:title\" content=\"Take Time\u2122 - Game Mat\" \/>\n<meta property=\"og:description\" content=\"Diese hochwertig vollfarbig bedruckte und offiziell lizenzierte Take Time\u2122 Game Mat ist ein unverzichtbares Zubeh\u00f6r f\u00fcr jeden Fan des Spiels.Die weich gepolsterte Matte verf\u00fcgt \u00fcber speziell markierte Bereiche zum Ablegen von Karten. Sie besticht durch einen wundersch\u00f6nen, farbenfrohen Druck. Um das hochwertige Design weiter zu veredeln, ist die Matte mit goldfarbenen folierten Elementen und dem Take Time-Logo verziert.Die einzigartige Gr\u00f6\u00dfe von \u00d8 47 cm bietet w\u00e4hrend des Spiels eine sichere Unterlage f\u00fcr alle Karten. Jede Matte ist mit einer ultrafeinen, 2 mm dicken Oberfl\u00e4che sowie einer rutschfesten R\u00fcckseite ausgestattet, die w\u00e4hrend des Spielens f\u00fcr einen sicheren Halt sorgt.\" \/>\n<meta property=\"og:url\" content=\"https:\/\/www.gamegenic.com\/de\/produkt\/take-time-game-mat\/\" \/>\n<meta property=\"og:site_name\" content=\"GAMEGENIC - Ingenious Supplies\" \/>\n<meta property=\"article:publisher\" content=\"https:\/\/www.facebook.com\/GamegenicSupplies\/\" \/>\n<meta property=\"article:modified_time\" content=\"2026-03-18T13:25:32+00:00\" \/>\n<meta property=\"og:image\" content=\"https:\/\/www.gamegenic.com\/wp-content\/uploads\/2026\/03\/GG-Take-Time-Playmat-0000_icWeoNX8n.jpg\" \/>\n\t<meta property=\"og:image:width\" content=\"1200\" \/>\n\t<meta property=\"og:image:height\" content=\"1200\" \/>\n\t<meta property=\"og:image:type\" content=\"image\/jpeg\" \/>\n<meta name=\"twitter:card\" content=\"summary_large_image\" \/>\n<meta name=\"twitter:title\" content=\"Take Time\u2122 - Game Mat\" \/>\n<meta name=\"twitter:description\" content=\"Diese hochwertig vollfarbig bedruckte und offiziell lizenzierte Take Time\u2122 Game Mat ist ein unverzichtbares Zubeh\u00f6r f\u00fcr jeden Fan des Spiels.Die weich gepolsterte Matte verf\u00fcgt \u00fcber speziell markierte Bereiche zum Ablegen von Karten. Sie besticht durch einen wundersch\u00f6nen, farbenfrohen Druck. Um das hochwertige Design weiter zu veredeln, ist die Matte mit goldfarbenen folierten Elementen und dem Take Time-Logo verziert.Die einzigartige Gr\u00f6\u00dfe von \u00d8 47 cm bietet w\u00e4hrend des Spiels eine sichere Unterlage f\u00fcr alle Karten. Jede Matte ist mit einer ultrafeinen, 2 mm dicken Oberfl\u00e4che sowie einer rutschfesten R\u00fcckseite ausgestattet, die w\u00e4hrend des Spielens f\u00fcr einen sicheren Halt sorgt.\" \/>\n<meta name=\"twitter:site\" content=\"@Gamegenic_\" \/>\n<meta name=\"twitter:label1\" content=\"Gesch\u00e4tzte Lesezeit\" \/>\n\t<meta name=\"twitter:data1\" content=\"1\u00a0Minute\" \/>\n<script type=\"application\/ld+json\" class=\"yoast-schema-graph\">{\"@context\":\"https:\\\/\\\/schema.org\",\"@graph\":[{\"@type\":\"WebPage\",\"@id\":\"https:\\\/\\\/www.gamegenic.com\\\/de\\\/produkt\\\/take-time-game-mat\\\/\",\"url\":\"https:\\\/\\\/www.gamegenic.com\\\/de\\\/produkt\\\/take-time-game-mat\\\/\",\"name\":\"TAKE TIME\u2122 GAME MAT - GAMEGENIC - Ingenious Supplies\",\"isPartOf\":{\"@id\":\"https:\\\/\\\/www.gamegenic.com\\\/de\\\/#website\"},\"primaryImageOfPage\":{\"@id\":\"https:\\\/\\\/www.gamegenic.com\\\/de\\\/produkt\\\/take-time-game-mat\\\/#primaryimage\"},\"image\":{\"@id\":\"https:\\\/\\\/www.gamegenic.com\\\/de\\\/produkt\\\/take-time-game-mat\\\/#primaryimage\"},\"thumbnailUrl\":\"https:\\\/\\\/www.gamegenic.com\\\/wp-content\\\/uploads\\\/2026\\\/03\\\/GG-Take-Time-Playmat-0000_icWeoNX8n.jpg\",\"datePublished\":\"2026-03-05T11:15:04+00:00\",\"dateModified\":\"2026-03-18T13:25:32+00:00\",\"description\":\"Diese hochwertig vollfarbig bedruckte und offiziell lizenzierte Take Time\u2122 Game Mat ist ein unverzichtbares Zubeh\u00f6r f\u00fcr jeden Fan des Spiels.Die weich gepolsterte Matte verf\u00fcgt \u00fcber speziell markierte Bereiche zum Ablegen von Karten. Sie besticht durch einen wundersch\u00f6nen, farbenfrohen Druck. Um das hochwertige Design weiter zu veredeln, ist die Matte mit goldfarbenen folierten Elementen und dem Take Time-Logo verziert.Die einzigartige Gr\u00f6\u00dfe von \u00d8 47 cm bietet w\u00e4hrend des Spiels eine sichere Unterlage f\u00fcr alle Karten. Jede Matte ist mit einer ultrafeinen, 2 mm dicken Oberfl\u00e4che sowie einer rutschfesten R\u00fcckseite ausgestattet, die w\u00e4hrend des Spielens f\u00fcr einen sicheren Halt sorgt.\",\"breadcrumb\":{\"@id\":\"https:\\\/\\\/www.gamegenic.com\\\/de\\\/produkt\\\/take-time-game-mat\\\/#breadcrumb\"},\"inLanguage\":\"de\",\"potentialAction\":[{\"@type\":\"ReadAction\",\"target\":[\"https:\\\/\\\/www.gamegenic.com\\\/de\\\/produkt\\\/take-time-game-mat\\\/\"]}]},{\"@type\":\"ImageObject\",\"inLanguage\":\"de\",\"@id\":\"https:\\\/\\\/www.gamegenic.com\\\/de\\\/produkt\\\/take-time-game-mat\\\/#primaryimage\",\"url\":\"https:\\\/\\\/www.gamegenic.com\\\/wp-content\\\/uploads\\\/2026\\\/03\\\/GG-Take-Time-Playmat-0000_icWeoNX8n.jpg\",\"contentUrl\":\"https:\\\/\\\/www.gamegenic.com\\\/wp-content\\\/uploads\\\/2026\\\/03\\\/GG-Take-Time-Playmat-0000_icWeoNX8n.jpg\",\"width\":1200,\"height\":1200,\"caption\":\"Take Time - Premium Game Mat\"},{\"@type\":\"BreadcrumbList\",\"@id\":\"https:\\\/\\\/www.gamegenic.com\\\/de\\\/produkt\\\/take-time-game-mat\\\/#breadcrumb\",\"itemListElement\":[{\"@type\":\"ListItem\",\"position\":1,\"name\":\"Home\",\"item\":\"https:\\\/\\\/www.gamegenic.com\\\/de\\\/\"},{\"@type\":\"ListItem\",\"position\":2,\"name\":\"Shop\",\"item\":\"https:\\\/\\\/www.gamegenic.com\\\/de\\\/shop\\\/\"},{\"@type\":\"ListItem\",\"position\":3,\"name\":\"TAKE TIME\u2122GAME MAT\"}]},{\"@type\":\"WebSite\",\"@id\":\"https:\\\/\\\/www.gamegenic.com\\\/de\\\/#website\",\"url\":\"https:\\\/\\\/www.gamegenic.com\\\/de\\\/\",\"name\":\"GAMEGENIC - Ingenious Supplies\",\"description\":\"\",\"publisher\":{\"@id\":\"https:\\\/\\\/www.gamegenic.com\\\/de\\\/#organization\"},\"potentialAction\":[{\"@type\":\"SearchAction\",\"target\":{\"@type\":\"EntryPoint\",\"urlTemplate\":\"https:\\\/\\\/www.gamegenic.com\\\/de\\\/?s={search_term_string}\"},\"query-input\":{\"@type\":\"PropertyValueSpecification\",\"valueRequired\":true,\"valueName\":\"search_term_string\"}}],\"inLanguage\":\"de\"},{\"@type\":\"Organization\",\"@id\":\"https:\\\/\\\/www.gamegenic.com\\\/de\\\/#organization\",\"name\":\"Gamegenic GmbH\",\"url\":\"https:\\\/\\\/www.gamegenic.com\\\/de\\\/\",\"logo\":{\"@type\":\"ImageObject\",\"inLanguage\":\"de\",\"@id\":\"https:\\\/\\\/www.gamegenic.com\\\/de\\\/#\\\/schema\\\/logo\\\/image\\\/\",\"url\":\"https:\\\/\\\/www.gamegenic.com\\\/wp-content\\\/uploads\\\/Gamegenic-Logo-FINAL.jpg\",\"contentUrl\":\"https:\\\/\\\/www.gamegenic.com\\\/wp-content\\\/uploads\\\/Gamegenic-Logo-FINAL.jpg\",\"width\":3507,\"height\":2480,\"caption\":\"Gamegenic GmbH\"},\"image\":{\"@id\":\"https:\\\/\\\/www.gamegenic.com\\\/de\\\/#\\\/schema\\\/logo\\\/image\\\/\"},\"sameAs\":[\"https:\\\/\\\/www.facebook.com\\\/GamegenicSupplies\\\/\",\"https:\\\/\\\/x.com\\\/Gamegenic_\",\"https:\\\/\\\/www.instagram.com\\\/gamegenicsupplies\\\/\",\"https:\\\/\\\/www.youtube.com\\\/channel\\\/UCgmMXQPjjWW-Zy9ceMH6oGw\"]}]}<\/script>\n<!-- \/ Yoast SEO plugin. -->","yoast_head_json":{"title":"TAKE TIME\u2122GAME MAT - GAMEGENIC - Ingenious Supplies","description":"Diese hochwertig vollfarbig bedruckte und offiziell lizenzierte Take Time\u2122 Game Mat ist ein unverzichtbares Zubeh\u00f6r f\u00fcr jeden Fan des Spiels.Die weich gepolsterte Matte verf\u00fcgt \u00fcber speziell markierte Bereiche zum Ablegen von Karten. Sie besticht durch einen wundersch\u00f6nen, farbenfrohen Druck. Um das hochwertige Design weiter zu veredeln, ist die Matte mit goldfarbenen folierten Elementen und dem Take Time-Logo verziert.Die einzigartige Gr\u00f6\u00dfe von \u00d8 47 cm bietet w\u00e4hrend des Spiels eine sichere Unterlage f\u00fcr alle Karten. Jede Matte ist mit einer ultrafeinen, 2 mm dicken Oberfl\u00e4che sowie einer rutschfesten R\u00fcckseite ausgestattet, die w\u00e4hrend des Spielens f\u00fcr einen sicheren Halt sorgt.","robots":{"index":"index","follow":"follow","max-snippet":"max-snippet:-1","max-image-preview":"max-image-preview:large","max-video-preview":"max-video-preview:-1"},"canonical":"https:\/\/www.gamegenic.com\/de\/produkt\/take-time-game-mat\/","og_locale":"de_DE","og_type":"article","og_title":"Take Time\u2122 - Game Mat","og_description":"Diese hochwertig vollfarbig bedruckte und offiziell lizenzierte Take Time\u2122 Game Mat ist ein unverzichtbares Zubeh\u00f6r f\u00fcr jeden Fan des Spiels.Die weich gepolsterte Matte verf\u00fcgt \u00fcber speziell markierte Bereiche zum Ablegen von Karten. Sie besticht durch einen wundersch\u00f6nen, farbenfrohen Druck. Um das hochwertige Design weiter zu veredeln, ist die Matte mit goldfarbenen folierten Elementen und dem Take Time-Logo verziert.Die einzigartige Gr\u00f6\u00dfe von \u00d8 47 cm bietet w\u00e4hrend des Spiels eine sichere Unterlage f\u00fcr alle Karten. Jede Matte ist mit einer ultrafeinen, 2 mm dicken Oberfl\u00e4che sowie einer rutschfesten R\u00fcckseite ausgestattet, die w\u00e4hrend des Spielens f\u00fcr einen sicheren Halt sorgt.","og_url":"https:\/\/www.gamegenic.com\/de\/produkt\/take-time-game-mat\/","og_site_name":"GAMEGENIC - Ingenious Supplies","article_publisher":"https:\/\/www.facebook.com\/GamegenicSupplies\/","article_modified_time":"2026-03-18T13:25:32+00:00","og_image":[{"width":1200,"height":1200,"url":"https:\/\/www.gamegenic.com\/wp-content\/uploads\/2026\/03\/GG-Take-Time-Playmat-0000_icWeoNX8n.jpg","type":"image\/jpeg"}],"twitter_card":"summary_large_image","twitter_title":"Take Time\u2122 - Game Mat","twitter_description":"Diese hochwertig vollfarbig bedruckte und offiziell lizenzierte Take Time\u2122 Game Mat ist ein unverzichtbares Zubeh\u00f6r f\u00fcr jeden Fan des Spiels.Die weich gepolsterte Matte verf\u00fcgt \u00fcber speziell markierte Bereiche zum Ablegen von Karten. Sie besticht durch einen wundersch\u00f6nen, farbenfrohen Druck. Um das hochwertige Design weiter zu veredeln, ist die Matte mit goldfarbenen folierten Elementen und dem Take Time-Logo verziert.Die einzigartige Gr\u00f6\u00dfe von \u00d8 47 cm bietet w\u00e4hrend des Spiels eine sichere Unterlage f\u00fcr alle Karten. Jede Matte ist mit einer ultrafeinen, 2 mm dicken Oberfl\u00e4che sowie einer rutschfesten R\u00fcckseite ausgestattet, die w\u00e4hrend des Spielens f\u00fcr einen sicheren Halt sorgt.","twitter_site":"@Gamegenic_","twitter_misc":{"Gesch\u00e4tzte Lesezeit":"1\u00a0Minute"},"schema":{"@context":"https:\/\/schema.org","@graph":[{"@type":"WebPage","@id":"https:\/\/www.gamegenic.com\/de\/produkt\/take-time-game-mat\/","url":"https:\/\/www.gamegenic.com\/de\/produkt\/take-time-game-mat\/","name":"TAKE TIME\u2122 GAME MAT - GAMEGENIC - Ingenious Supplies","isPartOf":{"@id":"https:\/\/www.gamegenic.com\/de\/#website"},"primaryImageOfPage":{"@id":"https:\/\/www.gamegenic.com\/de\/produkt\/take-time-game-mat\/#primaryimage"},"image":{"@id":"https:\/\/www.gamegenic.com\/de\/produkt\/take-time-game-mat\/#primaryimage"},"thumbnailUrl":"https:\/\/www.gamegenic.com\/wp-content\/uploads\/2026\/03\/GG-Take-Time-Playmat-0000_icWeoNX8n.jpg","datePublished":"2026-03-05T11:15:04+00:00","dateModified":"2026-03-18T13:25:32+00:00","description":"Diese hochwertig vollfarbig bedruckte und offiziell lizenzierte Take Time\u2122 Game Mat ist ein unverzichtbares Zubeh\u00f6r f\u00fcr jeden Fan des Spiels.Die weich gepolsterte Matte verf\u00fcgt \u00fcber speziell markierte Bereiche zum Ablegen von Karten. Sie besticht durch einen wundersch\u00f6nen, farbenfrohen Druck. Um das hochwertige Design weiter zu veredeln, ist die Matte mit goldfarbenen folierten Elementen und dem Take Time-Logo verziert.Die einzigartige Gr\u00f6\u00dfe von \u00d8 47 cm bietet w\u00e4hrend des Spiels eine sichere Unterlage f\u00fcr alle Karten. Jede Matte ist mit einer ultrafeinen, 2 mm dicken Oberfl\u00e4che sowie einer rutschfesten R\u00fcckseite ausgestattet, die w\u00e4hrend des Spielens f\u00fcr einen sicheren Halt sorgt.","breadcrumb":{"@id":"https:\/\/www.gamegenic.com\/de\/produkt\/take-time-game-mat\/#breadcrumb"},"inLanguage":"de","potentialAction":[{"@type":"ReadAction","target":["https:\/\/www.gamegenic.com\/de\/produkt\/take-time-game-mat\/"]}]},{"@type":"ImageObject","inLanguage":"de","@id":"https:\/\/www.gamegenic.com\/de\/produkt\/take-time-game-mat\/#primaryimage","url":"https:\/\/www.gamegenic.com\/wp-content\/uploads\/2026\/03\/GG-Take-Time-Playmat-0000_icWeoNX8n.jpg","contentUrl":"https:\/\/www.gamegenic.com\/wp-content\/uploads\/2026\/03\/GG-Take-Time-Playmat-0000_icWeoNX8n.jpg","width":1200,"height":1200,"caption":"Take Time - Premium Game Mat"},{"@type":"BreadcrumbList","@id":"https:\/\/www.gamegenic.com\/de\/produkt\/take-time-game-mat\/#breadcrumb","itemListElement":[{"@type":"ListItem","position":1,"name":"Home","item":"https:\/\/www.gamegenic.com\/de\/"},{"@type":"ListItem","position":2,"name":"Shop","item":"https:\/\/www.gamegenic.com\/de\/shop\/"},{"@type":"ListItem","position":3,"name":"TAKE TIME\u2122GAME MAT"}]},{"@type":"WebSite","@id":"https:\/\/www.gamegenic.com\/de\/#website","url":"https:\/\/www.gamegenic.com\/de\/","name":"GAMEGENIC - Ingenious Supplies","description":"","publisher":{"@id":"https:\/\/www.gamegenic.com\/de\/#organization"},"potentialAction":[{"@type":"SearchAction","target":{"@type":"EntryPoint","urlTemplate":"https:\/\/www.gamegenic.com\/de\/?s={search_term_string}"},"query-input":{"@type":"PropertyValueSpecification","valueRequired":true,"valueName":"search_term_string"}}],"inLanguage":"de"},{"@type":"Organization","@id":"https:\/\/www.gamegenic.com\/de\/#organization","name":"Gamegenic GmbH","url":"https:\/\/www.gamegenic.com\/de\/","logo":{"@type":"ImageObject","inLanguage":"de","@id":"https:\/\/www.gamegenic.com\/de\/#\/schema\/logo\/image\/","url":"https:\/\/www.gamegenic.com\/wp-content\/uploads\/Gamegenic-Logo-FINAL.jpg","contentUrl":"https:\/\/www.gamegenic.com\/wp-content\/uploads\/Gamegenic-Logo-FINAL.jpg","width":3507,"height":2480,"caption":"Gamegenic GmbH"},"image":{"@id":"https:\/\/www.gamegenic.com\/de\/#\/schema\/logo\/image\/"},"sameAs":["https:\/\/www.facebook.com\/GamegenicSupplies\/","https:\/\/x.com\/Gamegenic_","https:\/\/www.instagram.com\/gamegenicsupplies\/","https:\/\/www.youtube.com\/channel\/UCgmMXQPjjWW-Zy9ceMH6oGw"]}]}},"_links":{"self":[{"href":"https:\/\/www.gamegenic.com\/de\/wp-json\/wp\/v2\/product\/44702","targetHints":{"allow":["GET"]}}],"collection":[{"href":"https:\/\/www.gamegenic.com\/de\/wp-json\/wp\/v2\/product"}],"about":[{"href":"https:\/\/www.gamegenic.com\/de\/wp-json\/wp\/v2\/types\/product"}],"wp:featuredmedia":[{"embeddable":true,"href":"https:\/\/www.gamegenic.com\/de\/wp-json\/wp\/v2\/media\/44720"}],"wp:attachment":[{"href":"https:\/\/www.gamegenic.com\/de\/wp-json\/wp\/v2\/media?parent=44702"}],"wp:term":[{"taxonomy":"product_brand","embeddable":true,"href":"https:\/\/www.gamegenic.com\/de\/wp-json\/wp\/v2\/product_brand?post=44702"},{"taxonomy":"product_cat","embeddable":true,"href":"https:\/\/www.gamegenic.com\/de\/wp-json\/wp\/v2\/product_cat?post=44702"},{"taxonomy":"product_tag","embeddable":true,"href":"https:\/\/www.gamegenic.com\/de\/wp-json\/wp\/v2\/product_tag?post=44702"}],"curies":[{"name":"wp","href":"https:\/\/api.w.org\/{rel}","templated":true}]}}