{"id":35493,"date":"2024-07-24T08:30:46","date_gmt":"2024-07-02T07:08:46","guid":{"rendered":"https:\/\/www.gamegenic.com\/?post_type=product&#038;p=35493"},"modified":"2025-07-10T14:59:29","modified_gmt":"2025-07-10T12:59:29","slug":"sideloading-flex-card-dividers","status":"publish","type":"product","link":"https:\/\/www.gamegenic.com\/de\/produkt\/sideloading-flex-card-dividers\/","title":{"rendered":"SIDELOADING <br \/>FLEX CARD DIVIDERS"},"content":{"rendered":"<div class=\"fusion-fullwidth fullwidth-box fusion-builder-row-1 nonhundred-percent-fullwidth non-hundred-percent-height-scrolling gg-summary gg-position\" style=\"--awb-border-radius-top-left:0px;--awb-border-radius-top-right:0px;--awb-border-radius-bottom-right:0px;--awb-border-radius-bottom-left:0px;--awb-flex-wrap:wrap;\" id=\"gg-anker\" ><div class=\"fusion-builder-row fusion-row\"><div class=\"fusion-layout-column fusion_builder_column fusion-builder-column-0 fusion_builder_column_1_2 1_2 fusion-one-half fusion-column-first gg-features\" style=\"--awb-bg-size:cover;width:50%;width:calc(50% - ( ( 60px ) * 0.5 ) );margin-right: 60px;\"><div class=\"fusion-column-wrapper fusion-column-has-shadow fusion-flex-column-wrapper-legacy\"><div class=\"fusion-text fusion-text-1\"><h2>FEATURES<\/h2>\n<ul>\n<li>Enth\u00e4lt Kartentrenner in <strong>10 verschiedenen\u00a0Farben<\/strong><\/li>\n<li>10 verschiedene leuchtende Farben passend zu den Farben aller Deck\u00a0Holder oder Side\u00a0Holder<\/li>\n<li>INNOVATION: Faltbarer Reiter (Der wahrscheinlich erste Kartentrenner auf dem Markt, der wirklich Karten trennt!)<\/li>\n<li>Neues Design: Perfekt f\u00fcr Sideloader-Boxen<\/li>\n<li>Auch f\u00fcr Toploader-Boxen an der Seite faltbar<\/li>\n<li>Mit geeigneten Stiften und Markern beschriftbar<\/li>\n<li>Hergestellt aus widerstands\u00adf\u00e4higem Polypropylen<\/li>\n<li>S\u00e4urefrei. Kein PVC<\/li>\n<\/ul>\n<\/div><div class=\"fusion-clearfix\"><\/div><\/div><\/div><div class=\"fusion-layout-column fusion_builder_column fusion-builder-column-1 fusion_builder_column_1_2 1_2 fusion-one-half fusion-column-last\" style=\"--awb-bg-size:cover;width:50%;width:calc(50% - ( ( 60px ) * 0.5 ) );\"><div class=\"fusion-column-wrapper fusion-column-has-shadow fusion-flex-column-wrapper-legacy\">\n<h2>SPEZIFIKATIONEN<\/h2>\n<div class=\"table-2\">\n<table width=\"100%\">\n<tbody>\n<tr>\n<td align=\"left\">Produktgr\u00f6\u00dfe<\/td>\n<td align=\"left\">92 x 66 mm<\/td>\n<\/tr>\n<tr>\n<td style=\"vertical-align: top;\" align=\"left\">Material<\/td>\n<td align=\"left\">Polypropylen<\/td>\n<\/tr>\n<tr>\n<td align=\"left\">Verpackungsart<\/td>\n<td align=\"left\">Polypropylen-Beutel<\/td>\n<\/tr>\n<\/tbody>\n<\/table>\n<\/div>\n<h2 style=\"margin-top:60px\">UPE<i data-tooltip=\"\u00dcber diese Webseite k\u00f6nnen keine K\u00e4ufe get\u00e4tigt werden. Alle aufgef\u00fchrten Preise sind UPE (Unverbindliche Preisempfehlung) des Herstellers in EUR (inkl. MwSt.) oder USD (ohne MwSt.). M\u00f6glicherweise anfallende Lieferkosten sind nicht enthalten. Die angegebenen Preise sind nicht bindend und k\u00f6nnen als Empfehlung behandelt werden.\" class=\"fas fa-info-circle gg-tooltip\">\uf05a<\/i><\/h2>\n<form action=\"\" method=\"post\" id=\"alg_currency_selector\"><select name=\"alg_currency\" id=\"alg_currency_select\" class=\"alg_currency_select\" onchange=\"this.form.submit()\"><option id=\"alg_currency_USD\" value=\"USD\" >USD<\/option><option id=\"alg_currency_EUR\" value=\"EUR\"  selected='selected'>EUR<\/option><option id=\"alg_currency_CAD\" value=\"CAD\" >U.S.-USD<\/option><\/select><noscript><input type=\"submit\" value=\"Refresh\"><\/noscript><\/form>\n<span class=\"woocommerce-Price-amount amount\"><bdi><span class=\"woocommerce-Price-currencySymbol\">EUR<\/span>&nbsp;2,29<\/bdi><\/span>\n\n<div class=\"fusion-alignleft\"><a class=\"fusion-button button-flat fusion-button-default-size button-default fusion-button-default button-1 fusion-button-default-span fusion-button-default-type shopfinder-button\" target=\"_blank\" rel=\"noopener noreferrer\" href=\"https:\/\/www.gamegenic.com\/de\/shopfinder\/\"><i class=\"fa-globe-americas fas awb-button__icon awb-button__icon--default button-icon-left\" aria-hidden=\"true\"><\/i><span class=\"fusion-button-text awb-button__text awb-button__text--default\">Shop Suche<\/span><\/a><\/div>\n<div class=\"fusion-clearfix\"><\/div><\/div><\/div><\/div><\/div>\n","protected":false},"excerpt":{"rendered":"<p><strong>Aufgrund der hohen Nachfrage ist unser beliebter Flex Card Divider jetzt in einer zus\u00e4tzlichen Version erh\u00e4ltlich!<\/strong><br \/>\nDer brandneue Sideloading Flex Card Divider ist ein robuster, wiederstandsf\u00e4higer Kartentrenner, der in fast jeder Sideloading-Deckbox f\u00fcr Ordnung sorgt. Jede Packung enth\u00e4lt 10 verschiedene leuchtende Farben, f\u00fcr ein Maximum an Organisationsm\u00f6glichkeiten. Die faltbare Registerlasche ragt aus den Karten herausragt und bietet so eine bessere Sichtbarkeit. Die flexible Faltlinie sorgt daf\u00fcr, dass die Box geschlossen werden kann. Die Registerlasche wird einfach zur Seite geklappt und entfaltet sich, wenn die Box wieder ge\u00f6ffnet wird.<\/p>\n","protected":false},"featured_media":35500,"template":"","meta":[],"product_brand":[],"product_cat":[240,241,459],"product_tag":[],"class_list":{"0":"post-35493","1":"product","2":"type-product","3":"status-publish","4":"has-post-thumbnail","6":"product_cat-boxes-de","7":"product_cat-card-dividers-de","8":"product_cat-casual-essential-line-de","10":"first","11":"instock","12":"shipping-taxable","13":"purchasable","14":"product-type-variable","15":"has-default-attributes","16":"wvs-archive-product-wrapper"},"yoast_head":"<!-- This site is optimized with the Yoast SEO plugin v27.3 - https:\/\/yoast.com\/product\/yoast-seo-wordpress\/ -->\n<title>SIDELOADING FLEX CARD DIVIDERS - GAMEGENIC - Ingenious Supplies<\/title>\n<meta name=\"description\" content=\"Der brandneue Sideloading Flex Card Divider ist ein robuster, wiederstandsf\u00e4higer Kartentrenner, der in fast jeder Sideloading-Deckbox f\u00fcr Ordnung sorgt.\" \/>\n<meta name=\"robots\" content=\"index, follow, max-snippet:-1, max-image-preview:large, max-video-preview:-1\" \/>\n<link rel=\"canonical\" href=\"https:\/\/www.gamegenic.com\/de\/produkt\/sideloading-flex-card-dividers\/\" \/>\n<meta property=\"og:locale\" content=\"de_DE\" \/>\n<meta property=\"og:type\" content=\"article\" \/>\n<meta property=\"og:title\" content=\"SIDELOADING FLEX CARD DIVIDERS\" \/>\n<meta property=\"og:description\" content=\"Aufgrund der hohen Nachfrage ist unser beliebter Flex Card Divider jetzt in einer zus\u00e4tzlichen Version erh\u00e4ltlich!Der brandneue Sideloading Flex Card Divider ist ein robuster, wiederstandsf\u00e4higer Kartentrenner, der in fast jeder Sideloading-Deckbox f\u00fcr Ordnung sorgt. Jede Packung enth\u00e4lt 10 verschiedene leuchtende Farben, f\u00fcr ein Maximum an Organisationsm\u00f6glichkeiten. Die faltbare Registerlasche ragt aus den Karten herausragt und bietet so eine bessere Sichtbarkeit. Die flexible Faltlinie sorgt daf\u00fcr, dass die Box geschlossen werden kann. Die Registerlasche wird einfach zur Seite geklappt und entfaltet sich, wenn die Box wieder ge\u00f6ffnet wird.\" \/>\n<meta property=\"og:url\" content=\"https:\/\/www.gamegenic.com\/de\/produkt\/sideloading-flex-card-dividers\/\" \/>\n<meta property=\"og:site_name\" content=\"GAMEGENIC - Ingenious Supplies\" \/>\n<meta property=\"article:publisher\" content=\"https:\/\/www.facebook.com\/GamegenicSupplies\/\" \/>\n<meta property=\"article:modified_time\" content=\"2025-07-10T12:59:29+00:00\" \/>\n<meta property=\"og:image\" content=\"https:\/\/www.gamegenic.com\/wp-content\/uploads\/2024\/07\/FlexCardDivider-Sideloading-0000_oPxS89HAR.jpg\" \/>\n\t<meta property=\"og:image:width\" content=\"1200\" \/>\n\t<meta property=\"og:image:height\" content=\"1200\" \/>\n\t<meta property=\"og:image:type\" content=\"image\/jpeg\" \/>\n<meta name=\"twitter:card\" content=\"summary_large_image\" \/>\n<meta name=\"twitter:title\" content=\"SIDELOADING FLEX CARD DIVIDERS\" \/>\n<meta name=\"twitter:description\" content=\"Aufgrund der hohen Nachfrage ist unser beliebter Flex Card Divider jetzt in einer zus\u00e4tzlichen Version erh\u00e4ltlich!Der brandneue Sideloading Flex Card Divider ist ein robuster, wiederstandsf\u00e4higer Kartentrenner, der in fast jeder Sideloading-Deckbox f\u00fcr Ordnung sorgt. Jede Packung enth\u00e4lt 10 verschiedene leuchtende Farben, f\u00fcr ein Maximum an Organisationsm\u00f6glichkeiten. Die faltbare Registerlasche ragt aus den Karten herausragt und bietet so eine bessere Sichtbarkeit. Die flexible Faltlinie sorgt daf\u00fcr, dass die Box geschlossen werden kann. Die Registerlasche wird einfach zur Seite geklappt und entfaltet sich, wenn die Box wieder ge\u00f6ffnet wird.\" \/>\n<meta name=\"twitter:site\" content=\"@Gamegenic_\" \/>\n<meta name=\"twitter:label1\" content=\"Gesch\u00e4tzte Lesezeit\" \/>\n\t<meta name=\"twitter:data1\" content=\"1\u00a0Minute\" \/>\n<script type=\"application\/ld+json\" class=\"yoast-schema-graph\">{\"@context\":\"https:\\\/\\\/schema.org\",\"@graph\":[{\"@type\":\"WebPage\",\"@id\":\"https:\\\/\\\/www.gamegenic.com\\\/de\\\/produkt\\\/sideloading-flex-card-dividers\\\/\",\"url\":\"https:\\\/\\\/www.gamegenic.com\\\/de\\\/produkt\\\/sideloading-flex-card-dividers\\\/\",\"name\":\"SIDELOADING FLEX CARD DIVIDERS - GAMEGENIC - Ingenious Supplies\",\"isPartOf\":{\"@id\":\"https:\\\/\\\/www.gamegenic.com\\\/de\\\/#website\"},\"primaryImageOfPage\":{\"@id\":\"https:\\\/\\\/www.gamegenic.com\\\/de\\\/produkt\\\/sideloading-flex-card-dividers\\\/#primaryimage\"},\"image\":{\"@id\":\"https:\\\/\\\/www.gamegenic.com\\\/de\\\/produkt\\\/sideloading-flex-card-dividers\\\/#primaryimage\"},\"thumbnailUrl\":\"https:\\\/\\\/www.gamegenic.com\\\/wp-content\\\/uploads\\\/2024\\\/07\\\/FlexCardDivider-Sideloading-0000_oPxS89HAR.jpg\",\"datePublished\":\"2024-07-02T07:08:46+00:00\",\"dateModified\":\"2025-07-10T12:59:29+00:00\",\"description\":\"Der brandneue Sideloading Flex Card Divider ist ein robuster, wiederstandsf\u00e4higer Kartentrenner, der in fast jeder Sideloading-Deckbox f\u00fcr Ordnung sorgt.\",\"breadcrumb\":{\"@id\":\"https:\\\/\\\/www.gamegenic.com\\\/de\\\/produkt\\\/sideloading-flex-card-dividers\\\/#breadcrumb\"},\"inLanguage\":\"de\",\"potentialAction\":[{\"@type\":\"ReadAction\",\"target\":[\"https:\\\/\\\/www.gamegenic.com\\\/de\\\/produkt\\\/sideloading-flex-card-dividers\\\/\"]}]},{\"@type\":\"ImageObject\",\"inLanguage\":\"de\",\"@id\":\"https:\\\/\\\/www.gamegenic.com\\\/de\\\/produkt\\\/sideloading-flex-card-dividers\\\/#primaryimage\",\"url\":\"https:\\\/\\\/www.gamegenic.com\\\/wp-content\\\/uploads\\\/2024\\\/07\\\/FlexCardDivider-Sideloading-0000_oPxS89HAR.jpg\",\"contentUrl\":\"https:\\\/\\\/www.gamegenic.com\\\/wp-content\\\/uploads\\\/2024\\\/07\\\/FlexCardDivider-Sideloading-0000_oPxS89HAR.jpg\",\"width\":1200,\"height\":1200,\"caption\":\"SIDELOADING FLEX CARD DIVIDERS\"},{\"@type\":\"BreadcrumbList\",\"@id\":\"https:\\\/\\\/www.gamegenic.com\\\/de\\\/produkt\\\/sideloading-flex-card-dividers\\\/#breadcrumb\",\"itemListElement\":[{\"@type\":\"ListItem\",\"position\":1,\"name\":\"Home\",\"item\":\"https:\\\/\\\/www.gamegenic.com\\\/de\\\/\"},{\"@type\":\"ListItem\",\"position\":2,\"name\":\"Shop\",\"item\":\"https:\\\/\\\/www.gamegenic.com\\\/de\\\/shop\\\/\"},{\"@type\":\"ListItem\",\"position\":3,\"name\":\"SIDELOADING FLEX CARD DIVIDERS\"}]},{\"@type\":\"WebSite\",\"@id\":\"https:\\\/\\\/www.gamegenic.com\\\/de\\\/#website\",\"url\":\"https:\\\/\\\/www.gamegenic.com\\\/de\\\/\",\"name\":\"GAMEGENIC - Ingenious Supplies\",\"description\":\"\",\"publisher\":{\"@id\":\"https:\\\/\\\/www.gamegenic.com\\\/de\\\/#organization\"},\"potentialAction\":[{\"@type\":\"SearchAction\",\"target\":{\"@type\":\"EntryPoint\",\"urlTemplate\":\"https:\\\/\\\/www.gamegenic.com\\\/de\\\/?s={search_term_string}\"},\"query-input\":{\"@type\":\"PropertyValueSpecification\",\"valueRequired\":true,\"valueName\":\"search_term_string\"}}],\"inLanguage\":\"de\"},{\"@type\":\"Organization\",\"@id\":\"https:\\\/\\\/www.gamegenic.com\\\/de\\\/#organization\",\"name\":\"Gamegenic GmbH\",\"url\":\"https:\\\/\\\/www.gamegenic.com\\\/de\\\/\",\"logo\":{\"@type\":\"ImageObject\",\"inLanguage\":\"de\",\"@id\":\"https:\\\/\\\/www.gamegenic.com\\\/de\\\/#\\\/schema\\\/logo\\\/image\\\/\",\"url\":\"https:\\\/\\\/www.gamegenic.com\\\/wp-content\\\/uploads\\\/Gamegenic-Logo-FINAL.jpg\",\"contentUrl\":\"https:\\\/\\\/www.gamegenic.com\\\/wp-content\\\/uploads\\\/Gamegenic-Logo-FINAL.jpg\",\"width\":3507,\"height\":2480,\"caption\":\"Gamegenic GmbH\"},\"image\":{\"@id\":\"https:\\\/\\\/www.gamegenic.com\\\/de\\\/#\\\/schema\\\/logo\\\/image\\\/\"},\"sameAs\":[\"https:\\\/\\\/www.facebook.com\\\/GamegenicSupplies\\\/\",\"https:\\\/\\\/x.com\\\/Gamegenic_\",\"https:\\\/\\\/www.instagram.com\\\/gamegenicsupplies\\\/\",\"https:\\\/\\\/www.youtube.com\\\/channel\\\/UCgmMXQPjjWW-Zy9ceMH6oGw\"]}]}<\/script>\n<!-- \/ Yoast SEO plugin. -->","yoast_head_json":{"title":"SIDELOADING FLEX CARD DIVIDERS - GAMEGENIC - Ingenious Supplies","description":"Der brandneue Sideloading Flex Card Divider ist ein robuster, wiederstandsf\u00e4higer Kartentrenner, der in fast jeder Sideloading-Deckbox f\u00fcr Ordnung sorgt.","robots":{"index":"index","follow":"follow","max-snippet":"max-snippet:-1","max-image-preview":"max-image-preview:large","max-video-preview":"max-video-preview:-1"},"canonical":"https:\/\/www.gamegenic.com\/de\/produkt\/sideloading-flex-card-dividers\/","og_locale":"de_DE","og_type":"article","og_title":"SIDELOADING FLEX CARD DIVIDERS","og_description":"Aufgrund der hohen Nachfrage ist unser beliebter Flex Card Divider jetzt in einer zus\u00e4tzlichen Version erh\u00e4ltlich!Der brandneue Sideloading Flex Card Divider ist ein robuster, wiederstandsf\u00e4higer Kartentrenner, der in fast jeder Sideloading-Deckbox f\u00fcr Ordnung sorgt. Jede Packung enth\u00e4lt 10 verschiedene leuchtende Farben, f\u00fcr ein Maximum an Organisationsm\u00f6glichkeiten. Die faltbare Registerlasche ragt aus den Karten herausragt und bietet so eine bessere Sichtbarkeit. Die flexible Faltlinie sorgt daf\u00fcr, dass die Box geschlossen werden kann. Die Registerlasche wird einfach zur Seite geklappt und entfaltet sich, wenn die Box wieder ge\u00f6ffnet wird.","og_url":"https:\/\/www.gamegenic.com\/de\/produkt\/sideloading-flex-card-dividers\/","og_site_name":"GAMEGENIC - Ingenious Supplies","article_publisher":"https:\/\/www.facebook.com\/GamegenicSupplies\/","article_modified_time":"2025-07-10T12:59:29+00:00","og_image":[{"width":1200,"height":1200,"url":"https:\/\/www.gamegenic.com\/wp-content\/uploads\/2024\/07\/FlexCardDivider-Sideloading-0000_oPxS89HAR.jpg","type":"image\/jpeg"}],"twitter_card":"summary_large_image","twitter_title":"SIDELOADING FLEX CARD DIVIDERS","twitter_description":"Aufgrund der hohen Nachfrage ist unser beliebter Flex Card Divider jetzt in einer zus\u00e4tzlichen Version erh\u00e4ltlich!Der brandneue Sideloading Flex Card Divider ist ein robuster, wiederstandsf\u00e4higer Kartentrenner, der in fast jeder Sideloading-Deckbox f\u00fcr Ordnung sorgt. Jede Packung enth\u00e4lt 10 verschiedene leuchtende Farben, f\u00fcr ein Maximum an Organisationsm\u00f6glichkeiten. Die faltbare Registerlasche ragt aus den Karten herausragt und bietet so eine bessere Sichtbarkeit. Die flexible Faltlinie sorgt daf\u00fcr, dass die Box geschlossen werden kann. Die Registerlasche wird einfach zur Seite geklappt und entfaltet sich, wenn die Box wieder ge\u00f6ffnet wird.","twitter_site":"@Gamegenic_","twitter_misc":{"Gesch\u00e4tzte Lesezeit":"1\u00a0Minute"},"schema":{"@context":"https:\/\/schema.org","@graph":[{"@type":"WebPage","@id":"https:\/\/www.gamegenic.com\/de\/produkt\/sideloading-flex-card-dividers\/","url":"https:\/\/www.gamegenic.com\/de\/produkt\/sideloading-flex-card-dividers\/","name":"SIDELOADING FLEX CARD DIVIDERS - GAMEGENIC - Ingenious Supplies","isPartOf":{"@id":"https:\/\/www.gamegenic.com\/de\/#website"},"primaryImageOfPage":{"@id":"https:\/\/www.gamegenic.com\/de\/produkt\/sideloading-flex-card-dividers\/#primaryimage"},"image":{"@id":"https:\/\/www.gamegenic.com\/de\/produkt\/sideloading-flex-card-dividers\/#primaryimage"},"thumbnailUrl":"https:\/\/www.gamegenic.com\/wp-content\/uploads\/2024\/07\/FlexCardDivider-Sideloading-0000_oPxS89HAR.jpg","datePublished":"2024-07-02T07:08:46+00:00","dateModified":"2025-07-10T12:59:29+00:00","description":"Der brandneue Sideloading Flex Card Divider ist ein robuster, wiederstandsf\u00e4higer Kartentrenner, der in fast jeder Sideloading-Deckbox f\u00fcr Ordnung sorgt.","breadcrumb":{"@id":"https:\/\/www.gamegenic.com\/de\/produkt\/sideloading-flex-card-dividers\/#breadcrumb"},"inLanguage":"de","potentialAction":[{"@type":"ReadAction","target":["https:\/\/www.gamegenic.com\/de\/produkt\/sideloading-flex-card-dividers\/"]}]},{"@type":"ImageObject","inLanguage":"de","@id":"https:\/\/www.gamegenic.com\/de\/produkt\/sideloading-flex-card-dividers\/#primaryimage","url":"https:\/\/www.gamegenic.com\/wp-content\/uploads\/2024\/07\/FlexCardDivider-Sideloading-0000_oPxS89HAR.jpg","contentUrl":"https:\/\/www.gamegenic.com\/wp-content\/uploads\/2024\/07\/FlexCardDivider-Sideloading-0000_oPxS89HAR.jpg","width":1200,"height":1200,"caption":"SIDELOADING FLEX CARD DIVIDERS"},{"@type":"BreadcrumbList","@id":"https:\/\/www.gamegenic.com\/de\/produkt\/sideloading-flex-card-dividers\/#breadcrumb","itemListElement":[{"@type":"ListItem","position":1,"name":"Home","item":"https:\/\/www.gamegenic.com\/de\/"},{"@type":"ListItem","position":2,"name":"Shop","item":"https:\/\/www.gamegenic.com\/de\/shop\/"},{"@type":"ListItem","position":3,"name":"SIDELOADING FLEX CARD DIVIDERS"}]},{"@type":"WebSite","@id":"https:\/\/www.gamegenic.com\/de\/#website","url":"https:\/\/www.gamegenic.com\/de\/","name":"GAMEGENIC - Ingenious Supplies","description":"","publisher":{"@id":"https:\/\/www.gamegenic.com\/de\/#organization"},"potentialAction":[{"@type":"SearchAction","target":{"@type":"EntryPoint","urlTemplate":"https:\/\/www.gamegenic.com\/de\/?s={search_term_string}"},"query-input":{"@type":"PropertyValueSpecification","valueRequired":true,"valueName":"search_term_string"}}],"inLanguage":"de"},{"@type":"Organization","@id":"https:\/\/www.gamegenic.com\/de\/#organization","name":"Gamegenic GmbH","url":"https:\/\/www.gamegenic.com\/de\/","logo":{"@type":"ImageObject","inLanguage":"de","@id":"https:\/\/www.gamegenic.com\/de\/#\/schema\/logo\/image\/","url":"https:\/\/www.gamegenic.com\/wp-content\/uploads\/Gamegenic-Logo-FINAL.jpg","contentUrl":"https:\/\/www.gamegenic.com\/wp-content\/uploads\/Gamegenic-Logo-FINAL.jpg","width":3507,"height":2480,"caption":"Gamegenic GmbH"},"image":{"@id":"https:\/\/www.gamegenic.com\/de\/#\/schema\/logo\/image\/"},"sameAs":["https:\/\/www.facebook.com\/GamegenicSupplies\/","https:\/\/x.com\/Gamegenic_","https:\/\/www.instagram.com\/gamegenicsupplies\/","https:\/\/www.youtube.com\/channel\/UCgmMXQPjjWW-Zy9ceMH6oGw"]}]}},"_links":{"self":[{"href":"https:\/\/www.gamegenic.com\/de\/wp-json\/wp\/v2\/product\/35493","targetHints":{"allow":["GET"]}}],"collection":[{"href":"https:\/\/www.gamegenic.com\/de\/wp-json\/wp\/v2\/product"}],"about":[{"href":"https:\/\/www.gamegenic.com\/de\/wp-json\/wp\/v2\/types\/product"}],"wp:featuredmedia":[{"embeddable":true,"href":"https:\/\/www.gamegenic.com\/de\/wp-json\/wp\/v2\/media\/35500"}],"wp:attachment":[{"href":"https:\/\/www.gamegenic.com\/de\/wp-json\/wp\/v2\/media?parent=35493"}],"wp:term":[{"taxonomy":"product_brand","embeddable":true,"href":"https:\/\/www.gamegenic.com\/de\/wp-json\/wp\/v2\/product_brand?post=35493"},{"taxonomy":"product_cat","embeddable":true,"href":"https:\/\/www.gamegenic.com\/de\/wp-json\/wp\/v2\/product_cat?post=35493"},{"taxonomy":"product_tag","embeddable":true,"href":"https:\/\/www.gamegenic.com\/de\/wp-json\/wp\/v2\/product_tag?post=35493"}],"curies":[{"name":"wp","href":"https:\/\/api.w.org\/{rel}","templated":true}]}}