{"id":28437,"date":"2023-07-11T12:03:53","date_gmt":"2023-07-11T10:03:58","guid":{"rendered":"https:\/\/www.gamegenic.com\/?post_type=product&#038;p=28437"},"modified":"2025-07-17T16:56:32","modified_gmt":"2025-07-17T14:56:32","slug":"slide-card-cases","status":"publish","type":"product","link":"https:\/\/www.gamegenic.com\/de\/produkt\/slide-card-cases\/","title":{"rendered":"SLIDE CARD CASES"},"content":{"rendered":"<div class=\"fusion-fullwidth fullwidth-box fusion-builder-row-1 nonhundred-percent-fullwidth non-hundred-percent-height-scrolling gg-summary gg-position\" style=\"--awb-border-radius-top-left:0px;--awb-border-radius-top-right:0px;--awb-border-radius-bottom-right:0px;--awb-border-radius-bottom-left:0px;--awb-flex-wrap:wrap;\" id=\"gg-anker\" ><div class=\"fusion-builder-row fusion-row\"><div class=\"fusion-layout-column fusion_builder_column fusion-builder-column-0 fusion_builder_column_1_2 1_2 fusion-one-half fusion-column-first gg-features\" style=\"--awb-bg-size:cover;width:50%;width:calc(50% - ( ( 60px ) * 0.5 ) );margin-right: 60px;\"><div class=\"fusion-column-wrapper fusion-column-has-shadow fusion-flex-column-wrapper-legacy\"><div class=\"fusion-text fusion-text-1\"><h2>FEATURES<\/h2>\n<ul>\n<li><strong>12<\/strong>\u00a0Slide Cases pro Packung, perfekt f\u00fcr viele TCGs\/LCGs, insbesondere Flesh\u00a0and\u00a0Blood<span style=\"font-size: 8pt;\"><sup>TM<\/sup><\/span>\u00a0Ausr\u00fcstungskarten<\/li>\n<li>Hochwertige Hartschalen-Kartenh\u00fclle mit innovativem\u00a0<strong>Schiebeverschluss-Mechanismus<\/strong><\/li>\n<li>UV-Schutz und extra hohe Klarheit<\/li>\n<li>Spritzwasserschutz<\/li>\n<li>Case-Gr\u00f6\u00dfe:\u00a0<strong>68 x 94 mm<\/strong><br \/>\n(f\u00fcr Karten in Standardgr\u00f6\u00dfe)<\/li>\n<li>Perfekt zum Schutz und zur Pr\u00e4sentation von Karten in Standardgr\u00f6\u00dfe \u2013 auch mit Inner Sleeves<\/li>\n<li>Leicht stapelbar<\/li>\n<li>S\u00e4urefrei. Ohne PVC<\/li>\n<\/ul>\n<\/div><div class=\"fusion-text fusion-text-2 gg-notice\"><p>* \u201cFlesh and Blood\u2122\u201d ist ein eingetragenes Warenzeichen von Legend Story Studios\u00ae. \u201eMagic: The Gathering\u2122\u201c ist ein eingetragenes Warenzeichen von Wizards of the Coast LLC.\u00ae. \u201ePok\u00e9mon\u2122\u201c ist ein eingetragenes Warenzeichen von Nintendo Co., Ltd. Alle Rechte vorbehalten durch ihre jeweiligen Markeninhaber. Die Darstellung von Kompatibilit\u00e4t l\u00e4sst weder auf eine Anfechtung des geistigen Eigentumsrechts noch auf die Unterst\u00fctzung unserer Produkte durch das repr\u00e4sentierte Unternehmen zur\u00fcckschlie\u00dfen.<\/p>\n<p>** Optimiert f\u00fcr Gamegenic-Kartenh\u00fcllen. H\u00fcllen von anderen Marken k\u00f6nnen Fassungsverm\u00f6gen\/Kompatibilit\u00e4t beeintr\u00e4chtigen<\/p>\n<\/div><div class=\"fusion-clearfix\"><\/div><\/div><\/div><div class=\"fusion-layout-column fusion_builder_column fusion-builder-column-1 fusion_builder_column_1_2 1_2 fusion-one-half fusion-column-last\" style=\"--awb-bg-size:cover;width:50%;width:calc(50% - ( ( 60px ) * 0.5 ) );\"><div class=\"fusion-column-wrapper fusion-column-has-shadow fusion-flex-column-wrapper-legacy\">\n<h2>SPEZIFIKATIONEN<\/h2>\n<div class=\"table-2\">\n<table style=\"width: 100%; height: 96px;\" width=\"100%\">\n<tbody>\n<tr style=\"height: 48px;\">\n<td style=\"height: 48px;\" align=\"left\">Produktgr\u00f6\u00dfe<br \/>\n<span class=\"gg-wdh\">(B x T x H)<\/span><\/td>\n<td style=\"height: 48px;\" align=\"left\">68 x 6 x 94 mm<\/td>\n<\/tr>\n<tr style=\"height: 24px;\">\n<td style=\"vertical-align: top; height: 24px;\" align=\"left\">Material<\/td>\n<td style=\"height: 24px;\" align=\"left\">Polystyrol<\/td>\n<\/tr>\n<tr style=\"height: 24px;\">\n<td style=\"height: 24px;\" align=\"left\">Verpackungsart<\/td>\n<td style=\"height: 24px;\" align=\"left\">Karton<\/td>\n<\/tr>\n<\/tbody>\n<\/table>\n<\/div>\n<h2 style=\"margin-top:60px\">UPE<i data-tooltip=\"\u00dcber diese Webseite k\u00f6nnen keine K\u00e4ufe get\u00e4tigt werden. Alle aufgef\u00fchrten Preise sind UPE (Unverbindliche Preisempfehlung) des Herstellers in EUR (inkl. MwSt.) oder USD (ohne MwSt.). M\u00f6glicherweise anfallende Lieferkosten sind nicht enthalten. Die angegebenen Preise sind nicht bindend und k\u00f6nnen als Empfehlung behandelt werden.\" class=\"fas fa-info-circle gg-tooltip\">\uf05a<\/i><\/h2>\n<form action=\"\" method=\"post\" id=\"alg_currency_selector\"><select name=\"alg_currency\" id=\"alg_currency_select\" class=\"alg_currency_select\" onchange=\"this.form.submit()\"><option id=\"alg_currency_USD\" value=\"USD\" >USD<\/option><option id=\"alg_currency_EUR\" value=\"EUR\"  selected='selected'>EUR<\/option><option id=\"alg_currency_CAD\" value=\"CAD\" >U.S.-USD<\/option><\/select><noscript><input type=\"submit\" value=\"Refresh\"><\/noscript><\/form>\n<span class=\"woocommerce-Price-amount amount\"><bdi><span class=\"woocommerce-Price-currencySymbol\">EUR<\/span>&nbsp;13,99<\/bdi><\/span>\n\n<div class=\"fusion-alignleft\"><a class=\"fusion-button button-flat fusion-button-default-size button-default fusion-button-default button-1 fusion-button-default-span fusion-button-default-type shopfinder-button\" target=\"_blank\" rel=\"noopener noreferrer\" href=\"https:\/\/www.gamegenic.com\/de\/shopfinder\/\"><i class=\"fa-globe-americas fas awb-button__icon awb-button__icon--default button-icon-left\" aria-hidden=\"true\"><\/i><span class=\"fusion-button-text awb-button__text awb-button__text--default\">Shop Suche<\/span><\/a><\/div>\n<div class=\"fusion-clearfix\"><\/div><\/div><\/div><\/div><\/div>\n","protected":false},"excerpt":{"rendered":"<p>Maximaler Schutz f\u00fcr Deine Karten in einer innovativen Hartschalen-Kartenh\u00fclle mit Schiebeverschluss-Mechanismus! Sch\u00fctze und pr\u00e4sentiere Deine wertvollsten Karten in dieser Hartschalen-Kartenh\u00fclle. Das Slide Card Case fasst eine Sammelkarte in Standardgr\u00f6\u00dfe, wie z.B. Magic: The Gathering<span style=\"font-size: 8pt;\"><sup>TM<\/sup><\/span>, Pok\u00e9mon<span style=\"font-size: 8pt;\"><sup>TM<\/sup><\/span>, Flesh &amp; Blood<span style=\"font-size: 8pt;\"><sup>TM<\/sup><\/span> o.\u00e4. &#8211; auch mit Inner Sleeve. Es besticht durch extrahohe Klarheit und bietet gleichzeitig optimalen UV-Schutz. Zus\u00e4tzlich sind die Karten spritzwassergesch\u00fctzt. Eine Packung enth\u00e4lt 12 Slide Card Cases, perfekt z.B. f\u00fcr Flesh and Blood<span style=\"font-size: 8pt;\"><sup>TM<\/sup><\/span> Ausr\u00fcstungskarten. F\u00fcr den Fall, dass Du noch mehr Schutz haben m\u00f6chtest: Unser Slide Card Case ist kompatibel mit anderen Gamegenic Produkten, wie dem <strong><a href=\"https:\/\/www.gamegenic.com\/de\/produkt\/cards-lair-400-convertible\/\">Cards&#8216;<\/a><\/strong>\/<strong><a href=\"https:\/\/www.gamegenic.com\/de\/produkt\/games-lair-600-convertible\/\">Games&#8216; Lair<\/a><\/strong>, <a href=\"https:\/\/www.gamegenic.com\/de\/produkt\/watchtower-100-xl-convertible\/\"><strong>Watchtower 100+ XL<\/strong><\/a>, <a href=\"https:\/\/www.gamegenic.com\/de\/produkt\/squire-100-xl-convertible\/\"><strong>Squire 100+ XL<\/strong><\/a>, <a href=\"https:\/\/www.gamegenic.com\/de\/produkt\/cards-rail-500\/\"><strong>Cards&#8216; Rail 500+<\/strong><\/a> und <a href=\"https:\/\/www.gamegenic.com\/de\/produkt\/token-silo-convertible\/\"><strong>Token Silo<\/strong><\/a>.<\/p>\n","protected":false},"featured_media":28476,"template":"","meta":[],"product_brand":[],"product_cat":[457,240,476],"product_tag":[],"class_list":{"0":"post-28437","1":"product","2":"type-product","3":"status-publish","4":"has-post-thumbnail","6":"product_cat-advanced-essential-line-de","7":"product_cat-boxes-de","8":"product_cat-protective-cases-de","10":"first","11":"instock","12":"shipping-taxable","13":"purchasable","14":"product-type-variable","15":"has-default-attributes","16":"wvs-archive-product-wrapper"},"yoast_head":"<!-- This site is optimized with the Yoast SEO plugin v27.3 - https:\/\/yoast.com\/product\/yoast-seo-wordpress\/ -->\n<title>SLIDE CARD CASES - GAMEGENIC - Ingenious Supplies<\/title>\n<meta name=\"description\" content=\"Maximaler Schutz f\u00fcr Deine Karten in einer innovativen Hartschalen-Kartenh\u00fclle mit Schiebeverschluss-Mechanismus! Sch\u00fctze und pr\u00e4sentiere Deine wertvollsten Karten in dieser Hartschalen-Kartenh\u00fclle. Das Slide Card Case fasst eine Sammelkarte in Standardgr\u00f6\u00dfe, wie z.B. Magic: The GatheringTM, Pok\u00e9monTM, Flesh &amp; BloodTM o.\u00e4. - auch mit Inner Sleeve. Es besticht durch extrahohe Klarheit und bietet gleichzeitig optimalen UV-Schutz. Zus\u00e4tzlich sind die Karten spritzwassergesch\u00fctzt. Eine Packung enth\u00e4lt 12 Slide Card Cases, perfekt z.B. f\u00fcr Flesh and BloodTM Ausr\u00fcstungskarten. F\u00fcr den Fall, dass Du noch mehr Schutz haben m\u00f6chtest: Unser Slide Card Case ist kompatibel mit anderen Gamegenic Produkten, wie dem Cards&#039;\/Games&#039; Lair, Watchtower 100+ XL, Squire 100+ XL, Cards&#039; Rail 500+ und Token Silo.\" \/>\n<meta name=\"robots\" content=\"index, follow, max-snippet:-1, max-image-preview:large, max-video-preview:-1\" \/>\n<link rel=\"canonical\" href=\"https:\/\/www.gamegenic.com\/de\/produkt\/slide-card-cases\/\" \/>\n<meta property=\"og:locale\" content=\"de_DE\" \/>\n<meta property=\"og:type\" content=\"article\" \/>\n<meta property=\"og:title\" content=\"SLIDE CARD CASES\" \/>\n<meta property=\"og:description\" content=\"Maximaler Schutz f\u00fcr Deine Karten in einer innovativen Hartschalen-Kartenh\u00fclle mit Schiebeverschluss-Mechanismus! Sch\u00fctze und pr\u00e4sentiere Deine wertvollsten Karten in dieser Hartschalen-Kartenh\u00fclle. Das Slide Card Case fasst eine Sammelkarte in Standardgr\u00f6\u00dfe, wie z.B. Magic: The GatheringTM, Pok\u00e9monTM, Flesh &amp; BloodTM o.\u00e4. - auch mit Inner Sleeve. Es besticht durch extrahohe Klarheit und bietet gleichzeitig optimalen UV-Schutz. Zus\u00e4tzlich sind die Karten spritzwassergesch\u00fctzt. Eine Packung enth\u00e4lt 12 Slide Card Cases, perfekt z.B. f\u00fcr Flesh and BloodTM Ausr\u00fcstungskarten. F\u00fcr den Fall, dass Du noch mehr Schutz haben m\u00f6chtest: Unser Slide Card Case ist kompatibel mit anderen Gamegenic Produkten, wie dem Cards&#039;\/Games&#039; Lair, Watchtower 100+ XL, Squire 100+ XL, Cards&#039; Rail 500+ und Token Silo.\" \/>\n<meta property=\"og:url\" content=\"https:\/\/www.gamegenic.com\/de\/produkt\/slide-card-cases\/\" \/>\n<meta property=\"og:site_name\" content=\"GAMEGENIC - Ingenious Supplies\" \/>\n<meta property=\"article:publisher\" content=\"https:\/\/www.facebook.com\/GamegenicSupplies\/\" \/>\n<meta property=\"article:modified_time\" content=\"2025-07-17T14:56:32+00:00\" \/>\n<meta property=\"og:image\" content=\"https:\/\/www.gamegenic.com\/wp-content\/uploads\/2023\/07\/GG_SlideCardCases-0000_WY7znsHog.png\" \/>\n\t<meta property=\"og:image:width\" content=\"1200\" \/>\n\t<meta property=\"og:image:height\" content=\"1200\" \/>\n\t<meta property=\"og:image:type\" content=\"image\/png\" \/>\n<meta name=\"twitter:card\" content=\"summary_large_image\" \/>\n<meta name=\"twitter:title\" content=\"SLIDE CARD CASES\" \/>\n<meta name=\"twitter:description\" content=\"Maximaler Schutz f\u00fcr Deine Karten in einer innovativen Hartschalen-Kartenh\u00fclle mit Schiebeverschluss-Mechanismus! Sch\u00fctze und pr\u00e4sentiere Deine wertvollsten Karten in dieser Hartschalen-Kartenh\u00fclle. Das Slide Card Case fasst eine Sammelkarte in Standardgr\u00f6\u00dfe, wie z.B. Magic: The GatheringTM, Pok\u00e9monTM, Flesh &amp; BloodTM o.\u00e4. - auch mit Inner Sleeve. Es besticht durch extrahohe Klarheit und bietet gleichzeitig optimalen UV-Schutz. Zus\u00e4tzlich sind die Karten spritzwassergesch\u00fctzt. Eine Packung enth\u00e4lt 12 Slide Card Cases, perfekt z.B. f\u00fcr Flesh and BloodTM Ausr\u00fcstungskarten. F\u00fcr den Fall, dass Du noch mehr Schutz haben m\u00f6chtest: Unser Slide Card Case ist kompatibel mit anderen Gamegenic Produkten, wie dem Cards&#039;\/Games&#039; Lair, Watchtower 100+ XL, Squire 100+ XL, Cards&#039; Rail 500+ und Token Silo.\" \/>\n<meta name=\"twitter:site\" content=\"@Gamegenic_\" \/>\n<meta name=\"twitter:label1\" content=\"Gesch\u00e4tzte Lesezeit\" \/>\n\t<meta name=\"twitter:data1\" content=\"1\u00a0Minute\" \/>\n<script type=\"application\/ld+json\" class=\"yoast-schema-graph\">{\"@context\":\"https:\\\/\\\/schema.org\",\"@graph\":[{\"@type\":\"WebPage\",\"@id\":\"https:\\\/\\\/www.gamegenic.com\\\/de\\\/produkt\\\/slide-card-cases\\\/\",\"url\":\"https:\\\/\\\/www.gamegenic.com\\\/de\\\/produkt\\\/slide-card-cases\\\/\",\"name\":\"SLIDE CARD CASES - GAMEGENIC - Ingenious Supplies\",\"isPartOf\":{\"@id\":\"https:\\\/\\\/www.gamegenic.com\\\/de\\\/#website\"},\"primaryImageOfPage\":{\"@id\":\"https:\\\/\\\/www.gamegenic.com\\\/de\\\/produkt\\\/slide-card-cases\\\/#primaryimage\"},\"image\":{\"@id\":\"https:\\\/\\\/www.gamegenic.com\\\/de\\\/produkt\\\/slide-card-cases\\\/#primaryimage\"},\"thumbnailUrl\":\"https:\\\/\\\/www.gamegenic.com\\\/wp-content\\\/uploads\\\/2023\\\/07\\\/GG_SlideCardCases-0000_WY7znsHog.png\",\"datePublished\":\"2023-07-11T10:03:58+00:00\",\"dateModified\":\"2025-07-17T14:56:32+00:00\",\"description\":\"Maximaler Schutz f\u00fcr Deine Karten in einer innovativen Hartschalen-Kartenh\u00fclle mit Schiebeverschluss-Mechanismus! Sch\u00fctze und pr\u00e4sentiere Deine wertvollsten Karten in dieser Hartschalen-Kartenh\u00fclle. Das Slide Card Case fasst eine Sammelkarte in Standardgr\u00f6\u00dfe, wie z.B. Magic: The GatheringTM, Pok\u00e9monTM, Flesh & BloodTM o.\u00e4. - auch mit Inner Sleeve. Es besticht durch extrahohe Klarheit und bietet gleichzeitig optimalen UV-Schutz. Zus\u00e4tzlich sind die Karten spritzwassergesch\u00fctzt. Eine Packung enth\u00e4lt 12 Slide Card Cases, perfekt z.B. f\u00fcr Flesh and BloodTM Ausr\u00fcstungskarten. F\u00fcr den Fall, dass Du noch mehr Schutz haben m\u00f6chtest: Unser Slide Card Case ist kompatibel mit anderen Gamegenic Produkten, wie dem Cards'\\\/Games' Lair, Watchtower 100+ XL, Squire 100+ XL, Cards' Rail 500+ und Token Silo.\",\"breadcrumb\":{\"@id\":\"https:\\\/\\\/www.gamegenic.com\\\/de\\\/produkt\\\/slide-card-cases\\\/#breadcrumb\"},\"inLanguage\":\"de\",\"potentialAction\":[{\"@type\":\"ReadAction\",\"target\":[\"https:\\\/\\\/www.gamegenic.com\\\/de\\\/produkt\\\/slide-card-cases\\\/\"]}]},{\"@type\":\"ImageObject\",\"inLanguage\":\"de\",\"@id\":\"https:\\\/\\\/www.gamegenic.com\\\/de\\\/produkt\\\/slide-card-cases\\\/#primaryimage\",\"url\":\"https:\\\/\\\/www.gamegenic.com\\\/wp-content\\\/uploads\\\/2023\\\/07\\\/GG_SlideCardCases-0000_WY7znsHog.png\",\"contentUrl\":\"https:\\\/\\\/www.gamegenic.com\\\/wp-content\\\/uploads\\\/2023\\\/07\\\/GG_SlideCardCases-0000_WY7znsHog.png\",\"width\":1200,\"height\":1200,\"caption\":\"SLIDE CARD CASES\"},{\"@type\":\"BreadcrumbList\",\"@id\":\"https:\\\/\\\/www.gamegenic.com\\\/de\\\/produkt\\\/slide-card-cases\\\/#breadcrumb\",\"itemListElement\":[{\"@type\":\"ListItem\",\"position\":1,\"name\":\"Home\",\"item\":\"https:\\\/\\\/www.gamegenic.com\\\/de\\\/\"},{\"@type\":\"ListItem\",\"position\":2,\"name\":\"Shop\",\"item\":\"https:\\\/\\\/www.gamegenic.com\\\/de\\\/shop\\\/\"},{\"@type\":\"ListItem\",\"position\":3,\"name\":\"SLIDE CARD CASES\"}]},{\"@type\":\"WebSite\",\"@id\":\"https:\\\/\\\/www.gamegenic.com\\\/de\\\/#website\",\"url\":\"https:\\\/\\\/www.gamegenic.com\\\/de\\\/\",\"name\":\"GAMEGENIC - Ingenious Supplies\",\"description\":\"\",\"publisher\":{\"@id\":\"https:\\\/\\\/www.gamegenic.com\\\/de\\\/#organization\"},\"potentialAction\":[{\"@type\":\"SearchAction\",\"target\":{\"@type\":\"EntryPoint\",\"urlTemplate\":\"https:\\\/\\\/www.gamegenic.com\\\/de\\\/?s={search_term_string}\"},\"query-input\":{\"@type\":\"PropertyValueSpecification\",\"valueRequired\":true,\"valueName\":\"search_term_string\"}}],\"inLanguage\":\"de\"},{\"@type\":\"Organization\",\"@id\":\"https:\\\/\\\/www.gamegenic.com\\\/de\\\/#organization\",\"name\":\"Gamegenic GmbH\",\"url\":\"https:\\\/\\\/www.gamegenic.com\\\/de\\\/\",\"logo\":{\"@type\":\"ImageObject\",\"inLanguage\":\"de\",\"@id\":\"https:\\\/\\\/www.gamegenic.com\\\/de\\\/#\\\/schema\\\/logo\\\/image\\\/\",\"url\":\"https:\\\/\\\/www.gamegenic.com\\\/wp-content\\\/uploads\\\/Gamegenic-Logo-FINAL.jpg\",\"contentUrl\":\"https:\\\/\\\/www.gamegenic.com\\\/wp-content\\\/uploads\\\/Gamegenic-Logo-FINAL.jpg\",\"width\":3507,\"height\":2480,\"caption\":\"Gamegenic GmbH\"},\"image\":{\"@id\":\"https:\\\/\\\/www.gamegenic.com\\\/de\\\/#\\\/schema\\\/logo\\\/image\\\/\"},\"sameAs\":[\"https:\\\/\\\/www.facebook.com\\\/GamegenicSupplies\\\/\",\"https:\\\/\\\/x.com\\\/Gamegenic_\",\"https:\\\/\\\/www.instagram.com\\\/gamegenicsupplies\\\/\",\"https:\\\/\\\/www.youtube.com\\\/channel\\\/UCgmMXQPjjWW-Zy9ceMH6oGw\"]}]}<\/script>\n<!-- \/ Yoast SEO plugin. -->","yoast_head_json":{"title":"SLIDE CARD CASES - GAMEGENIC - Ingenious Supplies","description":"Maximaler Schutz f\u00fcr Deine Karten in einer innovativen Hartschalen-Kartenh\u00fclle mit Schiebeverschluss-Mechanismus! Sch\u00fctze und pr\u00e4sentiere Deine wertvollsten Karten in dieser Hartschalen-Kartenh\u00fclle. Das Slide Card Case fasst eine Sammelkarte in Standardgr\u00f6\u00dfe, wie z.B. Magic: The GatheringTM, Pok\u00e9monTM, Flesh & BloodTM o.\u00e4. - auch mit Inner Sleeve. Es besticht durch extrahohe Klarheit und bietet gleichzeitig optimalen UV-Schutz. Zus\u00e4tzlich sind die Karten spritzwassergesch\u00fctzt. Eine Packung enth\u00e4lt 12 Slide Card Cases, perfekt z.B. f\u00fcr Flesh and BloodTM Ausr\u00fcstungskarten. F\u00fcr den Fall, dass Du noch mehr Schutz haben m\u00f6chtest: Unser Slide Card Case ist kompatibel mit anderen Gamegenic Produkten, wie dem Cards'\/Games' Lair, Watchtower 100+ XL, Squire 100+ XL, Cards' Rail 500+ und Token Silo.","robots":{"index":"index","follow":"follow","max-snippet":"max-snippet:-1","max-image-preview":"max-image-preview:large","max-video-preview":"max-video-preview:-1"},"canonical":"https:\/\/www.gamegenic.com\/de\/produkt\/slide-card-cases\/","og_locale":"de_DE","og_type":"article","og_title":"SLIDE CARD CASES","og_description":"Maximaler Schutz f\u00fcr Deine Karten in einer innovativen Hartschalen-Kartenh\u00fclle mit Schiebeverschluss-Mechanismus! Sch\u00fctze und pr\u00e4sentiere Deine wertvollsten Karten in dieser Hartschalen-Kartenh\u00fclle. Das Slide Card Case fasst eine Sammelkarte in Standardgr\u00f6\u00dfe, wie z.B. Magic: The GatheringTM, Pok\u00e9monTM, Flesh & BloodTM o.\u00e4. - auch mit Inner Sleeve. Es besticht durch extrahohe Klarheit und bietet gleichzeitig optimalen UV-Schutz. Zus\u00e4tzlich sind die Karten spritzwassergesch\u00fctzt. Eine Packung enth\u00e4lt 12 Slide Card Cases, perfekt z.B. f\u00fcr Flesh and BloodTM Ausr\u00fcstungskarten. F\u00fcr den Fall, dass Du noch mehr Schutz haben m\u00f6chtest: Unser Slide Card Case ist kompatibel mit anderen Gamegenic Produkten, wie dem Cards'\/Games' Lair, Watchtower 100+ XL, Squire 100+ XL, Cards' Rail 500+ und Token Silo.","og_url":"https:\/\/www.gamegenic.com\/de\/produkt\/slide-card-cases\/","og_site_name":"GAMEGENIC - Ingenious Supplies","article_publisher":"https:\/\/www.facebook.com\/GamegenicSupplies\/","article_modified_time":"2025-07-17T14:56:32+00:00","og_image":[{"width":1200,"height":1200,"url":"https:\/\/www.gamegenic.com\/wp-content\/uploads\/2023\/07\/GG_SlideCardCases-0000_WY7znsHog.png","type":"image\/png"}],"twitter_card":"summary_large_image","twitter_title":"SLIDE CARD CASES","twitter_description":"Maximaler Schutz f\u00fcr Deine Karten in einer innovativen Hartschalen-Kartenh\u00fclle mit Schiebeverschluss-Mechanismus! Sch\u00fctze und pr\u00e4sentiere Deine wertvollsten Karten in dieser Hartschalen-Kartenh\u00fclle. Das Slide Card Case fasst eine Sammelkarte in Standardgr\u00f6\u00dfe, wie z.B. Magic: The GatheringTM, Pok\u00e9monTM, Flesh & BloodTM o.\u00e4. - auch mit Inner Sleeve. Es besticht durch extrahohe Klarheit und bietet gleichzeitig optimalen UV-Schutz. Zus\u00e4tzlich sind die Karten spritzwassergesch\u00fctzt. Eine Packung enth\u00e4lt 12 Slide Card Cases, perfekt z.B. f\u00fcr Flesh and BloodTM Ausr\u00fcstungskarten. F\u00fcr den Fall, dass Du noch mehr Schutz haben m\u00f6chtest: Unser Slide Card Case ist kompatibel mit anderen Gamegenic Produkten, wie dem Cards'\/Games' Lair, Watchtower 100+ XL, Squire 100+ XL, Cards' Rail 500+ und Token Silo.","twitter_site":"@Gamegenic_","twitter_misc":{"Gesch\u00e4tzte Lesezeit":"1\u00a0Minute"},"schema":{"@context":"https:\/\/schema.org","@graph":[{"@type":"WebPage","@id":"https:\/\/www.gamegenic.com\/de\/produkt\/slide-card-cases\/","url":"https:\/\/www.gamegenic.com\/de\/produkt\/slide-card-cases\/","name":"SLIDE CARD CASES - GAMEGENIC - Ingenious Supplies","isPartOf":{"@id":"https:\/\/www.gamegenic.com\/de\/#website"},"primaryImageOfPage":{"@id":"https:\/\/www.gamegenic.com\/de\/produkt\/slide-card-cases\/#primaryimage"},"image":{"@id":"https:\/\/www.gamegenic.com\/de\/produkt\/slide-card-cases\/#primaryimage"},"thumbnailUrl":"https:\/\/www.gamegenic.com\/wp-content\/uploads\/2023\/07\/GG_SlideCardCases-0000_WY7znsHog.png","datePublished":"2023-07-11T10:03:58+00:00","dateModified":"2025-07-17T14:56:32+00:00","description":"Maximaler Schutz f\u00fcr Deine Karten in einer innovativen Hartschalen-Kartenh\u00fclle mit Schiebeverschluss-Mechanismus! Sch\u00fctze und pr\u00e4sentiere Deine wertvollsten Karten in dieser Hartschalen-Kartenh\u00fclle. Das Slide Card Case fasst eine Sammelkarte in Standardgr\u00f6\u00dfe, wie z.B. Magic: The GatheringTM, Pok\u00e9monTM, Flesh & BloodTM o.\u00e4. - auch mit Inner Sleeve. Es besticht durch extrahohe Klarheit und bietet gleichzeitig optimalen UV-Schutz. Zus\u00e4tzlich sind die Karten spritzwassergesch\u00fctzt. Eine Packung enth\u00e4lt 12 Slide Card Cases, perfekt z.B. f\u00fcr Flesh and BloodTM Ausr\u00fcstungskarten. F\u00fcr den Fall, dass Du noch mehr Schutz haben m\u00f6chtest: Unser Slide Card Case ist kompatibel mit anderen Gamegenic Produkten, wie dem Cards'\/Games' Lair, Watchtower 100+ XL, Squire 100+ XL, Cards' Rail 500+ und Token Silo.","breadcrumb":{"@id":"https:\/\/www.gamegenic.com\/de\/produkt\/slide-card-cases\/#breadcrumb"},"inLanguage":"de","potentialAction":[{"@type":"ReadAction","target":["https:\/\/www.gamegenic.com\/de\/produkt\/slide-card-cases\/"]}]},{"@type":"ImageObject","inLanguage":"de","@id":"https:\/\/www.gamegenic.com\/de\/produkt\/slide-card-cases\/#primaryimage","url":"https:\/\/www.gamegenic.com\/wp-content\/uploads\/2023\/07\/GG_SlideCardCases-0000_WY7znsHog.png","contentUrl":"https:\/\/www.gamegenic.com\/wp-content\/uploads\/2023\/07\/GG_SlideCardCases-0000_WY7znsHog.png","width":1200,"height":1200,"caption":"SLIDE CARD CASES"},{"@type":"BreadcrumbList","@id":"https:\/\/www.gamegenic.com\/de\/produkt\/slide-card-cases\/#breadcrumb","itemListElement":[{"@type":"ListItem","position":1,"name":"Home","item":"https:\/\/www.gamegenic.com\/de\/"},{"@type":"ListItem","position":2,"name":"Shop","item":"https:\/\/www.gamegenic.com\/de\/shop\/"},{"@type":"ListItem","position":3,"name":"SLIDE CARD CASES"}]},{"@type":"WebSite","@id":"https:\/\/www.gamegenic.com\/de\/#website","url":"https:\/\/www.gamegenic.com\/de\/","name":"GAMEGENIC - Ingenious Supplies","description":"","publisher":{"@id":"https:\/\/www.gamegenic.com\/de\/#organization"},"potentialAction":[{"@type":"SearchAction","target":{"@type":"EntryPoint","urlTemplate":"https:\/\/www.gamegenic.com\/de\/?s={search_term_string}"},"query-input":{"@type":"PropertyValueSpecification","valueRequired":true,"valueName":"search_term_string"}}],"inLanguage":"de"},{"@type":"Organization","@id":"https:\/\/www.gamegenic.com\/de\/#organization","name":"Gamegenic GmbH","url":"https:\/\/www.gamegenic.com\/de\/","logo":{"@type":"ImageObject","inLanguage":"de","@id":"https:\/\/www.gamegenic.com\/de\/#\/schema\/logo\/image\/","url":"https:\/\/www.gamegenic.com\/wp-content\/uploads\/Gamegenic-Logo-FINAL.jpg","contentUrl":"https:\/\/www.gamegenic.com\/wp-content\/uploads\/Gamegenic-Logo-FINAL.jpg","width":3507,"height":2480,"caption":"Gamegenic GmbH"},"image":{"@id":"https:\/\/www.gamegenic.com\/de\/#\/schema\/logo\/image\/"},"sameAs":["https:\/\/www.facebook.com\/GamegenicSupplies\/","https:\/\/x.com\/Gamegenic_","https:\/\/www.instagram.com\/gamegenicsupplies\/","https:\/\/www.youtube.com\/channel\/UCgmMXQPjjWW-Zy9ceMH6oGw"]}]}},"_links":{"self":[{"href":"https:\/\/www.gamegenic.com\/de\/wp-json\/wp\/v2\/product\/28437","targetHints":{"allow":["GET"]}}],"collection":[{"href":"https:\/\/www.gamegenic.com\/de\/wp-json\/wp\/v2\/product"}],"about":[{"href":"https:\/\/www.gamegenic.com\/de\/wp-json\/wp\/v2\/types\/product"}],"wp:featuredmedia":[{"embeddable":true,"href":"https:\/\/www.gamegenic.com\/de\/wp-json\/wp\/v2\/media\/28476"}],"wp:attachment":[{"href":"https:\/\/www.gamegenic.com\/de\/wp-json\/wp\/v2\/media?parent=28437"}],"wp:term":[{"taxonomy":"product_brand","embeddable":true,"href":"https:\/\/www.gamegenic.com\/de\/wp-json\/wp\/v2\/product_brand?post=28437"},{"taxonomy":"product_cat","embeddable":true,"href":"https:\/\/www.gamegenic.com\/de\/wp-json\/wp\/v2\/product_cat?post=28437"},{"taxonomy":"product_tag","embeddable":true,"href":"https:\/\/www.gamegenic.com\/de\/wp-json\/wp\/v2\/product_tag?post=28437"}],"curies":[{"name":"wp","href":"https:\/\/api.w.org\/{rel}","templated":true}]}}