{"id":10903,"date":"2019-11-25T08:31:30","date_gmt":"2019-11-25T07:31:30","guid":{"rendered":"https:\/\/www.gamegenic.com\/product\/inner-sleeves\/"},"modified":"2025-07-10T14:25:05","modified_gmt":"2025-07-10T12:25:05","slug":"inner-sleeves","status":"publish","type":"product","link":"https:\/\/www.gamegenic.com\/de\/produkt\/inner-sleeves\/","title":{"rendered":"INNER SLEEVES"},"content":{"rendered":"<div class=\"fusion-fullwidth fullwidth-box fusion-builder-row-1 nonhundred-percent-fullwidth non-hundred-percent-height-scrolling gg-summary gg-position\" style=\"--awb-border-radius-top-left:0px;--awb-border-radius-top-right:0px;--awb-border-radius-bottom-right:0px;--awb-border-radius-bottom-left:0px;--awb-flex-wrap:wrap;\" id=\"gg-anker\" ><div class=\"fusion-builder-row fusion-row\"><div class=\"fusion-layout-column fusion_builder_column fusion-builder-column-0 fusion_builder_column_1_2 1_2 fusion-one-half fusion-column-first gg-features\" style=\"--awb-bg-size:cover;width:50%;width:calc(50% - ( ( 60px ) * 0.5 ) );margin-right: 60px;\"><div class=\"fusion-column-wrapper fusion-column-has-shadow fusion-flex-column-wrapper-legacy\"><div class=\"fusion-text fusion-text-1\"><h2>FEATURES<\/h2>\n<ul>\n<li><strong>100<\/strong> Sleeves pro Packung<\/li>\n<li>Optimierte Gr\u00f6\u00dfe f\u00fcr Standardkarten<\/li>\n<li>Zus\u00e4tzlicher H\u00fclle-in-H\u00fclle-Schutz<\/li>\n<li>Besonders klare Transparenz<\/li>\n<li>Konsistente Gr\u00f6\u00dfe<\/li>\n<li>S\u00e4urefrei, kein PVC<\/li>\n<\/ul>\n<\/div><div class=\"fusion-clearfix\"><\/div><\/div><\/div><div class=\"fusion-layout-column fusion_builder_column fusion-builder-column-1 fusion_builder_column_1_2 1_2 fusion-one-half fusion-column-last\" style=\"--awb-bg-size:cover;width:50%;width:calc(50% - ( ( 60px ) * 0.5 ) );\"><div class=\"fusion-column-wrapper fusion-column-has-shadow fusion-flex-column-wrapper-legacy\">\n<h2>SPEZIFIKATIONEN<\/h2>\n<div class=\"table-2\">\n<table width=\"100%\">\n<tbody>\n<tr>\n<td align=\"left\">Sleeve Gr\u00f6\u00dfe<\/td>\n<td align=\"left\">64 x 89 mm<\/td>\n<\/tr>\n<tr>\n<td align=\"left\">Kartengr\u00f6\u00dfe<\/td>\n<td align=\"left\">bis zu 63 x 88 mm<\/td>\n<\/tr>\n<tr>\n<td style=\"vertical-align: top;\" align=\"left\">Menge pro Packung<\/td>\n<td align=\"left\">100 Sleeves<\/td>\n<\/tr>\n<tr>\n<td style=\"vertical-align: top;\" align=\"left\">Material<\/td>\n<td align=\"left\">Polypropylen<\/td>\n<\/tr>\n<tr>\n<td align=\"left\">Verpackungsart<\/td>\n<td align=\"left\">Polypropylen-Beutel<\/td>\n<\/tr>\n<\/tbody>\n<\/table>\n<\/div>\n<h2 style=\"margin-top:60px\">UPE<i data-tooltip=\"\u00dcber diese Webseite k\u00f6nnen keine K\u00e4ufe get\u00e4tigt werden. Alle aufgef\u00fchrten Preise sind UPE (Unverbindliche Preisempfehlung) des Herstellers in EUR (inkl. MwSt.) oder USD (ohne MwSt.). M\u00f6glicherweise anfallende Lieferkosten sind nicht enthalten. Die angegebenen Preise sind nicht bindend und k\u00f6nnen als Empfehlung behandelt werden.\" class=\"fas fa-info-circle gg-tooltip\">\uf05a<\/i><\/h2>\n<form action=\"\" method=\"post\" id=\"alg_currency_selector\"><select name=\"alg_currency\" id=\"alg_currency_select\" class=\"alg_currency_select\" onchange=\"this.form.submit()\"><option id=\"alg_currency_USD\" value=\"USD\" >USD<\/option><option id=\"alg_currency_EUR\" value=\"EUR\"  selected='selected'>EUR<\/option><option id=\"alg_currency_CAD\" value=\"CAD\" >U.S.-USD<\/option><\/select><noscript><input type=\"submit\" value=\"Refresh\"><\/noscript><\/form>\n<span class=\"woocommerce-Price-amount amount\"><bdi><span class=\"woocommerce-Price-currencySymbol\">EUR<\/span>&nbsp;2,99<\/bdi><\/span>\n\n<\/p>\n<div class=\"fusion-alignleft\"><a class=\"fusion-button button-flat fusion-button-default-size button-default fusion-button-default button-1 fusion-button-default-span fusion-button-default-type shopfinder-button\" target=\"_blank\" rel=\"noopener noreferrer\" href=\"https:\/\/www.gamegenic.com\/de\/shopfinder\/\"><i class=\"fa-globe-americas fas awb-button__icon awb-button__icon--default button-icon-left\" aria-hidden=\"true\"><\/i><span class=\"fusion-button-text awb-button__text awb-button__text--default\">Shop Suche<\/span><\/a><\/div>\n<\/p>\n<div class=\"fusion-clearfix\"><\/div><\/div><\/div><\/div><\/div>\n","protected":false},"excerpt":{"rendered":"<p>Spiel- und Sammelkarten sind sehr wertvoll und daher auch besonders sch\u00fctzenswert. Diese Inner Sleeves bieten idealen zus\u00e4tzlichen Schutz. Sie werden in regul\u00e4ren Sleeves (H\u00fclle in H\u00fclle) verwendet, um die Karten vor Staub, Schmutz oder anderen Besch\u00e4digungen (z. B. durch h\u00e4ufiges Mischen) zu bewahren. Die Ma\u00dfe der Inner Sleeves sind passgenau f\u00fcr Spielkarten in Standardgr\u00f6\u00dfe optimiert. Eine Packung enth\u00e4lt 100 Inner Sleeves und ist auch f\u00fcr umfangreichere Deckformate geeignet.<\/p>\n","protected":false},"featured_media":8922,"template":"","meta":[],"product_brand":[],"product_cat":[358,256],"product_tag":[],"class_list":{"0":"post-10903","1":"product","2":"type-product","3":"status-publish","4":"has-post-thumbnail","6":"product_cat-card-sleeves-de","7":"product_cat-inner-sleeves-de","9":"first","10":"instock","11":"shipping-taxable","12":"purchasable","13":"product-type-variable","14":"has-default-attributes","15":"wvs-archive-product-wrapper"},"yoast_head":"<!-- This site is optimized with the Yoast SEO plugin v27.3 - https:\/\/yoast.com\/product\/yoast-seo-wordpress\/ -->\n<title>INNER SLEEVES - GAMEGENIC - Ingenious Supplies<\/title>\n<meta name=\"description\" content=\"Spiel- und Sammelkarten sind sehr wertvoll und daher auch besonders sch\u00fctzenswert. Diese Inner Sleeves bieten idealen zus\u00e4tzlichen Schutz. Sie werden in regul\u00e4ren Sleeves (H\u00fclle in H\u00fclle) verwendet, um die Karten vor Staub, Schmutz oder anderen Besch\u00e4digungen (z. B. durch h\u00e4ufiges Mischen) zu bewahren. Die Ma\u00dfe der Inner Sleeves sind passgenau f\u00fcr Spielkarten in Standardgr\u00f6\u00dfe optimiert. Eine Packung enth\u00e4lt 100 Inner Sleeves und ist auch f\u00fcr gr\u00f6\u00dfere Deckformate geeignet.\" \/>\n<meta name=\"robots\" content=\"index, follow, max-snippet:-1, max-image-preview:large, max-video-preview:-1\" \/>\n<link rel=\"canonical\" href=\"https:\/\/www.gamegenic.com\/de\/produkt\/inner-sleeves\/\" \/>\n<meta property=\"og:locale\" content=\"de_DE\" \/>\n<meta property=\"og:type\" content=\"article\" \/>\n<meta property=\"og:title\" content=\"INNER SLEEVES\" \/>\n<meta property=\"og:description\" content=\"Spiel- und Sammelkarten sind sehr wertvoll und daher auch besonders sch\u00fctzenswert. Diese Inner Sleeves bieten idealen zus\u00e4tzlichen Schutz. Sie werden in regul\u00e4ren Sleeves (H\u00fclle in H\u00fclle) verwendet, um die Karten vor Staub, Schmutz oder anderen Besch\u00e4digungen (z. B. durch h\u00e4ufiges Mischen) zu bewahren. Die Ma\u00dfe der Inner Sleeves sind passgenau f\u00fcr Spielkarten in Standardgr\u00f6\u00dfe optimiert. Eine Packung enth\u00e4lt 100 Inner Sleeves und ist auch f\u00fcr gr\u00f6\u00dfere Deckformate geeignet.\" \/>\n<meta property=\"og:url\" content=\"https:\/\/www.gamegenic.com\/de\/produkt\/inner-sleeves\/\" \/>\n<meta property=\"og:site_name\" content=\"GAMEGENIC - Ingenious Supplies\" \/>\n<meta property=\"article:publisher\" content=\"https:\/\/www.facebook.com\/GamegenicSupplies\/\" \/>\n<meta property=\"article:modified_time\" content=\"2025-07-10T12:25:05+00:00\" \/>\n<meta property=\"og:image\" content=\"https:\/\/www.gamegenic.com\/wp-content\/uploads\/fb-GG_inner_sleeves.jpg\" \/>\n<meta name=\"twitter:card\" content=\"summary_large_image\" \/>\n<meta name=\"twitter:title\" content=\"INNER SLEEVES\" \/>\n<meta name=\"twitter:description\" content=\"Spiel- und Sammelkarten sind sehr wertvoll und daher auch besonders sch\u00fctzenswert. Diese Inner Sleeves bieten idealen zus\u00e4tzlichen Schutz. Sie werden in regul\u00e4ren Sleeves (H\u00fclle in H\u00fclle) verwendet, um die Karten vor Staub, Schmutz oder anderen Besch\u00e4digungen (z. B. durch h\u00e4ufiges Mischen) zu bewahren. Die Ma\u00dfe der Inner Sleeves sind passgenau f\u00fcr Spielkarten in Standardgr\u00f6\u00dfe optimiert. Eine Packung enth\u00e4lt 100 Inner Sleeves und ist auch f\u00fcr gr\u00f6\u00dfere Deckformate geeignet.\" \/>\n<meta name=\"twitter:image\" content=\"https:\/\/www.gamegenic.com\/wp-content\/uploads\/fb-GG_inner_sleeves.jpg\" \/>\n<meta name=\"twitter:site\" content=\"@Gamegenic_\" \/>\n<meta name=\"twitter:label1\" content=\"Gesch\u00e4tzte Lesezeit\" \/>\n\t<meta name=\"twitter:data1\" content=\"1\u00a0Minute\" \/>\n<script type=\"application\/ld+json\" class=\"yoast-schema-graph\">{\"@context\":\"https:\\\/\\\/schema.org\",\"@graph\":[{\"@type\":\"WebPage\",\"@id\":\"https:\\\/\\\/www.gamegenic.com\\\/de\\\/produkt\\\/inner-sleeves\\\/\",\"url\":\"https:\\\/\\\/www.gamegenic.com\\\/de\\\/produkt\\\/inner-sleeves\\\/\",\"name\":\"INNER SLEEVES - GAMEGENIC - Ingenious Supplies\",\"isPartOf\":{\"@id\":\"https:\\\/\\\/www.gamegenic.com\\\/de\\\/#website\"},\"primaryImageOfPage\":{\"@id\":\"https:\\\/\\\/www.gamegenic.com\\\/de\\\/produkt\\\/inner-sleeves\\\/#primaryimage\"},\"image\":{\"@id\":\"https:\\\/\\\/www.gamegenic.com\\\/de\\\/produkt\\\/inner-sleeves\\\/#primaryimage\"},\"thumbnailUrl\":\"https:\\\/\\\/www.gamegenic.com\\\/wp-content\\\/uploads\\\/GG_Inner_Soft_Sleeves_0000.jpg\",\"datePublished\":\"2019-11-25T07:31:30+00:00\",\"dateModified\":\"2025-07-10T12:25:05+00:00\",\"description\":\"Spiel- und Sammelkarten sind sehr wertvoll und daher auch besonders sch\u00fctzenswert. Diese Inner Sleeves bieten idealen zus\u00e4tzlichen Schutz. Sie werden in regul\u00e4ren Sleeves (H\u00fclle in H\u00fclle) verwendet, um die Karten vor Staub, Schmutz oder anderen Besch\u00e4digungen (z. B. durch h\u00e4ufiges Mischen) zu bewahren. Die Ma\u00dfe der Inner Sleeves sind passgenau f\u00fcr Spielkarten in Standardgr\u00f6\u00dfe optimiert. Eine Packung enth\u00e4lt 100 Inner Sleeves und ist auch f\u00fcr gr\u00f6\u00dfere Deckformate geeignet.\",\"breadcrumb\":{\"@id\":\"https:\\\/\\\/www.gamegenic.com\\\/de\\\/produkt\\\/inner-sleeves\\\/#breadcrumb\"},\"inLanguage\":\"de\",\"potentialAction\":[{\"@type\":\"ReadAction\",\"target\":[\"https:\\\/\\\/www.gamegenic.com\\\/de\\\/produkt\\\/inner-sleeves\\\/\"]}]},{\"@type\":\"ImageObject\",\"inLanguage\":\"de\",\"@id\":\"https:\\\/\\\/www.gamegenic.com\\\/de\\\/produkt\\\/inner-sleeves\\\/#primaryimage\",\"url\":\"https:\\\/\\\/www.gamegenic.com\\\/wp-content\\\/uploads\\\/GG_Inner_Soft_Sleeves_0000.jpg\",\"contentUrl\":\"https:\\\/\\\/www.gamegenic.com\\\/wp-content\\\/uploads\\\/GG_Inner_Soft_Sleeves_0000.jpg\",\"width\":900,\"height\":900,\"caption\":\"INNER SLEEVES\"},{\"@type\":\"BreadcrumbList\",\"@id\":\"https:\\\/\\\/www.gamegenic.com\\\/de\\\/produkt\\\/inner-sleeves\\\/#breadcrumb\",\"itemListElement\":[{\"@type\":\"ListItem\",\"position\":1,\"name\":\"Home\",\"item\":\"https:\\\/\\\/www.gamegenic.com\\\/de\\\/\"},{\"@type\":\"ListItem\",\"position\":2,\"name\":\"Shop\",\"item\":\"https:\\\/\\\/www.gamegenic.com\\\/de\\\/shop\\\/\"},{\"@type\":\"ListItem\",\"position\":3,\"name\":\"INNER SLEEVES\"}]},{\"@type\":\"WebSite\",\"@id\":\"https:\\\/\\\/www.gamegenic.com\\\/de\\\/#website\",\"url\":\"https:\\\/\\\/www.gamegenic.com\\\/de\\\/\",\"name\":\"GAMEGENIC - Ingenious Supplies\",\"description\":\"\",\"publisher\":{\"@id\":\"https:\\\/\\\/www.gamegenic.com\\\/de\\\/#organization\"},\"potentialAction\":[{\"@type\":\"SearchAction\",\"target\":{\"@type\":\"EntryPoint\",\"urlTemplate\":\"https:\\\/\\\/www.gamegenic.com\\\/de\\\/?s={search_term_string}\"},\"query-input\":{\"@type\":\"PropertyValueSpecification\",\"valueRequired\":true,\"valueName\":\"search_term_string\"}}],\"inLanguage\":\"de\"},{\"@type\":\"Organization\",\"@id\":\"https:\\\/\\\/www.gamegenic.com\\\/de\\\/#organization\",\"name\":\"Gamegenic GmbH\",\"url\":\"https:\\\/\\\/www.gamegenic.com\\\/de\\\/\",\"logo\":{\"@type\":\"ImageObject\",\"inLanguage\":\"de\",\"@id\":\"https:\\\/\\\/www.gamegenic.com\\\/de\\\/#\\\/schema\\\/logo\\\/image\\\/\",\"url\":\"https:\\\/\\\/www.gamegenic.com\\\/wp-content\\\/uploads\\\/Gamegenic-Logo-FINAL.jpg\",\"contentUrl\":\"https:\\\/\\\/www.gamegenic.com\\\/wp-content\\\/uploads\\\/Gamegenic-Logo-FINAL.jpg\",\"width\":3507,\"height\":2480,\"caption\":\"Gamegenic GmbH\"},\"image\":{\"@id\":\"https:\\\/\\\/www.gamegenic.com\\\/de\\\/#\\\/schema\\\/logo\\\/image\\\/\"},\"sameAs\":[\"https:\\\/\\\/www.facebook.com\\\/GamegenicSupplies\\\/\",\"https:\\\/\\\/x.com\\\/Gamegenic_\",\"https:\\\/\\\/www.instagram.com\\\/gamegenicsupplies\\\/\",\"https:\\\/\\\/www.youtube.com\\\/channel\\\/UCgmMXQPjjWW-Zy9ceMH6oGw\"]}]}<\/script>\n<!-- \/ Yoast SEO plugin. -->","yoast_head_json":{"title":"INNER SLEEVES - GAMEGENIC - Ingenious Supplies","description":"Spiel- und Sammelkarten sind sehr wertvoll und daher auch besonders sch\u00fctzenswert. Diese Inner Sleeves bieten idealen zus\u00e4tzlichen Schutz. Sie werden in regul\u00e4ren Sleeves (H\u00fclle in H\u00fclle) verwendet, um die Karten vor Staub, Schmutz oder anderen Besch\u00e4digungen (z. B. durch h\u00e4ufiges Mischen) zu bewahren. Die Ma\u00dfe der Inner Sleeves sind passgenau f\u00fcr Spielkarten in Standardgr\u00f6\u00dfe optimiert. Eine Packung enth\u00e4lt 100 Inner Sleeves und ist auch f\u00fcr gr\u00f6\u00dfere Deckformate geeignet.","robots":{"index":"index","follow":"follow","max-snippet":"max-snippet:-1","max-image-preview":"max-image-preview:large","max-video-preview":"max-video-preview:-1"},"canonical":"https:\/\/www.gamegenic.com\/de\/produkt\/inner-sleeves\/","og_locale":"de_DE","og_type":"article","og_title":"INNER SLEEVES","og_description":"Spiel- und Sammelkarten sind sehr wertvoll und daher auch besonders sch\u00fctzenswert. Diese Inner Sleeves bieten idealen zus\u00e4tzlichen Schutz. Sie werden in regul\u00e4ren Sleeves (H\u00fclle in H\u00fclle) verwendet, um die Karten vor Staub, Schmutz oder anderen Besch\u00e4digungen (z. B. durch h\u00e4ufiges Mischen) zu bewahren. Die Ma\u00dfe der Inner Sleeves sind passgenau f\u00fcr Spielkarten in Standardgr\u00f6\u00dfe optimiert. Eine Packung enth\u00e4lt 100 Inner Sleeves und ist auch f\u00fcr gr\u00f6\u00dfere Deckformate geeignet.","og_url":"https:\/\/www.gamegenic.com\/de\/produkt\/inner-sleeves\/","og_site_name":"GAMEGENIC - Ingenious Supplies","article_publisher":"https:\/\/www.facebook.com\/GamegenicSupplies\/","article_modified_time":"2025-07-10T12:25:05+00:00","og_image":[{"url":"https:\/\/www.gamegenic.com\/wp-content\/uploads\/fb-GG_inner_sleeves.jpg","type":"","width":"","height":""}],"twitter_card":"summary_large_image","twitter_title":"INNER SLEEVES","twitter_description":"Spiel- und Sammelkarten sind sehr wertvoll und daher auch besonders sch\u00fctzenswert. Diese Inner Sleeves bieten idealen zus\u00e4tzlichen Schutz. Sie werden in regul\u00e4ren Sleeves (H\u00fclle in H\u00fclle) verwendet, um die Karten vor Staub, Schmutz oder anderen Besch\u00e4digungen (z. B. durch h\u00e4ufiges Mischen) zu bewahren. Die Ma\u00dfe der Inner Sleeves sind passgenau f\u00fcr Spielkarten in Standardgr\u00f6\u00dfe optimiert. Eine Packung enth\u00e4lt 100 Inner Sleeves und ist auch f\u00fcr gr\u00f6\u00dfere Deckformate geeignet.","twitter_image":"https:\/\/www.gamegenic.com\/wp-content\/uploads\/fb-GG_inner_sleeves.jpg","twitter_site":"@Gamegenic_","twitter_misc":{"Gesch\u00e4tzte Lesezeit":"1\u00a0Minute"},"schema":{"@context":"https:\/\/schema.org","@graph":[{"@type":"WebPage","@id":"https:\/\/www.gamegenic.com\/de\/produkt\/inner-sleeves\/","url":"https:\/\/www.gamegenic.com\/de\/produkt\/inner-sleeves\/","name":"INNER SLEEVES - GAMEGENIC - Ingenious Supplies","isPartOf":{"@id":"https:\/\/www.gamegenic.com\/de\/#website"},"primaryImageOfPage":{"@id":"https:\/\/www.gamegenic.com\/de\/produkt\/inner-sleeves\/#primaryimage"},"image":{"@id":"https:\/\/www.gamegenic.com\/de\/produkt\/inner-sleeves\/#primaryimage"},"thumbnailUrl":"https:\/\/www.gamegenic.com\/wp-content\/uploads\/GG_Inner_Soft_Sleeves_0000.jpg","datePublished":"2019-11-25T07:31:30+00:00","dateModified":"2025-07-10T12:25:05+00:00","description":"Spiel- und Sammelkarten sind sehr wertvoll und daher auch besonders sch\u00fctzenswert. Diese Inner Sleeves bieten idealen zus\u00e4tzlichen Schutz. Sie werden in regul\u00e4ren Sleeves (H\u00fclle in H\u00fclle) verwendet, um die Karten vor Staub, Schmutz oder anderen Besch\u00e4digungen (z. B. durch h\u00e4ufiges Mischen) zu bewahren. Die Ma\u00dfe der Inner Sleeves sind passgenau f\u00fcr Spielkarten in Standardgr\u00f6\u00dfe optimiert. Eine Packung enth\u00e4lt 100 Inner Sleeves und ist auch f\u00fcr gr\u00f6\u00dfere Deckformate geeignet.","breadcrumb":{"@id":"https:\/\/www.gamegenic.com\/de\/produkt\/inner-sleeves\/#breadcrumb"},"inLanguage":"de","potentialAction":[{"@type":"ReadAction","target":["https:\/\/www.gamegenic.com\/de\/produkt\/inner-sleeves\/"]}]},{"@type":"ImageObject","inLanguage":"de","@id":"https:\/\/www.gamegenic.com\/de\/produkt\/inner-sleeves\/#primaryimage","url":"https:\/\/www.gamegenic.com\/wp-content\/uploads\/GG_Inner_Soft_Sleeves_0000.jpg","contentUrl":"https:\/\/www.gamegenic.com\/wp-content\/uploads\/GG_Inner_Soft_Sleeves_0000.jpg","width":900,"height":900,"caption":"INNER SLEEVES"},{"@type":"BreadcrumbList","@id":"https:\/\/www.gamegenic.com\/de\/produkt\/inner-sleeves\/#breadcrumb","itemListElement":[{"@type":"ListItem","position":1,"name":"Home","item":"https:\/\/www.gamegenic.com\/de\/"},{"@type":"ListItem","position":2,"name":"Shop","item":"https:\/\/www.gamegenic.com\/de\/shop\/"},{"@type":"ListItem","position":3,"name":"INNER SLEEVES"}]},{"@type":"WebSite","@id":"https:\/\/www.gamegenic.com\/de\/#website","url":"https:\/\/www.gamegenic.com\/de\/","name":"GAMEGENIC - Ingenious Supplies","description":"","publisher":{"@id":"https:\/\/www.gamegenic.com\/de\/#organization"},"potentialAction":[{"@type":"SearchAction","target":{"@type":"EntryPoint","urlTemplate":"https:\/\/www.gamegenic.com\/de\/?s={search_term_string}"},"query-input":{"@type":"PropertyValueSpecification","valueRequired":true,"valueName":"search_term_string"}}],"inLanguage":"de"},{"@type":"Organization","@id":"https:\/\/www.gamegenic.com\/de\/#organization","name":"Gamegenic GmbH","url":"https:\/\/www.gamegenic.com\/de\/","logo":{"@type":"ImageObject","inLanguage":"de","@id":"https:\/\/www.gamegenic.com\/de\/#\/schema\/logo\/image\/","url":"https:\/\/www.gamegenic.com\/wp-content\/uploads\/Gamegenic-Logo-FINAL.jpg","contentUrl":"https:\/\/www.gamegenic.com\/wp-content\/uploads\/Gamegenic-Logo-FINAL.jpg","width":3507,"height":2480,"caption":"Gamegenic GmbH"},"image":{"@id":"https:\/\/www.gamegenic.com\/de\/#\/schema\/logo\/image\/"},"sameAs":["https:\/\/www.facebook.com\/GamegenicSupplies\/","https:\/\/x.com\/Gamegenic_","https:\/\/www.instagram.com\/gamegenicsupplies\/","https:\/\/www.youtube.com\/channel\/UCgmMXQPjjWW-Zy9ceMH6oGw"]}]}},"_links":{"self":[{"href":"https:\/\/www.gamegenic.com\/de\/wp-json\/wp\/v2\/product\/10903","targetHints":{"allow":["GET"]}}],"collection":[{"href":"https:\/\/www.gamegenic.com\/de\/wp-json\/wp\/v2\/product"}],"about":[{"href":"https:\/\/www.gamegenic.com\/de\/wp-json\/wp\/v2\/types\/product"}],"wp:featuredmedia":[{"embeddable":true,"href":"https:\/\/www.gamegenic.com\/de\/wp-json\/wp\/v2\/media\/8922"}],"wp:attachment":[{"href":"https:\/\/www.gamegenic.com\/de\/wp-json\/wp\/v2\/media?parent=10903"}],"wp:term":[{"taxonomy":"product_brand","embeddable":true,"href":"https:\/\/www.gamegenic.com\/de\/wp-json\/wp\/v2\/product_brand?post=10903"},{"taxonomy":"product_cat","embeddable":true,"href":"https:\/\/www.gamegenic.com\/de\/wp-json\/wp\/v2\/product_cat?post=10903"},{"taxonomy":"product_tag","embeddable":true,"href":"https:\/\/www.gamegenic.com\/de\/wp-json\/wp\/v2\/product_tag?post=10903"}],"curies":[{"name":"wp","href":"https:\/\/api.w.org\/{rel}","templated":true}]}}