{"id":10857,"date":"2020-02-12T15:50:22","date_gmt":"2020-02-12T14:50:22","guid":{"rendered":"https:\/\/www.gamegenic.com\/product\/casual-album-24-pocket\/"},"modified":"2025-07-10T13:58:01","modified_gmt":"2025-07-10T11:58:01","slug":"casual-album-24-pocket","status":"publish","type":"product","link":"https:\/\/www.gamegenic.com\/de\/produkt\/casual-album-24-pocket\/","title":{"rendered":"CASUAL ALBUM 24-POCKET"},"content":{"rendered":"<div class=\"fusion-fullwidth fullwidth-box fusion-builder-row-1 nonhundred-percent-fullwidth non-hundred-percent-height-scrolling gg-summary gg-position\" style=\"--awb-border-radius-top-left:0px;--awb-border-radius-top-right:0px;--awb-border-radius-bottom-right:0px;--awb-border-radius-bottom-left:0px;--awb-flex-wrap:wrap;\" id=\"gg-anker\" ><div class=\"fusion-builder-row fusion-row\"><div class=\"fusion-layout-column fusion_builder_column fusion-builder-column-0 fusion_builder_column_1_2 1_2 fusion-one-half fusion-column-first gg-features\" style=\"--awb-bg-size:cover;width:50%;width:calc(50% - ( ( 60px ) * 0.5 ) );margin-right: 60px;\"><div class=\"fusion-column-wrapper fusion-column-has-shadow fusion-flex-column-wrapper-legacy\"><div class=\"fusion-text fusion-text-1\"><h2>FEATURES<\/h2>\n<ul>\n<li>Enth\u00e4lt <strong>20<\/strong> Sideloader-Seiten f\u00fcr<br \/>\nbis zu <strong>480<\/strong> gesleevte Karten*<\/li>\n<li><strong>COLORMATCH:<\/strong>\u00a0 Farblich abgestimmter<br \/>\nUmschlag, Seiten und Verschlussband<\/li>\n<li>Extra breites, elastisches Verschlussband<br \/>\nmit verst\u00e4rkten N\u00e4hten<\/li>\n<li><strong>24 Sideloader-Taschen<\/strong> pro Seite sch\u00fctzen die Karten vor dem\u00a0Herausfallen<\/li>\n<li>Perfekt f\u00fcr PLAYSET-Sammlungen<br \/>\nmit je 4 Karten<\/li>\n<li>Passend f\u00fcr Karten in Standard- und japanischer Gr\u00f6\u00dfe<\/li>\n<li>Optimiert f\u00fcr doppelt gesleevte Karten<\/li>\n<li>S\u00e4urefrei. Kein PVC<\/li>\n<\/ul>\n<\/div><div class=\"fusion-text fusion-text-2 gg-notice\"><p>* Optimiert f\u00fcr Gamegenic Sleeves. Sleeves von anderen Marken k\u00f6nnen Fassungsverm\u00f6gen\/Kompatibilit\u00e4t beeintr\u00e4chtigen<\/p>\n<\/div>\n<div class=\"fusion-clearfix\"><\/div><\/div><\/div><div class=\"fusion-layout-column fusion_builder_column fusion-builder-column-1 fusion_builder_column_1_2 1_2 fusion-one-half fusion-column-last\" style=\"--awb-bg-size:cover;width:50%;width:calc(50% - ( ( 60px ) * 0.5 ) );\"><div class=\"fusion-column-wrapper fusion-column-has-shadow fusion-flex-column-wrapper-legacy\">\n<h2>SPEZIFIKATIONEN<\/h2>\n<div class=\"table-2\">\n<table width=\"100%\">\n<tbody>\n<tr>\n<td align=\"left\">Produktgr\u00f6\u00dfe<br \/>\n<span class=\"gg-wdh\">(B x T x H)<\/span><\/td>\n<td align=\"left\">310 x 28 x 305 mm<\/td>\n<\/tr>\n<tr>\n<td style=\"vertical-align: top;\" align=\"left\">Material<\/td>\n<td align=\"left\">Polypropylen<\/td>\n<\/tr>\n<tr>\n<td align=\"left\">Verpackungsart<\/td>\n<td align=\"left\">Polypropylen-Beutel<\/td>\n<\/tr>\n<\/tbody>\n<\/table>\n<\/div>\n<h2 style=\"margin-top:60px\">UPE<i data-tooltip=\"\u00dcber diese Webseite k\u00f6nnen keine K\u00e4ufe get\u00e4tigt werden. Alle aufgef\u00fchrten Preise sind UPE (Unverbindliche Preisempfehlung) des Herstellers in EUR (inkl. MwSt.) oder USD (ohne MwSt.). M\u00f6glicherweise anfallende Lieferkosten sind nicht enthalten. Die angegebenen Preise sind nicht bindend und k\u00f6nnen als Empfehlung behandelt werden.\" class=\"fas fa-info-circle gg-tooltip\">\uf05a<\/i><\/h2>\n<form action=\"\" method=\"post\" id=\"alg_currency_selector\"><select name=\"alg_currency\" id=\"alg_currency_select\" class=\"alg_currency_select\" onchange=\"this.form.submit()\"><option id=\"alg_currency_USD\" value=\"USD\" >USD<\/option><option id=\"alg_currency_EUR\" value=\"EUR\"  selected='selected'>EUR<\/option><option id=\"alg_currency_CAD\" value=\"CAD\" >U.S.-USD<\/option><\/select><noscript><input type=\"submit\" value=\"Refresh\"><\/noscript><\/form>\n<span class=\"woocommerce-Price-amount amount\"><bdi><span class=\"woocommerce-Price-currencySymbol\">EUR<\/span>&nbsp;20,99<\/bdi><\/span>\n\n<div class=\"fusion-alignleft\"><a class=\"fusion-button button-flat fusion-button-default-size button-default fusion-button-default button-1 fusion-button-default-span fusion-button-default-type shopfinder-button\" target=\"_blank\" rel=\"noopener noreferrer\" href=\"https:\/\/www.gamegenic.com\/de\/shopfinder\/\"><i class=\"fa-globe-americas fas awb-button__icon awb-button__icon--default button-icon-left\" aria-hidden=\"true\"><\/i><span class=\"fusion-button-text awb-button__text awb-button__text--default\">Shop Suche<\/span><\/a><\/div>\n<div class=\"fusion-clearfix\"><\/div><\/div><\/div><\/div><\/div>\n","protected":false},"excerpt":{"rendered":"<p>Das 24-Pocket Casual Album ist eine klassische und kosteng\u00fcnstige L\u00f6sung zum Sammeln und Organisieren von Karten im Standard- und japanischen Format. Es ist aus strapazierf\u00e4higem Polypropylen gefertigt und in vielen verschiedenen ansprechenden Farben erh\u00e4ltlich. Das Album enth\u00e4lt 20 Seiten mit je 24 Taschen mit seitlichem Karteneinschub und bietet Platz f\u00fcr 480 Karten (auch doppelt gesleevt). Die in Reihen zu je vier Taschen unterteilten Seiten sind ideal f\u00fcr PLAYSET-Sammlungen (jeweils 4 Karten) geeignet. Mit dem extra breiten Gummiband mit verst\u00e4rkten N\u00e4hten l\u00e4sst sich dieses Album sicher verschlie\u00dfen.<\/p>\n","protected":false},"featured_media":3468,"template":"","meta":[],"product_brand":[],"product_cat":[243,244],"product_tag":[],"class_list":{"0":"post-10857","1":"product","2":"type-product","3":"status-publish","4":"has-post-thumbnail","6":"product_cat-binders-de","7":"product_cat-casual-album-de","9":"first","10":"instock","11":"shipping-taxable","12":"purchasable","13":"product-type-variable","14":"has-default-attributes","15":"wvs-archive-product-wrapper"},"yoast_head":"<!-- This site is optimized with the Yoast SEO plugin v27.3 - https:\/\/yoast.com\/product\/yoast-seo-wordpress\/ -->\n<title>CASUAL ALBUM 24-POCKET - GAMEGENIC - Ingenious Supplies<\/title>\n<meta name=\"description\" content=\"Das 24-Pocket Casual Album ist eine klassische und kosteng\u00fcnstige L\u00f6sung zum Sammeln und Organisieren von Karten im Standard- und japanischen Format. Es ist aus strapazierf\u00e4higem Polypropylen gefertigt und in vielen verschiedenen ansprechenden Farben erh\u00e4ltlich. Das Album enth\u00e4lt 20 Seiten mit je 24 von der Seite zu bef\u00fcllenden F\u00e4chern und bietet Platz f\u00fcr 480 Karten (auch doppelt gesleevt). Die in Reihen zu je vier F\u00e4chern unterteilten Seiten sind ideal f\u00fcr PLAYSET-Sammlungen (jeweils 4 Karten) geeignet. Mit dem extra breiten Gummiband mit verst\u00e4rkten N\u00e4hten l\u00e4sst sich dieses Album sicher verschlie\u00dfen.\" \/>\n<meta name=\"robots\" content=\"index, follow, max-snippet:-1, max-image-preview:large, max-video-preview:-1\" \/>\n<link rel=\"canonical\" href=\"https:\/\/www.gamegenic.com\/de\/produkt\/casual-album-24-pocket\/\" \/>\n<meta property=\"og:locale\" content=\"de_DE\" \/>\n<meta property=\"og:type\" content=\"article\" \/>\n<meta property=\"og:title\" content=\"CASUAL ALBUM 24-POCKET\" \/>\n<meta property=\"og:description\" content=\"Das 24-Pocket Casual Album ist eine klassische und kosteng\u00fcnstige L\u00f6sung zum Sammeln und Organisieren von Karten im Standard- und japanischen Format. Es ist aus strapazierf\u00e4higem Polypropylen gefertigt und in vielen verschiedenen ansprechenden Farben erh\u00e4ltlich. Das Album enth\u00e4lt 20 Seiten mit je 24 von der Seite zu bef\u00fcllenden F\u00e4chern und bietet Platz f\u00fcr 480 Karten (auch doppelt gesleevt). Die in Reihen zu je vier F\u00e4chern unterteilten Seiten sind ideal f\u00fcr PLAYSET-Sammlungen (jeweils 4 Karten) geeignet. Mit dem extra breiten Gummiband mit verst\u00e4rkten N\u00e4hten l\u00e4sst sich dieses Album sicher verschlie\u00dfen.\" \/>\n<meta property=\"og:url\" content=\"https:\/\/www.gamegenic.com\/de\/produkt\/casual-album-24-pocket\/\" \/>\n<meta property=\"og:site_name\" content=\"GAMEGENIC - Ingenious Supplies\" \/>\n<meta property=\"article:publisher\" content=\"https:\/\/www.facebook.com\/GamegenicSupplies\/\" \/>\n<meta property=\"article:modified_time\" content=\"2025-07-10T11:58:01+00:00\" \/>\n<meta property=\"og:image\" content=\"https:\/\/www.gamegenic.com\/wp-content\/uploads\/2020\/02\/fb-casual-album-24-pocket_0Sq21uRWY.jpg\" \/>\n\t<meta property=\"og:image:width\" content=\"1200\" \/>\n\t<meta property=\"og:image:height\" content=\"630\" \/>\n\t<meta property=\"og:image:type\" content=\"image\/jpeg\" \/>\n<meta name=\"twitter:card\" content=\"summary_large_image\" \/>\n<meta name=\"twitter:title\" content=\"CASUAL ALBUM 24-POCKET\" \/>\n<meta name=\"twitter:description\" content=\"Das 24-Pocket Casual Album ist eine klassische und kosteng\u00fcnstige L\u00f6sung zum Sammeln und Organisieren von Karten im Standard- und japanischen Format. Es ist aus strapazierf\u00e4higem Polypropylen gefertigt und in vielen verschiedenen ansprechenden Farben erh\u00e4ltlich. Das Album enth\u00e4lt 20 Seiten mit je 24 von der Seite zu bef\u00fcllenden F\u00e4chern und bietet Platz f\u00fcr 480 Karten (auch doppelt gesleevt). Die in Reihen zu je vier F\u00e4chern unterteilten Seiten sind ideal f\u00fcr PLAYSET-Sammlungen (jeweils 4 Karten) geeignet. Mit dem extra breiten Gummiband mit verst\u00e4rkten N\u00e4hten l\u00e4sst sich dieses Album sicher verschlie\u00dfen.\" \/>\n<meta name=\"twitter:image\" content=\"https:\/\/www.gamegenic.com\/wp-content\/uploads\/2020\/02\/fb-casual-album-24-pocket_0Sq21uRWY.jpg\" \/>\n<meta name=\"twitter:site\" content=\"@Gamegenic_\" \/>\n<meta name=\"twitter:label1\" content=\"Gesch\u00e4tzte Lesezeit\" \/>\n\t<meta name=\"twitter:data1\" content=\"1\u00a0Minute\" \/>\n<script type=\"application\/ld+json\" class=\"yoast-schema-graph\">{\"@context\":\"https:\\\/\\\/schema.org\",\"@graph\":[{\"@type\":\"WebPage\",\"@id\":\"https:\\\/\\\/www.gamegenic.com\\\/de\\\/produkt\\\/casual-album-24-pocket\\\/\",\"url\":\"https:\\\/\\\/www.gamegenic.com\\\/de\\\/produkt\\\/casual-album-24-pocket\\\/\",\"name\":\"CASUAL ALBUM 24-POCKET - GAMEGENIC - Ingenious Supplies\",\"isPartOf\":{\"@id\":\"https:\\\/\\\/www.gamegenic.com\\\/de\\\/#website\"},\"primaryImageOfPage\":{\"@id\":\"https:\\\/\\\/www.gamegenic.com\\\/de\\\/produkt\\\/casual-album-24-pocket\\\/#primaryimage\"},\"image\":{\"@id\":\"https:\\\/\\\/www.gamegenic.com\\\/de\\\/produkt\\\/casual-album-24-pocket\\\/#primaryimage\"},\"thumbnailUrl\":\"https:\\\/\\\/www.gamegenic.com\\\/wp-content\\\/uploads\\\/productimage-Casual-Album-24-900.jpg\",\"datePublished\":\"2020-02-12T14:50:22+00:00\",\"dateModified\":\"2025-07-10T11:58:01+00:00\",\"description\":\"Das 24-Pocket Casual Album ist eine klassische und kosteng\u00fcnstige L\u00f6sung zum Sammeln und Organisieren von Karten im Standard- und japanischen Format. Es ist aus strapazierf\u00e4higem Polypropylen gefertigt und in vielen verschiedenen ansprechenden Farben erh\u00e4ltlich. Das Album enth\u00e4lt 20 Seiten mit je 24 von der Seite zu bef\u00fcllenden F\u00e4chern und bietet Platz f\u00fcr 480 Karten (auch doppelt gesleevt). Die in Reihen zu je vier F\u00e4chern unterteilten Seiten sind ideal f\u00fcr PLAYSET-Sammlungen (jeweils 4 Karten) geeignet. Mit dem extra breiten Gummiband mit verst\u00e4rkten N\u00e4hten l\u00e4sst sich dieses Album sicher verschlie\u00dfen.\",\"breadcrumb\":{\"@id\":\"https:\\\/\\\/www.gamegenic.com\\\/de\\\/produkt\\\/casual-album-24-pocket\\\/#breadcrumb\"},\"inLanguage\":\"de\",\"potentialAction\":[{\"@type\":\"ReadAction\",\"target\":[\"https:\\\/\\\/www.gamegenic.com\\\/de\\\/produkt\\\/casual-album-24-pocket\\\/\"]}]},{\"@type\":\"ImageObject\",\"inLanguage\":\"de\",\"@id\":\"https:\\\/\\\/www.gamegenic.com\\\/de\\\/produkt\\\/casual-album-24-pocket\\\/#primaryimage\",\"url\":\"https:\\\/\\\/www.gamegenic.com\\\/wp-content\\\/uploads\\\/productimage-Casual-Album-24-900.jpg\",\"contentUrl\":\"https:\\\/\\\/www.gamegenic.com\\\/wp-content\\\/uploads\\\/productimage-Casual-Album-24-900.jpg\",\"width\":900,\"height\":900,\"caption\":\"CASUAL ALBUM 24-POCKET\"},{\"@type\":\"BreadcrumbList\",\"@id\":\"https:\\\/\\\/www.gamegenic.com\\\/de\\\/produkt\\\/casual-album-24-pocket\\\/#breadcrumb\",\"itemListElement\":[{\"@type\":\"ListItem\",\"position\":1,\"name\":\"Home\",\"item\":\"https:\\\/\\\/www.gamegenic.com\\\/de\\\/\"},{\"@type\":\"ListItem\",\"position\":2,\"name\":\"Shop\",\"item\":\"https:\\\/\\\/www.gamegenic.com\\\/de\\\/shop\\\/\"},{\"@type\":\"ListItem\",\"position\":3,\"name\":\"CASUAL ALBUM 24-POCKET\"}]},{\"@type\":\"WebSite\",\"@id\":\"https:\\\/\\\/www.gamegenic.com\\\/de\\\/#website\",\"url\":\"https:\\\/\\\/www.gamegenic.com\\\/de\\\/\",\"name\":\"GAMEGENIC - Ingenious Supplies\",\"description\":\"\",\"publisher\":{\"@id\":\"https:\\\/\\\/www.gamegenic.com\\\/de\\\/#organization\"},\"potentialAction\":[{\"@type\":\"SearchAction\",\"target\":{\"@type\":\"EntryPoint\",\"urlTemplate\":\"https:\\\/\\\/www.gamegenic.com\\\/de\\\/?s={search_term_string}\"},\"query-input\":{\"@type\":\"PropertyValueSpecification\",\"valueRequired\":true,\"valueName\":\"search_term_string\"}}],\"inLanguage\":\"de\"},{\"@type\":\"Organization\",\"@id\":\"https:\\\/\\\/www.gamegenic.com\\\/de\\\/#organization\",\"name\":\"Gamegenic GmbH\",\"url\":\"https:\\\/\\\/www.gamegenic.com\\\/de\\\/\",\"logo\":{\"@type\":\"ImageObject\",\"inLanguage\":\"de\",\"@id\":\"https:\\\/\\\/www.gamegenic.com\\\/de\\\/#\\\/schema\\\/logo\\\/image\\\/\",\"url\":\"https:\\\/\\\/www.gamegenic.com\\\/wp-content\\\/uploads\\\/Gamegenic-Logo-FINAL.jpg\",\"contentUrl\":\"https:\\\/\\\/www.gamegenic.com\\\/wp-content\\\/uploads\\\/Gamegenic-Logo-FINAL.jpg\",\"width\":3507,\"height\":2480,\"caption\":\"Gamegenic GmbH\"},\"image\":{\"@id\":\"https:\\\/\\\/www.gamegenic.com\\\/de\\\/#\\\/schema\\\/logo\\\/image\\\/\"},\"sameAs\":[\"https:\\\/\\\/www.facebook.com\\\/GamegenicSupplies\\\/\",\"https:\\\/\\\/x.com\\\/Gamegenic_\",\"https:\\\/\\\/www.instagram.com\\\/gamegenicsupplies\\\/\",\"https:\\\/\\\/www.youtube.com\\\/channel\\\/UCgmMXQPjjWW-Zy9ceMH6oGw\"]}]}<\/script>\n<!-- \/ Yoast SEO plugin. -->","yoast_head_json":{"title":"CASUAL ALBUM 24-POCKET - GAMEGENIC - Ingenious Supplies","description":"Das 24-Pocket Casual Album ist eine klassische und kosteng\u00fcnstige L\u00f6sung zum Sammeln und Organisieren von Karten im Standard- und japanischen Format. Es ist aus strapazierf\u00e4higem Polypropylen gefertigt und in vielen verschiedenen ansprechenden Farben erh\u00e4ltlich. Das Album enth\u00e4lt 20 Seiten mit je 24 von der Seite zu bef\u00fcllenden F\u00e4chern und bietet Platz f\u00fcr 480 Karten (auch doppelt gesleevt). Die in Reihen zu je vier F\u00e4chern unterteilten Seiten sind ideal f\u00fcr PLAYSET-Sammlungen (jeweils 4 Karten) geeignet. Mit dem extra breiten Gummiband mit verst\u00e4rkten N\u00e4hten l\u00e4sst sich dieses Album sicher verschlie\u00dfen.","robots":{"index":"index","follow":"follow","max-snippet":"max-snippet:-1","max-image-preview":"max-image-preview:large","max-video-preview":"max-video-preview:-1"},"canonical":"https:\/\/www.gamegenic.com\/de\/produkt\/casual-album-24-pocket\/","og_locale":"de_DE","og_type":"article","og_title":"CASUAL ALBUM 24-POCKET","og_description":"Das 24-Pocket Casual Album ist eine klassische und kosteng\u00fcnstige L\u00f6sung zum Sammeln und Organisieren von Karten im Standard- und japanischen Format. Es ist aus strapazierf\u00e4higem Polypropylen gefertigt und in vielen verschiedenen ansprechenden Farben erh\u00e4ltlich. Das Album enth\u00e4lt 20 Seiten mit je 24 von der Seite zu bef\u00fcllenden F\u00e4chern und bietet Platz f\u00fcr 480 Karten (auch doppelt gesleevt). Die in Reihen zu je vier F\u00e4chern unterteilten Seiten sind ideal f\u00fcr PLAYSET-Sammlungen (jeweils 4 Karten) geeignet. Mit dem extra breiten Gummiband mit verst\u00e4rkten N\u00e4hten l\u00e4sst sich dieses Album sicher verschlie\u00dfen.","og_url":"https:\/\/www.gamegenic.com\/de\/produkt\/casual-album-24-pocket\/","og_site_name":"GAMEGENIC - Ingenious Supplies","article_publisher":"https:\/\/www.facebook.com\/GamegenicSupplies\/","article_modified_time":"2025-07-10T11:58:01+00:00","og_image":[{"width":1200,"height":630,"url":"https:\/\/www.gamegenic.com\/wp-content\/uploads\/2020\/02\/fb-casual-album-24-pocket_0Sq21uRWY.jpg","type":"image\/jpeg"}],"twitter_card":"summary_large_image","twitter_title":"CASUAL ALBUM 24-POCKET","twitter_description":"Das 24-Pocket Casual Album ist eine klassische und kosteng\u00fcnstige L\u00f6sung zum Sammeln und Organisieren von Karten im Standard- und japanischen Format. Es ist aus strapazierf\u00e4higem Polypropylen gefertigt und in vielen verschiedenen ansprechenden Farben erh\u00e4ltlich. Das Album enth\u00e4lt 20 Seiten mit je 24 von der Seite zu bef\u00fcllenden F\u00e4chern und bietet Platz f\u00fcr 480 Karten (auch doppelt gesleevt). Die in Reihen zu je vier F\u00e4chern unterteilten Seiten sind ideal f\u00fcr PLAYSET-Sammlungen (jeweils 4 Karten) geeignet. Mit dem extra breiten Gummiband mit verst\u00e4rkten N\u00e4hten l\u00e4sst sich dieses Album sicher verschlie\u00dfen.","twitter_image":"https:\/\/www.gamegenic.com\/wp-content\/uploads\/2020\/02\/fb-casual-album-24-pocket_0Sq21uRWY.jpg","twitter_site":"@Gamegenic_","twitter_misc":{"Gesch\u00e4tzte Lesezeit":"1\u00a0Minute"},"schema":{"@context":"https:\/\/schema.org","@graph":[{"@type":"WebPage","@id":"https:\/\/www.gamegenic.com\/de\/produkt\/casual-album-24-pocket\/","url":"https:\/\/www.gamegenic.com\/de\/produkt\/casual-album-24-pocket\/","name":"CASUAL ALBUM 24-POCKET - GAMEGENIC - Ingenious Supplies","isPartOf":{"@id":"https:\/\/www.gamegenic.com\/de\/#website"},"primaryImageOfPage":{"@id":"https:\/\/www.gamegenic.com\/de\/produkt\/casual-album-24-pocket\/#primaryimage"},"image":{"@id":"https:\/\/www.gamegenic.com\/de\/produkt\/casual-album-24-pocket\/#primaryimage"},"thumbnailUrl":"https:\/\/www.gamegenic.com\/wp-content\/uploads\/productimage-Casual-Album-24-900.jpg","datePublished":"2020-02-12T14:50:22+00:00","dateModified":"2025-07-10T11:58:01+00:00","description":"Das 24-Pocket Casual Album ist eine klassische und kosteng\u00fcnstige L\u00f6sung zum Sammeln und Organisieren von Karten im Standard- und japanischen Format. Es ist aus strapazierf\u00e4higem Polypropylen gefertigt und in vielen verschiedenen ansprechenden Farben erh\u00e4ltlich. Das Album enth\u00e4lt 20 Seiten mit je 24 von der Seite zu bef\u00fcllenden F\u00e4chern und bietet Platz f\u00fcr 480 Karten (auch doppelt gesleevt). Die in Reihen zu je vier F\u00e4chern unterteilten Seiten sind ideal f\u00fcr PLAYSET-Sammlungen (jeweils 4 Karten) geeignet. Mit dem extra breiten Gummiband mit verst\u00e4rkten N\u00e4hten l\u00e4sst sich dieses Album sicher verschlie\u00dfen.","breadcrumb":{"@id":"https:\/\/www.gamegenic.com\/de\/produkt\/casual-album-24-pocket\/#breadcrumb"},"inLanguage":"de","potentialAction":[{"@type":"ReadAction","target":["https:\/\/www.gamegenic.com\/de\/produkt\/casual-album-24-pocket\/"]}]},{"@type":"ImageObject","inLanguage":"de","@id":"https:\/\/www.gamegenic.com\/de\/produkt\/casual-album-24-pocket\/#primaryimage","url":"https:\/\/www.gamegenic.com\/wp-content\/uploads\/productimage-Casual-Album-24-900.jpg","contentUrl":"https:\/\/www.gamegenic.com\/wp-content\/uploads\/productimage-Casual-Album-24-900.jpg","width":900,"height":900,"caption":"CASUAL ALBUM 24-POCKET"},{"@type":"BreadcrumbList","@id":"https:\/\/www.gamegenic.com\/de\/produkt\/casual-album-24-pocket\/#breadcrumb","itemListElement":[{"@type":"ListItem","position":1,"name":"Home","item":"https:\/\/www.gamegenic.com\/de\/"},{"@type":"ListItem","position":2,"name":"Shop","item":"https:\/\/www.gamegenic.com\/de\/shop\/"},{"@type":"ListItem","position":3,"name":"CASUAL ALBUM 24-POCKET"}]},{"@type":"WebSite","@id":"https:\/\/www.gamegenic.com\/de\/#website","url":"https:\/\/www.gamegenic.com\/de\/","name":"GAMEGENIC - Ingenious Supplies","description":"","publisher":{"@id":"https:\/\/www.gamegenic.com\/de\/#organization"},"potentialAction":[{"@type":"SearchAction","target":{"@type":"EntryPoint","urlTemplate":"https:\/\/www.gamegenic.com\/de\/?s={search_term_string}"},"query-input":{"@type":"PropertyValueSpecification","valueRequired":true,"valueName":"search_term_string"}}],"inLanguage":"de"},{"@type":"Organization","@id":"https:\/\/www.gamegenic.com\/de\/#organization","name":"Gamegenic GmbH","url":"https:\/\/www.gamegenic.com\/de\/","logo":{"@type":"ImageObject","inLanguage":"de","@id":"https:\/\/www.gamegenic.com\/de\/#\/schema\/logo\/image\/","url":"https:\/\/www.gamegenic.com\/wp-content\/uploads\/Gamegenic-Logo-FINAL.jpg","contentUrl":"https:\/\/www.gamegenic.com\/wp-content\/uploads\/Gamegenic-Logo-FINAL.jpg","width":3507,"height":2480,"caption":"Gamegenic GmbH"},"image":{"@id":"https:\/\/www.gamegenic.com\/de\/#\/schema\/logo\/image\/"},"sameAs":["https:\/\/www.facebook.com\/GamegenicSupplies\/","https:\/\/x.com\/Gamegenic_","https:\/\/www.instagram.com\/gamegenicsupplies\/","https:\/\/www.youtube.com\/channel\/UCgmMXQPjjWW-Zy9ceMH6oGw"]}]}},"_links":{"self":[{"href":"https:\/\/www.gamegenic.com\/de\/wp-json\/wp\/v2\/product\/10857","targetHints":{"allow":["GET"]}}],"collection":[{"href":"https:\/\/www.gamegenic.com\/de\/wp-json\/wp\/v2\/product"}],"about":[{"href":"https:\/\/www.gamegenic.com\/de\/wp-json\/wp\/v2\/types\/product"}],"wp:featuredmedia":[{"embeddable":true,"href":"https:\/\/www.gamegenic.com\/de\/wp-json\/wp\/v2\/media\/3468"}],"wp:attachment":[{"href":"https:\/\/www.gamegenic.com\/de\/wp-json\/wp\/v2\/media?parent=10857"}],"wp:term":[{"taxonomy":"product_brand","embeddable":true,"href":"https:\/\/www.gamegenic.com\/de\/wp-json\/wp\/v2\/product_brand?post=10857"},{"taxonomy":"product_cat","embeddable":true,"href":"https:\/\/www.gamegenic.com\/de\/wp-json\/wp\/v2\/product_cat?post=10857"},{"taxonomy":"product_tag","embeddable":true,"href":"https:\/\/www.gamegenic.com\/de\/wp-json\/wp\/v2\/product_tag?post=10857"}],"curies":[{"name":"wp","href":"https:\/\/api.w.org\/{rel}","templated":true}]}}