{"id":10840,"date":"2020-02-14T12:05:09","date_gmt":"2020-02-14T11:05:09","guid":{"rendered":"https:\/\/www.gamegenic.com\/product\/prime-playmat-xl\/"},"modified":"2025-07-22T09:01:33","modified_gmt":"2025-07-22T07:01:33","slug":"prime-playmat-xl","status":"publish","type":"product","link":"https:\/\/www.gamegenic.com\/de\/produkt\/prime-playmat-xl\/","title":{"rendered":"PRIME PLAYMAT XL"},"content":{"rendered":"<div class=\"fusion-fullwidth fullwidth-box fusion-builder-row-1 nonhundred-percent-fullwidth non-hundred-percent-height-scrolling gg-summary gg-position\" style=\"--awb-border-radius-top-left:0px;--awb-border-radius-top-right:0px;--awb-border-radius-bottom-right:0px;--awb-border-radius-bottom-left:0px;--awb-flex-wrap:wrap;\" id=\"gg-anker\" ><div class=\"fusion-builder-row fusion-row\"><div class=\"fusion-layout-column fusion_builder_column fusion-builder-column-0 fusion_builder_column_1_2 1_2 fusion-one-half fusion-column-first gg-features\" style=\"--awb-bg-size:cover;width:50%;width:calc(50% - ( ( 60px ) * 0.5 ) );margin-right: 60px;\"><div class=\"fusion-column-wrapper fusion-column-has-shadow fusion-flex-column-wrapper-legacy\"><div class=\"fusion-text fusion-text-1\" style=\"--awb-text-transform:none;\"><h2>FEATURES<\/h2>\n<ul>\n<li><strong>80 x 35 cm<\/strong><\/li>\n<li>Weiche, 2 mm dicke Spielmatte<\/li>\n<li>19 cm breiter als Standard-Spielmatten<\/li>\n<li>Perfekt f\u00fcr <em>KeyForge<\/em>\u00ae und andere<br \/>\nKartenspiele, die viel Platz ben\u00f6tigen<\/li>\n<li>Besonders feine Oberfl\u00e4che<\/li>\n<li>Bietet eine sichere Umgebung<br \/>\nf\u00fcr Karten und Zubeh\u00f6r<\/li>\n<li>Rutschfeste R\u00fcckseite<\/li>\n<li>Dezentes und elegantes aufgedrucktes Logo.<br \/>\n(Nicht st\u00f6rend: je nach Lichteinfall fast unsichtbar)<\/li>\n<li>Aus Naturkautschuk hergestellt<\/li>\n<\/ul>\n<\/div><div class=\"fusion-clearfix\"><\/div><\/div><\/div><div class=\"fusion-layout-column fusion_builder_column fusion-builder-column-1 fusion_builder_column_1_2 1_2 fusion-one-half fusion-column-last\" style=\"--awb-bg-size:cover;width:50%;width:calc(50% - ( ( 60px ) * 0.5 ) );\"><div class=\"fusion-column-wrapper fusion-column-has-shadow fusion-flex-column-wrapper-legacy\">\n<h2>SPEZIFIKATIONEN<\/h2>\n<div class=\"table-2\">\n<table style=\"width: 100%; height: 96px;\" width=\"100%\">\n<tbody>\n<tr style=\"height: 24px;\">\n<td style=\"height: 24px;\" align=\"left\">Produktgr\u00f6\u00dfe<\/td>\n<td style=\"height: 24px;\" align=\"left\">800 x 350 mm<\/td>\n<\/tr>\n<tr style=\"height: 24px;\">\n<td style=\"vertical-align: top; height: 24px;\" align=\"left\">Material<\/td>\n<td style=\"height: 24px;\" align=\"left\">Natural rubber<\/td>\n<\/tr>\n<tr style=\"height: 48px;\">\n<td style=\"height: 48px;\" align=\"left\">Verpackungsart<\/td>\n<td style=\"height: 48px;\" align=\"left\">Fensterkarton<\/td>\n<\/tr>\n<\/tbody>\n<\/table>\n<\/div>\n<h2 style=\"margin-top:60px\">UPE<i data-tooltip=\"\u00dcber diese Webseite k\u00f6nnen keine K\u00e4ufe get\u00e4tigt werden. Alle aufgef\u00fchrten Preise sind UPE (Unverbindliche Preisempfehlung) des Herstellers in EUR (inkl. MwSt.) oder USD (ohne MwSt.). M\u00f6glicherweise anfallende Lieferkosten sind nicht enthalten. Die angegebenen Preise sind nicht bindend und k\u00f6nnen als Empfehlung behandelt werden.\" class=\"fas fa-info-circle gg-tooltip\">\uf05a<\/i><\/h2>\n<form action=\"\" method=\"post\" id=\"alg_currency_selector\"><select name=\"alg_currency\" id=\"alg_currency_select\" class=\"alg_currency_select\" onchange=\"this.form.submit()\"><option id=\"alg_currency_USD\" value=\"USD\" >USD<\/option><option id=\"alg_currency_EUR\" value=\"EUR\"  selected='selected'>EUR<\/option><option id=\"alg_currency_CAD\" value=\"CAD\" >U.S.-USD<\/option><\/select><noscript><input type=\"submit\" value=\"Refresh\"><\/noscript><\/form>\n<span class=\"woocommerce-Price-amount amount\"><bdi><span class=\"woocommerce-Price-currencySymbol\">EUR<\/span>&nbsp;16,99<\/bdi><\/span>\n\n<div class=\"fusion-alignleft\"><a class=\"fusion-button button-flat fusion-button-default-size button-default fusion-button-default button-1 fusion-button-default-span fusion-button-default-type shopfinder-button\" target=\"_blank\" rel=\"noopener noreferrer\" href=\"https:\/\/www.gamegenic.com\/de\/shopfinder\/\"><i class=\"fa-globe-americas fas awb-button__icon awb-button__icon--default button-icon-left\" aria-hidden=\"true\"><\/i><span class=\"fusion-button-text awb-button__text awb-button__text--default\">Shop Suche<\/span><\/a><\/div>\n<div class=\"fusion-clearfix\"><\/div><\/div><\/div><\/div><\/div>\n","protected":false},"excerpt":{"rendered":"<p>Die Prime Playmat XL ist eine hochwertige, weich gepolsterte und mit 80 cm besonders breite Spielmatte. Dank der zus\u00e4tzlichen 19 cm ist die Playmat XL anderen handels\u00fcblichen Spielmatten herk\u00f6mmlicher Gr\u00f6\u00dfe deutlich \u00fcberlegen. Sie bietet mehr Platz f\u00fcr Karten und Zubeh\u00f6r, was f\u00fcr Spiele wie <em>KeyForge<\/em><span style=\"font-size: 10pt;\"><sup>\u00ae<\/sup><\/span>, aber auch f\u00fcr Sammelkartenspiele wie Magic: The Gathering\u2122 unerl\u00e4sslich ist.<\/p>\n<p>Die Matte besitzt eine ultrafeine Oberfl\u00e4che sowie eine rutschfeste Unterseite, die w\u00e4hrend des Spielens perfekt an Ort und Stelle bleibt. Das 2 mm dicke Naturkautschuk-Material gew\u00e4hrleistet, dass die Spielmatte flach auf dem Tisch aufliegt.<\/p>\n","protected":false},"featured_media":12321,"template":"","meta":[],"product_brand":[],"product_cat":[264,283,271],"product_tag":[],"class_list":{"0":"post-10840","1":"product","2":"type-product","3":"status-publish","4":"has-post-thumbnail","6":"product_cat-gaming-accessories-de","7":"product_cat-playmats-de","8":"product_cat-playmats-tubes-de","10":"first","11":"instock","12":"shipping-taxable","13":"purchasable","14":"product-type-variable","15":"has-default-attributes","16":"wvs-archive-product-wrapper"},"yoast_head":"<!-- This site is optimized with the Yoast SEO plugin v27.3 - https:\/\/yoast.com\/product\/yoast-seo-wordpress\/ -->\n<title>PRIME PLAYMAT XL - GAMEGENIC - Ingenious Supplies<\/title>\n<meta name=\"description\" content=\"Extra-breite Prime Playmat XL (80\u202fcm) mit weicher Polsterung, rutschfester R\u00fcckseite &amp; 2\u202fmm Gummi \u2013 ideal f\u00fcr KeyForge\u00ae &amp; Magic: The Gathering\u2122.\" \/>\n<meta name=\"robots\" content=\"index, follow, max-snippet:-1, max-image-preview:large, max-video-preview:-1\" \/>\n<link rel=\"canonical\" href=\"https:\/\/www.gamegenic.com\/de\/produkt\/prime-playmat-xl\/\" \/>\n<meta property=\"og:locale\" content=\"de_DE\" \/>\n<meta property=\"og:type\" content=\"article\" \/>\n<meta property=\"og:title\" content=\"PRIME PLAYMAT XL\" \/>\n<meta property=\"og:description\" content=\"Extra-breite Prime Playmat XL (80\u202fcm) mit weicher Polsterung, rutschfester R\u00fcckseite &amp; 2\u202fmm Gummi \u2013 ideal f\u00fcr KeyForge\u00ae &amp; Magic: The Gathering\u2122.\" \/>\n<meta property=\"og:url\" content=\"https:\/\/www.gamegenic.com\/de\/produkt\/prime-playmat-xl\/\" \/>\n<meta property=\"og:site_name\" content=\"GAMEGENIC - Ingenious Supplies\" \/>\n<meta property=\"article:publisher\" content=\"https:\/\/www.facebook.com\/GamegenicSupplies\/\" \/>\n<meta property=\"article:modified_time\" content=\"2025-07-22T07:01:33+00:00\" \/>\n<meta property=\"og:image\" content=\"https:\/\/www.gamegenic.com\/wp-content\/uploads\/2021\/10\/fb-playmat-XL_vTZfBAj9R.jpg\" \/>\n\t<meta property=\"og:image:width\" content=\"1200\" \/>\n\t<meta property=\"og:image:height\" content=\"630\" \/>\n\t<meta property=\"og:image:type\" content=\"image\/jpeg\" \/>\n<meta name=\"twitter:card\" content=\"summary_large_image\" \/>\n<meta name=\"twitter:title\" content=\"PRIME PLAYMAT XL\" \/>\n<meta name=\"twitter:description\" content=\"Extra-breite Prime Playmat XL (80\u202fcm) mit weicher Polsterung, rutschfester R\u00fcckseite &amp; 2\u202fmm Gummi \u2013 ideal f\u00fcr KeyForge\u00ae &amp; Magic: The Gathering\u2122.\" \/>\n<meta name=\"twitter:image\" content=\"https:\/\/www.gamegenic.com\/wp-content\/uploads\/2021\/10\/fb-playmat-XL_vTZfBAj9R.jpg\" \/>\n<meta name=\"twitter:site\" content=\"@Gamegenic_\" \/>\n<meta name=\"twitter:label1\" content=\"Gesch\u00e4tzte Lesezeit\" \/>\n\t<meta name=\"twitter:data1\" content=\"1\u00a0Minute\" \/>\n<script type=\"application\/ld+json\" class=\"yoast-schema-graph\">{\"@context\":\"https:\\\/\\\/schema.org\",\"@graph\":[{\"@type\":\"WebPage\",\"@id\":\"https:\\\/\\\/www.gamegenic.com\\\/de\\\/produkt\\\/prime-playmat-xl\\\/\",\"url\":\"https:\\\/\\\/www.gamegenic.com\\\/de\\\/produkt\\\/prime-playmat-xl\\\/\",\"name\":\"PRIME PLAYMAT XL - GAMEGENIC - Ingenious Supplies\",\"isPartOf\":{\"@id\":\"https:\\\/\\\/www.gamegenic.com\\\/de\\\/#website\"},\"primaryImageOfPage\":{\"@id\":\"https:\\\/\\\/www.gamegenic.com\\\/de\\\/produkt\\\/prime-playmat-xl\\\/#primaryimage\"},\"image\":{\"@id\":\"https:\\\/\\\/www.gamegenic.com\\\/de\\\/produkt\\\/prime-playmat-xl\\\/#primaryimage\"},\"thumbnailUrl\":\"https:\\\/\\\/www.gamegenic.com\\\/wp-content\\\/uploads\\\/2020\\\/02\\\/GG_Playmat_XL_0000_p3U6PlME8.jpg\",\"datePublished\":\"2020-02-14T11:05:09+00:00\",\"dateModified\":\"2025-07-22T07:01:33+00:00\",\"description\":\"Extra-breite Prime Playmat XL (80\u202fcm) mit weicher Polsterung, rutschfester R\u00fcckseite & 2\u202fmm Gummi \u2013 ideal f\u00fcr KeyForge\u00ae & Magic: The Gathering\u2122.\",\"breadcrumb\":{\"@id\":\"https:\\\/\\\/www.gamegenic.com\\\/de\\\/produkt\\\/prime-playmat-xl\\\/#breadcrumb\"},\"inLanguage\":\"de\",\"potentialAction\":[{\"@type\":\"ReadAction\",\"target\":[\"https:\\\/\\\/www.gamegenic.com\\\/de\\\/produkt\\\/prime-playmat-xl\\\/\"]}]},{\"@type\":\"ImageObject\",\"inLanguage\":\"de\",\"@id\":\"https:\\\/\\\/www.gamegenic.com\\\/de\\\/produkt\\\/prime-playmat-xl\\\/#primaryimage\",\"url\":\"https:\\\/\\\/www.gamegenic.com\\\/wp-content\\\/uploads\\\/2020\\\/02\\\/GG_Playmat_XL_0000_p3U6PlME8.jpg\",\"contentUrl\":\"https:\\\/\\\/www.gamegenic.com\\\/wp-content\\\/uploads\\\/2020\\\/02\\\/GG_Playmat_XL_0000_p3U6PlME8.jpg\",\"width\":900,\"height\":900},{\"@type\":\"BreadcrumbList\",\"@id\":\"https:\\\/\\\/www.gamegenic.com\\\/de\\\/produkt\\\/prime-playmat-xl\\\/#breadcrumb\",\"itemListElement\":[{\"@type\":\"ListItem\",\"position\":1,\"name\":\"Home\",\"item\":\"https:\\\/\\\/www.gamegenic.com\\\/de\\\/\"},{\"@type\":\"ListItem\",\"position\":2,\"name\":\"Shop\",\"item\":\"https:\\\/\\\/www.gamegenic.com\\\/de\\\/shop\\\/\"},{\"@type\":\"ListItem\",\"position\":3,\"name\":\"PRIME PLAYMAT XL\"}]},{\"@type\":\"WebSite\",\"@id\":\"https:\\\/\\\/www.gamegenic.com\\\/de\\\/#website\",\"url\":\"https:\\\/\\\/www.gamegenic.com\\\/de\\\/\",\"name\":\"GAMEGENIC - Ingenious Supplies\",\"description\":\"\",\"publisher\":{\"@id\":\"https:\\\/\\\/www.gamegenic.com\\\/de\\\/#organization\"},\"potentialAction\":[{\"@type\":\"SearchAction\",\"target\":{\"@type\":\"EntryPoint\",\"urlTemplate\":\"https:\\\/\\\/www.gamegenic.com\\\/de\\\/?s={search_term_string}\"},\"query-input\":{\"@type\":\"PropertyValueSpecification\",\"valueRequired\":true,\"valueName\":\"search_term_string\"}}],\"inLanguage\":\"de\"},{\"@type\":\"Organization\",\"@id\":\"https:\\\/\\\/www.gamegenic.com\\\/de\\\/#organization\",\"name\":\"Gamegenic GmbH\",\"url\":\"https:\\\/\\\/www.gamegenic.com\\\/de\\\/\",\"logo\":{\"@type\":\"ImageObject\",\"inLanguage\":\"de\",\"@id\":\"https:\\\/\\\/www.gamegenic.com\\\/de\\\/#\\\/schema\\\/logo\\\/image\\\/\",\"url\":\"https:\\\/\\\/www.gamegenic.com\\\/wp-content\\\/uploads\\\/Gamegenic-Logo-FINAL.jpg\",\"contentUrl\":\"https:\\\/\\\/www.gamegenic.com\\\/wp-content\\\/uploads\\\/Gamegenic-Logo-FINAL.jpg\",\"width\":3507,\"height\":2480,\"caption\":\"Gamegenic GmbH\"},\"image\":{\"@id\":\"https:\\\/\\\/www.gamegenic.com\\\/de\\\/#\\\/schema\\\/logo\\\/image\\\/\"},\"sameAs\":[\"https:\\\/\\\/www.facebook.com\\\/GamegenicSupplies\\\/\",\"https:\\\/\\\/x.com\\\/Gamegenic_\",\"https:\\\/\\\/www.instagram.com\\\/gamegenicsupplies\\\/\",\"https:\\\/\\\/www.youtube.com\\\/channel\\\/UCgmMXQPjjWW-Zy9ceMH6oGw\"]}]}<\/script>\n<!-- \/ Yoast SEO plugin. -->","yoast_head_json":{"title":"PRIME PLAYMAT XL - GAMEGENIC - Ingenious Supplies","description":"Extra-breite Prime Playmat XL (80\u202fcm) mit weicher Polsterung, rutschfester R\u00fcckseite & 2\u202fmm Gummi \u2013 ideal f\u00fcr KeyForge\u00ae & Magic: The Gathering\u2122.","robots":{"index":"index","follow":"follow","max-snippet":"max-snippet:-1","max-image-preview":"max-image-preview:large","max-video-preview":"max-video-preview:-1"},"canonical":"https:\/\/www.gamegenic.com\/de\/produkt\/prime-playmat-xl\/","og_locale":"de_DE","og_type":"article","og_title":"PRIME PLAYMAT XL","og_description":"Extra-breite Prime Playmat XL (80\u202fcm) mit weicher Polsterung, rutschfester R\u00fcckseite & 2\u202fmm Gummi \u2013 ideal f\u00fcr KeyForge\u00ae & Magic: The Gathering\u2122.","og_url":"https:\/\/www.gamegenic.com\/de\/produkt\/prime-playmat-xl\/","og_site_name":"GAMEGENIC - Ingenious Supplies","article_publisher":"https:\/\/www.facebook.com\/GamegenicSupplies\/","article_modified_time":"2025-07-22T07:01:33+00:00","og_image":[{"width":1200,"height":630,"url":"https:\/\/www.gamegenic.com\/wp-content\/uploads\/2021\/10\/fb-playmat-XL_vTZfBAj9R.jpg","type":"image\/jpeg"}],"twitter_card":"summary_large_image","twitter_title":"PRIME PLAYMAT XL","twitter_description":"Extra-breite Prime Playmat XL (80\u202fcm) mit weicher Polsterung, rutschfester R\u00fcckseite & 2\u202fmm Gummi \u2013 ideal f\u00fcr KeyForge\u00ae & Magic: The Gathering\u2122.","twitter_image":"https:\/\/www.gamegenic.com\/wp-content\/uploads\/2021\/10\/fb-playmat-XL_vTZfBAj9R.jpg","twitter_site":"@Gamegenic_","twitter_misc":{"Gesch\u00e4tzte Lesezeit":"1\u00a0Minute"},"schema":{"@context":"https:\/\/schema.org","@graph":[{"@type":"WebPage","@id":"https:\/\/www.gamegenic.com\/de\/produkt\/prime-playmat-xl\/","url":"https:\/\/www.gamegenic.com\/de\/produkt\/prime-playmat-xl\/","name":"PRIME PLAYMAT XL - GAMEGENIC - Ingenious Supplies","isPartOf":{"@id":"https:\/\/www.gamegenic.com\/de\/#website"},"primaryImageOfPage":{"@id":"https:\/\/www.gamegenic.com\/de\/produkt\/prime-playmat-xl\/#primaryimage"},"image":{"@id":"https:\/\/www.gamegenic.com\/de\/produkt\/prime-playmat-xl\/#primaryimage"},"thumbnailUrl":"https:\/\/www.gamegenic.com\/wp-content\/uploads\/2020\/02\/GG_Playmat_XL_0000_p3U6PlME8.jpg","datePublished":"2020-02-14T11:05:09+00:00","dateModified":"2025-07-22T07:01:33+00:00","description":"Extra-breite Prime Playmat XL (80\u202fcm) mit weicher Polsterung, rutschfester R\u00fcckseite & 2\u202fmm Gummi \u2013 ideal f\u00fcr KeyForge\u00ae & Magic: The Gathering\u2122.","breadcrumb":{"@id":"https:\/\/www.gamegenic.com\/de\/produkt\/prime-playmat-xl\/#breadcrumb"},"inLanguage":"de","potentialAction":[{"@type":"ReadAction","target":["https:\/\/www.gamegenic.com\/de\/produkt\/prime-playmat-xl\/"]}]},{"@type":"ImageObject","inLanguage":"de","@id":"https:\/\/www.gamegenic.com\/de\/produkt\/prime-playmat-xl\/#primaryimage","url":"https:\/\/www.gamegenic.com\/wp-content\/uploads\/2020\/02\/GG_Playmat_XL_0000_p3U6PlME8.jpg","contentUrl":"https:\/\/www.gamegenic.com\/wp-content\/uploads\/2020\/02\/GG_Playmat_XL_0000_p3U6PlME8.jpg","width":900,"height":900},{"@type":"BreadcrumbList","@id":"https:\/\/www.gamegenic.com\/de\/produkt\/prime-playmat-xl\/#breadcrumb","itemListElement":[{"@type":"ListItem","position":1,"name":"Home","item":"https:\/\/www.gamegenic.com\/de\/"},{"@type":"ListItem","position":2,"name":"Shop","item":"https:\/\/www.gamegenic.com\/de\/shop\/"},{"@type":"ListItem","position":3,"name":"PRIME PLAYMAT XL"}]},{"@type":"WebSite","@id":"https:\/\/www.gamegenic.com\/de\/#website","url":"https:\/\/www.gamegenic.com\/de\/","name":"GAMEGENIC - Ingenious Supplies","description":"","publisher":{"@id":"https:\/\/www.gamegenic.com\/de\/#organization"},"potentialAction":[{"@type":"SearchAction","target":{"@type":"EntryPoint","urlTemplate":"https:\/\/www.gamegenic.com\/de\/?s={search_term_string}"},"query-input":{"@type":"PropertyValueSpecification","valueRequired":true,"valueName":"search_term_string"}}],"inLanguage":"de"},{"@type":"Organization","@id":"https:\/\/www.gamegenic.com\/de\/#organization","name":"Gamegenic GmbH","url":"https:\/\/www.gamegenic.com\/de\/","logo":{"@type":"ImageObject","inLanguage":"de","@id":"https:\/\/www.gamegenic.com\/de\/#\/schema\/logo\/image\/","url":"https:\/\/www.gamegenic.com\/wp-content\/uploads\/Gamegenic-Logo-FINAL.jpg","contentUrl":"https:\/\/www.gamegenic.com\/wp-content\/uploads\/Gamegenic-Logo-FINAL.jpg","width":3507,"height":2480,"caption":"Gamegenic GmbH"},"image":{"@id":"https:\/\/www.gamegenic.com\/de\/#\/schema\/logo\/image\/"},"sameAs":["https:\/\/www.facebook.com\/GamegenicSupplies\/","https:\/\/x.com\/Gamegenic_","https:\/\/www.instagram.com\/gamegenicsupplies\/","https:\/\/www.youtube.com\/channel\/UCgmMXQPjjWW-Zy9ceMH6oGw"]}]}},"_links":{"self":[{"href":"https:\/\/www.gamegenic.com\/de\/wp-json\/wp\/v2\/product\/10840","targetHints":{"allow":["GET"]}}],"collection":[{"href":"https:\/\/www.gamegenic.com\/de\/wp-json\/wp\/v2\/product"}],"about":[{"href":"https:\/\/www.gamegenic.com\/de\/wp-json\/wp\/v2\/types\/product"}],"wp:featuredmedia":[{"embeddable":true,"href":"https:\/\/www.gamegenic.com\/de\/wp-json\/wp\/v2\/media\/12321"}],"wp:attachment":[{"href":"https:\/\/www.gamegenic.com\/de\/wp-json\/wp\/v2\/media?parent=10840"}],"wp:term":[{"taxonomy":"product_brand","embeddable":true,"href":"https:\/\/www.gamegenic.com\/de\/wp-json\/wp\/v2\/product_brand?post=10840"},{"taxonomy":"product_cat","embeddable":true,"href":"https:\/\/www.gamegenic.com\/de\/wp-json\/wp\/v2\/product_cat?post=10840"},{"taxonomy":"product_tag","embeddable":true,"href":"https:\/\/www.gamegenic.com\/de\/wp-json\/wp\/v2\/product_tag?post=10840"}],"curies":[{"name":"wp","href":"https:\/\/api.w.org\/{rel}","templated":true}]}}