{"id":10811,"date":"2020-02-17T11:00:04","date_gmt":"2020-02-17T10:00:04","guid":{"rendered":"https:\/\/www.gamegenic.com\/product\/prime-album-18-pocket\/"},"modified":"2025-09-03T10:38:35","modified_gmt":"2025-09-03T08:38:35","slug":"prime-album-18-pocket","status":"publish","type":"product","link":"https:\/\/www.gamegenic.com\/de\/produkt\/prime-album-18-pocket\/","title":{"rendered":"PRIME ALBUM 18-POCKET"},"content":{"rendered":"<div class=\"fusion-fullwidth fullwidth-box fusion-builder-row-1 nonhundred-percent-fullwidth non-hundred-percent-height-scrolling gg-summary gg-position\" style=\"--awb-border-radius-top-left:0px;--awb-border-radius-top-right:0px;--awb-border-radius-bottom-right:0px;--awb-border-radius-bottom-left:0px;--awb-flex-wrap:wrap;\" id=\"gg-anker\" ><div class=\"fusion-builder-row fusion-row\"><div class=\"fusion-layout-column fusion_builder_column fusion-builder-column-0 fusion_builder_column_1_2 1_2 fusion-one-half fusion-column-first gg-features\" style=\"--awb-bg-size:cover;width:50%;width:calc(50% - ( ( 60px ) * 0.5 ) );margin-right: 60px;\"><div class=\"fusion-column-wrapper fusion-column-has-shadow fusion-flex-column-wrapper-legacy\"><div class=\"fusion-text fusion-text-1\"><h2>FEATURES<\/h2>\n<ul>\n<li>Enth\u00e4lt <strong>20<\/strong> Sideloader-Seiten f\u00fcr bis zu <strong>360<\/strong> gesleevte Karten*<\/li>\n<li><strong>COLORMATCH:<\/strong> Farblich abgestimmter Umschlag, Innenfutter und Verschlussband<\/li>\n<li>Extra breites, elastisches Verschlussband<br \/>\nmit verst\u00e4rkten N\u00e4hten<\/li>\n<li><strong>18 Sideloader-Taschen<\/strong> pro Seite sch\u00fctzen die Karten vor dem Herausfallen<\/li>\n<li>Passend f\u00fcr Karten in Standard- und japanischer Gr\u00f6\u00dfe<\/li>\n<li>Optimiert f\u00fcr doppelt gesleevte Karten<\/li>\n<li>Robuste Au\u00dfenseiten verhindern das Verformen von Vorder- und R\u00fcckseite<\/li>\n<li>Hochwertiges Au\u00dfen- und Innenmaterial<br \/>\n(Nexofyber Au\u00dfenseite + Mikrofaser im\u00a0Inneren)<\/li>\n<li>S\u00e4urefrei. Kein PVC<\/li>\n<\/ul>\n<\/div><div class=\"fusion-text fusion-text-2 gg-notice\"><p>* Optimiert f\u00fcr Gamegenic Sleeves. Sleeves von anderen Marken k\u00f6nnen Fassungsverm\u00f6gen\/Kompatibilit\u00e4t beeintr\u00e4chtigen<\/p>\n<\/div>\n<div class=\"fusion-clearfix\"><\/div><\/div><\/div><div class=\"fusion-layout-column fusion_builder_column fusion-builder-column-1 fusion_builder_column_1_2 1_2 fusion-one-half fusion-column-last\" style=\"--awb-bg-size:cover;width:50%;width:calc(50% - ( ( 60px ) * 0.5 ) );\"><div class=\"fusion-column-wrapper fusion-column-has-shadow fusion-flex-column-wrapper-legacy\">\n<h2>SPEZIFIKATIONEN<\/h2>\n<div class=\"table-2\">\n<table width=\"100%\">\n<tbody>\n<tr>\n<td align=\"left\">Produktgr\u00f6\u00dfe<br \/>\n<span class=\"gg-wdh\">(B x T x H)<\/span><\/td>\n<td align=\"left\">255 x 33 x 320 mm<\/td>\n<\/tr>\n<tr>\n<td style=\"vertical-align: top;\" align=\"left\">Material<\/td>\n<td align=\"left\">Nexofyber Oberfl\u00e4che + Mikrofaser-Innenfutter<\/td>\n<\/tr>\n<tr>\n<td align=\"left\">Verpackungsart<\/td>\n<td align=\"left\">Fensterkarton<\/td>\n<\/tr>\n<\/tbody>\n<\/table>\n<\/div>\n<h2 style=\"margin-top:60px\">UPE<i data-tooltip=\"\u00dcber diese Webseite k\u00f6nnen keine K\u00e4ufe get\u00e4tigt werden. Alle aufgef\u00fchrten Preise sind UPE (Unverbindliche Preisempfehlung) des Herstellers in EUR (inkl. MwSt.) oder USD (ohne MwSt.). M\u00f6glicherweise anfallende Lieferkosten sind nicht enthalten. Die angegebenen Preise sind nicht bindend und k\u00f6nnen als Empfehlung behandelt werden.\" class=\"fas fa-info-circle gg-tooltip\">\uf05a<\/i><\/h2>\n<form action=\"\" method=\"post\" id=\"alg_currency_selector\"><select name=\"alg_currency\" id=\"alg_currency_select\" class=\"alg_currency_select\" onchange=\"this.form.submit()\"><option id=\"alg_currency_USD\" value=\"USD\" >USD<\/option><option id=\"alg_currency_EUR\" value=\"EUR\"  selected='selected'>EUR<\/option><option id=\"alg_currency_CAD\" value=\"CAD\" >U.S.-USD<\/option><\/select><noscript><input type=\"submit\" value=\"Refresh\"><\/noscript><\/form>\n<span class=\"woocommerce-Price-amount amount\"><bdi><span class=\"woocommerce-Price-currencySymbol\">EUR<\/span>&nbsp;24,99<\/bdi><\/span>\n\n<div class=\"fusion-alignleft\"><a class=\"fusion-button button-flat fusion-button-default-size button-default fusion-button-default button-1 fusion-button-default-span fusion-button-default-type shopfinder-button\" target=\"_blank\" rel=\"noopener noreferrer\" href=\"https:\/\/www.gamegenic.com\/de\/shopfinder\/\"><i class=\"fa-globe-americas fas awb-button__icon awb-button__icon--default button-icon-left\" aria-hidden=\"true\"><\/i><span class=\"fusion-button-text awb-button__text awb-button__text--default\">Shop Suche<\/span><\/a><\/div>\n<div class=\"fusion-clearfix\"><\/div><\/div><\/div><\/div><\/div>\n","protected":false},"excerpt":{"rendered":"<p>Das Prime Album 18-Pocket ist eine gro\u00dfartige L\u00f6sung zum Sammeln und Organisieren von Karten im Standard- und japanischen Format. Es ist mit einer innovativen Nexofyber-Oberfl\u00e4che ausgestattet, die eine angenehme Haptik mit einem eleganten Look verbindet. Die Innenseite aller Prime-Alben ist mit weichem Mikrofaserfutter ausgekleidet. Verst\u00e4rkte, starre Albumdeckel gew\u00e4hrleisten zus\u00e4tzlichen Schutz f\u00fcr die Aufbewahrung deiner Kartensammlungen. Das Album enth\u00e4lt 20 Seiten mit je 18 Taschen mit seitlichem Karteneinschub und bietet Platz f\u00fcr 360 Karten (auch doppelt gesleevt). Mit dem extra breiten Gummiband in passender Farbe l\u00e4sst sich dieses Album sicher verschlie\u00dfen.<\/p>\n","protected":false},"featured_media":34766,"template":"","meta":[],"product_brand":[],"product_cat":[243,246],"product_tag":[],"class_list":{"0":"post-10811","1":"product","2":"type-product","3":"status-publish","4":"has-post-thumbnail","6":"product_cat-binders-de","7":"product_cat-prime-album-de","9":"first","10":"instock","11":"shipping-taxable","12":"purchasable","13":"product-type-variable","14":"has-default-attributes","15":"wvs-archive-product-wrapper"},"yoast_head":"<!-- This site is optimized with the Yoast SEO plugin v27.3 - https:\/\/yoast.com\/product\/yoast-seo-wordpress\/ -->\n<title>PRIME ALBUM 18-POCKET - GAMEGENIC - Ingenious Supplies<\/title>\n<meta name=\"description\" content=\"Das Prime Album 18-Pocket ist eine gro\u00dfartige L\u00f6sung zum Sammeln und Organisieren von Karten im Standard- und japanischen Format. Es ist mit einer innovativen Nexofyber-Oberfl\u00e4che ausgestattet, die eine angenehme Haptik mit einem eleganten Look verbindet. Die Innenseite aller Prime-Alben ist mit weichem Mikrofaserfutter ausgekleidet.\" \/>\n<meta name=\"robots\" content=\"index, follow, max-snippet:-1, max-image-preview:large, max-video-preview:-1\" \/>\n<link rel=\"canonical\" href=\"https:\/\/www.gamegenic.com\/de\/produkt\/prime-album-18-pocket\/\" \/>\n<meta property=\"og:locale\" content=\"de_DE\" \/>\n<meta property=\"og:type\" content=\"article\" \/>\n<meta property=\"og:title\" content=\"PRIME ALBUM 18-POCKET\" \/>\n<meta property=\"og:description\" content=\"Das Prime Album 18-Pocket ist eine gro\u00dfartige L\u00f6sung zum Sammeln und Organisieren von Karten im Standard- und japanischen Format. Es ist mit einer innovativen Nexofyber-Oberfl\u00e4che ausgestattet, die eine angenehme Haptik mit einem eleganten Look verbindet. Die Innenseite aller Prime-Alben ist mit weichem Mikrofaserfutter ausgekleidet.\" \/>\n<meta property=\"og:url\" content=\"https:\/\/www.gamegenic.com\/de\/produkt\/prime-album-18-pocket\/\" \/>\n<meta property=\"og:site_name\" content=\"GAMEGENIC - Ingenious Supplies\" \/>\n<meta property=\"article:publisher\" content=\"https:\/\/www.facebook.com\/GamegenicSupplies\/\" \/>\n<meta property=\"article:modified_time\" content=\"2025-09-03T08:38:35+00:00\" \/>\n<meta property=\"og:image\" content=\"https:\/\/www.gamegenic.com\/wp-content\/uploads\/2024\/06\/Prime-Album-18-Pocket-Green-0003_4HBCtOjp6.jpg\" \/>\n\t<meta property=\"og:image:width\" content=\"1200\" \/>\n\t<meta property=\"og:image:height\" content=\"1200\" \/>\n\t<meta property=\"og:image:type\" content=\"image\/jpeg\" \/>\n<meta name=\"twitter:card\" content=\"summary_large_image\" \/>\n<meta name=\"twitter:title\" content=\"PRIME ALBUM 18-POCKET\" \/>\n<meta name=\"twitter:description\" content=\"Das Prime Album 18-Pocket ist eine gro\u00dfartige L\u00f6sung zum Sammeln und Organisieren von Karten im Standard- und japanischen Format. Es ist mit einer innovativen Nexofyber-Oberfl\u00e4che ausgestattet, die eine angenehme Haptik mit einem eleganten Look verbindet. Die Innenseite aller Prime-Alben ist mit weichem Mikrofaserfutter ausgekleidet.\" \/>\n<meta name=\"twitter:site\" content=\"@Gamegenic_\" \/>\n<meta name=\"twitter:label1\" content=\"Gesch\u00e4tzte Lesezeit\" \/>\n\t<meta name=\"twitter:data1\" content=\"1\u00a0Minute\" \/>\n<script type=\"application\/ld+json\" class=\"yoast-schema-graph\">{\"@context\":\"https:\\\/\\\/schema.org\",\"@graph\":[{\"@type\":\"WebPage\",\"@id\":\"https:\\\/\\\/www.gamegenic.com\\\/de\\\/produkt\\\/prime-album-18-pocket\\\/\",\"url\":\"https:\\\/\\\/www.gamegenic.com\\\/de\\\/produkt\\\/prime-album-18-pocket\\\/\",\"name\":\"PRIME ALBUM 18-POCKET - GAMEGENIC - Ingenious Supplies\",\"isPartOf\":{\"@id\":\"https:\\\/\\\/www.gamegenic.com\\\/de\\\/#website\"},\"primaryImageOfPage\":{\"@id\":\"https:\\\/\\\/www.gamegenic.com\\\/de\\\/produkt\\\/prime-album-18-pocket\\\/#primaryimage\"},\"image\":{\"@id\":\"https:\\\/\\\/www.gamegenic.com\\\/de\\\/produkt\\\/prime-album-18-pocket\\\/#primaryimage\"},\"thumbnailUrl\":\"https:\\\/\\\/www.gamegenic.com\\\/wp-content\\\/uploads\\\/2024\\\/06\\\/Prime-Album-18-Pocket-Green-0003_4HBCtOjp6.jpg\",\"datePublished\":\"2020-02-17T10:00:04+00:00\",\"dateModified\":\"2025-09-03T08:38:35+00:00\",\"description\":\"Das Prime Album 18-Pocket ist eine gro\u00dfartige L\u00f6sung zum Sammeln und Organisieren von Karten im Standard- und japanischen Format. Es ist mit einer innovativen Nexofyber-Oberfl\u00e4che ausgestattet, die eine angenehme Haptik mit einem eleganten Look verbindet. Die Innenseite aller Prime-Alben ist mit weichem Mikrofaserfutter ausgekleidet.\",\"breadcrumb\":{\"@id\":\"https:\\\/\\\/www.gamegenic.com\\\/de\\\/produkt\\\/prime-album-18-pocket\\\/#breadcrumb\"},\"inLanguage\":\"de\",\"potentialAction\":[{\"@type\":\"ReadAction\",\"target\":[\"https:\\\/\\\/www.gamegenic.com\\\/de\\\/produkt\\\/prime-album-18-pocket\\\/\"]}]},{\"@type\":\"ImageObject\",\"inLanguage\":\"de\",\"@id\":\"https:\\\/\\\/www.gamegenic.com\\\/de\\\/produkt\\\/prime-album-18-pocket\\\/#primaryimage\",\"url\":\"https:\\\/\\\/www.gamegenic.com\\\/wp-content\\\/uploads\\\/2024\\\/06\\\/Prime-Album-18-Pocket-Green-0003_4HBCtOjp6.jpg\",\"contentUrl\":\"https:\\\/\\\/www.gamegenic.com\\\/wp-content\\\/uploads\\\/2024\\\/06\\\/Prime-Album-18-Pocket-Green-0003_4HBCtOjp6.jpg\",\"width\":1200,\"height\":1200,\"caption\":\"PRIME ALBUM 18-POCKET - Green\"},{\"@type\":\"BreadcrumbList\",\"@id\":\"https:\\\/\\\/www.gamegenic.com\\\/de\\\/produkt\\\/prime-album-18-pocket\\\/#breadcrumb\",\"itemListElement\":[{\"@type\":\"ListItem\",\"position\":1,\"name\":\"Home\",\"item\":\"https:\\\/\\\/www.gamegenic.com\\\/de\\\/\"},{\"@type\":\"ListItem\",\"position\":2,\"name\":\"Shop\",\"item\":\"https:\\\/\\\/www.gamegenic.com\\\/de\\\/shop\\\/\"},{\"@type\":\"ListItem\",\"position\":3,\"name\":\"PRIME ALBUM 18-POCKET\"}]},{\"@type\":\"WebSite\",\"@id\":\"https:\\\/\\\/www.gamegenic.com\\\/de\\\/#website\",\"url\":\"https:\\\/\\\/www.gamegenic.com\\\/de\\\/\",\"name\":\"GAMEGENIC - Ingenious Supplies\",\"description\":\"\",\"publisher\":{\"@id\":\"https:\\\/\\\/www.gamegenic.com\\\/de\\\/#organization\"},\"potentialAction\":[{\"@type\":\"SearchAction\",\"target\":{\"@type\":\"EntryPoint\",\"urlTemplate\":\"https:\\\/\\\/www.gamegenic.com\\\/de\\\/?s={search_term_string}\"},\"query-input\":{\"@type\":\"PropertyValueSpecification\",\"valueRequired\":true,\"valueName\":\"search_term_string\"}}],\"inLanguage\":\"de\"},{\"@type\":\"Organization\",\"@id\":\"https:\\\/\\\/www.gamegenic.com\\\/de\\\/#organization\",\"name\":\"Gamegenic GmbH\",\"url\":\"https:\\\/\\\/www.gamegenic.com\\\/de\\\/\",\"logo\":{\"@type\":\"ImageObject\",\"inLanguage\":\"de\",\"@id\":\"https:\\\/\\\/www.gamegenic.com\\\/de\\\/#\\\/schema\\\/logo\\\/image\\\/\",\"url\":\"https:\\\/\\\/www.gamegenic.com\\\/wp-content\\\/uploads\\\/Gamegenic-Logo-FINAL.jpg\",\"contentUrl\":\"https:\\\/\\\/www.gamegenic.com\\\/wp-content\\\/uploads\\\/Gamegenic-Logo-FINAL.jpg\",\"width\":3507,\"height\":2480,\"caption\":\"Gamegenic GmbH\"},\"image\":{\"@id\":\"https:\\\/\\\/www.gamegenic.com\\\/de\\\/#\\\/schema\\\/logo\\\/image\\\/\"},\"sameAs\":[\"https:\\\/\\\/www.facebook.com\\\/GamegenicSupplies\\\/\",\"https:\\\/\\\/x.com\\\/Gamegenic_\",\"https:\\\/\\\/www.instagram.com\\\/gamegenicsupplies\\\/\",\"https:\\\/\\\/www.youtube.com\\\/channel\\\/UCgmMXQPjjWW-Zy9ceMH6oGw\"]}]}<\/script>\n<!-- \/ Yoast SEO plugin. -->","yoast_head_json":{"title":"PRIME ALBUM 18-POCKET - GAMEGENIC - Ingenious Supplies","description":"Das Prime Album 18-Pocket ist eine gro\u00dfartige L\u00f6sung zum Sammeln und Organisieren von Karten im Standard- und japanischen Format. Es ist mit einer innovativen Nexofyber-Oberfl\u00e4che ausgestattet, die eine angenehme Haptik mit einem eleganten Look verbindet. Die Innenseite aller Prime-Alben ist mit weichem Mikrofaserfutter ausgekleidet.","robots":{"index":"index","follow":"follow","max-snippet":"max-snippet:-1","max-image-preview":"max-image-preview:large","max-video-preview":"max-video-preview:-1"},"canonical":"https:\/\/www.gamegenic.com\/de\/produkt\/prime-album-18-pocket\/","og_locale":"de_DE","og_type":"article","og_title":"PRIME ALBUM 18-POCKET","og_description":"Das Prime Album 18-Pocket ist eine gro\u00dfartige L\u00f6sung zum Sammeln und Organisieren von Karten im Standard- und japanischen Format. Es ist mit einer innovativen Nexofyber-Oberfl\u00e4che ausgestattet, die eine angenehme Haptik mit einem eleganten Look verbindet. Die Innenseite aller Prime-Alben ist mit weichem Mikrofaserfutter ausgekleidet.","og_url":"https:\/\/www.gamegenic.com\/de\/produkt\/prime-album-18-pocket\/","og_site_name":"GAMEGENIC - Ingenious Supplies","article_publisher":"https:\/\/www.facebook.com\/GamegenicSupplies\/","article_modified_time":"2025-09-03T08:38:35+00:00","og_image":[{"width":1200,"height":1200,"url":"https:\/\/www.gamegenic.com\/wp-content\/uploads\/2024\/06\/Prime-Album-18-Pocket-Green-0003_4HBCtOjp6.jpg","type":"image\/jpeg"}],"twitter_card":"summary_large_image","twitter_title":"PRIME ALBUM 18-POCKET","twitter_description":"Das Prime Album 18-Pocket ist eine gro\u00dfartige L\u00f6sung zum Sammeln und Organisieren von Karten im Standard- und japanischen Format. Es ist mit einer innovativen Nexofyber-Oberfl\u00e4che ausgestattet, die eine angenehme Haptik mit einem eleganten Look verbindet. Die Innenseite aller Prime-Alben ist mit weichem Mikrofaserfutter ausgekleidet.","twitter_site":"@Gamegenic_","twitter_misc":{"Gesch\u00e4tzte Lesezeit":"1\u00a0Minute"},"schema":{"@context":"https:\/\/schema.org","@graph":[{"@type":"WebPage","@id":"https:\/\/www.gamegenic.com\/de\/produkt\/prime-album-18-pocket\/","url":"https:\/\/www.gamegenic.com\/de\/produkt\/prime-album-18-pocket\/","name":"PRIME ALBUM 18-POCKET - GAMEGENIC - Ingenious Supplies","isPartOf":{"@id":"https:\/\/www.gamegenic.com\/de\/#website"},"primaryImageOfPage":{"@id":"https:\/\/www.gamegenic.com\/de\/produkt\/prime-album-18-pocket\/#primaryimage"},"image":{"@id":"https:\/\/www.gamegenic.com\/de\/produkt\/prime-album-18-pocket\/#primaryimage"},"thumbnailUrl":"https:\/\/www.gamegenic.com\/wp-content\/uploads\/2024\/06\/Prime-Album-18-Pocket-Green-0003_4HBCtOjp6.jpg","datePublished":"2020-02-17T10:00:04+00:00","dateModified":"2025-09-03T08:38:35+00:00","description":"Das Prime Album 18-Pocket ist eine gro\u00dfartige L\u00f6sung zum Sammeln und Organisieren von Karten im Standard- und japanischen Format. Es ist mit einer innovativen Nexofyber-Oberfl\u00e4che ausgestattet, die eine angenehme Haptik mit einem eleganten Look verbindet. Die Innenseite aller Prime-Alben ist mit weichem Mikrofaserfutter ausgekleidet.","breadcrumb":{"@id":"https:\/\/www.gamegenic.com\/de\/produkt\/prime-album-18-pocket\/#breadcrumb"},"inLanguage":"de","potentialAction":[{"@type":"ReadAction","target":["https:\/\/www.gamegenic.com\/de\/produkt\/prime-album-18-pocket\/"]}]},{"@type":"ImageObject","inLanguage":"de","@id":"https:\/\/www.gamegenic.com\/de\/produkt\/prime-album-18-pocket\/#primaryimage","url":"https:\/\/www.gamegenic.com\/wp-content\/uploads\/2024\/06\/Prime-Album-18-Pocket-Green-0003_4HBCtOjp6.jpg","contentUrl":"https:\/\/www.gamegenic.com\/wp-content\/uploads\/2024\/06\/Prime-Album-18-Pocket-Green-0003_4HBCtOjp6.jpg","width":1200,"height":1200,"caption":"PRIME ALBUM 18-POCKET - Green"},{"@type":"BreadcrumbList","@id":"https:\/\/www.gamegenic.com\/de\/produkt\/prime-album-18-pocket\/#breadcrumb","itemListElement":[{"@type":"ListItem","position":1,"name":"Home","item":"https:\/\/www.gamegenic.com\/de\/"},{"@type":"ListItem","position":2,"name":"Shop","item":"https:\/\/www.gamegenic.com\/de\/shop\/"},{"@type":"ListItem","position":3,"name":"PRIME ALBUM 18-POCKET"}]},{"@type":"WebSite","@id":"https:\/\/www.gamegenic.com\/de\/#website","url":"https:\/\/www.gamegenic.com\/de\/","name":"GAMEGENIC - Ingenious Supplies","description":"","publisher":{"@id":"https:\/\/www.gamegenic.com\/de\/#organization"},"potentialAction":[{"@type":"SearchAction","target":{"@type":"EntryPoint","urlTemplate":"https:\/\/www.gamegenic.com\/de\/?s={search_term_string}"},"query-input":{"@type":"PropertyValueSpecification","valueRequired":true,"valueName":"search_term_string"}}],"inLanguage":"de"},{"@type":"Organization","@id":"https:\/\/www.gamegenic.com\/de\/#organization","name":"Gamegenic GmbH","url":"https:\/\/www.gamegenic.com\/de\/","logo":{"@type":"ImageObject","inLanguage":"de","@id":"https:\/\/www.gamegenic.com\/de\/#\/schema\/logo\/image\/","url":"https:\/\/www.gamegenic.com\/wp-content\/uploads\/Gamegenic-Logo-FINAL.jpg","contentUrl":"https:\/\/www.gamegenic.com\/wp-content\/uploads\/Gamegenic-Logo-FINAL.jpg","width":3507,"height":2480,"caption":"Gamegenic GmbH"},"image":{"@id":"https:\/\/www.gamegenic.com\/de\/#\/schema\/logo\/image\/"},"sameAs":["https:\/\/www.facebook.com\/GamegenicSupplies\/","https:\/\/x.com\/Gamegenic_","https:\/\/www.instagram.com\/gamegenicsupplies\/","https:\/\/www.youtube.com\/channel\/UCgmMXQPjjWW-Zy9ceMH6oGw"]}]}},"_links":{"self":[{"href":"https:\/\/www.gamegenic.com\/de\/wp-json\/wp\/v2\/product\/10811","targetHints":{"allow":["GET"]}}],"collection":[{"href":"https:\/\/www.gamegenic.com\/de\/wp-json\/wp\/v2\/product"}],"about":[{"href":"https:\/\/www.gamegenic.com\/de\/wp-json\/wp\/v2\/types\/product"}],"wp:featuredmedia":[{"embeddable":true,"href":"https:\/\/www.gamegenic.com\/de\/wp-json\/wp\/v2\/media\/34766"}],"wp:attachment":[{"href":"https:\/\/www.gamegenic.com\/de\/wp-json\/wp\/v2\/media?parent=10811"}],"wp:term":[{"taxonomy":"product_brand","embeddable":true,"href":"https:\/\/www.gamegenic.com\/de\/wp-json\/wp\/v2\/product_brand?post=10811"},{"taxonomy":"product_cat","embeddable":true,"href":"https:\/\/www.gamegenic.com\/de\/wp-json\/wp\/v2\/product_cat?post=10811"},{"taxonomy":"product_tag","embeddable":true,"href":"https:\/\/www.gamegenic.com\/de\/wp-json\/wp\/v2\/product_tag?post=10811"}],"curies":[{"name":"wp","href":"https:\/\/api.w.org\/{rel}","templated":true}]}}