{"id":10708,"date":"2020-10-27T10:27:22","date_gmt":"2020-10-27T09:27:22","guid":{"rendered":"https:\/\/www.gamegenic.com\/product\/matte-double-sleeving-pack-100\/"},"modified":"2025-07-11T11:07:11","modified_gmt":"2025-07-11T09:07:11","slug":"matte-double-sleeving-pack-100","status":"publish","type":"product","link":"https:\/\/www.gamegenic.com\/de\/produkt\/matte-double-sleeving-pack-100\/","title":{"rendered":"MATTE DOUBLE SLEEVING PACK 100"},"content":{"rendered":"<div class=\"fusion-fullwidth fullwidth-box fusion-builder-row-1 nonhundred-percent-fullwidth non-hundred-percent-height-scrolling gg-summary gg-position\" style=\"--awb-border-radius-top-left:0px;--awb-border-radius-top-right:0px;--awb-border-radius-bottom-right:0px;--awb-border-radius-bottom-left:0px;--awb-flex-wrap:wrap;\" id=\"gg-anker\" ><div class=\"fusion-builder-row fusion-row\"><div class=\"fusion-layout-column fusion_builder_column fusion-builder-column-0 fusion_builder_column_1_2 1_2 fusion-one-half fusion-column-first gg-features\" style=\"--awb-bg-size:cover;width:50%;width:calc(50% - ( ( 60px ) * 0.5 ) );margin-right: 60px;\"><div class=\"fusion-column-wrapper fusion-column-has-shadow fusion-flex-column-wrapper-legacy\"><div class=\"fusion-text fusion-text-1\"><h2>FEATURES<\/h2>\n<ul>\n<li><strong>2 x 100<\/strong> Sleeves pro Packung<br \/>\n(100 Matte Prime Sleeves + 100\u00a0Inner\u00a0Sleeves)<\/li>\n<li>Perfekt f\u00fcr Commander* geeignet<\/li>\n<li>Alles was man braucht um Karten doppelt zu\u00a0sleeven<\/li>\n<li>Matte Beschichtung verhindert Augenm\u00fcdigkeitserscheinungen beim Spielen<\/li>\n<li>Zus\u00e4tzlicher H\u00fclle-in-H\u00fclle-Schutz<\/li>\n<li>Langlebige Kartenh\u00fcllen sch\u00fctzen Karten vor verbogenen Ecken, Kratzern und Schaden durch h\u00e4ufiges Mischen<\/li>\n<li>Fein strukturierte R\u00fcckseite verhindert das Verrutschen des Deckstapels<\/li>\n<li>Vollkommen blickdicht f\u00fcr Turniere**<\/li>\n<li>Inner Sleeve: Passgenau f\u00fcr Spielekarten in Standardgr\u00f6\u00dfe bis zu <strong>63\u00a0x\u00a088<\/strong>\u00a0mm<\/li>\n<li>Gro\u00dfartiges Mischverhalten<\/li>\n<li>S\u00e4urefrei. Kein PVC<\/li>\n<\/ul>\n<\/div><div class=\"fusion-clearfix\"><\/div><\/div><\/div><div class=\"fusion-layout-column fusion_builder_column fusion-builder-column-1 fusion_builder_column_1_2 1_2 fusion-one-half fusion-column-last\" style=\"--awb-bg-size:cover;width:50%;width:calc(50% - ( ( 60px ) * 0.5 ) );\"><div class=\"fusion-column-wrapper fusion-column-has-shadow fusion-flex-column-wrapper-legacy\">\n<h2>SPEZIFIKATIONEN<\/h2>\n<div class=\"table-2\">\n<table style=\"width: 100%; height: 192px;\" width=\"100%\">\n<tbody>\n<tr style=\"height: 24px;\">\n<td style=\"height: 24px;\" align=\"left\">Prime Sleeve Gr\u00f6\u00dfe<\/td>\n<td style=\"height: 24px;\" align=\"left\">66 x 91 mm<\/td>\n<\/tr>\n<tr style=\"height: 24px;\">\n<td style=\"height: 24px;\" align=\"left\">Inner Sleeve Gr\u00f6\u00dfe<\/td>\n<td style=\"height: 24px;\" align=\"left\">64 x 89 mm<\/td>\n<\/tr>\n<tr style=\"height: 24px;\">\n<td style=\"height: 24px;\" align=\"left\">Kartengr\u00f6\u00dfe<\/td>\n<td style=\"height: 24px;\" align=\"left\">bis zu 63 x 88 mm<\/td>\n<\/tr>\n<tr style=\"height: 72px;\">\n<td style=\"vertical-align: top; height: 72px;\" align=\"left\">Menge pro Packung<\/td>\n<td style=\"height: 72px;\" align=\"left\">2\u00a0x\u00a0100\u00a0Sleeves:<br \/>\n100\u00a0Matte\u00a0Prime\u00a0Sleeves<br \/>\n+ 100\u00a0Inner\u00a0Sleeves<\/td>\n<\/tr>\n<tr style=\"height: 24px;\">\n<td style=\"vertical-align: top; height: 24px;\" align=\"left\">Material<\/td>\n<td style=\"height: 24px;\" align=\"left\">Polypropylen<\/td>\n<\/tr>\n<tr style=\"height: 24px;\">\n<td style=\"height: 24px;\" align=\"left\">Verpackungsart<\/td>\n<td style=\"height: 24px;\" align=\"left\">Polypropylen-Beutel<\/td>\n<\/tr>\n<\/tbody>\n<\/table>\n<\/div>\n<h2 style=\"margin-top:60px\">UPE<i data-tooltip=\"\u00dcber diese Webseite k\u00f6nnen keine K\u00e4ufe get\u00e4tigt werden. Alle aufgef\u00fchrten Preise sind UPE (Unverbindliche Preisempfehlung) des Herstellers in EUR (inkl. MwSt.) oder USD (ohne MwSt.). M\u00f6glicherweise anfallende Lieferkosten sind nicht enthalten. Die angegebenen Preise sind nicht bindend und k\u00f6nnen als Empfehlung behandelt werden.\" class=\"fas fa-info-circle gg-tooltip\">\uf05a<\/i><\/h2>\n<form action=\"\" method=\"post\" id=\"alg_currency_selector\"><select name=\"alg_currency\" id=\"alg_currency_select\" class=\"alg_currency_select\" onchange=\"this.form.submit()\"><option id=\"alg_currency_USD\" value=\"USD\" >USD<\/option><option id=\"alg_currency_EUR\" value=\"EUR\"  selected='selected'>EUR<\/option><option id=\"alg_currency_CAD\" value=\"CAD\" >U.S.-USD<\/option><\/select><noscript><input type=\"submit\" value=\"Refresh\"><\/noscript><\/form>\n<span class=\"woocommerce-Price-amount amount\"><bdi><span class=\"woocommerce-Price-currencySymbol\">EUR<\/span>&nbsp;9,99<\/bdi><\/span>\n\n<\/p>\n<div class=\"fusion-alignleft\"><a class=\"fusion-button button-flat fusion-button-default-size button-default fusion-button-default button-1 fusion-button-default-span fusion-button-default-type shopfinder-button\" target=\"_blank\" rel=\"noopener noreferrer\" href=\"https:\/\/www.gamegenic.com\/de\/shopfinder\/\"><i class=\"fa-globe-americas fas awb-button__icon awb-button__icon--default button-icon-left\" aria-hidden=\"true\"><\/i><span class=\"fusion-button-text awb-button__text awb-button__text--default\">Shop Suche<\/span><\/a><\/div>\n<\/p>\n<div class=\"fusion-clearfix\"><\/div><\/div><\/div><div class=\"fusion-layout-column fusion_builder_column fusion-builder-column-2 fusion_builder_column_1_1 1_1 fusion-one-full fusion-column-first fusion-column-last\" style=\"--awb-bg-size:cover;\"><div class=\"fusion-column-wrapper fusion-column-has-shadow fusion-flex-column-wrapper-legacy\"><div class=\"fusion-text fusion-text-2 gg-notice\"><p>*&#8220;Commander&#8220; ist ein offizieller Titel f\u00fcr ein Mehrspieler-Format von Magic: The Gathering\u2122 von Wizards of the Coast. ALLE RECHTE VORBEHALTEN durch ihre jeweiligen Markeninhaber. Die Darstellung von Kompatibilit\u00e4t l\u00e4sst weder auf eine Anfechtung des geistigen Eigentumsrechts noch auf die Unterst\u00fctzung unserer Produkte durch das repr\u00e4sentierte Unternehmen zur\u00fcckschlie\u00dfen.<\/p>\n<p>** Kartenh\u00fcllen unterliegen der Zustimmung der Turnierleitung<\/p>\n<\/div><div class=\"fusion-clearfix\"><\/div><\/div><\/div><\/div><\/div>\n","protected":false},"excerpt":{"rendered":"<p class=\"p1\"><span class=\"s1\"><b>ENDLICH ALS 100er PACKUNG, PERFEKT F\u00dcR COMMANDER*!<\/b><\/span><\/p>\n<p>Dieses Double Sleeving Pack enth\u00e4lt sowohl Inner Sleeves als auch Matte Prime Sleeves, um bis zu 100 Spielkarten in Standardgr\u00f6\u00dfe zu sch\u00fctzen. Kartenh\u00fcllen geh\u00f6ren bei allen Kartenspielen zum Standardschutz. Die Gr\u00f6\u00dfe der inneren und \u00e4u\u00dferen H\u00fcllen sind f\u00fcr schnelles und einfaches Double-Sleeving perfekt aufeinander abgestimmt.<\/p>\n<p>Die hochwertigen Sleeves haben eine mattierte Vorderseite, die st\u00f6rende Reflexionen verhindert, eine hervorragende Erkennbarkeit der Karten aus jedem Blickwinkel sicherstellt und Erm\u00fcdungserscheinungen der Augen beim Spielen entgegenwirkt. Die R\u00fcckseite der Standard Kartenh\u00fclle ist schwarz, zu 100 % blickdicht und sorgt f\u00fcr ein angenehmes Gef\u00fchl beim Mischen.<\/p>\n<p><a href=\"https:\/\/www.gamegenic.com\/de\/produkt\/double-sleeving-pack-100\/\">Auch als Prime Double Sleeving Pack 100 erh\u00e4ltlich.<\/a><\/p>\n","protected":false},"featured_media":10300,"template":"","meta":[],"product_brand":[],"product_cat":[358,260,259],"product_tag":[],"class_list":{"0":"post-10708","1":"product","2":"type-product","3":"status-publish","4":"has-post-thumbnail","6":"product_cat-card-sleeves-de","7":"product_cat-double-sleeving-pack-100-de","8":"product_cat-standard-sleeves-de","10":"first","11":"instock","12":"shipping-taxable","13":"purchasable","14":"product-type-variable","15":"has-default-attributes","16":"wvs-archive-product-wrapper"},"yoast_head":"<!-- This site is optimized with the Yoast SEO plugin v27.3 - https:\/\/yoast.com\/product\/yoast-seo-wordpress\/ -->\n<title>MATTE DOUBLE SLEEVING PACK 100 - GAMEGENIC - Ingenious Supplies<\/title>\n<meta name=\"description\" content=\"Dieses Double Sleeving Pack enth\u00e4lt sowohl Inner Sleeves als auch Matte Prime Sleeves, um bis zu 100 Spielkarten in Standardgr\u00f6\u00dfe zu sch\u00fctzen. Kartenh\u00fcllen geh\u00f6ren bei allen Kartenspielen zum Standardschutz. Die Gr\u00f6\u00dfe der inneren und \u00e4u\u00dferen H\u00fcllen sind f\u00fcr schnelles und einfaches Double-Sleeving perfekt aufeinander abgestimmt.\" \/>\n<meta name=\"robots\" content=\"index, follow, max-snippet:-1, max-image-preview:large, max-video-preview:-1\" \/>\n<link rel=\"canonical\" href=\"https:\/\/www.gamegenic.com\/de\/produkt\/matte-double-sleeving-pack-100\/\" \/>\n<meta property=\"og:locale\" content=\"de_DE\" \/>\n<meta property=\"og:type\" content=\"article\" \/>\n<meta property=\"og:title\" content=\"MATTE DOUBLE SLEEVING PACK 100\" \/>\n<meta property=\"og:description\" content=\"Dieses Double-Sleeving-Pack enth\u00e4lt sowohl Inner Sleeves als auch Matte Prime Sleeves, um bis zu 100 Spielkarten in Standardgr\u00f6\u00dfe zu sch\u00fctzen. Kartenh\u00fcllen geh\u00f6ren bei allen Kartenspielen zum Standardschutz. Die Gr\u00f6\u00dfe der inneren und \u00e4u\u00dferen H\u00fcllen sind f\u00fcr schnelles und einfaches Double-Sleeving perfekt aufeinander abgestimmt.\" \/>\n<meta property=\"og:url\" content=\"https:\/\/www.gamegenic.com\/de\/produkt\/matte-double-sleeving-pack-100\/\" \/>\n<meta property=\"og:site_name\" content=\"GAMEGENIC - Ingenious Supplies\" \/>\n<meta property=\"article:publisher\" content=\"https:\/\/www.facebook.com\/GamegenicSupplies\/\" \/>\n<meta property=\"article:modified_time\" content=\"2025-07-11T09:07:11+00:00\" \/>\n<meta property=\"og:image\" content=\"https:\/\/www.gamegenic.com\/wp-content\/uploads\/fb-double_sleeving_pack.jpg\" \/>\n<meta name=\"twitter:card\" content=\"summary_large_image\" \/>\n<meta name=\"twitter:title\" content=\"MATTE DOUBLE SLEEVING PACK 100\" \/>\n<meta name=\"twitter:description\" content=\"Dieses Double-Sleeving-Pack enth\u00e4lt sowohl Inner Sleeves als auch Matte Prime Sleeves, um bis zu 100 Spielkarten in Standardgr\u00f6\u00dfe zu sch\u00fctzen. Kartenh\u00fcllen geh\u00f6ren bei allen Kartenspielen zum Standardschutz. Die Gr\u00f6\u00dfe der inneren und \u00e4u\u00dferen H\u00fcllen sind f\u00fcr schnelles und einfaches Double-Sleeving perfekt aufeinander abgestimmt.\" \/>\n<meta name=\"twitter:image\" content=\"https:\/\/www.gamegenic.com\/wp-content\/uploads\/fb-double_sleeving_pack.jpg\" \/>\n<meta name=\"twitter:site\" content=\"@Gamegenic_\" \/>\n<meta name=\"twitter:label1\" content=\"Gesch\u00e4tzte Lesezeit\" \/>\n\t<meta name=\"twitter:data1\" content=\"1\u00a0Minute\" \/>\n<script type=\"application\/ld+json\" class=\"yoast-schema-graph\">{\"@context\":\"https:\\\/\\\/schema.org\",\"@graph\":[{\"@type\":\"WebPage\",\"@id\":\"https:\\\/\\\/www.gamegenic.com\\\/de\\\/produkt\\\/matte-double-sleeving-pack-100\\\/\",\"url\":\"https:\\\/\\\/www.gamegenic.com\\\/de\\\/produkt\\\/matte-double-sleeving-pack-100\\\/\",\"name\":\"MATTE DOUBLE SLEEVING PACK 100 - GAMEGENIC - Ingenious Supplies\",\"isPartOf\":{\"@id\":\"https:\\\/\\\/www.gamegenic.com\\\/de\\\/#website\"},\"primaryImageOfPage\":{\"@id\":\"https:\\\/\\\/www.gamegenic.com\\\/de\\\/produkt\\\/matte-double-sleeving-pack-100\\\/#primaryimage\"},\"image\":{\"@id\":\"https:\\\/\\\/www.gamegenic.com\\\/de\\\/produkt\\\/matte-double-sleeving-pack-100\\\/#primaryimage\"},\"thumbnailUrl\":\"https:\\\/\\\/www.gamegenic.com\\\/wp-content\\\/uploads\\\/2021\\\/07\\\/GG_DSP_Matte_01-n_0000_J4Q6Z23Uv.jpg\",\"datePublished\":\"2020-10-27T09:27:22+00:00\",\"dateModified\":\"2025-07-11T09:07:11+00:00\",\"description\":\"Dieses Double Sleeving Pack enth\u00e4lt sowohl Inner Sleeves als auch Matte Prime Sleeves, um bis zu 100 Spielkarten in Standardgr\u00f6\u00dfe zu sch\u00fctzen. Kartenh\u00fcllen geh\u00f6ren bei allen Kartenspielen zum Standardschutz. Die Gr\u00f6\u00dfe der inneren und \u00e4u\u00dferen H\u00fcllen sind f\u00fcr schnelles und einfaches Double-Sleeving perfekt aufeinander abgestimmt.\",\"breadcrumb\":{\"@id\":\"https:\\\/\\\/www.gamegenic.com\\\/de\\\/produkt\\\/matte-double-sleeving-pack-100\\\/#breadcrumb\"},\"inLanguage\":\"de\",\"potentialAction\":[{\"@type\":\"ReadAction\",\"target\":[\"https:\\\/\\\/www.gamegenic.com\\\/de\\\/produkt\\\/matte-double-sleeving-pack-100\\\/\"]}]},{\"@type\":\"ImageObject\",\"inLanguage\":\"de\",\"@id\":\"https:\\\/\\\/www.gamegenic.com\\\/de\\\/produkt\\\/matte-double-sleeving-pack-100\\\/#primaryimage\",\"url\":\"https:\\\/\\\/www.gamegenic.com\\\/wp-content\\\/uploads\\\/2021\\\/07\\\/GG_DSP_Matte_01-n_0000_J4Q6Z23Uv.jpg\",\"contentUrl\":\"https:\\\/\\\/www.gamegenic.com\\\/wp-content\\\/uploads\\\/2021\\\/07\\\/GG_DSP_Matte_01-n_0000_J4Q6Z23Uv.jpg\",\"width\":900,\"height\":900,\"caption\":\"MATTE DOUBLE SLEEVING PACK 100\"},{\"@type\":\"BreadcrumbList\",\"@id\":\"https:\\\/\\\/www.gamegenic.com\\\/de\\\/produkt\\\/matte-double-sleeving-pack-100\\\/#breadcrumb\",\"itemListElement\":[{\"@type\":\"ListItem\",\"position\":1,\"name\":\"Home\",\"item\":\"https:\\\/\\\/www.gamegenic.com\\\/de\\\/\"},{\"@type\":\"ListItem\",\"position\":2,\"name\":\"Shop\",\"item\":\"https:\\\/\\\/www.gamegenic.com\\\/de\\\/shop\\\/\"},{\"@type\":\"ListItem\",\"position\":3,\"name\":\"MATTE DOUBLE SLEEVING PACK 100\"}]},{\"@type\":\"WebSite\",\"@id\":\"https:\\\/\\\/www.gamegenic.com\\\/de\\\/#website\",\"url\":\"https:\\\/\\\/www.gamegenic.com\\\/de\\\/\",\"name\":\"GAMEGENIC - Ingenious Supplies\",\"description\":\"\",\"publisher\":{\"@id\":\"https:\\\/\\\/www.gamegenic.com\\\/de\\\/#organization\"},\"potentialAction\":[{\"@type\":\"SearchAction\",\"target\":{\"@type\":\"EntryPoint\",\"urlTemplate\":\"https:\\\/\\\/www.gamegenic.com\\\/de\\\/?s={search_term_string}\"},\"query-input\":{\"@type\":\"PropertyValueSpecification\",\"valueRequired\":true,\"valueName\":\"search_term_string\"}}],\"inLanguage\":\"de\"},{\"@type\":\"Organization\",\"@id\":\"https:\\\/\\\/www.gamegenic.com\\\/de\\\/#organization\",\"name\":\"Gamegenic GmbH\",\"url\":\"https:\\\/\\\/www.gamegenic.com\\\/de\\\/\",\"logo\":{\"@type\":\"ImageObject\",\"inLanguage\":\"de\",\"@id\":\"https:\\\/\\\/www.gamegenic.com\\\/de\\\/#\\\/schema\\\/logo\\\/image\\\/\",\"url\":\"https:\\\/\\\/www.gamegenic.com\\\/wp-content\\\/uploads\\\/Gamegenic-Logo-FINAL.jpg\",\"contentUrl\":\"https:\\\/\\\/www.gamegenic.com\\\/wp-content\\\/uploads\\\/Gamegenic-Logo-FINAL.jpg\",\"width\":3507,\"height\":2480,\"caption\":\"Gamegenic GmbH\"},\"image\":{\"@id\":\"https:\\\/\\\/www.gamegenic.com\\\/de\\\/#\\\/schema\\\/logo\\\/image\\\/\"},\"sameAs\":[\"https:\\\/\\\/www.facebook.com\\\/GamegenicSupplies\\\/\",\"https:\\\/\\\/x.com\\\/Gamegenic_\",\"https:\\\/\\\/www.instagram.com\\\/gamegenicsupplies\\\/\",\"https:\\\/\\\/www.youtube.com\\\/channel\\\/UCgmMXQPjjWW-Zy9ceMH6oGw\"]}]}<\/script>\n<!-- \/ Yoast SEO plugin. -->","yoast_head_json":{"title":"MATTE DOUBLE SLEEVING PACK 100 - GAMEGENIC - Ingenious Supplies","description":"Dieses Double Sleeving Pack enth\u00e4lt sowohl Inner Sleeves als auch Matte Prime Sleeves, um bis zu 100 Spielkarten in Standardgr\u00f6\u00dfe zu sch\u00fctzen. Kartenh\u00fcllen geh\u00f6ren bei allen Kartenspielen zum Standardschutz. Die Gr\u00f6\u00dfe der inneren und \u00e4u\u00dferen H\u00fcllen sind f\u00fcr schnelles und einfaches Double-Sleeving perfekt aufeinander abgestimmt.","robots":{"index":"index","follow":"follow","max-snippet":"max-snippet:-1","max-image-preview":"max-image-preview:large","max-video-preview":"max-video-preview:-1"},"canonical":"https:\/\/www.gamegenic.com\/de\/produkt\/matte-double-sleeving-pack-100\/","og_locale":"de_DE","og_type":"article","og_title":"MATTE DOUBLE SLEEVING PACK 100","og_description":"Dieses Double-Sleeving-Pack enth\u00e4lt sowohl Inner Sleeves als auch Matte Prime Sleeves, um bis zu 100 Spielkarten in Standardgr\u00f6\u00dfe zu sch\u00fctzen. Kartenh\u00fcllen geh\u00f6ren bei allen Kartenspielen zum Standardschutz. Die Gr\u00f6\u00dfe der inneren und \u00e4u\u00dferen H\u00fcllen sind f\u00fcr schnelles und einfaches Double-Sleeving perfekt aufeinander abgestimmt.","og_url":"https:\/\/www.gamegenic.com\/de\/produkt\/matte-double-sleeving-pack-100\/","og_site_name":"GAMEGENIC - Ingenious Supplies","article_publisher":"https:\/\/www.facebook.com\/GamegenicSupplies\/","article_modified_time":"2025-07-11T09:07:11+00:00","og_image":[{"url":"https:\/\/www.gamegenic.com\/wp-content\/uploads\/fb-double_sleeving_pack.jpg","type":"","width":"","height":""}],"twitter_card":"summary_large_image","twitter_title":"MATTE DOUBLE SLEEVING PACK 100","twitter_description":"Dieses Double-Sleeving-Pack enth\u00e4lt sowohl Inner Sleeves als auch Matte Prime Sleeves, um bis zu 100 Spielkarten in Standardgr\u00f6\u00dfe zu sch\u00fctzen. Kartenh\u00fcllen geh\u00f6ren bei allen Kartenspielen zum Standardschutz. Die Gr\u00f6\u00dfe der inneren und \u00e4u\u00dferen H\u00fcllen sind f\u00fcr schnelles und einfaches Double-Sleeving perfekt aufeinander abgestimmt.","twitter_image":"https:\/\/www.gamegenic.com\/wp-content\/uploads\/fb-double_sleeving_pack.jpg","twitter_site":"@Gamegenic_","twitter_misc":{"Gesch\u00e4tzte Lesezeit":"1\u00a0Minute"},"schema":{"@context":"https:\/\/schema.org","@graph":[{"@type":"WebPage","@id":"https:\/\/www.gamegenic.com\/de\/produkt\/matte-double-sleeving-pack-100\/","url":"https:\/\/www.gamegenic.com\/de\/produkt\/matte-double-sleeving-pack-100\/","name":"MATTE DOUBLE SLEEVING PACK 100 - GAMEGENIC - Ingenious Supplies","isPartOf":{"@id":"https:\/\/www.gamegenic.com\/de\/#website"},"primaryImageOfPage":{"@id":"https:\/\/www.gamegenic.com\/de\/produkt\/matte-double-sleeving-pack-100\/#primaryimage"},"image":{"@id":"https:\/\/www.gamegenic.com\/de\/produkt\/matte-double-sleeving-pack-100\/#primaryimage"},"thumbnailUrl":"https:\/\/www.gamegenic.com\/wp-content\/uploads\/2021\/07\/GG_DSP_Matte_01-n_0000_J4Q6Z23Uv.jpg","datePublished":"2020-10-27T09:27:22+00:00","dateModified":"2025-07-11T09:07:11+00:00","description":"Dieses Double Sleeving Pack enth\u00e4lt sowohl Inner Sleeves als auch Matte Prime Sleeves, um bis zu 100 Spielkarten in Standardgr\u00f6\u00dfe zu sch\u00fctzen. Kartenh\u00fcllen geh\u00f6ren bei allen Kartenspielen zum Standardschutz. Die Gr\u00f6\u00dfe der inneren und \u00e4u\u00dferen H\u00fcllen sind f\u00fcr schnelles und einfaches Double-Sleeving perfekt aufeinander abgestimmt.","breadcrumb":{"@id":"https:\/\/www.gamegenic.com\/de\/produkt\/matte-double-sleeving-pack-100\/#breadcrumb"},"inLanguage":"de","potentialAction":[{"@type":"ReadAction","target":["https:\/\/www.gamegenic.com\/de\/produkt\/matte-double-sleeving-pack-100\/"]}]},{"@type":"ImageObject","inLanguage":"de","@id":"https:\/\/www.gamegenic.com\/de\/produkt\/matte-double-sleeving-pack-100\/#primaryimage","url":"https:\/\/www.gamegenic.com\/wp-content\/uploads\/2021\/07\/GG_DSP_Matte_01-n_0000_J4Q6Z23Uv.jpg","contentUrl":"https:\/\/www.gamegenic.com\/wp-content\/uploads\/2021\/07\/GG_DSP_Matte_01-n_0000_J4Q6Z23Uv.jpg","width":900,"height":900,"caption":"MATTE DOUBLE SLEEVING PACK 100"},{"@type":"BreadcrumbList","@id":"https:\/\/www.gamegenic.com\/de\/produkt\/matte-double-sleeving-pack-100\/#breadcrumb","itemListElement":[{"@type":"ListItem","position":1,"name":"Home","item":"https:\/\/www.gamegenic.com\/de\/"},{"@type":"ListItem","position":2,"name":"Shop","item":"https:\/\/www.gamegenic.com\/de\/shop\/"},{"@type":"ListItem","position":3,"name":"MATTE DOUBLE SLEEVING PACK 100"}]},{"@type":"WebSite","@id":"https:\/\/www.gamegenic.com\/de\/#website","url":"https:\/\/www.gamegenic.com\/de\/","name":"GAMEGENIC - Ingenious Supplies","description":"","publisher":{"@id":"https:\/\/www.gamegenic.com\/de\/#organization"},"potentialAction":[{"@type":"SearchAction","target":{"@type":"EntryPoint","urlTemplate":"https:\/\/www.gamegenic.com\/de\/?s={search_term_string}"},"query-input":{"@type":"PropertyValueSpecification","valueRequired":true,"valueName":"search_term_string"}}],"inLanguage":"de"},{"@type":"Organization","@id":"https:\/\/www.gamegenic.com\/de\/#organization","name":"Gamegenic GmbH","url":"https:\/\/www.gamegenic.com\/de\/","logo":{"@type":"ImageObject","inLanguage":"de","@id":"https:\/\/www.gamegenic.com\/de\/#\/schema\/logo\/image\/","url":"https:\/\/www.gamegenic.com\/wp-content\/uploads\/Gamegenic-Logo-FINAL.jpg","contentUrl":"https:\/\/www.gamegenic.com\/wp-content\/uploads\/Gamegenic-Logo-FINAL.jpg","width":3507,"height":2480,"caption":"Gamegenic GmbH"},"image":{"@id":"https:\/\/www.gamegenic.com\/de\/#\/schema\/logo\/image\/"},"sameAs":["https:\/\/www.facebook.com\/GamegenicSupplies\/","https:\/\/x.com\/Gamegenic_","https:\/\/www.instagram.com\/gamegenicsupplies\/","https:\/\/www.youtube.com\/channel\/UCgmMXQPjjWW-Zy9ceMH6oGw"]}]}},"_links":{"self":[{"href":"https:\/\/www.gamegenic.com\/de\/wp-json\/wp\/v2\/product\/10708","targetHints":{"allow":["GET"]}}],"collection":[{"href":"https:\/\/www.gamegenic.com\/de\/wp-json\/wp\/v2\/product"}],"about":[{"href":"https:\/\/www.gamegenic.com\/de\/wp-json\/wp\/v2\/types\/product"}],"wp:featuredmedia":[{"embeddable":true,"href":"https:\/\/www.gamegenic.com\/de\/wp-json\/wp\/v2\/media\/10300"}],"wp:attachment":[{"href":"https:\/\/www.gamegenic.com\/de\/wp-json\/wp\/v2\/media?parent=10708"}],"wp:term":[{"taxonomy":"product_brand","embeddable":true,"href":"https:\/\/www.gamegenic.com\/de\/wp-json\/wp\/v2\/product_brand?post=10708"},{"taxonomy":"product_cat","embeddable":true,"href":"https:\/\/www.gamegenic.com\/de\/wp-json\/wp\/v2\/product_cat?post=10708"},{"taxonomy":"product_tag","embeddable":true,"href":"https:\/\/www.gamegenic.com\/de\/wp-json\/wp\/v2\/product_tag?post=10708"}],"curies":[{"name":"wp","href":"https:\/\/api.w.org\/{rel}","templated":true}]}}