{"id":10706,"date":"2020-10-27T11:29:39","date_gmt":"2020-10-27T10:29:39","guid":{"rendered":"https:\/\/www.gamegenic.com\/product\/standard-card-game-value-pack-200-matte-sleeves\/"},"modified":"2026-04-21T13:28:00","modified_gmt":"2026-04-21T11:28:00","slug":"standard-card-game-value-pack-200-matte-sleeves","status":"publish","type":"product","link":"https:\/\/www.gamegenic.com\/de\/produkt\/standard-card-game-value-pack-200-matte-sleeves\/","title":{"rendered":"<span style=\"font-size: 0.6em\"> STANDARD CARD GAME<\/span><\/br> <span style=\"line-height: 80%;\">VALUE PACK 200<\/span><\/br> <span style=\"font-size: 0.6em;\"> <strong>MATTE<\/strong> SLEEVES<\/span>"},"content":{"rendered":"<div class=\"fusion-fullwidth fullwidth-box fusion-builder-row-1 nonhundred-percent-fullwidth non-hundred-percent-height-scrolling gg-summary gg-position\" style=\"--awb-border-radius-top-left:0px;--awb-border-radius-top-right:0px;--awb-border-radius-bottom-right:0px;--awb-border-radius-bottom-left:0px;--awb-flex-wrap:wrap;\" id=\"gg-anker\" ><div class=\"fusion-builder-row fusion-row\"><div class=\"fusion-layout-column fusion_builder_column fusion-builder-column-0 fusion_builder_column_1_2 1_2 fusion-one-half fusion-column-first gg-features\" style=\"--awb-bg-size:cover;width:50%;width:calc(50% - ( ( 60px ) * 0.5 ) );margin-right: 60px;\"><div class=\"fusion-column-wrapper fusion-column-has-shadow fusion-flex-column-wrapper-legacy\"><div class=\"fusion-text fusion-text-1\"><h2>FEATURES<\/h2>\n<ul>\n<li>Value pack enth\u00e4lt <strong>200 Sleeves<\/strong> in Standardgr\u00f6\u00dfe<\/li>\n<li>Matte Beschichtung verhindert Augenm\u00fcdigkeitserscheinungen beim Spielen<\/li>\n<li>Langlebige Kartenh\u00fcllen sch\u00fctzen Karten vor verbogenen Ecken, Kratzern und Schaden durch h\u00e4ufiges Mischen<\/li>\n<li>Besonders dicke, robuste H\u00fcllen<\/li>\n<li>Gro\u00dfartiges Mischverhalten<\/li>\n<li>Gr\u00f6\u00dfe: <strong>66 x 91<\/strong> mm<\/li>\n<li>S\u00e4urefrei. Kein PVC<\/li>\n<\/ul>\n<\/div><div class=\"fusion-clearfix\"><\/div><\/div><\/div><div class=\"fusion-layout-column fusion_builder_column fusion-builder-column-1 fusion_builder_column_1_2 1_2 fusion-one-half fusion-column-last\" style=\"--awb-bg-size:cover;width:50%;width:calc(50% - ( ( 60px ) * 0.5 ) );\"><div class=\"fusion-column-wrapper fusion-column-has-shadow fusion-flex-column-wrapper-legacy\">\n<h2>SPEZIFIKATIONEN<\/h2>\n<div class=\"table-2\">\n<table style=\"width: 100%; height: 120px;\" width=\"100%\">\n<tbody>\n<tr style=\"height: 24px;\">\n<td style=\"height: 24px;\" align=\"left\">Prime Sleeve Gr\u00f6\u00dfe<\/td>\n<td style=\"height: 24px;\" align=\"left\">66 x 91 mm<\/td>\n<\/tr>\n<tr style=\"height: 24px;\">\n<td style=\"height: 24px;\" align=\"left\">Kartengr\u00f6\u00dfe<\/td>\n<td style=\"height: 24px;\" align=\"left\">bis zu 64 x 89 mm<\/td>\n<\/tr>\n<tr style=\"height: 24px;\">\n<td style=\"vertical-align: top; height: 24px;\" align=\"left\">Menge pro Packung<\/td>\n<td style=\"height: 24px;\" align=\"left\">200 Sleeves<\/td>\n<\/tr>\n<tr style=\"height: 24px;\">\n<td style=\"vertical-align: top; height: 24px;\" align=\"left\">Material<\/td>\n<td style=\"height: 24px;\" align=\"left\">Polypropylen<\/td>\n<\/tr>\n<tr style=\"height: 24px;\">\n<td style=\"height: 24px;\" align=\"left\">Verpackungsart<\/td>\n<td style=\"height: 24px;\" align=\"left\">Karton<\/td>\n<\/tr>\n<\/tbody>\n<\/table>\n<\/div>\n<h2 style=\"margin-top:60px\">UPE<i data-tooltip=\"\u00dcber diese Webseite k\u00f6nnen keine K\u00e4ufe get\u00e4tigt werden. Alle aufgef\u00fchrten Preise sind UPE (Unverbindliche Preisempfehlung) des Herstellers in EUR (inkl. MwSt.) oder USD (ohne MwSt.). M\u00f6glicherweise anfallende Lieferkosten sind nicht enthalten. Die angegebenen Preise sind nicht bindend und k\u00f6nnen als Empfehlung behandelt werden.\" class=\"fas fa-info-circle gg-tooltip\">\uf05a<\/i><\/h2>\n<form action=\"\" method=\"post\" id=\"alg_currency_selector\"><select name=\"alg_currency\" id=\"alg_currency_select\" class=\"alg_currency_select\" onchange=\"this.form.submit()\"><option id=\"alg_currency_USD\" value=\"USD\" >USD<\/option><option id=\"alg_currency_EUR\" value=\"EUR\"  selected='selected'>EUR<\/option><option id=\"alg_currency_CAD\" value=\"CAD\" >U.S.-USD<\/option><\/select><noscript><input type=\"submit\" value=\"Refresh\"><\/noscript><\/form>\n<span class=\"woocommerce-Price-amount amount\"><bdi><span class=\"woocommerce-Price-currencySymbol\">EUR<\/span>&nbsp;11,49<\/bdi><\/span>\n\n<div class=\"fusion-alignleft\"><a class=\"fusion-button button-flat fusion-button-default-size button-default fusion-button-default button-1 fusion-button-default-span fusion-button-default-type shopfinder-button\" target=\"_blank\" rel=\"noopener noreferrer\" href=\"https:\/\/www.gamegenic.com\/de\/shopfinder\/\"><i class=\"fa-globe-americas fas awb-button__icon awb-button__icon--default button-icon-left\" aria-hidden=\"true\"><\/i><span class=\"fusion-button-text awb-button__text awb-button__text--default\">Shop Suche<\/span><\/a><\/div>\n<div class=\"fusion-clearfix\"><\/div><\/div><\/div><\/div><\/div>\n","protected":false},"excerpt":{"rendered":"<p class=\"p1\">H\u00fcllen kann man nie zu viele haben! &#8211; Das Standard Card Game Value Pack enth\u00e4lt <strong>200 mattierte Sleeves in Standardgr\u00f6\u00dfe<\/strong> zur sicheren Aufbewahrung einer gro\u00dfen Anzahl von Spielkarten. Die Sleeves gew\u00e4hrleisten professionellen Schutz f\u00fcr umfangreiche Decks oder Brettspiele und entsprechen den gleichen Qualit\u00e4tsstandards wie alle Matte Board Game Sleeves. Ihre matte Laminierung verhindert st\u00f6rende Reflexionen, stellt eine hervorragende Erkennbarkeit der Karten aus jedem Blickwinkel sicher und wirkt Erm\u00fcdungserscheinungen der Augen beim Spielen entgegen. Mit einer Dicke von 100 Mikrometern verleihen diese Sleeves deinen Karten zudem Gewicht und Stabilit\u00e4t.<\/p>\n<p class=\"p1\"><a href=\"https:\/\/www.gamegenic.com\/de\/produkt\/standard-card-game-value-pack-200\/\">Auch als Standard Card Game Value Pack 200 mit Prime Sleeves erh\u00e4ltlich.<\/a><\/p>\n","protected":false},"featured_media":50590,"template":"","meta":[],"product_brand":[],"product_cat":[249,358,259,261],"product_tag":[],"class_list":{"0":"post-10706","1":"product","2":"type-product","3":"status-publish","4":"has-post-thumbnail","6":"product_cat-board-game-sleeves-de","7":"product_cat-card-sleeves-de","8":"product_cat-standard-sleeves-de","9":"product_cat-value-pack-200-de","11":"first","12":"instock","13":"shipping-taxable","14":"purchasable","15":"product-type-variable","16":"has-default-attributes","17":"wvs-archive-product-wrapper"},"yoast_head":"<!-- This site is optimized with the Yoast SEO plugin v27.3 - https:\/\/yoast.com\/product\/yoast-seo-wordpress\/ -->\n<title>STANDARD CARD GAME VALUE PACK 200  MATTE SLEEVES - GAMEGENIC - Ingenious Supplies<\/title>\n<meta name=\"description\" content=\"H\u00fcllen kann man nie zu viele haben! - Das Standard Card Game Value Pack enth\u00e4lt 200 mattierte Sleeves in Standardgr\u00f6\u00dfe zur sicheren Aufbewahrung einer gro\u00dfen Anzahl von Spielkarten. Die Sleeves gew\u00e4hrleisten professionellen Schutz f\u00fcr umfangreiche Sammelkarten- oder Brettspieldecks und entsprechen den gleichen Qualit\u00e4tsstandards wie alle Matte Board Game Sleeves\" \/>\n<meta name=\"robots\" content=\"index, follow, max-snippet:-1, max-image-preview:large, max-video-preview:-1\" \/>\n<link rel=\"canonical\" href=\"https:\/\/www.gamegenic.com\/de\/produkt\/standard-card-game-value-pack-200-matte-sleeves\/\" \/>\n<meta property=\"og:locale\" content=\"de_DE\" \/>\n<meta property=\"og:type\" content=\"article\" \/>\n<meta property=\"og:title\" content=\"STANDARD CARD GAME - VALUE PACK 200 - MATTE SLEEVES\" \/>\n<meta property=\"og:description\" content=\"H\u00fcllen kann man nie zu viele haben! - Das Standard Card Game Value Pack enth\u00e4lt 200 mattierte Sleeves in Standardgr\u00f6\u00dfe zur sicheren Aufbewahrung einer gro\u00dfen Anzahl von Spielkarten. Die Sleeves gew\u00e4hrleisten professionellen Schutz f\u00fcr umfangreiche Sammelkarten- oder Brettspieldecks und entsprechen den gleichen Qualit\u00e4tsstandards wie alle Matte Board Game Sleeves\" \/>\n<meta property=\"og:url\" content=\"https:\/\/www.gamegenic.com\/de\/produkt\/standard-card-game-value-pack-200-matte-sleeves\/\" \/>\n<meta property=\"og:site_name\" content=\"GAMEGENIC - Ingenious Supplies\" \/>\n<meta property=\"article:publisher\" content=\"https:\/\/www.facebook.com\/GamegenicSupplies\/\" \/>\n<meta property=\"article:modified_time\" content=\"2026-04-21T11:28:00+00:00\" \/>\n<meta property=\"og:image\" content=\"https:\/\/www.gamegenic.com\/wp-content\/uploads\/fb-double_sleeving_pack.jpg\" \/>\n<meta name=\"twitter:card\" content=\"summary_large_image\" \/>\n<meta name=\"twitter:title\" content=\"STANDARD CARD GAME - VALUE PACK 200 - MATTE SLEEVES\" \/>\n<meta name=\"twitter:description\" content=\"H\u00fcllen kann man nie zu viele haben! - Das Standard Card Game Value Pack enth\u00e4lt 200 mattierte Sleeves in Standardgr\u00f6\u00dfe zur sicheren Aufbewahrung einer gro\u00dfen Anzahl von Spielkarten. Die Sleeves gew\u00e4hrleisten professionellen Schutz f\u00fcr umfangreiche Sammelkarten- oder Brettspieldecks und entsprechen den gleichen Qualit\u00e4tsstandards wie alle Matte Board Game Sleeves\" \/>\n<meta name=\"twitter:image\" content=\"https:\/\/www.gamegenic.com\/wp-content\/uploads\/fb-double_sleeving_pack.jpg\" \/>\n<meta name=\"twitter:site\" content=\"@Gamegenic_\" \/>\n<meta name=\"twitter:label1\" content=\"Gesch\u00e4tzte Lesezeit\" \/>\n\t<meta name=\"twitter:data1\" content=\"1\u00a0Minute\" \/>\n<script type=\"application\/ld+json\" class=\"yoast-schema-graph\">{\"@context\":\"https:\\\/\\\/schema.org\",\"@graph\":[{\"@type\":\"WebPage\",\"@id\":\"https:\\\/\\\/www.gamegenic.com\\\/de\\\/produkt\\\/standard-card-game-value-pack-200-matte-sleeves\\\/\",\"url\":\"https:\\\/\\\/www.gamegenic.com\\\/de\\\/produkt\\\/standard-card-game-value-pack-200-matte-sleeves\\\/\",\"name\":\"STANDARD CARD GAME VALUE PACK 200 MATTE SLEEVES - GAMEGENIC - Ingenious Supplies\",\"isPartOf\":{\"@id\":\"https:\\\/\\\/www.gamegenic.com\\\/de\\\/#website\"},\"primaryImageOfPage\":{\"@id\":\"https:\\\/\\\/www.gamegenic.com\\\/de\\\/produkt\\\/standard-card-game-value-pack-200-matte-sleeves\\\/#primaryimage\"},\"image\":{\"@id\":\"https:\\\/\\\/www.gamegenic.com\\\/de\\\/produkt\\\/standard-card-game-value-pack-200-matte-sleeves\\\/#primaryimage\"},\"thumbnailUrl\":\"https:\\\/\\\/www.gamegenic.com\\\/wp-content\\\/uploads\\\/2020\\\/10\\\/GG-Standard-Card-Game-Value-Pack-200_Sleeves_MATTE-Packaging-0002_1DQlszWKA-scaled.jpg\",\"datePublished\":\"2020-10-27T10:29:39+00:00\",\"dateModified\":\"2026-04-21T11:28:00+00:00\",\"description\":\"H\u00fcllen kann man nie zu viele haben! - Das Standard Card Game Value Pack enth\u00e4lt 200 mattierte Sleeves in Standardgr\u00f6\u00dfe zur sicheren Aufbewahrung einer gro\u00dfen Anzahl von Spielkarten. Die Sleeves gew\u00e4hrleisten professionellen Schutz f\u00fcr umfangreiche Sammelkarten- oder Brettspieldecks und entsprechen den gleichen Qualit\u00e4tsstandards wie alle Matte Board Game Sleeves\",\"breadcrumb\":{\"@id\":\"https:\\\/\\\/www.gamegenic.com\\\/de\\\/produkt\\\/standard-card-game-value-pack-200-matte-sleeves\\\/#breadcrumb\"},\"inLanguage\":\"de\",\"potentialAction\":[{\"@type\":\"ReadAction\",\"target\":[\"https:\\\/\\\/www.gamegenic.com\\\/de\\\/produkt\\\/standard-card-game-value-pack-200-matte-sleeves\\\/\"]}]},{\"@type\":\"ImageObject\",\"inLanguage\":\"de\",\"@id\":\"https:\\\/\\\/www.gamegenic.com\\\/de\\\/produkt\\\/standard-card-game-value-pack-200-matte-sleeves\\\/#primaryimage\",\"url\":\"https:\\\/\\\/www.gamegenic.com\\\/wp-content\\\/uploads\\\/2020\\\/10\\\/GG-Standard-Card-Game-Value-Pack-200_Sleeves_MATTE-Packaging-0002_1DQlszWKA-scaled.jpg\",\"contentUrl\":\"https:\\\/\\\/www.gamegenic.com\\\/wp-content\\\/uploads\\\/2020\\\/10\\\/GG-Standard-Card-Game-Value-Pack-200_Sleeves_MATTE-Packaging-0002_1DQlszWKA-scaled.jpg\",\"width\":2560,\"height\":2560,\"caption\":\"Matt Value Pack Sleeves\"},{\"@type\":\"BreadcrumbList\",\"@id\":\"https:\\\/\\\/www.gamegenic.com\\\/de\\\/produkt\\\/standard-card-game-value-pack-200-matte-sleeves\\\/#breadcrumb\",\"itemListElement\":[{\"@type\":\"ListItem\",\"position\":1,\"name\":\"Home\",\"item\":\"https:\\\/\\\/www.gamegenic.com\\\/de\\\/\"},{\"@type\":\"ListItem\",\"position\":2,\"name\":\"Shop\",\"item\":\"https:\\\/\\\/www.gamegenic.com\\\/de\\\/shop\\\/\"},{\"@type\":\"ListItem\",\"position\":3,\"name\":\"STANDARD CARD GAME VALUE PACK 200 MATTE SLEEVES\"}]},{\"@type\":\"WebSite\",\"@id\":\"https:\\\/\\\/www.gamegenic.com\\\/de\\\/#website\",\"url\":\"https:\\\/\\\/www.gamegenic.com\\\/de\\\/\",\"name\":\"GAMEGENIC - Ingenious Supplies\",\"description\":\"\",\"publisher\":{\"@id\":\"https:\\\/\\\/www.gamegenic.com\\\/de\\\/#organization\"},\"potentialAction\":[{\"@type\":\"SearchAction\",\"target\":{\"@type\":\"EntryPoint\",\"urlTemplate\":\"https:\\\/\\\/www.gamegenic.com\\\/de\\\/?s={search_term_string}\"},\"query-input\":{\"@type\":\"PropertyValueSpecification\",\"valueRequired\":true,\"valueName\":\"search_term_string\"}}],\"inLanguage\":\"de\"},{\"@type\":\"Organization\",\"@id\":\"https:\\\/\\\/www.gamegenic.com\\\/de\\\/#organization\",\"name\":\"Gamegenic GmbH\",\"url\":\"https:\\\/\\\/www.gamegenic.com\\\/de\\\/\",\"logo\":{\"@type\":\"ImageObject\",\"inLanguage\":\"de\",\"@id\":\"https:\\\/\\\/www.gamegenic.com\\\/de\\\/#\\\/schema\\\/logo\\\/image\\\/\",\"url\":\"https:\\\/\\\/www.gamegenic.com\\\/wp-content\\\/uploads\\\/Gamegenic-Logo-FINAL.jpg\",\"contentUrl\":\"https:\\\/\\\/www.gamegenic.com\\\/wp-content\\\/uploads\\\/Gamegenic-Logo-FINAL.jpg\",\"width\":3507,\"height\":2480,\"caption\":\"Gamegenic GmbH\"},\"image\":{\"@id\":\"https:\\\/\\\/www.gamegenic.com\\\/de\\\/#\\\/schema\\\/logo\\\/image\\\/\"},\"sameAs\":[\"https:\\\/\\\/www.facebook.com\\\/GamegenicSupplies\\\/\",\"https:\\\/\\\/x.com\\\/Gamegenic_\",\"https:\\\/\\\/www.instagram.com\\\/gamegenicsupplies\\\/\",\"https:\\\/\\\/www.youtube.com\\\/channel\\\/UCgmMXQPjjWW-Zy9ceMH6oGw\"]}]}<\/script>\n<!-- \/ Yoast SEO plugin. -->","yoast_head_json":{"title":"STANDARD CARD GAME VALUE PACK 200  MATTE SLEEVES - GAMEGENIC - Ingenious Supplies","description":"H\u00fcllen kann man nie zu viele haben! - Das Standard Card Game Value Pack enth\u00e4lt 200 mattierte Sleeves in Standardgr\u00f6\u00dfe zur sicheren Aufbewahrung einer gro\u00dfen Anzahl von Spielkarten. Die Sleeves gew\u00e4hrleisten professionellen Schutz f\u00fcr umfangreiche Sammelkarten- oder Brettspieldecks und entsprechen den gleichen Qualit\u00e4tsstandards wie alle Matte Board Game Sleeves","robots":{"index":"index","follow":"follow","max-snippet":"max-snippet:-1","max-image-preview":"max-image-preview:large","max-video-preview":"max-video-preview:-1"},"canonical":"https:\/\/www.gamegenic.com\/de\/produkt\/standard-card-game-value-pack-200-matte-sleeves\/","og_locale":"de_DE","og_type":"article","og_title":"STANDARD CARD GAME - VALUE PACK 200 - MATTE SLEEVES","og_description":"H\u00fcllen kann man nie zu viele haben! - Das Standard Card Game Value Pack enth\u00e4lt 200 mattierte Sleeves in Standardgr\u00f6\u00dfe zur sicheren Aufbewahrung einer gro\u00dfen Anzahl von Spielkarten. Die Sleeves gew\u00e4hrleisten professionellen Schutz f\u00fcr umfangreiche Sammelkarten- oder Brettspieldecks und entsprechen den gleichen Qualit\u00e4tsstandards wie alle Matte Board Game Sleeves","og_url":"https:\/\/www.gamegenic.com\/de\/produkt\/standard-card-game-value-pack-200-matte-sleeves\/","og_site_name":"GAMEGENIC - Ingenious Supplies","article_publisher":"https:\/\/www.facebook.com\/GamegenicSupplies\/","article_modified_time":"2026-04-21T11:28:00+00:00","og_image":[{"url":"https:\/\/www.gamegenic.com\/wp-content\/uploads\/fb-double_sleeving_pack.jpg","type":"","width":"","height":""}],"twitter_card":"summary_large_image","twitter_title":"STANDARD CARD GAME - VALUE PACK 200 - MATTE SLEEVES","twitter_description":"H\u00fcllen kann man nie zu viele haben! - Das Standard Card Game Value Pack enth\u00e4lt 200 mattierte Sleeves in Standardgr\u00f6\u00dfe zur sicheren Aufbewahrung einer gro\u00dfen Anzahl von Spielkarten. Die Sleeves gew\u00e4hrleisten professionellen Schutz f\u00fcr umfangreiche Sammelkarten- oder Brettspieldecks und entsprechen den gleichen Qualit\u00e4tsstandards wie alle Matte Board Game Sleeves","twitter_image":"https:\/\/www.gamegenic.com\/wp-content\/uploads\/fb-double_sleeving_pack.jpg","twitter_site":"@Gamegenic_","twitter_misc":{"Gesch\u00e4tzte Lesezeit":"1\u00a0Minute"},"schema":{"@context":"https:\/\/schema.org","@graph":[{"@type":"WebPage","@id":"https:\/\/www.gamegenic.com\/de\/produkt\/standard-card-game-value-pack-200-matte-sleeves\/","url":"https:\/\/www.gamegenic.com\/de\/produkt\/standard-card-game-value-pack-200-matte-sleeves\/","name":"STANDARD CARD GAME VALUE PACK 200 MATTE SLEEVES - GAMEGENIC - Ingenious Supplies","isPartOf":{"@id":"https:\/\/www.gamegenic.com\/de\/#website"},"primaryImageOfPage":{"@id":"https:\/\/www.gamegenic.com\/de\/produkt\/standard-card-game-value-pack-200-matte-sleeves\/#primaryimage"},"image":{"@id":"https:\/\/www.gamegenic.com\/de\/produkt\/standard-card-game-value-pack-200-matte-sleeves\/#primaryimage"},"thumbnailUrl":"https:\/\/www.gamegenic.com\/wp-content\/uploads\/2020\/10\/GG-Standard-Card-Game-Value-Pack-200_Sleeves_MATTE-Packaging-0002_1DQlszWKA-scaled.jpg","datePublished":"2020-10-27T10:29:39+00:00","dateModified":"2026-04-21T11:28:00+00:00","description":"H\u00fcllen kann man nie zu viele haben! - Das Standard Card Game Value Pack enth\u00e4lt 200 mattierte Sleeves in Standardgr\u00f6\u00dfe zur sicheren Aufbewahrung einer gro\u00dfen Anzahl von Spielkarten. Die Sleeves gew\u00e4hrleisten professionellen Schutz f\u00fcr umfangreiche Sammelkarten- oder Brettspieldecks und entsprechen den gleichen Qualit\u00e4tsstandards wie alle Matte Board Game Sleeves","breadcrumb":{"@id":"https:\/\/www.gamegenic.com\/de\/produkt\/standard-card-game-value-pack-200-matte-sleeves\/#breadcrumb"},"inLanguage":"de","potentialAction":[{"@type":"ReadAction","target":["https:\/\/www.gamegenic.com\/de\/produkt\/standard-card-game-value-pack-200-matte-sleeves\/"]}]},{"@type":"ImageObject","inLanguage":"de","@id":"https:\/\/www.gamegenic.com\/de\/produkt\/standard-card-game-value-pack-200-matte-sleeves\/#primaryimage","url":"https:\/\/www.gamegenic.com\/wp-content\/uploads\/2020\/10\/GG-Standard-Card-Game-Value-Pack-200_Sleeves_MATTE-Packaging-0002_1DQlszWKA-scaled.jpg","contentUrl":"https:\/\/www.gamegenic.com\/wp-content\/uploads\/2020\/10\/GG-Standard-Card-Game-Value-Pack-200_Sleeves_MATTE-Packaging-0002_1DQlszWKA-scaled.jpg","width":2560,"height":2560,"caption":"Matt Value Pack Sleeves"},{"@type":"BreadcrumbList","@id":"https:\/\/www.gamegenic.com\/de\/produkt\/standard-card-game-value-pack-200-matte-sleeves\/#breadcrumb","itemListElement":[{"@type":"ListItem","position":1,"name":"Home","item":"https:\/\/www.gamegenic.com\/de\/"},{"@type":"ListItem","position":2,"name":"Shop","item":"https:\/\/www.gamegenic.com\/de\/shop\/"},{"@type":"ListItem","position":3,"name":"STANDARD CARD GAME VALUE PACK 200 MATTE SLEEVES"}]},{"@type":"WebSite","@id":"https:\/\/www.gamegenic.com\/de\/#website","url":"https:\/\/www.gamegenic.com\/de\/","name":"GAMEGENIC - Ingenious Supplies","description":"","publisher":{"@id":"https:\/\/www.gamegenic.com\/de\/#organization"},"potentialAction":[{"@type":"SearchAction","target":{"@type":"EntryPoint","urlTemplate":"https:\/\/www.gamegenic.com\/de\/?s={search_term_string}"},"query-input":{"@type":"PropertyValueSpecification","valueRequired":true,"valueName":"search_term_string"}}],"inLanguage":"de"},{"@type":"Organization","@id":"https:\/\/www.gamegenic.com\/de\/#organization","name":"Gamegenic GmbH","url":"https:\/\/www.gamegenic.com\/de\/","logo":{"@type":"ImageObject","inLanguage":"de","@id":"https:\/\/www.gamegenic.com\/de\/#\/schema\/logo\/image\/","url":"https:\/\/www.gamegenic.com\/wp-content\/uploads\/Gamegenic-Logo-FINAL.jpg","contentUrl":"https:\/\/www.gamegenic.com\/wp-content\/uploads\/Gamegenic-Logo-FINAL.jpg","width":3507,"height":2480,"caption":"Gamegenic GmbH"},"image":{"@id":"https:\/\/www.gamegenic.com\/de\/#\/schema\/logo\/image\/"},"sameAs":["https:\/\/www.facebook.com\/GamegenicSupplies\/","https:\/\/x.com\/Gamegenic_","https:\/\/www.instagram.com\/gamegenicsupplies\/","https:\/\/www.youtube.com\/channel\/UCgmMXQPjjWW-Zy9ceMH6oGw"]}]}},"_links":{"self":[{"href":"https:\/\/www.gamegenic.com\/de\/wp-json\/wp\/v2\/product\/10706","targetHints":{"allow":["GET"]}}],"collection":[{"href":"https:\/\/www.gamegenic.com\/de\/wp-json\/wp\/v2\/product"}],"about":[{"href":"https:\/\/www.gamegenic.com\/de\/wp-json\/wp\/v2\/types\/product"}],"wp:featuredmedia":[{"embeddable":true,"href":"https:\/\/www.gamegenic.com\/de\/wp-json\/wp\/v2\/media\/50590"}],"wp:attachment":[{"href":"https:\/\/www.gamegenic.com\/de\/wp-json\/wp\/v2\/media?parent=10706"}],"wp:term":[{"taxonomy":"product_brand","embeddable":true,"href":"https:\/\/www.gamegenic.com\/de\/wp-json\/wp\/v2\/product_brand?post=10706"},{"taxonomy":"product_cat","embeddable":true,"href":"https:\/\/www.gamegenic.com\/de\/wp-json\/wp\/v2\/product_cat?post=10706"},{"taxonomy":"product_tag","embeddable":true,"href":"https:\/\/www.gamegenic.com\/de\/wp-json\/wp\/v2\/product_tag?post=10706"}],"curies":[{"name":"wp","href":"https:\/\/api.w.org\/{rel}","templated":true}]}}