{"id":10591,"date":"2021-07-14T16:20:34","date_gmt":"2021-07-14T14:20:34","guid":{"rendered":"https:\/\/www.gamegenic.com\/product\/ticket-to-ride-art-sleeves\/"},"modified":"2025-07-11T10:44:06","modified_gmt":"2025-07-11T08:44:06","slug":"ticket-to-ride-art-sleeves","status":"publish","type":"product","link":"https:\/\/www.gamegenic.com\/de\/produkt\/ticket-to-ride-art-sleeves\/","title":{"rendered":"TICKET TO RIDE\u00ae<br \/>ART SLEEVES"},"content":{"rendered":"<div class=\"fusion-fullwidth fullwidth-box fusion-builder-row-1 nonhundred-percent-fullwidth non-hundred-percent-height-scrolling gg-summary gg-position\" style=\"--awb-border-radius-top-left:0px;--awb-border-radius-top-right:0px;--awb-border-radius-bottom-right:0px;--awb-border-radius-bottom-left:0px;--awb-flex-wrap:wrap;\" id=\"gg-anker\" ><div class=\"fusion-builder-row fusion-row\"><div class=\"fusion-layout-column fusion_builder_column fusion-builder-column-0 fusion_builder_column_1_2 1_2 fusion-one-half fusion-column-first gg-features\" style=\"--awb-bg-size:cover;width:50%;width:calc(50% - ( ( 60px ) * 0.5 ) );margin-right: 60px;\"><div class=\"fusion-column-wrapper fusion-column-has-shadow fusion-flex-column-wrapper-legacy\"><div class=\"fusion-text fusion-text-1\"><h2>FEATURES<\/h2>\n<ul>\n<li>Offizielle Art Sleeves<\/li>\n<li>Alles in einer Verpackung: Komplettes Set aus <strong>152<\/strong> H\u00fcllen f\u00fcr alle Karten von Zug um Zug\u2122 (extra H\u00fcllen inbegriffen)<\/li>\n<li>Werte dein Spiel auf: Speziell designte Art Sleeves mit einzigartigen Illustrationen sorgen f\u00fcr ein neues Erscheinungsbild und Gef\u00fchl beim Spielen<\/li>\n<li><strong>Premiumschutz:<\/strong> H\u00fcllen sch\u00fctzen vor verbogenen Ecken, Kratzern und anderen Sch\u00e4den durch Mischen<\/li>\n<li>Matte Vorder- und R\u00fcckseite f\u00fcr leichte Lesbarkeit ohne Reflexionen und ein gro\u00dfartiges Mischverhalten<\/li>\n<li>Robuste Schwei\u00dfn\u00e4hte f\u00fcr optimale Langlebigkeit<\/li>\n<li>S\u00e4urefrei, kein PVC<\/li>\n<\/ul>\n<\/div><div class=\"fusion-clearfix\"><\/div><\/div><\/div><div class=\"fusion-layout-column fusion_builder_column fusion-builder-column-1 fusion_builder_column_1_2 1_2 fusion-one-half fusion-column-last\" style=\"--awb-bg-size:cover;width:50%;width:calc(50% - ( ( 60px ) * 0.5 ) );\"><div class=\"fusion-column-wrapper fusion-column-has-shadow fusion-flex-column-wrapper-legacy\">\n<h2>SPEZIFIKATIONEN<\/h2>\n<div class=\"table-2\">\n<table>\n<tbody>\n<tr>\n<td>Sleeve Gr\u00f6\u00dfe<\/td>\n<td>46 x 70 mm<\/td>\n<\/tr>\n<tr>\n<td style=\"vertical-align: top;\">Material<\/td>\n<td align=\"left\">Polypropylen<\/td>\n<\/tr>\n<tr>\n<td class=\"textontop\">Menge pro Packung<\/td>\n<td align=\"left\">114 Zug-Sleeves<br \/>\n34 Ticket-Sleeves<br \/>\n+4 transparente, matte<br \/>\nPremium-Sleeves<\/td>\n<\/tr>\n<tr>\n<td>Verpackungsart<\/td>\n<td>Fensterkarton<\/td>\n<\/tr>\n<\/tbody>\n<\/table>\n<\/div>\n<h2 style=\"margin-top:60px\">UPE<i data-tooltip=\"\u00dcber diese Webseite k\u00f6nnen keine K\u00e4ufe get\u00e4tigt werden. Alle aufgef\u00fchrten Preise sind UPE (Unverbindliche Preisempfehlung) des Herstellers in EUR (inkl. MwSt.) oder USD (ohne MwSt.). M\u00f6glicherweise anfallende Lieferkosten sind nicht enthalten. Die angegebenen Preise sind nicht bindend und k\u00f6nnen als Empfehlung behandelt werden.\" class=\"fas fa-info-circle gg-tooltip\">\uf05a<\/i><\/h2>\n<form action=\"\" method=\"post\" id=\"alg_currency_selector\"><select name=\"alg_currency\" id=\"alg_currency_select\" class=\"alg_currency_select\" onchange=\"this.form.submit()\"><option id=\"alg_currency_USD\" value=\"USD\" >USD<\/option><option id=\"alg_currency_EUR\" value=\"EUR\"  selected='selected'>EUR<\/option><option id=\"alg_currency_CAD\" value=\"CAD\" >U.S.-USD<\/option><\/select><noscript><input type=\"submit\" value=\"Refresh\"><\/noscript><\/form>\n<span class=\"woocommerce-Price-amount amount\"><bdi><span class=\"woocommerce-Price-currencySymbol\">EUR<\/span>&nbsp;17,99<\/bdi><\/span>\n\n<\/p>\n<div class=\"fusion-alignleft\"><a class=\"fusion-button button-flat fusion-button-default-size button-default fusion-button-default button-1 fusion-button-default-span fusion-button-default-type shopfinder-button\" target=\"_blank\" rel=\"noopener noreferrer\" href=\"https:\/\/www.gamegenic.com\/de\/shopfinder\/\"><i class=\"fa-globe-americas fas awb-button__icon awb-button__icon--default button-icon-left\" aria-hidden=\"true\"><\/i><span class=\"fusion-button-text awb-button__text awb-button__text--default\">Shop Suche<\/span><\/a><\/div>\n<\/p>\n<div class=\"fusion-clearfix\"><\/div><\/div><\/div><\/div><\/div>\n","protected":false},"excerpt":{"rendered":"<p>Werte dein Spiel auf! Die ersten offiziellen Zug um Zug\u2122 Premium Art Sleeves sch\u00fctzen deine Spielkarten und kleiden sie in ein exklusives neues Design.<br \/>\nDie Reise beginnt mit der qualitativ hochwertigen Verpackung der Art Sleeves, die zu dem Originaldesign der Spielverpackung passt. So ist sofort erkennbar, dass das Spiel und die H\u00fcllen zusammengeh\u00f6ren. Die hochwertigen, mattierten und offiziell lizenzierten Art-Sleeves wurden speziell f\u00fcr die originalen Zug um Zug\u2122-Spielkarten entworfen. Die Gr\u00f6\u00dfe der Kartenh\u00fcllen ist f\u00fcr die Karten der Standard-Edition des Spiels optimiert. Ein All-in-one-Paket enth\u00e4lt 114 Zug-Sleeves, 34 Ticket-Sleeves, 4 transparente Sleeves sowie Extra-Sleeves!<\/p>\n","protected":false},"featured_media":10352,"template":"","meta":[],"product_brand":[],"product_cat":[358,273,278,262],"product_tag":[],"class_list":{"0":"post-10591","1":"product","2":"type-product","3":"status-publish","4":"has-post-thumbnail","6":"product_cat-card-sleeves-de","7":"product_cat-license-de","8":"product_cat-ticket-to-ride-de","9":"product_cat-ticket-to-ride-art-sleeves-de","11":"first","12":"instock","13":"shipping-taxable","14":"purchasable","15":"product-type-variable","16":"has-default-attributes","17":"wvs-archive-product-wrapper"},"yoast_head":"<!-- This site is optimized with the Yoast SEO plugin v27.3 - https:\/\/yoast.com\/product\/yoast-seo-wordpress\/ -->\n<title>TICKET TO RIDE\u00aeART SLEEVES - GAMEGENIC - Ingenious Supplies<\/title>\n<meta name=\"description\" content=\"Werte dein Spiel auf! Die ersten offiziellen Zug um Zug\u2122-Premium-Art-Sleeves sch\u00fctzen deine Spielkarten und kleiden sie in ein exklusives neues Design.\" \/>\n<meta name=\"robots\" content=\"index, follow, max-snippet:-1, max-image-preview:large, max-video-preview:-1\" \/>\n<link rel=\"canonical\" href=\"https:\/\/www.gamegenic.com\/de\/produkt\/ticket-to-ride-art-sleeves\/\" \/>\n<meta property=\"og:locale\" content=\"de_DE\" \/>\n<meta property=\"og:type\" content=\"article\" \/>\n<meta property=\"og:title\" content=\"Ticket to Ride\u00ae Art Sleeves\" \/>\n<meta property=\"og:description\" content=\"Werte dein Spiel auf! Die ersten offiziellen Zug um Zug\u2122 Premium Art Sleeves sch\u00fctzen deine Spielkarten und kleiden sie in ein exklusives neues Design. Die Reise beginnt mit der qualitativ hochwertigen Verpackung der Art Sleeves, die zu dem Originaldesign der Spielverpackung passt. So ist sofort erkennbar, dass das Spiel und die H\u00fcllen zusammengeh\u00f6ren. Die hochwertigen, mattierten und offiziell lizenzierten Art-Sleeves wurden speziell f\u00fcr die originalen Zug um Zug\u2122-Spielkarten entworfen. Die Gr\u00f6\u00dfe der Kartenh\u00fcllen ist f\u00fcr die Karten der Standard-Edition des Spiels optimiert. Ein All-in-one-Paket enth\u00e4lt 114 Zug-Sleeves, 34 Ticket-Sleeves, 4 transparente Sleeves sowie Extra-Sleeves!\" \/>\n<meta property=\"og:url\" content=\"https:\/\/www.gamegenic.com\/de\/produkt\/ticket-to-ride-art-sleeves\/\" \/>\n<meta property=\"og:site_name\" content=\"GAMEGENIC - Ingenious Supplies\" \/>\n<meta property=\"article:publisher\" content=\"https:\/\/www.facebook.com\/GamegenicSupplies\/\" \/>\n<meta property=\"article:modified_time\" content=\"2025-07-11T08:44:06+00:00\" \/>\n<meta property=\"og:image\" content=\"https:\/\/www.gamegenic.com\/wp-content\/uploads\/2021\/07\/fb-ticket2ride_qm8fsW1Hh.jpg\" \/>\n<meta name=\"twitter:card\" content=\"summary_large_image\" \/>\n<meta name=\"twitter:title\" content=\"Ticket to Ride\u00ae Art Sleeves\" \/>\n<meta name=\"twitter:description\" content=\"Werte dein Spiel auf! Die ersten offiziellen Zug um Zug\u2122 Premium Art Sleeves sch\u00fctzen deine Spielkarten und kleiden sie in ein exklusives neues Design. Die Reise beginnt mit der qualitativ hochwertigen Verpackung der Art Sleeves, die zu dem Originaldesign der Spielverpackung passt. So ist sofort erkennbar, dass das Spiel und die H\u00fcllen zusammengeh\u00f6ren. Die hochwertigen, mattierten und offiziell lizenzierten Art-Sleeves wurden speziell f\u00fcr die originalen Zug um Zug\u2122-Spielkarten entworfen. Die Gr\u00f6\u00dfe der Kartenh\u00fcllen ist f\u00fcr die Karten der Standard-Edition des Spiels optimiert. Ein All-in-one-Paket enth\u00e4lt 114 Zug-Sleeves, 34 Ticket-Sleeves, 4 transparente Sleeves sowie Extra-Sleeves!\" \/>\n<meta name=\"twitter:image\" content=\"https:\/\/www.gamegenic.com\/wp-content\/uploads\/2021\/07\/fb-ticket2ride_qm8fsW1Hh.jpg\" \/>\n<meta name=\"twitter:site\" content=\"@Gamegenic_\" \/>\n<meta name=\"twitter:label1\" content=\"Gesch\u00e4tzte Lesezeit\" \/>\n\t<meta name=\"twitter:data1\" content=\"1\u00a0Minute\" \/>\n<script type=\"application\/ld+json\" class=\"yoast-schema-graph\">{\"@context\":\"https:\\\/\\\/schema.org\",\"@graph\":[{\"@type\":\"WebPage\",\"@id\":\"https:\\\/\\\/www.gamegenic.com\\\/de\\\/produkt\\\/ticket-to-ride-art-sleeves\\\/\",\"url\":\"https:\\\/\\\/www.gamegenic.com\\\/de\\\/produkt\\\/ticket-to-ride-art-sleeves\\\/\",\"name\":\"TICKET TO RIDE\u00ae ART SLEEVES - GAMEGENIC - Ingenious Supplies\",\"isPartOf\":{\"@id\":\"https:\\\/\\\/www.gamegenic.com\\\/de\\\/#website\"},\"primaryImageOfPage\":{\"@id\":\"https:\\\/\\\/www.gamegenic.com\\\/de\\\/produkt\\\/ticket-to-ride-art-sleeves\\\/#primaryimage\"},\"image\":{\"@id\":\"https:\\\/\\\/www.gamegenic.com\\\/de\\\/produkt\\\/ticket-to-ride-art-sleeves\\\/#primaryimage\"},\"thumbnailUrl\":\"https:\\\/\\\/www.gamegenic.com\\\/wp-content\\\/uploads\\\/2021\\\/07\\\/GG_T2R_US_Sleeves_0001_vBzIh783l.jpg\",\"datePublished\":\"2021-07-14T14:20:34+00:00\",\"dateModified\":\"2025-07-11T08:44:06+00:00\",\"description\":\"Werte dein Spiel auf! Die ersten offiziellen Zug um Zug\u2122-Premium-Art-Sleeves sch\u00fctzen deine Spielkarten und kleiden sie in ein exklusives neues Design.\",\"breadcrumb\":{\"@id\":\"https:\\\/\\\/www.gamegenic.com\\\/de\\\/produkt\\\/ticket-to-ride-art-sleeves\\\/#breadcrumb\"},\"inLanguage\":\"de\",\"potentialAction\":[{\"@type\":\"ReadAction\",\"target\":[\"https:\\\/\\\/www.gamegenic.com\\\/de\\\/produkt\\\/ticket-to-ride-art-sleeves\\\/\"]}]},{\"@type\":\"ImageObject\",\"inLanguage\":\"de\",\"@id\":\"https:\\\/\\\/www.gamegenic.com\\\/de\\\/produkt\\\/ticket-to-ride-art-sleeves\\\/#primaryimage\",\"url\":\"https:\\\/\\\/www.gamegenic.com\\\/wp-content\\\/uploads\\\/2021\\\/07\\\/GG_T2R_US_Sleeves_0001_vBzIh783l.jpg\",\"contentUrl\":\"https:\\\/\\\/www.gamegenic.com\\\/wp-content\\\/uploads\\\/2021\\\/07\\\/GG_T2R_US_Sleeves_0001_vBzIh783l.jpg\",\"width\":900,\"height\":900,\"caption\":\"Ticket to Ride Sleeves\"},{\"@type\":\"BreadcrumbList\",\"@id\":\"https:\\\/\\\/www.gamegenic.com\\\/de\\\/produkt\\\/ticket-to-ride-art-sleeves\\\/#breadcrumb\",\"itemListElement\":[{\"@type\":\"ListItem\",\"position\":1,\"name\":\"Home\",\"item\":\"https:\\\/\\\/www.gamegenic.com\\\/de\\\/\"},{\"@type\":\"ListItem\",\"position\":2,\"name\":\"Shop\",\"item\":\"https:\\\/\\\/www.gamegenic.com\\\/de\\\/shop\\\/\"},{\"@type\":\"ListItem\",\"position\":3,\"name\":\"TICKET TO RIDE\u00aeART SLEEVES\"}]},{\"@type\":\"WebSite\",\"@id\":\"https:\\\/\\\/www.gamegenic.com\\\/de\\\/#website\",\"url\":\"https:\\\/\\\/www.gamegenic.com\\\/de\\\/\",\"name\":\"GAMEGENIC - Ingenious Supplies\",\"description\":\"\",\"publisher\":{\"@id\":\"https:\\\/\\\/www.gamegenic.com\\\/de\\\/#organization\"},\"potentialAction\":[{\"@type\":\"SearchAction\",\"target\":{\"@type\":\"EntryPoint\",\"urlTemplate\":\"https:\\\/\\\/www.gamegenic.com\\\/de\\\/?s={search_term_string}\"},\"query-input\":{\"@type\":\"PropertyValueSpecification\",\"valueRequired\":true,\"valueName\":\"search_term_string\"}}],\"inLanguage\":\"de\"},{\"@type\":\"Organization\",\"@id\":\"https:\\\/\\\/www.gamegenic.com\\\/de\\\/#organization\",\"name\":\"Gamegenic GmbH\",\"url\":\"https:\\\/\\\/www.gamegenic.com\\\/de\\\/\",\"logo\":{\"@type\":\"ImageObject\",\"inLanguage\":\"de\",\"@id\":\"https:\\\/\\\/www.gamegenic.com\\\/de\\\/#\\\/schema\\\/logo\\\/image\\\/\",\"url\":\"https:\\\/\\\/www.gamegenic.com\\\/wp-content\\\/uploads\\\/Gamegenic-Logo-FINAL.jpg\",\"contentUrl\":\"https:\\\/\\\/www.gamegenic.com\\\/wp-content\\\/uploads\\\/Gamegenic-Logo-FINAL.jpg\",\"width\":3507,\"height\":2480,\"caption\":\"Gamegenic GmbH\"},\"image\":{\"@id\":\"https:\\\/\\\/www.gamegenic.com\\\/de\\\/#\\\/schema\\\/logo\\\/image\\\/\"},\"sameAs\":[\"https:\\\/\\\/www.facebook.com\\\/GamegenicSupplies\\\/\",\"https:\\\/\\\/x.com\\\/Gamegenic_\",\"https:\\\/\\\/www.instagram.com\\\/gamegenicsupplies\\\/\",\"https:\\\/\\\/www.youtube.com\\\/channel\\\/UCgmMXQPjjWW-Zy9ceMH6oGw\"]}]}<\/script>\n<!-- \/ Yoast SEO plugin. -->","yoast_head_json":{"title":"TICKET TO RIDE\u00aeART SLEEVES - GAMEGENIC - Ingenious Supplies","description":"Werte dein Spiel auf! Die ersten offiziellen Zug um Zug\u2122-Premium-Art-Sleeves sch\u00fctzen deine Spielkarten und kleiden sie in ein exklusives neues Design.","robots":{"index":"index","follow":"follow","max-snippet":"max-snippet:-1","max-image-preview":"max-image-preview:large","max-video-preview":"max-video-preview:-1"},"canonical":"https:\/\/www.gamegenic.com\/de\/produkt\/ticket-to-ride-art-sleeves\/","og_locale":"de_DE","og_type":"article","og_title":"Ticket to Ride\u00ae Art Sleeves","og_description":"Werte dein Spiel auf! Die ersten offiziellen Zug um Zug\u2122 Premium Art Sleeves sch\u00fctzen deine Spielkarten und kleiden sie in ein exklusives neues Design. Die Reise beginnt mit der qualitativ hochwertigen Verpackung der Art Sleeves, die zu dem Originaldesign der Spielverpackung passt. So ist sofort erkennbar, dass das Spiel und die H\u00fcllen zusammengeh\u00f6ren. Die hochwertigen, mattierten und offiziell lizenzierten Art-Sleeves wurden speziell f\u00fcr die originalen Zug um Zug\u2122-Spielkarten entworfen. Die Gr\u00f6\u00dfe der Kartenh\u00fcllen ist f\u00fcr die Karten der Standard-Edition des Spiels optimiert. Ein All-in-one-Paket enth\u00e4lt 114 Zug-Sleeves, 34 Ticket-Sleeves, 4 transparente Sleeves sowie Extra-Sleeves!","og_url":"https:\/\/www.gamegenic.com\/de\/produkt\/ticket-to-ride-art-sleeves\/","og_site_name":"GAMEGENIC - Ingenious Supplies","article_publisher":"https:\/\/www.facebook.com\/GamegenicSupplies\/","article_modified_time":"2025-07-11T08:44:06+00:00","og_image":[{"url":"https:\/\/www.gamegenic.com\/wp-content\/uploads\/2021\/07\/fb-ticket2ride_qm8fsW1Hh.jpg","type":"","width":"","height":""}],"twitter_card":"summary_large_image","twitter_title":"Ticket to Ride\u00ae Art Sleeves","twitter_description":"Werte dein Spiel auf! Die ersten offiziellen Zug um Zug\u2122 Premium Art Sleeves sch\u00fctzen deine Spielkarten und kleiden sie in ein exklusives neues Design. Die Reise beginnt mit der qualitativ hochwertigen Verpackung der Art Sleeves, die zu dem Originaldesign der Spielverpackung passt. So ist sofort erkennbar, dass das Spiel und die H\u00fcllen zusammengeh\u00f6ren. Die hochwertigen, mattierten und offiziell lizenzierten Art-Sleeves wurden speziell f\u00fcr die originalen Zug um Zug\u2122-Spielkarten entworfen. Die Gr\u00f6\u00dfe der Kartenh\u00fcllen ist f\u00fcr die Karten der Standard-Edition des Spiels optimiert. Ein All-in-one-Paket enth\u00e4lt 114 Zug-Sleeves, 34 Ticket-Sleeves, 4 transparente Sleeves sowie Extra-Sleeves!","twitter_image":"https:\/\/www.gamegenic.com\/wp-content\/uploads\/2021\/07\/fb-ticket2ride_qm8fsW1Hh.jpg","twitter_site":"@Gamegenic_","twitter_misc":{"Gesch\u00e4tzte Lesezeit":"1\u00a0Minute"},"schema":{"@context":"https:\/\/schema.org","@graph":[{"@type":"WebPage","@id":"https:\/\/www.gamegenic.com\/de\/produkt\/ticket-to-ride-art-sleeves\/","url":"https:\/\/www.gamegenic.com\/de\/produkt\/ticket-to-ride-art-sleeves\/","name":"TICKET TO RIDE\u00ae ART SLEEVES - GAMEGENIC - Ingenious Supplies","isPartOf":{"@id":"https:\/\/www.gamegenic.com\/de\/#website"},"primaryImageOfPage":{"@id":"https:\/\/www.gamegenic.com\/de\/produkt\/ticket-to-ride-art-sleeves\/#primaryimage"},"image":{"@id":"https:\/\/www.gamegenic.com\/de\/produkt\/ticket-to-ride-art-sleeves\/#primaryimage"},"thumbnailUrl":"https:\/\/www.gamegenic.com\/wp-content\/uploads\/2021\/07\/GG_T2R_US_Sleeves_0001_vBzIh783l.jpg","datePublished":"2021-07-14T14:20:34+00:00","dateModified":"2025-07-11T08:44:06+00:00","description":"Werte dein Spiel auf! Die ersten offiziellen Zug um Zug\u2122-Premium-Art-Sleeves sch\u00fctzen deine Spielkarten und kleiden sie in ein exklusives neues Design.","breadcrumb":{"@id":"https:\/\/www.gamegenic.com\/de\/produkt\/ticket-to-ride-art-sleeves\/#breadcrumb"},"inLanguage":"de","potentialAction":[{"@type":"ReadAction","target":["https:\/\/www.gamegenic.com\/de\/produkt\/ticket-to-ride-art-sleeves\/"]}]},{"@type":"ImageObject","inLanguage":"de","@id":"https:\/\/www.gamegenic.com\/de\/produkt\/ticket-to-ride-art-sleeves\/#primaryimage","url":"https:\/\/www.gamegenic.com\/wp-content\/uploads\/2021\/07\/GG_T2R_US_Sleeves_0001_vBzIh783l.jpg","contentUrl":"https:\/\/www.gamegenic.com\/wp-content\/uploads\/2021\/07\/GG_T2R_US_Sleeves_0001_vBzIh783l.jpg","width":900,"height":900,"caption":"Ticket to Ride Sleeves"},{"@type":"BreadcrumbList","@id":"https:\/\/www.gamegenic.com\/de\/produkt\/ticket-to-ride-art-sleeves\/#breadcrumb","itemListElement":[{"@type":"ListItem","position":1,"name":"Home","item":"https:\/\/www.gamegenic.com\/de\/"},{"@type":"ListItem","position":2,"name":"Shop","item":"https:\/\/www.gamegenic.com\/de\/shop\/"},{"@type":"ListItem","position":3,"name":"TICKET TO RIDE\u00aeART SLEEVES"}]},{"@type":"WebSite","@id":"https:\/\/www.gamegenic.com\/de\/#website","url":"https:\/\/www.gamegenic.com\/de\/","name":"GAMEGENIC - Ingenious Supplies","description":"","publisher":{"@id":"https:\/\/www.gamegenic.com\/de\/#organization"},"potentialAction":[{"@type":"SearchAction","target":{"@type":"EntryPoint","urlTemplate":"https:\/\/www.gamegenic.com\/de\/?s={search_term_string}"},"query-input":{"@type":"PropertyValueSpecification","valueRequired":true,"valueName":"search_term_string"}}],"inLanguage":"de"},{"@type":"Organization","@id":"https:\/\/www.gamegenic.com\/de\/#organization","name":"Gamegenic GmbH","url":"https:\/\/www.gamegenic.com\/de\/","logo":{"@type":"ImageObject","inLanguage":"de","@id":"https:\/\/www.gamegenic.com\/de\/#\/schema\/logo\/image\/","url":"https:\/\/www.gamegenic.com\/wp-content\/uploads\/Gamegenic-Logo-FINAL.jpg","contentUrl":"https:\/\/www.gamegenic.com\/wp-content\/uploads\/Gamegenic-Logo-FINAL.jpg","width":3507,"height":2480,"caption":"Gamegenic GmbH"},"image":{"@id":"https:\/\/www.gamegenic.com\/de\/#\/schema\/logo\/image\/"},"sameAs":["https:\/\/www.facebook.com\/GamegenicSupplies\/","https:\/\/x.com\/Gamegenic_","https:\/\/www.instagram.com\/gamegenicsupplies\/","https:\/\/www.youtube.com\/channel\/UCgmMXQPjjWW-Zy9ceMH6oGw"]}]}},"_links":{"self":[{"href":"https:\/\/www.gamegenic.com\/de\/wp-json\/wp\/v2\/product\/10591","targetHints":{"allow":["GET"]}}],"collection":[{"href":"https:\/\/www.gamegenic.com\/de\/wp-json\/wp\/v2\/product"}],"about":[{"href":"https:\/\/www.gamegenic.com\/de\/wp-json\/wp\/v2\/types\/product"}],"wp:featuredmedia":[{"embeddable":true,"href":"https:\/\/www.gamegenic.com\/de\/wp-json\/wp\/v2\/media\/10352"}],"wp:attachment":[{"href":"https:\/\/www.gamegenic.com\/de\/wp-json\/wp\/v2\/media?parent=10591"}],"wp:term":[{"taxonomy":"product_brand","embeddable":true,"href":"https:\/\/www.gamegenic.com\/de\/wp-json\/wp\/v2\/product_brand?post=10591"},{"taxonomy":"product_cat","embeddable":true,"href":"https:\/\/www.gamegenic.com\/de\/wp-json\/wp\/v2\/product_cat?post=10591"},{"taxonomy":"product_tag","embeddable":true,"href":"https:\/\/www.gamegenic.com\/de\/wp-json\/wp\/v2\/product_tag?post=10591"}],"curies":[{"name":"wp","href":"https:\/\/api.w.org\/{rel}","templated":true}]}}